{"id":1024,"date":"2022-03-03T22:41:04","date_gmt":"2022-03-03T22:41:04","guid":{"rendered":"http:\/\/coelloglobal.com\/?page_id=1024"},"modified":"2023-10-11T15:36:26","modified_gmt":"2023-10-11T15:36:26","slug":"local-en-venta-peluqueria","status":"publish","type":"page","link":"https:\/\/coelloglobal.com\/index.php\/local-en-venta-peluqueria\/","title":{"rendered":"Local en venta &#8211; Peluquer\u00eda 118.000 \u20ac Ref: CG 0017"},"content":{"rendered":"\n<p> Local en venta &#8211; Peluquer\u00eda 30 m2 C\/ Piquer &#8211; 118.000 \u20ac<\/p>\n\n\n\n<div id=\"wp-block-themeisle-blocks-slider-a5402f9b\" class=\"wp-block-themeisle-blocks-slider glide\" data-per-view=\"1\" data-gap=\"0\" data-peek=\"0\" data-autoplay=\"true\" data-height=\"400px\"><div class=\"glide__track\" data-glide-el=\"track\"><div class=\"glide__slides\"><div class=\"wp-block-themeisle-blocks-slider-item-wrapper glide__slide\" tabindex=\"0\"><figure><img decoding=\"async\" class=\"wp-block-themeisle-blocks-slider-item\" src=\"http:\/\/coelloglobal.com\/wp-content\/uploads\/2022\/03\/WhatsApp-Image-2022-02-24-at-17.55.11-7.jpeg\" alt=\"\" title=\"\" data-id=\"1177\"\/><\/figure><\/div><div class=\"wp-block-themeisle-blocks-slider-item-wrapper glide__slide\" tabindex=\"0\"><figure><img decoding=\"async\" class=\"wp-block-themeisle-blocks-slider-item\" src=\"http:\/\/coelloglobal.com\/wp-content\/uploads\/2022\/03\/WhatsApp-Image-2022-02-24-at-17.55.13-1-6.jpeg\" alt=\"\" title=\"\" data-id=\"1179\"\/><\/figure><\/div><div class=\"wp-block-themeisle-blocks-slider-item-wrapper glide__slide\" tabindex=\"0\"><figure><img decoding=\"async\" class=\"wp-block-themeisle-blocks-slider-item\" src=\"http:\/\/coelloglobal.com\/wp-content\/uploads\/2022\/03\/WhatsApp-Image-2022-02-24-at-17.55.13-2-6.jpeg\" alt=\"\" title=\"\" data-id=\"1181\"\/><\/figure><\/div><div class=\"wp-block-themeisle-blocks-slider-item-wrapper glide__slide\" tabindex=\"0\"><figure><img decoding=\"async\" class=\"wp-block-themeisle-blocks-slider-item\" src=\"http:\/\/coelloglobal.com\/wp-content\/uploads\/2022\/03\/WhatsApp-Image-2022-02-24-at-17.55.13-3-4.jpeg\" alt=\"\" title=\"\" data-id=\"1183\"\/><\/figure><\/div><div class=\"wp-block-themeisle-blocks-slider-item-wrapper glide__slide\" tabindex=\"0\"><figure><img decoding=\"async\" class=\"wp-block-themeisle-blocks-slider-item\" src=\"http:\/\/coelloglobal.com\/wp-content\/uploads\/2022\/03\/WhatsApp-Image-2022-02-24-at-17.55.13-7.jpeg\" alt=\"\" title=\"\" data-id=\"1185\"\/><\/figure><\/div><div class=\"wp-block-themeisle-blocks-slider-item-wrapper glide__slide\" tabindex=\"0\"><figure><img decoding=\"async\" class=\"wp-block-themeisle-blocks-slider-item\" src=\"http:\/\/coelloglobal.com\/wp-content\/uploads\/2022\/03\/WhatsApp-Image-2022-02-24-at-17.55.14-1-3.jpeg\" alt=\"\" title=\"\" data-id=\"1187\"\/><\/figure><\/div><div class=\"wp-block-themeisle-blocks-slider-item-wrapper glide__slide\" tabindex=\"0\"><figure><img decoding=\"async\" class=\"wp-block-themeisle-blocks-slider-item\" src=\"http:\/\/coelloglobal.com\/wp-content\/uploads\/2022\/03\/WhatsApp-Image-2022-02-24-at-17.55.14-2-3.jpeg\" alt=\"\" title=\"\" data-id=\"1189\"\/><\/figure><\/div><div class=\"wp-block-themeisle-blocks-slider-item-wrapper glide__slide\" tabindex=\"0\"><figure><img decoding=\"async\" class=\"wp-block-themeisle-blocks-slider-item\" src=\"blob:http:\/\/coelloglobal.com\/f4208d31-2f5f-419f-922c-45383e366b36\"\/><\/figure><\/div><div class=\"wp-block-themeisle-blocks-slider-item-wrapper glide__slide\" tabindex=\"0\"><figure><img decoding=\"async\" class=\"wp-block-themeisle-blocks-slider-item\" src=\"blob:http:\/\/coelloglobal.com\/522e240f-dcf5-4e5d-8d40-fa8fd10cd641\"\/><\/figure><\/div><div class=\"wp-block-themeisle-blocks-slider-item-wrapper glide__slide\" tabindex=\"0\"><figure><img decoding=\"async\" class=\"wp-block-themeisle-blocks-slider-item\" src=\"blob:http:\/\/coelloglobal.com\/96bf4bf9-9b9b-4c55-8697-54be5cd651b3\"\/><\/figure><\/div><div class=\"wp-block-themeisle-blocks-slider-item-wrapper glide__slide\" tabindex=\"0\"><figure><img decoding=\"async\" class=\"wp-block-themeisle-blocks-slider-item\" src=\"blob:http:\/\/coelloglobal.com\/27f40121-73ab-4d20-9663-61b84eec0710\"\/><\/figure><\/div><div class=\"wp-block-themeisle-blocks-slider-item-wrapper glide__slide\" tabindex=\"0\"><figure><img decoding=\"async\" class=\"wp-block-themeisle-blocks-slider-item\" src=\"blob:http:\/\/coelloglobal.com\/8c10414e-6524-44b8-acf8-63eca44fbf00\"\/><\/figure><\/div><div class=\"wp-block-themeisle-blocks-slider-item-wrapper glide__slide\" tabindex=\"0\"><figure><img decoding=\"async\" class=\"wp-block-themeisle-blocks-slider-item\" src=\"blob:http:\/\/coelloglobal.com\/206be21f-d721-4583-af4a-8948779daec8\"\/><\/figure><\/div><div class=\"wp-block-themeisle-blocks-slider-item-wrapper glide__slide\" tabindex=\"0\"><figure><img decoding=\"async\" class=\"wp-block-themeisle-blocks-slider-item\" src=\"blob:http:\/\/coelloglobal.com\/d77c1ceb-5cae-4cd5-be86-2c8d89323e6b\"\/><\/figure><\/div><div class=\"wp-block-themeisle-blocks-slider-item-wrapper glide__slide\" tabindex=\"0\"><figure><img decoding=\"async\" class=\"wp-block-themeisle-blocks-slider-item\" src=\"blob:http:\/\/coelloglobal.com\/a386953d-f36a-4aad-a016-2ca83c8e14d0\"\/><\/figure><\/div><div class=\"wp-block-themeisle-blocks-slider-item-wrapper glide__slide\" tabindex=\"0\"><figure><img decoding=\"async\" class=\"wp-block-themeisle-blocks-slider-item\" src=\"blob:http:\/\/coelloglobal.com\/3c2369e7-6063-4979-a2bf-0ca13f7f4019\"\/><\/figure><\/div><div class=\"wp-block-themeisle-blocks-slider-item-wrapper glide__slide\" tabindex=\"0\"><figure><img decoding=\"async\" class=\"wp-block-themeisle-blocks-slider-item\" src=\"blob:http:\/\/coelloglobal.com\/fbad9ed0-11bf-4863-a704-8b37d99eb562\"\/><\/figure><\/div><div class=\"wp-block-themeisle-blocks-slider-item-wrapper glide__slide\" tabindex=\"0\"><figure><img decoding=\"async\" class=\"wp-block-themeisle-blocks-slider-item\" src=\"blob:http:\/\/coelloglobal.com\/deb8df4b-9f99-4247-80c5-894b8b1bb73f\"\/><\/figure><\/div><div class=\"wp-block-themeisle-blocks-slider-item-wrapper glide__slide\" tabindex=\"0\"><figure><img decoding=\"async\" class=\"wp-block-themeisle-blocks-slider-item\" src=\"blob:http:\/\/coelloglobal.com\/1b89d490-8ab2-4820-82b5-b650380b43f7\"\/><\/figure><\/div><div class=\"wp-block-themeisle-blocks-slider-item-wrapper glide__slide\" tabindex=\"0\"><figure><img decoding=\"async\" class=\"wp-block-themeisle-blocks-slider-item\" src=\"blob:http:\/\/coelloglobal.com\/1cf4c57a-4324-43b8-90ac-b7d8b8006b4b\"\/><\/figure><\/div><div class=\"wp-block-themeisle-blocks-slider-item-wrapper glide__slide\" tabindex=\"0\"><figure><img decoding=\"async\" class=\"wp-block-themeisle-blocks-slider-item\" src=\"blob:http:\/\/coelloglobal.com\/baef4e6f-06af-40ba-a17f-002c070d271a\"\/><\/figure><\/div><div class=\"wp-block-themeisle-blocks-slider-item-wrapper glide__slide\" tabindex=\"0\"><figure><img decoding=\"async\" class=\"wp-block-themeisle-blocks-slider-item\" src=\"blob:http:\/\/coelloglobal.com\/bb975784-fe08-43e5-a7c0-1fc62efd495c\"\/><\/figure><\/div><div class=\"wp-block-themeisle-blocks-slider-item-wrapper glide__slide\" tabindex=\"0\"><figure><img decoding=\"async\" class=\"wp-block-themeisle-blocks-slider-item\" src=\"blob:http:\/\/coelloglobal.com\/cfd5f40b-ac0f-45e3-a053-389fa47c121b\"\/><\/figure><\/div><div class=\"wp-block-themeisle-blocks-slider-item-wrapper glide__slide\" tabindex=\"0\"><figure><img decoding=\"async\" class=\"wp-block-themeisle-blocks-slider-item\" src=\"blob:http:\/\/coelloglobal.com\/8cf00097-524a-45c9-b70e-207e073622c6\"\/><\/figure><\/div><div class=\"wp-block-themeisle-blocks-slider-item-wrapper glide__slide\" tabindex=\"0\"><figure><img decoding=\"async\" class=\"wp-block-themeisle-blocks-slider-item\" src=\"blob:http:\/\/coelloglobal.com\/35da1cd6-283c-481d-a2b6-a12e114862f1\"\/><\/figure><\/div><div class=\"wp-block-themeisle-blocks-slider-item-wrapper glide__slide\" tabindex=\"0\"><figure><img decoding=\"async\" class=\"wp-block-themeisle-blocks-slider-item\" src=\"blob:http:\/\/coelloglobal.com\/c98e8be4-66ef-45f3-9c17-f88e39b5b002\"\/><\/figure><\/div><div class=\"wp-block-themeisle-blocks-slider-item-wrapper glide__slide\" tabindex=\"0\"><figure><img decoding=\"async\" class=\"wp-block-themeisle-blocks-slider-item\" src=\"blob:http:\/\/coelloglobal.com\/21a2e50c-66ef-4bed-97e2-7fb0ead057d8\"\/><\/figure><\/div><div class=\"wp-block-themeisle-blocks-slider-item-wrapper glide__slide\" tabindex=\"0\"><figure><img decoding=\"async\" class=\"wp-block-themeisle-blocks-slider-item\" src=\"blob:http:\/\/coelloglobal.com\/21a53eb6-ca08-422b-bf81-59e99fa8dd86\"\/><\/figure><\/div><div class=\"wp-block-themeisle-blocks-slider-item-wrapper glide__slide\" tabindex=\"0\"><figure><img decoding=\"async\" class=\"wp-block-themeisle-blocks-slider-item\" src=\"blob:http:\/\/coelloglobal.com\/6769cce5-5e91-4b66-bec4-b6c3d6994868\"\/><\/figure><\/div><div class=\"wp-block-themeisle-blocks-slider-item-wrapper glide__slide\" tabindex=\"0\"><figure><img decoding=\"async\" class=\"wp-block-themeisle-blocks-slider-item\" src=\"blob:http:\/\/coelloglobal.com\/ea8d3c10-c4a5-4301-89a0-ee970e9ebb00\"\/><\/figure><\/div><div class=\"wp-block-themeisle-blocks-slider-item-wrapper glide__slide\" tabindex=\"0\"><figure><img decoding=\"async\" class=\"wp-block-themeisle-blocks-slider-item\" src=\"blob:http:\/\/coelloglobal.com\/2bf5cde2-3302-4d9d-a034-ce8ec2bc75d4\"\/><\/figure><\/div><div class=\"wp-block-themeisle-blocks-slider-item-wrapper glide__slide\" tabindex=\"0\"><figure><img decoding=\"async\" class=\"wp-block-themeisle-blocks-slider-item\" src=\"blob:http:\/\/coelloglobal.com\/3912f4a3-004a-4275-88cd-a01103d2fe9b\"\/><\/figure><\/div><div class=\"wp-block-themeisle-blocks-slider-item-wrapper glide__slide\" tabindex=\"0\"><figure><img decoding=\"async\" class=\"wp-block-themeisle-blocks-slider-item\" src=\"blob:http:\/\/coelloglobal.com\/09a641af-4c50-434f-8177-b85aa3daf3b5\"\/><\/figure><\/div><div class=\"wp-block-themeisle-blocks-slider-item-wrapper glide__slide\" tabindex=\"0\"><figure><img decoding=\"async\" class=\"wp-block-themeisle-blocks-slider-item\" src=\"blob:http:\/\/coelloglobal.com\/c94c566c-ed83-4bc3-ac2d-77c2cf7f3e22\"\/><\/figure><\/div><div class=\"wp-block-themeisle-blocks-slider-item-wrapper glide__slide\" tabindex=\"0\"><figure><img decoding=\"async\" class=\"wp-block-themeisle-blocks-slider-item\" src=\"blob:http:\/\/coelloglobal.com\/670e3b7a-3dd8-4115-8efc-d0ee24c66bf0\"\/><\/figure><\/div><div class=\"wp-block-themeisle-blocks-slider-item-wrapper glide__slide\" tabindex=\"0\"><figure><img decoding=\"async\" class=\"wp-block-themeisle-blocks-slider-item\" src=\"blob:http:\/\/coelloglobal.com\/fa62c752-514c-4fbe-998d-02cfc07aa37c\"\/><\/figure><\/div><div class=\"wp-block-themeisle-blocks-slider-item-wrapper glide__slide\" tabindex=\"0\"><figure><img decoding=\"async\" class=\"wp-block-themeisle-blocks-slider-item\" src=\"blob:http:\/\/coelloglobal.com\/2a255459-c85b-40e8-9ad9-5c9a4bff58c9\"\/><\/figure><\/div><\/div><div class=\"glide__arrows\" data-glide-el=\"controls\"><button class=\"glide__arrow glide__arrow--left\" data-glide-dir=\"<\"><svg xmlns=\"http:\/\/www.w3.org\/2000\/svg\" width=\"18\" height=\"18\" viewbox=\"0 0 100 100\" role=\"img\" aria-hidden=\"true\" focusable=\"false\"><path d=\"M 10,50 L 60,100 L 70,90 L 30,50  L 70,10 L 60,0 Z\"><\/path><\/svg><\/button><button class=\"glide__arrow glide__arrow--right\" data-glide-dir=\"&gt;\"><svg xmlns=\"http:\/\/www.w3.org\/2000\/svg\" width=\"18\" height=\"18\" viewbox=\"0 0 100 100\" role=\"img\" aria-hidden=\"true\" focusable=\"false\"><path d=\"M 10,50 L 60,100 L 70,90 L 30,50  L 70,10 L 60,0 Z\"><\/path><\/svg><\/button><\/div><div class=\"glide__bullets\" data-glide-el=\"controls[nav]\"><button class=\"glide__bullet\" data-glide-dir=\"=0\"><\/button><button class=\"glide__bullet\" data-glide-dir=\"=1\"><\/button><button class=\"glide__bullet\" data-glide-dir=\"=2\"><\/button><button class=\"glide__bullet\" data-glide-dir=\"=3\"><\/button><button class=\"glide__bullet\" data-glide-dir=\"=4\"><\/button><button class=\"glide__bullet\" data-glide-dir=\"=5\"><\/button><button class=\"glide__bullet\" data-glide-dir=\"=6\"><\/button><button class=\"glide__bullet\" data-glide-dir=\"=7\"><\/button><button class=\"glide__bullet\" data-glide-dir=\"=8\"><\/button><button class=\"glide__bullet\" data-glide-dir=\"=9\"><\/button><button class=\"glide__bullet\" data-glide-dir=\"=10\"><\/button><button class=\"glide__bullet\" data-glide-dir=\"=11\"><\/button><button class=\"glide__bullet\" data-glide-dir=\"=12\"><\/button><button class=\"glide__bullet\" data-glide-dir=\"=13\"><\/button><button class=\"glide__bullet\" data-glide-dir=\"=14\"><\/button><button class=\"glide__bullet\" data-glide-dir=\"=15\"><\/button><button class=\"glide__bullet\" data-glide-dir=\"=16\"><\/button><button class=\"glide__bullet\" data-glide-dir=\"=17\"><\/button><button class=\"glide__bullet\" data-glide-dir=\"=18\"><\/button><button class=\"glide__bullet\" data-glide-dir=\"=19\"><\/button><button class=\"glide__bullet\" data-glide-dir=\"=20\"><\/button><button class=\"glide__bullet\" data-glide-dir=\"=21\"><\/button><button class=\"glide__bullet\" data-glide-dir=\"=22\"><\/button><button class=\"glide__bullet\" data-glide-dir=\"=23\"><\/button><button class=\"glide__bullet\" data-glide-dir=\"=24\"><\/button><button class=\"glide__bullet\" data-glide-dir=\"=25\"><\/button><button class=\"glide__bullet\" data-glide-dir=\"=26\"><\/button><button class=\"glide__bullet\" data-glide-dir=\"=27\"><\/button><button class=\"glide__bullet\" data-glide-dir=\"=28\"><\/button><button class=\"glide__bullet\" data-glide-dir=\"=29\"><\/button><button class=\"glide__bullet\" data-glide-dir=\"=30\"><\/button><button class=\"glide__bullet\" data-glide-dir=\"=31\"><\/button><button class=\"glide__bullet\" data-glide-dir=\"=32\"><\/button><button class=\"glide__bullet\" data-glide-dir=\"=33\"><\/button><button class=\"glide__bullet\" data-glide-dir=\"=34\"><\/button><button class=\"glide__bullet\" data-glide-dir=\"=35\"><\/button><button class=\"glide__bullet\" data-glide-dir=\"=36\"><\/button><\/div><\/div><\/div>\n\n\n\n<p> <strong>PRECIO: 118.000 \u20ac<\/strong><\/p>\n\n\n\n<p>Local en venta &#8211; Peluquer\u00eda 30 m2 C\/ Piquer <\/p>\n\n\n\n<p>Oportunidad se vende local\nreformado de 33 m2. El inmueble consta de un gran espacio luminoso, techos\naltos con volta catalana, puerta de entrada de aluminio doble cristal, ba\u00f1o, y\nun almac\u00e9n. <\/p>\n\n\n\n<p>El inmueble se encuentra\nen una finca rehabilitada totalmente con acabados de alta calidad.&nbsp; <\/p>\n\n\n\n<p>Actualmente funciona una\npeluquer\u00eda, Se vende con muebles y licencia de peluquer\u00eda si fuese el caso. <\/p>\n\n\n\n<p>Esta situado en la calle\nPiquer con carrer&nbsp; Vila i Vila, a pocos\npasos de El Molino de Barcelona, muy cerca del metro Paral-Lel. <\/p>\n\n\n\n<p>Zona muy comercial, cerca\nde transporte p\u00fablico, mercados, entidades bancarias, restaurantes y\nbares.&nbsp; <\/p>\n\n\n\n<p>No dudes en venir a visitarlo. <\/p>\n\n\n\n<p>Coello Global Financiamiento: Te proporcionamos asesoramiento financiero y te ayudamos a conseguir financiamiento para la adquisici\u00f3n de tu inmueble, para m\u00e1s informaci\u00f3n cont\u00e1ctanos. <\/p>\n\n\n\n<p><strong>CARACTER\u00cdSTICAS B\u00c1SICAS DEL INMUEBLE<\/strong><\/p>\n\n\n\n<ul class=\"wp-block-list\"><li>30 m\u00b2 <\/li><li>Distribuci\u00f3n di\u00e1fana<\/li><li>1 ba\u00f1os dentro del local<\/li><li>Reformado a estrenar<\/li><li>Orientaci\u00f3n sur<\/li><li>Finca rehabilitada en 2019 <\/li><li>Aire acondicionado <\/li><li>Ventanas doble cristal.  <\/li><\/ul>\n\n\n\n<p>No dudes en venir a visitarlo.<\/p>\n\n\n\n<p>Coello Global Financiamiento: Te proporcionamos asesoramiento financiero y te ayudamos a conseguir financiamiento para la adquisici\u00f3n de tu inmueble, para m\u00e1s informaci\u00f3n cont\u00e1ctanos.<br><\/p>\n","protected":false},"excerpt":{"rendered":"<p>Local en venta &#8211; Peluquer\u00eda 30 m2 C\/ Piquer &#8211; 118.000 \u20ac PRECIO: 118.000 \u20ac Local en venta &#8211; Peluquer\u00eda 30 m2 C\/ Piquer Oportunidad se vende local reformado de 33 m2. El inmueble consta de un gran espacio luminoso, techos altos con volta catalana, puerta de entrada de aluminio doble cristal, ba\u00f1o, y un &hellip; <\/p>\n<p class=\"link-more\"><a href=\"https:\/\/coelloglobal.com\/index.php\/local-en-venta-peluqueria\/\" class=\"more-link\">Continue reading<span class=\"screen-reader-text\"> &#8220;Local en venta &#8211; Peluquer\u00eda 118.000 \u20ac Ref: CG 0017&#8221;<\/span><\/a><\/p>\n","protected":false},"author":1,"featured_media":0,"parent":0,"menu_order":0,"comment_status":"closed","ping_status":"closed","template":"","meta":{"footnotes":""},"class_list":["post-1024","page","type-page","status-publish","hentry"],"_links":{"self":[{"href":"https:\/\/coelloglobal.com\/index.php\/wp-json\/wp\/v2\/pages\/1024","targetHints":{"allow":["GET"]}}],"collection":[{"href":"https:\/\/coelloglobal.com\/index.php\/wp-json\/wp\/v2\/pages"}],"about":[{"href":"https:\/\/coelloglobal.com\/index.php\/wp-json\/wp\/v2\/types\/page"}],"author":[{"embeddable":true,"href":"https:\/\/coelloglobal.com\/index.php\/wp-json\/wp\/v2\/users\/1"}],"replies":[{"embeddable":true,"href":"https:\/\/coelloglobal.com\/index.php\/wp-json\/wp\/v2\/comments?post=1024"}],"version-history":[{"count":17,"href":"https:\/\/coelloglobal.com\/index.php\/wp-json\/wp\/v2\/pages\/1024\/revisions"}],"predecessor-version":[{"id":3169,"href":"https:\/\/coelloglobal.com\/index.php\/wp-json\/wp\/v2\/pages\/1024\/revisions\/3169"}],"wp:attachment":[{"href":"https:\/\/coelloglobal.com\/index.php\/wp-json\/wp\/v2\/media?parent=1024"}],"curies":[{"name":"wp","href":"https:\/\/api.w.org\/{rel}","templated":true}]}}