{"id":1503,"date":"2022-05-26T22:29:36","date_gmt":"2022-05-26T22:29:36","guid":{"rendered":"http:\/\/coelloglobal.com\/?page_id=1503"},"modified":"2023-10-11T15:38:27","modified_gmt":"2023-10-11T15:38:27","slug":"venta-piso-reformado-carrer-dequador-barcelona","status":"publish","type":"page","link":"https:\/\/coelloglobal.com\/index.php\/venta-piso-reformado-carrer-dequador-barcelona\/","title":{"rendered":"Venta Piso &#8211; Barcelona- 479.000 \u20ac Ref: CG 0020"},"content":{"rendered":"\n<p>Venta <\/p>\n\n\n\n<div id=\"wp-block-themeisle-blocks-slider-d993d443\" class=\"wp-block-themeisle-blocks-slider glide\" data-per-view=\"1\" data-gap=\"0\" data-peek=\"0\" data-autoplay=\"true\" data-height=\"400px\"><div class=\"glide__track\" data-glide-el=\"track\"><div class=\"glide__slides\"><div class=\"wp-block-themeisle-blocks-slider-item-wrapper glide__slide\" tabindex=\"0\"><figure><img decoding=\"async\" class=\"wp-block-themeisle-blocks-slider-item\" src=\"http:\/\/coelloglobal.com\/wp-content\/uploads\/2022\/05\/1-2.jpeg\" alt=\"\" title=\"\" data-id=\"1504\"\/><\/figure><\/div><div class=\"wp-block-themeisle-blocks-slider-item-wrapper glide__slide\" tabindex=\"0\"><figure><img decoding=\"async\" class=\"wp-block-themeisle-blocks-slider-item\" src=\"http:\/\/coelloglobal.com\/wp-content\/uploads\/2022\/05\/2-2.jpeg\" alt=\"\" title=\"\" data-id=\"1505\"\/><\/figure><\/div><div class=\"wp-block-themeisle-blocks-slider-item-wrapper glide__slide\" tabindex=\"0\"><figure><img decoding=\"async\" class=\"wp-block-themeisle-blocks-slider-item\" src=\"http:\/\/coelloglobal.com\/wp-content\/uploads\/2022\/05\/3-2.jpeg\" alt=\"\" title=\"\" data-id=\"1506\"\/><\/figure><\/div><div class=\"wp-block-themeisle-blocks-slider-item-wrapper glide__slide\" tabindex=\"0\"><figure><img decoding=\"async\" class=\"wp-block-themeisle-blocks-slider-item\" src=\"http:\/\/coelloglobal.com\/wp-content\/uploads\/2022\/05\/4-2.jpeg\" alt=\"\" title=\"\" data-id=\"1507\"\/><\/figure><\/div><div class=\"wp-block-themeisle-blocks-slider-item-wrapper glide__slide\" tabindex=\"0\"><figure><img decoding=\"async\" class=\"wp-block-themeisle-blocks-slider-item\" src=\"http:\/\/coelloglobal.com\/wp-content\/uploads\/2022\/05\/5-2.jpeg\" alt=\"\" title=\"\" data-id=\"1508\"\/><\/figure><\/div><div class=\"wp-block-themeisle-blocks-slider-item-wrapper glide__slide\" tabindex=\"0\"><figure><img decoding=\"async\" class=\"wp-block-themeisle-blocks-slider-item\" src=\"http:\/\/coelloglobal.com\/wp-content\/uploads\/2022\/05\/6-2.jpeg\" alt=\"\" title=\"\" data-id=\"1509\"\/><\/figure><\/div><div class=\"wp-block-themeisle-blocks-slider-item-wrapper glide__slide\" tabindex=\"0\"><figure><img decoding=\"async\" class=\"wp-block-themeisle-blocks-slider-item\" src=\"http:\/\/coelloglobal.com\/wp-content\/uploads\/2022\/05\/7-2.jpeg\" alt=\"\" title=\"\" data-id=\"1510\"\/><\/figure><\/div><div class=\"wp-block-themeisle-blocks-slider-item-wrapper glide__slide\" tabindex=\"0\"><figure><img decoding=\"async\" class=\"wp-block-themeisle-blocks-slider-item\" src=\"http:\/\/coelloglobal.com\/wp-content\/uploads\/2022\/05\/8-2.jpeg\" alt=\"\" title=\"\" data-id=\"1511\"\/><\/figure><\/div><div class=\"wp-block-themeisle-blocks-slider-item-wrapper glide__slide\" tabindex=\"0\"><figure><img decoding=\"async\" class=\"wp-block-themeisle-blocks-slider-item\" src=\"http:\/\/coelloglobal.com\/wp-content\/uploads\/2022\/05\/9-2.jpeg\" alt=\"\" title=\"\" data-id=\"1512\"\/><\/figure><\/div><div class=\"wp-block-themeisle-blocks-slider-item-wrapper glide__slide\" tabindex=\"0\"><figure><img decoding=\"async\" class=\"wp-block-themeisle-blocks-slider-item\" src=\"http:\/\/coelloglobal.com\/wp-content\/uploads\/2022\/05\/10-2.jpeg\" alt=\"\" title=\"\" data-id=\"1513\"\/><\/figure><\/div><div class=\"wp-block-themeisle-blocks-slider-item-wrapper glide__slide\" tabindex=\"0\"><figure><img decoding=\"async\" class=\"wp-block-themeisle-blocks-slider-item\" src=\"http:\/\/coelloglobal.com\/wp-content\/uploads\/2022\/05\/11-2.jpeg\" alt=\"\" title=\"\" data-id=\"1514\"\/><\/figure><\/div><div class=\"wp-block-themeisle-blocks-slider-item-wrapper glide__slide\" tabindex=\"0\"><figure><img decoding=\"async\" class=\"wp-block-themeisle-blocks-slider-item\" src=\"http:\/\/coelloglobal.com\/wp-content\/uploads\/2022\/05\/12-2.jpeg\" alt=\"\" title=\"\" data-id=\"1515\"\/><\/figure><\/div><div class=\"wp-block-themeisle-blocks-slider-item-wrapper glide__slide\" tabindex=\"0\"><figure><img decoding=\"async\" class=\"wp-block-themeisle-blocks-slider-item\" src=\"http:\/\/coelloglobal.com\/wp-content\/uploads\/2022\/05\/13-2.jpeg\" alt=\"\" title=\"\" data-id=\"1516\"\/><\/figure><\/div><div class=\"wp-block-themeisle-blocks-slider-item-wrapper glide__slide\" tabindex=\"0\"><figure><img decoding=\"async\" class=\"wp-block-themeisle-blocks-slider-item\" src=\"http:\/\/coelloglobal.com\/wp-content\/uploads\/2022\/05\/14-2.jpeg\" alt=\"\" title=\"\" data-id=\"1517\"\/><\/figure><\/div><div class=\"wp-block-themeisle-blocks-slider-item-wrapper glide__slide\" tabindex=\"0\"><figure><img decoding=\"async\" class=\"wp-block-themeisle-blocks-slider-item\" src=\"http:\/\/coelloglobal.com\/wp-content\/uploads\/2022\/05\/15-2.jpeg\" alt=\"\" title=\"\" data-id=\"1518\"\/><\/figure><\/div><div class=\"wp-block-themeisle-blocks-slider-item-wrapper glide__slide\" tabindex=\"0\"><figure><img decoding=\"async\" class=\"wp-block-themeisle-blocks-slider-item\" src=\"http:\/\/coelloglobal.com\/wp-content\/uploads\/2022\/05\/16-2-rotated.jpeg\" alt=\"\" title=\"\" data-id=\"1519\"\/><\/figure><\/div><div class=\"wp-block-themeisle-blocks-slider-item-wrapper glide__slide\" tabindex=\"0\"><figure><img decoding=\"async\" class=\"wp-block-themeisle-blocks-slider-item\" src=\"http:\/\/coelloglobal.com\/wp-content\/uploads\/2022\/05\/17-2-rotated.jpeg\" alt=\"\" title=\"\" data-id=\"1520\"\/><\/figure><\/div><div class=\"wp-block-themeisle-blocks-slider-item-wrapper glide__slide\" tabindex=\"0\"><figure><img decoding=\"async\" class=\"wp-block-themeisle-blocks-slider-item\" src=\"http:\/\/coelloglobal.com\/wp-content\/uploads\/2022\/05\/18-2.jpeg\" alt=\"\" title=\"\" data-id=\"1521\"\/><\/figure><\/div><div class=\"wp-block-themeisle-blocks-slider-item-wrapper glide__slide\" tabindex=\"0\"><figure><img decoding=\"async\" class=\"wp-block-themeisle-blocks-slider-item\" src=\"http:\/\/coelloglobal.com\/wp-content\/uploads\/2022\/05\/19-2.jpeg\" alt=\"\" title=\"\" data-id=\"1522\"\/><\/figure><\/div><div class=\"wp-block-themeisle-blocks-slider-item-wrapper glide__slide\" tabindex=\"0\"><figure><img decoding=\"async\" class=\"wp-block-themeisle-blocks-slider-item\" src=\"http:\/\/coelloglobal.com\/wp-content\/uploads\/2022\/05\/20-2.jpeg\" alt=\"\" title=\"\" data-id=\"1523\"\/><\/figure><\/div><div class=\"wp-block-themeisle-blocks-slider-item-wrapper glide__slide\" tabindex=\"0\"><figure><img decoding=\"async\" class=\"wp-block-themeisle-blocks-slider-item\" src=\"http:\/\/coelloglobal.com\/wp-content\/uploads\/2022\/05\/21-1.jpeg\" alt=\"\" title=\"\" data-id=\"1524\"\/><\/figure><\/div><div class=\"wp-block-themeisle-blocks-slider-item-wrapper glide__slide\" tabindex=\"0\"><figure><img decoding=\"async\" class=\"wp-block-themeisle-blocks-slider-item\" src=\"http:\/\/coelloglobal.com\/wp-content\/uploads\/2022\/05\/22-1.jpeg\" alt=\"\" title=\"\" data-id=\"1525\"\/><\/figure><\/div><div class=\"wp-block-themeisle-blocks-slider-item-wrapper glide__slide\" tabindex=\"0\"><figure><img decoding=\"async\" class=\"wp-block-themeisle-blocks-slider-item\" src=\"http:\/\/coelloglobal.com\/wp-content\/uploads\/2022\/05\/23-1.jpeg\" alt=\"\" title=\"\" data-id=\"1526\"\/><\/figure><\/div><div class=\"wp-block-themeisle-blocks-slider-item-wrapper glide__slide\" tabindex=\"0\"><figure><img decoding=\"async\" class=\"wp-block-themeisle-blocks-slider-item\" src=\"http:\/\/coelloglobal.com\/wp-content\/uploads\/2022\/05\/24-1.jpeg\" alt=\"\" title=\"\" data-id=\"1527\"\/><\/figure><\/div><div class=\"wp-block-themeisle-blocks-slider-item-wrapper glide__slide\" tabindex=\"0\"><figure><img decoding=\"async\" class=\"wp-block-themeisle-blocks-slider-item\" src=\"http:\/\/coelloglobal.com\/wp-content\/uploads\/2022\/05\/25-1.jpeg\" alt=\"\" title=\"\" data-id=\"1528\"\/><\/figure><\/div><div class=\"wp-block-themeisle-blocks-slider-item-wrapper glide__slide\" tabindex=\"0\"><figure><img decoding=\"async\" class=\"wp-block-themeisle-blocks-slider-item\" src=\"http:\/\/coelloglobal.com\/wp-content\/uploads\/2022\/05\/26-1.jpeg\" alt=\"\" title=\"\" data-id=\"1529\"\/><\/figure><\/div><div class=\"wp-block-themeisle-blocks-slider-item-wrapper glide__slide\" tabindex=\"0\"><figure><img decoding=\"async\" class=\"wp-block-themeisle-blocks-slider-item\" src=\"http:\/\/coelloglobal.com\/wp-content\/uploads\/2022\/05\/27-1.jpeg\" alt=\"\" title=\"\" data-id=\"1530\"\/><\/figure><\/div><div class=\"wp-block-themeisle-blocks-slider-item-wrapper glide__slide\" tabindex=\"0\"><figure><img decoding=\"async\" class=\"wp-block-themeisle-blocks-slider-item\" src=\"http:\/\/coelloglobal.com\/wp-content\/uploads\/2022\/05\/28-1.jpeg\" alt=\"\" title=\"\" data-id=\"1531\"\/><\/figure><\/div><div class=\"wp-block-themeisle-blocks-slider-item-wrapper glide__slide\" tabindex=\"0\"><figure><img decoding=\"async\" class=\"wp-block-themeisle-blocks-slider-item\" src=\"http:\/\/coelloglobal.com\/wp-content\/uploads\/2022\/05\/29-1.jpeg\" alt=\"\" title=\"\" data-id=\"1532\"\/><\/figure><\/div><div class=\"wp-block-themeisle-blocks-slider-item-wrapper glide__slide\" tabindex=\"0\"><figure><img decoding=\"async\" class=\"wp-block-themeisle-blocks-slider-item\" src=\"http:\/\/coelloglobal.com\/wp-content\/uploads\/2022\/05\/30-1.jpeg\" alt=\"\" title=\"\" data-id=\"1533\"\/><\/figure><\/div><div class=\"wp-block-themeisle-blocks-slider-item-wrapper glide__slide\" tabindex=\"0\"><figure><img decoding=\"async\" class=\"wp-block-themeisle-blocks-slider-item\" src=\"http:\/\/coelloglobal.com\/wp-content\/uploads\/2022\/05\/31-1.jpeg\" alt=\"\" title=\"\" data-id=\"1534\"\/><\/figure><\/div><div class=\"wp-block-themeisle-blocks-slider-item-wrapper glide__slide\" tabindex=\"0\"><figure><img decoding=\"async\" class=\"wp-block-themeisle-blocks-slider-item\" src=\"http:\/\/coelloglobal.com\/wp-content\/uploads\/2022\/05\/32-1.jpeg\" alt=\"\" title=\"\" data-id=\"1535\"\/><\/figure><\/div><div class=\"wp-block-themeisle-blocks-slider-item-wrapper glide__slide\" tabindex=\"0\"><figure><img decoding=\"async\" class=\"wp-block-themeisle-blocks-slider-item\" src=\"http:\/\/coelloglobal.com\/wp-content\/uploads\/2022\/05\/33-1.jpeg\" alt=\"\" title=\"\" data-id=\"1536\"\/><\/figure><\/div><div class=\"wp-block-themeisle-blocks-slider-item-wrapper glide__slide\" tabindex=\"0\"><figure><img decoding=\"async\" class=\"wp-block-themeisle-blocks-slider-item\" src=\"http:\/\/coelloglobal.com\/wp-content\/uploads\/2022\/05\/34-1.jpeg\" alt=\"\" title=\"\" data-id=\"1537\"\/><\/figure><\/div><div class=\"wp-block-themeisle-blocks-slider-item-wrapper glide__slide\" tabindex=\"0\"><figure><img decoding=\"async\" class=\"wp-block-themeisle-blocks-slider-item\" src=\"http:\/\/coelloglobal.com\/wp-content\/uploads\/2022\/05\/35-1.jpeg\" alt=\"\" title=\"\" data-id=\"1538\"\/><\/figure><\/div><div class=\"wp-block-themeisle-blocks-slider-item-wrapper glide__slide\" tabindex=\"0\"><figure><img decoding=\"async\" class=\"wp-block-themeisle-blocks-slider-item\" src=\"http:\/\/coelloglobal.com\/wp-content\/uploads\/2022\/05\/36-1.jpeg\" alt=\"\" title=\"\" data-id=\"1539\"\/><\/figure><\/div><div class=\"wp-block-themeisle-blocks-slider-item-wrapper glide__slide\" tabindex=\"0\"><figure><img decoding=\"async\" class=\"wp-block-themeisle-blocks-slider-item\" src=\"http:\/\/coelloglobal.com\/wp-content\/uploads\/2022\/05\/37-1.jpeg\" alt=\"\" title=\"\" data-id=\"1540\"\/><\/figure><\/div><div class=\"wp-block-themeisle-blocks-slider-item-wrapper glide__slide\" tabindex=\"0\"><figure><img decoding=\"async\" class=\"wp-block-themeisle-blocks-slider-item\" src=\"http:\/\/coelloglobal.com\/wp-content\/uploads\/2022\/05\/40-1.jpeg\" alt=\"\" title=\"\" data-id=\"1541\"\/><\/figure><\/div><div class=\"wp-block-themeisle-blocks-slider-item-wrapper glide__slide\" tabindex=\"0\"><figure><img decoding=\"async\" class=\"wp-block-themeisle-blocks-slider-item\" src=\"http:\/\/coelloglobal.com\/wp-content\/uploads\/2022\/05\/42-1.jpeg\" alt=\"\" title=\"\" data-id=\"1542\"\/><\/figure><\/div><div class=\"wp-block-themeisle-blocks-slider-item-wrapper glide__slide\" tabindex=\"0\"><figure><img decoding=\"async\" class=\"wp-block-themeisle-blocks-slider-item\" src=\"http:\/\/coelloglobal.com\/wp-content\/uploads\/2022\/05\/43-1.jpeg\" alt=\"\" title=\"\" data-id=\"1543\"\/><\/figure><\/div><div class=\"wp-block-themeisle-blocks-slider-item-wrapper glide__slide\" tabindex=\"0\"><figure><img decoding=\"async\" class=\"wp-block-themeisle-blocks-slider-item\" src=\"http:\/\/coelloglobal.com\/wp-content\/uploads\/2022\/05\/44-1.jpeg\" alt=\"\" title=\"\" data-id=\"1544\"\/><\/figure><\/div><div class=\"wp-block-themeisle-blocks-slider-item-wrapper glide__slide\" tabindex=\"0\"><figure><img decoding=\"async\" class=\"wp-block-themeisle-blocks-slider-item\" src=\"http:\/\/coelloglobal.com\/wp-content\/uploads\/2022\/05\/45-1.jpeg\" alt=\"\" title=\"\" data-id=\"1545\"\/><\/figure><\/div><div class=\"wp-block-themeisle-blocks-slider-item-wrapper glide__slide\" tabindex=\"0\"><figure><img decoding=\"async\" class=\"wp-block-themeisle-blocks-slider-item\" src=\"http:\/\/coelloglobal.com\/wp-content\/uploads\/2022\/05\/46-1.jpeg\" alt=\"\" title=\"\" data-id=\"1546\"\/><\/figure><\/div><div class=\"wp-block-themeisle-blocks-slider-item-wrapper glide__slide\" tabindex=\"0\"><figure><img decoding=\"async\" class=\"wp-block-themeisle-blocks-slider-item\" src=\"http:\/\/coelloglobal.com\/wp-content\/uploads\/2022\/05\/47.png\" alt=\"\" title=\"\" data-id=\"1547\"\/><\/figure><\/div><div class=\"wp-block-themeisle-blocks-slider-item-wrapper glide__slide\" tabindex=\"0\"><figure><img decoding=\"async\" class=\"wp-block-themeisle-blocks-slider-item\" src=\"http:\/\/coelloglobal.com\/wp-content\/uploads\/2022\/05\/48.jpg\" alt=\"\" title=\"\" data-id=\"1548\"\/><\/figure><\/div><div class=\"wp-block-themeisle-blocks-slider-item-wrapper glide__slide\" tabindex=\"0\"><figure><img decoding=\"async\" class=\"wp-block-themeisle-blocks-slider-item\" src=\"http:\/\/coelloglobal.com\/wp-content\/uploads\/2022\/05\/49-1.jpeg\" alt=\"\" title=\"\" data-id=\"1549\"\/><\/figure><\/div><\/div><div class=\"glide__arrows\" data-glide-el=\"controls\"><button class=\"glide__arrow glide__arrow--left\" data-glide-dir=\"<\"><svg xmlns=\"http:\/\/www.w3.org\/2000\/svg\" width=\"18\" height=\"18\" viewbox=\"0 0 100 100\" role=\"img\" aria-hidden=\"true\" focusable=\"false\"><path d=\"M 10,50 L 60,100 L 70,90 L 30,50  L 70,10 L 60,0 Z\"><\/path><\/svg><\/button><button class=\"glide__arrow glide__arrow--right\" data-glide-dir=\"&gt;\"><svg xmlns=\"http:\/\/www.w3.org\/2000\/svg\" width=\"18\" height=\"18\" viewbox=\"0 0 100 100\" role=\"img\" aria-hidden=\"true\" focusable=\"false\"><path d=\"M 10,50 L 60,100 L 70,90 L 30,50  L 70,10 L 60,0 Z\"><\/path><\/svg><\/button><\/div><div class=\"glide__bullets\" data-glide-el=\"controls[nav]\"><button class=\"glide__bullet\" data-glide-dir=\"=0\"><\/button><button class=\"glide__bullet\" data-glide-dir=\"=1\"><\/button><button class=\"glide__bullet\" data-glide-dir=\"=2\"><\/button><button class=\"glide__bullet\" data-glide-dir=\"=3\"><\/button><button class=\"glide__bullet\" data-glide-dir=\"=4\"><\/button><button class=\"glide__bullet\" data-glide-dir=\"=5\"><\/button><button class=\"glide__bullet\" data-glide-dir=\"=6\"><\/button><button class=\"glide__bullet\" data-glide-dir=\"=7\"><\/button><button class=\"glide__bullet\" data-glide-dir=\"=8\"><\/button><button class=\"glide__bullet\" data-glide-dir=\"=9\"><\/button><button class=\"glide__bullet\" data-glide-dir=\"=10\"><\/button><button class=\"glide__bullet\" data-glide-dir=\"=11\"><\/button><button class=\"glide__bullet\" data-glide-dir=\"=12\"><\/button><button class=\"glide__bullet\" data-glide-dir=\"=13\"><\/button><button class=\"glide__bullet\" data-glide-dir=\"=14\"><\/button><button class=\"glide__bullet\" data-glide-dir=\"=15\"><\/button><button class=\"glide__bullet\" data-glide-dir=\"=16\"><\/button><button class=\"glide__bullet\" data-glide-dir=\"=17\"><\/button><button class=\"glide__bullet\" data-glide-dir=\"=18\"><\/button><button class=\"glide__bullet\" data-glide-dir=\"=19\"><\/button><button class=\"glide__bullet\" data-glide-dir=\"=20\"><\/button><button class=\"glide__bullet\" data-glide-dir=\"=21\"><\/button><button class=\"glide__bullet\" data-glide-dir=\"=22\"><\/button><button class=\"glide__bullet\" data-glide-dir=\"=23\"><\/button><button class=\"glide__bullet\" data-glide-dir=\"=24\"><\/button><button class=\"glide__bullet\" data-glide-dir=\"=25\"><\/button><button class=\"glide__bullet\" data-glide-dir=\"=26\"><\/button><button class=\"glide__bullet\" data-glide-dir=\"=27\"><\/button><button class=\"glide__bullet\" data-glide-dir=\"=28\"><\/button><button class=\"glide__bullet\" data-glide-dir=\"=29\"><\/button><button class=\"glide__bullet\" data-glide-dir=\"=30\"><\/button><button class=\"glide__bullet\" data-glide-dir=\"=31\"><\/button><button class=\"glide__bullet\" data-glide-dir=\"=32\"><\/button><button class=\"glide__bullet\" data-glide-dir=\"=33\"><\/button><button class=\"glide__bullet\" data-glide-dir=\"=34\"><\/button><button class=\"glide__bullet\" data-glide-dir=\"=35\"><\/button><button class=\"glide__bullet\" data-glide-dir=\"=36\"><\/button><button class=\"glide__bullet\" data-glide-dir=\"=37\"><\/button><button class=\"glide__bullet\" data-glide-dir=\"=38\"><\/button><button class=\"glide__bullet\" data-glide-dir=\"=39\"><\/button><button class=\"glide__bullet\" data-glide-dir=\"=40\"><\/button><button class=\"glide__bullet\" data-glide-dir=\"=41\"><\/button><button class=\"glide__bullet\" data-glide-dir=\"=42\"><\/button><button class=\"glide__bullet\" data-glide-dir=\"=43\"><\/button><button class=\"glide__bullet\" data-glide-dir=\"=44\"><\/button><button class=\"glide__bullet\" data-glide-dir=\"=45\"><\/button><\/div><\/div><\/div>\n\n\n\n<p><strong>PRECIO: 479.000 \u20ac<\/strong><\/p>\n\n\n\n<p>90 m2- 3 hab dobles &#8211; 1 suit-2 ba\u00f1os  <\/p>\n\n\n\n<p>\n\nCoello Global vende vivienda reformada a estrenar con altas calidades, en la zona de calle de Ecuador con Av. Josep Tarradellas en Barcelona.<\/p>\n\n\n\n<p>Gran Oportunidad se vende inmueble de 90 m2, reformado \u00edntegramente a estrenar con acabados de primar calidad.<br>El inmueble es una primera planta real en finca moderna con dos ascensores y conserje.<\/p>\n\n\n\n<p>La vivienda es exterior con vistas a la calle Ecuador. Consta de 3 habitaciones dobles una de ellas en suit con ba\u00f1o privado y vestidor con vistas al exterior calle Ecuador, una cocina estilo americano equipada con electrodom\u00e9sticos (nevera, lavadora, lavavajillas, horno, microondas, placa de cocina, campana), sal\u00f3n-comedor con vistas al exterior a la calle Ecuador, 2 ba\u00f1os completos.<br>Suelo de parquet, ventanas de aluminio doble cristal, puertas de madera, aire acondicionado con bomba de calor.<\/p>\n\n\n\n<p>El inmueble se encuentra situado en la calle Ecuador con Josep Tarradellas, cerca de transporte p\u00fablico, parada de buses, metro, a pocos minutos av. Diagonal. Cerca de comercios, supermercados, colegios, restaurantes.<br>Actualmente estamos en obras, est\u00e1 previsto terminar la reforma el 10 de junio. Las fotos son orientativas porque la calidad de acabados ser\u00e1n los mismos de las fotos actuales. Si estas interesado puedes ya visitarlo.<\/p>\n\n\n\n<p>Para mayor informaci\u00f3n cont\u00e1ctanos<br>No dudes en venir a visitar lo.<\/p>\n\n\n\n<p>Coello Global Financiamiento: Te proporcionamos asesoramiento financiero y te ayudamos a conseguir financiamiento para la adquisici\u00f3n de tu inmueble, para m\u00e1s informaci\u00f3n cont\u00e1ctanos. <\/p>\n\n\n\n<p><strong>CARACTER\u00cdSTICAS B\u00c1SICAS DEL INMUEBLE<\/strong><\/p>\n\n\n\n<ul class=\"wp-block-list\"><li>90 m\u00b2<\/li><li>3 habitaciones dobles y  1 en Suit con vestidor y ba\u00f1o <\/li><li>Comedor <\/li><li>Sal\u00f3n<\/li><li>Cocina Americana equipada con electrodom\u00e9sticos<\/li><li>2 ba\u00f1o completos<\/li><li>1 \u00aa planta \u2013 exterior<\/li><li>calefacci\u00f3n individual. <\/li><li>2 Ascensores<\/li><li>Reformado a estrenar<\/li><li>Aire acondicionado<\/li><li>Conserje en el edificio <\/li><\/ul>\n\n\n\n<p>Coello Global Real Estate operates in the market of refurbished flats and houses, with state of the art finishings in Equador Street \/ AV. Josep Tarradellas \u00e1rea in the city of Barcelona.<\/p>\n\n\n\n<p>Current limited opportunity flat for sale of 90 sqm. Totally refurbished with top quality finishings. <br>\nTurn key occupancy. The flat is located in the first floor of a Modernist building, with two lifts and concierge. <\/p>\n\n\n\n<p>The appartement has exterior views to Equador Street.<br>\nIt includes 3 double rooms, one of them en suit with private bath and grooming room. <br>\nOpen kitchen equipped with totally new wares (fridge, washing machine, dish washing machine, oven, microwave, kitchen induction plates, smoke vacuum system), dinning room with Windows facing to Street view. 2 full equipped baths, wooden floor aluminium Windows doubl\u00e9 glass, Wood doors, and climatized. <\/p>\n\n\n\n<p>The appartment is located near public transport (bus and underground). <br>\nA few minutes walking distance of AV. Diagonal, with shops, supermarkets, restaurants and schools nearby. <\/p>\n\n\n\n<p>Currently, Works are in progress, forecasting finishing them by 10th of june 2022. <br>\nThus photographs are an aproximate depicting of the final Works result. <br>\nVisits apply under appoiment. <\/p>\n\n\n\n<p>Do not heasitate to contact us for visiting. <\/p>\n\n\n\n<p>Coello Global Financing;<br>\nWe can provide you with financial advice and guidance to obtain financial means for adquisition purpose. <\/p>\n\n\n\n<p>For further details on this later contact us.<\/p>\n","protected":false},"excerpt":{"rendered":"<p>Venta PRECIO: 479.000 \u20ac 90 m2- 3 hab dobles &#8211; 1 suit-2 ba\u00f1os Coello Global vende vivienda reformada a estrenar con altas calidades, en la zona de calle de Ecuador con Av. Josep Tarradellas en Barcelona. Gran Oportunidad se vende inmueble de 90 m2, reformado \u00edntegramente a estrenar con acabados de primar calidad.El inmueble es &hellip; <\/p>\n<p class=\"link-more\"><a href=\"https:\/\/coelloglobal.com\/index.php\/venta-piso-reformado-carrer-dequador-barcelona\/\" class=\"more-link\">Continue reading<span class=\"screen-reader-text\"> &#8220;Venta Piso &#8211; Barcelona- 479.000 \u20ac Ref: CG 0020&#8221;<\/span><\/a><\/p>\n","protected":false},"author":1,"featured_media":1684,"parent":0,"menu_order":0,"comment_status":"closed","ping_status":"closed","template":"","meta":{"footnotes":""},"class_list":["post-1503","page","type-page","status-publish","has-post-thumbnail","hentry"],"_links":{"self":[{"href":"https:\/\/coelloglobal.com\/index.php\/wp-json\/wp\/v2\/pages\/1503","targetHints":{"allow":["GET"]}}],"collection":[{"href":"https:\/\/coelloglobal.com\/index.php\/wp-json\/wp\/v2\/pages"}],"about":[{"href":"https:\/\/coelloglobal.com\/index.php\/wp-json\/wp\/v2\/types\/page"}],"author":[{"embeddable":true,"href":"https:\/\/coelloglobal.com\/index.php\/wp-json\/wp\/v2\/users\/1"}],"replies":[{"embeddable":true,"href":"https:\/\/coelloglobal.com\/index.php\/wp-json\/wp\/v2\/comments?post=1503"}],"version-history":[{"count":8,"href":"https:\/\/coelloglobal.com\/index.php\/wp-json\/wp\/v2\/pages\/1503\/revisions"}],"predecessor-version":[{"id":3174,"href":"https:\/\/coelloglobal.com\/index.php\/wp-json\/wp\/v2\/pages\/1503\/revisions\/3174"}],"wp:featuredmedia":[{"embeddable":true,"href":"https:\/\/coelloglobal.com\/index.php\/wp-json\/wp\/v2\/media\/1684"}],"wp:attachment":[{"href":"https:\/\/coelloglobal.com\/index.php\/wp-json\/wp\/v2\/media?parent=1503"}],"curies":[{"name":"wp","href":"https:\/\/api.w.org\/{rel}","templated":true}]}}