{"id":1567,"date":"2022-06-01T22:17:27","date_gmt":"2022-06-01T22:17:27","guid":{"rendered":"http:\/\/coelloglobal.com\/?page_id=1567"},"modified":"2022-12-07T23:35:47","modified_gmt":"2022-12-07T23:35:47","slug":"arquitectura-y-reformas","status":"publish","type":"page","link":"https:\/\/coelloglobal.com\/index.php\/arquitectura-y-reformas\/","title":{"rendered":"Arquitectura y Reformas"},"content":{"rendered":"\n<p><strong>Coello Global pone a su disposici\u00f3n un equipo profesional altamente especializado con un probado historial de satisfacci\u00f3n entre nuestros clientes. <\/strong><\/p>\n\n\n\n<p>  <strong>A continuaci\u00f3n algunos ejemplos de obra ejecutada. <\/strong> <\/p>\n\n\n\n<figure class=\"wp-block-image size-thumbnail\"><img loading=\"lazy\" decoding=\"async\" width=\"150\" height=\"150\" src=\"http:\/\/coelloglobal.com\/wp-content\/uploads\/2022\/06\/falg-uk-150x150.jpg\" alt=\"\" class=\"wp-image-1667\" srcset=\"https:\/\/coelloglobal.com\/wp-content\/uploads\/2022\/06\/falg-uk-150x150.jpg 150w, https:\/\/coelloglobal.com\/wp-content\/uploads\/2022\/06\/falg-uk-100x100.jpg 100w\" sizes=\"auto, (max-width: 150px) 100vw, 150px\" \/><\/figure>\n\n\n\n<p><strong>Coello Global deploys a Team of highly skilled professionals with a proven record of satisfaction among our customers.<\/strong> <\/p>\n\n\n\n<p><strong>Just some examples of finished Works. <\/strong><\/p>\n\n\n\n<figure class=\"wp-block-embed-youtube wp-block-embed is-type-video is-provider-youtube wp-embed-aspect-16-9 wp-has-aspect-ratio\"><div class=\"wp-block-embed__wrapper\">\n<iframe loading=\"lazy\" title=\"Property for Sale In Barcelona C\/ Enric Granados\" width=\"525\" height=\"295\" src=\"https:\/\/www.youtube.com\/embed\/hQuJXby3NsA?feature=oembed\" frameborder=\"0\" allow=\"accelerometer; autoplay; clipboard-write; encrypted-media; gyroscope; picture-in-picture; web-share\" referrerpolicy=\"strict-origin-when-cross-origin\" allowfullscreen><\/iframe>\n<\/div><\/figure>\n\n\n\n<figure class=\"wp-block-embed-youtube wp-block-embed is-type-video is-provider-youtube wp-embed-aspect-16-9 wp-has-aspect-ratio\"><div class=\"wp-block-embed__wrapper\">\n<iframe loading=\"lazy\" title=\"Property For Sale in Barcelona C\/ Rosellon\" width=\"525\" height=\"295\" src=\"https:\/\/www.youtube.com\/embed\/1B1H4j4f5vo?feature=oembed\" frameborder=\"0\" allow=\"accelerometer; autoplay; clipboard-write; encrypted-media; gyroscope; picture-in-picture; web-share\" referrerpolicy=\"strict-origin-when-cross-origin\" allowfullscreen><\/iframe>\n<\/div><\/figure>\n\n\n\n<figure class=\"wp-block-embed-youtube wp-block-embed is-type-video is-provider-youtube wp-embed-aspect-16-9 wp-has-aspect-ratio\"><div class=\"wp-block-embed__wrapper\">\n<iframe loading=\"lazy\" title=\"Property For Sale In Barcelona C\/ Equator\" width=\"525\" height=\"295\" src=\"https:\/\/www.youtube.com\/embed\/5WalTZ2Y_3I?feature=oembed\" frameborder=\"0\" allow=\"accelerometer; autoplay; clipboard-write; encrypted-media; gyroscope; picture-in-picture; web-share\" referrerpolicy=\"strict-origin-when-cross-origin\" allowfullscreen><\/iframe>\n<\/div><\/figure>\n\n\n\n<ul class=\"wp-block-list\"><li><\/li><\/ul>\n\n\n\n<p>   <\/p>\n\n\n\n<figure class=\"wp-block-video\"><video height=\"576\" style=\"aspect-ratio: 1024 \/ 576;\" width=\"1024\" controls src=\"http:\/\/coelloglobal.com\/wp-content\/uploads\/2022\/06\/video-coelloglobal-marina.mp4\"><\/video><figcaption>Piso Calle Marina, Barcelona &#8211; Espa\u00f1a<\/figcaption><\/figure>\n\n\n\n<p><\/p>\n","protected":false},"excerpt":{"rendered":"<p>Coello Global pone a su disposici\u00f3n un equipo profesional altamente especializado con un probado historial de satisfacci\u00f3n entre nuestros clientes. A continuaci\u00f3n algunos ejemplos de obra ejecutada. Coello Global deploys a Team of highly skilled professionals with a proven record of satisfaction among our customers. Just some examples of finished Works.<\/p>\n","protected":false},"author":1,"featured_media":1600,"parent":0,"menu_order":0,"comment_status":"closed","ping_status":"closed","template":"","meta":{"footnotes":""},"class_list":["post-1567","page","type-page","status-publish","has-post-thumbnail","hentry"],"_links":{"self":[{"href":"https:\/\/coelloglobal.com\/index.php\/wp-json\/wp\/v2\/pages\/1567","targetHints":{"allow":["GET"]}}],"collection":[{"href":"https:\/\/coelloglobal.com\/index.php\/wp-json\/wp\/v2\/pages"}],"about":[{"href":"https:\/\/coelloglobal.com\/index.php\/wp-json\/wp\/v2\/types\/page"}],"author":[{"embeddable":true,"href":"https:\/\/coelloglobal.com\/index.php\/wp-json\/wp\/v2\/users\/1"}],"replies":[{"embeddable":true,"href":"https:\/\/coelloglobal.com\/index.php\/wp-json\/wp\/v2\/comments?post=1567"}],"version-history":[{"count":18,"href":"https:\/\/coelloglobal.com\/index.php\/wp-json\/wp\/v2\/pages\/1567\/revisions"}],"predecessor-version":[{"id":2210,"href":"https:\/\/coelloglobal.com\/index.php\/wp-json\/wp\/v2\/pages\/1567\/revisions\/2210"}],"wp:featuredmedia":[{"embeddable":true,"href":"https:\/\/coelloglobal.com\/index.php\/wp-json\/wp\/v2\/media\/1600"}],"wp:attachment":[{"href":"https:\/\/coelloglobal.com\/index.php\/wp-json\/wp\/v2\/media?parent=1567"}],"curies":[{"name":"wp","href":"https:\/\/api.w.org\/{rel}","templated":true}]}}