{"id":1675,"date":"2022-07-27T17:08:13","date_gmt":"2022-07-27T17:08:13","guid":{"rendered":"http:\/\/coelloglobal.com\/?page_id=1675"},"modified":"2023-10-11T15:39:33","modified_gmt":"2023-10-11T15:39:33","slug":"piso-c-rossello-barcelona","status":"publish","type":"page","link":"https:\/\/coelloglobal.com\/index.php\/piso-c-rossello-barcelona\/","title":{"rendered":"Venta piso Barcelona- 458.000 \u20ac- Ref: CG 0021"},"content":{"rendered":"\n<div id=\"wp-block-themeisle-blocks-slider-12b5b9ef\" class=\"wp-block-themeisle-blocks-slider glide\" data-per-view=\"1\" data-gap=\"0\" data-peek=\"0\" data-autoplay=\"true\" data-height=\"400px\"><div class=\"glide__track\" data-glide-el=\"track\"><div class=\"glide__slides\"><div class=\"wp-block-themeisle-blocks-slider-item-wrapper glide__slide\" tabindex=\"0\"><figure><img decoding=\"async\" class=\"wp-block-themeisle-blocks-slider-item\" src=\"http:\/\/coelloglobal.com\/wp-content\/uploads\/2022\/10\/2.jpeg\" alt=\"\" title=\"\" data-id=\"1830\"\/><\/figure><\/div><div class=\"wp-block-themeisle-blocks-slider-item-wrapper glide__slide\" tabindex=\"0\"><figure><img decoding=\"async\" class=\"wp-block-themeisle-blocks-slider-item\" src=\"http:\/\/coelloglobal.com\/wp-content\/uploads\/2022\/10\/3.jpeg\" alt=\"\" title=\"\" data-id=\"1831\"\/><\/figure><\/div><div class=\"wp-block-themeisle-blocks-slider-item-wrapper glide__slide\" tabindex=\"0\"><figure><img decoding=\"async\" class=\"wp-block-themeisle-blocks-slider-item\" src=\"http:\/\/coelloglobal.com\/wp-content\/uploads\/2022\/10\/4.jpeg\" alt=\"\" title=\"\" data-id=\"1832\"\/><\/figure><\/div><div class=\"wp-block-themeisle-blocks-slider-item-wrapper glide__slide\" tabindex=\"0\"><figure><img decoding=\"async\" class=\"wp-block-themeisle-blocks-slider-item\" src=\"http:\/\/coelloglobal.com\/wp-content\/uploads\/2022\/10\/5.jpeg\" alt=\"\" title=\"\" data-id=\"1833\"\/><\/figure><\/div><div class=\"wp-block-themeisle-blocks-slider-item-wrapper glide__slide\" tabindex=\"0\"><figure><img decoding=\"async\" class=\"wp-block-themeisle-blocks-slider-item\" src=\"http:\/\/coelloglobal.com\/wp-content\/uploads\/2022\/10\/6.jpeg\" alt=\"\" title=\"\" data-id=\"1834\"\/><\/figure><\/div><div class=\"wp-block-themeisle-blocks-slider-item-wrapper glide__slide\" tabindex=\"0\"><figure><img decoding=\"async\" class=\"wp-block-themeisle-blocks-slider-item\" src=\"http:\/\/coelloglobal.com\/wp-content\/uploads\/2022\/10\/7.jpeg\" alt=\"\" title=\"\" data-id=\"1835\"\/><\/figure><\/div><div class=\"wp-block-themeisle-blocks-slider-item-wrapper glide__slide\" tabindex=\"0\"><figure><img decoding=\"async\" class=\"wp-block-themeisle-blocks-slider-item\" src=\"http:\/\/coelloglobal.com\/wp-content\/uploads\/2022\/10\/8.jpeg\" alt=\"\" title=\"\" data-id=\"1836\"\/><\/figure><\/div><div class=\"wp-block-themeisle-blocks-slider-item-wrapper glide__slide\" tabindex=\"0\"><figure><img decoding=\"async\" class=\"wp-block-themeisle-blocks-slider-item\" src=\"http:\/\/coelloglobal.com\/wp-content\/uploads\/2022\/10\/9.jpeg\" alt=\"\" title=\"\" data-id=\"1837\"\/><\/figure><\/div><div class=\"wp-block-themeisle-blocks-slider-item-wrapper glide__slide\" tabindex=\"0\"><figure><img decoding=\"async\" class=\"wp-block-themeisle-blocks-slider-item\" src=\"http:\/\/coelloglobal.com\/wp-content\/uploads\/2022\/10\/10.jpeg\" alt=\"\" title=\"\" data-id=\"1838\"\/><\/figure><\/div><div class=\"wp-block-themeisle-blocks-slider-item-wrapper glide__slide\" tabindex=\"0\"><figure><img decoding=\"async\" class=\"wp-block-themeisle-blocks-slider-item\" src=\"http:\/\/coelloglobal.com\/wp-content\/uploads\/2022\/10\/11.jpeg\" alt=\"\" title=\"\" data-id=\"1839\"\/><\/figure><\/div><div class=\"wp-block-themeisle-blocks-slider-item-wrapper glide__slide\" tabindex=\"0\"><figure><img decoding=\"async\" class=\"wp-block-themeisle-blocks-slider-item\" src=\"http:\/\/coelloglobal.com\/wp-content\/uploads\/2022\/10\/12.jpeg\" alt=\"\" title=\"\" data-id=\"1840\"\/><\/figure><\/div><div class=\"wp-block-themeisle-blocks-slider-item-wrapper glide__slide\" tabindex=\"0\"><figure><img decoding=\"async\" class=\"wp-block-themeisle-blocks-slider-item\" src=\"http:\/\/coelloglobal.com\/wp-content\/uploads\/2022\/10\/13.jpeg\" alt=\"\" title=\"\" data-id=\"1841\"\/><\/figure><\/div><div class=\"wp-block-themeisle-blocks-slider-item-wrapper glide__slide\" tabindex=\"0\"><figure><img decoding=\"async\" class=\"wp-block-themeisle-blocks-slider-item\" src=\"http:\/\/coelloglobal.com\/wp-content\/uploads\/2022\/10\/14.jpeg\" alt=\"\" title=\"\" data-id=\"1842\"\/><\/figure><\/div><div class=\"wp-block-themeisle-blocks-slider-item-wrapper glide__slide\" tabindex=\"0\"><figure><img decoding=\"async\" class=\"wp-block-themeisle-blocks-slider-item\" src=\"http:\/\/coelloglobal.com\/wp-content\/uploads\/2022\/10\/15.jpeg\" alt=\"\" title=\"\" data-id=\"1843\"\/><\/figure><\/div><div class=\"wp-block-themeisle-blocks-slider-item-wrapper glide__slide\" tabindex=\"0\"><figure><img decoding=\"async\" class=\"wp-block-themeisle-blocks-slider-item\" src=\"http:\/\/coelloglobal.com\/wp-content\/uploads\/2022\/10\/16.jpeg\" alt=\"\" title=\"\" data-id=\"1844\"\/><\/figure><\/div><div class=\"wp-block-themeisle-blocks-slider-item-wrapper glide__slide\" tabindex=\"0\"><figure><img decoding=\"async\" class=\"wp-block-themeisle-blocks-slider-item\" src=\"http:\/\/coelloglobal.com\/wp-content\/uploads\/2022\/10\/17.jpeg\" alt=\"\" title=\"\" data-id=\"1845\"\/><\/figure><\/div><div class=\"wp-block-themeisle-blocks-slider-item-wrapper glide__slide\" tabindex=\"0\"><figure><img decoding=\"async\" class=\"wp-block-themeisle-blocks-slider-item\" src=\"http:\/\/coelloglobal.com\/wp-content\/uploads\/2022\/10\/18.jpeg\" alt=\"\" title=\"\" data-id=\"1846\"\/><\/figure><\/div><div class=\"wp-block-themeisle-blocks-slider-item-wrapper glide__slide\" tabindex=\"0\"><figure><img decoding=\"async\" class=\"wp-block-themeisle-blocks-slider-item\" src=\"http:\/\/coelloglobal.com\/wp-content\/uploads\/2022\/10\/19.jpeg\" alt=\"\" title=\"\" data-id=\"1847\"\/><\/figure><\/div><div class=\"wp-block-themeisle-blocks-slider-item-wrapper glide__slide\" tabindex=\"0\"><figure><img decoding=\"async\" class=\"wp-block-themeisle-blocks-slider-item\" src=\"http:\/\/coelloglobal.com\/wp-content\/uploads\/2022\/10\/20.jpeg\" alt=\"\" title=\"\" data-id=\"1848\"\/><\/figure><\/div><div class=\"wp-block-themeisle-blocks-slider-item-wrapper glide__slide\" tabindex=\"0\"><figure><img decoding=\"async\" class=\"wp-block-themeisle-blocks-slider-item\" src=\"http:\/\/coelloglobal.com\/wp-content\/uploads\/2022\/10\/21.jpeg\" alt=\"\" title=\"\" data-id=\"1849\"\/><\/figure><\/div><div class=\"wp-block-themeisle-blocks-slider-item-wrapper glide__slide\" tabindex=\"0\"><figure><img decoding=\"async\" class=\"wp-block-themeisle-blocks-slider-item\" src=\"http:\/\/coelloglobal.com\/wp-content\/uploads\/2022\/10\/22.jpeg\" alt=\"\" title=\"\" data-id=\"1850\"\/><\/figure><\/div><div class=\"wp-block-themeisle-blocks-slider-item-wrapper glide__slide\" tabindex=\"0\"><figure><img decoding=\"async\" class=\"wp-block-themeisle-blocks-slider-item\" src=\"http:\/\/coelloglobal.com\/wp-content\/uploads\/2022\/10\/23.jpeg\" alt=\"\" title=\"\" data-id=\"1851\"\/><\/figure><\/div><div class=\"wp-block-themeisle-blocks-slider-item-wrapper glide__slide\" tabindex=\"0\"><figure><img decoding=\"async\" class=\"wp-block-themeisle-blocks-slider-item\" src=\"http:\/\/coelloglobal.com\/wp-content\/uploads\/2022\/10\/24.jpeg\" alt=\"\" title=\"\" data-id=\"1852\"\/><\/figure><\/div><div class=\"wp-block-themeisle-blocks-slider-item-wrapper glide__slide\" tabindex=\"0\"><figure><img decoding=\"async\" class=\"wp-block-themeisle-blocks-slider-item\" src=\"http:\/\/coelloglobal.com\/wp-content\/uploads\/2022\/10\/25.jpeg\" alt=\"\" title=\"\" data-id=\"1853\"\/><\/figure><\/div><div class=\"wp-block-themeisle-blocks-slider-item-wrapper glide__slide\" tabindex=\"0\"><figure><img decoding=\"async\" class=\"wp-block-themeisle-blocks-slider-item\" src=\"http:\/\/coelloglobal.com\/wp-content\/uploads\/2022\/10\/26.jpeg\" alt=\"\" title=\"\" data-id=\"1855\"\/><\/figure><\/div><div class=\"wp-block-themeisle-blocks-slider-item-wrapper glide__slide\" tabindex=\"0\"><figure><img decoding=\"async\" class=\"wp-block-themeisle-blocks-slider-item\" src=\"http:\/\/coelloglobal.com\/wp-content\/uploads\/2022\/10\/27.jpeg\" alt=\"\" title=\"\" data-id=\"1856\"\/><\/figure><\/div><div class=\"wp-block-themeisle-blocks-slider-item-wrapper glide__slide\" tabindex=\"0\"><figure><img decoding=\"async\" class=\"wp-block-themeisle-blocks-slider-item\" src=\"http:\/\/coelloglobal.com\/wp-content\/uploads\/2022\/10\/28.jpeg\" alt=\"\" title=\"\" data-id=\"1857\"\/><\/figure><\/div><div class=\"wp-block-themeisle-blocks-slider-item-wrapper glide__slide\" tabindex=\"0\"><figure><img decoding=\"async\" class=\"wp-block-themeisle-blocks-slider-item\" src=\"http:\/\/coelloglobal.com\/wp-content\/uploads\/2022\/10\/29.jpeg\" alt=\"\" title=\"\" data-id=\"1858\"\/><\/figure><\/div><div class=\"wp-block-themeisle-blocks-slider-item-wrapper glide__slide\" tabindex=\"0\"><figure><img decoding=\"async\" class=\"wp-block-themeisle-blocks-slider-item\" src=\"http:\/\/coelloglobal.com\/wp-content\/uploads\/2022\/10\/30.jpeg\" alt=\"\" title=\"\" data-id=\"1859\"\/><\/figure><\/div><div class=\"wp-block-themeisle-blocks-slider-item-wrapper glide__slide\" tabindex=\"0\"><figure><img decoding=\"async\" class=\"wp-block-themeisle-blocks-slider-item\" src=\"http:\/\/coelloglobal.com\/wp-content\/uploads\/2022\/10\/31.jpeg\" alt=\"\" title=\"\" data-id=\"1860\"\/><\/figure><\/div><div class=\"wp-block-themeisle-blocks-slider-item-wrapper glide__slide\" tabindex=\"0\"><figure><img decoding=\"async\" class=\"wp-block-themeisle-blocks-slider-item\" src=\"http:\/\/coelloglobal.com\/wp-content\/uploads\/2022\/10\/32.jpeg\" alt=\"\" title=\"\" data-id=\"1861\"\/><\/figure><\/div><div class=\"wp-block-themeisle-blocks-slider-item-wrapper glide__slide\" tabindex=\"0\"><figure><img decoding=\"async\" class=\"wp-block-themeisle-blocks-slider-item\" src=\"http:\/\/coelloglobal.com\/wp-content\/uploads\/2022\/10\/33.jpeg\" alt=\"\" title=\"\" data-id=\"1862\"\/><\/figure><\/div><div class=\"wp-block-themeisle-blocks-slider-item-wrapper glide__slide\" tabindex=\"0\"><figure><img decoding=\"async\" class=\"wp-block-themeisle-blocks-slider-item\" src=\"http:\/\/coelloglobal.com\/wp-content\/uploads\/2022\/10\/34.jpeg\" alt=\"\" title=\"\" data-id=\"1863\"\/><\/figure><\/div><div class=\"wp-block-themeisle-blocks-slider-item-wrapper glide__slide\" tabindex=\"0\"><figure><img decoding=\"async\" class=\"wp-block-themeisle-blocks-slider-item\" src=\"http:\/\/coelloglobal.com\/wp-content\/uploads\/2022\/10\/35.jpeg\" alt=\"\" title=\"\" data-id=\"1864\"\/><\/figure><\/div><div class=\"wp-block-themeisle-blocks-slider-item-wrapper glide__slide\" tabindex=\"0\"><figure><img decoding=\"async\" class=\"wp-block-themeisle-blocks-slider-item\" src=\"http:\/\/coelloglobal.com\/wp-content\/uploads\/2022\/10\/36.jpeg\" alt=\"\" title=\"\" data-id=\"1865\"\/><\/figure><\/div><div class=\"wp-block-themeisle-blocks-slider-item-wrapper glide__slide\" tabindex=\"0\"><figure><img decoding=\"async\" class=\"wp-block-themeisle-blocks-slider-item\" src=\"http:\/\/coelloglobal.com\/wp-content\/uploads\/2022\/10\/37-scaled.jpg\" alt=\"\" title=\"\" data-id=\"1866\"\/><\/figure><\/div><div class=\"wp-block-themeisle-blocks-slider-item-wrapper glide__slide\" tabindex=\"0\"><figure><img decoding=\"async\" class=\"wp-block-themeisle-blocks-slider-item\" src=\"http:\/\/coelloglobal.com\/wp-content\/uploads\/2022\/10\/38-scaled.jpg\" alt=\"\" title=\"\" data-id=\"1867\"\/><\/figure><\/div><div class=\"wp-block-themeisle-blocks-slider-item-wrapper glide__slide\" tabindex=\"0\"><figure><img decoding=\"async\" class=\"wp-block-themeisle-blocks-slider-item\" src=\"http:\/\/coelloglobal.com\/wp-content\/uploads\/2022\/10\/39-scaled.jpg\" alt=\"\" title=\"\" data-id=\"1868\"\/><\/figure><\/div><div class=\"wp-block-themeisle-blocks-slider-item-wrapper glide__slide\" tabindex=\"0\"><figure><img decoding=\"async\" class=\"wp-block-themeisle-blocks-slider-item\" src=\"http:\/\/coelloglobal.com\/wp-content\/uploads\/2022\/10\/40-scaled.jpg\" alt=\"\" title=\"\" data-id=\"1869\"\/><\/figure><\/div><div class=\"wp-block-themeisle-blocks-slider-item-wrapper glide__slide\" tabindex=\"0\"><figure><img decoding=\"async\" class=\"wp-block-themeisle-blocks-slider-item\" src=\"blob:http:\/\/coelloglobal.com\/2b14805a-63d5-458c-b566-03fc4ff6270e\"\/><\/figure><\/div><div class=\"wp-block-themeisle-blocks-slider-item-wrapper glide__slide\" tabindex=\"0\"><figure><img decoding=\"async\" class=\"wp-block-themeisle-blocks-slider-item\" src=\"blob:http:\/\/coelloglobal.com\/938aa1d8-cb7a-4263-8066-a5771f2e1314\"\/><\/figure><\/div><div class=\"wp-block-themeisle-blocks-slider-item-wrapper glide__slide\" tabindex=\"0\"><figure><img decoding=\"async\" class=\"wp-block-themeisle-blocks-slider-item\" src=\"blob:http:\/\/coelloglobal.com\/7f1610da-79ae-47fc-9f04-2ec7ef979c01\"\/><\/figure><\/div><div class=\"wp-block-themeisle-blocks-slider-item-wrapper glide__slide\" tabindex=\"0\"><figure><img decoding=\"async\" class=\"wp-block-themeisle-blocks-slider-item\" src=\"blob:http:\/\/coelloglobal.com\/a614f032-ce2e-4505-980c-dc0ba4b99eb4\"\/><\/figure><\/div><div class=\"wp-block-themeisle-blocks-slider-item-wrapper glide__slide\" tabindex=\"0\"><figure><img decoding=\"async\" class=\"wp-block-themeisle-blocks-slider-item\" src=\"blob:http:\/\/coelloglobal.com\/8ece0de4-37a8-4d20-bf3e-2777f6899735\"\/><\/figure><\/div><div class=\"wp-block-themeisle-blocks-slider-item-wrapper glide__slide\" tabindex=\"0\"><figure><img decoding=\"async\" class=\"wp-block-themeisle-blocks-slider-item\" src=\"blob:http:\/\/coelloglobal.com\/5ac6a6ba-a0f1-409d-93b0-5a17a96f2fd5\"\/><\/figure><\/div><div class=\"wp-block-themeisle-blocks-slider-item-wrapper glide__slide\" tabindex=\"0\"><figure><img decoding=\"async\" class=\"wp-block-themeisle-blocks-slider-item\" src=\"blob:http:\/\/coelloglobal.com\/403dff9e-dea2-451f-8b88-7ff6f862d095\"\/><\/figure><\/div><div class=\"wp-block-themeisle-blocks-slider-item-wrapper glide__slide\" tabindex=\"0\"><figure><img decoding=\"async\" class=\"wp-block-themeisle-blocks-slider-item\" src=\"blob:http:\/\/coelloglobal.com\/a83b4749-3d5d-4f35-9cbe-a32ec4421e30\"\/><\/figure><\/div><div class=\"wp-block-themeisle-blocks-slider-item-wrapper glide__slide\" tabindex=\"0\"><figure><img decoding=\"async\" class=\"wp-block-themeisle-blocks-slider-item\" src=\"blob:http:\/\/coelloglobal.com\/ab705c0b-dde7-42bf-86b7-f6d00641c4fe\"\/><\/figure><\/div><div class=\"wp-block-themeisle-blocks-slider-item-wrapper glide__slide\" tabindex=\"0\"><figure><img decoding=\"async\" class=\"wp-block-themeisle-blocks-slider-item\" src=\"blob:http:\/\/coelloglobal.com\/8c0dc0ea-a489-4d59-b77e-b58880ac9fad\"\/><\/figure><\/div><\/div><div class=\"glide__arrows\" data-glide-el=\"controls\"><button class=\"glide__arrow glide__arrow--left\" data-glide-dir=\"<\"><svg xmlns=\"http:\/\/www.w3.org\/2000\/svg\" width=\"18\" height=\"18\" viewbox=\"0 0 100 100\" role=\"img\" aria-hidden=\"true\" focusable=\"false\"><path d=\"M 10,50 L 60,100 L 70,90 L 30,50  L 70,10 L 60,0 Z\"><\/path><\/svg><\/button><button class=\"glide__arrow glide__arrow--right\" data-glide-dir=\"&gt;\"><svg xmlns=\"http:\/\/www.w3.org\/2000\/svg\" width=\"18\" height=\"18\" viewbox=\"0 0 100 100\" role=\"img\" aria-hidden=\"true\" focusable=\"false\"><path d=\"M 10,50 L 60,100 L 70,90 L 30,50  L 70,10 L 60,0 Z\"><\/path><\/svg><\/button><\/div><div class=\"glide__bullets\" data-glide-el=\"controls[nav]\"><button class=\"glide__bullet\" data-glide-dir=\"=0\"><\/button><button class=\"glide__bullet\" data-glide-dir=\"=1\"><\/button><button class=\"glide__bullet\" data-glide-dir=\"=2\"><\/button><button class=\"glide__bullet\" data-glide-dir=\"=3\"><\/button><button class=\"glide__bullet\" data-glide-dir=\"=4\"><\/button><button class=\"glide__bullet\" data-glide-dir=\"=5\"><\/button><button class=\"glide__bullet\" data-glide-dir=\"=6\"><\/button><button class=\"glide__bullet\" data-glide-dir=\"=7\"><\/button><button class=\"glide__bullet\" data-glide-dir=\"=8\"><\/button><button class=\"glide__bullet\" data-glide-dir=\"=9\"><\/button><button class=\"glide__bullet\" data-glide-dir=\"=10\"><\/button><button class=\"glide__bullet\" data-glide-dir=\"=11\"><\/button><button class=\"glide__bullet\" data-glide-dir=\"=12\"><\/button><button class=\"glide__bullet\" data-glide-dir=\"=13\"><\/button><button class=\"glide__bullet\" data-glide-dir=\"=14\"><\/button><button class=\"glide__bullet\" data-glide-dir=\"=15\"><\/button><button class=\"glide__bullet\" data-glide-dir=\"=16\"><\/button><button class=\"glide__bullet\" data-glide-dir=\"=17\"><\/button><button class=\"glide__bullet\" data-glide-dir=\"=18\"><\/button><button class=\"glide__bullet\" data-glide-dir=\"=19\"><\/button><button class=\"glide__bullet\" data-glide-dir=\"=20\"><\/button><button class=\"glide__bullet\" data-glide-dir=\"=21\"><\/button><button class=\"glide__bullet\" data-glide-dir=\"=22\"><\/button><button class=\"glide__bullet\" data-glide-dir=\"=23\"><\/button><button class=\"glide__bullet\" data-glide-dir=\"=24\"><\/button><button class=\"glide__bullet\" data-glide-dir=\"=25\"><\/button><button class=\"glide__bullet\" data-glide-dir=\"=26\"><\/button><button class=\"glide__bullet\" data-glide-dir=\"=27\"><\/button><button class=\"glide__bullet\" data-glide-dir=\"=28\"><\/button><button class=\"glide__bullet\" data-glide-dir=\"=29\"><\/button><button class=\"glide__bullet\" data-glide-dir=\"=30\"><\/button><button class=\"glide__bullet\" data-glide-dir=\"=31\"><\/button><button class=\"glide__bullet\" data-glide-dir=\"=32\"><\/button><button class=\"glide__bullet\" data-glide-dir=\"=33\"><\/button><button class=\"glide__bullet\" data-glide-dir=\"=34\"><\/button><button class=\"glide__bullet\" data-glide-dir=\"=35\"><\/button><button class=\"glide__bullet\" data-glide-dir=\"=36\"><\/button><button class=\"glide__bullet\" data-glide-dir=\"=37\"><\/button><button class=\"glide__bullet\" data-glide-dir=\"=38\"><\/button><button class=\"glide__bullet\" data-glide-dir=\"=39\"><\/button><button class=\"glide__bullet\" data-glide-dir=\"=40\"><\/button><button class=\"glide__bullet\" data-glide-dir=\"=41\"><\/button><button class=\"glide__bullet\" data-glide-dir=\"=42\"><\/button><button class=\"glide__bullet\" data-glide-dir=\"=43\"><\/button><button class=\"glide__bullet\" data-glide-dir=\"=44\"><\/button><button class=\"glide__bullet\" data-glide-dir=\"=45\"><\/button><button class=\"glide__bullet\" data-glide-dir=\"=46\"><\/button><button class=\"glide__bullet\" data-glide-dir=\"=47\"><\/button><button class=\"glide__bullet\" data-glide-dir=\"=48\"><\/button><\/div><\/div><\/div>\n\n\n\n<figure class=\"wp-block-embed-youtube wp-block-embed is-type-video is-provider-youtube wp-embed-aspect-16-9 wp-has-aspect-ratio\"><div class=\"wp-block-embed__wrapper\">\n<iframe loading=\"lazy\" title=\"Property For Sale in Barcelona C\/ Rosellon\" width=\"525\" height=\"295\" src=\"https:\/\/www.youtube.com\/embed\/1B1H4j4f5vo?feature=oembed\" frameborder=\"0\" allow=\"accelerometer; autoplay; clipboard-write; encrypted-media; gyroscope; picture-in-picture; web-share\" referrerpolicy=\"strict-origin-when-cross-origin\" allowfullscreen><\/iframe>\n<\/div><\/figure>\n\n\n\n<p><strong>PRECIO: 458.000 \u20ac<\/strong><\/p>\n\n\n\n<p>BARCELONA-EIXAMPLE-C\/ ROSELLON-Piso Reformado 92 m2- 3hab- 2 ba\u00f1os- 2 balcones <\/p>\n\n\n\n<p>Coello Global vende vivienda reformada a estrenar con altas calidades, en la zona de calle Rossell\u00f3 y calle Viladomat en Barcelona.<br><br>Gran Oportunidad se vende inmueble de 92 m2, reformado \u00edntegramente a estrenar con acabados de primera calidad.<br><br>El inmueble es una tercera planta en finca moderna con ascensor.<br><br>La vivienda es exterior con vistas a la calle Rossell\u00f3. Consta de 3 habitaciones una de ellas en suit con ba\u00f1o privado y vestidor, cocina estilo americano equipada con electrodom\u00e9sticos (nevera, lavadora, lavavajillas, horno, microondas, placa de cocina, campana), sal\u00f3n-comedor con vistas al exterior a la calle Rossell\u00f3, 2 ba\u00f1os completos. Consta de 2 balcones uno a la calle Rossell\u00f3 y otro a un patio de manzana muy amplio.<br>Suelo de parquet, ventanas de aluminio doble cristal, puertas de madera, aire acondicionado con bomba de calor, los techos del inmueble son volta catalana<br>El inmueble se encuentra orientado al mar, orientaci\u00f3n sur, cerca de transporte p\u00fablico, parada de buses, metro, cerca de comercios, supermercados, colegios, restaurantes.<br><br> <br><br>Para mayor informaci\u00f3n cont\u00e1ctanos<br><br>No dudes en venir a visitarlo.<br><br>Coello Global Financiamiento: Te proporcionamos asesoramiento financiero y te ayudamos a conseguir financiamiento para la adquisici\u00f3n de tu inmueble, para m\u00e1s informaci\u00f3n cont\u00e1ctanos.<\/p>\n\n\n\n<p><strong>CARACTER\u00cdSTICAS B\u00c1SICAS DEL INMUEBLE<\/strong><\/p>\n\n\n\n<ul class=\"wp-block-list\"><li>92 m\u00b2<\/li><li>3 habitaci\u00f3n, una en suit <\/li><li>Sal\u00f3n \u2013 Comedor<\/li><li>Cocina equipada con electrodom\u00e9sticos<\/li><li>2 ba\u00f1o<\/li><li>3 \u00aa planta \u2013 exterior<\/li><li>2 Balcones <\/li><li>calefacci\u00f3n individual<\/li><li>Ascensor.<\/li><li>Climatizaci\u00f3n por ducto <\/li><li>Reformado a estrenar<\/li><li>Orientaci\u00f3n al mar, sur <\/li><\/ul>\n\n\n\n<p><br><\/p>\n","protected":false},"excerpt":{"rendered":"<p>PRECIO: 458.000 \u20ac BARCELONA-EIXAMPLE-C\/ ROSELLON-Piso Reformado 92 m2- 3hab- 2 ba\u00f1os- 2 balcones Coello Global vende vivienda reformada a estrenar con altas calidades, en la zona de calle Rossell\u00f3 y calle Viladomat en Barcelona. Gran Oportunidad se vende inmueble de 92 m2, reformado \u00edntegramente a estrenar con acabados de primera calidad. El inmueble es una &hellip; <\/p>\n<p class=\"link-more\"><a href=\"https:\/\/coelloglobal.com\/index.php\/piso-c-rossello-barcelona\/\" class=\"more-link\">Continue reading<span class=\"screen-reader-text\"> &#8220;Venta piso Barcelona- 458.000 \u20ac- Ref: CG 0021&#8221;<\/span><\/a><\/p>\n","protected":false},"author":1,"featured_media":1867,"parent":0,"menu_order":0,"comment_status":"closed","ping_status":"closed","template":"","meta":{"footnotes":""},"class_list":["post-1675","page","type-page","status-publish","has-post-thumbnail","hentry"],"_links":{"self":[{"href":"https:\/\/coelloglobal.com\/index.php\/wp-json\/wp\/v2\/pages\/1675","targetHints":{"allow":["GET"]}}],"collection":[{"href":"https:\/\/coelloglobal.com\/index.php\/wp-json\/wp\/v2\/pages"}],"about":[{"href":"https:\/\/coelloglobal.com\/index.php\/wp-json\/wp\/v2\/types\/page"}],"author":[{"embeddable":true,"href":"https:\/\/coelloglobal.com\/index.php\/wp-json\/wp\/v2\/users\/1"}],"replies":[{"embeddable":true,"href":"https:\/\/coelloglobal.com\/index.php\/wp-json\/wp\/v2\/comments?post=1675"}],"version-history":[{"count":17,"href":"https:\/\/coelloglobal.com\/index.php\/wp-json\/wp\/v2\/pages\/1675\/revisions"}],"predecessor-version":[{"id":3176,"href":"https:\/\/coelloglobal.com\/index.php\/wp-json\/wp\/v2\/pages\/1675\/revisions\/3176"}],"wp:featuredmedia":[{"embeddable":true,"href":"https:\/\/coelloglobal.com\/index.php\/wp-json\/wp\/v2\/media\/1867"}],"wp:attachment":[{"href":"https:\/\/coelloglobal.com\/index.php\/wp-json\/wp\/v2\/media?parent=1675"}],"curies":[{"name":"wp","href":"https:\/\/api.w.org\/{rel}","templated":true}]}}