{"id":1803,"date":"2022-09-29T22:25:30","date_gmt":"2022-09-29T22:25:30","guid":{"rendered":"http:\/\/coelloglobal.com\/?page_id=1803"},"modified":"2026-01-21T20:34:28","modified_gmt":"2026-01-21T20:34:28","slug":"gestion-de-patrimonio","status":"publish","type":"page","link":"https:\/\/coelloglobal.com\/index.php\/gestion-de-patrimonio\/","title":{"rendered":"Gesti\u00f3n de Patrimonio"},"content":{"rendered":"\n<p><strong>GESTI\u00d3N PATRIMONIAL<\/strong><\/p>\n\n\n\n<p>Ofrecemos asesoramiento financiero personalizado a nuestros clientes. Nuestro principal objetivo es encontrar las soluciones de cobertura m\u00e1s adecuadas y personalizadas para todo tipo de activos con m\u00e1xima discreci\u00f3n.   <\/p>\n\n\n\n<p>Nuestro equipo financiero y legal le ayudar\u00e1 y guiar\u00e1 en su estrategia de inversi\u00f3n <\/p>\n\n\n\n<figure class=\"wp-block-image size-thumbnail\"><img loading=\"lazy\" decoding=\"async\" width=\"150\" height=\"150\" src=\"http:\/\/coelloglobal.com\/wp-content\/uploads\/2022\/06\/falg-uk-150x150.jpg\" alt=\"\" class=\"wp-image-1667\" srcset=\"https:\/\/coelloglobal.com\/wp-content\/uploads\/2022\/06\/falg-uk-150x150.jpg 150w, https:\/\/coelloglobal.com\/wp-content\/uploads\/2022\/06\/falg-uk-100x100.jpg 100w\" sizes=\"auto, (max-width: 150px) 100vw, 150px\" \/><\/figure>\n\n\n\n<p><strong>WEALTH MANAGEMENT<\/strong><\/p>\n\n\n\n<p>We provide bespoke financial advise for our customers. Our main spirit is to find the best adequate tailor-made hedging solutions for our clients assests of all kind with utmost privacy. <\/p>\n\n\n\n<p>Our financial and legal team will assist and guide you along  your investment strategy.<\/p>\n\n\n\n<p><\/p>\n\n\n\n<div class=\"wp-block-columns is-layout-flex wp-container-core-columns-is-layout-9d6595d7 wp-block-columns-is-layout-flex\">\n<div class=\"wp-block-column is-layout-flow wp-block-column-is-layout-flow\">\n<figure class=\"wp-block-image size-large\"><img loading=\"lazy\" decoding=\"async\" width=\"996\" height=\"747\" src=\"http:\/\/coelloglobal.com\/wp-content\/uploads\/2022\/09\/euros-paquetes.jpg\" alt=\"\" class=\"wp-image-1804\" srcset=\"https:\/\/coelloglobal.com\/wp-content\/uploads\/2022\/09\/euros-paquetes.jpg 996w, https:\/\/coelloglobal.com\/wp-content\/uploads\/2022\/09\/euros-paquetes-300x225.jpg 300w, https:\/\/coelloglobal.com\/wp-content\/uploads\/2022\/09\/euros-paquetes-768x576.jpg 768w, https:\/\/coelloglobal.com\/wp-content\/uploads\/2022\/09\/euros-paquetes-16x12.jpg 16w\" sizes=\"auto, (max-width: 767px) 89vw, (max-width: 1000px) 54vw, (max-width: 1071px) 543px, 580px\" \/><\/figure>\n<\/div>\n\n\n\n<div class=\"wp-block-column is-layout-flow wp-block-column-is-layout-flow\">\n<figure class=\"wp-block-image size-large\"><img loading=\"lazy\" decoding=\"async\" width=\"674\" height=\"420\" src=\"http:\/\/coelloglobal.com\/wp-content\/uploads\/2022\/09\/euro-dolar.jpg\" alt=\"\" class=\"wp-image-1805\" srcset=\"https:\/\/coelloglobal.com\/wp-content\/uploads\/2022\/09\/euro-dolar.jpg 674w, https:\/\/coelloglobal.com\/wp-content\/uploads\/2022\/09\/euro-dolar-300x187.jpg 300w, https:\/\/coelloglobal.com\/wp-content\/uploads\/2022\/09\/euro-dolar-18x12.jpg 18w\" sizes=\"auto, (max-width: 674px) 100vw, 674px\" \/><\/figure>\n<\/div>\n<\/div>\n\n\n\n<div class=\"wp-block-columns is-layout-flex wp-container-core-columns-is-layout-9d6595d7 wp-block-columns-is-layout-flex\">\n<div class=\"wp-block-column is-layout-flow wp-block-column-is-layout-flow\">\n<figure class=\"wp-block-image size-large\"><img loading=\"lazy\" decoding=\"async\" width=\"1024\" height=\"640\" src=\"http:\/\/coelloglobal.com\/wp-content\/uploads\/2022\/09\/lingote_de_oro_20130225_1127676954-1024x640.jpg\" alt=\"\" class=\"wp-image-1806\" srcset=\"https:\/\/coelloglobal.com\/wp-content\/uploads\/2022\/09\/lingote_de_oro_20130225_1127676954-1024x640.jpg 1024w, https:\/\/coelloglobal.com\/wp-content\/uploads\/2022\/09\/lingote_de_oro_20130225_1127676954-300x188.jpg 300w, https:\/\/coelloglobal.com\/wp-content\/uploads\/2022\/09\/lingote_de_oro_20130225_1127676954-768x480.jpg 768w, https:\/\/coelloglobal.com\/wp-content\/uploads\/2022\/09\/lingote_de_oro_20130225_1127676954-1536x960.jpg 1536w, https:\/\/coelloglobal.com\/wp-content\/uploads\/2022\/09\/lingote_de_oro_20130225_1127676954-2048x1280.jpg 2048w, https:\/\/coelloglobal.com\/wp-content\/uploads\/2022\/09\/lingote_de_oro_20130225_1127676954-18x12.jpg 18w\" sizes=\"auto, (max-width: 767px) 89vw, (max-width: 1000px) 54vw, (max-width: 1071px) 543px, 580px\" \/><\/figure>\n<\/div>\n\n\n\n<div class=\"wp-block-column is-layout-flow wp-block-column-is-layout-flow\">\n<figure class=\"wp-block-image size-large\"><img loading=\"lazy\" decoding=\"async\" width=\"762\" height=\"1024\" src=\"http:\/\/coelloglobal.com\/wp-content\/uploads\/2022\/09\/piedras-brutas-762x1024.jpeg\" alt=\"\" class=\"wp-image-1807\" srcset=\"https:\/\/coelloglobal.com\/wp-content\/uploads\/2022\/09\/piedras-brutas-762x1024.jpeg 762w, https:\/\/coelloglobal.com\/wp-content\/uploads\/2022\/09\/piedras-brutas-223x300.jpeg 223w, https:\/\/coelloglobal.com\/wp-content\/uploads\/2022\/09\/piedras-brutas-768x1032.jpeg 768w, https:\/\/coelloglobal.com\/wp-content\/uploads\/2022\/09\/piedras-brutas-9x12.jpeg 9w, https:\/\/coelloglobal.com\/wp-content\/uploads\/2022\/09\/piedras-brutas.jpeg 1072w\" sizes=\"auto, (max-width: 706px) 89vw, (max-width: 767px) 82vw, 740px\" \/><\/figure>\n<\/div>\n<\/div>\n\n\n\n<div class=\"wp-block-columns is-layout-flex wp-container-core-columns-is-layout-9d6595d7 wp-block-columns-is-layout-flex\">\n<div class=\"wp-block-column is-layout-flow wp-block-column-is-layout-flow\">\n<figure class=\"wp-block-image size-large\"><img loading=\"lazy\" decoding=\"async\" width=\"367\" height=\"332\" src=\"http:\/\/coelloglobal.com\/wp-content\/uploads\/2022\/09\/piedras-brutas1.jpeg\" alt=\"\" class=\"wp-image-1808\" srcset=\"https:\/\/coelloglobal.com\/wp-content\/uploads\/2022\/09\/piedras-brutas1.jpeg 367w, https:\/\/coelloglobal.com\/wp-content\/uploads\/2022\/09\/piedras-brutas1-300x271.jpeg 300w, https:\/\/coelloglobal.com\/wp-content\/uploads\/2022\/09\/piedras-brutas1-13x12.jpeg 13w\" sizes=\"auto, (max-width: 367px) 100vw, 367px\" \/><\/figure>\n<\/div>\n\n\n\n<div class=\"wp-block-column is-layout-flow wp-block-column-is-layout-flow\"><\/div>\n<\/div>\n","protected":false},"excerpt":{"rendered":"<p>GESTI\u00d3N PATRIMONIAL Ofrecemos asesoramiento financiero personalizado a nuestros clientes. Nuestro principal objetivo es encontrar las soluciones de cobertura m\u00e1s adecuadas y personalizadas para todo tipo de activos con m\u00e1xima discreci\u00f3n. Nuestro equipo financiero y legal le ayudar\u00e1 y guiar\u00e1 en su estrategia de inversi\u00f3n WEALTH MANAGEMENT We provide bespoke financial advise for our customers. Our &hellip; <\/p>\n<p class=\"link-more\"><a href=\"https:\/\/coelloglobal.com\/index.php\/gestion-de-patrimonio\/\" class=\"more-link\">Continue reading<span class=\"screen-reader-text\"> &#8220;Gesti\u00f3n de Patrimonio&#8221;<\/span><\/a><\/p>\n","protected":false},"author":1,"featured_media":1814,"parent":0,"menu_order":0,"comment_status":"closed","ping_status":"closed","template":"","meta":{"footnotes":""},"class_list":["post-1803","page","type-page","status-publish","has-post-thumbnail","hentry"],"_links":{"self":[{"href":"https:\/\/coelloglobal.com\/index.php\/wp-json\/wp\/v2\/pages\/1803","targetHints":{"allow":["GET"]}}],"collection":[{"href":"https:\/\/coelloglobal.com\/index.php\/wp-json\/wp\/v2\/pages"}],"about":[{"href":"https:\/\/coelloglobal.com\/index.php\/wp-json\/wp\/v2\/types\/page"}],"author":[{"embeddable":true,"href":"https:\/\/coelloglobal.com\/index.php\/wp-json\/wp\/v2\/users\/1"}],"replies":[{"embeddable":true,"href":"https:\/\/coelloglobal.com\/index.php\/wp-json\/wp\/v2\/comments?post=1803"}],"version-history":[{"count":11,"href":"https:\/\/coelloglobal.com\/index.php\/wp-json\/wp\/v2\/pages\/1803\/revisions"}],"predecessor-version":[{"id":4660,"href":"https:\/\/coelloglobal.com\/index.php\/wp-json\/wp\/v2\/pages\/1803\/revisions\/4660"}],"wp:featuredmedia":[{"embeddable":true,"href":"https:\/\/coelloglobal.com\/index.php\/wp-json\/wp\/v2\/media\/1814"}],"wp:attachment":[{"href":"https:\/\/coelloglobal.com\/index.php\/wp-json\/wp\/v2\/media?parent=1803"}],"curies":[{"name":"wp","href":"https:\/\/api.w.org\/{rel}","templated":true}]}}