{"id":2215,"date":"2022-12-22T23:11:46","date_gmt":"2022-12-22T23:11:46","guid":{"rendered":"http:\/\/coelloglobal.com\/?page_id=2215"},"modified":"2022-12-23T00:36:43","modified_gmt":"2022-12-23T00:36:43","slug":"golden-visa","status":"publish","type":"page","link":"https:\/\/coelloglobal.com\/index.php\/golden-visa\/","title":{"rendered":"Spain Golden Visa"},"content":{"rendered":"\n<p><strong>Golden Visa<\/strong><\/p>\n\n\n\n<p><strong>Residencia por inversi\u00f3n en Espa\u00f1a<\/strong><\/p>\n\n\n\n<figure class=\"wp-block-image size-large\"><img loading=\"lazy\" decoding=\"async\" width=\"500\" height=\"336\" src=\"http:\/\/coelloglobal.com\/wp-content\/uploads\/2022\/12\/Golden-Visa-Spain-01.png\" alt=\"\" class=\"wp-image-2225\" srcset=\"https:\/\/coelloglobal.com\/wp-content\/uploads\/2022\/12\/Golden-Visa-Spain-01.png 500w, https:\/\/coelloglobal.com\/wp-content\/uploads\/2022\/12\/Golden-Visa-Spain-01-300x202.png 300w, https:\/\/coelloglobal.com\/wp-content\/uploads\/2022\/12\/Golden-Visa-Spain-01-18x12.png 18w\" sizes=\"auto, (max-width: 500px) 100vw, 500px\" \/><\/figure>\n\n\n\n<h2 class=\"wp-block-heading\"><strong>La Golden Visa es un tipo de visado creado por el gobierno\nespa\u00f1ol con el fin de apoyar la inversi\u00f3n inmobiliaria extranjera, por el cual,\nlas personas que se acojan a esta figura gozar\u00e1n de una serie de ventajas, como\nson la entrada y permanencia en Espa\u00f1a mediante un permiso de residencia.<\/strong><\/h2>\n\n\n\n<p>Para poder acogerse a este visado, es tambi\u00e9n necesario cumplir\ncon una serie de requisitos:<\/p>\n\n\n\n<ul class=\"wp-block-list\"><li>La inversi\u00f3n inmobiliaria m\u00ednima realizada deber\u00e1 ser de 500.000\nEUR. <\/li><li>Documento que pruebe la realizaci\u00f3n de dicha inversi\u00f3n (contrato\nde compraventa, escritura notarial, documento del registro de la propiedad).<\/li><li>Contar con Seguro P\u00fablico o Privado de Enfermedad con una\nentidad aseguradora con capacidad de operar en Espa\u00f1a. <\/li><li>Carecer de antecedentes penales en Espa\u00f1a y en los pa\u00edses en los\nque haya residido en los \u00faltimos 5 a\u00f1os. <\/li><li>Se exige visitar Espa\u00f1a al menos una vez durante el periodo de\nresidencia.<\/li><\/ul>\n\n\n\n<h2 class=\"wp-block-heading\"><strong>Beneficios que otorga la\nadquisici\u00f3n de este visado:<\/strong><\/h2>\n\n\n\n<ul class=\"wp-block-list\"><li>Permiso de residencia temporal en Espa\u00f1a de al menos 1 a\u00f1o,\nprorrogables por periodos de 2 a\u00f1os (autorizaci\u00f3n de residencia), hasta 5 a\u00f1os\nsiempre que se mantenga la inversi\u00f3n realizada.<\/li><li>La autorizaci\u00f3n de residencia otorga la opci\u00f3n de trabajar si\nas\u00ed lo desea.-Extensi\u00f3n de este permiso a los familiares directos. <\/li><li>Opci\u00f3n de obtener, posteriormente, el permiso de residencia\npermanente (requisito exigido para esta opci\u00f3n&#8211;residencia de 5 a\u00f1os)<\/li><li>Opci\u00f3n de obtener la nacionalidad. <\/li><\/ul>\n\n\n\n<h2 class=\"wp-block-heading\"><strong>Nuestros servicios\n<\/strong><\/h2>\n\n\n\n<p>Nuestro gabinete de abogados le brindara asesoramiento desde\nel primer instante hasta la obtenci\u00f3n de la Golden Visa. Para proporcionar mayores\nfacilidades a nuestros clientes en nuestro gabinete se habla fluidamente ingl\u00e9s,\nfranc\u00e9s, espa\u00f1ol, catal\u00e1n, ruso, chino, \u00e1rabe. <\/p>\n\n\n\n<h2 class=\"wp-block-heading\"><strong>&nbsp;Tarifas<\/strong><\/h2>\n\n\n\n<p>Respecto a las\ntarifas, dividimos el proceso de negocio de la siguiente manera:<\/p>\n\n\n\n<p><strong>Entrevista:&nbsp;<\/strong>di\u00e1logo con el cliente o su representante para conocer las\ncaracter\u00edsticas y criterios que se ajustan al inmueble o inversi\u00f3n que quiere\nrealizar.<\/p>\n\n\n\n<p><strong>Pre-contrato:<\/strong>&nbsp;inicio de actividad, b\u00fasqueda y visita de los inmuebles y\ndistintas opciones para realizar una pre-selecci\u00f3n de las diferentes\nposibilidades que se ajusten a los criterios y exigencias del cliente. An\u00e1lisis\nde todas las ofertas dentro del mercado espa\u00f1ol y selecci\u00f3n final.<\/p>\n\n\n\n<p>2000 EUR<\/p>\n\n\n\n<p><strong>Contrato:&nbsp;<\/strong>visita con el cliente (no indispensable) de las distintas\nofertas seleccionadas para determinar la m\u00e1s atractiva para el cliente. Informe de tasaci\u00f3n e\ninvestigaci\u00f3n de cargas de los inmuebles. Negociaci\u00f3n con el vendedor,\nreduciendo hasta un 30% el precio de mercado del inmueble. Contrato de arras,\nnotar\u00eda, inscripci\u00f3n registral, gestiones administrativas.<\/p>\n\n\n\n<p>4000 EUR + 6% de la inversi\u00f3n.<\/p>\n\n\n\n<p><strong>Golden Visa<\/strong><\/p>\n\n\n\n<p><strong>Residence by Property investment in Spain<\/strong><\/p>\n\n\n\n<p>The Golden Visa is a type of visa created by the Spanish government in order to support foreign real estate investment, through which people who take advantage of this figure will enjoy a series of advantages, such as entry and stay in Spain. Through a residence permit.<\/p>\n\n\n\n<p>In order to be eligible for this visa, it is also necessary to meet a series of requirements:<\/p>\n\n\n\n<p> \u2022 The minimum real estate investment made must be EUR 500,000. <\/p>\n\n\n\n<p>\u2022 Document that proves the realization of said investment (purchase contract, notarial deed, property registry document).<\/p>\n\n\n\n<p>\u2022 Have Public or Private Health Insurance with an insurance entity with the capacity to operate in Spain.<\/p>\n\n\n\n<p>\u2022 Have no criminal record in Spain and in the countries where you have resided in the last 5 years.<\/p>\n\n\n\n<p>\u2022 It is required to visit Spain at least once during the period of residence.<\/p>\n\n\n\n<p><strong>Our services<\/strong><\/p>\n\n\n\n<p>Our law firm will provide advice from the first moment until obtaining the Golden Visa. To provide greater facilities to our clients, our office speaks fluently English, French, Spanish, Catalan, Russian, Chinese, and Arabic.<\/p>\n\n\n\n<p>Regarding fees, we divide the business process as follows:<\/p>\n\n\n\n<p><strong>Personal Interview:<\/strong> dialogue with the client or his representative to find out the characteristics and criteria that fit the property or investment he wants to make.<\/p>\n\n\n\n<p><strong>Pre-contract:<\/strong> start of activity, search and visit of the properties and different options to carry out a pre-selection of the different possibilities that adjust to the criteria and requirements of the client. Analysis of all offers within the Spanish market and final selection. \u20ac2000<\/p>\n\n\n\n<p><strong>Contract:<\/strong> visit with the client (not essential) of the different offers selected to determine the most attractive one for the client. Report of appraisal and investigation of real estate charges. Negotiation with the seller, reducing up to 20% the market price of the property. Deposit contract, notary, registration, administrative procedures. 4000 EUR + 6% of the investment.<\/p>\n","protected":false},"excerpt":{"rendered":"<p>Golden Visa Residencia por inversi\u00f3n en Espa\u00f1a La Golden Visa es un tipo de visado creado por el gobierno espa\u00f1ol con el fin de apoyar la inversi\u00f3n inmobiliaria extranjera, por el cual, las personas que se acojan a esta figura gozar\u00e1n de una serie de ventajas, como son la entrada y permanencia en Espa\u00f1a mediante &hellip; <\/p>\n<p class=\"link-more\"><a href=\"https:\/\/coelloglobal.com\/index.php\/golden-visa\/\" class=\"more-link\">Continue reading<span class=\"screen-reader-text\"> &#8220;Spain Golden Visa&#8221;<\/span><\/a><\/p>\n","protected":false},"author":1,"featured_media":2224,"parent":0,"menu_order":0,"comment_status":"closed","ping_status":"closed","template":"","meta":{"footnotes":""},"class_list":["post-2215","page","type-page","status-publish","has-post-thumbnail","hentry"],"_links":{"self":[{"href":"https:\/\/coelloglobal.com\/index.php\/wp-json\/wp\/v2\/pages\/2215","targetHints":{"allow":["GET"]}}],"collection":[{"href":"https:\/\/coelloglobal.com\/index.php\/wp-json\/wp\/v2\/pages"}],"about":[{"href":"https:\/\/coelloglobal.com\/index.php\/wp-json\/wp\/v2\/types\/page"}],"author":[{"embeddable":true,"href":"https:\/\/coelloglobal.com\/index.php\/wp-json\/wp\/v2\/users\/1"}],"replies":[{"embeddable":true,"href":"https:\/\/coelloglobal.com\/index.php\/wp-json\/wp\/v2\/comments?post=2215"}],"version-history":[{"count":4,"href":"https:\/\/coelloglobal.com\/index.php\/wp-json\/wp\/v2\/pages\/2215\/revisions"}],"predecessor-version":[{"id":2229,"href":"https:\/\/coelloglobal.com\/index.php\/wp-json\/wp\/v2\/pages\/2215\/revisions\/2229"}],"wp:featuredmedia":[{"embeddable":true,"href":"https:\/\/coelloglobal.com\/index.php\/wp-json\/wp\/v2\/media\/2224"}],"wp:attachment":[{"href":"https:\/\/coelloglobal.com\/index.php\/wp-json\/wp\/v2\/media?parent=2215"}],"curies":[{"name":"wp","href":"https:\/\/api.w.org\/{rel}","templated":true}]}}