{"id":2231,"date":"2023-01-04T17:38:00","date_gmt":"2023-01-04T17:38:00","guid":{"rendered":"http:\/\/coelloglobal.com\/?page_id=2231"},"modified":"2023-10-11T15:43:10","modified_gmt":"2023-10-11T15:43:10","slug":"venta-piso-en-san-gervasi-galvany-barcelona","status":"publish","type":"page","link":"https:\/\/coelloglobal.com\/index.php\/venta-piso-en-san-gervasi-galvany-barcelona\/","title":{"rendered":"Venta Piso Barcelona 565.000 \u20ac Ref: CG 0024"},"content":{"rendered":"\n<div id=\"wp-block-themeisle-blocks-slider-9d7c9a0b\" class=\"wp-block-themeisle-blocks-slider glide\" data-per-view=\"1\" data-gap=\"0\" data-peek=\"0\" data-autoplay=\"true\" data-height=\"400px\"><div class=\"glide__track\" data-glide-el=\"track\"><div class=\"glide__slides\"><div class=\"wp-block-themeisle-blocks-slider-item-wrapper glide__slide\" tabindex=\"0\"><figure><img decoding=\"async\" class=\"wp-block-themeisle-blocks-slider-item\" src=\"http:\/\/coelloglobal.com\/wp-content\/uploads\/2023\/01\/1a.jpeg\" alt=\"\" title=\"\" data-id=\"2232\"\/><\/figure><\/div><div class=\"wp-block-themeisle-blocks-slider-item-wrapper glide__slide\" tabindex=\"0\"><figure><img decoding=\"async\" class=\"wp-block-themeisle-blocks-slider-item\" src=\"http:\/\/coelloglobal.com\/wp-content\/uploads\/2023\/01\/1b.jpeg\" alt=\"\" title=\"\" data-id=\"2233\"\/><\/figure><\/div><div class=\"wp-block-themeisle-blocks-slider-item-wrapper glide__slide\" tabindex=\"0\"><figure><img decoding=\"async\" class=\"wp-block-themeisle-blocks-slider-item\" src=\"http:\/\/coelloglobal.com\/wp-content\/uploads\/2023\/01\/1c.jpeg\" alt=\"\" title=\"\" data-id=\"2234\"\/><\/figure><\/div><div class=\"wp-block-themeisle-blocks-slider-item-wrapper glide__slide\" tabindex=\"0\"><figure><img decoding=\"async\" class=\"wp-block-themeisle-blocks-slider-item\" src=\"http:\/\/coelloglobal.com\/wp-content\/uploads\/2023\/01\/1d.jpeg\" alt=\"\" title=\"\" data-id=\"2235\"\/><\/figure><\/div><div class=\"wp-block-themeisle-blocks-slider-item-wrapper glide__slide\" tabindex=\"0\"><figure><img decoding=\"async\" class=\"wp-block-themeisle-blocks-slider-item\" src=\"http:\/\/coelloglobal.com\/wp-content\/uploads\/2023\/01\/1e.jpeg\" alt=\"\" title=\"\" data-id=\"2236\"\/><\/figure><\/div><div class=\"wp-block-themeisle-blocks-slider-item-wrapper glide__slide\" tabindex=\"0\"><figure><img decoding=\"async\" class=\"wp-block-themeisle-blocks-slider-item\" src=\"http:\/\/coelloglobal.com\/wp-content\/uploads\/2023\/01\/1f.jpeg\" alt=\"\" title=\"\" data-id=\"2237\"\/><\/figure><\/div><div class=\"wp-block-themeisle-blocks-slider-item-wrapper glide__slide\" tabindex=\"0\"><figure><img decoding=\"async\" class=\"wp-block-themeisle-blocks-slider-item\" src=\"http:\/\/coelloglobal.com\/wp-content\/uploads\/2023\/01\/1g.jpeg\" alt=\"\" title=\"\" data-id=\"2238\"\/><\/figure><\/div><div class=\"wp-block-themeisle-blocks-slider-item-wrapper glide__slide\" tabindex=\"0\"><figure><img decoding=\"async\" class=\"wp-block-themeisle-blocks-slider-item\" src=\"http:\/\/coelloglobal.com\/wp-content\/uploads\/2023\/01\/1h.jpeg\" alt=\"\" title=\"\" data-id=\"2239\"\/><\/figure><\/div><div class=\"wp-block-themeisle-blocks-slider-item-wrapper glide__slide\" tabindex=\"0\"><figure><img decoding=\"async\" class=\"wp-block-themeisle-blocks-slider-item\" src=\"http:\/\/coelloglobal.com\/wp-content\/uploads\/2023\/01\/1i.jpeg\" alt=\"\" title=\"\" data-id=\"2240\"\/><\/figure><\/div><div class=\"wp-block-themeisle-blocks-slider-item-wrapper glide__slide\" tabindex=\"0\"><figure><img decoding=\"async\" class=\"wp-block-themeisle-blocks-slider-item\" src=\"http:\/\/coelloglobal.com\/wp-content\/uploads\/2023\/01\/1j.jpeg\" alt=\"\" title=\"\" data-id=\"2241\"\/><\/figure><\/div><div class=\"wp-block-themeisle-blocks-slider-item-wrapper glide__slide\" tabindex=\"0\"><figure><img decoding=\"async\" class=\"wp-block-themeisle-blocks-slider-item\" src=\"http:\/\/coelloglobal.com\/wp-content\/uploads\/2023\/01\/1k.jpeg\" alt=\"\" title=\"\" data-id=\"2242\"\/><\/figure><\/div><div class=\"wp-block-themeisle-blocks-slider-item-wrapper glide__slide\" tabindex=\"0\"><figure><img decoding=\"async\" class=\"wp-block-themeisle-blocks-slider-item\" src=\"http:\/\/coelloglobal.com\/wp-content\/uploads\/2023\/01\/2.jpeg\" alt=\"\" title=\"\" data-id=\"2243\"\/><\/figure><\/div><div class=\"wp-block-themeisle-blocks-slider-item-wrapper glide__slide\" tabindex=\"0\"><figure><img decoding=\"async\" class=\"wp-block-themeisle-blocks-slider-item\" src=\"http:\/\/coelloglobal.com\/wp-content\/uploads\/2023\/01\/2a.jpeg\" alt=\"\" title=\"\" data-id=\"2244\"\/><\/figure><\/div><div class=\"wp-block-themeisle-blocks-slider-item-wrapper glide__slide\" tabindex=\"0\"><figure><img decoding=\"async\" class=\"wp-block-themeisle-blocks-slider-item\" src=\"http:\/\/coelloglobal.com\/wp-content\/uploads\/2023\/01\/2b.jpeg\" alt=\"\" title=\"\" data-id=\"2245\"\/><\/figure><\/div><div class=\"wp-block-themeisle-blocks-slider-item-wrapper glide__slide\" tabindex=\"0\"><figure><img decoding=\"async\" class=\"wp-block-themeisle-blocks-slider-item\" src=\"http:\/\/coelloglobal.com\/wp-content\/uploads\/2023\/01\/2c.jpeg\" alt=\"\" title=\"\" data-id=\"2246\"\/><\/figure><\/div><div class=\"wp-block-themeisle-blocks-slider-item-wrapper glide__slide\" tabindex=\"0\"><figure><img decoding=\"async\" class=\"wp-block-themeisle-blocks-slider-item\" src=\"http:\/\/coelloglobal.com\/wp-content\/uploads\/2023\/01\/2d.jpeg\" alt=\"\" title=\"\" data-id=\"2247\"\/><\/figure><\/div><div class=\"wp-block-themeisle-blocks-slider-item-wrapper glide__slide\" tabindex=\"0\"><figure><img decoding=\"async\" class=\"wp-block-themeisle-blocks-slider-item\" src=\"http:\/\/coelloglobal.com\/wp-content\/uploads\/2023\/01\/2e.jpeg\" alt=\"\" title=\"\" data-id=\"2248\"\/><\/figure><\/div><div class=\"wp-block-themeisle-blocks-slider-item-wrapper glide__slide\" tabindex=\"0\"><figure><img decoding=\"async\" class=\"wp-block-themeisle-blocks-slider-item\" src=\"http:\/\/coelloglobal.com\/wp-content\/uploads\/2023\/01\/2f.jpeg\" alt=\"\" title=\"\" data-id=\"2249\"\/><\/figure><\/div><div class=\"wp-block-themeisle-blocks-slider-item-wrapper glide__slide\" tabindex=\"0\"><figure><img decoding=\"async\" class=\"wp-block-themeisle-blocks-slider-item\" src=\"http:\/\/coelloglobal.com\/wp-content\/uploads\/2023\/01\/2g.jpeg\" alt=\"\" title=\"\" data-id=\"2250\"\/><\/figure><\/div><div class=\"wp-block-themeisle-blocks-slider-item-wrapper glide__slide\" tabindex=\"0\"><figure><img decoding=\"async\" class=\"wp-block-themeisle-blocks-slider-item\" src=\"http:\/\/coelloglobal.com\/wp-content\/uploads\/2023\/01\/3a.jpeg\" alt=\"\" title=\"\" data-id=\"2251\"\/><\/figure><\/div><div class=\"wp-block-themeisle-blocks-slider-item-wrapper glide__slide\" tabindex=\"0\"><figure><img decoding=\"async\" class=\"wp-block-themeisle-blocks-slider-item\" src=\"http:\/\/coelloglobal.com\/wp-content\/uploads\/2023\/01\/3b.jpeg\" alt=\"\" title=\"\" data-id=\"2252\"\/><\/figure><\/div><div class=\"wp-block-themeisle-blocks-slider-item-wrapper glide__slide\" tabindex=\"0\"><figure><img decoding=\"async\" class=\"wp-block-themeisle-blocks-slider-item\" src=\"http:\/\/coelloglobal.com\/wp-content\/uploads\/2023\/01\/3c.jpeg\" alt=\"\" title=\"\" data-id=\"2253\"\/><\/figure><\/div><div class=\"wp-block-themeisle-blocks-slider-item-wrapper glide__slide\" tabindex=\"0\"><figure><img decoding=\"async\" class=\"wp-block-themeisle-blocks-slider-item\" src=\"http:\/\/coelloglobal.com\/wp-content\/uploads\/2023\/01\/3e.jpeg\" alt=\"\" title=\"\" data-id=\"2254\"\/><\/figure><\/div><div class=\"wp-block-themeisle-blocks-slider-item-wrapper glide__slide\" tabindex=\"0\"><figure><img decoding=\"async\" class=\"wp-block-themeisle-blocks-slider-item\" src=\"http:\/\/coelloglobal.com\/wp-content\/uploads\/2023\/01\/3f.jpeg\" alt=\"\" title=\"\" data-id=\"2255\"\/><\/figure><\/div><div class=\"wp-block-themeisle-blocks-slider-item-wrapper glide__slide\" tabindex=\"0\"><figure><img decoding=\"async\" class=\"wp-block-themeisle-blocks-slider-item\" src=\"http:\/\/coelloglobal.com\/wp-content\/uploads\/2023\/01\/4.jpeg\" alt=\"\" title=\"\" data-id=\"2256\"\/><\/figure><\/div><div class=\"wp-block-themeisle-blocks-slider-item-wrapper glide__slide\" tabindex=\"0\"><figure><img decoding=\"async\" class=\"wp-block-themeisle-blocks-slider-item\" src=\"http:\/\/coelloglobal.com\/wp-content\/uploads\/2023\/01\/5.jpeg\" alt=\"\" title=\"\" data-id=\"2257\"\/><\/figure><\/div><div class=\"wp-block-themeisle-blocks-slider-item-wrapper glide__slide\" tabindex=\"0\"><figure><img decoding=\"async\" class=\"wp-block-themeisle-blocks-slider-item\" src=\"http:\/\/coelloglobal.com\/wp-content\/uploads\/2023\/01\/6.jpeg\" alt=\"\" title=\"\" data-id=\"2258\"\/><\/figure><\/div><div class=\"wp-block-themeisle-blocks-slider-item-wrapper glide__slide\" tabindex=\"0\"><figure><img decoding=\"async\" class=\"wp-block-themeisle-blocks-slider-item\" src=\"http:\/\/coelloglobal.com\/wp-content\/uploads\/2023\/01\/7.jpeg\" alt=\"\" title=\"\" data-id=\"2259\"\/><\/figure><\/div><div class=\"wp-block-themeisle-blocks-slider-item-wrapper glide__slide\" tabindex=\"0\"><figure><img decoding=\"async\" class=\"wp-block-themeisle-blocks-slider-item\" src=\"http:\/\/coelloglobal.com\/wp-content\/uploads\/2023\/01\/8.jpeg\" alt=\"\" title=\"\" data-id=\"2260\"\/><\/figure><\/div><div class=\"wp-block-themeisle-blocks-slider-item-wrapper glide__slide\" tabindex=\"0\"><figure><img decoding=\"async\" class=\"wp-block-themeisle-blocks-slider-item\" src=\"http:\/\/coelloglobal.com\/wp-content\/uploads\/2023\/01\/9a.jpeg\" alt=\"\" title=\"\" data-id=\"2261\"\/><\/figure><\/div><div class=\"wp-block-themeisle-blocks-slider-item-wrapper glide__slide\" tabindex=\"0\"><figure><img decoding=\"async\" class=\"wp-block-themeisle-blocks-slider-item\" src=\"http:\/\/coelloglobal.com\/wp-content\/uploads\/2023\/01\/10.jpeg\" alt=\"\" title=\"\" data-id=\"2262\"\/><\/figure><\/div><div class=\"wp-block-themeisle-blocks-slider-item-wrapper glide__slide\" tabindex=\"0\"><figure><img decoding=\"async\" class=\"wp-block-themeisle-blocks-slider-item\" src=\"http:\/\/coelloglobal.com\/wp-content\/uploads\/2023\/01\/11.jpeg\" alt=\"\" title=\"\" data-id=\"2263\"\/><\/figure><\/div><div class=\"wp-block-themeisle-blocks-slider-item-wrapper glide__slide\" tabindex=\"0\"><figure><img decoding=\"async\" class=\"wp-block-themeisle-blocks-slider-item\" src=\"http:\/\/coelloglobal.com\/wp-content\/uploads\/2023\/01\/12.jpeg\" alt=\"\" title=\"\" data-id=\"2264\"\/><\/figure><\/div><div class=\"wp-block-themeisle-blocks-slider-item-wrapper glide__slide\" tabindex=\"0\"><figure><img decoding=\"async\" class=\"wp-block-themeisle-blocks-slider-item\" src=\"http:\/\/coelloglobal.com\/wp-content\/uploads\/2023\/01\/13.jpeg\" alt=\"\" title=\"\" data-id=\"2265\"\/><\/figure><\/div><div class=\"wp-block-themeisle-blocks-slider-item-wrapper glide__slide\" tabindex=\"0\"><figure><img decoding=\"async\" class=\"wp-block-themeisle-blocks-slider-item\" src=\"http:\/\/coelloglobal.com\/wp-content\/uploads\/2023\/01\/14.jpeg\" alt=\"\" title=\"\" data-id=\"2266\"\/><\/figure><\/div><div class=\"wp-block-themeisle-blocks-slider-item-wrapper glide__slide\" tabindex=\"0\"><figure><img decoding=\"async\" class=\"wp-block-themeisle-blocks-slider-item\" src=\"http:\/\/coelloglobal.com\/wp-content\/uploads\/2023\/01\/15.jpeg\" alt=\"\" title=\"\" data-id=\"2267\"\/><\/figure><\/div><div class=\"wp-block-themeisle-blocks-slider-item-wrapper glide__slide\" tabindex=\"0\"><figure><img decoding=\"async\" class=\"wp-block-themeisle-blocks-slider-item\" src=\"http:\/\/coelloglobal.com\/wp-content\/uploads\/2023\/01\/16.jpeg\" alt=\"\" title=\"\" data-id=\"2268\"\/><\/figure><\/div><\/div><div class=\"glide__arrows\" data-glide-el=\"controls\"><button class=\"glide__arrow glide__arrow--left\" data-glide-dir=\"<\"><svg xmlns=\"http:\/\/www.w3.org\/2000\/svg\" width=\"18\" height=\"18\" viewbox=\"0 0 100 100\" role=\"img\" aria-hidden=\"true\" focusable=\"false\"><path d=\"M 10,50 L 60,100 L 70,90 L 30,50  L 70,10 L 60,0 Z\"><\/path><\/svg><\/button><button class=\"glide__arrow glide__arrow--right\" data-glide-dir=\"&gt;\"><svg xmlns=\"http:\/\/www.w3.org\/2000\/svg\" width=\"18\" height=\"18\" viewbox=\"0 0 100 100\" role=\"img\" aria-hidden=\"true\" focusable=\"false\"><path d=\"M 10,50 L 60,100 L 70,90 L 30,50  L 70,10 L 60,0 Z\"><\/path><\/svg><\/button><\/div><div class=\"glide__bullets\" data-glide-el=\"controls[nav]\"><button class=\"glide__bullet\" data-glide-dir=\"=0\"><\/button><button class=\"glide__bullet\" data-glide-dir=\"=1\"><\/button><button class=\"glide__bullet\" data-glide-dir=\"=2\"><\/button><button class=\"glide__bullet\" data-glide-dir=\"=3\"><\/button><button class=\"glide__bullet\" data-glide-dir=\"=4\"><\/button><button class=\"glide__bullet\" data-glide-dir=\"=5\"><\/button><button class=\"glide__bullet\" data-glide-dir=\"=6\"><\/button><button class=\"glide__bullet\" data-glide-dir=\"=7\"><\/button><button class=\"glide__bullet\" data-glide-dir=\"=8\"><\/button><button class=\"glide__bullet\" data-glide-dir=\"=9\"><\/button><button class=\"glide__bullet\" data-glide-dir=\"=10\"><\/button><button class=\"glide__bullet\" data-glide-dir=\"=11\"><\/button><button class=\"glide__bullet\" data-glide-dir=\"=12\"><\/button><button class=\"glide__bullet\" data-glide-dir=\"=13\"><\/button><button class=\"glide__bullet\" data-glide-dir=\"=14\"><\/button><button class=\"glide__bullet\" data-glide-dir=\"=15\"><\/button><button class=\"glide__bullet\" data-glide-dir=\"=16\"><\/button><button class=\"glide__bullet\" data-glide-dir=\"=17\"><\/button><button class=\"glide__bullet\" data-glide-dir=\"=18\"><\/button><button class=\"glide__bullet\" data-glide-dir=\"=19\"><\/button><button class=\"glide__bullet\" data-glide-dir=\"=20\"><\/button><button class=\"glide__bullet\" data-glide-dir=\"=21\"><\/button><button class=\"glide__bullet\" data-glide-dir=\"=22\"><\/button><button class=\"glide__bullet\" data-glide-dir=\"=23\"><\/button><button class=\"glide__bullet\" data-glide-dir=\"=24\"><\/button><button class=\"glide__bullet\" data-glide-dir=\"=25\"><\/button><button class=\"glide__bullet\" data-glide-dir=\"=26\"><\/button><button class=\"glide__bullet\" data-glide-dir=\"=27\"><\/button><button class=\"glide__bullet\" data-glide-dir=\"=28\"><\/button><button class=\"glide__bullet\" data-glide-dir=\"=29\"><\/button><button class=\"glide__bullet\" data-glide-dir=\"=30\"><\/button><button class=\"glide__bullet\" data-glide-dir=\"=31\"><\/button><button class=\"glide__bullet\" data-glide-dir=\"=32\"><\/button><button class=\"glide__bullet\" data-glide-dir=\"=33\"><\/button><button class=\"glide__bullet\" data-glide-dir=\"=34\"><\/button><button class=\"glide__bullet\" data-glide-dir=\"=35\"><\/button><button class=\"glide__bullet\" data-glide-dir=\"=36\"><\/button><\/div><\/div><\/div>\n\n\n\n<figure class=\"wp-block-embed-youtube wp-block-embed is-type-video is-provider-youtube wp-embed-aspect-16-9 wp-has-aspect-ratio\"><div class=\"wp-block-embed__wrapper\">\n<iframe loading=\"lazy\" title=\"Property for sale in Barcelona, Calle Santalo\" width=\"525\" height=\"295\" src=\"https:\/\/www.youtube.com\/embed\/H1gcB56nRvI?feature=oembed\" frameborder=\"0\" allow=\"accelerometer; autoplay; clipboard-write; encrypted-media; gyroscope; picture-in-picture; web-share\" referrerpolicy=\"strict-origin-when-cross-origin\" allowfullscreen><\/iframe>\n<\/div><\/figure>\n\n\n\n<p><mark><strong>PRECIO: 565.000 \u20ac <\/strong><\/mark><\/p>\n\n\n\n<p>Barcelona- San Gervasi &#8211; Galvany &#8211; C\/ Santalo-<\/p>\n\n\n\n<p>Se vende Piso en Sant Gervasi- Galvany- Barcelona <\/p>\n\n\n\n<p>COELLO GLOBAL vende\napartamento en zona exclusiva de Sant Gervasi, Galvany, el \u00e1rea residencial m\u00e1s\natractiva de Barcelona <\/p>\n\n\n\n<p>Estupendo piso de 106 m2\nseg\u00fan datos catastrales.<\/p>\n\n\n\n<p>Es una segunda planta real en un edificio con 2 ascensores a\u00f1o de construcci\u00f3n del edifico es de 1979, el piso est\u00e1 orientado al sur &#8211; este<\/p>\n\n\n\n<p>El apartamento consta de\ndos habitaciones dobles en suits cada una con ba\u00f1o privado, armarios\nempotrados, amplia cocina equipada con electrodom\u00e9sticos con salida una galer\u00eda\ny un patio, gran sal\u00f3n comedor con salida a una terraza con vistas a la calle,\ndos ba\u00f1os completos con ducha y ba\u00f1era.&nbsp; <\/p>\n\n\n\n<p>El suelo es de parquet de\nalta gama, ventanas de aluminio doble cristal, aire acondicionado, calefacci\u00f3n\na gas natural. <\/p>\n\n\n\n<p>Hay posibilidad de\nadquirir una plaza de parking en el edificio. &nbsp;<\/p>\n\n\n\n<p>Apartamento con\nlocalizaci\u00f3n envidiable, cerca de iglesia, parada de metro, parada de buses,\ncomercios, restaurantes, entidades bancarias. <\/p>\n\n\n\n<p>&nbsp;<br> Coello Global Financiamiento: Te proporcionamos asesoramiento financiero y te ayudamos a conseguir financiamiento para la adquisici\u00f3n de tu inmueble, para m\u00e1s informaci\u00f3n cont\u00e1ctanos. Para mayor informaci\u00f3n cont\u00e1ctanos<br> No dudes en venir a visitar lo.  <\/p>\n\n\n\n<p><strong>CARACTER\u00cdSTICAS B\u00c1SICAS DEL INMUEBLE<\/strong><\/p>\n\n\n\n<ul class=\"wp-block-list\"><li>Precio: 565.000 \u20ac<\/li><li>106 m\u00b2 seg\u00fan datos catastrales <\/li><li>2 habitaci\u00f3n, 2 en suit<\/li><li>Sal\u00f3n \u2013 Comedor<\/li><li>Cocina equipada con electrodom\u00e9sticos<\/li><li>2 ba\u00f1o<\/li><li>1\u00aa planta \u2013 exterior<\/li><li>1 Terrazas<\/li><li>1 Patio<\/li><li>! galer\u00eda <\/li><li>calefacci\u00f3n individual a gas natural <\/li><li>2 Ascensores<\/li><li>Edificio con conserje <\/li><li>Orientaci\u00f3n sur-este<\/li><li>Pago comunidad 120 \u20ac \/mes<\/li><li>Pago IBI 1000  \u20ac\/a\u00f1o<\/li><\/ul>\n\n\n\n<p><\/p>\n","protected":false},"excerpt":{"rendered":"<p>PRECIO: 565.000 \u20ac Barcelona- San Gervasi &#8211; Galvany &#8211; C\/ Santalo- Se vende Piso en Sant Gervasi- Galvany- Barcelona COELLO GLOBAL vende apartamento en zona exclusiva de Sant Gervasi, Galvany, el \u00e1rea residencial m\u00e1s atractiva de Barcelona Estupendo piso de 106 m2 seg\u00fan datos catastrales. Es una segunda planta real en un edificio con 2 &hellip; <\/p>\n<p class=\"link-more\"><a href=\"https:\/\/coelloglobal.com\/index.php\/venta-piso-en-san-gervasi-galvany-barcelona\/\" class=\"more-link\">Continue reading<span class=\"screen-reader-text\"> &#8220;Venta Piso Barcelona 565.000 \u20ac Ref: CG 0024&#8221;<\/span><\/a><\/p>\n","protected":false},"author":1,"featured_media":2232,"parent":0,"menu_order":0,"comment_status":"closed","ping_status":"closed","template":"","meta":{"footnotes":""},"class_list":["post-2231","page","type-page","status-publish","has-post-thumbnail","hentry"],"_links":{"self":[{"href":"https:\/\/coelloglobal.com\/index.php\/wp-json\/wp\/v2\/pages\/2231","targetHints":{"allow":["GET"]}}],"collection":[{"href":"https:\/\/coelloglobal.com\/index.php\/wp-json\/wp\/v2\/pages"}],"about":[{"href":"https:\/\/coelloglobal.com\/index.php\/wp-json\/wp\/v2\/types\/page"}],"author":[{"embeddable":true,"href":"https:\/\/coelloglobal.com\/index.php\/wp-json\/wp\/v2\/users\/1"}],"replies":[{"embeddable":true,"href":"https:\/\/coelloglobal.com\/index.php\/wp-json\/wp\/v2\/comments?post=2231"}],"version-history":[{"count":10,"href":"https:\/\/coelloglobal.com\/index.php\/wp-json\/wp\/v2\/pages\/2231\/revisions"}],"predecessor-version":[{"id":3183,"href":"https:\/\/coelloglobal.com\/index.php\/wp-json\/wp\/v2\/pages\/2231\/revisions\/3183"}],"wp:featuredmedia":[{"embeddable":true,"href":"https:\/\/coelloglobal.com\/index.php\/wp-json\/wp\/v2\/media\/2232"}],"wp:attachment":[{"href":"https:\/\/coelloglobal.com\/index.php\/wp-json\/wp\/v2\/media?parent=2231"}],"curies":[{"name":"wp","href":"https:\/\/api.w.org\/{rel}","templated":true}]}}