{"id":2609,"date":"2023-03-23T00:26:02","date_gmt":"2023-03-23T00:26:02","guid":{"rendered":"http:\/\/coelloglobal.com\/?page_id=2609"},"modified":"2023-10-11T15:43:43","modified_gmt":"2023-10-11T15:43:43","slug":"vendo-piso-en-passatge-beethoven-santa-coloma-de-gramenet-barcelona","status":"publish","type":"page","link":"https:\/\/coelloglobal.com\/index.php\/vendo-piso-en-passatge-beethoven-santa-coloma-de-gramenet-barcelona\/","title":{"rendered":"Vendo Piso Barcelona-155.000 \u20ac Ref: CG 0025"},"content":{"rendered":"\n<div id=\"wp-block-themeisle-blocks-slider-96fa4885\" class=\"wp-block-themeisle-blocks-slider glide\" data-per-view=\"1\" data-gap=\"0\" data-peek=\"0\" data-autoplay=\"true\" data-height=\"400px\"><div class=\"glide__track\" data-glide-el=\"track\"><div class=\"glide__slides\"><div class=\"wp-block-themeisle-blocks-slider-item-wrapper glide__slide\" tabindex=\"0\"><figure><img decoding=\"async\" class=\"wp-block-themeisle-blocks-slider-item\" src=\"http:\/\/coelloglobal.com\/wp-content\/uploads\/2023\/03\/1.jpeg\" alt=\"\" title=\"\" data-id=\"2610\"\/><\/figure><\/div><div class=\"wp-block-themeisle-blocks-slider-item-wrapper glide__slide\" tabindex=\"0\"><figure><img decoding=\"async\" class=\"wp-block-themeisle-blocks-slider-item\" src=\"http:\/\/coelloglobal.com\/wp-content\/uploads\/2023\/03\/2.jpeg\" alt=\"\" title=\"\" data-id=\"2611\"\/><\/figure><\/div><div class=\"wp-block-themeisle-blocks-slider-item-wrapper glide__slide\" tabindex=\"0\"><figure><img decoding=\"async\" class=\"wp-block-themeisle-blocks-slider-item\" src=\"http:\/\/coelloglobal.com\/wp-content\/uploads\/2023\/03\/3.jpeg\" alt=\"\" title=\"\" data-id=\"2612\"\/><\/figure><\/div><div class=\"wp-block-themeisle-blocks-slider-item-wrapper glide__slide\" tabindex=\"0\"><figure><img decoding=\"async\" class=\"wp-block-themeisle-blocks-slider-item\" src=\"http:\/\/coelloglobal.com\/wp-content\/uploads\/2023\/03\/4.jpeg\" alt=\"\" title=\"\" data-id=\"2613\"\/><\/figure><\/div><div class=\"wp-block-themeisle-blocks-slider-item-wrapper glide__slide\" tabindex=\"0\"><figure><img decoding=\"async\" class=\"wp-block-themeisle-blocks-slider-item\" src=\"http:\/\/coelloglobal.com\/wp-content\/uploads\/2023\/03\/5.jpeg\" alt=\"\" title=\"\" data-id=\"2614\"\/><\/figure><\/div><div class=\"wp-block-themeisle-blocks-slider-item-wrapper glide__slide\" tabindex=\"0\"><figure><img decoding=\"async\" class=\"wp-block-themeisle-blocks-slider-item\" src=\"http:\/\/coelloglobal.com\/wp-content\/uploads\/2023\/03\/6.jpeg\" alt=\"\" title=\"\" data-id=\"2615\"\/><\/figure><\/div><div class=\"wp-block-themeisle-blocks-slider-item-wrapper glide__slide\" tabindex=\"0\"><figure><img decoding=\"async\" class=\"wp-block-themeisle-blocks-slider-item\" src=\"http:\/\/coelloglobal.com\/wp-content\/uploads\/2023\/03\/7.jpeg\" alt=\"\" title=\"\" data-id=\"2616\"\/><\/figure><\/div><div class=\"wp-block-themeisle-blocks-slider-item-wrapper glide__slide\" tabindex=\"0\"><figure><img decoding=\"async\" class=\"wp-block-themeisle-blocks-slider-item\" src=\"http:\/\/coelloglobal.com\/wp-content\/uploads\/2023\/03\/8.jpeg\" alt=\"\" title=\"\" data-id=\"2617\"\/><\/figure><\/div><div class=\"wp-block-themeisle-blocks-slider-item-wrapper glide__slide\" tabindex=\"0\"><figure><img decoding=\"async\" class=\"wp-block-themeisle-blocks-slider-item\" src=\"http:\/\/coelloglobal.com\/wp-content\/uploads\/2023\/03\/9.jpeg\" alt=\"\" title=\"\" data-id=\"2618\"\/><\/figure><\/div><div class=\"wp-block-themeisle-blocks-slider-item-wrapper glide__slide\" tabindex=\"0\"><figure><img decoding=\"async\" class=\"wp-block-themeisle-blocks-slider-item\" src=\"http:\/\/coelloglobal.com\/wp-content\/uploads\/2023\/03\/10.jpeg\" alt=\"\" title=\"\" data-id=\"2619\"\/><\/figure><\/div><div class=\"wp-block-themeisle-blocks-slider-item-wrapper glide__slide\" tabindex=\"0\"><figure><img decoding=\"async\" class=\"wp-block-themeisle-blocks-slider-item\" src=\"http:\/\/coelloglobal.com\/wp-content\/uploads\/2023\/03\/11.jpeg\" alt=\"\" title=\"\" data-id=\"2620\"\/><\/figure><\/div><div class=\"wp-block-themeisle-blocks-slider-item-wrapper glide__slide\" tabindex=\"0\"><figure><img decoding=\"async\" class=\"wp-block-themeisle-blocks-slider-item\" src=\"http:\/\/coelloglobal.com\/wp-content\/uploads\/2023\/03\/12.jpeg\" alt=\"\" title=\"\" data-id=\"2621\"\/><\/figure><\/div><div class=\"wp-block-themeisle-blocks-slider-item-wrapper glide__slide\" tabindex=\"0\"><figure><img decoding=\"async\" class=\"wp-block-themeisle-blocks-slider-item\" src=\"http:\/\/coelloglobal.com\/wp-content\/uploads\/2023\/03\/13.jpeg\" alt=\"\" title=\"\" data-id=\"2622\"\/><\/figure><\/div><div class=\"wp-block-themeisle-blocks-slider-item-wrapper glide__slide\" tabindex=\"0\"><figure><img decoding=\"async\" class=\"wp-block-themeisle-blocks-slider-item\" src=\"http:\/\/coelloglobal.com\/wp-content\/uploads\/2023\/03\/14.jpeg\" alt=\"\" title=\"\" data-id=\"2623\"\/><\/figure><\/div><div class=\"wp-block-themeisle-blocks-slider-item-wrapper glide__slide\" tabindex=\"0\"><figure><img decoding=\"async\" class=\"wp-block-themeisle-blocks-slider-item\" src=\"http:\/\/coelloglobal.com\/wp-content\/uploads\/2023\/03\/15.jpeg\" alt=\"\" title=\"\" data-id=\"2624\"\/><\/figure><\/div><div class=\"wp-block-themeisle-blocks-slider-item-wrapper glide__slide\" tabindex=\"0\"><figure><img decoding=\"async\" class=\"wp-block-themeisle-blocks-slider-item\" src=\"http:\/\/coelloglobal.com\/wp-content\/uploads\/2023\/03\/16.jpeg\" alt=\"\" title=\"\" data-id=\"2625\"\/><\/figure><\/div><div class=\"wp-block-themeisle-blocks-slider-item-wrapper glide__slide\" tabindex=\"0\"><figure><img decoding=\"async\" class=\"wp-block-themeisle-blocks-slider-item\" src=\"http:\/\/coelloglobal.com\/wp-content\/uploads\/2023\/03\/17.jpg\" alt=\"\" title=\"\" data-id=\"2626\"\/><\/figure><\/div><div class=\"wp-block-themeisle-blocks-slider-item-wrapper glide__slide\" tabindex=\"0\"><figure><img decoding=\"async\" class=\"wp-block-themeisle-blocks-slider-item\" src=\"http:\/\/coelloglobal.com\/wp-content\/uploads\/2023\/03\/18.png\" alt=\"\" title=\"\" data-id=\"2627\"\/><\/figure><\/div><\/div><div class=\"glide__arrows\" data-glide-el=\"controls\"><button class=\"glide__arrow glide__arrow--left\" data-glide-dir=\"<\"><svg xmlns=\"http:\/\/www.w3.org\/2000\/svg\" width=\"18\" height=\"18\" viewbox=\"0 0 100 100\" role=\"img\" aria-hidden=\"true\" focusable=\"false\"><path d=\"M 10,50 L 60,100 L 70,90 L 30,50  L 70,10 L 60,0 Z\"><\/path><\/svg><\/button><button class=\"glide__arrow glide__arrow--right\" data-glide-dir=\"&gt;\"><svg xmlns=\"http:\/\/www.w3.org\/2000\/svg\" width=\"18\" height=\"18\" viewbox=\"0 0 100 100\" role=\"img\" aria-hidden=\"true\" focusable=\"false\"><path d=\"M 10,50 L 60,100 L 70,90 L 30,50  L 70,10 L 60,0 Z\"><\/path><\/svg><\/button><\/div><div class=\"glide__bullets\" data-glide-el=\"controls[nav]\"><button class=\"glide__bullet\" data-glide-dir=\"=0\"><\/button><button class=\"glide__bullet\" data-glide-dir=\"=1\"><\/button><button class=\"glide__bullet\" data-glide-dir=\"=2\"><\/button><button class=\"glide__bullet\" data-glide-dir=\"=3\"><\/button><button class=\"glide__bullet\" data-glide-dir=\"=4\"><\/button><button class=\"glide__bullet\" data-glide-dir=\"=5\"><\/button><button class=\"glide__bullet\" data-glide-dir=\"=6\"><\/button><button class=\"glide__bullet\" data-glide-dir=\"=7\"><\/button><button class=\"glide__bullet\" data-glide-dir=\"=8\"><\/button><button class=\"glide__bullet\" data-glide-dir=\"=9\"><\/button><button class=\"glide__bullet\" data-glide-dir=\"=10\"><\/button><button class=\"glide__bullet\" data-glide-dir=\"=11\"><\/button><button class=\"glide__bullet\" data-glide-dir=\"=12\"><\/button><button class=\"glide__bullet\" data-glide-dir=\"=13\"><\/button><button class=\"glide__bullet\" data-glide-dir=\"=14\"><\/button><button class=\"glide__bullet\" data-glide-dir=\"=15\"><\/button><button class=\"glide__bullet\" data-glide-dir=\"=16\"><\/button><button class=\"glide__bullet\" data-glide-dir=\"=17\"><\/button><\/div><\/div><\/div>\n\n\n\n<p><strong>PRECIO: 155.000 \u20ac<\/strong><\/p>\n\n\n\n<p>Coello Global vende vivienda reformada con, en la zona de Passatge Beethoven, Santa Coloma de Gramenet, Barcelona.<\/p>\n\n\n\n<p>Gran Oportunidad se vende inmueble de 70 m2, reformado para entrar a vivir. <br>\nEl piso es una segunda planta en finca sin ascensor. <\/p>\n\n\n\n<p>La vivienda es exterior con vistas al Passatge Beethoven. Consta de 3 habitaciones una de ellas matrimonial con salida a un balc\u00f3n y con vistas al Passatge Beethoven, dos habitaciones individuales, una cocina equipada con salida a una amplia galer\u00eda, sal\u00f3n-comedor salida a balc\u00f3n vistas a la calle. <\/p>\n\n\n\n<p>Suelo de cer\u00e1mica, ventanas de aluminio doble cristal, puertas de madera, aire acondicionado con bomba de calor, calefacci\u00f3n individual de gas natural. <\/p>\n\n\n\n<p>El inmueble se encuentra situado, cerca de transporte p\u00fablico, parada de buses, parada de metro fondo, cerca de comercios, supermercados, colegios, restaurantes. <br>\nCoello Global Financiamiento: Te proporcionamos asesoramiento financiero y te ayudamos a conseguir financiamiento para la adquisici\u00f3n de tu inmueble.<\/p>\n\n\n\n<p>Para mayor informaci\u00f3n cont\u00e1ctanos <br> No dudes en venir a visitar lo.<\/p>\n\n\n\n<p><strong>CARACTER\u00cdSTICAS B\u00c1SICAS DEL INMUEBLE<\/strong><\/p>\n\n\n\n<ul class=\"wp-block-list\"><li>Precio: 155.000 \u20ac<\/li><li>70 m\u00b2 seg\u00fan datos catastrales<\/li><li>3 habitaci\u00f3n<\/li><li>Sal\u00f3n<\/li><li>Comedor<\/li><li>Cocina equipada con electrodom\u00e9sticos<\/li><li>1 ba\u00f1o<\/li><li>2\u00aa planta \u2013 exterior<\/li><li>NO  Ascensor<\/li><li>calefacci\u00f3n individual<\/li><li>Orientaci\u00f3n sur v<\/li><li>Pago comunidad 30 \u20ac \/mes<\/li><li>Pago IBI 200 \u20ac\/a\u00f1o<\/li><\/ul>\n","protected":false},"excerpt":{"rendered":"<p>PRECIO: 155.000 \u20ac Coello Global vende vivienda reformada con, en la zona de Passatge Beethoven, Santa Coloma de Gramenet, Barcelona. Gran Oportunidad se vende inmueble de 70 m2, reformado para entrar a vivir. El piso es una segunda planta en finca sin ascensor. La vivienda es exterior con vistas al Passatge Beethoven. Consta de 3 &hellip; <\/p>\n<p class=\"link-more\"><a href=\"https:\/\/coelloglobal.com\/index.php\/vendo-piso-en-passatge-beethoven-santa-coloma-de-gramenet-barcelona\/\" class=\"more-link\">Continue reading<span class=\"screen-reader-text\"> &#8220;Vendo Piso Barcelona-155.000 \u20ac Ref: CG 0025&#8221;<\/span><\/a><\/p>\n","protected":false},"author":1,"featured_media":2610,"parent":0,"menu_order":0,"comment_status":"closed","ping_status":"closed","template":"","meta":{"footnotes":""},"class_list":["post-2609","page","type-page","status-publish","has-post-thumbnail","hentry"],"_links":{"self":[{"href":"https:\/\/coelloglobal.com\/index.php\/wp-json\/wp\/v2\/pages\/2609","targetHints":{"allow":["GET"]}}],"collection":[{"href":"https:\/\/coelloglobal.com\/index.php\/wp-json\/wp\/v2\/pages"}],"about":[{"href":"https:\/\/coelloglobal.com\/index.php\/wp-json\/wp\/v2\/types\/page"}],"author":[{"embeddable":true,"href":"https:\/\/coelloglobal.com\/index.php\/wp-json\/wp\/v2\/users\/1"}],"replies":[{"embeddable":true,"href":"https:\/\/coelloglobal.com\/index.php\/wp-json\/wp\/v2\/comments?post=2609"}],"version-history":[{"count":3,"href":"https:\/\/coelloglobal.com\/index.php\/wp-json\/wp\/v2\/pages\/2609\/revisions"}],"predecessor-version":[{"id":3184,"href":"https:\/\/coelloglobal.com\/index.php\/wp-json\/wp\/v2\/pages\/2609\/revisions\/3184"}],"wp:featuredmedia":[{"embeddable":true,"href":"https:\/\/coelloglobal.com\/index.php\/wp-json\/wp\/v2\/media\/2610"}],"wp:attachment":[{"href":"https:\/\/coelloglobal.com\/index.php\/wp-json\/wp\/v2\/media?parent=2609"}],"curies":[{"name":"wp","href":"https:\/\/api.w.org\/{rel}","templated":true}]}}