{"id":2719,"date":"2023-10-02T19:27:08","date_gmt":"2023-10-02T19:27:08","guid":{"rendered":"http:\/\/coelloglobal.com\/?page_id=2719"},"modified":"2023-10-21T11:11:31","modified_gmt":"2023-10-21T11:11:31","slug":"venta-piso-marbella-5-250-000-e","status":"publish","type":"page","link":"https:\/\/coelloglobal.com\/index.php\/venta-piso-marbella-5-250-000-e\/","title":{"rendered":"Venta Piso Marbella 5.250.000 \u20ac Ref: CG0027"},"content":{"rendered":"\n<div id=\"wp-block-themeisle-blocks-slider-7d625555\" class=\"wp-block-themeisle-blocks-slider glide\" data-per-view=\"1\" data-gap=\"0\" data-peek=\"0\" data-autoplay=\"true\" data-height=\"400px\"><div class=\"glide__track\" data-glide-el=\"track\"><div class=\"glide__slides\"><div class=\"wp-block-themeisle-blocks-slider-item-wrapper glide__slide\" tabindex=\"0\"><figure><img decoding=\"async\" class=\"wp-block-themeisle-blocks-slider-item\" src=\"http:\/\/coelloglobal.com\/wp-content\/uploads\/2023\/10\/foto-1-1.jpg\" alt=\"\" title=\"\" data-id=\"2720\"\/><\/figure><\/div><div class=\"wp-block-themeisle-blocks-slider-item-wrapper glide__slide\" tabindex=\"0\"><figure><img decoding=\"async\" class=\"wp-block-themeisle-blocks-slider-item\" src=\"http:\/\/coelloglobal.com\/wp-content\/uploads\/2023\/10\/foto-2-1.jpg\" alt=\"\" title=\"\" data-id=\"2721\"\/><\/figure><\/div><div class=\"wp-block-themeisle-blocks-slider-item-wrapper glide__slide\" tabindex=\"0\"><figure><img decoding=\"async\" class=\"wp-block-themeisle-blocks-slider-item\" src=\"http:\/\/coelloglobal.com\/wp-content\/uploads\/2023\/10\/foto-3-4.jpg\" alt=\"\" title=\"\" data-id=\"2722\"\/><\/figure><\/div><div class=\"wp-block-themeisle-blocks-slider-item-wrapper glide__slide\" tabindex=\"0\"><figure><img decoding=\"async\" class=\"wp-block-themeisle-blocks-slider-item\" src=\"http:\/\/coelloglobal.com\/wp-content\/uploads\/2023\/10\/foto-4-1.jpg\" alt=\"\" title=\"\" data-id=\"2723\"\/><\/figure><\/div><div class=\"wp-block-themeisle-blocks-slider-item-wrapper glide__slide\" tabindex=\"0\"><figure><img decoding=\"async\" class=\"wp-block-themeisle-blocks-slider-item\" src=\"http:\/\/coelloglobal.com\/wp-content\/uploads\/2023\/10\/foto-5-1.jpg\" alt=\"\" title=\"\" data-id=\"2724\"\/><\/figure><\/div><div class=\"wp-block-themeisle-blocks-slider-item-wrapper glide__slide\" tabindex=\"0\"><figure><img decoding=\"async\" class=\"wp-block-themeisle-blocks-slider-item\" src=\"http:\/\/coelloglobal.com\/wp-content\/uploads\/2023\/10\/foto-6-1.jpg\" alt=\"\" title=\"\" data-id=\"2725\"\/><\/figure><\/div><div class=\"wp-block-themeisle-blocks-slider-item-wrapper glide__slide\" tabindex=\"0\"><figure><img decoding=\"async\" class=\"wp-block-themeisle-blocks-slider-item\" src=\"http:\/\/coelloglobal.com\/wp-content\/uploads\/2023\/10\/foto-7-1.jpg\" alt=\"\" title=\"\" data-id=\"2726\"\/><\/figure><\/div><div class=\"wp-block-themeisle-blocks-slider-item-wrapper glide__slide\" tabindex=\"0\"><figure><img decoding=\"async\" class=\"wp-block-themeisle-blocks-slider-item\" src=\"http:\/\/coelloglobal.com\/wp-content\/uploads\/2023\/10\/foto-8-1.jpg\" alt=\"\" title=\"\" data-id=\"2727\"\/><\/figure><\/div><div class=\"wp-block-themeisle-blocks-slider-item-wrapper glide__slide\" tabindex=\"0\"><figure><img decoding=\"async\" class=\"wp-block-themeisle-blocks-slider-item\" src=\"http:\/\/coelloglobal.com\/wp-content\/uploads\/2023\/10\/foto-9-1.jpg\" alt=\"\" title=\"\" data-id=\"2728\"\/><\/figure><\/div><div class=\"wp-block-themeisle-blocks-slider-item-wrapper glide__slide\" tabindex=\"0\"><figure><img decoding=\"async\" class=\"wp-block-themeisle-blocks-slider-item\" src=\"http:\/\/coelloglobal.com\/wp-content\/uploads\/2023\/10\/foto-10-1.jpg\" alt=\"\" title=\"\" data-id=\"2729\"\/><\/figure><\/div><div class=\"wp-block-themeisle-blocks-slider-item-wrapper glide__slide\" tabindex=\"0\"><figure><img decoding=\"async\" class=\"wp-block-themeisle-blocks-slider-item\" src=\"http:\/\/coelloglobal.com\/wp-content\/uploads\/2023\/10\/foto-11-1.jpg\" alt=\"\" title=\"\" data-id=\"2730\"\/><\/figure><\/div><div class=\"wp-block-themeisle-blocks-slider-item-wrapper glide__slide\" tabindex=\"0\"><figure><img decoding=\"async\" class=\"wp-block-themeisle-blocks-slider-item\" src=\"http:\/\/coelloglobal.com\/wp-content\/uploads\/2023\/10\/foto-12-1.jpg\" alt=\"\" title=\"\" data-id=\"2731\"\/><\/figure><\/div><div class=\"wp-block-themeisle-blocks-slider-item-wrapper glide__slide\" tabindex=\"0\"><figure><img decoding=\"async\" class=\"wp-block-themeisle-blocks-slider-item\" src=\"http:\/\/coelloglobal.com\/wp-content\/uploads\/2023\/10\/foto-13-1.jpg\" alt=\"\" title=\"\" data-id=\"2732\"\/><\/figure><\/div><div class=\"wp-block-themeisle-blocks-slider-item-wrapper glide__slide\" tabindex=\"0\"><figure><img decoding=\"async\" class=\"wp-block-themeisle-blocks-slider-item\" src=\"http:\/\/coelloglobal.com\/wp-content\/uploads\/2023\/10\/plano-en-tramite.jpeg\" alt=\"\" title=\"\" data-id=\"2733\"\/><\/figure><\/div><\/div><div class=\"glide__arrows\" data-glide-el=\"controls\"><button class=\"glide__arrow glide__arrow--left\" data-glide-dir=\"<\"><svg xmlns=\"http:\/\/www.w3.org\/2000\/svg\" width=\"18\" height=\"18\" viewbox=\"0 0 100 100\" role=\"img\" aria-hidden=\"true\" focusable=\"false\"><path d=\"M 10,50 L 60,100 L 70,90 L 30,50  L 70,10 L 60,0 Z\"><\/path><\/svg><\/button><button class=\"glide__arrow glide__arrow--right\" data-glide-dir=\"&gt;\"><svg xmlns=\"http:\/\/www.w3.org\/2000\/svg\" width=\"18\" height=\"18\" viewbox=\"0 0 100 100\" role=\"img\" aria-hidden=\"true\" focusable=\"false\"><path d=\"M 10,50 L 60,100 L 70,90 L 30,50  L 70,10 L 60,0 Z\"><\/path><\/svg><\/button><\/div><div class=\"glide__bullets\" data-glide-el=\"controls[nav]\"><button class=\"glide__bullet\" data-glide-dir=\"=0\"><\/button><button class=\"glide__bullet\" data-glide-dir=\"=1\"><\/button><button class=\"glide__bullet\" data-glide-dir=\"=2\"><\/button><button class=\"glide__bullet\" data-glide-dir=\"=3\"><\/button><button class=\"glide__bullet\" data-glide-dir=\"=4\"><\/button><button class=\"glide__bullet\" data-glide-dir=\"=5\"><\/button><button class=\"glide__bullet\" data-glide-dir=\"=6\"><\/button><button class=\"glide__bullet\" data-glide-dir=\"=7\"><\/button><button class=\"glide__bullet\" data-glide-dir=\"=8\"><\/button><button class=\"glide__bullet\" data-glide-dir=\"=9\"><\/button><button class=\"glide__bullet\" data-glide-dir=\"=10\"><\/button><button class=\"glide__bullet\" data-glide-dir=\"=11\"><\/button><button class=\"glide__bullet\" data-glide-dir=\"=12\"><\/button><button class=\"glide__bullet\" data-glide-dir=\"=13\"><\/button><\/div><\/div><\/div>\n\n\n\n<figure class=\"wp-block-table\"><table class=\"\"><tbody><tr><td>\n  Venta Piso Marbella \u2013 Andalucia\n  Calle: \n  Ref: CGOO27\n  <\/td><\/tr><\/tbody><\/table><\/figure>\n\n\n\n<p>Venta Piso\nen Marbella, Andaluc\u00eda, 7 Piezas,\n5 Dormitorios, 380 M\u00b2, 5.250.000 \u20ac<\/p>\n\n\n\n<ul class=\"wp-block-list\"><li>5.250.000 \u20ac<\/li><li>Piezas 6 piezas <\/li><li>Superficie 380 m\u00b2 <\/li><li>5 Dormitorios<\/li><li>1 Cocina<\/li><li>5 Cuartos de ba\u00f1o<\/li><li>1 aseos <\/li><li>1 Aparcamiento interior<\/li><li>1 Sol\u00e1rium 209 m\u00b2<\/li><li>1 Terrazas 537 m2<\/li><li>Cerca de Piscina\np\u00fablica<\/li><li>Impuesto sobre Bienes\nInmuebles 750 \u20ac \/ a\u00f1o<\/li><li>Prestaciones: Internet, Portero\nautom\u00e1tico, amueblado.<\/li><\/ul>\n\n\n\n<p>Regi\u00f3n: Costa del Sol<\/p>\n\n\n\n<p>Ubicado en la Milla de Oro de Marbella, es un complejo privado de alto est\u00e1ndar con espacios abiertos y una gran cantidad de servicios de alta gama que cumplen con todos los requisitos. Es un nuevo concepto de residencias de lujo que se diferencia por encima de todo de lo que existe actualmente. <\/p>\n\n\n\n<p>Caracter\u00edsticas: 5 dormitorios, 5 ba\u00f1os y WC, Cocina abierta, Comedor, Sal\u00f3n abierto, Amplia terraza cubierta de 64 m2, Sol\u00e1rium + Terrazas = 472,94 m2&#8230;etc&#8230;<\/p>\n\n\n\n<p>Totalmente equipado y amueblado.<\/p>\n\n\n\n<p>Piscina infinita privada,<\/p>\n\n\n\n<p>Disfrute de un oasis privado inteligentemente dise\u00f1ado hasta\nel m\u00e1s m\u00ednimo detalle, con p\u00e9rgola, sol\u00e1rium y piscina privada.<\/p>\n\n\n\n<p>En la planta baja, una gran cocina con comedor, un s\u00f3tano\nprivado y una acogedora sala de estar y un acogedor sal\u00f3n contin\u00faan con el tema\nde la diversi\u00f3n, mientras que los cinco amplios dormitorios con ba\u00f1os en suite\npermiten que todos tengan un espacio.<\/p>\n\n\n\n<p>para retirarse.  Estas residencias atemporales le permiten crear su oasis personal mientras deja atr\u00e1s el encanto de Marbella.<\/p>\n\n\n\n<pre class=\"wp-block-preformatted\"><\/pre>\n\n\n\n<h1 class=\"wp-block-heading\">English Version<\/h1>\n\n\n\n<figure class=\"wp-block-table\"><table class=\"\"><tbody><tr><td>\n  For Sale&nbsp; Flat in&nbsp;\n  Marbella \u2013 Andalucia\n  Calle:\n  Ref: CG0027\n  <\/td><\/tr><\/tbody><\/table><\/figure>\n\n\n\n<p>For Sale Flat in\nMarbella, Andaluc\u00eda, 7 Rooms,\n5 Bedrooms, 380 M\u00b2, \u20ac 5.250.000 \u20ac<\/p>\n\n\n\n<ul class=\"wp-block-list\"><li>\u20ac 5,250,000<\/li><li>Rooms 5 rooms<\/li><li>Area 380 m\u00b2<\/li><li>7 Bedrooms<\/li><li>1 Kitchen<\/li><li>5 Bathrooms<\/li><li>1 Aseos<\/li><li>1 Indoor parking<\/li><li>1 Solarium 209 m\u00b2<\/li><li>1 Terrazas 537 m\u00b2<\/li><li>Proximities: Public pool<\/li><li>Land value tax 750 \u20ac \/ year<\/li><li>Services: Internet, Intercom, furnished<\/li><\/ul>\n\n\n\n<h1 class=\"wp-block-heading\">Version Fran\u00e7ais<\/h1>\n\n\n\n<figure class=\"wp-block-table\"><table class=\"\"><tbody><tr><td>\n  Vente Flat &nbsp;Marbella \u2013 Andalucia\n  Vente Flat&nbsp; Marbella \u2013 Andalucia\n  Calle:\n  Ref: CG0027\n  <\/td><\/tr><\/tbody><\/table><\/figure>\n\n\n\n<p>Vente Flat Marbella, Andaluc\u00eda, 7 Pi\u00e8ces, 5 Chambres, 380 M\u00b2, 5.250.000 \u20ac<\/p>\n\n\n\n<ul class=\"wp-block-list\"><li>5.200.000 \u20ac<\/li><li>Pi\u00e8ces 5 pi\u00e8ces<\/li><li>Surface 380 m\u00b2<\/li><li>5 Chambres<\/li><li>1 Cuisine Am\u00e9nag\u00e9e\net Equip\u00e9e Am\u00e9ricaine<\/li><li>5 Salles de bains<\/li><li>1 aseos de bains<\/li><li>1 Parking int\u00e9rieur<\/li><li>1 Solarium 209 m\u00b2<\/li><li>1 Terrazas 537 m\u00b2<\/li><li>Proximitie\u00e9s: Piscine publique<\/li><li>Taxe fonci\u00e8re 750 \u20ac \/ an<\/li><li>Prestations: Internet, Interphone, muebl\u00e9<\/li><\/ul>\n\n\n\n<p>R\u00e9gion: Costa del Sol<br>\n<br>\nSitu\u00e9 sur le Golden Mile de Marbella, c\u2019est un\ncomplexe priv\u00e9 de haut standing avec des espaces ouverts et avec un grand\nnombre de services hauts de gammes qui r\u00e9pondent \u00e0 toutes les exigences. C&#8217;est\nun nouveau concept de r\u00e9sidences de luxe qui se d\u00e9marque surtout de ce qui\nexiste aujourd\u2019hui.<br>\n<br>\nCaract\u00e9ristiques: 5 chambres, 5 salles de bain et\nWC, Cuisine ouverte, Salle \u00e0 manger, Salon ouvert, Grande Terrasse Couverte de\n64 m2,&nbsp; Solarium + Terrasses = 472,94 m2 &#8230; etc&nbsp; &#8230;<br>\n<br>\nEnti\u00e8rement \u00e9quip\u00e9 et meubl\u00e9.<br>\n<br>\nPiscine Priv\u00e9 \u00e0 d\u00e9bordement,<br>\n<br>\nProfitez d&#8217;une oasis priv\u00e9e intelligemment con\u00e7u\ndans les moindres d\u00e9tails, avec une pergola, un solarium et une piscine priv\u00e9e.<br>\nEn bas, une grande cuisine avec coin repas, une\ncave priv\u00e9e, et un espace de vie accueillant et un salon accueillant\npoursuivent le th\u00e8me de l&#8217;amusement, tandis que les cinq grandes chambres avec\nsalles de bain en bains en suite permettent \u00e0 chacun de disposer d&#8217;un espace<br>\npour se retirer.<br>\n<br>\nCes demeures hors du temps vous permettent de\ncr\u00e9ez votre oasis personnelle en laissant derri\u00e8re vous l&#8217;enchantement de\nMarbella.<br>\n<br>\nDe vastes fen\u00eatres du sol au plafond sont les\nbienvenues dans le paysage \u00e0 couper le souffle qui nous entoure, tandis que les\ndesigns raffin\u00e9s de Fendi Casa et le luxe bien pens\u00e9 vous assure qu&#8217;il n&#8217;y a\nnulle part ailleurs o\u00f9 vous vous sentirez mieux.<br>\n<br>\nLe design naturel rencontre l&#8217;essence m\u00eame de la\nmode \u00e0 travers les styles raffin\u00e9s et pr\u00e9cis de Fendi Casa.<br>\nLe style de la maison de mode renomm\u00e9e sont mis en\n\u0153uvre dans tout l&#8217;EPIC Marbella, d\u00e9finissant \u00e0 la fois les r\u00e9sidences\npersonnelles les r\u00e9sidences personnelles haut de gamme que les espaces communs\naccueillants, gr\u00e2ce \u00e0 l&#8217;ameublement, aux textiles et \u00e0 la d\u00e9coration.<br>\nCeux qui ont un \u0153il particulier pour la mode\npeuvent mode peuvent d\u00e9velopper ce th\u00e8me en faisant appel \u00e0 une \u00e9quipe de\ndesigners \u00e0 leur disposition pour cr\u00e9er une maison enti\u00e8rement personnalis\u00e9e\npar Fendi Casa.<br>\n<br>\nUn niveau inf\u00e9rieur spacieux et impeccable abrite\nune salle polyvalente qui sert de salle de jeux, de cin\u00e9ma maison, ou m\u00eame un\nsanctuaire priv\u00e9 pour les invit\u00e9s de nuit. invit\u00e9s. Pendant ce temps, le niveau\nprincipal offre suffisamment d&#8217;espace pour r\u00e9pondre aux besoins de votre<br>\nfamille avec un salon spacieux, trois chambres \u00e0\ncoucher et trois salles de bains et demie, ainsi qu&#8217;un vaste porche et une\nterrasse pour une pure immersion dans Marbella.<br>\n<br>\nLe plan du rez-de-chauss\u00e9e, qui imite celui de la\nr\u00e9sidence Garden, est con\u00e7u pour la vie de famille. Les deux chambres \u00e0 coucher\nsont chacune \u00e9quip\u00e9es d&#8217;une salle de bain adjacente, tandis qu&#8217;\u00e0 l&#8217;angle oppos\u00e9\nde la maison, la vaste suite parentale est situ\u00e9e \u00e0 c\u00f4t\u00e9 de la de la salle de\ns\u00e9jour spacieuse, avec un acc\u00e8s direct au porche et \u00e0 la terrasse de la maison.<br>\n<br>\n\u00c0 l&#8217;\u00e9tage,&nbsp; vous d\u00e9couvrirez une pergola\npriv\u00e9e et un vaste solarium, o\u00f9 vous pourrez profiter des 320 jours de soleil\nde Marbella.<br>\n<br>\nUne place pour chaque chose et chaque chose \u00e0 sa\nplace. Avec les cuisines et les armoires Fendi Casa garde-robes inclus dans les\n28 r\u00e9sidences,<br>\nil est facile d&#8217;organiser les d\u00e9tails de votre\nvie. Magnifiquement et soigneusement con\u00e7u aucune facette n&#8217;a \u00e9t\u00e9 n\u00e9glig\u00e9e.<br>\n<br>\nL&#8217;essence du vrai luxe.<br>\n<br>\nTout Neuf &nbsp;Garantie 10 ans<br>\n<br>\nDisponible<\/p>\n\n\n\n<figure class=\"wp-block-table\"><table class=\"\"><tbody><tr><td>   <\/td><\/tr><\/tbody><\/table><\/figure>\n","protected":false},"excerpt":{"rendered":"<p>Venta Piso Marbella \u2013 Andalucia Calle: Ref: CGOO27 Venta Piso en Marbella, Andaluc\u00eda, 7 Piezas, 5 Dormitorios, 380 M\u00b2, 5.250.000 \u20ac 5.250.000 \u20ac Piezas 6 piezas Superficie 380 m\u00b2 5 Dormitorios 1 Cocina 5 Cuartos de ba\u00f1o 1 aseos 1 Aparcamiento interior 1 Sol\u00e1rium 209 m\u00b2 1 Terrazas 537 m2 Cerca de Piscina p\u00fablica Impuesto &hellip; <\/p>\n<p class=\"link-more\"><a href=\"https:\/\/coelloglobal.com\/index.php\/venta-piso-marbella-5-250-000-e\/\" class=\"more-link\">Continue reading<span class=\"screen-reader-text\"> &#8220;Venta Piso Marbella 5.250.000 \u20ac Ref: CG0027&#8221;<\/span><\/a><\/p>\n","protected":false},"author":1,"featured_media":2721,"parent":0,"menu_order":0,"comment_status":"closed","ping_status":"closed","template":"","meta":{"footnotes":""},"class_list":["post-2719","page","type-page","status-publish","has-post-thumbnail","hentry"],"_links":{"self":[{"href":"https:\/\/coelloglobal.com\/index.php\/wp-json\/wp\/v2\/pages\/2719","targetHints":{"allow":["GET"]}}],"collection":[{"href":"https:\/\/coelloglobal.com\/index.php\/wp-json\/wp\/v2\/pages"}],"about":[{"href":"https:\/\/coelloglobal.com\/index.php\/wp-json\/wp\/v2\/types\/page"}],"author":[{"embeddable":true,"href":"https:\/\/coelloglobal.com\/index.php\/wp-json\/wp\/v2\/users\/1"}],"replies":[{"embeddable":true,"href":"https:\/\/coelloglobal.com\/index.php\/wp-json\/wp\/v2\/comments?post=2719"}],"version-history":[{"count":8,"href":"https:\/\/coelloglobal.com\/index.php\/wp-json\/wp\/v2\/pages\/2719\/revisions"}],"predecessor-version":[{"id":4099,"href":"https:\/\/coelloglobal.com\/index.php\/wp-json\/wp\/v2\/pages\/2719\/revisions\/4099"}],"wp:featuredmedia":[{"embeddable":true,"href":"https:\/\/coelloglobal.com\/index.php\/wp-json\/wp\/v2\/media\/2721"}],"wp:attachment":[{"href":"https:\/\/coelloglobal.com\/index.php\/wp-json\/wp\/v2\/media?parent=2719"}],"curies":[{"name":"wp","href":"https:\/\/api.w.org\/{rel}","templated":true}]}}