{"id":2788,"date":"2023-10-02T20:38:46","date_gmt":"2023-10-02T20:38:46","guid":{"rendered":"http:\/\/coelloglobal.com\/?page_id=2788"},"modified":"2023-10-11T15:46:08","modified_gmt":"2023-10-11T15:46:08","slug":"venta-villa-adsubia-3-589-000-e","status":"publish","type":"page","link":"https:\/\/coelloglobal.com\/index.php\/venta-villa-adsubia-3-589-000-e\/","title":{"rendered":"Venta Villa Adsubia 3.589.000 \u20ac Ref: CG0030"},"content":{"rendered":"\n<div id=\"wp-block-themeisle-blocks-slider-7fb9aa36\" class=\"wp-block-themeisle-blocks-slider glide\" data-per-view=\"1\" data-gap=\"0\" data-peek=\"0\" data-autoplay=\"true\" data-height=\"400px\"><div class=\"glide__track\" data-glide-el=\"track\"><div class=\"glide__slides\"><div class=\"wp-block-themeisle-blocks-slider-item-wrapper glide__slide\" tabindex=\"0\"><figure><img decoding=\"async\" class=\"wp-block-themeisle-blocks-slider-item\" src=\"http:\/\/coelloglobal.com\/wp-content\/uploads\/2023\/10\/foto-1-4.jpg\" alt=\"\" title=\"\" data-id=\"2789\"\/><\/figure><\/div><div class=\"wp-block-themeisle-blocks-slider-item-wrapper glide__slide\" tabindex=\"0\"><figure><img decoding=\"async\" class=\"wp-block-themeisle-blocks-slider-item\" src=\"http:\/\/coelloglobal.com\/wp-content\/uploads\/2023\/10\/foto-2-4.jpg\" alt=\"\" title=\"\" data-id=\"2790\"\/><\/figure><\/div><div class=\"wp-block-themeisle-blocks-slider-item-wrapper glide__slide\" tabindex=\"0\"><figure><img decoding=\"async\" class=\"wp-block-themeisle-blocks-slider-item\" src=\"http:\/\/coelloglobal.com\/wp-content\/uploads\/2023\/10\/foto-3-10.jpg\" alt=\"\" title=\"\" data-id=\"2791\"\/><\/figure><\/div><div class=\"wp-block-themeisle-blocks-slider-item-wrapper glide__slide\" tabindex=\"0\"><figure><img decoding=\"async\" class=\"wp-block-themeisle-blocks-slider-item\" src=\"http:\/\/coelloglobal.com\/wp-content\/uploads\/2023\/10\/foto-4-4.jpg\" alt=\"\" title=\"\" data-id=\"2792\"\/><\/figure><\/div><div class=\"wp-block-themeisle-blocks-slider-item-wrapper glide__slide\" tabindex=\"0\"><figure><img decoding=\"async\" class=\"wp-block-themeisle-blocks-slider-item\" src=\"http:\/\/coelloglobal.com\/wp-content\/uploads\/2023\/10\/foto-5-4.jpg\" alt=\"\" title=\"\" data-id=\"2793\"\/><\/figure><\/div><div class=\"wp-block-themeisle-blocks-slider-item-wrapper glide__slide\" tabindex=\"0\"><figure><img decoding=\"async\" class=\"wp-block-themeisle-blocks-slider-item\" src=\"http:\/\/coelloglobal.com\/wp-content\/uploads\/2023\/10\/foto-6-4.jpg\" alt=\"\" title=\"\" data-id=\"2794\"\/><\/figure><\/div><div class=\"wp-block-themeisle-blocks-slider-item-wrapper glide__slide\" tabindex=\"0\"><figure><img decoding=\"async\" class=\"wp-block-themeisle-blocks-slider-item\" src=\"http:\/\/coelloglobal.com\/wp-content\/uploads\/2023\/10\/foto-7-plano.jpg\" alt=\"\" title=\"\" data-id=\"2795\"\/><\/figure><\/div><div class=\"wp-block-themeisle-blocks-slider-item-wrapper glide__slide\" tabindex=\"0\"><figure><img decoding=\"async\" class=\"wp-block-themeisle-blocks-slider-item\" src=\"http:\/\/coelloglobal.com\/wp-content\/uploads\/2023\/10\/foto-8-plano.jpg\" alt=\"\" title=\"\" data-id=\"2796\"\/><\/figure><\/div><div class=\"wp-block-themeisle-blocks-slider-item-wrapper glide__slide\" tabindex=\"0\"><figure><img decoding=\"async\" class=\"wp-block-themeisle-blocks-slider-item\" src=\"http:\/\/coelloglobal.com\/wp-content\/uploads\/2023\/10\/foto-9-plano.jpg\" alt=\"\" title=\"\" data-id=\"2797\"\/><\/figure><\/div><div class=\"wp-block-themeisle-blocks-slider-item-wrapper glide__slide\" tabindex=\"0\"><figure><img decoding=\"async\" class=\"wp-block-themeisle-blocks-slider-item\" src=\"http:\/\/coelloglobal.com\/wp-content\/uploads\/2023\/10\/foto-10-4.jpg\" alt=\"\" title=\"\" data-id=\"2798\"\/><\/figure><\/div><div class=\"wp-block-themeisle-blocks-slider-item-wrapper glide__slide\" tabindex=\"0\"><figure><img decoding=\"async\" class=\"wp-block-themeisle-blocks-slider-item\" src=\"http:\/\/coelloglobal.com\/wp-content\/uploads\/2023\/10\/foto-11-4.jpg\" alt=\"\" title=\"\" data-id=\"2799\"\/><\/figure><\/div><div class=\"wp-block-themeisle-blocks-slider-item-wrapper glide__slide\" tabindex=\"0\"><figure><img decoding=\"async\" class=\"wp-block-themeisle-blocks-slider-item\" src=\"http:\/\/coelloglobal.com\/wp-content\/uploads\/2023\/10\/foto-12-3.jpg\" alt=\"\" title=\"\" data-id=\"2800\"\/><\/figure><\/div><div class=\"wp-block-themeisle-blocks-slider-item-wrapper glide__slide\" tabindex=\"0\"><figure><img decoding=\"async\" class=\"wp-block-themeisle-blocks-slider-item\" src=\"http:\/\/coelloglobal.com\/wp-content\/uploads\/2023\/10\/foto-13-3.jpg\" alt=\"\" title=\"\" data-id=\"2801\"\/><\/figure><\/div><\/div><div class=\"glide__arrows\" data-glide-el=\"controls\"><button class=\"glide__arrow glide__arrow--left\" data-glide-dir=\"<\"><svg xmlns=\"http:\/\/www.w3.org\/2000\/svg\" width=\"18\" height=\"18\" viewbox=\"0 0 100 100\" role=\"img\" aria-hidden=\"true\" focusable=\"false\"><path d=\"M 10,50 L 60,100 L 70,90 L 30,50  L 70,10 L 60,0 Z\"><\/path><\/svg><\/button><button class=\"glide__arrow glide__arrow--right\" data-glide-dir=\"&gt;\"><svg xmlns=\"http:\/\/www.w3.org\/2000\/svg\" width=\"18\" height=\"18\" viewbox=\"0 0 100 100\" role=\"img\" aria-hidden=\"true\" focusable=\"false\"><path d=\"M 10,50 L 60,100 L 70,90 L 30,50  L 70,10 L 60,0 Z\"><\/path><\/svg><\/button><\/div><div class=\"glide__bullets\" data-glide-el=\"controls[nav]\"><button class=\"glide__bullet\" data-glide-dir=\"=0\"><\/button><button class=\"glide__bullet\" data-glide-dir=\"=1\"><\/button><button class=\"glide__bullet\" data-glide-dir=\"=2\"><\/button><button class=\"glide__bullet\" data-glide-dir=\"=3\"><\/button><button class=\"glide__bullet\" data-glide-dir=\"=4\"><\/button><button class=\"glide__bullet\" data-glide-dir=\"=5\"><\/button><button class=\"glide__bullet\" data-glide-dir=\"=6\"><\/button><button class=\"glide__bullet\" data-glide-dir=\"=7\"><\/button><button class=\"glide__bullet\" data-glide-dir=\"=8\"><\/button><button class=\"glide__bullet\" data-glide-dir=\"=9\"><\/button><button class=\"glide__bullet\" data-glide-dir=\"=10\"><\/button><button class=\"glide__bullet\" data-glide-dir=\"=11\"><\/button><button class=\"glide__bullet\" data-glide-dir=\"=12\"><\/button><\/div><\/div><\/div>\n\n\n\n<ul class=\"wp-block-list\"><li><\/li><li><a>Venta Villa Adsubia, 7 Piezas, 5 Dormitorios, 739 M\u00b2, <\/a><\/li><li>Precio: <a>3.589.000&nbsp;\u20ac<\/a><\/li><\/ul>\n\n\n\n<ul class=\"wp-block-list\"><li>Referencia&nbsp;V0343<\/li><li>Piezas&nbsp;7 piezas<\/li><li>Superficie&nbsp;739 m\u00b2<\/li><\/ul>\n\n\n\n<h3 class=\"wp-block-heading\">Superficies<\/h3>\n\n\n\n<ul class=\"wp-block-list\"><li>5 Dormitorios<\/li><li>1 Cocina<\/li><li>5 Cuartos de ba\u00f1o<\/li><li>1 Terreno&nbsp;<strong>1252 m\u00b2<\/strong><\/li><li>1 Aparcamiento interior<\/li><li>1 Terraza&nbsp;<strong>45 m\u00b2<\/strong><\/li><\/ul>\n\n\n\n<h3 class=\"wp-block-heading\">Cerca de<\/h3>\n\n\n\n<ul class=\"wp-block-list\"><li>Piscina p\u00fablica<\/li><\/ul>\n\n\n\n<h3 class=\"wp-block-heading\">Aviso legal<\/h3>\n\n\n\n<ul class=\"wp-block-list\"><li>Impuesto sobre Bienes Inmuebles&nbsp;<strong>1000 \u20ac \/ a\u00f1o<\/strong><\/li><\/ul>\n\n\n\n<h3 class=\"wp-block-heading\">Prestaciones<\/h3>\n\n\n\n<ul class=\"wp-block-list\"><li>Portero autom\u00e1tico<\/li><li>Version English<\/li><li><a>Sale Villa Adsubia, 7 Rooms, 5 Bedrooms, 739 M\u00b2,<\/a><\/li><li>Price:<a> \u20ac3,589,000<\/a><\/li><li>Reference&nbsp;V0343<\/li><li>Rooms&nbsp;7 rooms<\/li><li>Area&nbsp;739 m\u00b2<\/li><\/ul>\n\n\n\n<h3 class=\"wp-block-heading\">Areas<\/h3>\n\n\n\n<ul class=\"wp-block-list\"><li>5 Bedrooms<\/li><li>1 Kitchen<\/li><li>5 Bathrooms<\/li><li>1 Land&nbsp;<strong>1252 m\u00b2<\/strong><\/li><li>1 Indoor parking<\/li><li>1 Terrace&nbsp;<strong>45 m\u00b2<\/strong><\/li><\/ul>\n\n\n\n<h3 class=\"wp-block-heading\">Proximities<\/h3>\n\n\n\n<ul class=\"wp-block-list\"><li>Public pool<\/li><\/ul>\n\n\n\n<h3 class=\"wp-block-heading\">Legal notice<\/h3>\n\n\n\n<ul class=\"wp-block-list\"><li>Land value tax&nbsp;<strong>1000 \u20ac \/ year<\/strong><\/li><\/ul>\n\n\n\n<h3 class=\"wp-block-heading\">Services<\/h3>\n\n\n\n<ul class=\"wp-block-list\"><li>Intercom<\/li><\/ul>\n\n\n\n<ul class=\"wp-block-list\"><li><a href=\"https:\/\/pleiades-estate.com\/fr\/recherche?search_property_category=1\">V<\/a>ersion Fran\u00e7aise<\/li><li><a>Vente Villa Adsubia, 7 Pi\u00e8ces, 5 Chambres, 739 M\u00b2, 3\u202f589\u202f000&nbsp;\u20ac<\/a><\/li><\/ul>\n\n\n\n<p>R\u00e9gion: Costa Blanca<br>Magnifique Villa Luxueuse T7 avec vue sur la Mer<br>Caract\u00e9ristiques : 5 chambres, 5 salles de bain , Cuisine ouverte, Salle \u00e0 manger, Grandes Terrasses avec vue Mer, Jardin &#8230;\u2026<br>Terrain de 908 m2 avec vue Mer.<br>Grande piscine priv\u00e9e ext\u00e9rieure.<br>Piscine priv\u00e9e int\u00e9rieure<br>Vues sur la mer&nbsp;<br>Quartier r\u00e9sidentiel Tranquille<br>Plages \u00e0 2 Kilom\u00e8tres<br>Terrain de Golf \u00e0 5 km<br>A\u00e9roport d&#8217;Alicante \u00e0 97 km<br>A\u00e9roport de Valence \u00e0 122 km<br>Ville de J\u00e1vea et tous ses commerces, bars et restaurants \u00e0 moins de 2 km<br>Venez voir cette villa exclusive, construite dans un endroit magnifique et calme \u00e0 J\u00e1vea.<br><br>Cette maison est compos\u00e9e de diff\u00e9rents volumes qui se glissent les uns dans les autres permettant une lecture moderne du concept d&#8217;architecture m\u00e9diterran\u00e9enne.<br><br>Le jeu des volumes dynamise les espaces ext\u00e9rieurs en s&#8217;adaptant aux param\u00e8tres pr\u00e9existants de la parcelle, tandis que les mat\u00e9riaux et leurs textures jouent avec la lumi\u00e8re dans les espaces int\u00e9rieurs.<br><br>L&#8217;essence de l&#8217;int\u00e9rieur de la maison se traduit par des lignes \u00e9l\u00e9gantes et fonctionnelles, m\u00eame si des mat\u00e9riaux tels que la pierre et le verre dialoguent tout en conservant le style m\u00e9diterran\u00e9en.<br><br>Le design moderne de cette maison cr\u00e9e des espaces larges et chaleureux. Les formes g\u00e9om\u00e9triques simples, l&#8217;utilisation de mat\u00e9riaux m\u00e9diterran\u00e9ens et l&#8217;optimisation des plans et des volumes g\u00e9n\u00e8rent un sentiment d&#8217;ordre et de qualit\u00e9 spatiale. Le mouvement de la lumi\u00e8re naturelle dans la maison r\u00e9v\u00e8le des espaces propres et essentiels.<br><br>Dot\u00e9e de 5 chambres et de 5 salles de bain, la maison est enti\u00e8rement \u00e9quip\u00e9e pour accueillir une grande famille tout en offrant l&#8217;intimit\u00e9 n\u00e9cessaire pour recevoir les invit\u00e9s qui pourraient passer la nuit ici.<br><br>Les autres \u00e9quipements comprennent la climatisation, le chauffage central, un garage, un jardin priv\u00e9, une terrasse priv\u00e9e, une salle \u00e0 manger s\u00e9par\u00e9e, une salle de gym et un spa. La propri\u00e9t\u00e9 dispose \u00e9galement d&#8217;une piscine qui, combin\u00e9e \u00e0 la maison, offre un cadre de vie luxueux avec l&#8217;\u00e9l\u00e9gance qui convient aux influences de design de style.<br><br>Elle se trouve \u00e0 proximit\u00e9 de la plage Arenal de Javea, de restaurants et de magasins, entre autres, qui se trouvent dans un rayon de 2 km.<br><br>Le temps est venu pour vous de vous installer enfin, et cela pourrait \u00eatre le v\u00f4tre.<br><br>Neuf direct promoteur Garantie 10 ans + GARANTIE D&#8217;ACHAT S\u00dbR = 20 ans de protection juridique gratuite pour toute r\u00e9clamation contre cette propri\u00e9t\u00e9<br><br>Disponible en F\u00e9vrier 2024<br><br>&nbsp;<\/p>\n\n\n\n<p>Pi\u00e8ces&nbsp;7 pi\u00e8ces<\/p>\n\n\n\n<p>Surface&nbsp;739 m\u00b2<\/p>\n\n\n\n<h3 class=\"wp-block-heading\">Surfaces<\/h3>\n\n\n\n<ul class=\"wp-block-list\"><li>5 Chambres<\/li><li>1 Cuisine&nbsp;<strong>Am\u00e9nag\u00e9e et Equip\u00e9e<\/strong><\/li><li>5 Salles de bains<\/li><li>1 Terrain&nbsp;<strong>1252 m\u00b2<\/strong><\/li><li>1 Parking int\u00e9rieur<\/li><li>1 Terrasse&nbsp;<strong>45 m\u00b2<\/strong><\/li><\/ul>\n\n\n\n<h3 class=\"wp-block-heading\">Proximit\u00e9s<\/h3>\n\n\n\n<ul class=\"wp-block-list\"><li>Piscine publique<\/li><\/ul>\n\n\n\n<h3 class=\"wp-block-heading\">Mentions l\u00e9gales<\/h3>\n\n\n\n<ul class=\"wp-block-list\"><li>Taxe fonci\u00e8re&nbsp;<strong>1000 \u20ac \/ an<\/strong><\/li><\/ul>\n\n\n\n<h3 class=\"wp-block-heading\">Prestations<\/h3>\n\n\n\n<ul class=\"wp-block-list\"><li>Interphone<\/li><\/ul>\n","protected":false},"excerpt":{"rendered":"<p>Venta Villa Adsubia, 7 Piezas, 5 Dormitorios, 739 M\u00b2, Precio: 3.589.000&nbsp;\u20ac Referencia&nbsp;V0343 Piezas&nbsp;7 piezas Superficie&nbsp;739 m\u00b2 Superficies 5 Dormitorios 1 Cocina 5 Cuartos de ba\u00f1o 1 Terreno&nbsp;1252 m\u00b2 1 Aparcamiento interior 1 Terraza&nbsp;45 m\u00b2 Cerca de Piscina p\u00fablica Aviso legal Impuesto sobre Bienes Inmuebles&nbsp;1000 \u20ac \/ a\u00f1o Prestaciones Portero autom\u00e1tico Version English Sale Villa Adsubia, &hellip; <\/p>\n<p class=\"link-more\"><a href=\"https:\/\/coelloglobal.com\/index.php\/venta-villa-adsubia-3-589-000-e\/\" class=\"more-link\">Continue reading<span class=\"screen-reader-text\"> &#8220;Venta Villa Adsubia 3.589.000 \u20ac Ref: CG0030&#8221;<\/span><\/a><\/p>\n","protected":false},"author":1,"featured_media":2803,"parent":0,"menu_order":0,"comment_status":"closed","ping_status":"closed","template":"","meta":{"footnotes":""},"class_list":["post-2788","page","type-page","status-publish","has-post-thumbnail","hentry"],"_links":{"self":[{"href":"https:\/\/coelloglobal.com\/index.php\/wp-json\/wp\/v2\/pages\/2788","targetHints":{"allow":["GET"]}}],"collection":[{"href":"https:\/\/coelloglobal.com\/index.php\/wp-json\/wp\/v2\/pages"}],"about":[{"href":"https:\/\/coelloglobal.com\/index.php\/wp-json\/wp\/v2\/types\/page"}],"author":[{"embeddable":true,"href":"https:\/\/coelloglobal.com\/index.php\/wp-json\/wp\/v2\/users\/1"}],"replies":[{"embeddable":true,"href":"https:\/\/coelloglobal.com\/index.php\/wp-json\/wp\/v2\/comments?post=2788"}],"version-history":[{"count":3,"href":"https:\/\/coelloglobal.com\/index.php\/wp-json\/wp\/v2\/pages\/2788\/revisions"}],"predecessor-version":[{"id":3191,"href":"https:\/\/coelloglobal.com\/index.php\/wp-json\/wp\/v2\/pages\/2788\/revisions\/3191"}],"wp:featuredmedia":[{"embeddable":true,"href":"https:\/\/coelloglobal.com\/index.php\/wp-json\/wp\/v2\/media\/2803"}],"wp:attachment":[{"href":"https:\/\/coelloglobal.com\/index.php\/wp-json\/wp\/v2\/media?parent=2788"}],"curies":[{"name":"wp","href":"https:\/\/api.w.org\/{rel}","templated":true}]}}