{"id":2809,"date":"2023-10-02T20:45:59","date_gmt":"2023-10-02T20:45:59","guid":{"rendered":"http:\/\/coelloglobal.com\/?page_id=2809"},"modified":"2023-10-11T15:46:24","modified_gmt":"2023-10-11T15:46:24","slug":"venta-villa-marbella-3-550-000-e","status":"publish","type":"page","link":"https:\/\/coelloglobal.com\/index.php\/venta-villa-marbella-3-550-000-e\/","title":{"rendered":"Venta Villa Marbella 3.550.000 \u20ac Ref: CG0031"},"content":{"rendered":"\n<div id=\"wp-block-themeisle-blocks-slider-03b75366\" class=\"wp-block-themeisle-blocks-slider glide\" data-per-view=\"1\" data-gap=\"0\" data-peek=\"0\" data-autoplay=\"true\" data-height=\"400px\"><div class=\"glide__track\" data-glide-el=\"track\"><div class=\"glide__slides\"><div class=\"wp-block-themeisle-blocks-slider-item-wrapper glide__slide\" tabindex=\"0\"><figure><img decoding=\"async\" class=\"wp-block-themeisle-blocks-slider-item\" src=\"http:\/\/coelloglobal.com\/wp-content\/uploads\/2023\/10\/foto-1-5.jpg\" alt=\"\" title=\"\" data-id=\"2810\"\/><\/figure><\/div><div class=\"wp-block-themeisle-blocks-slider-item-wrapper glide__slide\" tabindex=\"0\"><figure><img decoding=\"async\" class=\"wp-block-themeisle-blocks-slider-item\" src=\"http:\/\/coelloglobal.com\/wp-content\/uploads\/2023\/10\/foto-2-5.jpg\" alt=\"\" title=\"\" data-id=\"2811\"\/><\/figure><\/div><div class=\"wp-block-themeisle-blocks-slider-item-wrapper glide__slide\" tabindex=\"0\"><figure><img decoding=\"async\" class=\"wp-block-themeisle-blocks-slider-item\" src=\"http:\/\/coelloglobal.com\/wp-content\/uploads\/2023\/10\/foto-3-11.jpg\" alt=\"\" title=\"\" data-id=\"2812\"\/><\/figure><\/div><div class=\"wp-block-themeisle-blocks-slider-item-wrapper glide__slide\" tabindex=\"0\"><figure><img decoding=\"async\" class=\"wp-block-themeisle-blocks-slider-item\" src=\"http:\/\/coelloglobal.com\/wp-content\/uploads\/2023\/10\/foto-4-7.jpg\" alt=\"\" title=\"\" data-id=\"2813\"\/><\/figure><\/div><div class=\"wp-block-themeisle-blocks-slider-item-wrapper glide__slide\" tabindex=\"0\"><figure><img decoding=\"async\" class=\"wp-block-themeisle-blocks-slider-item\" src=\"http:\/\/coelloglobal.com\/wp-content\/uploads\/2023\/10\/foto-5-5.jpg\" alt=\"\" title=\"\" data-id=\"2814\"\/><\/figure><\/div><div class=\"wp-block-themeisle-blocks-slider-item-wrapper glide__slide\" tabindex=\"0\"><figure><img decoding=\"async\" class=\"wp-block-themeisle-blocks-slider-item\" src=\"http:\/\/coelloglobal.com\/wp-content\/uploads\/2023\/10\/foto-6-5.jpg\" alt=\"\" title=\"\" data-id=\"2815\"\/><\/figure><\/div><div class=\"wp-block-themeisle-blocks-slider-item-wrapper glide__slide\" tabindex=\"0\"><figure><img decoding=\"async\" class=\"wp-block-themeisle-blocks-slider-item\" src=\"http:\/\/coelloglobal.com\/wp-content\/uploads\/2023\/10\/foto-7-4.jpg\" alt=\"\" title=\"\" data-id=\"2816\"\/><\/figure><\/div><div class=\"wp-block-themeisle-blocks-slider-item-wrapper glide__slide\" tabindex=\"0\"><figure><img decoding=\"async\" class=\"wp-block-themeisle-blocks-slider-item\" src=\"http:\/\/coelloglobal.com\/wp-content\/uploads\/2023\/10\/foto-8-4.jpg\" alt=\"\" title=\"\" data-id=\"2817\"\/><\/figure><\/div><div class=\"wp-block-themeisle-blocks-slider-item-wrapper glide__slide\" tabindex=\"0\"><figure><img decoding=\"async\" class=\"wp-block-themeisle-blocks-slider-item\" src=\"http:\/\/coelloglobal.com\/wp-content\/uploads\/2023\/10\/foto-9-4.jpg\" alt=\"\" title=\"\" data-id=\"2818\"\/><\/figure><\/div><div class=\"wp-block-themeisle-blocks-slider-item-wrapper glide__slide\" tabindex=\"0\"><figure><img decoding=\"async\" class=\"wp-block-themeisle-blocks-slider-item\" src=\"http:\/\/coelloglobal.com\/wp-content\/uploads\/2023\/10\/foto-10-5.jpg\" alt=\"\" title=\"\" data-id=\"2819\"\/><\/figure><\/div><div class=\"wp-block-themeisle-blocks-slider-item-wrapper glide__slide\" tabindex=\"0\"><figure><img decoding=\"async\" class=\"wp-block-themeisle-blocks-slider-item\" src=\"http:\/\/coelloglobal.com\/wp-content\/uploads\/2023\/10\/foto-11-5.jpg\" alt=\"\" title=\"\" data-id=\"2820\"\/><\/figure><\/div><div class=\"wp-block-themeisle-blocks-slider-item-wrapper glide__slide\" tabindex=\"0\"><figure><img decoding=\"async\" class=\"wp-block-themeisle-blocks-slider-item\" src=\"http:\/\/coelloglobal.com\/wp-content\/uploads\/2023\/10\/foto-12-4.jpg\" alt=\"\" title=\"\" data-id=\"2821\"\/><\/figure><\/div><div class=\"wp-block-themeisle-blocks-slider-item-wrapper glide__slide\" tabindex=\"0\"><figure><img decoding=\"async\" class=\"wp-block-themeisle-blocks-slider-item\" src=\"http:\/\/coelloglobal.com\/wp-content\/uploads\/2023\/10\/foto-13-4.jpg\" alt=\"\" title=\"\" data-id=\"2822\"\/><\/figure><\/div><div class=\"wp-block-themeisle-blocks-slider-item-wrapper glide__slide\" tabindex=\"0\"><figure><img decoding=\"async\" class=\"wp-block-themeisle-blocks-slider-item\" src=\"http:\/\/coelloglobal.com\/wp-content\/uploads\/2023\/10\/foto-14-2.jpg\" alt=\"\" title=\"\" data-id=\"2823\"\/><\/figure><\/div><div class=\"wp-block-themeisle-blocks-slider-item-wrapper glide__slide\" tabindex=\"0\"><figure><img decoding=\"async\" class=\"wp-block-themeisle-blocks-slider-item\" src=\"http:\/\/coelloglobal.com\/wp-content\/uploads\/2023\/10\/foto-15-2.jpg\" alt=\"\" title=\"\" data-id=\"2824\"\/><\/figure><\/div><div class=\"wp-block-themeisle-blocks-slider-item-wrapper glide__slide\" tabindex=\"0\"><figure><img decoding=\"async\" class=\"wp-block-themeisle-blocks-slider-item\" src=\"http:\/\/coelloglobal.com\/wp-content\/uploads\/2023\/10\/foto-16-2.jpg\" alt=\"\" title=\"\" data-id=\"2825\"\/><\/figure><\/div><div class=\"wp-block-themeisle-blocks-slider-item-wrapper glide__slide\" tabindex=\"0\"><figure><img decoding=\"async\" class=\"wp-block-themeisle-blocks-slider-item\" src=\"http:\/\/coelloglobal.com\/wp-content\/uploads\/2023\/10\/foto-17-2.jpg\" alt=\"\" title=\"\" data-id=\"2826\"\/><\/figure><\/div><div class=\"wp-block-themeisle-blocks-slider-item-wrapper glide__slide\" tabindex=\"0\"><figure><img decoding=\"async\" class=\"wp-block-themeisle-blocks-slider-item\" src=\"http:\/\/coelloglobal.com\/wp-content\/uploads\/2023\/10\/foto-18-2.jpg\" alt=\"\" title=\"\" data-id=\"2827\"\/><\/figure><\/div><div class=\"wp-block-themeisle-blocks-slider-item-wrapper glide__slide\" tabindex=\"0\"><figure><img decoding=\"async\" class=\"wp-block-themeisle-blocks-slider-item\" src=\"http:\/\/coelloglobal.com\/wp-content\/uploads\/2023\/10\/foto-19-2.jpg\" alt=\"\" title=\"\" data-id=\"2828\"\/><\/figure><\/div><div class=\"wp-block-themeisle-blocks-slider-item-wrapper glide__slide\" tabindex=\"0\"><figure><img decoding=\"async\" class=\"wp-block-themeisle-blocks-slider-item\" src=\"http:\/\/coelloglobal.com\/wp-content\/uploads\/2023\/10\/foto-20-2.jpg\" alt=\"\" title=\"\" data-id=\"2829\"\/><\/figure><\/div><div class=\"wp-block-themeisle-blocks-slider-item-wrapper glide__slide\" tabindex=\"0\"><figure><img decoding=\"async\" class=\"wp-block-themeisle-blocks-slider-item\" src=\"http:\/\/coelloglobal.com\/wp-content\/uploads\/2023\/10\/foto-21-1.jpg\" alt=\"\" title=\"\" data-id=\"2830\"\/><\/figure><\/div><div class=\"wp-block-themeisle-blocks-slider-item-wrapper glide__slide\" tabindex=\"0\"><figure><img decoding=\"async\" class=\"wp-block-themeisle-blocks-slider-item\" src=\"http:\/\/coelloglobal.com\/wp-content\/uploads\/2023\/10\/foto-22-1.jpg\" alt=\"\" title=\"\" data-id=\"2831\"\/><\/figure><\/div><div class=\"wp-block-themeisle-blocks-slider-item-wrapper glide__slide\" tabindex=\"0\"><figure><img decoding=\"async\" class=\"wp-block-themeisle-blocks-slider-item\" src=\"http:\/\/coelloglobal.com\/wp-content\/uploads\/2023\/10\/foto-23-1.jpg\" alt=\"\" title=\"\" data-id=\"2832\"\/><\/figure><\/div><div class=\"wp-block-themeisle-blocks-slider-item-wrapper glide__slide\" tabindex=\"0\"><figure><img decoding=\"async\" class=\"wp-block-themeisle-blocks-slider-item\" src=\"http:\/\/coelloglobal.com\/wp-content\/uploads\/2023\/10\/foto-24-1.jpg\" alt=\"\" title=\"\" data-id=\"2833\"\/><\/figure><\/div><div class=\"wp-block-themeisle-blocks-slider-item-wrapper glide__slide\" tabindex=\"0\"><figure><img decoding=\"async\" class=\"wp-block-themeisle-blocks-slider-item\" src=\"http:\/\/coelloglobal.com\/wp-content\/uploads\/2023\/10\/foto-25-1.jpg\" alt=\"\" title=\"\" data-id=\"2834\"\/><\/figure><\/div><div class=\"wp-block-themeisle-blocks-slider-item-wrapper glide__slide\" tabindex=\"0\"><figure><img decoding=\"async\" class=\"wp-block-themeisle-blocks-slider-item\" src=\"http:\/\/coelloglobal.com\/wp-content\/uploads\/2023\/10\/foto-26-1.jpg\" alt=\"\" title=\"\" data-id=\"2835\"\/><\/figure><\/div><div class=\"wp-block-themeisle-blocks-slider-item-wrapper glide__slide\" tabindex=\"0\"><figure><img decoding=\"async\" class=\"wp-block-themeisle-blocks-slider-item\" src=\"http:\/\/coelloglobal.com\/wp-content\/uploads\/2023\/10\/foto-27-1.jpg\" alt=\"\" title=\"\" data-id=\"2836\"\/><\/figure><\/div><div class=\"wp-block-themeisle-blocks-slider-item-wrapper glide__slide\" tabindex=\"0\"><figure><img decoding=\"async\" class=\"wp-block-themeisle-blocks-slider-item\" src=\"http:\/\/coelloglobal.com\/wp-content\/uploads\/2023\/10\/foto-28-1.jpg\" alt=\"\" title=\"\" data-id=\"2837\"\/><\/figure><\/div><div class=\"wp-block-themeisle-blocks-slider-item-wrapper glide__slide\" tabindex=\"0\"><figure><img decoding=\"async\" class=\"wp-block-themeisle-blocks-slider-item\" src=\"http:\/\/coelloglobal.com\/wp-content\/uploads\/2023\/10\/foto-29-1.jpg\" alt=\"\" title=\"\" data-id=\"2838\"\/><\/figure><\/div><div class=\"wp-block-themeisle-blocks-slider-item-wrapper glide__slide\" tabindex=\"0\"><figure><img decoding=\"async\" class=\"wp-block-themeisle-blocks-slider-item\" src=\"http:\/\/coelloglobal.com\/wp-content\/uploads\/2023\/10\/foto-30-1.jpg\" alt=\"\" title=\"\" data-id=\"2839\"\/><\/figure><\/div><div class=\"wp-block-themeisle-blocks-slider-item-wrapper glide__slide\" tabindex=\"0\"><figure><img decoding=\"async\" class=\"wp-block-themeisle-blocks-slider-item\" src=\"http:\/\/coelloglobal.com\/wp-content\/uploads\/2023\/10\/foto-31-1.jpg\" alt=\"\" title=\"\" data-id=\"2840\"\/><\/figure><\/div><div class=\"wp-block-themeisle-blocks-slider-item-wrapper glide__slide\" tabindex=\"0\"><figure><img decoding=\"async\" class=\"wp-block-themeisle-blocks-slider-item\" src=\"http:\/\/coelloglobal.com\/wp-content\/uploads\/2023\/10\/foto-32-1.jpg\" alt=\"\" title=\"\" data-id=\"2841\"\/><\/figure><\/div><div class=\"wp-block-themeisle-blocks-slider-item-wrapper glide__slide\" tabindex=\"0\"><figure><img decoding=\"async\" class=\"wp-block-themeisle-blocks-slider-item\" src=\"http:\/\/coelloglobal.com\/wp-content\/uploads\/2023\/10\/foto-33-1.jpg\" alt=\"\" title=\"\" data-id=\"2842\"\/><\/figure><\/div><div class=\"wp-block-themeisle-blocks-slider-item-wrapper glide__slide\" tabindex=\"0\"><figure><img decoding=\"async\" class=\"wp-block-themeisle-blocks-slider-item\" src=\"http:\/\/coelloglobal.com\/wp-content\/uploads\/2023\/10\/foto-34-1.jpg\" alt=\"\" title=\"\" data-id=\"2843\"\/><\/figure><\/div><div class=\"wp-block-themeisle-blocks-slider-item-wrapper glide__slide\" tabindex=\"0\"><figure><img decoding=\"async\" class=\"wp-block-themeisle-blocks-slider-item\" src=\"http:\/\/coelloglobal.com\/wp-content\/uploads\/2023\/10\/foto-35-1.jpg\" alt=\"\" title=\"\" data-id=\"2844\"\/><\/figure><\/div><div class=\"wp-block-themeisle-blocks-slider-item-wrapper glide__slide\" tabindex=\"0\"><figure><img decoding=\"async\" class=\"wp-block-themeisle-blocks-slider-item\" src=\"http:\/\/coelloglobal.com\/wp-content\/uploads\/2023\/10\/foto-36-1.jpg\" alt=\"\" title=\"\" data-id=\"2845\"\/><\/figure><\/div><\/div><div class=\"glide__arrows\" data-glide-el=\"controls\"><button class=\"glide__arrow glide__arrow--left\" data-glide-dir=\"<\"><svg xmlns=\"http:\/\/www.w3.org\/2000\/svg\" width=\"18\" height=\"18\" viewbox=\"0 0 100 100\" role=\"img\" aria-hidden=\"true\" focusable=\"false\"><path d=\"M 10,50 L 60,100 L 70,90 L 30,50  L 70,10 L 60,0 Z\"><\/path><\/svg><\/button><button class=\"glide__arrow glide__arrow--right\" data-glide-dir=\"&gt;\"><svg xmlns=\"http:\/\/www.w3.org\/2000\/svg\" width=\"18\" height=\"18\" viewbox=\"0 0 100 100\" role=\"img\" aria-hidden=\"true\" focusable=\"false\"><path d=\"M 10,50 L 60,100 L 70,90 L 30,50  L 70,10 L 60,0 Z\"><\/path><\/svg><\/button><\/div><div class=\"glide__bullets\" data-glide-el=\"controls[nav]\"><button class=\"glide__bullet\" data-glide-dir=\"=0\"><\/button><button class=\"glide__bullet\" data-glide-dir=\"=1\"><\/button><button class=\"glide__bullet\" data-glide-dir=\"=2\"><\/button><button class=\"glide__bullet\" data-glide-dir=\"=3\"><\/button><button class=\"glide__bullet\" data-glide-dir=\"=4\"><\/button><button class=\"glide__bullet\" data-glide-dir=\"=5\"><\/button><button class=\"glide__bullet\" data-glide-dir=\"=6\"><\/button><button class=\"glide__bullet\" data-glide-dir=\"=7\"><\/button><button class=\"glide__bullet\" data-glide-dir=\"=8\"><\/button><button class=\"glide__bullet\" data-glide-dir=\"=9\"><\/button><button class=\"glide__bullet\" data-glide-dir=\"=10\"><\/button><button class=\"glide__bullet\" data-glide-dir=\"=11\"><\/button><button class=\"glide__bullet\" data-glide-dir=\"=12\"><\/button><button class=\"glide__bullet\" data-glide-dir=\"=13\"><\/button><button class=\"glide__bullet\" data-glide-dir=\"=14\"><\/button><button class=\"glide__bullet\" data-glide-dir=\"=15\"><\/button><button class=\"glide__bullet\" data-glide-dir=\"=16\"><\/button><button class=\"glide__bullet\" data-glide-dir=\"=17\"><\/button><button class=\"glide__bullet\" data-glide-dir=\"=18\"><\/button><button class=\"glide__bullet\" data-glide-dir=\"=19\"><\/button><button class=\"glide__bullet\" data-glide-dir=\"=20\"><\/button><button class=\"glide__bullet\" data-glide-dir=\"=21\"><\/button><button class=\"glide__bullet\" data-glide-dir=\"=22\"><\/button><button class=\"glide__bullet\" data-glide-dir=\"=23\"><\/button><button class=\"glide__bullet\" data-glide-dir=\"=24\"><\/button><button class=\"glide__bullet\" data-glide-dir=\"=25\"><\/button><button class=\"glide__bullet\" data-glide-dir=\"=26\"><\/button><button class=\"glide__bullet\" data-glide-dir=\"=27\"><\/button><button class=\"glide__bullet\" data-glide-dir=\"=28\"><\/button><button class=\"glide__bullet\" data-glide-dir=\"=29\"><\/button><button class=\"glide__bullet\" data-glide-dir=\"=30\"><\/button><button class=\"glide__bullet\" data-glide-dir=\"=31\"><\/button><button class=\"glide__bullet\" data-glide-dir=\"=32\"><\/button><button class=\"glide__bullet\" data-glide-dir=\"=33\"><\/button><button class=\"glide__bullet\" data-glide-dir=\"=34\"><\/button><button class=\"glide__bullet\" data-glide-dir=\"=35\"><\/button><\/div><\/div><\/div>\n\n\n\n<p>Avenida Marquez de\nMunis <\/p>\n\n\n\n<ul class=\"wp-block-list\"><li>Venta Casa Marbella, 7\nPiezas, 5 Dormitorios, 209 M\u00b2, <\/li><\/ul>\n\n\n\n<p>Precio: 3.550.000&nbsp;\u20ac<\/p>\n\n\n\n<ul class=\"wp-block-list\"><li>Piezas&nbsp;7 piezas<\/li><li>Superficie&nbsp;209 m\u00b2<\/li><\/ul>\n\n\n\n<p>Superficies<\/p>\n\n\n\n<ul class=\"wp-block-list\"><li>5 Dormitorios<\/li><li>1 Cocina<\/li><li>5 Cuartos de ba\u00f1o<\/li><li>1 Terreno&nbsp;<strong>1286 m\u00b2<\/strong><\/li><li>1 Aseo<\/li><li>1 Aparcamiento interior<\/li><li>2 Terrazas&nbsp;<strong>60 m\u00b2<\/strong><\/li><\/ul>\n\n\n\n<p>Cerca de: Piscina p\u00fablica<\/p>\n\n\n\n<p>Aviso legal: Impuesto sobre Bienes Inmuebles&nbsp;<strong>800 \u20ac \/ a\u00f1o<\/strong><\/p>\n\n\n\n<p>Prestaciones: Portero autom\u00e1tico &#8211; Amueblado<\/p>\n\n\n\n<p>English Version<\/p>\n\n\n\n<ul class=\"wp-block-list\"><li>Sale House Marbella, 7 Rooms, 5 Bedrooms, 209 M\u00b2, \u20ac3,550,000<\/li><li>Rooms&nbsp;7 rooms<\/li><li>Area&nbsp;209 m\u00b2<\/li><li>View&nbsp;Panoramic Sea<\/li><\/ul>\n\n\n\n<p>&nbsp;Areas<\/p>\n\n\n\n<ul class=\"wp-block-list\"><li>5 Bedrooms<\/li><li>1 Kitchen<\/li><li>5 Bathrooms<\/li><li>1 Land&nbsp;<strong>1286 m\u00b2<\/strong><\/li><li>1 Lavatory<\/li><li>1 Indoor parking<\/li><li>2 Terraces&nbsp;<strong>60 m\u00b2<\/strong><\/li><\/ul>\n\n\n\n<p>Proximities: Public pool<\/p>\n\n\n\n<p>Legal notice: Land value tax&nbsp;<strong>800 \u20ac \/ year<\/strong><\/p>\n\n\n\n<p>Services: Intercom &#8211; Furnished<\/p>\n\n\n\n<p>Version Fran\u00e7ais <\/p>\n\n\n\n<p>Vente Maison Marbella, 7 Pi\u00e8ces, 5 Chambres, 209 M\u00b2, <\/p>\n\n\n\n<p>Prix: 3\u202f550\u202f000&nbsp;\u20ac<\/p>\n\n\n\n<p>R\u00e9gion: Costa del Sol<br>\nCaract\u00e9ristiques: 5 chambres, 5 salles de bain et WC, Cuisine ouverte, Salle \u00e0\nmanger, Salon ouvert, Terrasse(s) de 60 m2, &#8230; etc&nbsp; &#8230;<br>\nEnti\u00e8rement \u00e9quip\u00e9e et meubl\u00e9e.<br>\nPiscine Priv\u00e9e<br>\nPlage \u00e0 2 km<br>\nTerrain de 1286 m2<br>\nLa Villa Egret \u00e0 Los Flamingos est un choix parfait pour ceux qui veulent\nacheter une villa en Espagne pour une r\u00e9sidence permanente ou pour des\nvacances.<br>\nCette toute nouvelle villa \u00e0 vendre est compl\u00e8tement meubl\u00e9e et comprend 5\nchambres \u00e0 coucher avec salles de bains attenantes, une salle de sport, un\nsauna finlandais et un bain turc, un garage spacieux et une piscine priv\u00e9e\next\u00e9rieure.<br>\nIl y a \u00e9galement un vaste solarium, o\u00f9 vous pourrez passer de longues heures\nagr\u00e9ables, \u00e0 vous pr\u00e9lasser au soleil ou \u00e0 profiter d&#8217;un barbecue avec votre\nfamille.<br>\nL&#8217;emplacement de cette propri\u00e9t\u00e9 est un grand avantage en soi, car il s&#8217;agit\nd&#8217;une urbanisation tranquille et s\u00e9curis\u00e9e, mais proche de l&#8217;h\u00f4tel Villa\nPadierna, qui est connu pour sa grande infrastructure, et \u00e0 seulement quelques\nminutes de route de San Pedro, Puerto Banus et Marbella.<br>\nNeuf direct promoteur Garantie 10 ans<\/p>\n\n\n\n<ul class=\"wp-block-list\"><li>Pi\u00e8ces&nbsp;7 pi\u00e8ces<\/li><li>Surface&nbsp;209 m\u00b2<\/li><li>Vue&nbsp;Panoramique Mer<\/li><\/ul>\n\n\n\n<p>Surfaces<\/p>\n\n\n\n<ul class=\"wp-block-list\"><li>5 Chambres<\/li><li>1 Cuisine&nbsp;<strong>Am\u00e9nag\u00e9e et Equip\u00e9e Am\u00e9ricaine<\/strong><\/li><li>5 Salles de bains<\/li><li>1 Terrain&nbsp;<strong>1286 m\u00b2<\/strong><\/li><li>1 Toilettes<\/li><li>1 Parking int\u00e9rieur<\/li><li>2 Terrasses&nbsp;<strong>60 m\u00b2<\/strong><\/li><\/ul>\n\n\n\n<p>Proximit\u00e9s: Piscine publique<\/p>\n\n\n\n<p>Mentions l\u00e9gales: Taxe fonci\u00e8re&nbsp;<strong>800 \u20ac \/ an<\/strong><\/p>\n\n\n\n<p>Prestations: Interphone &#8211; Meubl\u00e9<\/p>\n","protected":false},"excerpt":{"rendered":"<p>Avenida Marquez de Munis Venta Casa Marbella, 7 Piezas, 5 Dormitorios, 209 M\u00b2, Precio: 3.550.000&nbsp;\u20ac Piezas&nbsp;7 piezas Superficie&nbsp;209 m\u00b2 Superficies 5 Dormitorios 1 Cocina 5 Cuartos de ba\u00f1o 1 Terreno&nbsp;1286 m\u00b2 1 Aseo 1 Aparcamiento interior 2 Terrazas&nbsp;60 m\u00b2 Cerca de: Piscina p\u00fablica Aviso legal: Impuesto sobre Bienes Inmuebles&nbsp;800 \u20ac \/ a\u00f1o Prestaciones: Portero autom\u00e1tico &hellip; <\/p>\n<p class=\"link-more\"><a href=\"https:\/\/coelloglobal.com\/index.php\/venta-villa-marbella-3-550-000-e\/\" class=\"more-link\">Continue reading<span class=\"screen-reader-text\"> &#8220;Venta Villa Marbella 3.550.000 \u20ac Ref: CG0031&#8221;<\/span><\/a><\/p>\n","protected":false},"author":1,"featured_media":2840,"parent":0,"menu_order":0,"comment_status":"closed","ping_status":"closed","template":"","meta":{"footnotes":""},"class_list":["post-2809","page","type-page","status-publish","has-post-thumbnail","hentry"],"_links":{"self":[{"href":"https:\/\/coelloglobal.com\/index.php\/wp-json\/wp\/v2\/pages\/2809","targetHints":{"allow":["GET"]}}],"collection":[{"href":"https:\/\/coelloglobal.com\/index.php\/wp-json\/wp\/v2\/pages"}],"about":[{"href":"https:\/\/coelloglobal.com\/index.php\/wp-json\/wp\/v2\/types\/page"}],"author":[{"embeddable":true,"href":"https:\/\/coelloglobal.com\/index.php\/wp-json\/wp\/v2\/users\/1"}],"replies":[{"embeddable":true,"href":"https:\/\/coelloglobal.com\/index.php\/wp-json\/wp\/v2\/comments?post=2809"}],"version-history":[{"count":2,"href":"https:\/\/coelloglobal.com\/index.php\/wp-json\/wp\/v2\/pages\/2809\/revisions"}],"predecessor-version":[{"id":3192,"href":"https:\/\/coelloglobal.com\/index.php\/wp-json\/wp\/v2\/pages\/2809\/revisions\/3192"}],"wp:featuredmedia":[{"embeddable":true,"href":"https:\/\/coelloglobal.com\/index.php\/wp-json\/wp\/v2\/media\/2840"}],"wp:attachment":[{"href":"https:\/\/coelloglobal.com\/index.php\/wp-json\/wp\/v2\/media?parent=2809"}],"curies":[{"name":"wp","href":"https:\/\/api.w.org\/{rel}","templated":true}]}}