{"id":2851,"date":"2023-10-02T20:50:56","date_gmt":"2023-10-02T20:50:56","guid":{"rendered":"http:\/\/coelloglobal.com\/?page_id=2851"},"modified":"2023-10-11T15:46:51","modified_gmt":"2023-10-11T15:46:51","slug":"venta-casa-adsubia-3-490-000-e","status":"publish","type":"page","link":"https:\/\/coelloglobal.com\/index.php\/venta-casa-adsubia-3-490-000-e\/","title":{"rendered":"Venta Casa Adsubia 3.490.000 \u20ac Ref: CG0032"},"content":{"rendered":"\n<div id=\"wp-block-themeisle-blocks-slider-76b0bfd1\" class=\"wp-block-themeisle-blocks-slider glide\" data-per-view=\"1\" data-gap=\"0\" data-peek=\"0\" data-autoplay=\"true\" data-height=\"400px\"><div class=\"glide__track\" data-glide-el=\"track\"><div class=\"glide__slides\"><div class=\"wp-block-themeisle-blocks-slider-item-wrapper glide__slide\" tabindex=\"0\"><figure><img decoding=\"async\" class=\"wp-block-themeisle-blocks-slider-item\" src=\"http:\/\/coelloglobal.com\/wp-content\/uploads\/2023\/10\/foto-1-6.jpg\" alt=\"\" title=\"\" data-id=\"2852\"\/><\/figure><\/div><div class=\"wp-block-themeisle-blocks-slider-item-wrapper glide__slide\" tabindex=\"0\"><figure><img decoding=\"async\" class=\"wp-block-themeisle-blocks-slider-item\" src=\"http:\/\/coelloglobal.com\/wp-content\/uploads\/2023\/10\/foto-2-7.jpg\" alt=\"\" title=\"\" data-id=\"2853\"\/><\/figure><\/div><div class=\"wp-block-themeisle-blocks-slider-item-wrapper glide__slide\" tabindex=\"0\"><figure><img decoding=\"async\" class=\"wp-block-themeisle-blocks-slider-item\" src=\"http:\/\/coelloglobal.com\/wp-content\/uploads\/2023\/10\/foto-3-12.jpg\" alt=\"\" title=\"\" data-id=\"2854\"\/><\/figure><\/div><div class=\"wp-block-themeisle-blocks-slider-item-wrapper glide__slide\" tabindex=\"0\"><figure><img decoding=\"async\" class=\"wp-block-themeisle-blocks-slider-item\" src=\"http:\/\/coelloglobal.com\/wp-content\/uploads\/2023\/10\/foto-4-8.jpg\" alt=\"\" title=\"\" data-id=\"2855\"\/><\/figure><\/div><div class=\"wp-block-themeisle-blocks-slider-item-wrapper glide__slide\" tabindex=\"0\"><figure><img decoding=\"async\" class=\"wp-block-themeisle-blocks-slider-item\" src=\"http:\/\/coelloglobal.com\/wp-content\/uploads\/2023\/10\/foto-5-6.jpg\" alt=\"\" title=\"\" data-id=\"2856\"\/><\/figure><\/div><div class=\"wp-block-themeisle-blocks-slider-item-wrapper glide__slide\" tabindex=\"0\"><figure><img decoding=\"async\" class=\"wp-block-themeisle-blocks-slider-item\" src=\"http:\/\/coelloglobal.com\/wp-content\/uploads\/2023\/10\/foto-6-6.jpg\" alt=\"\" title=\"\" data-id=\"2857\"\/><\/figure><\/div><div class=\"wp-block-themeisle-blocks-slider-item-wrapper glide__slide\" tabindex=\"0\"><figure><img decoding=\"async\" class=\"wp-block-themeisle-blocks-slider-item\" src=\"http:\/\/coelloglobal.com\/wp-content\/uploads\/2023\/10\/foto-9-5.jpg\" alt=\"\" title=\"\" data-id=\"2858\"\/><\/figure><\/div><div class=\"wp-block-themeisle-blocks-slider-item-wrapper glide__slide\" tabindex=\"0\"><figure><img decoding=\"async\" class=\"wp-block-themeisle-blocks-slider-item\" src=\"http:\/\/coelloglobal.com\/wp-content\/uploads\/2023\/10\/foto-10-6.jpg\" alt=\"\" title=\"\" data-id=\"2859\"\/><\/figure><\/div><\/div><div class=\"glide__arrows\" data-glide-el=\"controls\"><button class=\"glide__arrow glide__arrow--left\" data-glide-dir=\"<\"><svg xmlns=\"http:\/\/www.w3.org\/2000\/svg\" width=\"18\" height=\"18\" viewbox=\"0 0 100 100\" role=\"img\" aria-hidden=\"true\" focusable=\"false\"><path d=\"M 10,50 L 60,100 L 70,90 L 30,50  L 70,10 L 60,0 Z\"><\/path><\/svg><\/button><button class=\"glide__arrow glide__arrow--right\" data-glide-dir=\"&gt;\"><svg xmlns=\"http:\/\/www.w3.org\/2000\/svg\" width=\"18\" height=\"18\" viewbox=\"0 0 100 100\" role=\"img\" aria-hidden=\"true\" focusable=\"false\"><path d=\"M 10,50 L 60,100 L 70,90 L 30,50  L 70,10 L 60,0 Z\"><\/path><\/svg><\/button><\/div><div class=\"glide__bullets\" data-glide-el=\"controls[nav]\"><button class=\"glide__bullet\" data-glide-dir=\"=0\"><\/button><button class=\"glide__bullet\" data-glide-dir=\"=1\"><\/button><button class=\"glide__bullet\" data-glide-dir=\"=2\"><\/button><button class=\"glide__bullet\" data-glide-dir=\"=3\"><\/button><button class=\"glide__bullet\" data-glide-dir=\"=4\"><\/button><button class=\"glide__bullet\" data-glide-dir=\"=5\"><\/button><button class=\"glide__bullet\" data-glide-dir=\"=6\"><\/button><button class=\"glide__bullet\" data-glide-dir=\"=7\"><\/button><\/div><\/div><\/div>\n\n\n\n<p>Casa\nen Venta en J\u00e1vea- Comunidad Valenciana-Espa\u00f1a<\/p>\n\n\n\n<ul class=\"wp-block-list\"><li><strong>Venta Casa Villa\nAdsubia,7 Piezas, 5 Dormitorios, 734 M\u00b2<\/strong><\/li><li><strong>Precio: 3.490.000\n\u20ac<\/strong><\/li><li>Piezas\n7 piezas<\/li><li>Superficie\n734 m\u00b2<\/li><li>5\nDormitorios<\/li><li>1\nCocina<\/li><li>5\nCuartos de ba\u00f1o<\/li><li>1\nTerreno <strong>1600 m\u00b2<\/strong><\/li><li>1\nAparcamiento interior<\/li><li>1 Terraza <strong>45 m\u00b2<\/strong><strong><\/strong><\/li><li>Cerca\nde Piscina p\u00fablica<\/li><\/ul>\n\n\n\n<p>&nbsp;&nbsp;&nbsp;&nbsp;&nbsp; AVISO LEGAL:\nImpuesto sobre Bienes Inmuebles <strong>1000\n\u20ac \/ a\u00f1o<\/strong><\/p>\n\n\n\n<p>&nbsp;&nbsp;&nbsp;&nbsp;&nbsp; PRESTACIONES:\nPortero autom\u00e1tico<\/p>\n\n\n\n<p>English\nVersion<\/p>\n\n\n\n<ul class=\"wp-block-list\"><li><strong>Sale House Villa\nAdsubia, 7 Rooms, 5 Bedrooms, 734 M\u00b2<\/strong><\/li><li><strong>Price: \u20ac3,490,000<\/strong><\/li><li>Rooms\n7 rooms<\/li><li>Area\n734 m\u00b2<\/li><\/ul>\n\n\n\n<p>Areas<\/p>\n\n\n\n<ul class=\"wp-block-list\"><li>5\nBedrooms<\/li><li>1\nKitchen<\/li><li>5\nBathrooms<\/li><li>1\nLand <strong>1600 m\u00b2<\/strong><\/li><li>1\nIndoor parking<\/li><li>1 Terrace <strong>45 m\u00b2<\/strong><strong><\/strong><\/li><\/ul>\n\n\n\n<p>Proximities:\nPublic pool<\/p>\n\n\n\n<p>Legal\nnotice: Land value tax 1000 \u20ac \/ year<\/p>\n\n\n\n<p>Services:\nIntercom<\/p>\n\n\n\n<p>Version\nFrancais<\/p>\n\n\n\n<p>Region:\nCosta Blanca<br>\nMagnifique Villa Luxueuse T7 avec vue sur la Mer<br>\nCaract\u00e9ristiques : 5 chambres, 5 salles de bain ,\nCuisine ouverte, Salle \u00e0 manger, Grandes Terrasses avec vue Mer, Jardin &#8230;\u2026<br>\nTerrain de 1600 m2 avec vue Mer.<br>\nGrande piscine priv\u00e9e ext\u00e9rieure.<br>\nPiscine priv\u00e9e int\u00e9rieure<br>\nVues sur la mer <\/p>\n\n\n\n<p>Quartier\nr\u00e9sidentiel Tranquille<br>\nPlages \u00e0 2 Kilom\u00e8tres<br>\nTerrain de Golf \u00e0 5 km<br>\nA\u00e9roport d&#8217;Alicante \u00e0 97 km<br>\nA\u00e9roport de Valence \u00e0 122 km<br>\nVille de J\u00e1vea et tous ses commerces, bars et\nrestaurants \u00e0 moins de 2 km<br>\nVenez voir cette villa exclusive, construite dans\nun endroit magnifique et calme \u00e0 J\u00e1vea.<\/p>\n\n\n\n<p>Cette\nmaison est compos\u00e9e de diff\u00e9rents volumes qui se glissent les uns dans les\nautres permettant une lecture moderne du concept d&#8217;architecture\nm\u00e9diterran\u00e9enne.<\/p>\n\n\n\n<p>L&#8217;ensemble\ndes volumes dynamise les espaces ext\u00e9rieurs en s&#8217;adaptant aux param\u00e8tres\npr\u00e9existants de la parcelle, tandis que les mat\u00e9riaux et leurs textures jouent\navec la lumi\u00e8re dans les espaces int\u00e9rieurs.<\/p>\n\n\n\n<p>L&#8217;essence\nde l&#8217;int\u00e9rieur de la maison se traduit par des lignes \u00e9l\u00e9gantes et\nfonctionnelles, m\u00eame si des mat\u00e9riaux tels que la pierre et le verre dialoguent\ntout en conservant le style m\u00e9diterran\u00e9en. Le design moderne de cette maison\ncr\u00e9e des espaces larges et chaleureux. Les formes g\u00e9om\u00e9triques simples,\nl&#8217;utilisation de mat\u00e9riaux m\u00e9diterran\u00e9ens et l&#8217;optimisation des plans et des\nvolumes ont g\u00e9n\u00e9r\u00e9 un sentiment d&#8217;ordre et de qualit\u00e9 spatiale. Le mouvement de\nla lumi\u00e8re naturelle dans la maison r\u00e9v\u00e8le des espaces propres et essentiels.<\/p>\n\n\n\n<p>Chaque\ninstallation dans la propri\u00e9t\u00e9 est de tr\u00e8s haut niveau, comme en t\u00e9moigne la\ncollaboration avec des marques connues dont les produits authentiques\npermettent \u00e0 la fois la tranquillit\u00e9 d&#8217;esprit et le confort moderne qui permet\nde vivre avec style. Du gr\u00e8s et des m\u00e9canismes \u00e9lectriques aux balustrades en\nacier inoxydable et au verre de s\u00e9curit\u00e9 sans cadre, chaque pi\u00e8ce est\nstrat\u00e9giquement situ\u00e9e pour optimiser l&#8217;espace, l&#8217;\u00e9clairage et les vues.<br>\nLa maison de 5 chambres et 5 salles de bain se\ntrouve \u00e0 moins de 2 km de la plage Arenal, de Javea, des restaurants et des\nmagasins.<br>\nNeuf direct promoteur Garantie 10 ans + GARANTIE\nD&#8217;ACHAT S\u00dbR = 20 ans de protection juridique gratuite pour toute r\u00e9clamation\ncontre cette propri\u00e9t\u00e9<br>\nDisponible en F\u00e9vrier 2024<\/p>\n\n\n\n<ul class=\"wp-block-list\"><li>Pi\u00e8ces\n7 pi\u00e8ces<\/li><li>Surface\n734 m\u00b2<\/li><\/ul>\n\n\n\n<p>Surfaces<\/p>\n\n\n\n<ul class=\"wp-block-list\"><li>5\nChambres<\/li><li>1\nCuisine <strong>Am\u00e9nag\u00e9e et\nEquip\u00e9e<\/strong><\/li><li>5\nSalles de bains<\/li><li>1\nTerrain <strong>1600 m\u00b2<\/strong><\/li><li>1\nParking int\u00e9rieur<\/li><li>1\nTerrasse <strong>45 m\u00b2<\/strong><\/li><\/ul>\n\n\n\n<p><strong>Proximit\u00e9s:\nPiscine publique<\/strong><\/p>\n\n\n\n<p><strong>Mentions\nl\u00e9gales: Taxe fonci\u00e8re <\/strong><strong>1000\n\u20ac \/ an<\/strong><\/p>\n\n\n\n<p><strong>Prestations:\nInterphone<\/strong><\/p>\n","protected":false},"excerpt":{"rendered":"<p>Casa en Venta en J\u00e1vea- Comunidad Valenciana-Espa\u00f1a Venta Casa Villa Adsubia,7 Piezas, 5 Dormitorios, 734 M\u00b2 Precio: 3.490.000 \u20ac Piezas 7 piezas Superficie 734 m\u00b2 5 Dormitorios 1 Cocina 5 Cuartos de ba\u00f1o 1 Terreno 1600 m\u00b2 1 Aparcamiento interior 1 Terraza 45 m\u00b2 Cerca de Piscina p\u00fablica &nbsp;&nbsp;&nbsp;&nbsp;&nbsp; AVISO LEGAL: Impuesto sobre Bienes Inmuebles &hellip; <\/p>\n<p class=\"link-more\"><a href=\"https:\/\/coelloglobal.com\/index.php\/venta-casa-adsubia-3-490-000-e\/\" class=\"more-link\">Continue reading<span class=\"screen-reader-text\"> &#8220;Venta Casa Adsubia 3.490.000 \u20ac Ref: CG0032&#8221;<\/span><\/a><\/p>\n","protected":false},"author":1,"featured_media":2859,"parent":0,"menu_order":0,"comment_status":"closed","ping_status":"closed","template":"","meta":{"footnotes":""},"class_list":["post-2851","page","type-page","status-publish","has-post-thumbnail","hentry"],"_links":{"self":[{"href":"https:\/\/coelloglobal.com\/index.php\/wp-json\/wp\/v2\/pages\/2851","targetHints":{"allow":["GET"]}}],"collection":[{"href":"https:\/\/coelloglobal.com\/index.php\/wp-json\/wp\/v2\/pages"}],"about":[{"href":"https:\/\/coelloglobal.com\/index.php\/wp-json\/wp\/v2\/types\/page"}],"author":[{"embeddable":true,"href":"https:\/\/coelloglobal.com\/index.php\/wp-json\/wp\/v2\/users\/1"}],"replies":[{"embeddable":true,"href":"https:\/\/coelloglobal.com\/index.php\/wp-json\/wp\/v2\/comments?post=2851"}],"version-history":[{"count":2,"href":"https:\/\/coelloglobal.com\/index.php\/wp-json\/wp\/v2\/pages\/2851\/revisions"}],"predecessor-version":[{"id":3193,"href":"https:\/\/coelloglobal.com\/index.php\/wp-json\/wp\/v2\/pages\/2851\/revisions\/3193"}],"wp:featuredmedia":[{"embeddable":true,"href":"https:\/\/coelloglobal.com\/index.php\/wp-json\/wp\/v2\/media\/2859"}],"wp:attachment":[{"href":"https:\/\/coelloglobal.com\/index.php\/wp-json\/wp\/v2\/media?parent=2851"}],"curies":[{"name":"wp","href":"https:\/\/api.w.org\/{rel}","templated":true}]}}