{"id":2882,"date":"2023-10-02T21:02:55","date_gmt":"2023-10-02T21:02:55","guid":{"rendered":"http:\/\/coelloglobal.com\/?page_id=2882"},"modified":"2023-10-11T15:47:30","modified_gmt":"2023-10-11T15:47:30","slug":"venta-villa-benahavis-3-300-000-e","status":"publish","type":"page","link":"https:\/\/coelloglobal.com\/index.php\/venta-villa-benahavis-3-300-000-e\/","title":{"rendered":"Venta Villa Benahavis 271 m2 &#8211; 3.300.000 \u20ac Ref: CG0034"},"content":{"rendered":"\n<div id=\"wp-block-themeisle-blocks-slider-142327d2\" class=\"wp-block-themeisle-blocks-slider glide\" data-per-view=\"1\" data-gap=\"0\" data-peek=\"0\" data-autoplay=\"true\" data-height=\"400px\"><div class=\"glide__track\" data-glide-el=\"track\"><div class=\"glide__slides\"><div class=\"wp-block-themeisle-blocks-slider-item-wrapper glide__slide\" tabindex=\"0\"><figure><img decoding=\"async\" class=\"wp-block-themeisle-blocks-slider-item\" src=\"http:\/\/coelloglobal.com\/wp-content\/uploads\/2023\/10\/fot-18.jpg\" alt=\"\" title=\"\" data-id=\"2883\"\/><\/figure><\/div><div class=\"wp-block-themeisle-blocks-slider-item-wrapper glide__slide\" tabindex=\"0\"><figure><img decoding=\"async\" class=\"wp-block-themeisle-blocks-slider-item\" src=\"http:\/\/coelloglobal.com\/wp-content\/uploads\/2023\/10\/foto-1-9.jpg\" alt=\"\" title=\"\" data-id=\"2884\"\/><\/figure><\/div><div class=\"wp-block-themeisle-blocks-slider-item-wrapper glide__slide\" tabindex=\"0\"><figure><img decoding=\"async\" class=\"wp-block-themeisle-blocks-slider-item\" src=\"http:\/\/coelloglobal.com\/wp-content\/uploads\/2023\/10\/foto-2-8.jpg\" alt=\"\" title=\"\" data-id=\"2885\"\/><\/figure><\/div><div class=\"wp-block-themeisle-blocks-slider-item-wrapper glide__slide\" tabindex=\"0\"><figure><img decoding=\"async\" class=\"wp-block-themeisle-blocks-slider-item\" src=\"http:\/\/coelloglobal.com\/wp-content\/uploads\/2023\/10\/foto-3-14.jpg\" alt=\"\" title=\"\" data-id=\"2886\"\/><\/figure><\/div><div class=\"wp-block-themeisle-blocks-slider-item-wrapper glide__slide\" tabindex=\"0\"><figure><img decoding=\"async\" class=\"wp-block-themeisle-blocks-slider-item\" src=\"http:\/\/coelloglobal.com\/wp-content\/uploads\/2023\/10\/foto-4-11.jpg\" alt=\"\" title=\"\" data-id=\"2887\"\/><\/figure><\/div><div class=\"wp-block-themeisle-blocks-slider-item-wrapper glide__slide\" tabindex=\"0\"><figure><img decoding=\"async\" class=\"wp-block-themeisle-blocks-slider-item\" src=\"http:\/\/coelloglobal.com\/wp-content\/uploads\/2023\/10\/foto-5-8.jpg\" alt=\"\" title=\"\" data-id=\"2888\"\/><\/figure><\/div><div class=\"wp-block-themeisle-blocks-slider-item-wrapper glide__slide\" tabindex=\"0\"><figure><img decoding=\"async\" class=\"wp-block-themeisle-blocks-slider-item\" src=\"http:\/\/coelloglobal.com\/wp-content\/uploads\/2023\/10\/foto-6-8.jpg\" alt=\"\" title=\"\" data-id=\"2889\"\/><\/figure><\/div><div class=\"wp-block-themeisle-blocks-slider-item-wrapper glide__slide\" tabindex=\"0\"><figure><img decoding=\"async\" class=\"wp-block-themeisle-blocks-slider-item\" src=\"http:\/\/coelloglobal.com\/wp-content\/uploads\/2023\/10\/foto-7-6.jpg\" alt=\"\" title=\"\" data-id=\"2890\"\/><\/figure><\/div><div class=\"wp-block-themeisle-blocks-slider-item-wrapper glide__slide\" tabindex=\"0\"><figure><img decoding=\"async\" class=\"wp-block-themeisle-blocks-slider-item\" src=\"http:\/\/coelloglobal.com\/wp-content\/uploads\/2023\/10\/foto-8-6.jpg\" alt=\"\" title=\"\" data-id=\"2891\"\/><\/figure><\/div><div class=\"wp-block-themeisle-blocks-slider-item-wrapper glide__slide\" tabindex=\"0\"><figure><img decoding=\"async\" class=\"wp-block-themeisle-blocks-slider-item\" src=\"http:\/\/coelloglobal.com\/wp-content\/uploads\/2023\/10\/foto-9-7.jpg\" alt=\"\" title=\"\" data-id=\"2892\"\/><\/figure><\/div><div class=\"wp-block-themeisle-blocks-slider-item-wrapper glide__slide\" tabindex=\"0\"><figure><img decoding=\"async\" class=\"wp-block-themeisle-blocks-slider-item\" src=\"http:\/\/coelloglobal.com\/wp-content\/uploads\/2023\/10\/foto-10-7.jpg\" alt=\"\" title=\"\" data-id=\"2893\"\/><\/figure><\/div><div class=\"wp-block-themeisle-blocks-slider-item-wrapper glide__slide\" tabindex=\"0\"><figure><img decoding=\"async\" class=\"wp-block-themeisle-blocks-slider-item\" src=\"http:\/\/coelloglobal.com\/wp-content\/uploads\/2023\/10\/foto-11-7.jpg\" alt=\"\" title=\"\" data-id=\"2894\"\/><\/figure><\/div><div class=\"wp-block-themeisle-blocks-slider-item-wrapper glide__slide\" tabindex=\"0\"><figure><img decoding=\"async\" class=\"wp-block-themeisle-blocks-slider-item\" src=\"http:\/\/coelloglobal.com\/wp-content\/uploads\/2023\/10\/foto-12-6.jpg\" alt=\"\" title=\"\" data-id=\"2895\"\/><\/figure><\/div><div class=\"wp-block-themeisle-blocks-slider-item-wrapper glide__slide\" tabindex=\"0\"><figure><img decoding=\"async\" class=\"wp-block-themeisle-blocks-slider-item\" src=\"http:\/\/coelloglobal.com\/wp-content\/uploads\/2023\/10\/foto-13-5.jpg\" alt=\"\" title=\"\" data-id=\"2896\"\/><\/figure><\/div><div class=\"wp-block-themeisle-blocks-slider-item-wrapper glide__slide\" tabindex=\"0\"><figure><img decoding=\"async\" class=\"wp-block-themeisle-blocks-slider-item\" src=\"http:\/\/coelloglobal.com\/wp-content\/uploads\/2023\/10\/foto-14-3.jpg\" alt=\"\" title=\"\" data-id=\"2897\"\/><\/figure><\/div><div class=\"wp-block-themeisle-blocks-slider-item-wrapper glide__slide\" tabindex=\"0\"><figure><img decoding=\"async\" class=\"wp-block-themeisle-blocks-slider-item\" src=\"http:\/\/coelloglobal.com\/wp-content\/uploads\/2023\/10\/foto-15-3.jpg\" alt=\"\" title=\"\" data-id=\"2898\"\/><\/figure><\/div><div class=\"wp-block-themeisle-blocks-slider-item-wrapper glide__slide\" tabindex=\"0\"><figure><img decoding=\"async\" class=\"wp-block-themeisle-blocks-slider-item\" src=\"http:\/\/coelloglobal.com\/wp-content\/uploads\/2023\/10\/foto-16-3.jpg\" alt=\"\" title=\"\" data-id=\"2899\"\/><\/figure><\/div><div class=\"wp-block-themeisle-blocks-slider-item-wrapper glide__slide\" tabindex=\"0\"><figure><img decoding=\"async\" class=\"wp-block-themeisle-blocks-slider-item\" src=\"http:\/\/coelloglobal.com\/wp-content\/uploads\/2023\/10\/foto-17-3.jpg\" alt=\"\" title=\"\" data-id=\"2900\"\/><\/figure><\/div><div class=\"wp-block-themeisle-blocks-slider-item-wrapper glide__slide\" tabindex=\"0\"><figure><img decoding=\"async\" class=\"wp-block-themeisle-blocks-slider-item\" src=\"http:\/\/coelloglobal.com\/wp-content\/uploads\/2023\/10\/foto-19-3.jpg\" alt=\"\" title=\"\" data-id=\"2901\"\/><\/figure><\/div><div class=\"wp-block-themeisle-blocks-slider-item-wrapper glide__slide\" tabindex=\"0\"><figure><img decoding=\"async\" class=\"wp-block-themeisle-blocks-slider-item\" src=\"http:\/\/coelloglobal.com\/wp-content\/uploads\/2023\/10\/foto-20-3.jpg\" alt=\"\" title=\"\" data-id=\"2902\"\/><\/figure><\/div><\/div><div class=\"glide__arrows\" data-glide-el=\"controls\"><button class=\"glide__arrow glide__arrow--left\" data-glide-dir=\"<\"><svg xmlns=\"http:\/\/www.w3.org\/2000\/svg\" width=\"18\" height=\"18\" viewbox=\"0 0 100 100\" role=\"img\" aria-hidden=\"true\" focusable=\"false\"><path d=\"M 10,50 L 60,100 L 70,90 L 30,50  L 70,10 L 60,0 Z\"><\/path><\/svg><\/button><button class=\"glide__arrow glide__arrow--right\" data-glide-dir=\"&gt;\"><svg xmlns=\"http:\/\/www.w3.org\/2000\/svg\" width=\"18\" height=\"18\" viewbox=\"0 0 100 100\" role=\"img\" aria-hidden=\"true\" focusable=\"false\"><path d=\"M 10,50 L 60,100 L 70,90 L 30,50  L 70,10 L 60,0 Z\"><\/path><\/svg><\/button><\/div><div class=\"glide__bullets\" data-glide-el=\"controls[nav]\"><button class=\"glide__bullet\" data-glide-dir=\"=0\"><\/button><button class=\"glide__bullet\" data-glide-dir=\"=1\"><\/button><button class=\"glide__bullet\" data-glide-dir=\"=2\"><\/button><button class=\"glide__bullet\" data-glide-dir=\"=3\"><\/button><button class=\"glide__bullet\" data-glide-dir=\"=4\"><\/button><button class=\"glide__bullet\" data-glide-dir=\"=5\"><\/button><button class=\"glide__bullet\" data-glide-dir=\"=6\"><\/button><button class=\"glide__bullet\" data-glide-dir=\"=7\"><\/button><button class=\"glide__bullet\" data-glide-dir=\"=8\"><\/button><button class=\"glide__bullet\" data-glide-dir=\"=9\"><\/button><button class=\"glide__bullet\" data-glide-dir=\"=10\"><\/button><button class=\"glide__bullet\" data-glide-dir=\"=11\"><\/button><button class=\"glide__bullet\" data-glide-dir=\"=12\"><\/button><button class=\"glide__bullet\" data-glide-dir=\"=13\"><\/button><button class=\"glide__bullet\" data-glide-dir=\"=14\"><\/button><button class=\"glide__bullet\" data-glide-dir=\"=15\"><\/button><button class=\"glide__bullet\" data-glide-dir=\"=16\"><\/button><button class=\"glide__bullet\" data-glide-dir=\"=17\"><\/button><button class=\"glide__bullet\" data-glide-dir=\"=18\"><\/button><button class=\"glide__bullet\" data-glide-dir=\"=19\"><\/button><\/div><\/div><\/div>\n\n\n\n<p>Casa\nen Venta en la Alqueria , Benahav\u00eds-Andaluc\u00eda-Espa\u00f1a<\/p>\n\n\n\n<p>Calle. Roma, 20, 29679 Benahav\u00eds, M\u00e1laga, Espa\u00f1aLa Alquer\u00eda<\/p>\n\n\n\n<p><strong>Venta Casa en Villa Benahav\u00eds <\/strong><strong>7 Piezas, 5 Dormitorios, 271 M\u00b2<\/strong><strong> <\/strong><\/p>\n\n\n\n<ul class=\"wp-block-list\"><li><strong>Precio: <\/strong><strong>3.300.000 \u20ac<\/strong><\/li><li>Piezas\n7 piezas<\/li><li>Superficie\n271 m\u00b2<\/li><li>Vista\nPanor\u00e1mica Mar<\/li><li>5\nDormitorios<\/li><li>1\nCocina<\/li><li>4\nCuartos de ba\u00f1o<\/li><li>1\nCuarto de ba\u00f1o con ducha<\/li><li>1\nAseo<\/li><li>2\nAparcamientos interior<\/li><li>2\nTerrazas <strong>302 m\u00b2<\/strong><\/li><li>1\nJard\u00edn <strong>1266 m\u00b2<\/strong><\/li><li>Cerca\nde Piscina p\u00fablica<\/li><\/ul>\n\n\n\n<p>AVISO LEGAL: No information available<\/p>\n\n\n\n<p>PRESTACIONES: Internet-Portero autom\u00e1tico-Ventilaci\u00f3n de flujo\nsimple<\/p>\n\n\n\n<p>English\nVersion<\/p>\n\n\n\n<ul class=\"wp-block-list\"><li><strong>Sale Villa\nBenahav\u00eds, 7 Rooms, 5 Bedrooms, 271 M\u00b2<\/strong><strong>\n<\/strong><strong><\/strong><\/li><li><strong>Price: <\/strong><strong>\u20ac3,300,000<\/strong><\/li><li>Rooms\n7 rooms<\/li><li>Area\n271 m\u00b2<\/li><li>View\nPanoramic Sea<\/li><\/ul>\n\n\n\n<p>Areas<\/p>\n\n\n\n<ul class=\"wp-block-list\"><li>5\nBedrooms<\/li><li>1\nKitchen<\/li><li>4\nBathrooms<\/li><li>1\nShower room<\/li><li>1\nLavatory<\/li><li>2\nIndoor parkings<\/li><li>2\nTerraces <strong>302 m\u00b2<\/strong><\/li><li>1\nGarden <strong>1266 m\u00b2<\/strong><\/li><\/ul>\n\n\n\n<p><strong>Proximities: Public pool<\/strong><strong><\/strong><\/p>\n\n\n\n<p><strong>Legal notice: No information\navailable<\/strong><\/p>\n\n\n\n<p><strong>Services:\nInternet-Intercom-Simple flow ventilation<\/strong><\/p>\n\n\n\n<p>Version\nFrancais<\/p>\n\n\n\n<p>Costa del Sol<br>\n<br>\nMagnifique Villa Luxueuse Neuve T7 \u00e0 Benahavis<br>\n<br>\nCaract\u00e9ristiques: 5 chambres , 4 salles de bain , 1\ncabinet de toilette, Cuisine ouverte, Salle \u00e0 manger, grande Terrasse de 302\nm2, Terrain de 1265 m2, Grand sous-sol ouvert de 250 m2, vue Mer &#8230;..<br>\n<br>\nVillas luxueuses avec vue sur la mer, vues\npanoramiques sur le d\u00e9troit de Gibraltar, le littoral africain et les montagnes\nde la Sierra Blanca.<br>\n<br>\nChaque villa est conforme aux derni\u00e8res normes de\nconstruction de l&#8217;UE et utilise des mat\u00e9riaux de grande qualit\u00e9, une\nconstruction de qualit\u00e9 allemande et une technologie respectueuse de\nl&#8217;environnement. Chaque maison pr\u00e9sente un design \u00e9pur\u00e9, avec un plan ouvert.\nLa vie int\u00e9rieure se fond parfaitement avec l&#8217;ext\u00e9rieur, gr\u00e2ce aux grandes\nportes vitr\u00e9es et aux espaces de divertissement ext\u00e9rieurs. Les panneaux de\nbois et les pierres naturelles incorpor\u00e9s dans l&#8217;architecture ajoutent une\nfinition sans pr\u00e9tention et fusionnent la nature avec la vie urbaine. Les\nterrasses ext\u00e9rieures sont prot\u00e9g\u00e9es par du verre de s\u00e9curit\u00e9 et des mains\ncourantes.<br>\n<br>\nLe chauffage par le sol est utilis\u00e9 dans toutes les\nvillas et les syst\u00e8mes d&#8217;\u00e9nergie solaire et les pompes \u00e0 eau chaude de\ncirculation permettent de r\u00e9duire les co\u00fbts \u00e9nerg\u00e9tiques.<br>\nDes commandes individuelles permettent de faire\nfonctionner le syst\u00e8me de climatisation, avec des options chaudes et froides.<br>\n<br>\nLes fen\u00eatres \u00e0 double vitrage et les\nportes-fen\u00eatres en aluminium s\u00e9curis\u00e9es de haute qualit\u00e9 sont une\ncaract\u00e9ristique standard et les sols sont finis avec des carreaux de porcelaine\nsurdimensionn\u00e9s. Menuiserie int\u00e9rieure, y compris des armoires \u00e9quip\u00e9es de\ncharni\u00e8res cach\u00e9es, de m\u00e9canismes de fermeture souple et de joints sans\nsoudure. Des \u00e9quipements de salle de bains et de cuisine adapt\u00e9s \u00e0 vos go\u00fbts,\navec des options de finition mate ou polie. Chaque villa dispose de cinq\nchambres.<br>\n<br>\nLes r\u00e9sidents peuvent compter sur une intimit\u00e9 et\nune s\u00e9curit\u00e9 totales, assur\u00e9s par des agents de s\u00e9curit\u00e9 24 heures sur 24.<br>\n<br>\nPiscines individuelles d&#8217;eau sal\u00e9e et jardins\nmagnifiquement entretenus, avec irrigation automatique et \u00e9clairage d&#8217;ambiance.<br>\nChacune des villas poss\u00e8de un grand sous-sol\nouvert, qui peut \u00eatre une pi\u00e8ce adapt\u00e9e \u00e0 vos r\u00eaves. Peut-\u00eatre une salle de\njeu\/cin\u00e9ma pour divertir toute la famille. Ou une salle de sport \u00e9quip\u00e9e des\nmeilleurs appareils.<br>\n<br>\nComprend : Garage pour 2 voitures, D\u00e9barras,\nPiscine \u00e0 d\u00e9bordement, Grand Jardin de 1266 m2 , Air conditionn\u00e9, Chauffage\n&#8230;.<br>\n<br>\nNeuf direct promoteur Garantie 10 ans<br>\n<br>\nDisponible<\/p>\n\n\n\n<ul class=\"wp-block-list\"><li>Pi\u00e8ces\n7 pi\u00e8ces<\/li><li>Surface\n271 m\u00b2<\/li><li>Vue\nPanoramique Mer<\/li><\/ul>\n\n\n\n<p>Surfaces<\/p>\n\n\n\n<ul class=\"wp-block-list\"><li>5\nChambres<\/li><li>1\nCuisine <strong>Am\u00e9nag\u00e9e\nAm\u00e9ricaine<\/strong><\/li><li>4\nSalles de bains<\/li><li>1\nSalle de douche<\/li><li>1\nToilettes<\/li><li>2\nParkings int\u00e9rieurs<\/li><li>2\nTerrasses <strong>302 m\u00b2<\/strong><\/li><li>1\nJardin <strong>1266 m\u00b2<\/strong><\/li><\/ul>\n\n\n\n<p><strong>Proximit\u00e9s:\nPiscine publique<\/strong><\/p>\n\n\n\n<p><strong>Mentions\nl\u00e9gales: Pas d&#8217;informations disponibles<\/strong><\/p>\n\n\n\n<p><strong>Prestations:\nInternet-Interphone-Ventilation simple flux<\/strong><\/p>\n","protected":false},"excerpt":{"rendered":"<p>Casa en Venta en la Alqueria , Benahav\u00eds-Andaluc\u00eda-Espa\u00f1a Calle. Roma, 20, 29679 Benahav\u00eds, M\u00e1laga, Espa\u00f1aLa Alquer\u00eda Venta Casa en Villa Benahav\u00eds 7 Piezas, 5 Dormitorios, 271 M\u00b2 Precio: 3.300.000 \u20ac Piezas 7 piezas Superficie 271 m\u00b2 Vista Panor\u00e1mica Mar 5 Dormitorios 1 Cocina 4 Cuartos de ba\u00f1o 1 Cuarto de ba\u00f1o con ducha 1 Aseo &hellip; <\/p>\n<p class=\"link-more\"><a href=\"https:\/\/coelloglobal.com\/index.php\/venta-villa-benahavis-3-300-000-e\/\" class=\"more-link\">Continue reading<span class=\"screen-reader-text\"> &#8220;Venta Villa Benahavis 271 m2 &#8211; 3.300.000 \u20ac Ref: CG0034&#8221;<\/span><\/a><\/p>\n","protected":false},"author":1,"featured_media":2903,"parent":0,"menu_order":0,"comment_status":"closed","ping_status":"closed","template":"","meta":{"footnotes":""},"class_list":["post-2882","page","type-page","status-publish","has-post-thumbnail","hentry"],"_links":{"self":[{"href":"https:\/\/coelloglobal.com\/index.php\/wp-json\/wp\/v2\/pages\/2882","targetHints":{"allow":["GET"]}}],"collection":[{"href":"https:\/\/coelloglobal.com\/index.php\/wp-json\/wp\/v2\/pages"}],"about":[{"href":"https:\/\/coelloglobal.com\/index.php\/wp-json\/wp\/v2\/types\/page"}],"author":[{"embeddable":true,"href":"https:\/\/coelloglobal.com\/index.php\/wp-json\/wp\/v2\/users\/1"}],"replies":[{"embeddable":true,"href":"https:\/\/coelloglobal.com\/index.php\/wp-json\/wp\/v2\/comments?post=2882"}],"version-history":[{"count":3,"href":"https:\/\/coelloglobal.com\/index.php\/wp-json\/wp\/v2\/pages\/2882\/revisions"}],"predecessor-version":[{"id":3195,"href":"https:\/\/coelloglobal.com\/index.php\/wp-json\/wp\/v2\/pages\/2882\/revisions\/3195"}],"wp:featuredmedia":[{"embeddable":true,"href":"https:\/\/coelloglobal.com\/index.php\/wp-json\/wp\/v2\/media\/2903"}],"wp:attachment":[{"href":"https:\/\/coelloglobal.com\/index.php\/wp-json\/wp\/v2\/media?parent=2882"}],"curies":[{"name":"wp","href":"https:\/\/api.w.org\/{rel}","templated":true}]}}