{"id":2999,"date":"2023-10-02T22:39:05","date_gmt":"2023-10-02T22:39:05","guid":{"rendered":"http:\/\/coelloglobal.com\/?page_id=2999"},"modified":"2023-10-28T15:05:36","modified_gmt":"2023-10-28T15:05:36","slug":"sale-house-el-poble-nou-de-benitatxel-3-159-000-e","status":"publish","type":"page","link":"https:\/\/coelloglobal.com\/index.php\/sale-house-el-poble-nou-de-benitatxel-3-159-000-e\/","title":{"rendered":"Sale House El Poble Nou De Benitatxel 3.159.000 \u20ac Ref: CG0037"},"content":{"rendered":"\n<div id=\"wp-block-themeisle-blocks-slider-dd7bbbb4\" class=\"wp-block-themeisle-blocks-slider glide\" data-per-view=\"1\" data-gap=\"0\" data-peek=\"0\" data-autoplay=\"true\" data-height=\"400px\"><div class=\"glide__track\" data-glide-el=\"track\"><div class=\"glide__slides\"><div class=\"wp-block-themeisle-blocks-slider-item-wrapper glide__slide\" tabindex=\"0\"><figure><img decoding=\"async\" class=\"wp-block-themeisle-blocks-slider-item\" src=\"http:\/\/coelloglobal.com\/wp-content\/uploads\/2023\/10\/foto-1-13.jpg\" alt=\"\" title=\"\" data-id=\"3000\"\/><\/figure><\/div><div class=\"wp-block-themeisle-blocks-slider-item-wrapper glide__slide\" tabindex=\"0\"><figure><img decoding=\"async\" class=\"wp-block-themeisle-blocks-slider-item\" src=\"http:\/\/coelloglobal.com\/wp-content\/uploads\/2023\/10\/foto-2-11.jpg\" alt=\"\" title=\"\" data-id=\"3001\"\/><\/figure><\/div><div class=\"wp-block-themeisle-blocks-slider-item-wrapper glide__slide\" tabindex=\"0\"><figure><img decoding=\"async\" class=\"wp-block-themeisle-blocks-slider-item\" src=\"http:\/\/coelloglobal.com\/wp-content\/uploads\/2023\/10\/foto-3-18.jpg\" alt=\"\" title=\"\" data-id=\"3002\"\/><\/figure><\/div><div class=\"wp-block-themeisle-blocks-slider-item-wrapper glide__slide\" tabindex=\"0\"><figure><img decoding=\"async\" class=\"wp-block-themeisle-blocks-slider-item\" src=\"http:\/\/coelloglobal.com\/wp-content\/uploads\/2023\/10\/foto-4-14.jpg\" alt=\"\" title=\"\" data-id=\"3003\"\/><\/figure><\/div><div class=\"wp-block-themeisle-blocks-slider-item-wrapper glide__slide\" tabindex=\"0\"><figure><img decoding=\"async\" class=\"wp-block-themeisle-blocks-slider-item\" src=\"http:\/\/coelloglobal.com\/wp-content\/uploads\/2023\/10\/foto-5-12.jpg\" alt=\"\" title=\"\" data-id=\"3004\"\/><\/figure><\/div><div class=\"wp-block-themeisle-blocks-slider-item-wrapper glide__slide\" tabindex=\"0\"><figure><img decoding=\"async\" class=\"wp-block-themeisle-blocks-slider-item\" src=\"http:\/\/coelloglobal.com\/wp-content\/uploads\/2023\/10\/foto-6-11.jpg\" alt=\"\" title=\"\" data-id=\"3005\"\/><\/figure><\/div><div class=\"wp-block-themeisle-blocks-slider-item-wrapper glide__slide\" tabindex=\"0\"><figure><img decoding=\"async\" class=\"wp-block-themeisle-blocks-slider-item\" src=\"http:\/\/coelloglobal.com\/wp-content\/uploads\/2023\/10\/foto-7-.jpg\" alt=\"\" title=\"\" data-id=\"3006\"\/><\/figure><\/div><div class=\"wp-block-themeisle-blocks-slider-item-wrapper glide__slide\" tabindex=\"0\"><figure><img decoding=\"async\" class=\"wp-block-themeisle-blocks-slider-item\" src=\"http:\/\/coelloglobal.com\/wp-content\/uploads\/2023\/10\/foto-8-10.jpg\" alt=\"\" title=\"\" data-id=\"3007\"\/><\/figure><\/div><div class=\"wp-block-themeisle-blocks-slider-item-wrapper glide__slide\" tabindex=\"0\"><figure><img decoding=\"async\" class=\"wp-block-themeisle-blocks-slider-item\" src=\"http:\/\/coelloglobal.com\/wp-content\/uploads\/2023\/10\/foto-9-1-1.jpg\" alt=\"\" title=\"\" data-id=\"3008\"\/><\/figure><\/div><\/div><div class=\"glide__arrows\" data-glide-el=\"controls\"><button class=\"glide__arrow glide__arrow--left\" data-glide-dir=\"<\"><svg xmlns=\"http:\/\/www.w3.org\/2000\/svg\" width=\"18\" height=\"18\" viewbox=\"0 0 100 100\" role=\"img\" aria-hidden=\"true\" focusable=\"false\"><path d=\"M 10,50 L 60,100 L 70,90 L 30,50  L 70,10 L 60,0 Z\"><\/path><\/svg><\/button><button class=\"glide__arrow glide__arrow--right\" data-glide-dir=\"&gt;\"><svg xmlns=\"http:\/\/www.w3.org\/2000\/svg\" width=\"18\" height=\"18\" viewbox=\"0 0 100 100\" role=\"img\" aria-hidden=\"true\" focusable=\"false\"><path d=\"M 10,50 L 60,100 L 70,90 L 30,50  L 70,10 L 60,0 Z\"><\/path><\/svg><\/button><\/div><div class=\"glide__bullets\" data-glide-el=\"controls[nav]\"><button class=\"glide__bullet\" data-glide-dir=\"=0\"><\/button><button class=\"glide__bullet\" data-glide-dir=\"=1\"><\/button><button class=\"glide__bullet\" data-glide-dir=\"=2\"><\/button><button class=\"glide__bullet\" data-glide-dir=\"=3\"><\/button><button class=\"glide__bullet\" data-glide-dir=\"=4\"><\/button><button class=\"glide__bullet\" data-glide-dir=\"=5\"><\/button><button class=\"glide__bullet\" data-glide-dir=\"=6\"><\/button><button class=\"glide__bullet\" data-glide-dir=\"=7\"><\/button><button class=\"glide__bullet\" data-glide-dir=\"=8\"><\/button><\/div><\/div><\/div>\n\n\n\n<ul class=\"wp-block-list\"><li><\/li><li><a>Sale House El Poble Nou De Benitatxell, 5 Rooms, 4 Bedrooms, <\/a><\/li><li>Ref: CG0037<\/li><li>Price: <a>\u20ac3,159,000<\/a><\/li><li>Rooms\u00a05 rooms<\/li><li>Area\u00a0269 m\u00b2<\/li><\/ul>\n\n\n\n<h3 class=\"wp-block-heading\">Areas<\/h3>\n\n\n\n<ul class=\"wp-block-list\"><li>4 Bedrooms<\/li><li>1 Kitchen<\/li><li>5 Bathrooms<\/li><li>2 Indoor parkings<\/li><li>3 Terraces&nbsp;<strong>288 m\u00b2<\/strong><\/li><li>1 Garden&nbsp;<strong>1425 m\u00b2<\/strong><\/li><\/ul>\n\n\n\n<h3 class=\"wp-block-heading\">Proximities<\/h3>\n\n\n\n<ul class=\"wp-block-list\"><li>Public pool<\/li><\/ul>\n\n\n\n<h3 class=\"wp-block-heading\">Legal notice<\/h3>\n\n\n\n<p>No information available<\/p>\n\n\n\n<h3 class=\"wp-block-heading\">Services<\/h3>\n\n\n\n<ul class=\"wp-block-list\"><li>Intercom<\/li><li><\/li><li><a>Venta Casa El Poble Nou De Benitatxell, 5 Piezas, 4 Dormitorios, 269 M\u00b2, <\/a><\/li><li>Precio: <a>3.159.000&nbsp;\u20ac<\/a><\/li><li>Piezas&nbsp;5 piezas<\/li><li>Superficie&nbsp;269 m\u00b2<\/li><\/ul>\n\n\n\n<h3 class=\"wp-block-heading\">Superficies<\/h3>\n\n\n\n<ul class=\"wp-block-list\"><li>4 Dormitorios<\/li><li>1 Cocina<\/li><li>5 Cuartos de ba\u00f1o<\/li><li>2 Aparcamientos interior<\/li><li>3 Terrazas&nbsp;<strong>288 m\u00b2<\/strong><\/li><li>1 Jard\u00edn&nbsp;<strong>1425 m\u00b2<\/strong><\/li><\/ul>\n\n\n\n<h3 class=\"wp-block-heading\">Cerca de<\/h3>\n\n\n\n<ul class=\"wp-block-list\"><li>Piscina p\u00fablica<\/li><\/ul>\n\n\n\n<h3 class=\"wp-block-heading\">Aviso legal<\/h3>\n\n\n\n<p>No information available<\/p>\n\n\n\n<h3 class=\"wp-block-heading\">Prestaciones<\/h3>\n\n\n\n<ul class=\"wp-block-list\"><li>Portero autom\u00e1tico<\/li><\/ul>\n\n\n\n<ul class=\"wp-block-list\"><li><a href=\"https:\/\/pleiades-estate.com\/fr\/recherche?search_property_category=1\">Vente<\/a><\/li><li><a href=\"https:\/\/pleiades-estate.com\/fr\/recherche?search_property_type=2\">Maison<\/a><\/li><li><a>Vente Maison El Poble Nou De Benitatxell, 5 Pi\u00e8ces, 4 Chambres, 269 M\u00b2,<\/a><\/li><li>Prix: <a> 3\u202f159\u202f000&nbsp;\u20ac<\/a><\/li><\/ul>\n\n\n\n<p>R\u00e9gion: Costa Blanca<br><br>Superbe Villa Luxueuse T5 avec vue sur IBIZA<br>Residencial Plus Jazmines &#8211; Villa SENA<br><br>Caract\u00e9ristiques: 5 chambres, 5\/6 salles de bain , Cuisine ouverte, Salle \u00e0 manger, Grandes Terrasses de 288 m2 avec vue sur Ibiza par beau temps, Solarium\u2026<br><br>Terrain de 1425 m2 avec vue Mer Panoramique.<br><br>Grande piscine \u00e0 d\u00e9bordement avec vue Mer Panoramique.<br><br>Domotique et Alarme compris.<br><br>Une superbe propri\u00e9t\u00e9, \u00e0 la hauteur des villas du domaine r\u00e9sidentiel Jazmines dans la station r\u00e9sidentielle Cumbre del Sol, avec un emplacement privil\u00e9gi\u00e9 et des vues in\u00e9gal\u00e9es sur la mer.<br><br>L&#8217;exclusivit\u00e9 de son emplacement, les vues sur la mer, son orientation et la douceur du climat m\u00e9diterran\u00e9en, rendent les espaces ext\u00e9rieurs de cette propri\u00e9t\u00e9 particuli\u00e8rement pertinents, terrasses, porches, jacuzzi, piscine \u00e0 d\u00e9bordement avec hamacs, barbecue, chill-out, permettent \u00e0 ses propri\u00e9taires de profiter d&#8217;un style de vie que peu de maisons peuvent avoir.<br><br>Parmi les vertus de cette propri\u00e9t\u00e9, il convient de mentionner le grand salon principal, qui ouvre ses portes sur le porche ext\u00e9rieur, une union entre l&#8217;int\u00e9rieur et l&#8217;ext\u00e9rieur, cr\u00e9ant un grand espace, et la chambre principale, situ\u00e9e dans une aile s\u00e9par\u00e9e, une zone priv\u00e9e, un espace personnel et unique compos\u00e9 d&#8217;un grand dressing, d&#8217;une salle de bain compl\u00e8te avec douche et baignoire donnant sur la mer et d&#8217;une zone de repos con\u00e7ue pour se r\u00e9veiller avec une vue unique sur la M\u00e9diterran\u00e9e.<br><br>L&#8217;ensemble est compl\u00e9t\u00e9 par 3 chambres \u00e0 coucher lumineuses avec salles de bains attenantes et acc\u00e8s \u00e0 la terrasse, des toilettes pour les invit\u00e9s, un garage pour 2 v\u00e9hicules et un grand espace ouvert au sous-sol qui peut \u00eatre utilis\u00e9 comme bon semble par le propri\u00e9taire, que ce soit comme maison d&#8217;h\u00f4tes, salle de sport ou simplement comme salon pour organiser de grandes f\u00eates dans un cadre unique.<br><br>X\u00e0bia est \u00e0 seulement 7 km<br>Moraira est \u00e0 seulement 4 km<br><br>En plus de tous les services disponibles au complexe r\u00e9sidentiel Cumbre del Sol, zone commer\u00e7ante, supermarch\u00e9, coiffeur, pharmacie, bars et restaurants, courts de tennis et de paddle, \u00e9cole Lady Elizabeth, centre d\u2019\u00e9quitation, plage et criques avec bars de plage<br><br>Neuf direct promoteur Garantie 10 ans<br><br>Disponible en 2023<\/p>\n\n\n\n<p>Pi\u00e8ces&nbsp;5 pi\u00e8ces<\/p>\n\n\n\n<p>Surface&nbsp;269 m2<\/p>\n\n\n\n<h2 class=\"wp-block-heading\">Autres visuels<\/h2>\n\n\n\n<p>Pas d&#8217;informations disponibles<\/p>\n\n\n\n<h3 class=\"wp-block-heading\">Surfaces<\/h3>\n\n\n\n<ul class=\"wp-block-list\"><li>4 Chambres<\/li><li>1 Cuisine&nbsp;<strong>Am\u00e9nag\u00e9e Am\u00e9ricaine<\/strong><\/li><li>5 Salles de bains<\/li><li>2 Parkings int\u00e9rieurs<\/li><li>3 Terrasses&nbsp;<strong>288 m\u00b2<\/strong><\/li><li>1 Jardin&nbsp;<strong>1425 m\u00b2<\/strong><\/li><\/ul>\n\n\n\n<h3 class=\"wp-block-heading\">Proximit\u00e9s<\/h3>\n\n\n\n<ul class=\"wp-block-list\"><li>Piscine publique<\/li><\/ul>\n\n\n\n<h3 class=\"wp-block-heading\">Mentions l\u00e9gales<\/h3>\n\n\n\n<p>Pas d&#8217;informations disponibles<\/p>\n\n\n\n<h3 class=\"wp-block-heading\">Prestations<\/h3>\n\n\n\n<ul class=\"wp-block-list\"><li>Interphone<\/li><\/ul>\n","protected":false},"excerpt":{"rendered":"<p>Sale House El Poble Nou De Benitatxell, 5 Rooms, 4 Bedrooms, Ref: CG0037 Price: \u20ac3,159,000 Rooms\u00a05 rooms Area\u00a0269 m\u00b2 Areas 4 Bedrooms 1 Kitchen 5 Bathrooms 2 Indoor parkings 3 Terraces&nbsp;288 m\u00b2 1 Garden&nbsp;1425 m\u00b2 Proximities Public pool Legal notice No information available Services Intercom Venta Casa El Poble Nou De Benitatxell, 5 Piezas, 4 &hellip; <\/p>\n<p class=\"link-more\"><a href=\"https:\/\/coelloglobal.com\/index.php\/sale-house-el-poble-nou-de-benitatxel-3-159-000-e\/\" class=\"more-link\">Continue reading<span class=\"screen-reader-text\"> &#8220;Sale House El Poble Nou De Benitatxel 3.159.000 \u20ac Ref: CG0037&#8221;<\/span><\/a><\/p>\n","protected":false},"author":1,"featured_media":3008,"parent":0,"menu_order":0,"comment_status":"closed","ping_status":"closed","template":"","meta":{"footnotes":""},"class_list":["post-2999","page","type-page","status-publish","has-post-thumbnail","hentry"],"_links":{"self":[{"href":"https:\/\/coelloglobal.com\/index.php\/wp-json\/wp\/v2\/pages\/2999","targetHints":{"allow":["GET"]}}],"collection":[{"href":"https:\/\/coelloglobal.com\/index.php\/wp-json\/wp\/v2\/pages"}],"about":[{"href":"https:\/\/coelloglobal.com\/index.php\/wp-json\/wp\/v2\/types\/page"}],"author":[{"embeddable":true,"href":"https:\/\/coelloglobal.com\/index.php\/wp-json\/wp\/v2\/users\/1"}],"replies":[{"embeddable":true,"href":"https:\/\/coelloglobal.com\/index.php\/wp-json\/wp\/v2\/comments?post=2999"}],"version-history":[{"count":3,"href":"https:\/\/coelloglobal.com\/index.php\/wp-json\/wp\/v2\/pages\/2999\/revisions"}],"predecessor-version":[{"id":4277,"href":"https:\/\/coelloglobal.com\/index.php\/wp-json\/wp\/v2\/pages\/2999\/revisions\/4277"}],"wp:featuredmedia":[{"embeddable":true,"href":"https:\/\/coelloglobal.com\/index.php\/wp-json\/wp\/v2\/media\/3008"}],"wp:attachment":[{"href":"https:\/\/coelloglobal.com\/index.php\/wp-json\/wp\/v2\/media?parent=2999"}],"curies":[{"name":"wp","href":"https:\/\/api.w.org\/{rel}","templated":true}]}}