{"id":3013,"date":"2023-10-02T22:48:52","date_gmt":"2023-10-02T22:48:52","guid":{"rendered":"http:\/\/coelloglobal.com\/?page_id=3013"},"modified":"2023-10-28T15:15:29","modified_gmt":"2023-10-28T15:15:29","slug":"venta-casa-ibiza-2-950-000-e","status":"publish","type":"page","link":"https:\/\/coelloglobal.com\/index.php\/venta-casa-ibiza-2-950-000-e\/","title":{"rendered":"Venta Casa Ibiza 2.950.000 \u20ac Ref: CG0038"},"content":{"rendered":"\n<div id=\"wp-block-themeisle-blocks-slider-6c0a6c64\" class=\"wp-block-themeisle-blocks-slider glide\" data-per-view=\"1\" data-gap=\"0\" data-peek=\"0\" data-autoplay=\"true\" data-height=\"400px\"><div class=\"glide__track\" data-glide-el=\"track\"><div class=\"glide__slides\"><div class=\"wp-block-themeisle-blocks-slider-item-wrapper glide__slide\" tabindex=\"0\"><figure><img decoding=\"async\" class=\"wp-block-themeisle-blocks-slider-item\" src=\"http:\/\/coelloglobal.com\/wp-content\/uploads\/2023\/10\/foto-1-14.jpg\" alt=\"\" title=\"\" data-id=\"3014\"\/><\/figure><\/div><div class=\"wp-block-themeisle-blocks-slider-item-wrapper glide__slide\" tabindex=\"0\"><figure><img decoding=\"async\" class=\"wp-block-themeisle-blocks-slider-item\" src=\"http:\/\/coelloglobal.com\/wp-content\/uploads\/2023\/10\/foto-2-12.jpg\" alt=\"\" title=\"\" data-id=\"3015\"\/><\/figure><\/div><div class=\"wp-block-themeisle-blocks-slider-item-wrapper glide__slide\" tabindex=\"0\"><figure><img decoding=\"async\" class=\"wp-block-themeisle-blocks-slider-item\" src=\"http:\/\/coelloglobal.com\/wp-content\/uploads\/2023\/10\/foto-3-19.jpg\" alt=\"\" title=\"\" data-id=\"3016\"\/><\/figure><\/div><div class=\"wp-block-themeisle-blocks-slider-item-wrapper glide__slide\" tabindex=\"0\"><figure><img decoding=\"async\" class=\"wp-block-themeisle-blocks-slider-item\" src=\"http:\/\/coelloglobal.com\/wp-content\/uploads\/2023\/10\/foto-4-16.jpg\" alt=\"\" title=\"\" data-id=\"3017\"\/><\/figure><\/div><div class=\"wp-block-themeisle-blocks-slider-item-wrapper glide__slide\" tabindex=\"0\"><figure><img decoding=\"async\" class=\"wp-block-themeisle-blocks-slider-item\" src=\"http:\/\/coelloglobal.com\/wp-content\/uploads\/2023\/10\/foto-5-13.jpg\" alt=\"\" title=\"\" data-id=\"3018\"\/><\/figure><\/div><div class=\"wp-block-themeisle-blocks-slider-item-wrapper glide__slide\" tabindex=\"0\"><figure><img decoding=\"async\" class=\"wp-block-themeisle-blocks-slider-item\" src=\"http:\/\/coelloglobal.com\/wp-content\/uploads\/2023\/10\/foto-6-12.jpg\" alt=\"\" title=\"\" data-id=\"3019\"\/><\/figure><\/div><div class=\"wp-block-themeisle-blocks-slider-item-wrapper glide__slide\" tabindex=\"0\"><figure><img decoding=\"async\" class=\"wp-block-themeisle-blocks-slider-item\" src=\"http:\/\/coelloglobal.com\/wp-content\/uploads\/2023\/10\/foto-7-9.jpg\" alt=\"\" title=\"\" data-id=\"3020\"\/><\/figure><\/div><div class=\"wp-block-themeisle-blocks-slider-item-wrapper glide__slide\" tabindex=\"0\"><figure><img decoding=\"async\" class=\"wp-block-themeisle-blocks-slider-item\" src=\"http:\/\/coelloglobal.com\/wp-content\/uploads\/2023\/10\/foto-8-11.jpg\" alt=\"\" title=\"\" data-id=\"3021\"\/><\/figure><\/div><div class=\"wp-block-themeisle-blocks-slider-item-wrapper glide__slide\" tabindex=\"0\"><figure><img decoding=\"async\" class=\"wp-block-themeisle-blocks-slider-item\" src=\"http:\/\/coelloglobal.com\/wp-content\/uploads\/2023\/10\/foto-9-9.jpg\" alt=\"\" title=\"\" data-id=\"3022\"\/><\/figure><\/div><div class=\"wp-block-themeisle-blocks-slider-item-wrapper glide__slide\" tabindex=\"0\"><figure><img decoding=\"async\" class=\"wp-block-themeisle-blocks-slider-item\" src=\"http:\/\/coelloglobal.com\/wp-content\/uploads\/2023\/10\/foto-10-9.jpg\" alt=\"\" title=\"\" data-id=\"3023\"\/><\/figure><\/div><div class=\"wp-block-themeisle-blocks-slider-item-wrapper glide__slide\" tabindex=\"0\"><figure><img decoding=\"async\" class=\"wp-block-themeisle-blocks-slider-item\" src=\"http:\/\/coelloglobal.com\/wp-content\/uploads\/2023\/10\/foto-11-10.jpg\" alt=\"\" title=\"\" data-id=\"3024\"\/><\/figure><\/div><div class=\"wp-block-themeisle-blocks-slider-item-wrapper glide__slide\" tabindex=\"0\"><figure><img decoding=\"async\" class=\"wp-block-themeisle-blocks-slider-item\" src=\"http:\/\/coelloglobal.com\/wp-content\/uploads\/2023\/10\/foto-12-9.jpg\" alt=\"\" title=\"\" data-id=\"3025\"\/><\/figure><\/div><div class=\"wp-block-themeisle-blocks-slider-item-wrapper glide__slide\" tabindex=\"0\"><figure><img decoding=\"async\" class=\"wp-block-themeisle-blocks-slider-item\" src=\"http:\/\/coelloglobal.com\/wp-content\/uploads\/2023\/10\/foto-13-8.jpg\" alt=\"\" title=\"\" data-id=\"3026\"\/><\/figure><\/div><\/div><div class=\"glide__arrows\" data-glide-el=\"controls\"><button class=\"glide__arrow glide__arrow--left\" data-glide-dir=\"<\"><svg xmlns=\"http:\/\/www.w3.org\/2000\/svg\" width=\"18\" height=\"18\" viewbox=\"0 0 100 100\" role=\"img\" aria-hidden=\"true\" focusable=\"false\"><path d=\"M 10,50 L 60,100 L 70,90 L 30,50  L 70,10 L 60,0 Z\"><\/path><\/svg><\/button><button class=\"glide__arrow glide__arrow--right\" data-glide-dir=\"&gt;\"><svg xmlns=\"http:\/\/www.w3.org\/2000\/svg\" width=\"18\" height=\"18\" viewbox=\"0 0 100 100\" role=\"img\" aria-hidden=\"true\" focusable=\"false\"><path d=\"M 10,50 L 60,100 L 70,90 L 30,50  L 70,10 L 60,0 Z\"><\/path><\/svg><\/button><\/div><div class=\"glide__bullets\" data-glide-el=\"controls[nav]\"><button class=\"glide__bullet\" data-glide-dir=\"=0\"><\/button><button class=\"glide__bullet\" data-glide-dir=\"=1\"><\/button><button class=\"glide__bullet\" data-glide-dir=\"=2\"><\/button><button class=\"glide__bullet\" data-glide-dir=\"=3\"><\/button><button class=\"glide__bullet\" data-glide-dir=\"=4\"><\/button><button class=\"glide__bullet\" data-glide-dir=\"=5\"><\/button><button class=\"glide__bullet\" data-glide-dir=\"=6\"><\/button><button class=\"glide__bullet\" data-glide-dir=\"=7\"><\/button><button class=\"glide__bullet\" data-glide-dir=\"=8\"><\/button><button class=\"glide__bullet\" data-glide-dir=\"=9\"><\/button><button class=\"glide__bullet\" data-glide-dir=\"=10\"><\/button><button class=\"glide__bullet\" data-glide-dir=\"=11\"><\/button><button class=\"glide__bullet\" data-glide-dir=\"=12\"><\/button><\/div><\/div><\/div>\n\n\n\n<ul class=\"wp-block-list\"><li><\/li><li><a>Venta Casa Isla De Ibiza, 7 Piezas, 5 Dormitorios, 352 M\u00b2,<\/a><\/li><li>Precio <a> 2.950.000&nbsp;\u20ac<\/a><\/li><li>Piezas&nbsp;7 piezas<\/li><li> Superficie&nbsp;352 m\u00b2 <\/li><\/ul>\n\n\n\n<h3 class=\"wp-block-heading\">Superficies<\/h3>\n\n\n\n<ul class=\"wp-block-list\"><li>5 Dormitorios<\/li><li>1 Cocina<\/li><li>5 Cuartos de ba\u00f1o<\/li><li>1 Aparcamiento interior<\/li><li>4 Terrazas&nbsp;<strong>255 m\u00b2<\/strong><\/li><li>1 Jard\u00edn&nbsp;<strong>1081 m\u00b2<\/strong><\/li><\/ul>\n\n\n\n<h3 class=\"wp-block-heading\">Cerca de<\/h3>\n\n\n\n<ul class=\"wp-block-list\"><li>Piscina p\u00fablica<\/li><\/ul>\n\n\n\n<h3 class=\"wp-block-heading\">Aviso legal<\/h3>\n\n\n\n<p>No information available<\/p>\n\n\n\n<h3 class=\"wp-block-heading\">Prestaciones<\/h3>\n\n\n\n<ul class=\"wp-block-list\"><li>Portero autom\u00e1tico<\/li><li><\/li><li><a>Sale House Isla De Ibiza, 7 Rooms, 5 Bedrooms, 352 M\u00b2, <\/a><\/li><li>Price: <a>\u20ac2,950,000<\/a><\/li><li>Rooms&nbsp;7 rooms<\/li><li>Area&nbsp;352 m\u00b2<\/li><\/ul>\n\n\n\n<h3 class=\"wp-block-heading\">Areas<\/h3>\n\n\n\n<ul class=\"wp-block-list\"><li>5 Bedrooms<\/li><li>1 Kitchen<\/li><li>5 Bathrooms<\/li><li>1 Indoor parking<\/li><li>4 Terraces&nbsp;<strong>255 m\u00b2<\/strong><\/li><li>1 Garden&nbsp;<strong>1081 m\u00b2<\/strong><\/li><\/ul>\n\n\n\n<h3 class=\"wp-block-heading\">Proximities<\/h3>\n\n\n\n<ul class=\"wp-block-list\"><li>Public pool<\/li><\/ul>\n\n\n\n<h3 class=\"wp-block-heading\">Legal notice<\/h3>\n\n\n\n<p>No information available<\/p>\n\n\n\n<h3 class=\"wp-block-heading\">Services<\/h3>\n\n\n\n<ul class=\"wp-block-list\"><li>Intercom<\/li><\/ul>\n\n\n\n<ul class=\"wp-block-list\"><li><\/li><\/ul>\n\n\n\n<ul class=\"wp-block-list\"><li><a href=\"https:\/\/pleiades-estate.com\/fr\/recherche?search_property_category=1\">Vente<\/a><\/li><li><a href=\"https:\/\/pleiades-estate.com\/fr\/recherche?search_property_type=2\">Maison<\/a><\/li><li><a>Vente Maison Isla De Ibiza, 7 Pi\u00e8ces, 5 Chambres, 352 M\u00b2, 2\u202f950\u202f000&nbsp;\u20ac<\/a><\/li><\/ul>\n\n\n\n<p>R\u00e9gion : Bal\u00e9ares IBIZA<br><br>Superbe Villa Luxueuse Neuve T7 \u00e0 IBIZA avec vue sur la Mer<br>Situ\u00e9 \u00e0 : Cala Comte<br><br>Caract\u00e9ristiques : 5 chambres, 5 salles de bain, Cuisine ouverte, Salle \u00e0 manger, Grande terrasse de 267 m\u00b2 avec vue sur la Mer, Grand sous-sol de 169,60 m\u00b2 &#8230; etc &#8230;<br><br>Grande piscine Infinity \u00e0 d\u00e9bordement.<br>Grandes terrasses.<br>A 5 minutes \u00e0 pied de la magnifique plage de Cala Comte<br>Avec une Cave<br>Chemin\u00e9e<br>Avec un sous-sol<br><br>Toutes les maisons sont con\u00e7ues par le prestigieux architecte &#8216;V\u00edctor Rahola&#8217;, avec un soin particulier pour l&#8217;intimit\u00e9, l&#8217;espace et la luminosit\u00e9.<br><br>La cuisine avec \u00eelot, enti\u00e8rement \u00e9quip\u00e9e avec top \u00e9lectrom\u00e9nagers de marque, se marie parfaitement avec coin repas et l&#8217;agr\u00e9able terrasse jardin avec piscine.<br><br>Un deuxi\u00e8me salon avec chemin\u00e9e et terrasse \u00e0 l&#8217;\u00e9tage sup\u00e9rieur, cinq chambres et une terrasse au dernier \u00e9tage, dans laquelle se trouve la piscine \u00e0 d\u00e9bordement,<br>La maison conserve un espace ouvert et naturel, mettant en valeur leur grand int\u00e9rieur et les terrasses ext\u00e9rieures, tant au rez-de-chauss\u00e9e qu&#8217;\u00e0 l&#8217;\u00e9tage sup\u00e9rieur, offrant une luminosit\u00e9 maximale.<br><br>Explorez, vivez et profitez de moments uniques des couchers de soleil les plus spectaculaires d&#8217;Ibiza depuis la piscine infini sur la terrasse sup\u00e9rieure.<br><br>Neuf Garantie 10 ans<\/p>\n\n\n\n<p>Pi\u00e8ces&nbsp;7 pi\u00e8ces<\/p>\n\n\n\n<p>Surface&nbsp;352 m\u00b2<\/p>\n\n\n\n<ul class=\"wp-block-list\"><li><\/li><\/ul>\n\n\n\n<h3 class=\"wp-block-heading\">Surfaces<\/h3>\n\n\n\n<ul class=\"wp-block-list\"><li>5 Chambres<\/li><li>1 Cuisine&nbsp;<strong>Am\u00e9nag\u00e9e et \u00e9quip\u00e9e Am\u00e9ricaine<\/strong><\/li><li>5 Salles de bains<\/li><li>1 Parking int\u00e9rieur<\/li><li>4 Terrasses&nbsp;<strong>255 m\u00b2<\/strong><\/li><li>1 Jardin&nbsp;<strong>1081 m\u00b2<\/strong><\/li><\/ul>\n\n\n\n<h3 class=\"wp-block-heading\">Proximit\u00e9s<\/h3>\n\n\n\n<ul class=\"wp-block-list\"><li>Piscine publique<\/li><\/ul>\n\n\n\n<h3 class=\"wp-block-heading\">Mentions l\u00e9gales<\/h3>\n\n\n\n<p>Pas d&#8217;informations disponibles<\/p>\n\n\n\n<h3 class=\"wp-block-heading\">Prestations<\/h3>\n\n\n\n<ul class=\"wp-block-list\"><li>Interphone<\/li><\/ul>\n","protected":false},"excerpt":{"rendered":"<p>Venta Casa Isla De Ibiza, 7 Piezas, 5 Dormitorios, 352 M\u00b2, Precio 2.950.000&nbsp;\u20ac Piezas&nbsp;7 piezas Superficie&nbsp;352 m\u00b2 Superficies 5 Dormitorios 1 Cocina 5 Cuartos de ba\u00f1o 1 Aparcamiento interior 4 Terrazas&nbsp;255 m\u00b2 1 Jard\u00edn&nbsp;1081 m\u00b2 Cerca de Piscina p\u00fablica Aviso legal No information available Prestaciones Portero autom\u00e1tico Sale House Isla De Ibiza, 7 Rooms, 5 &hellip; <\/p>\n<p class=\"link-more\"><a href=\"https:\/\/coelloglobal.com\/index.php\/venta-casa-ibiza-2-950-000-e\/\" class=\"more-link\">Continue reading<span class=\"screen-reader-text\"> &#8220;Venta Casa Ibiza 2.950.000 \u20ac Ref: CG0038&#8221;<\/span><\/a><\/p>\n","protected":false},"author":1,"featured_media":3025,"parent":0,"menu_order":0,"comment_status":"closed","ping_status":"closed","template":"","meta":{"footnotes":""},"class_list":["post-3013","page","type-page","status-publish","has-post-thumbnail","hentry"],"_links":{"self":[{"href":"https:\/\/coelloglobal.com\/index.php\/wp-json\/wp\/v2\/pages\/3013","targetHints":{"allow":["GET"]}}],"collection":[{"href":"https:\/\/coelloglobal.com\/index.php\/wp-json\/wp\/v2\/pages"}],"about":[{"href":"https:\/\/coelloglobal.com\/index.php\/wp-json\/wp\/v2\/types\/page"}],"author":[{"embeddable":true,"href":"https:\/\/coelloglobal.com\/index.php\/wp-json\/wp\/v2\/users\/1"}],"replies":[{"embeddable":true,"href":"https:\/\/coelloglobal.com\/index.php\/wp-json\/wp\/v2\/comments?post=3013"}],"version-history":[{"count":3,"href":"https:\/\/coelloglobal.com\/index.php\/wp-json\/wp\/v2\/pages\/3013\/revisions"}],"predecessor-version":[{"id":4278,"href":"https:\/\/coelloglobal.com\/index.php\/wp-json\/wp\/v2\/pages\/3013\/revisions\/4278"}],"wp:featuredmedia":[{"embeddable":true,"href":"https:\/\/coelloglobal.com\/index.php\/wp-json\/wp\/v2\/media\/3025"}],"wp:attachment":[{"href":"https:\/\/coelloglobal.com\/index.php\/wp-json\/wp\/v2\/media?parent=3013"}],"curies":[{"name":"wp","href":"https:\/\/api.w.org\/{rel}","templated":true}]}}