{"id":3031,"date":"2023-10-03T09:51:46","date_gmt":"2023-10-03T09:51:46","guid":{"rendered":"http:\/\/coelloglobal.com\/?page_id=3031"},"modified":"2023-10-28T16:06:58","modified_gmt":"2023-10-28T16:06:58","slug":"venta-casa-el-poble-nou-de-benitatxell-2-865-000-e","status":"publish","type":"page","link":"https:\/\/coelloglobal.com\/index.php\/venta-casa-el-poble-nou-de-benitatxell-2-865-000-e\/","title":{"rendered":"Venta Casa El Poble Nou De Benitatxell- 2.865.000 \u20ac Ref: CG0039"},"content":{"rendered":"\n<div id=\"wp-block-themeisle-blocks-slider-ac97599e\" class=\"wp-block-themeisle-blocks-slider glide\" data-per-view=\"1\" data-gap=\"0\" data-peek=\"0\" data-autoplay=\"true\" data-height=\"400px\"><div class=\"glide__track\" data-glide-el=\"track\"><div class=\"glide__slides\"><div class=\"wp-block-themeisle-blocks-slider-item-wrapper glide__slide\" tabindex=\"0\"><figure><img decoding=\"async\" class=\"wp-block-themeisle-blocks-slider-item\" src=\"http:\/\/coelloglobal.com\/wp-content\/uploads\/2023\/10\/foto-2-13.jpg\" alt=\"\" title=\"\" data-id=\"3033\"\/><\/figure><\/div><div class=\"wp-block-themeisle-blocks-slider-item-wrapper glide__slide\" tabindex=\"0\"><figure><img decoding=\"async\" class=\"wp-block-themeisle-blocks-slider-item\" src=\"http:\/\/coelloglobal.com\/wp-content\/uploads\/2023\/10\/foto-3-21.jpg\" alt=\"\" title=\"\" data-id=\"3034\"\/><\/figure><\/div><div class=\"wp-block-themeisle-blocks-slider-item-wrapper glide__slide\" tabindex=\"0\"><figure><img decoding=\"async\" class=\"wp-block-themeisle-blocks-slider-item\" src=\"http:\/\/coelloglobal.com\/wp-content\/uploads\/2023\/10\/foto-4-17.jpg\" alt=\"\" title=\"\" data-id=\"3035\"\/><\/figure><\/div><div class=\"wp-block-themeisle-blocks-slider-item-wrapper glide__slide\" tabindex=\"0\"><figure><img decoding=\"async\" class=\"wp-block-themeisle-blocks-slider-item\" src=\"http:\/\/coelloglobal.com\/wp-content\/uploads\/2023\/10\/foto-5-14.jpg\" alt=\"\" title=\"\" data-id=\"3036\"\/><\/figure><\/div><div class=\"wp-block-themeisle-blocks-slider-item-wrapper glide__slide\" tabindex=\"0\"><figure><img decoding=\"async\" class=\"wp-block-themeisle-blocks-slider-item\" src=\"http:\/\/coelloglobal.com\/wp-content\/uploads\/2023\/10\/foto-6-13.jpg\" alt=\"\" title=\"\" data-id=\"3037\"\/><\/figure><\/div><div class=\"wp-block-themeisle-blocks-slider-item-wrapper glide__slide\" tabindex=\"0\"><figure><img decoding=\"async\" class=\"wp-block-themeisle-blocks-slider-item\" src=\"http:\/\/coelloglobal.com\/wp-content\/uploads\/2023\/10\/foto-7-10.jpg\" alt=\"\" title=\"\" data-id=\"3038\"\/><\/figure><\/div><div class=\"wp-block-themeisle-blocks-slider-item-wrapper glide__slide\" tabindex=\"0\"><figure><img decoding=\"async\" class=\"wp-block-themeisle-blocks-slider-item\" src=\"http:\/\/coelloglobal.com\/wp-content\/uploads\/2023\/10\/foto-8-12.jpg\" alt=\"\" title=\"\" data-id=\"3039\"\/><\/figure><\/div><div class=\"wp-block-themeisle-blocks-slider-item-wrapper glide__slide\" tabindex=\"0\"><figure><img decoding=\"async\" class=\"wp-block-themeisle-blocks-slider-item\" src=\"http:\/\/coelloglobal.com\/wp-content\/uploads\/2023\/10\/foto-9-10.jpg\" alt=\"\" title=\"\" data-id=\"3040\"\/><\/figure><\/div><div class=\"wp-block-themeisle-blocks-slider-item-wrapper glide__slide\" tabindex=\"0\"><figure><img decoding=\"async\" class=\"wp-block-themeisle-blocks-slider-item\" src=\"http:\/\/coelloglobal.com\/wp-content\/uploads\/2023\/10\/foto-10-10.jpg\" alt=\"\" title=\"\" data-id=\"3041\"\/><\/figure><\/div><div class=\"wp-block-themeisle-blocks-slider-item-wrapper glide__slide\" tabindex=\"0\"><figure><img decoding=\"async\" class=\"wp-block-themeisle-blocks-slider-item\" src=\"http:\/\/coelloglobal.com\/wp-content\/uploads\/2023\/10\/foto-11-11.jpg\" alt=\"\" title=\"\" data-id=\"3042\"\/><\/figure><\/div><div class=\"wp-block-themeisle-blocks-slider-item-wrapper glide__slide\" tabindex=\"0\"><figure><img decoding=\"async\" class=\"wp-block-themeisle-blocks-slider-item\" src=\"http:\/\/coelloglobal.com\/wp-content\/uploads\/2023\/10\/foto-12-10.jpg\" alt=\"\" title=\"\" data-id=\"3043\"\/><\/figure><\/div><div class=\"wp-block-themeisle-blocks-slider-item-wrapper glide__slide\" tabindex=\"0\"><figure><img decoding=\"async\" class=\"wp-block-themeisle-blocks-slider-item\" src=\"http:\/\/coelloglobal.com\/wp-content\/uploads\/2023\/10\/foto-13-9.jpg\" alt=\"\" title=\"\" data-id=\"3044\"\/><\/figure><\/div><div class=\"wp-block-themeisle-blocks-slider-item-wrapper glide__slide\" tabindex=\"0\"><figure><img decoding=\"async\" class=\"wp-block-themeisle-blocks-slider-item\" src=\"http:\/\/coelloglobal.com\/wp-content\/uploads\/2023\/10\/foto-14-6.jpg\" alt=\"\" title=\"\" data-id=\"3045\"\/><\/figure><\/div><div class=\"wp-block-themeisle-blocks-slider-item-wrapper glide__slide\" tabindex=\"0\"><figure><img decoding=\"async\" class=\"wp-block-themeisle-blocks-slider-item\" src=\"http:\/\/coelloglobal.com\/wp-content\/uploads\/2023\/10\/foto-15-6.jpg\" alt=\"\" title=\"\" data-id=\"3046\"\/><\/figure><\/div><div class=\"wp-block-themeisle-blocks-slider-item-wrapper glide__slide\" tabindex=\"0\"><figure><img decoding=\"async\" class=\"wp-block-themeisle-blocks-slider-item\" src=\"http:\/\/coelloglobal.com\/wp-content\/uploads\/2023\/10\/foto-16-6.jpg\" alt=\"\" title=\"\" data-id=\"3047\"\/><\/figure><\/div><div class=\"wp-block-themeisle-blocks-slider-item-wrapper glide__slide\" tabindex=\"0\"><figure><img decoding=\"async\" class=\"wp-block-themeisle-blocks-slider-item\" src=\"http:\/\/coelloglobal.com\/wp-content\/uploads\/2023\/10\/foto-17-6.jpg\" alt=\"\" title=\"\" data-id=\"3048\"\/><\/figure><\/div><div class=\"wp-block-themeisle-blocks-slider-item-wrapper glide__slide\" tabindex=\"0\"><figure><img decoding=\"async\" class=\"wp-block-themeisle-blocks-slider-item\" src=\"http:\/\/coelloglobal.com\/wp-content\/uploads\/2023\/10\/foto-18-4.jpg\" alt=\"\" title=\"\" data-id=\"3049\"\/><\/figure><\/div><div class=\"wp-block-themeisle-blocks-slider-item-wrapper glide__slide\" tabindex=\"0\"><figure><img decoding=\"async\" class=\"wp-block-themeisle-blocks-slider-item\" src=\"http:\/\/coelloglobal.com\/wp-content\/uploads\/2023\/10\/foto-19-6.jpg\" alt=\"\" title=\"\" data-id=\"3050\"\/><\/figure><\/div><div class=\"wp-block-themeisle-blocks-slider-item-wrapper glide__slide\" tabindex=\"0\"><figure><img decoding=\"async\" class=\"wp-block-themeisle-blocks-slider-item\" src=\"http:\/\/coelloglobal.com\/wp-content\/uploads\/2023\/10\/foto-20-6.jpg\" alt=\"\" title=\"\" data-id=\"3051\"\/><\/figure><\/div><div class=\"wp-block-themeisle-blocks-slider-item-wrapper glide__slide\" tabindex=\"0\"><figure><img decoding=\"async\" class=\"wp-block-themeisle-blocks-slider-item\" src=\"http:\/\/coelloglobal.com\/wp-content\/uploads\/2023\/10\/foto-21-3.jpg\" alt=\"\" title=\"\" data-id=\"3052\"\/><\/figure><\/div><\/div><div class=\"glide__arrows\" data-glide-el=\"controls\"><button class=\"glide__arrow glide__arrow--left\" data-glide-dir=\"<\"><svg xmlns=\"http:\/\/www.w3.org\/2000\/svg\" width=\"18\" height=\"18\" viewbox=\"0 0 100 100\" role=\"img\" aria-hidden=\"true\" focusable=\"false\"><path d=\"M 10,50 L 60,100 L 70,90 L 30,50  L 70,10 L 60,0 Z\"><\/path><\/svg><\/button><button class=\"glide__arrow glide__arrow--right\" data-glide-dir=\"&gt;\"><svg xmlns=\"http:\/\/www.w3.org\/2000\/svg\" width=\"18\" height=\"18\" viewbox=\"0 0 100 100\" role=\"img\" aria-hidden=\"true\" focusable=\"false\"><path d=\"M 10,50 L 60,100 L 70,90 L 30,50  L 70,10 L 60,0 Z\"><\/path><\/svg><\/button><\/div><div class=\"glide__bullets\" data-glide-el=\"controls[nav]\"><button class=\"glide__bullet\" data-glide-dir=\"=0\"><\/button><button class=\"glide__bullet\" data-glide-dir=\"=1\"><\/button><button class=\"glide__bullet\" data-glide-dir=\"=2\"><\/button><button class=\"glide__bullet\" data-glide-dir=\"=3\"><\/button><button class=\"glide__bullet\" data-glide-dir=\"=4\"><\/button><button class=\"glide__bullet\" data-glide-dir=\"=5\"><\/button><button class=\"glide__bullet\" data-glide-dir=\"=6\"><\/button><button class=\"glide__bullet\" data-glide-dir=\"=7\"><\/button><button class=\"glide__bullet\" data-glide-dir=\"=8\"><\/button><button class=\"glide__bullet\" data-glide-dir=\"=9\"><\/button><button class=\"glide__bullet\" data-glide-dir=\"=10\"><\/button><button class=\"glide__bullet\" data-glide-dir=\"=11\"><\/button><button class=\"glide__bullet\" data-glide-dir=\"=12\"><\/button><button class=\"glide__bullet\" data-glide-dir=\"=13\"><\/button><button class=\"glide__bullet\" data-glide-dir=\"=14\"><\/button><button class=\"glide__bullet\" data-glide-dir=\"=15\"><\/button><button class=\"glide__bullet\" data-glide-dir=\"=16\"><\/button><button class=\"glide__bullet\" data-glide-dir=\"=17\"><\/button><button class=\"glide__bullet\" data-glide-dir=\"=18\"><\/button><button class=\"glide__bullet\" data-glide-dir=\"=19\"><\/button><\/div><\/div><\/div>\n\n\n\n<ul class=\"wp-block-list\"><li><\/li><li><a>Venta Casa El Poble Nou De Benitatxell, 4 Piezas, 3 Dormitorios, 260 M\u00b2, <\/a><\/li><li>Ref: CG0039<\/li><li>Precio: <a>2.865.000&nbsp;\u20ac<\/a><\/li><li>Piezas&nbsp;4 piezas<\/li><li>Superficie&nbsp;260 m\u00b2<\/li><\/ul>\n\n\n\n<h3 class=\"wp-block-heading\">Superficies<\/h3>\n\n\n\n<ul class=\"wp-block-list\"><li>1 Cocina<\/li><li>3 Dormitorios<\/li><li>5 Cuartos de ba\u00f1o<\/li><li>1 Terreno&nbsp;<strong>1158 m\u00b2<\/strong><\/li><li>1 Aparcamiento interior<\/li><li>2 Terrazas&nbsp;<strong>67 m\u00b2<\/strong><\/li><li>1 Jard\u00edn&nbsp;<strong>1158 m\u00b2<\/strong><\/li><\/ul>\n\n\n\n<h3 class=\"wp-block-heading\">Cerca de<\/h3>\n\n\n\n<ul class=\"wp-block-list\"><li>Piscina p\u00fablica<\/li><\/ul>\n\n\n\n<h3 class=\"wp-block-heading\">Prestaciones<\/h3>\n\n\n\n<ul class=\"wp-block-list\"><li>Portero autom\u00e1tico<\/li><\/ul>\n\n\n\n<ul class=\"wp-block-list\"><li>Englis Version <\/li><li><a>Sale House El Poble Nou De Benitatxell, 4 Rooms, 3 Bedrooms, 260 M\u00b2, <\/a><\/li><li>Precio: <a>\u20ac2,865,000<\/a><\/li><li>Rooms\u00a04 rooms<\/li><li>Area\u00a0260 m\u00b2<\/li><li><\/li><\/ul>\n\n\n\n<h3 class=\"wp-block-heading\">Areas<\/h3>\n\n\n\n<ul class=\"wp-block-list\"><li>1 Kitchen<\/li><li>3 Bedrooms<\/li><li>5 Bathrooms<\/li><li>1 Land&nbsp;<strong>1158 m\u00b2<\/strong><\/li><li>1 Indoor parking<\/li><li>2 Terraces&nbsp;<strong>67 m\u00b2<\/strong><\/li><li>1 Garden&nbsp;<strong>1158 m\u00b2<\/strong><\/li><\/ul>\n\n\n\n<h3 class=\"wp-block-heading\">Proximities<\/h3>\n\n\n\n<ul class=\"wp-block-list\"><li>Public pool<\/li><\/ul>\n\n\n\n<h3 class=\"wp-block-heading\">Services<\/h3>\n\n\n\n<ul class=\"wp-block-list\"><li>Intercom<\/li><\/ul>\n\n\n\n<ul class=\"wp-block-list\"><li><a href=\"https:\/\/pleiades-estate.com\/fr\/recherche?search_property_category=1\">Vente<\/a><\/li><li><a href=\"https:\/\/pleiades-estate.com\/fr\/recherche?search_property_type=2\">Maison<\/a><\/li><li><a>Vente Maison El Poble Nou De Benitatxell, 4 Pi\u00e8ces, 3 Chambres, 260 M\u00b2, 2\u202f865\u202f000&nbsp;\u20ac<\/a><\/li><\/ul>\n\n\n\n<p>Villa Marina : un havre de paix face \u00e0 la mer<br><br>Situ\u00e9e dans le prestigieux residential Jazmines, cette villa au design contemporain vous s\u00e9duira par ses espaces ouverts et lumineux, et sa vue panoramique sur la mer.<br><br>Cette propri\u00e9t\u00e9 dispose de\u00a03 chambres avec salle de bains privative, dont une suite parentale avec bain \u00e0 remous et terrasse priv\u00e9e, id\u00e9ale pour se relaxer en admirant le paysage marin.<br><br>La pi\u00e8ce ma\u00eetresse de cette villa est sans aucun doute son\u00a0s\u00e9jour spacieux et lumineux, avec un acc\u00e8s direct \u00e0 la terrasse et de grandes baies vitr\u00e9es qui s\u2019ouvrent enti\u00e8rement pour cr\u00e9er un espace unique et harmonieux entre l\u2019int\u00e9rieur et l\u2019ext\u00e9rieur. Vous pourrez ainsi profiter pleinement de la vue exceptionnelle sur la mer.<br><br>La villa offre \u00e9galement des prestations de haute qualit\u00e9 :\u00a0ascenseur, garage ferm\u00e9 pour 2 v\u00e9hicules, salon de t\u00e9l\u00e9vision, domotique, buanderie, sol rayonnant\u00a0dans toute la maison,\u00a0piscine \u00e0 d\u00e9bordement\u00a0et vaste jardin. Un lieu de r\u00eave pour vivre toute l\u2019ann\u00e9e sous le soleil m\u00e9diterran\u00e9en et dans le cadre magnifique de Cumbre del Sol.<br><br>X\u00e0bia est \u00e0 seulement 7 km<br>Moraira est \u00e0 seulement 4 km<br><br>En plus de tous les services disponibles au complexe r\u00e9sidentiel Cumbre del Sol, zone commer\u00e7ante, supermarch\u00e9, coiffeur, pharmacie, bars et restaurants, courts de tennis et de paddle, \u00e9cole Lady Elizabeth, centre d&#8217;\u00e9quitation, plage et criques avec bars de plage<br><br>Neuf Garantie 10 ans<br><br>Disponible en 2024<br><\/p>\n\n\n\n<p>Pi\u00e8ces&nbsp;4 pi\u00e8ces<\/p>\n\n\n\n<p>Surface&nbsp;260 m\u00b2<\/p>\n\n\n\n<h3 class=\"wp-block-heading\">Surfaces<\/h3>\n\n\n\n<ul class=\"wp-block-list\"><li>1 Cuisine&nbsp;<strong>Am\u00e9nag\u00e9e Am\u00e9ricaine<\/strong><\/li><li>3 Chambres<\/li><li>5 Salles de bains<\/li><li>1 Terrain&nbsp;<strong>1158 m\u00b2<\/strong><\/li><li>1 Parking int\u00e9rieur<\/li><li>2 Terrasses&nbsp;<strong>67 m\u00b2<\/strong><\/li><li>1 Jardin&nbsp;<strong>1158 m\u00b2<\/strong><\/li><\/ul>\n\n\n\n<h3 class=\"wp-block-heading\">Proximit\u00e9s<\/h3>\n\n\n\n<ul class=\"wp-block-list\"><li>Piscine publique<\/li><\/ul>\n\n\n\n<h3 class=\"wp-block-heading\">Prestations<\/h3>\n\n\n\n<ul class=\"wp-block-list\"><li>Interphone<\/li><\/ul>\n","protected":false},"excerpt":{"rendered":"<p>Venta Casa El Poble Nou De Benitatxell, 4 Piezas, 3 Dormitorios, 260 M\u00b2, Ref: CG0039 Precio: 2.865.000&nbsp;\u20ac Piezas&nbsp;4 piezas Superficie&nbsp;260 m\u00b2 Superficies 1 Cocina 3 Dormitorios 5 Cuartos de ba\u00f1o 1 Terreno&nbsp;1158 m\u00b2 1 Aparcamiento interior 2 Terrazas&nbsp;67 m\u00b2 1 Jard\u00edn&nbsp;1158 m\u00b2 Cerca de Piscina p\u00fablica Prestaciones Portero autom\u00e1tico Englis Version Sale House El Poble &hellip; <\/p>\n<p class=\"link-more\"><a href=\"https:\/\/coelloglobal.com\/index.php\/venta-casa-el-poble-nou-de-benitatxell-2-865-000-e\/\" class=\"more-link\">Continue reading<span class=\"screen-reader-text\"> &#8220;Venta Casa El Poble Nou De Benitatxell- 2.865.000 \u20ac Ref: CG0039&#8221;<\/span><\/a><\/p>\n","protected":false},"author":1,"featured_media":3046,"parent":0,"menu_order":0,"comment_status":"closed","ping_status":"closed","template":"","meta":{"footnotes":""},"class_list":["post-3031","page","type-page","status-publish","has-post-thumbnail","hentry"],"_links":{"self":[{"href":"https:\/\/coelloglobal.com\/index.php\/wp-json\/wp\/v2\/pages\/3031","targetHints":{"allow":["GET"]}}],"collection":[{"href":"https:\/\/coelloglobal.com\/index.php\/wp-json\/wp\/v2\/pages"}],"about":[{"href":"https:\/\/coelloglobal.com\/index.php\/wp-json\/wp\/v2\/types\/page"}],"author":[{"embeddable":true,"href":"https:\/\/coelloglobal.com\/index.php\/wp-json\/wp\/v2\/users\/1"}],"replies":[{"embeddable":true,"href":"https:\/\/coelloglobal.com\/index.php\/wp-json\/wp\/v2\/comments?post=3031"}],"version-history":[{"count":8,"href":"https:\/\/coelloglobal.com\/index.php\/wp-json\/wp\/v2\/pages\/3031\/revisions"}],"predecessor-version":[{"id":4286,"href":"https:\/\/coelloglobal.com\/index.php\/wp-json\/wp\/v2\/pages\/3031\/revisions\/4286"}],"wp:featuredmedia":[{"embeddable":true,"href":"https:\/\/coelloglobal.com\/index.php\/wp-json\/wp\/v2\/media\/3046"}],"wp:attachment":[{"href":"https:\/\/coelloglobal.com\/index.php\/wp-json\/wp\/v2\/media?parent=3031"}],"curies":[{"name":"wp","href":"https:\/\/api.w.org\/{rel}","templated":true}]}}