{"id":3201,"date":"2023-10-11T16:04:08","date_gmt":"2023-10-11T16:04:08","guid":{"rendered":"http:\/\/coelloglobal.com\/?page_id=3201"},"modified":"2023-10-11T16:09:12","modified_gmt":"2023-10-11T16:09:12","slug":"casa-en-binistrat-benidorm-2-450-000-e-ref-cg0042","status":"publish","type":"page","link":"https:\/\/coelloglobal.com\/index.php\/casa-en-binistrat-benidorm-2-450-000-e-ref-cg0042\/","title":{"rendered":"Casa en Finistrat Benidorm- 2.450.000 \u20ac Ref: CG0042"},"content":{"rendered":"\n<div id=\"wp-block-themeisle-blocks-slider-2781c542\" class=\"wp-block-themeisle-blocks-slider glide\" data-per-view=\"1\" data-gap=\"0\" data-peek=\"0\" data-autoplay=\"true\" data-height=\"400px\"><div class=\"glide__track\" data-glide-el=\"track\"><div class=\"glide__slides\"><div class=\"wp-block-themeisle-blocks-slider-item-wrapper glide__slide\" tabindex=\"0\"><figure><img decoding=\"async\" class=\"wp-block-themeisle-blocks-slider-item\" src=\"http:\/\/coelloglobal.com\/wp-content\/uploads\/2023\/10\/foto-2-16.jpg\" alt=\"\" title=\"\" data-id=\"3202\"\/><\/figure><\/div><div class=\"wp-block-themeisle-blocks-slider-item-wrapper glide__slide\" tabindex=\"0\"><figure><img decoding=\"async\" class=\"wp-block-themeisle-blocks-slider-item\" src=\"http:\/\/coelloglobal.com\/wp-content\/uploads\/2023\/10\/foto-3-24.jpg\" alt=\"\" title=\"\" data-id=\"3203\"\/><\/figure><\/div><div class=\"wp-block-themeisle-blocks-slider-item-wrapper glide__slide\" tabindex=\"0\"><figure><img decoding=\"async\" class=\"wp-block-themeisle-blocks-slider-item\" src=\"http:\/\/coelloglobal.com\/wp-content\/uploads\/2023\/10\/foto-4-20.jpg\" alt=\"\" title=\"\" data-id=\"3204\"\/><\/figure><\/div><div class=\"wp-block-themeisle-blocks-slider-item-wrapper glide__slide\" tabindex=\"0\"><figure><img decoding=\"async\" class=\"wp-block-themeisle-blocks-slider-item\" src=\"http:\/\/coelloglobal.com\/wp-content\/uploads\/2023\/10\/foto-5-17.jpg\" alt=\"\" title=\"\" data-id=\"3205\"\/><\/figure><\/div><div class=\"wp-block-themeisle-blocks-slider-item-wrapper glide__slide\" tabindex=\"0\"><figure><img decoding=\"async\" class=\"wp-block-themeisle-blocks-slider-item\" src=\"http:\/\/coelloglobal.com\/wp-content\/uploads\/2023\/10\/foto-6-15.jpg\" alt=\"\" title=\"\" data-id=\"3206\"\/><\/figure><\/div><div class=\"wp-block-themeisle-blocks-slider-item-wrapper glide__slide\" tabindex=\"0\"><figure><img decoding=\"async\" class=\"wp-block-themeisle-blocks-slider-item\" src=\"http:\/\/coelloglobal.com\/wp-content\/uploads\/2023\/10\/foto-7-15.jpg\" alt=\"\" title=\"\" data-id=\"3207\"\/><\/figure><\/div><div class=\"wp-block-themeisle-blocks-slider-item-wrapper glide__slide\" tabindex=\"0\"><figure><img decoding=\"async\" class=\"wp-block-themeisle-blocks-slider-item\" src=\"http:\/\/coelloglobal.com\/wp-content\/uploads\/2023\/10\/foto-8-15.jpg\" alt=\"\" title=\"\" data-id=\"3208\"\/><\/figure><\/div><div class=\"wp-block-themeisle-blocks-slider-item-wrapper glide__slide\" tabindex=\"0\"><figure><img decoding=\"async\" class=\"wp-block-themeisle-blocks-slider-item\" src=\"http:\/\/coelloglobal.com\/wp-content\/uploads\/2023\/10\/foto-9-1-3.jpg\" alt=\"\" title=\"\" data-id=\"3209\"\/><\/figure><\/div><div class=\"wp-block-themeisle-blocks-slider-item-wrapper glide__slide\" tabindex=\"0\"><figure><img decoding=\"async\" class=\"wp-block-themeisle-blocks-slider-item\" src=\"http:\/\/coelloglobal.com\/wp-content\/uploads\/2023\/10\/foto-10-1-2.jpg\" alt=\"\" title=\"\" data-id=\"3210\"\/><\/figure><\/div><div class=\"wp-block-themeisle-blocks-slider-item-wrapper glide__slide\" tabindex=\"0\"><figure><img decoding=\"async\" class=\"wp-block-themeisle-blocks-slider-item\" src=\"http:\/\/coelloglobal.com\/wp-content\/uploads\/2023\/10\/foto-11-14.jpg\" alt=\"\" title=\"\" data-id=\"3211\"\/><\/figure><\/div><div class=\"wp-block-themeisle-blocks-slider-item-wrapper glide__slide\" tabindex=\"0\"><figure><img decoding=\"async\" class=\"wp-block-themeisle-blocks-slider-item\" src=\"http:\/\/coelloglobal.com\/wp-content\/uploads\/2023\/10\/foto-12-13.jpg\" alt=\"\" title=\"\" data-id=\"3212\"\/><\/figure><\/div><div class=\"wp-block-themeisle-blocks-slider-item-wrapper glide__slide\" tabindex=\"0\"><figure><img decoding=\"async\" class=\"wp-block-themeisle-blocks-slider-item\" src=\"http:\/\/coelloglobal.com\/wp-content\/uploads\/2023\/10\/foto-13-11.jpg\" alt=\"\" title=\"\" data-id=\"3213\"\/><\/figure><\/div><div class=\"wp-block-themeisle-blocks-slider-item-wrapper glide__slide\" tabindex=\"0\"><figure><img decoding=\"async\" class=\"wp-block-themeisle-blocks-slider-item\" src=\"http:\/\/coelloglobal.com\/wp-content\/uploads\/2023\/10\/foto-14-8.jpg\" alt=\"\" title=\"\" data-id=\"3214\"\/><\/figure><\/div><div class=\"wp-block-themeisle-blocks-slider-item-wrapper glide__slide\" tabindex=\"0\"><figure><img decoding=\"async\" class=\"wp-block-themeisle-blocks-slider-item\" src=\"http:\/\/coelloglobal.com\/wp-content\/uploads\/2023\/10\/foto-15-8.jpg\" alt=\"\" title=\"\" data-id=\"3215\"\/><\/figure><\/div><div class=\"wp-block-themeisle-blocks-slider-item-wrapper glide__slide\" tabindex=\"0\"><figure><img decoding=\"async\" class=\"wp-block-themeisle-blocks-slider-item\" src=\"http:\/\/coelloglobal.com\/wp-content\/uploads\/2023\/10\/foto-16-8.jpg\" alt=\"\" title=\"\" data-id=\"3216\"\/><\/figure><\/div><div class=\"wp-block-themeisle-blocks-slider-item-wrapper glide__slide\" tabindex=\"0\"><figure><img decoding=\"async\" class=\"wp-block-themeisle-blocks-slider-item\" src=\"http:\/\/coelloglobal.com\/wp-content\/uploads\/2023\/10\/foto-18-6.jpg\" alt=\"\" title=\"\" data-id=\"3217\"\/><\/figure><\/div><div class=\"wp-block-themeisle-blocks-slider-item-wrapper glide__slide\" tabindex=\"0\"><figure><img decoding=\"async\" class=\"wp-block-themeisle-blocks-slider-item\" src=\"http:\/\/coelloglobal.com\/wp-content\/uploads\/2023\/10\/foto-19-8.jpg\" alt=\"\" title=\"\" data-id=\"3218\"\/><\/figure><\/div><div class=\"wp-block-themeisle-blocks-slider-item-wrapper glide__slide\" tabindex=\"0\"><figure><img decoding=\"async\" class=\"wp-block-themeisle-blocks-slider-item\" src=\"http:\/\/coelloglobal.com\/wp-content\/uploads\/2023\/10\/foto-20-.jpg\" alt=\"\" title=\"\" data-id=\"3219\"\/><\/figure><\/div><div class=\"wp-block-themeisle-blocks-slider-item-wrapper glide__slide\" tabindex=\"0\"><figure><img decoding=\"async\" class=\"wp-block-themeisle-blocks-slider-item\" src=\"http:\/\/coelloglobal.com\/wp-content\/uploads\/2023\/10\/foto-21-5.jpg\" alt=\"\" title=\"\" data-id=\"3220\"\/><\/figure><\/div><div class=\"wp-block-themeisle-blocks-slider-item-wrapper glide__slide\" tabindex=\"0\"><figure><img decoding=\"async\" class=\"wp-block-themeisle-blocks-slider-item\" src=\"http:\/\/coelloglobal.com\/wp-content\/uploads\/2023\/10\/foto-22-4.jpg\" alt=\"\" title=\"\" data-id=\"3221\"\/><\/figure><\/div><div class=\"wp-block-themeisle-blocks-slider-item-wrapper glide__slide\" tabindex=\"0\"><figure><img decoding=\"async\" class=\"wp-block-themeisle-blocks-slider-item\" src=\"http:\/\/coelloglobal.com\/wp-content\/uploads\/2023\/10\/foto-23-4.jpg\" alt=\"\" title=\"\" data-id=\"3222\"\/><\/figure><\/div><div class=\"wp-block-themeisle-blocks-slider-item-wrapper glide__slide\" tabindex=\"0\"><figure><img decoding=\"async\" class=\"wp-block-themeisle-blocks-slider-item\" src=\"http:\/\/coelloglobal.com\/wp-content\/uploads\/2023\/10\/foto-24-4.jpg\" alt=\"\" title=\"\" data-id=\"3223\"\/><\/figure><\/div><div class=\"wp-block-themeisle-blocks-slider-item-wrapper glide__slide\" tabindex=\"0\"><figure><img decoding=\"async\" class=\"wp-block-themeisle-blocks-slider-item\" src=\"http:\/\/coelloglobal.com\/wp-content\/uploads\/2023\/10\/foto-25-4.jpg\" alt=\"\" title=\"\" data-id=\"3224\"\/><\/figure><\/div><div class=\"wp-block-themeisle-blocks-slider-item-wrapper glide__slide\" tabindex=\"0\"><figure><img decoding=\"async\" class=\"wp-block-themeisle-blocks-slider-item\" src=\"http:\/\/coelloglobal.com\/wp-content\/uploads\/2023\/10\/foto-26-4.jpg\" alt=\"\" title=\"\" data-id=\"3225\"\/><\/figure><\/div><div class=\"wp-block-themeisle-blocks-slider-item-wrapper glide__slide\" tabindex=\"0\"><figure><img decoding=\"async\" class=\"wp-block-themeisle-blocks-slider-item\" src=\"http:\/\/coelloglobal.com\/wp-content\/uploads\/2023\/10\/foto-27-.jpg\" alt=\"\" title=\"\" data-id=\"3226\"\/><\/figure><\/div><div class=\"wp-block-themeisle-blocks-slider-item-wrapper glide__slide\" tabindex=\"0\"><figure><img decoding=\"async\" class=\"wp-block-themeisle-blocks-slider-item\" src=\"http:\/\/coelloglobal.com\/wp-content\/uploads\/2023\/10\/foto-28-4.jpg\" alt=\"\" title=\"\" data-id=\"3227\"\/><\/figure><\/div><div class=\"wp-block-themeisle-blocks-slider-item-wrapper glide__slide\" tabindex=\"0\"><figure><img decoding=\"async\" class=\"wp-block-themeisle-blocks-slider-item\" src=\"http:\/\/coelloglobal.com\/wp-content\/uploads\/2023\/10\/foto-29-4.jpg\" alt=\"\" title=\"\" data-id=\"3228\"\/><\/figure><\/div><div class=\"wp-block-themeisle-blocks-slider-item-wrapper glide__slide\" tabindex=\"0\"><figure><img decoding=\"async\" class=\"wp-block-themeisle-blocks-slider-item\" src=\"http:\/\/coelloglobal.com\/wp-content\/uploads\/2023\/10\/foto-30-3.jpg\" alt=\"\" title=\"\" data-id=\"3229\"\/><\/figure><\/div><div class=\"wp-block-themeisle-blocks-slider-item-wrapper glide__slide\" tabindex=\"0\"><figure><img decoding=\"async\" class=\"wp-block-themeisle-blocks-slider-item\" src=\"http:\/\/coelloglobal.com\/wp-content\/uploads\/2023\/10\/foto-31-3.jpg\" alt=\"\" title=\"\" data-id=\"3230\"\/><\/figure><\/div><div class=\"wp-block-themeisle-blocks-slider-item-wrapper glide__slide\" tabindex=\"0\"><figure><img decoding=\"async\" class=\"wp-block-themeisle-blocks-slider-item\" src=\"http:\/\/coelloglobal.com\/wp-content\/uploads\/2023\/10\/foto-32-3.jpg\" alt=\"\" title=\"\" data-id=\"3231\"\/><\/figure><\/div><div class=\"wp-block-themeisle-blocks-slider-item-wrapper glide__slide\" tabindex=\"0\"><figure><img decoding=\"async\" class=\"wp-block-themeisle-blocks-slider-item\" src=\"http:\/\/coelloglobal.com\/wp-content\/uploads\/2023\/10\/foto-33-3.jpg\" alt=\"\" title=\"\" data-id=\"3232\"\/><\/figure><\/div><div class=\"wp-block-themeisle-blocks-slider-item-wrapper glide__slide\" tabindex=\"0\"><figure><img decoding=\"async\" class=\"wp-block-themeisle-blocks-slider-item\" src=\"http:\/\/coelloglobal.com\/wp-content\/uploads\/2023\/10\/foto-34-3.jpg\" alt=\"\" title=\"\" data-id=\"3233\"\/><\/figure><\/div><div class=\"wp-block-themeisle-blocks-slider-item-wrapper glide__slide\" tabindex=\"0\"><figure><img decoding=\"async\" class=\"wp-block-themeisle-blocks-slider-item\" src=\"http:\/\/coelloglobal.com\/wp-content\/uploads\/2023\/10\/foto-35-3.jpg\" alt=\"\" title=\"\" data-id=\"3234\"\/><\/figure><\/div><div class=\"wp-block-themeisle-blocks-slider-item-wrapper glide__slide\" tabindex=\"0\"><figure><img decoding=\"async\" class=\"wp-block-themeisle-blocks-slider-item\" src=\"http:\/\/coelloglobal.com\/wp-content\/uploads\/2023\/10\/foto-36-3.jpg\" alt=\"\" title=\"\" data-id=\"3235\"\/><\/figure><\/div><div class=\"wp-block-themeisle-blocks-slider-item-wrapper glide__slide\" tabindex=\"0\"><figure><img decoding=\"async\" class=\"wp-block-themeisle-blocks-slider-item\" src=\"http:\/\/coelloglobal.com\/wp-content\/uploads\/2023\/10\/foto-37-2.jpg\" alt=\"\" title=\"\" data-id=\"3236\"\/><\/figure><\/div><div class=\"wp-block-themeisle-blocks-slider-item-wrapper glide__slide\" tabindex=\"0\"><figure><img decoding=\"async\" class=\"wp-block-themeisle-blocks-slider-item\" src=\"http:\/\/coelloglobal.com\/wp-content\/uploads\/2023\/10\/foto-38-3.jpg\" alt=\"\" title=\"\" data-id=\"3237\"\/><\/figure><\/div><div class=\"wp-block-themeisle-blocks-slider-item-wrapper glide__slide\" tabindex=\"0\"><figure><img decoding=\"async\" class=\"wp-block-themeisle-blocks-slider-item\" src=\"http:\/\/coelloglobal.com\/wp-content\/uploads\/2023\/10\/foto-39-2.jpg\" alt=\"\" title=\"\" data-id=\"3238\"\/><\/figure><\/div><\/div><div class=\"glide__arrows\" data-glide-el=\"controls\"><button class=\"glide__arrow glide__arrow--left\" data-glide-dir=\"<\"><svg xmlns=\"http:\/\/www.w3.org\/2000\/svg\" width=\"18\" height=\"18\" viewbox=\"0 0 100 100\" role=\"img\" aria-hidden=\"true\" focusable=\"false\"><path d=\"M 10,50 L 60,100 L 70,90 L 30,50  L 70,10 L 60,0 Z\"><\/path><\/svg><\/button><button class=\"glide__arrow glide__arrow--right\" data-glide-dir=\"&gt;\"><svg xmlns=\"http:\/\/www.w3.org\/2000\/svg\" width=\"18\" height=\"18\" viewbox=\"0 0 100 100\" role=\"img\" aria-hidden=\"true\" focusable=\"false\"><path d=\"M 10,50 L 60,100 L 70,90 L 30,50  L 70,10 L 60,0 Z\"><\/path><\/svg><\/button><\/div><div class=\"glide__bullets\" data-glide-el=\"controls[nav]\"><button class=\"glide__bullet\" data-glide-dir=\"=0\"><\/button><button class=\"glide__bullet\" data-glide-dir=\"=1\"><\/button><button class=\"glide__bullet\" data-glide-dir=\"=2\"><\/button><button class=\"glide__bullet\" data-glide-dir=\"=3\"><\/button><button class=\"glide__bullet\" data-glide-dir=\"=4\"><\/button><button class=\"glide__bullet\" data-glide-dir=\"=5\"><\/button><button class=\"glide__bullet\" data-glide-dir=\"=6\"><\/button><button class=\"glide__bullet\" data-glide-dir=\"=7\"><\/button><button class=\"glide__bullet\" data-glide-dir=\"=8\"><\/button><button class=\"glide__bullet\" data-glide-dir=\"=9\"><\/button><button class=\"glide__bullet\" data-glide-dir=\"=10\"><\/button><button class=\"glide__bullet\" data-glide-dir=\"=11\"><\/button><button class=\"glide__bullet\" data-glide-dir=\"=12\"><\/button><button class=\"glide__bullet\" data-glide-dir=\"=13\"><\/button><button class=\"glide__bullet\" data-glide-dir=\"=14\"><\/button><button class=\"glide__bullet\" data-glide-dir=\"=15\"><\/button><button class=\"glide__bullet\" data-glide-dir=\"=16\"><\/button><button class=\"glide__bullet\" data-glide-dir=\"=17\"><\/button><button class=\"glide__bullet\" data-glide-dir=\"=18\"><\/button><button class=\"glide__bullet\" data-glide-dir=\"=19\"><\/button><button class=\"glide__bullet\" data-glide-dir=\"=20\"><\/button><button class=\"glide__bullet\" data-glide-dir=\"=21\"><\/button><button class=\"glide__bullet\" data-glide-dir=\"=22\"><\/button><button class=\"glide__bullet\" data-glide-dir=\"=23\"><\/button><button class=\"glide__bullet\" data-glide-dir=\"=24\"><\/button><button class=\"glide__bullet\" data-glide-dir=\"=25\"><\/button><button class=\"glide__bullet\" data-glide-dir=\"=26\"><\/button><button class=\"glide__bullet\" data-glide-dir=\"=27\"><\/button><button class=\"glide__bullet\" data-glide-dir=\"=28\"><\/button><button class=\"glide__bullet\" data-glide-dir=\"=29\"><\/button><button class=\"glide__bullet\" data-glide-dir=\"=30\"><\/button><button class=\"glide__bullet\" data-glide-dir=\"=31\"><\/button><button class=\"glide__bullet\" data-glide-dir=\"=32\"><\/button><button class=\"glide__bullet\" data-glide-dir=\"=33\"><\/button><button class=\"glide__bullet\" data-glide-dir=\"=34\"><\/button><button class=\"glide__bullet\" data-glide-dir=\"=35\"><\/button><button class=\"glide__bullet\" data-glide-dir=\"=36\"><\/button><\/div><\/div><\/div>\n\n\n\n<ul class=\"wp-block-list\"><li><\/li><li><a>Venta Casa Finestrat, 7 Piezas, 5 Dormitorios, 651 M\u00b2, <\/a><\/li><li>Precio: <a>2.450.000&nbsp;\u20ac<\/a><\/li><li>Piezas&nbsp;7 piezas<\/li><li>Superficie&nbsp;651 m\u00b2<\/li><li>Vista&nbsp;Panor\u00e1mica Mar<\/li><li><\/li><\/ul>\n\n\n\n<h3 class=\"wp-block-heading\">Superficies<\/h3>\n\n\n\n<ul class=\"wp-block-list\"><li>5 Dormitorios<\/li><li>1 Cocina<\/li><li>5 Cuartos de ba\u00f1o<\/li><li>1 Aseo<\/li><li>4 Aparcamientos interior<\/li><li>5 Terrazas&nbsp;<strong>250 m\u00b2<\/strong><\/li><li>1 Jard\u00edn&nbsp;<strong>724 m\u00b2<\/strong><\/li><\/ul>\n\n\n\n<h3 class=\"wp-block-heading\">Cerca de<\/h3>\n\n\n\n<ul class=\"wp-block-list\"><li>Piscina p\u00fablica<\/li><\/ul>\n\n\n\n<h3 class=\"wp-block-heading\">Prestaciones<\/h3>\n\n\n\n<ul class=\"wp-block-list\"><li>Portero autom\u00e1tico<\/li><\/ul>\n\n\n\n<ul class=\"wp-block-list\"><li><a href=\"https:\/\/pleiades-estate.com\/en\/search?search_property_category=1\">Sale<\/a><\/li><li><a href=\"https:\/\/pleiades-estate.com\/en\/search?search_property_type=2\">House<\/a><\/li><li><a>Sale House Finestrat, 7 Rooms, 5 Bedrooms, 651 M\u00b2, \u20ac<\/a><\/li><li>Price: <a>2,450,000<\/a><\/li><li>Rooms&nbsp;7 rooms<\/li><li>Area&nbsp;651 m\u00b2<\/li><li>View&nbsp;Panoramic Sea<\/li><\/ul>\n\n\n\n<p>No information available<\/p>\n\n\n\n<h3 class=\"wp-block-heading\">Areas<\/h3>\n\n\n\n<ul class=\"wp-block-list\"><li>5 Bedrooms<\/li><li>1 Kitchen<\/li><li>5 Bathrooms<\/li><li>1 Lavatory<\/li><li>4 Indoor parkings<\/li><li>5 Terraces&nbsp;<strong>250 m\u00b2<\/strong><\/li><li>1 Garden&nbsp;<strong>724 m\u00b2<\/strong><\/li><\/ul>\n\n\n\n<h3 class=\"wp-block-heading\">Proximities<\/h3>\n\n\n\n<ul class=\"wp-block-list\"><li>Public pool<\/li><\/ul>\n\n\n\n<h3 class=\"wp-block-heading\">Services<\/h3>\n\n\n\n<ul class=\"wp-block-list\"><li>Intercom<\/li><li><\/li><li><a>Vente Maison Finestrat, 7 Pi\u00e8ces, 5 Chambres, 651 M\u00b2, <\/a><\/li><li>Prix: <a>2\u202f450\u202f000&nbsp;\u20ac<\/a><\/li><\/ul>\n\n\n\n<p>R\u00e9gion : Costa Blanca<br>Superbe Propri\u00e9t\u00e9 Luxueuse \u00e0 FINESTRAT FINESTRAT<br>est juste \u00e0 c\u00f4t\u00e9 de BENIDORM<br><br>Villa Hill House dans la R\u00e9sidence de luxe Sierra Cortina Resort<br><br>Caract\u00e9ristiques : 5 chambres, 5 salles de bain, Cuisine ouverte (la cuisine est compl\u00e9tement \u00e9quip\u00e9e), Salle \u00e0 manger, Salon ouvert, Piscine, Terrasses, Climatisation, Solarium, Sous-sol.<br><br>Plages de Benidorm \u00e0 9 minutes<br><br>Les villas \u00e0 Finestrat sont dans l\u2019urbanisation r\u00e9sidentielle de luxe Sierra Cortina Resort, o\u00f9 vous pourriez profiter d\u2019une vaste offre de loisirs ainsi que d\u2019un environnement propice au repos et \u00e0 la d\u00e9tente.<br><br>La situation de l\u2019urbanisation est privil\u00e9gi\u00e9e : entre la mer et les montagnes, entour\u00e9e de for\u00eats de sapins et avec des vues magnifiques sur la mer M\u00e9diterran\u00e9e. Vous auriez \u00e0 proximit\u00e9 les plages de Benidorm, Terra M\u00edtica, des nombreux h\u00f4tels de cinq \u00e9toiles, des \u00e9coles internationales, des centres commerciaux int\u00e9grant des cin\u00e9mas, restaurants et toutes sortes de commerces.<br><br>Cette urbanisation propose aussi une offre \u00e9tendue de services \u00e0 l\u2019int\u00e9rieur du complexe r\u00e9sidentiel :<br>\u2013 Club priv\u00e9 avec gym, salle de fitness, quatre pistes de padel, une piste de tennis et un caf\u00e9-bar.<br>\u2013 Golf Pitch &amp; Putt de 18 trous.\u2013 Un restaurant et un caf\u00e9-bar.<br>\u2013 Un centre de s\u00e9curit\u00e9 avec 15 cam\u00e9ras de vid\u00e9osurveillance connect\u00e9es au moyen de la fibre optique \u00e0 un centre de contr\u00f4le et \u00e0 la police locale. La s\u00e9curit\u00e9 est aussi renforc\u00e9e par des patrouilles de vigilance 24 heures sur 24<br>Neuf direct promoteur Garantie 10 ans<br><br>Disponible Octobre 2023<br><\/p>\n\n\n\n<p>Pi\u00e8ces&nbsp;7 pi\u00e8ces<\/p>\n\n\n\n<p>Surface&nbsp;651 m2 <\/p>\n\n\n\n<p>Vue&nbsp;Panoramique Mer<\/p>\n\n\n\n<h2 class=\"wp-block-heading\">Autres visuels<\/h2>\n\n\n\n<p>Pas d&#8217;informations disponibles<\/p>\n\n\n\n<h3 class=\"wp-block-heading\">Surfaces<\/h3>\n\n\n\n<ul class=\"wp-block-list\"><li>5 Chambres<\/li><li>1 Cuisine&nbsp;<strong>Am\u00e9nag\u00e9e et Equip\u00e9e Am\u00e9ricaine<\/strong><\/li><li>5 Salles de bains<\/li><li>1 Toilettes<\/li><li>4 Parkings int\u00e9rieurs<\/li><li>5 Terrasses&nbsp;<strong>250 m\u00b2<\/strong><\/li><li>1 Jardin&nbsp;<strong>724 m\u00b2<\/strong><\/li><\/ul>\n\n\n\n<h3 class=\"wp-block-heading\">Proximit\u00e9s<\/h3>\n\n\n\n<ul class=\"wp-block-list\"><li>Piscine publique<\/li><\/ul>\n\n\n\n<h3 class=\"wp-block-heading\">Prestations<\/h3>\n\n\n\n<ul class=\"wp-block-list\"><li>Interphone<\/li><\/ul>\n","protected":false},"excerpt":{"rendered":"<p>Venta Casa Finestrat, 7 Piezas, 5 Dormitorios, 651 M\u00b2, Precio: 2.450.000&nbsp;\u20ac Piezas&nbsp;7 piezas Superficie&nbsp;651 m\u00b2 Vista&nbsp;Panor\u00e1mica Mar Superficies 5 Dormitorios 1 Cocina 5 Cuartos de ba\u00f1o 1 Aseo 4 Aparcamientos interior 5 Terrazas&nbsp;250 m\u00b2 1 Jard\u00edn&nbsp;724 m\u00b2 Cerca de Piscina p\u00fablica Prestaciones Portero autom\u00e1tico Sale House Sale House Finestrat, 7 Rooms, 5 Bedrooms, 651 M\u00b2, &hellip; <\/p>\n<p class=\"link-more\"><a href=\"https:\/\/coelloglobal.com\/index.php\/casa-en-binistrat-benidorm-2-450-000-e-ref-cg0042\/\" class=\"more-link\">Continue reading<span class=\"screen-reader-text\"> &#8220;Casa en Finistrat Benidorm- 2.450.000 \u20ac Ref: CG0042&#8221;<\/span><\/a><\/p>\n","protected":false},"author":1,"featured_media":3220,"parent":0,"menu_order":0,"comment_status":"closed","ping_status":"closed","template":"","meta":{"footnotes":""},"class_list":["post-3201","page","type-page","status-publish","has-post-thumbnail","hentry"],"_links":{"self":[{"href":"https:\/\/coelloglobal.com\/index.php\/wp-json\/wp\/v2\/pages\/3201","targetHints":{"allow":["GET"]}}],"collection":[{"href":"https:\/\/coelloglobal.com\/index.php\/wp-json\/wp\/v2\/pages"}],"about":[{"href":"https:\/\/coelloglobal.com\/index.php\/wp-json\/wp\/v2\/types\/page"}],"author":[{"embeddable":true,"href":"https:\/\/coelloglobal.com\/index.php\/wp-json\/wp\/v2\/users\/1"}],"replies":[{"embeddable":true,"href":"https:\/\/coelloglobal.com\/index.php\/wp-json\/wp\/v2\/comments?post=3201"}],"version-history":[{"count":3,"href":"https:\/\/coelloglobal.com\/index.php\/wp-json\/wp\/v2\/pages\/3201\/revisions"}],"predecessor-version":[{"id":3244,"href":"https:\/\/coelloglobal.com\/index.php\/wp-json\/wp\/v2\/pages\/3201\/revisions\/3244"}],"wp:featuredmedia":[{"embeddable":true,"href":"https:\/\/coelloglobal.com\/index.php\/wp-json\/wp\/v2\/media\/3220"}],"wp:attachment":[{"href":"https:\/\/coelloglobal.com\/index.php\/wp-json\/wp\/v2\/media?parent=3201"}],"curies":[{"name":"wp","href":"https:\/\/api.w.org\/{rel}","templated":true}]}}