{"id":327,"date":"2020-06-01T16:39:03","date_gmt":"2020-06-01T16:39:03","guid":{"rendered":"http:\/\/coelloglobal.com\/?page_id=327"},"modified":"2023-10-11T15:33:16","modified_gmt":"2023-10-11T15:33:16","slug":"piso-en-venta-el-clot-339-900-e","status":"publish","type":"page","link":"https:\/\/coelloglobal.com\/index.php\/piso-en-venta-el-clot-339-900-e\/","title":{"rendered":"Piso en Venta El Clot &#8211; 299.900 \u20ac Ref: CG009"},"content":{"rendered":"\n<p>Piso en venta El Clot, Barcelona, Muy buen estado <\/p>\n\n\n\n<div id=\"wp-block-themeisle-blocks-slider-84644b13\" class=\"wp-block-themeisle-blocks-slider glide\" data-per-view=\"1\" data-gap=\"0\" data-peek=\"0\" data-autoplay=\"true\" data-height=\"400px\"><div class=\"glide__track\" data-glide-el=\"track\"><div class=\"glide__slides\"><div class=\"wp-block-themeisle-blocks-slider-item-wrapper glide__slide\" tabindex=\"0\"><figure><img decoding=\"async\" class=\"wp-block-themeisle-blocks-slider-item\" src=\"http:\/\/coelloglobal.com\/wp-content\/uploads\/2020\/06\/balcon-2.jpeg\" alt=\"\" title=\"\" data-id=\"351\"\/><\/figure><\/div><div class=\"wp-block-themeisle-blocks-slider-item-wrapper glide__slide\" tabindex=\"0\"><figure><img decoding=\"async\" class=\"wp-block-themeisle-blocks-slider-item\" src=\"http:\/\/coelloglobal.com\/wp-content\/uploads\/2020\/06\/balcon.jpeg\" alt=\"\" title=\"\" data-id=\"350\"\/><\/figure><\/div><div class=\"wp-block-themeisle-blocks-slider-item-wrapper glide__slide\" tabindex=\"0\"><figure><img decoding=\"async\" class=\"wp-block-themeisle-blocks-slider-item\" src=\"http:\/\/coelloglobal.com\/wp-content\/uploads\/2020\/06\/ba\u00f1o-3.jpeg\" alt=\"\" title=\"\" data-id=\"349\"\/><\/figure><\/div><div class=\"wp-block-themeisle-blocks-slider-item-wrapper glide__slide\" tabindex=\"0\"><figure><img decoding=\"async\" class=\"wp-block-themeisle-blocks-slider-item\" src=\"http:\/\/coelloglobal.com\/wp-content\/uploads\/2020\/06\/ba\u00f1o-2.jpeg\" alt=\"\" title=\"\" data-id=\"348\"\/><\/figure><\/div><div class=\"wp-block-themeisle-blocks-slider-item-wrapper glide__slide\" tabindex=\"0\"><figure><img decoding=\"async\" class=\"wp-block-themeisle-blocks-slider-item\" src=\"http:\/\/coelloglobal.com\/wp-content\/uploads\/2020\/06\/ba\u00f1o-1.jpeg\" alt=\"\" title=\"\" data-id=\"347\"\/><\/figure><\/div><div class=\"wp-block-themeisle-blocks-slider-item-wrapper glide__slide\" tabindex=\"0\"><figure><img decoding=\"async\" class=\"wp-block-themeisle-blocks-slider-item\" src=\"http:\/\/coelloglobal.com\/wp-content\/uploads\/2020\/06\/ba\u00f1o.jpeg\" alt=\"\" title=\"\" data-id=\"346\"\/><\/figure><\/div><div class=\"wp-block-themeisle-blocks-slider-item-wrapper glide__slide\" tabindex=\"0\"><figure><img decoding=\"async\" class=\"wp-block-themeisle-blocks-slider-item\" src=\"http:\/\/coelloglobal.com\/wp-content\/uploads\/2020\/06\/pasillo.jpeg\" alt=\"\" title=\"\" data-id=\"345\"\/><\/figure><\/div><div class=\"wp-block-themeisle-blocks-slider-item-wrapper glide__slide\" tabindex=\"0\"><figure><img decoding=\"async\" class=\"wp-block-themeisle-blocks-slider-item\" src=\"http:\/\/coelloglobal.com\/wp-content\/uploads\/2020\/06\/dormitorio-3.jpeg\" alt=\"\" title=\"\" data-id=\"344\"\/><\/figure><\/div><div class=\"wp-block-themeisle-blocks-slider-item-wrapper glide__slide\" tabindex=\"0\"><figure><img decoding=\"async\" class=\"wp-block-themeisle-blocks-slider-item\" src=\"http:\/\/coelloglobal.com\/wp-content\/uploads\/2020\/06\/dormitorio-5.jpeg\" alt=\"\" title=\"\" data-id=\"343\"\/><\/figure><\/div><div class=\"wp-block-themeisle-blocks-slider-item-wrapper glide__slide\" tabindex=\"0\"><figure><img decoding=\"async\" class=\"wp-block-themeisle-blocks-slider-item\" src=\"http:\/\/coelloglobal.com\/wp-content\/uploads\/2020\/06\/domitorio-matrimonial.jpeg\" alt=\"\" title=\"\" data-id=\"342\"\/><\/figure><\/div><div class=\"wp-block-themeisle-blocks-slider-item-wrapper glide__slide\" tabindex=\"0\"><figure><img decoding=\"async\" class=\"wp-block-themeisle-blocks-slider-item\" src=\"http:\/\/coelloglobal.com\/wp-content\/uploads\/2020\/06\/dormitorio-matrimonial-3.jpeg\" alt=\"\" title=\"\" data-id=\"335\"\/><\/figure><\/div><div class=\"wp-block-themeisle-blocks-slider-item-wrapper glide__slide\" tabindex=\"0\"><figure><img decoding=\"async\" class=\"wp-block-themeisle-blocks-slider-item\" src=\"http:\/\/coelloglobal.com\/wp-content\/uploads\/2020\/06\/cocina-1.jpeg\" alt=\"\" title=\"\" data-id=\"341\"\/><\/figure><\/div><div class=\"wp-block-themeisle-blocks-slider-item-wrapper glide__slide\" tabindex=\"0\"><figure><img decoding=\"async\" class=\"wp-block-themeisle-blocks-slider-item\" src=\"http:\/\/coelloglobal.com\/wp-content\/uploads\/2020\/06\/cocina-2-1.jpeg\" alt=\"\" title=\"\" data-id=\"340\"\/><\/figure><\/div><div class=\"wp-block-themeisle-blocks-slider-item-wrapper glide__slide\" tabindex=\"0\"><figure><img decoding=\"async\" class=\"wp-block-themeisle-blocks-slider-item\" src=\"http:\/\/coelloglobal.com\/wp-content\/uploads\/2020\/06\/cocina-4.jpeg\" alt=\"\" title=\"\" data-id=\"336\"\/><\/figure><\/div><div class=\"wp-block-themeisle-blocks-slider-item-wrapper glide__slide\" tabindex=\"0\"><figure><img decoding=\"async\" class=\"wp-block-themeisle-blocks-slider-item\" src=\"http:\/\/coelloglobal.com\/wp-content\/uploads\/2020\/06\/cocina-3.jpeg\" alt=\"\" title=\"\" data-id=\"337\"\/><\/figure><\/div><div class=\"wp-block-themeisle-blocks-slider-item-wrapper glide__slide\" tabindex=\"0\"><figure><img decoding=\"async\" class=\"wp-block-themeisle-blocks-slider-item\" src=\"http:\/\/coelloglobal.com\/wp-content\/uploads\/2020\/06\/comedor.jpeg\" alt=\"\" title=\"\" data-id=\"339\"\/><\/figure><\/div><div class=\"wp-block-themeisle-blocks-slider-item-wrapper glide__slide\" tabindex=\"0\"><figure><img decoding=\"async\" class=\"wp-block-themeisle-blocks-slider-item\" src=\"http:\/\/coelloglobal.com\/wp-content\/uploads\/2020\/06\/cocina-2.jpeg\" alt=\"\" title=\"\" data-id=\"338\"\/><\/figure><\/div><div class=\"wp-block-themeisle-blocks-slider-item-wrapper glide__slide\" tabindex=\"0\"><figure><img decoding=\"async\" class=\"wp-block-themeisle-blocks-slider-item\" src=\"http:\/\/coelloglobal.com\/wp-content\/uploads\/2020\/06\/salon-3.jpeg\" alt=\"\" title=\"\" data-id=\"334\"\/><\/figure><\/div><div class=\"wp-block-themeisle-blocks-slider-item-wrapper glide__slide\" tabindex=\"0\"><figure><img decoding=\"async\" class=\"wp-block-themeisle-blocks-slider-item\" src=\"http:\/\/coelloglobal.com\/wp-content\/uploads\/2020\/06\/salon-6-1.jpeg\" alt=\"\" title=\"\" data-id=\"332\"\/><\/figure><\/div><div class=\"wp-block-themeisle-blocks-slider-item-wrapper glide__slide\" tabindex=\"0\"><figure><img decoding=\"async\" class=\"wp-block-themeisle-blocks-slider-item\" src=\"http:\/\/coelloglobal.com\/wp-content\/uploads\/2020\/06\/salon-8-1.jpeg\" alt=\"\" title=\"\" data-id=\"331\"\/><\/figure><\/div><div class=\"wp-block-themeisle-blocks-slider-item-wrapper glide__slide\" tabindex=\"0\"><figure><img decoding=\"async\" class=\"wp-block-themeisle-blocks-slider-item\" src=\"http:\/\/coelloglobal.com\/wp-content\/uploads\/2020\/06\/entrada-1.jpeg\" alt=\"\" title=\"\" data-id=\"330\"\/><\/figure><\/div><div class=\"wp-block-themeisle-blocks-slider-item-wrapper glide__slide\" tabindex=\"0\"><figure><img decoding=\"async\" class=\"wp-block-themeisle-blocks-slider-item\" src=\"http:\/\/coelloglobal.com\/wp-content\/uploads\/2020\/06\/salon-6.jpeg\" alt=\"\" title=\"\" data-id=\"329\"\/><\/figure><\/div><div class=\"wp-block-themeisle-blocks-slider-item-wrapper glide__slide\" tabindex=\"0\"><figure><img decoding=\"async\" class=\"wp-block-themeisle-blocks-slider-item\" src=\"http:\/\/coelloglobal.com\/wp-content\/uploads\/2020\/06\/salon-8.jpeg\" alt=\"\" title=\"\" data-id=\"328\"\/><\/figure><\/div><\/div><div class=\"glide__arrows\" data-glide-el=\"controls\"><button class=\"glide__arrow glide__arrow--left\" data-glide-dir=\"<\"><svg xmlns=\"http:\/\/www.w3.org\/2000\/svg\" width=\"18\" height=\"18\" viewbox=\"0 0 100 100\" role=\"img\" aria-hidden=\"true\" focusable=\"false\"><path d=\"M 10,50 L 60,100 L 70,90 L 30,50  L 70,10 L 60,0 Z\"><\/path><\/svg><\/button><button class=\"glide__arrow glide__arrow--right\" data-glide-dir=\"&gt;\"><svg xmlns=\"http:\/\/www.w3.org\/2000\/svg\" width=\"18\" height=\"18\" viewbox=\"0 0 100 100\" role=\"img\" aria-hidden=\"true\" focusable=\"false\"><path d=\"M 10,50 L 60,100 L 70,90 L 30,50  L 70,10 L 60,0 Z\"><\/path><\/svg><\/button><\/div><div class=\"glide__bullets\" data-glide-el=\"controls[nav]\"><button class=\"glide__bullet\" data-glide-dir=\"=0\"><\/button><button class=\"glide__bullet\" data-glide-dir=\"=1\"><\/button><button class=\"glide__bullet\" data-glide-dir=\"=2\"><\/button><button class=\"glide__bullet\" data-glide-dir=\"=3\"><\/button><button class=\"glide__bullet\" data-glide-dir=\"=4\"><\/button><button class=\"glide__bullet\" data-glide-dir=\"=5\"><\/button><button class=\"glide__bullet\" data-glide-dir=\"=6\"><\/button><button class=\"glide__bullet\" data-glide-dir=\"=7\"><\/button><button class=\"glide__bullet\" data-glide-dir=\"=8\"><\/button><button class=\"glide__bullet\" data-glide-dir=\"=9\"><\/button><button class=\"glide__bullet\" data-glide-dir=\"=10\"><\/button><button class=\"glide__bullet\" data-glide-dir=\"=11\"><\/button><button class=\"glide__bullet\" data-glide-dir=\"=12\"><\/button><button class=\"glide__bullet\" data-glide-dir=\"=13\"><\/button><button class=\"glide__bullet\" data-glide-dir=\"=14\"><\/button><button class=\"glide__bullet\" data-glide-dir=\"=15\"><\/button><button class=\"glide__bullet\" data-glide-dir=\"=16\"><\/button><button class=\"glide__bullet\" data-glide-dir=\"=17\"><\/button><button class=\"glide__bullet\" data-glide-dir=\"=18\"><\/button><button class=\"glide__bullet\" data-glide-dir=\"=19\"><\/button><button class=\"glide__bullet\" data-glide-dir=\"=20\"><\/button><button class=\"glide__bullet\" data-glide-dir=\"=21\"><\/button><button class=\"glide__bullet\" data-glide-dir=\"=22\"><\/button><\/div><\/div><\/div>\n\n\n\n<p>                                                                                                                                                                                                                                                                                                   <\/p>\n\n\n\n<p>El Clot &#8211; Barcelona<\/p>\n\n\n\n<p>78 m2,  3 hab, 299.900 \u20ac <\/p>\n\n\n\n<p>Piso en venta  de 78 m2 en excelente estado reformado hace 3 a\u00f1os, consta de 3 habitaciones una de ellas doble con salida a un balc\u00f3n y  con entrada directa al ba\u00f1o, amplio sal\u00f3n con salida a un segundo balc\u00f3n que cabe una mesa de 4 sillas, comedor, cocina independiente con salia a galer\u00eda, amplio ba\u00f1o, el piso consta de parquet, ventanas de aluminio doble cristal, calefacci\u00f3n, aire acondicionado, puertas de madera de buena calidad. Piso exterior y muy luminoso. Finca de obra vista de los a\u00f1os 80, con ascensor. El inmueble esta situado en la mejor zona del Clot cerca de lineas de metro,  Renfe, Mercado del Clot, buses. Parque. <\/p>\n\n\n\n<p> <strong>CARACTER\u00cdSTICAS B\u00c1SICAS DEL INMUEBLE<\/strong> <\/p>\n\n\n\n<ul class=\"wp-block-list\"><li>78 m\u00b2 construidos<\/li><li>3 habitaciones ( una doble con salida a balc\u00f3n)<\/li><li>Sal\u00f3n <\/li><li>Comedor <\/li><li>Cocina<\/li><li>1 ba\u00f1o<\/li><li>Reformado hace 3 a\u00f1os<\/li><li>Construido en 1980<\/li><li>Planta 3\u00aa exterior <\/li><li>Muy Luminoso <\/li><li>Con ascensor<\/li><li>Aire acondicionado<\/li><li>Calefacci\u00f3n <\/li><li>Certificaci\u00f3n energ\u00e9tica:&nbsp;&nbsp;(181 kWh\/m\u00b2 a\u00f1o)<\/li><\/ul>\n\n\n\n<p>Coello Global Financiamiento: Te proporcionamos asesoramiento financiero y te ayudamos a conseguir financiamiento para la adquisici\u00f3n de tu inmueble, para m\u00e1s informaci\u00f3n cont\u00e1ctanos.<\/p>\n","protected":false},"excerpt":{"rendered":"<p>Piso en venta El Clot, Barcelona, Muy buen estado El Clot &#8211; Barcelona 78 m2, 3 hab, 299.900 \u20ac Piso en venta de 78 m2 en excelente estado reformado hace 3 a\u00f1os, consta de 3 habitaciones una de ellas doble con salida a un balc\u00f3n y con entrada directa al ba\u00f1o, amplio sal\u00f3n con salida &hellip; <\/p>\n<p class=\"link-more\"><a href=\"https:\/\/coelloglobal.com\/index.php\/piso-en-venta-el-clot-339-900-e\/\" class=\"more-link\">Continue reading<span class=\"screen-reader-text\"> &#8220;Piso en Venta El Clot &#8211; 299.900 \u20ac Ref: CG009&#8221;<\/span><\/a><\/p>\n","protected":false},"author":1,"featured_media":334,"parent":0,"menu_order":0,"comment_status":"closed","ping_status":"closed","template":"","meta":{"footnotes":""},"class_list":["post-327","page","type-page","status-publish","has-post-thumbnail","hentry"],"_links":{"self":[{"href":"https:\/\/coelloglobal.com\/index.php\/wp-json\/wp\/v2\/pages\/327","targetHints":{"allow":["GET"]}}],"collection":[{"href":"https:\/\/coelloglobal.com\/index.php\/wp-json\/wp\/v2\/pages"}],"about":[{"href":"https:\/\/coelloglobal.com\/index.php\/wp-json\/wp\/v2\/types\/page"}],"author":[{"embeddable":true,"href":"https:\/\/coelloglobal.com\/index.php\/wp-json\/wp\/v2\/users\/1"}],"replies":[{"embeddable":true,"href":"https:\/\/coelloglobal.com\/index.php\/wp-json\/wp\/v2\/comments?post=327"}],"version-history":[{"count":10,"href":"https:\/\/coelloglobal.com\/index.php\/wp-json\/wp\/v2\/pages\/327\/revisions"}],"predecessor-version":[{"id":3161,"href":"https:\/\/coelloglobal.com\/index.php\/wp-json\/wp\/v2\/pages\/327\/revisions\/3161"}],"wp:featuredmedia":[{"embeddable":true,"href":"https:\/\/coelloglobal.com\/index.php\/wp-json\/wp\/v2\/media\/334"}],"wp:attachment":[{"href":"https:\/\/coelloglobal.com\/index.php\/wp-json\/wp\/v2\/media?parent=327"}],"curies":[{"name":"wp","href":"https:\/\/api.w.org\/{rel}","templated":true}]}}