{"id":3313,"date":"2023-10-11T17:03:07","date_gmt":"2023-10-11T17:03:07","guid":{"rendered":"http:\/\/coelloglobal.com\/?page_id=3313"},"modified":"2023-10-11T17:06:57","modified_gmt":"2023-10-11T17:06:57","slug":"casa-estepona-2-160-000-e-ref-cg0045","status":"publish","type":"page","link":"https:\/\/coelloglobal.com\/index.php\/casa-estepona-2-160-000-e-ref-cg0045\/","title":{"rendered":"Casa Estepona 2.160.000 \u20ac Ref: CG0045"},"content":{"rendered":"\n<div id=\"wp-block-themeisle-blocks-slider-04554cac\" class=\"wp-block-themeisle-blocks-slider glide\" data-per-view=\"1\" data-gap=\"0\" data-peek=\"0\" data-autoplay=\"true\" data-height=\"400px\"><div class=\"glide__track\" data-glide-el=\"track\"><div class=\"glide__slides\"><div class=\"wp-block-themeisle-blocks-slider-item-wrapper glide__slide\" tabindex=\"0\"><figure><img decoding=\"async\" class=\"wp-block-themeisle-blocks-slider-item\" src=\"http:\/\/coelloglobal.com\/wp-content\/uploads\/2023\/10\/foto-1-23.jpg\" alt=\"\" title=\"\" data-id=\"3315\"\/><\/figure><\/div><div class=\"wp-block-themeisle-blocks-slider-item-wrapper glide__slide\" tabindex=\"0\"><figure><img decoding=\"async\" class=\"wp-block-themeisle-blocks-slider-item\" src=\"http:\/\/coelloglobal.com\/wp-content\/uploads\/2023\/10\/foto-2-17.jpg\" alt=\"\" title=\"\" data-id=\"3316\"\/><\/figure><\/div><div class=\"wp-block-themeisle-blocks-slider-item-wrapper glide__slide\" tabindex=\"0\"><figure><img decoding=\"async\" class=\"wp-block-themeisle-blocks-slider-item\" src=\"http:\/\/coelloglobal.com\/wp-content\/uploads\/2023\/10\/foto-3-29.jpg\" alt=\"\" title=\"\" data-id=\"3317\"\/><\/figure><\/div><div class=\"wp-block-themeisle-blocks-slider-item-wrapper glide__slide\" tabindex=\"0\"><figure><img decoding=\"async\" class=\"wp-block-themeisle-blocks-slider-item\" src=\"http:\/\/coelloglobal.com\/wp-content\/uploads\/2023\/10\/foto-4-24.jpg\" alt=\"\" title=\"\" data-id=\"3318\"\/><\/figure><\/div><div class=\"wp-block-themeisle-blocks-slider-item-wrapper glide__slide\" tabindex=\"0\"><figure><img decoding=\"async\" class=\"wp-block-themeisle-blocks-slider-item\" src=\"http:\/\/coelloglobal.com\/wp-content\/uploads\/2023\/10\/foto-5-21.jpg\" alt=\"\" title=\"\" data-id=\"3319\"\/><\/figure><\/div><div class=\"wp-block-themeisle-blocks-slider-item-wrapper glide__slide\" tabindex=\"0\"><figure><img decoding=\"async\" class=\"wp-block-themeisle-blocks-slider-item\" src=\"http:\/\/coelloglobal.com\/wp-content\/uploads\/2023\/10\/foto-6-19.jpg\" alt=\"\" title=\"\" data-id=\"3320\"\/><\/figure><\/div><\/div><div class=\"glide__arrows\" data-glide-el=\"controls\"><button class=\"glide__arrow glide__arrow--left\" data-glide-dir=\"<\"><svg xmlns=\"http:\/\/www.w3.org\/2000\/svg\" width=\"18\" height=\"18\" viewbox=\"0 0 100 100\" role=\"img\" aria-hidden=\"true\" focusable=\"false\"><path d=\"M 10,50 L 60,100 L 70,90 L 30,50  L 70,10 L 60,0 Z\"><\/path><\/svg><\/button><button class=\"glide__arrow glide__arrow--right\" data-glide-dir=\"&gt;\"><svg xmlns=\"http:\/\/www.w3.org\/2000\/svg\" width=\"18\" height=\"18\" viewbox=\"0 0 100 100\" role=\"img\" aria-hidden=\"true\" focusable=\"false\"><path d=\"M 10,50 L 60,100 L 70,90 L 30,50  L 70,10 L 60,0 Z\"><\/path><\/svg><\/button><\/div><div class=\"glide__bullets\" data-glide-el=\"controls[nav]\"><button class=\"glide__bullet\" data-glide-dir=\"=0\"><\/button><button class=\"glide__bullet\" data-glide-dir=\"=1\"><\/button><button class=\"glide__bullet\" data-glide-dir=\"=2\"><\/button><button class=\"glide__bullet\" data-glide-dir=\"=3\"><\/button><button class=\"glide__bullet\" data-glide-dir=\"=4\"><\/button><button class=\"glide__bullet\" data-glide-dir=\"=5\"><\/button><\/div><\/div><\/div>\n\n\n\n<ul class=\"wp-block-list\"><li><\/li><li><a>Venta Casa Estepona, 4 Piezas, 3 Dormitorios, 305 M\u00b2, <\/a><\/li><li>Precio: <a>2.160.000\u00a0\u20ac<\/a><\/li><li>Piezas\u00a04 piezas<\/li><li>Superficie\u00a0305 m\u00b2<\/li><\/ul>\n\n\n\n<h3 class=\"wp-block-heading\">Superficies<\/h3>\n\n\n\n<ul class=\"wp-block-list\"><li>3 Dormitorios<\/li><li>1 Cocina<\/li><li>2 Cuartos de ba\u00f1o<\/li><li>1 Terreno&nbsp;<strong>351 m\u00b2<\/strong><\/li><li>1 Aparcamiento interior<\/li><li>3 Terrazas&nbsp;<strong>77 m\u00b2<\/strong><\/li><\/ul>\n\n\n\n<h3 class=\"wp-block-heading\">Cerca de<\/h3>\n\n\n\n<ul class=\"wp-block-list\"><li>Piscina p\u00fablica<\/li><\/ul>\n\n\n\n<h3 class=\"wp-block-heading\">Prestaciones<\/h3>\n\n\n\n<ul class=\"wp-block-list\"><li>Internet<\/li><li>Portero autom\u00e1tico<\/li><li>Ventilaci\u00f3n de flujo simple<\/li><li><\/li><li><a>Sale House Estepona, 4 Rooms, 3 Bedrooms, 305 M\u00b2, <\/a><\/li><li>Price: <a>\u20ac2,160,000<\/a><\/li><li>Rooms&nbsp;4 rooms<\/li><li>Area&nbsp;305 m\u00b2<\/li><li><\/li><\/ul>\n\n\n\n<h3 class=\"wp-block-heading\">Areas<\/h3>\n\n\n\n<ul class=\"wp-block-list\"><li>3 Bedrooms<\/li><li>1 Kitchen<\/li><li>2 Bathrooms<\/li><li>1 Land&nbsp;<strong>351 m\u00b2<\/strong><\/li><li>1 Indoor parking<\/li><li>3 Terraces&nbsp;<strong>77 m\u00b2<\/strong><\/li><\/ul>\n\n\n\n<h3 class=\"wp-block-heading\">Proximities<\/h3>\n\n\n\n<ul class=\"wp-block-list\"><li>Public pool<\/li><\/ul>\n\n\n\n<h3 class=\"wp-block-heading\">Legal notice<\/h3>\n\n\n\n<p>No information available<\/p>\n\n\n\n<h3 class=\"wp-block-heading\">Services<\/h3>\n\n\n\n<ul class=\"wp-block-list\"><li>Internet<\/li><li>Intercom<\/li><li>Simple flow ventilation<\/li><\/ul>\n\n\n\n<ul class=\"wp-block-list\"><li><a href=\"https:\/\/pleiades-estate.com\/fr\/recherche?search_property_category=1\">Vente<\/a><\/li><li><a href=\"https:\/\/pleiades-estate.com\/fr\/recherche?search_property_type=2\">Maison<\/a><\/li><li><a>Vente Maison Estepona, 4 Pi\u00e8ces, 3 Chambres, 305 M\u00b2, 2\u202f160\u202f000&nbsp;\u20ac<\/a><\/li><\/ul>\n\n\n\n<p>Superbe Maison de ville T4 \u00e0 Estepona en premi\u00e8re ligne<br><br>Caract\u00e9ristiques: 3 chambres, 4 salles de bain, Cuisine ouverte, Salle \u00e0 manger, Terrasse(s) de 151 m2, Piscine communautaire &#8230;..<br><br>6 maisons de ville uniques pour faire de Velaya votre maison. Des lignes droites et&nbsp;une lumi\u00e8re abondante inondent chaque propri\u00e9t\u00e9, qui se compose de 3 chambres + bureau et de grands espaces r\u00e9partis sur trois \u00e9tages.<br><br>Chaque maison de ville&nbsp;est construite selon les plus hautes sp\u00e9cifications et avec les meilleures finitions et distribution. Une grande attention a \u00e9t\u00e9 port\u00e9e aux d\u00e9tails de la conception, du porche et de la piscine priv\u00e9e pour votre confort et votre bien-\u00eatre maximum.<br><br>Avec une situation enviable \u00e0 seulement 100 m\u00e8tres de la plage, les maisons de ville font face \u00e0 la mer et offrent un acc\u00e8s direct \u00e0 la plage.<br><br>Avec une superficie d\u2019environ 15 000 m2, un nouveau concept r\u00e9sidentiel et toutes les installations dont vous pourriez avoir besoin, Velaya est pr\u00eat \u00e0 devenir le d\u00e9veloppement c\u00f4tier le plus exclusif d\u2019Estepona.<br><br>Construit avec les meilleurs mat\u00e9riaux et engag\u00e9 \u00e0 100% pour l\u2019environnement, Velaya a choisi d\u2019obtenir le certificat BREEAM, promouvant une construction plus durable qui a des avantages \u00e9conomiques, environnementaux et sociaux pour toutes les personnes li\u00e9es \u00e0 la vie du complexe r\u00e9sidentiel.<br><br>Avec&nbsp;plus de 325 jours de soleil par an&nbsp;et une&nbsp;temp\u00e9rature annuelle moyenne de 19\u00b0C,&nbsp;Malaga est l\u2019une des provinces espagnoles qui b\u00e9n\u00e9ficie du meilleur climat. La c\u00f4te d\u2019Estepona offre 17 plages de sable fin et d\u2019eau chaude sur 21 kilom\u00e8tres. La r\u00e9gion dispose \u00e9galement d\u2019un port de plaisance et est bien reli\u00e9e en voiture, en train ou en avion.<br><br>Estepona est actuellement l\u2019une des municipalit\u00e9s les plus importantes de la province de Malaga et de la Costa del Sol.Sa situation privil\u00e9gi\u00e9e en fait l\u2019une des enclaves les plus connues de la c\u00f4te, tr\u00e8s proche des marinas, des plages, des terrains de golf, des villages, des routes rurales et des paysages incomparables.<br><br>Le charme de ses maisons blanches et ses places tranquilles font&nbsp;d\u2019Estepona un village typiquement andalou.<br><br>\u00c0 9 minutes d\u2019Estepona.<br><br>\u00c0 55 minutes de l\u2019a\u00e9roport de Malaga.<br>\u00c0 25 minutes de Marbella<br><br>Neuf direct promoteur Garantie 10 ans<br><br>Disponible Octobre 2022<br><\/p>\n\n\n\n<p>Pi\u00e8ces&nbsp;4 pi\u00e8ces<\/p>\n\n\n\n<p>Surface&nbsp;305 m\u00b2<\/p>\n\n\n\n<h3 class=\"wp-block-heading\">Surfaces<\/h3>\n\n\n\n<ul class=\"wp-block-list\"><li>3 Chambres<\/li><li>1 Cuisine&nbsp;<strong>Am\u00e9nag\u00e9e Am\u00e9ricaine<\/strong><\/li><li>2 Salles de bains<\/li><li>1 Terrain&nbsp;<strong>351 m\u00b2<\/strong><\/li><li>1 Parking int\u00e9rieur<\/li><li>3 Terrasses&nbsp;<strong>77 m\u00b2<\/strong><\/li><\/ul>\n\n\n\n<h3 class=\"wp-block-heading\">Proximit\u00e9s<\/h3>\n\n\n\n<ul class=\"wp-block-list\"><li>Piscine publique<\/li><\/ul>\n\n\n\n<div class=\"wp-block-themeisle-blocks-advanced-columns has-undefined-columns has-desktop-undefined-layout has-tablet-equal-layout has-mobile-equal-layout has-default-gap has-vertical-unset\" id=\"wp-block-themeisle-blocks-advanced-columns-6e9da279\"><div class=\"wp-block-themeisle-blocks-advanced-columns-overlay\"><\/div><div class=\"innerblocks-wrap\"><\/div><\/div>\n","protected":false},"excerpt":{"rendered":"<p>Venta Casa Estepona, 4 Piezas, 3 Dormitorios, 305 M\u00b2, Precio: 2.160.000\u00a0\u20ac Piezas\u00a04 piezas Superficie\u00a0305 m\u00b2 Superficies 3 Dormitorios 1 Cocina 2 Cuartos de ba\u00f1o 1 Terreno&nbsp;351 m\u00b2 1 Aparcamiento interior 3 Terrazas&nbsp;77 m\u00b2 Cerca de Piscina p\u00fablica Prestaciones Internet Portero autom\u00e1tico Ventilaci\u00f3n de flujo simple Sale House Estepona, 4 Rooms, 3 Bedrooms, 305 M\u00b2, Price: &hellip; <\/p>\n<p class=\"link-more\"><a href=\"https:\/\/coelloglobal.com\/index.php\/casa-estepona-2-160-000-e-ref-cg0045\/\" class=\"more-link\">Continue reading<span class=\"screen-reader-text\"> &#8220;Casa Estepona 2.160.000 \u20ac Ref: CG0045&#8221;<\/span><\/a><\/p>\n","protected":false},"author":1,"featured_media":3319,"parent":0,"menu_order":0,"comment_status":"closed","ping_status":"closed","template":"","meta":{"footnotes":""},"class_list":["post-3313","page","type-page","status-publish","has-post-thumbnail","hentry"],"_links":{"self":[{"href":"https:\/\/coelloglobal.com\/index.php\/wp-json\/wp\/v2\/pages\/3313","targetHints":{"allow":["GET"]}}],"collection":[{"href":"https:\/\/coelloglobal.com\/index.php\/wp-json\/wp\/v2\/pages"}],"about":[{"href":"https:\/\/coelloglobal.com\/index.php\/wp-json\/wp\/v2\/types\/page"}],"author":[{"embeddable":true,"href":"https:\/\/coelloglobal.com\/index.php\/wp-json\/wp\/v2\/users\/1"}],"replies":[{"embeddable":true,"href":"https:\/\/coelloglobal.com\/index.php\/wp-json\/wp\/v2\/comments?post=3313"}],"version-history":[{"count":3,"href":"https:\/\/coelloglobal.com\/index.php\/wp-json\/wp\/v2\/pages\/3313\/revisions"}],"predecessor-version":[{"id":3326,"href":"https:\/\/coelloglobal.com\/index.php\/wp-json\/wp\/v2\/pages\/3313\/revisions\/3326"}],"wp:featuredmedia":[{"embeddable":true,"href":"https:\/\/coelloglobal.com\/index.php\/wp-json\/wp\/v2\/media\/3319"}],"wp:attachment":[{"href":"https:\/\/coelloglobal.com\/index.php\/wp-json\/wp\/v2\/media?parent=3313"}],"curies":[{"name":"wp","href":"https:\/\/api.w.org\/{rel}","templated":true}]}}