{"id":3330,"date":"2023-10-11T17:37:48","date_gmt":"2023-10-11T17:37:48","guid":{"rendered":"http:\/\/coelloglobal.com\/?page_id=3330"},"modified":"2023-10-11T17:39:48","modified_gmt":"2023-10-11T17:39:48","slug":"casa-cabo-de-palos-1-950-000-e-ref-cg0046","status":"publish","type":"page","link":"https:\/\/coelloglobal.com\/index.php\/casa-cabo-de-palos-1-950-000-e-ref-cg0046\/","title":{"rendered":"Casa Cabo de Palos 1.950.000 \u20ac Ref: CG0046"},"content":{"rendered":"\n<div id=\"wp-block-themeisle-blocks-slider-d6464011\" class=\"wp-block-themeisle-blocks-slider glide\" data-per-view=\"1\" data-gap=\"0\" data-peek=\"0\" data-autoplay=\"true\" data-height=\"400px\"><div class=\"glide__track\" data-glide-el=\"track\"><div class=\"glide__slides\"><div class=\"wp-block-themeisle-blocks-slider-item-wrapper glide__slide\" tabindex=\"0\"><figure><img decoding=\"async\" class=\"wp-block-themeisle-blocks-slider-item\" src=\"http:\/\/coelloglobal.com\/wp-content\/uploads\/2023\/10\/foto-1-26.jpg\" alt=\"\" title=\"\" data-id=\"3331\"\/><\/figure><\/div><div class=\"wp-block-themeisle-blocks-slider-item-wrapper glide__slide\" tabindex=\"0\"><figure><img decoding=\"async\" class=\"wp-block-themeisle-blocks-slider-item\" src=\"http:\/\/coelloglobal.com\/wp-content\/uploads\/2023\/10\/foto-2-18.jpg\" alt=\"\" title=\"\" data-id=\"3332\"\/><\/figure><\/div><div class=\"wp-block-themeisle-blocks-slider-item-wrapper glide__slide\" tabindex=\"0\"><figure><img decoding=\"async\" class=\"wp-block-themeisle-blocks-slider-item\" src=\"http:\/\/coelloglobal.com\/wp-content\/uploads\/2023\/10\/foto-3-30.jpg\" alt=\"\" title=\"\" data-id=\"3333\"\/><\/figure><\/div><div class=\"wp-block-themeisle-blocks-slider-item-wrapper glide__slide\" tabindex=\"0\"><figure><img decoding=\"async\" class=\"wp-block-themeisle-blocks-slider-item\" src=\"http:\/\/coelloglobal.com\/wp-content\/uploads\/2023\/10\/foto-4-25.jpg\" alt=\"\" title=\"\" data-id=\"3334\"\/><\/figure><\/div><div class=\"wp-block-themeisle-blocks-slider-item-wrapper glide__slide\" tabindex=\"0\"><figure><img decoding=\"async\" class=\"wp-block-themeisle-blocks-slider-item\" src=\"http:\/\/coelloglobal.com\/wp-content\/uploads\/2023\/10\/foto-5-22.jpg\" alt=\"\" title=\"\" data-id=\"3335\"\/><\/figure><\/div><div class=\"wp-block-themeisle-blocks-slider-item-wrapper glide__slide\" tabindex=\"0\"><figure><img decoding=\"async\" class=\"wp-block-themeisle-blocks-slider-item\" src=\"http:\/\/coelloglobal.com\/wp-content\/uploads\/2023\/10\/foto-6-20.jpg\" alt=\"\" title=\"\" data-id=\"3336\"\/><\/figure><\/div><div class=\"wp-block-themeisle-blocks-slider-item-wrapper glide__slide\" tabindex=\"0\"><figure><img decoding=\"async\" class=\"wp-block-themeisle-blocks-slider-item\" src=\"http:\/\/coelloglobal.com\/wp-content\/uploads\/2023\/10\/foto-7-19.jpg\" alt=\"\" title=\"\" data-id=\"3337\"\/><\/figure><\/div><div class=\"wp-block-themeisle-blocks-slider-item-wrapper glide__slide\" tabindex=\"0\"><figure><img decoding=\"async\" class=\"wp-block-themeisle-blocks-slider-item\" src=\"http:\/\/coelloglobal.com\/wp-content\/uploads\/2023\/10\/foto-8-19.jpg\" alt=\"\" title=\"\" data-id=\"3338\"\/><\/figure><\/div><div class=\"wp-block-themeisle-blocks-slider-item-wrapper glide__slide\" tabindex=\"0\"><figure><img decoding=\"async\" class=\"wp-block-themeisle-blocks-slider-item\" src=\"http:\/\/coelloglobal.com\/wp-content\/uploads\/2023\/10\/foto-9-15.jpg\" alt=\"\" title=\"\" data-id=\"3339\"\/><\/figure><\/div><div class=\"wp-block-themeisle-blocks-slider-item-wrapper glide__slide\" tabindex=\"0\"><figure><img decoding=\"async\" class=\"wp-block-themeisle-blocks-slider-item\" src=\"http:\/\/coelloglobal.com\/wp-content\/uploads\/2023\/10\/foto-10-15.jpg\" alt=\"\" title=\"\" data-id=\"3340\"\/><\/figure><\/div><div class=\"wp-block-themeisle-blocks-slider-item-wrapper glide__slide\" tabindex=\"0\"><figure><img decoding=\"async\" class=\"wp-block-themeisle-blocks-slider-item\" src=\"http:\/\/coelloglobal.com\/wp-content\/uploads\/2023\/10\/foto-11-18.jpg\" alt=\"\" title=\"\" data-id=\"3341\"\/><\/figure><\/div><div class=\"wp-block-themeisle-blocks-slider-item-wrapper glide__slide\" tabindex=\"0\"><figure><img decoding=\"async\" class=\"wp-block-themeisle-blocks-slider-item\" src=\"http:\/\/coelloglobal.com\/wp-content\/uploads\/2023\/10\/foto-12-17.jpg\" alt=\"\" title=\"\" data-id=\"3342\"\/><\/figure><\/div><div class=\"wp-block-themeisle-blocks-slider-item-wrapper glide__slide\" tabindex=\"0\"><figure><img decoding=\"async\" class=\"wp-block-themeisle-blocks-slider-item\" src=\"http:\/\/coelloglobal.com\/wp-content\/uploads\/2023\/10\/foto-13-15.jpg\" alt=\"\" title=\"\" data-id=\"3343\"\/><\/figure><\/div><\/div><div class=\"glide__arrows\" data-glide-el=\"controls\"><button class=\"glide__arrow glide__arrow--left\" data-glide-dir=\"<\"><svg xmlns=\"http:\/\/www.w3.org\/2000\/svg\" width=\"18\" height=\"18\" viewbox=\"0 0 100 100\" role=\"img\" aria-hidden=\"true\" focusable=\"false\"><path d=\"M 10,50 L 60,100 L 70,90 L 30,50  L 70,10 L 60,0 Z\"><\/path><\/svg><\/button><button class=\"glide__arrow glide__arrow--right\" data-glide-dir=\"&gt;\"><svg xmlns=\"http:\/\/www.w3.org\/2000\/svg\" width=\"18\" height=\"18\" viewbox=\"0 0 100 100\" role=\"img\" aria-hidden=\"true\" focusable=\"false\"><path d=\"M 10,50 L 60,100 L 70,90 L 30,50  L 70,10 L 60,0 Z\"><\/path><\/svg><\/button><\/div><div class=\"glide__bullets\" data-glide-el=\"controls[nav]\"><button class=\"glide__bullet\" data-glide-dir=\"=0\"><\/button><button class=\"glide__bullet\" data-glide-dir=\"=1\"><\/button><button class=\"glide__bullet\" data-glide-dir=\"=2\"><\/button><button class=\"glide__bullet\" data-glide-dir=\"=3\"><\/button><button class=\"glide__bullet\" data-glide-dir=\"=4\"><\/button><button class=\"glide__bullet\" data-glide-dir=\"=5\"><\/button><button class=\"glide__bullet\" data-glide-dir=\"=6\"><\/button><button class=\"glide__bullet\" data-glide-dir=\"=7\"><\/button><button class=\"glide__bullet\" data-glide-dir=\"=8\"><\/button><button class=\"glide__bullet\" data-glide-dir=\"=9\"><\/button><button class=\"glide__bullet\" data-glide-dir=\"=10\"><\/button><button class=\"glide__bullet\" data-glide-dir=\"=11\"><\/button><button class=\"glide__bullet\" data-glide-dir=\"=12\"><\/button><\/div><\/div><\/div>\n\n\n\n<ul class=\"wp-block-list\"><li><\/li><li><a>Venta Casa Cabo De Palos, 5 Piezas, 3 Dormitorios, 137 M\u00b2,<\/a><\/li><li>Precio: <a> 1.950.000&nbsp;\u20ac<\/a><\/li><\/ul>\n\n\n\n<ul class=\"wp-block-list\"><li>Referencia&nbsp;VM568<\/li><li>Piezas&nbsp;5 piezas<\/li><li>Superficie&nbsp;137 m\u00b2<\/li><\/ul>\n\n\n\n<h3 class=\"wp-block-heading\">Superficies<\/h3>\n\n\n\n<ul class=\"wp-block-list\"><li>3 Dormitorios<\/li><li>1 Cocina<\/li><li>3 Cuartos de ba\u00f1o<\/li><li>1 Cuarto de ba\u00f1o con ducha<\/li><li>1 Sala deportes<\/li><li>1 Aparcamiento interior<\/li><li>1 Aparcamiento exterior<\/li><li>2 Terrazas&nbsp;<strong>32 m\u00b2<\/strong><\/li><li>1 Jard\u00edn&nbsp;<strong>435 m\u00b2<\/strong><\/li><\/ul>\n\n\n\n<h3 class=\"wp-block-heading\">Cerca de<\/h3>\n\n\n\n<ul class=\"wp-block-list\"><li>Piscina p\u00fablica<\/li><\/ul>\n\n\n\n<h3 class=\"wp-block-heading\">Prestaciones<\/h3>\n\n\n\n<ul class=\"wp-block-list\"><li>Internet<\/li><li>Portero autom\u00e1tico<\/li><li>Ventilaci\u00f3n de flujo simple<\/li><li><\/li><li><a>Sale House Cabo De Palos, 5 Rooms, 3 Bedrooms, 137 M\u00b2, <\/a><\/li><li>Price: <a>\u20ac1,950,000<\/a><\/li><li>Rooms&nbsp;5 rooms<\/li><li>Area&nbsp;137 m\u00b2<\/li><\/ul>\n\n\n\n<h3 class=\"wp-block-heading\">Areas<\/h3>\n\n\n\n<ul class=\"wp-block-list\"><li>3 Bedrooms<\/li><li>1 Kitchen<\/li><li>3 Bathrooms<\/li><li>1 Shower room<\/li><li>1 Exercise room<\/li><li>1 Indoor parking<\/li><li>1 Outdoor parking<\/li><li>2 Terraces&nbsp;<strong>32 m\u00b2<\/strong><\/li><li>1 Garden&nbsp;<strong>435 m\u00b2<\/strong><\/li><\/ul>\n\n\n\n<h3 class=\"wp-block-heading\">Proximities<\/h3>\n\n\n\n<ul class=\"wp-block-list\"><li>Public pool<\/li><\/ul>\n\n\n\n<h3 class=\"wp-block-heading\">Services<\/h3>\n\n\n\n<ul class=\"wp-block-list\"><li>Internet<\/li><li>Intercom<\/li><li>Simple flow ventilation<\/li><\/ul>\n\n\n\n<ul class=\"wp-block-list\"><li><a href=\"https:\/\/pleiades-estate.com\/fr\/recherche?search_property_category=1\">Vente<\/a><\/li><li><a href=\"https:\/\/pleiades-estate.com\/fr\/recherche?search_property_type=2\">Maison<\/a><\/li><li><a>Vente Maison Cabo De Palos, 5 Pi\u00e8ces, 3 Chambres, 137 M\u00b2, 1\u202f950\u202f000&nbsp;\u20ac<\/a><\/li><\/ul>\n\n\n\n<p>R\u00e9gion: Costa C\u00e1lida<br><br>Superbe Villa<br><br>Caract\u00e9ristiques: 5 chambres , 3 salles de bain , Cuisine ouverte, Salle \u00e0 manger, Ascenseur, Piscine.<br><br>Villas de luxe isol\u00e9es sur une falaise avec vue panoramique sur la r\u00e9serve marine.<br>Terrain de 435 m2, \u00e0 partir de 137 m2 construits, jardins enti\u00e8rement finis, piscine chauff\u00e9e avec vue sur la mer M\u00e9diterran\u00e9e, garage, air conditionn\u00e9 et chauffage, \u00e0 2 minutes de criques paradisiaques.<br><br>Villas Las Yukas est un projet de l&#8217;architecte suisse Massimo Di Caudo. Un concept architectural bas\u00e9 sur des lignes claires, cubiques et fonctionnelles dans une enclave unique.<br><br>Portails d&#8217;acc\u00e8s au jardin et au garage, automatis\u00e9s avec des t\u00e9l\u00e9commandes infrarouges. Garage pour un v\u00e9hicule et parking ext\u00e9rieur pour un v\u00e9hicule suppl\u00e9mentaire.<br><br>Jardins avec syst\u00e8me de drainage de l&#8217;eau dans le sol, enti\u00e8rement finis et personnalisables, y compris la v\u00e9g\u00e9tation, l&#8217;irrigation et l&#8217;\u00e9clairage. Piscine de 9 x 4 m\u00e8tres avec vue infinie sur la M\u00e9diterran\u00e9e, avec couverture \u00e0 enrouleur et chauff\u00e9e. Des terrasses \u00e0 diff\u00e9rentes hauteurs cr\u00e9ant des atmosph\u00e8res agr\u00e9ables entour\u00e9es de v\u00e9g\u00e9tation et de vues infinies sur la mer. Les Villas sont prot\u00e9g\u00e9es par des cam\u00e9ras de t\u00e9l\u00e9vision \u00e0 l&#8217;ext\u00e9rieur et des d\u00e9tecteurs de mouvement \u00e0 l&#8217;int\u00e9rieur.<br><br>Villas Las Yukas obtient un microclimat extensible \u00e0 chaque espace de vie gr\u00e2ce \u00e0 sa conception et \u00e0 la distribution des espaces int\u00e9rieurs, ce qui, avec l&#8217;isolation thermique et acoustique p\u00e9rim\u00e9trique de la villa dans chaque pi\u00e8ce, cr\u00e9e un environnement harmonieux et confortable, avec un accent particulier sur le fait que les maisons sont durables et respectueuses de l&#8217;environnement.<br><br>Soign\u00e9es dans les moindres d\u00e9tails des finitions, utilisant des mat\u00e9riaux de la plus haute qualit\u00e9, un design personnalis\u00e9 et un luxe sans oublier le confort maximal, les villas peuvent \u00eatre appr\u00e9ci\u00e9es aussi bien en \u00e9t\u00e9 que dans la douceur de l&#8217;hiver, ce qui les rend habitables toute l&#8217;ann\u00e9e.<br><br>Son int\u00e9rieur comprend trois grandes chambres, 3 salles de bains, 1 toilette, la climatisation et le chauffage, un salon, une cuisine \u00e9quip\u00e9e (comprenant des appareils \u00e9lectrom\u00e9nagers haut de gamme), un salon, une salle \u00e0 manger, une buanderie et un d\u00e9barras.<br><br>Ils disposent de chambres chaleureuses et confortables qui profitent au maximum de la lumi\u00e8re naturelle gr\u00e2ce \u00e0 de grandes fen\u00eatres du sol au plafond. La cuisine moderne et \u00e9l\u00e9gante est enti\u00e8rement personnalisable et comprend des appareils \u00e9lectrom\u00e9nagers haut de gamme int\u00e9gr\u00e9s dans le design et une cave \u00e0 vin int\u00e9gr\u00e9e. Deux chambres \u00e0 coucher avec salles de bains compl\u00e8tes, dont une en suite. Des espaces de d\u00e9tente int\u00e9rieurs confortables avec des vues infinies sur la mer M\u00e9diterran\u00e9e. Trois salles de bains compl\u00e8tes et une toilette finie avec des appareils suspendus, des lavabos sur plan et des robinets avec thermostat.<br><br>Les villas sont situ\u00e9es \u00e0 Cala Medina, connue pour sa falaise sauvage, est sans aucun doute un paradis pour la vue o\u00f9 vous pouvez profiter de l&#8217;immensit\u00e9 de la mer M\u00e9diterran\u00e9e, des vues du phare embl\u00e9matique, de magnifiques levers et couchers de soleil sans aucun logement qui l&#8217;emp\u00eache.<br><br>Entour\u00e9e de criques paradisiaques pour la baignade o\u00f9 l&#8217;on peut pratiquer des sports nautiques, c&#8217;est aussi un paradis pour les amateurs de plong\u00e9e car elle poss\u00e8de l&#8217;une des meilleures r\u00e9serves marines de la M\u00e9diterran\u00e9e<br>\u00c0 cinq minutes de la marina de Cabo de Palos, de la promenade et des restaurants o\u00f9 vous pourrez d\u00e9guster le meilleur r\u00e9gime m\u00e9diterran\u00e9en. Il est \u00e9galement situ\u00e9 \u00e0 trois minutes de l&#8217;autoroute RM-12 et \u00e0 seulement 12 km du prestigieux h\u00f4tel Campo de Golf La Manga Club Resort *****.<br><br>Les a\u00e9roports les plus proches sont ceux de Corvera (Murcie) &#8211; A\u00e9roport international de la r\u00e9gion de Murcie et d&#8217;Elche &#8211; A\u00e9roport d&#8217;Alicante (Alicante), tous deux desservant des territoires nationaux et internationaux, \u00e0 56 km et 126 km respectivement.<br><br>Neuf direct promoteur Garantie 10 ans<br><br>Disponible 2023<br><\/p>\n\n\n\n<p>Pi\u00e8ces&nbsp;5 pi\u00e8ces<\/p>\n\n\n\n<p>Surface&nbsp;137 m\u00b2<\/p>\n\n\n\n<h2 class=\"wp-block-heading\">Autres visuels<\/h2>\n\n\n\n<p>Pas d&#8217;informations disponibles<\/p>\n\n\n\n<h3 class=\"wp-block-heading\">Surfaces<\/h3>\n\n\n\n<ul class=\"wp-block-list\"><li>3 Chambres<\/li><li>1 Cuisine&nbsp;<strong>Am\u00e9nag\u00e9e et \u00e9quip\u00e9e Am\u00e9ricaine<\/strong><\/li><li>3 Salles de bains<\/li><li>1 Salle de douche<\/li><li>1 Salle de sport<\/li><li>1 Parking int\u00e9rieur<\/li><li>1 Parking ext\u00e9rieur<\/li><li>2 Terrasses&nbsp;<strong>32 m\u00b2<\/strong><\/li><li>1 Jardin&nbsp;<strong>435 m\u00b2<\/strong><\/li><\/ul>\n\n\n\n<h3 class=\"wp-block-heading\">Proximit\u00e9s<\/h3>\n\n\n\n<ul class=\"wp-block-list\"><li>Piscine publique<\/li><\/ul>\n\n\n\n<h3 class=\"wp-block-heading\">Mentions l\u00e9gales<\/h3>\n\n\n\n<p>Pas d&#8217;informations disponibles<\/p>\n\n\n\n<h3 class=\"wp-block-heading\">Prestations<\/h3>\n\n\n\n<ul class=\"wp-block-list\"><li>Internet<\/li><li>Interphone<\/li><li>Ventilation simple flux<\/li><\/ul>\n","protected":false},"excerpt":{"rendered":"<p>Venta Casa Cabo De Palos, 5 Piezas, 3 Dormitorios, 137 M\u00b2, Precio: 1.950.000&nbsp;\u20ac Referencia&nbsp;VM568 Piezas&nbsp;5 piezas Superficie&nbsp;137 m\u00b2 Superficies 3 Dormitorios 1 Cocina 3 Cuartos de ba\u00f1o 1 Cuarto de ba\u00f1o con ducha 1 Sala deportes 1 Aparcamiento interior 1 Aparcamiento exterior 2 Terrazas&nbsp;32 m\u00b2 1 Jard\u00edn&nbsp;435 m\u00b2 Cerca de Piscina p\u00fablica Prestaciones Internet Portero &hellip; <\/p>\n<p class=\"link-more\"><a href=\"https:\/\/coelloglobal.com\/index.php\/casa-cabo-de-palos-1-950-000-e-ref-cg0046\/\" class=\"more-link\">Continue reading<span class=\"screen-reader-text\"> &#8220;Casa Cabo de Palos 1.950.000 \u20ac Ref: CG0046&#8221;<\/span><\/a><\/p>\n","protected":false},"author":1,"featured_media":3340,"parent":0,"menu_order":0,"comment_status":"closed","ping_status":"closed","template":"","meta":{"footnotes":""},"class_list":["post-3330","page","type-page","status-publish","has-post-thumbnail","hentry"],"_links":{"self":[{"href":"https:\/\/coelloglobal.com\/index.php\/wp-json\/wp\/v2\/pages\/3330","targetHints":{"allow":["GET"]}}],"collection":[{"href":"https:\/\/coelloglobal.com\/index.php\/wp-json\/wp\/v2\/pages"}],"about":[{"href":"https:\/\/coelloglobal.com\/index.php\/wp-json\/wp\/v2\/types\/page"}],"author":[{"embeddable":true,"href":"https:\/\/coelloglobal.com\/index.php\/wp-json\/wp\/v2\/users\/1"}],"replies":[{"embeddable":true,"href":"https:\/\/coelloglobal.com\/index.php\/wp-json\/wp\/v2\/comments?post=3330"}],"version-history":[{"count":2,"href":"https:\/\/coelloglobal.com\/index.php\/wp-json\/wp\/v2\/pages\/3330\/revisions"}],"predecessor-version":[{"id":3346,"href":"https:\/\/coelloglobal.com\/index.php\/wp-json\/wp\/v2\/pages\/3330\/revisions\/3346"}],"wp:featuredmedia":[{"embeddable":true,"href":"https:\/\/coelloglobal.com\/index.php\/wp-json\/wp\/v2\/media\/3340"}],"wp:attachment":[{"href":"https:\/\/coelloglobal.com\/index.php\/wp-json\/wp\/v2\/media?parent=3330"}],"curies":[{"name":"wp","href":"https:\/\/api.w.org\/{rel}","templated":true}]}}