{"id":3350,"date":"2023-10-11T18:04:05","date_gmt":"2023-10-11T18:04:05","guid":{"rendered":"http:\/\/coelloglobal.com\/?page_id=3350"},"modified":"2023-10-11T18:06:40","modified_gmt":"2023-10-11T18:06:40","slug":"casa-en-venta-ibiza-1-914-000-e-ref-cg0047","status":"publish","type":"page","link":"https:\/\/coelloglobal.com\/index.php\/casa-en-venta-ibiza-1-914-000-e-ref-cg0047\/","title":{"rendered":"Casa en venta Ibiza 1.914.000 \u20ac Ref: CG0047"},"content":{"rendered":"\n<div id=\"wp-block-themeisle-blocks-slider-75b69fba\" class=\"wp-block-themeisle-blocks-slider glide\" data-per-view=\"1\" data-gap=\"0\" data-peek=\"0\" data-autoplay=\"true\" data-height=\"400px\"><div class=\"glide__track\" data-glide-el=\"track\"><div class=\"glide__slides\"><div class=\"wp-block-themeisle-blocks-slider-item-wrapper glide__slide\" tabindex=\"0\"><figure><img decoding=\"async\" class=\"wp-block-themeisle-blocks-slider-item\" src=\"http:\/\/coelloglobal.com\/wp-content\/uploads\/2023\/10\/foto-1-28.jpg\" alt=\"\" title=\"\" data-id=\"3351\"\/><\/figure><\/div><div class=\"wp-block-themeisle-blocks-slider-item-wrapper glide__slide\" tabindex=\"0\"><figure><img decoding=\"async\" class=\"wp-block-themeisle-blocks-slider-item\" src=\"http:\/\/coelloglobal.com\/wp-content\/uploads\/2023\/10\/foto-2-19.jpg\" alt=\"\" title=\"\" data-id=\"3352\"\/><\/figure><\/div><div class=\"wp-block-themeisle-blocks-slider-item-wrapper glide__slide\" tabindex=\"0\"><figure><img decoding=\"async\" class=\"wp-block-themeisle-blocks-slider-item\" src=\"http:\/\/coelloglobal.com\/wp-content\/uploads\/2023\/10\/foto-3-31.jpg\" alt=\"\" title=\"\" data-id=\"3353\"\/><\/figure><\/div><div class=\"wp-block-themeisle-blocks-slider-item-wrapper glide__slide\" tabindex=\"0\"><figure><img decoding=\"async\" class=\"wp-block-themeisle-blocks-slider-item\" src=\"http:\/\/coelloglobal.com\/wp-content\/uploads\/2023\/10\/foto-4-26.jpg\" alt=\"\" title=\"\" data-id=\"3354\"\/><\/figure><\/div><div class=\"wp-block-themeisle-blocks-slider-item-wrapper glide__slide\" tabindex=\"0\"><figure><img decoding=\"async\" class=\"wp-block-themeisle-blocks-slider-item\" src=\"http:\/\/coelloglobal.com\/wp-content\/uploads\/2023\/10\/foto-5-23.jpg\" alt=\"\" title=\"\" data-id=\"3355\"\/><\/figure><\/div><div class=\"wp-block-themeisle-blocks-slider-item-wrapper glide__slide\" tabindex=\"0\"><figure><img decoding=\"async\" class=\"wp-block-themeisle-blocks-slider-item\" src=\"http:\/\/coelloglobal.com\/wp-content\/uploads\/2023\/10\/foto-6-21.jpg\" alt=\"\" title=\"\" data-id=\"3356\"\/><\/figure><\/div><div class=\"wp-block-themeisle-blocks-slider-item-wrapper glide__slide\" tabindex=\"0\"><figure><img decoding=\"async\" class=\"wp-block-themeisle-blocks-slider-item\" src=\"http:\/\/coelloglobal.com\/wp-content\/uploads\/2023\/10\/foto-7-20.jpg\" alt=\"\" title=\"\" data-id=\"3357\"\/><\/figure><\/div><div class=\"wp-block-themeisle-blocks-slider-item-wrapper glide__slide\" tabindex=\"0\"><figure><img decoding=\"async\" class=\"wp-block-themeisle-blocks-slider-item\" src=\"http:\/\/coelloglobal.com\/wp-content\/uploads\/2023\/10\/foto-8-20.jpg\" alt=\"\" title=\"\" data-id=\"3358\"\/><\/figure><\/div><div class=\"wp-block-themeisle-blocks-slider-item-wrapper glide__slide\" tabindex=\"0\"><figure><img decoding=\"async\" class=\"wp-block-themeisle-blocks-slider-item\" src=\"http:\/\/coelloglobal.com\/wp-content\/uploads\/2023\/10\/foto-9-16.jpg\" alt=\"\" title=\"\" data-id=\"3359\"\/><\/figure><\/div><div class=\"wp-block-themeisle-blocks-slider-item-wrapper glide__slide\" tabindex=\"0\"><figure><img decoding=\"async\" class=\"wp-block-themeisle-blocks-slider-item\" src=\"http:\/\/coelloglobal.com\/wp-content\/uploads\/2023\/10\/foto-10-16.jpg\" alt=\"\" title=\"\" data-id=\"3360\"\/><\/figure><\/div><div class=\"wp-block-themeisle-blocks-slider-item-wrapper glide__slide\" tabindex=\"0\"><figure><img decoding=\"async\" class=\"wp-block-themeisle-blocks-slider-item\" src=\"http:\/\/coelloglobal.com\/wp-content\/uploads\/2023\/10\/foto-11-19.jpg\" alt=\"\" title=\"\" data-id=\"3361\"\/><\/figure><\/div><\/div><div class=\"glide__arrows\" data-glide-el=\"controls\"><button class=\"glide__arrow glide__arrow--left\" data-glide-dir=\"<\"><svg xmlns=\"http:\/\/www.w3.org\/2000\/svg\" width=\"18\" height=\"18\" viewbox=\"0 0 100 100\" role=\"img\" aria-hidden=\"true\" focusable=\"false\"><path d=\"M 10,50 L 60,100 L 70,90 L 30,50  L 70,10 L 60,0 Z\"><\/path><\/svg><\/button><button class=\"glide__arrow glide__arrow--right\" data-glide-dir=\"&gt;\"><svg xmlns=\"http:\/\/www.w3.org\/2000\/svg\" width=\"18\" height=\"18\" viewbox=\"0 0 100 100\" role=\"img\" aria-hidden=\"true\" focusable=\"false\"><path d=\"M 10,50 L 60,100 L 70,90 L 30,50  L 70,10 L 60,0 Z\"><\/path><\/svg><\/button><\/div><div class=\"glide__bullets\" data-glide-el=\"controls[nav]\"><button class=\"glide__bullet\" data-glide-dir=\"=0\"><\/button><button class=\"glide__bullet\" data-glide-dir=\"=1\"><\/button><button class=\"glide__bullet\" data-glide-dir=\"=2\"><\/button><button class=\"glide__bullet\" data-glide-dir=\"=3\"><\/button><button class=\"glide__bullet\" data-glide-dir=\"=4\"><\/button><button class=\"glide__bullet\" data-glide-dir=\"=5\"><\/button><button class=\"glide__bullet\" data-glide-dir=\"=6\"><\/button><button class=\"glide__bullet\" data-glide-dir=\"=7\"><\/button><button class=\"glide__bullet\" data-glide-dir=\"=8\"><\/button><button class=\"glide__bullet\" data-glide-dir=\"=9\"><\/button><button class=\"glide__bullet\" data-glide-dir=\"=10\"><\/button><\/div><\/div><\/div>\n\n\n\n<ul class=\"wp-block-list\"><li><\/li><li><a>Venta Casa El Poble Nou De Benitatxell, 5 Piezas, 3 Dormitorios, 183.55 M\u00b2, <\/a><\/li><li>Precio: <a>1.914.000&nbsp;\u20ac<\/a><\/li><li>Piezas&nbsp;5 piezas<\/li><li>Superficie&nbsp;183.55 m\u00b2<\/li><\/ul>\n\n\n\n<h3 class=\"wp-block-heading\">Superficies<\/h3>\n\n\n\n<ul class=\"wp-block-list\"><li>3 Dormitorios<\/li><li>1 Cocina<\/li><li>4 Cuartos de ba\u00f1o<\/li><li>2 Aparcamientos interior<\/li><li>2 Terrazas&nbsp;<strong>232 m\u00b2<\/strong><\/li><li>1 Jard\u00edn&nbsp;<strong>963 m\u00b2<\/strong><\/li><\/ul>\n\n\n\n<h3 class=\"wp-block-heading\">Cerca de<\/h3>\n\n\n\n<ul class=\"wp-block-list\"><li>Piscina p\u00fablica<\/li><\/ul>\n\n\n\n<h3 class=\"wp-block-heading\">Aviso legal<\/h3>\n\n\n\n<h3 class=\"wp-block-heading\">Prestaciones<\/h3>\n\n\n\n<ul class=\"wp-block-list\"><li>Portero autom\u00e1tico<\/li><\/ul>\n\n\n\n<ul class=\"wp-block-list\"><li><\/li><li><a>Sale House El Poble Nou De Benitatxell, 5 Rooms, 3 Bedrooms, 183.55 M\u00b2, <\/a><\/li><li>Price:<a>\u20ac1,914,000<\/a><\/li><li>Rooms&nbsp;5 rooms<\/li><li>Area&nbsp;183.55 m\u00b2<\/li><li><\/li><\/ul>\n\n\n\n<h3 class=\"wp-block-heading\">Areas<\/h3>\n\n\n\n<ul class=\"wp-block-list\"><li>3 Bedrooms<\/li><li>1 Kitchen<\/li><li>4 Bathrooms<\/li><li>2 Indoor parkings<\/li><li>2 Terraces&nbsp;<strong>232 m\u00b2<\/strong><\/li><li>1 Garden&nbsp;<strong>963 m\u00b2<\/strong><\/li><\/ul>\n\n\n\n<h3 class=\"wp-block-heading\">Proximities<\/h3>\n\n\n\n<ul class=\"wp-block-list\"><li>Public pool<\/li><\/ul>\n\n\n\n<h3 class=\"wp-block-heading\">Services<\/h3>\n\n\n\n<ul class=\"wp-block-list\"><li>Intercom<\/li><\/ul>\n\n\n\n<ul class=\"wp-block-list\"><li><a>Vente Maison El Poble Nou De Benitatxell, 5 Pi\u00e8ces, 3 Chambres, 183.55 M\u00b2, 1\u202f914\u202f000&nbsp;\u20ac<\/a><\/li><\/ul>\n\n\n\n<p>R\u00e9gion: Costa Blanca<br><br>Superbe Villa Luxueuse T4 avec vue sur IBIZA<br>Residencial Plus Jazmines &#8211; Villa BRISA de MAR<br><br>Caract\u00e9ristiques : 3 chambres, 4 salles de bain , Cuisine ouverte, Salle \u00e0 manger, Grandes Terrasses de 232 m2 avec vue sur Ibiza par beau temps, Solarium\u2026<br><br>Terrain de 963 m2 avec vue Mer Panoramique.<br><br>Grande piscine \u00e0 d\u00e9bordement avec vue Mer Panoramique.<br><br>Domotique et Alarme compris.<br><br>Dans le Residential Resort Cumbre del Sol, nous avons recherch\u00e9 la villa Brisa del Mar, plus pr\u00e9cis\u00e9ment dans le Residential Jazmines, une zone exclusive qui se distingue par ses vues sur la mer, son infrastructure de haut niveau et sa composition de grandes villas de luxe .<br><br>La Villa Brisa del Mar, est compos\u00e9e de deux niveaux, l&#8217;entr\u00e9e principale est situ\u00e9e au dernier \u00e9tage, avec deux ailes clairement diff\u00e9renci\u00e9es. \u00c0 droite, nous avons la zone de repos, o\u00f9 se trouvent les 3 chambres \u00e0 coucher, l&#8217;une d&#8217;entre elles avec un grand dressing et une salle de bains en-suite, les deux autres avec une salle de bains commune et des armoires acc\u00e8s spacieuses, toutes avec un direct \u00e0 la terrasse et des vues sur la mer. Dans l&#8217;autre aile, on trouve les espaces de jour, avec une cuisine reli\u00e9e \u00e0 la salle \u00e0 manger et au porche ext\u00e9rieur, le salon, des toilettes pour les invit\u00e9s, une buanderie, etc.<br><br>Le rez-de-chauss\u00e9e de cette villa est destin\u00e9 aux loisirs et \u00e0 la d\u00e9tente, tant \u00e0 l&#8217;int\u00e9rieur qu&#8217;\u00e0 l&#8217;ext\u00e9rieur. Cet \u00e9tage abrite un garage pour deux v\u00e9hicules, une salle de bains, un d\u00e9barras et une salle polyvalente suppl\u00e9mentaire qui communiquent directement avec la terrasse ext\u00e9rieure, avec la piscine et plusieurs zones de jardin, un luxe pour profiter du temps libre, en prenant le soleil , en regardant un film, en nageant, ou simplement en contemplant la mer.<br><br>X\u00e0bia est \u00e0 seulement 7 km<br>Moraira est \u00e0 seulement 4 km<br><br>En plus de tous les services disponibles au complexe r\u00e9sidentiel Cumbre del Sol, zone commer\u00e7ante, supermarch\u00e9, coiffeur, pharmacie, bars et restaurants, courts de tennis et de paddle, \u00e9cole Lady Elizabeth, centre d&#8217;\u00e9quitation, plage et criques avec bars de plage<br><br>Neuf direct promoteur Garantie 10 ans<br><br>Disponible en 2023<br><\/p>\n\n\n\n<p>Pi\u00e8ces&nbsp;5 pi\u00e8ces<\/p>\n\n\n\n<p>Surface&nbsp;183.55 m\u00b2<\/p>\n\n\n\n<h3 class=\"wp-block-heading\">Surfaces<\/h3>\n\n\n\n<ul class=\"wp-block-list\"><li>3 Chambres<\/li><li>1 Cuisine&nbsp;<strong>Am\u00e9nag\u00e9e Am\u00e9ricaine<\/strong><\/li><li>4 Salles de bains<\/li><li>2 Parkings int\u00e9rieurs<\/li><li>2 Terrasses&nbsp;<strong>232 m\u00b2<\/strong><\/li><li>1 Jardin&nbsp;<strong>963 m\u00b2<\/strong><\/li><\/ul>\n\n\n\n<h3 class=\"wp-block-heading\">Proximit\u00e9s<\/h3>\n\n\n\n<ul class=\"wp-block-list\"><li>Piscine publique<\/li><\/ul>\n\n\n\n<h3 class=\"wp-block-heading\">Prestations<\/h3>\n\n\n\n<ul class=\"wp-block-list\"><li>Interphone<\/li><\/ul>\n","protected":false},"excerpt":{"rendered":"<p>Venta Casa El Poble Nou De Benitatxell, 5 Piezas, 3 Dormitorios, 183.55 M\u00b2, Precio: 1.914.000&nbsp;\u20ac Piezas&nbsp;5 piezas Superficie&nbsp;183.55 m\u00b2 Superficies 3 Dormitorios 1 Cocina 4 Cuartos de ba\u00f1o 2 Aparcamientos interior 2 Terrazas&nbsp;232 m\u00b2 1 Jard\u00edn&nbsp;963 m\u00b2 Cerca de Piscina p\u00fablica Aviso legal Prestaciones Portero autom\u00e1tico Sale House El Poble Nou De Benitatxell, 5 Rooms, &hellip; <\/p>\n<p class=\"link-more\"><a href=\"https:\/\/coelloglobal.com\/index.php\/casa-en-venta-ibiza-1-914-000-e-ref-cg0047\/\" class=\"more-link\">Continue reading<span class=\"screen-reader-text\"> &#8220;Casa en venta Ibiza 1.914.000 \u20ac Ref: CG0047&#8221;<\/span><\/a><\/p>\n","protected":false},"author":1,"featured_media":3360,"parent":0,"menu_order":0,"comment_status":"closed","ping_status":"closed","template":"","meta":{"footnotes":""},"class_list":["post-3350","page","type-page","status-publish","has-post-thumbnail","hentry"],"_links":{"self":[{"href":"https:\/\/coelloglobal.com\/index.php\/wp-json\/wp\/v2\/pages\/3350","targetHints":{"allow":["GET"]}}],"collection":[{"href":"https:\/\/coelloglobal.com\/index.php\/wp-json\/wp\/v2\/pages"}],"about":[{"href":"https:\/\/coelloglobal.com\/index.php\/wp-json\/wp\/v2\/types\/page"}],"author":[{"embeddable":true,"href":"https:\/\/coelloglobal.com\/index.php\/wp-json\/wp\/v2\/users\/1"}],"replies":[{"embeddable":true,"href":"https:\/\/coelloglobal.com\/index.php\/wp-json\/wp\/v2\/comments?post=3350"}],"version-history":[{"count":3,"href":"https:\/\/coelloglobal.com\/index.php\/wp-json\/wp\/v2\/pages\/3350\/revisions"}],"predecessor-version":[{"id":3365,"href":"https:\/\/coelloglobal.com\/index.php\/wp-json\/wp\/v2\/pages\/3350\/revisions\/3365"}],"wp:featuredmedia":[{"embeddable":true,"href":"https:\/\/coelloglobal.com\/index.php\/wp-json\/wp\/v2\/media\/3360"}],"wp:attachment":[{"href":"https:\/\/coelloglobal.com\/index.php\/wp-json\/wp\/v2\/media?parent=3350"}],"curies":[{"name":"wp","href":"https:\/\/api.w.org\/{rel}","templated":true}]}}