{"id":3395,"date":"2023-10-11T18:27:49","date_gmt":"2023-10-11T18:27:49","guid":{"rendered":"http:\/\/coelloglobal.com\/?page_id=3395"},"modified":"2023-10-11T18:28:43","modified_gmt":"2023-10-11T18:28:43","slug":"villa-calpe-1-650-000-e-ref-cg0049","status":"publish","type":"page","link":"https:\/\/coelloglobal.com\/index.php\/villa-calpe-1-650-000-e-ref-cg0049\/","title":{"rendered":"Villa Calpe 1.650.000 \u20ac Ref: CG0049"},"content":{"rendered":"\n<div id=\"wp-block-themeisle-blocks-slider-f3bc8256\" class=\"wp-block-themeisle-blocks-slider glide\" data-per-view=\"1\" data-gap=\"0\" data-peek=\"0\" data-autoplay=\"true\" data-height=\"400px\"><div class=\"glide__track\" data-glide-el=\"track\"><div class=\"glide__slides\"><div class=\"wp-block-themeisle-blocks-slider-item-wrapper glide__slide\" tabindex=\"0\"><figure><img decoding=\"async\" class=\"wp-block-themeisle-blocks-slider-item\" src=\"http:\/\/coelloglobal.com\/wp-content\/uploads\/2023\/10\/foto-1-32.jpg\" alt=\"\" title=\"\" data-id=\"3396\"\/><\/figure><\/div><div class=\"wp-block-themeisle-blocks-slider-item-wrapper glide__slide\" tabindex=\"0\"><figure><img decoding=\"async\" class=\"wp-block-themeisle-blocks-slider-item\" src=\"http:\/\/coelloglobal.com\/wp-content\/uploads\/2023\/10\/foto-2-22.jpg\" alt=\"\" title=\"\" data-id=\"3397\"\/><\/figure><\/div><div class=\"wp-block-themeisle-blocks-slider-item-wrapper glide__slide\" tabindex=\"0\"><figure><img decoding=\"async\" class=\"wp-block-themeisle-blocks-slider-item\" src=\"http:\/\/coelloglobal.com\/wp-content\/uploads\/2023\/10\/foto-3-33.jpg\" alt=\"\" title=\"\" data-id=\"3398\"\/><\/figure><\/div><div class=\"wp-block-themeisle-blocks-slider-item-wrapper glide__slide\" tabindex=\"0\"><figure><img decoding=\"async\" class=\"wp-block-themeisle-blocks-slider-item\" src=\"http:\/\/coelloglobal.com\/wp-content\/uploads\/2023\/10\/foto-4-28.jpg\" alt=\"\" title=\"\" data-id=\"3399\"\/><\/figure><\/div><div class=\"wp-block-themeisle-blocks-slider-item-wrapper glide__slide\" tabindex=\"0\"><figure><img decoding=\"async\" class=\"wp-block-themeisle-blocks-slider-item\" src=\"http:\/\/coelloglobal.com\/wp-content\/uploads\/2023\/10\/foto-5-25.jpg\" alt=\"\" title=\"\" data-id=\"3400\"\/><\/figure><\/div><div class=\"wp-block-themeisle-blocks-slider-item-wrapper glide__slide\" tabindex=\"0\"><figure><img decoding=\"async\" class=\"wp-block-themeisle-blocks-slider-item\" src=\"http:\/\/coelloglobal.com\/wp-content\/uploads\/2023\/10\/foto-6-23.jpg\" alt=\"\" title=\"\" data-id=\"3401\"\/><\/figure><\/div><div class=\"wp-block-themeisle-blocks-slider-item-wrapper glide__slide\" tabindex=\"0\"><figure><img decoding=\"async\" class=\"wp-block-themeisle-blocks-slider-item\" src=\"http:\/\/coelloglobal.com\/wp-content\/uploads\/2023\/10\/foto-7-22.jpg\" alt=\"\" title=\"\" data-id=\"3402\"\/><\/figure><\/div><div class=\"wp-block-themeisle-blocks-slider-item-wrapper glide__slide\" tabindex=\"0\"><figure><img decoding=\"async\" class=\"wp-block-themeisle-blocks-slider-item\" src=\"http:\/\/coelloglobal.com\/wp-content\/uploads\/2023\/10\/foto-8-21.jpg\" alt=\"\" title=\"\" data-id=\"3403\"\/><\/figure><\/div><div class=\"wp-block-themeisle-blocks-slider-item-wrapper glide__slide\" tabindex=\"0\"><figure><img decoding=\"async\" class=\"wp-block-themeisle-blocks-slider-item\" src=\"http:\/\/coelloglobal.com\/wp-content\/uploads\/2023\/10\/foto-9-18.jpg\" alt=\"\" title=\"\" data-id=\"3404\"\/><\/figure><\/div><div class=\"wp-block-themeisle-blocks-slider-item-wrapper glide__slide\" tabindex=\"0\"><figure><img decoding=\"async\" class=\"wp-block-themeisle-blocks-slider-item\" src=\"http:\/\/coelloglobal.com\/wp-content\/uploads\/2023\/10\/foto-10-18.jpg\" alt=\"\" title=\"\" data-id=\"3405\"\/><\/figure><\/div><div class=\"wp-block-themeisle-blocks-slider-item-wrapper glide__slide\" tabindex=\"0\"><figure><img decoding=\"async\" class=\"wp-block-themeisle-blocks-slider-item\" src=\"http:\/\/coelloglobal.com\/wp-content\/uploads\/2023\/10\/foto-11-21.jpg\" alt=\"\" title=\"\" data-id=\"3406\"\/><\/figure><\/div><div class=\"wp-block-themeisle-blocks-slider-item-wrapper glide__slide\" tabindex=\"0\"><figure><img decoding=\"async\" class=\"wp-block-themeisle-blocks-slider-item\" src=\"http:\/\/coelloglobal.com\/wp-content\/uploads\/2023\/10\/foto-12-19.jpg\" alt=\"\" title=\"\" data-id=\"3407\"\/><\/figure><\/div><div class=\"wp-block-themeisle-blocks-slider-item-wrapper glide__slide\" tabindex=\"0\"><figure><img decoding=\"async\" class=\"wp-block-themeisle-blocks-slider-item\" src=\"http:\/\/coelloglobal.com\/wp-content\/uploads\/2023\/10\/foto-13-17.jpg\" alt=\"\" title=\"\" data-id=\"3408\"\/><\/figure><\/div><div class=\"wp-block-themeisle-blocks-slider-item-wrapper glide__slide\" tabindex=\"0\"><figure><img decoding=\"async\" class=\"wp-block-themeisle-blocks-slider-item\" src=\"http:\/\/coelloglobal.com\/wp-content\/uploads\/2023\/10\/foto-14-13.jpg\" alt=\"\" title=\"\" data-id=\"3409\"\/><\/figure><\/div><div class=\"wp-block-themeisle-blocks-slider-item-wrapper glide__slide\" tabindex=\"0\"><figure><img decoding=\"async\" class=\"wp-block-themeisle-blocks-slider-item\" src=\"http:\/\/coelloglobal.com\/wp-content\/uploads\/2023\/10\/foto-15-13.jpg\" alt=\"\" title=\"\" data-id=\"3410\"\/><\/figure><\/div><div class=\"wp-block-themeisle-blocks-slider-item-wrapper glide__slide\" tabindex=\"0\"><figure><img decoding=\"async\" class=\"wp-block-themeisle-blocks-slider-item\" src=\"http:\/\/coelloglobal.com\/wp-content\/uploads\/2023\/10\/foto-16-13.jpg\" alt=\"\" title=\"\" data-id=\"3411\"\/><\/figure><\/div><div class=\"wp-block-themeisle-blocks-slider-item-wrapper glide__slide\" tabindex=\"0\"><figure><img decoding=\"async\" class=\"wp-block-themeisle-blocks-slider-item\" src=\"http:\/\/coelloglobal.com\/wp-content\/uploads\/2023\/10\/foto-17-12.jpg\" alt=\"\" title=\"\" data-id=\"3412\"\/><\/figure><\/div><div class=\"wp-block-themeisle-blocks-slider-item-wrapper glide__slide\" tabindex=\"0\"><figure><img decoding=\"async\" class=\"wp-block-themeisle-blocks-slider-item\" src=\"http:\/\/coelloglobal.com\/wp-content\/uploads\/2023\/10\/foto-18-8.jpg\" alt=\"\" title=\"\" data-id=\"3413\"\/><\/figure><\/div><div class=\"wp-block-themeisle-blocks-slider-item-wrapper glide__slide\" tabindex=\"0\"><figure><img decoding=\"async\" class=\"wp-block-themeisle-blocks-slider-item\" src=\"http:\/\/coelloglobal.com\/wp-content\/uploads\/2023\/10\/foto-19-9.jpg\" alt=\"\" title=\"\" data-id=\"3414\"\/><\/figure><\/div><div class=\"wp-block-themeisle-blocks-slider-item-wrapper glide__slide\" tabindex=\"0\"><figure><img decoding=\"async\" class=\"wp-block-themeisle-blocks-slider-item\" src=\"http:\/\/coelloglobal.com\/wp-content\/uploads\/2023\/10\/foto-20-9.jpg\" alt=\"\" title=\"\" data-id=\"3415\"\/><\/figure><\/div><div class=\"wp-block-themeisle-blocks-slider-item-wrapper glide__slide\" tabindex=\"0\"><figure><img decoding=\"async\" class=\"wp-block-themeisle-blocks-slider-item\" src=\"http:\/\/coelloglobal.com\/wp-content\/uploads\/2023\/10\/foto-21-6.jpg\" alt=\"\" title=\"\" data-id=\"3416\"\/><\/figure><\/div><div class=\"wp-block-themeisle-blocks-slider-item-wrapper glide__slide\" tabindex=\"0\"><figure><img decoding=\"async\" class=\"wp-block-themeisle-blocks-slider-item\" src=\"http:\/\/coelloglobal.com\/wp-content\/uploads\/2023\/10\/foto-22-5.jpg\" alt=\"\" title=\"\" data-id=\"3417\"\/><\/figure><\/div><div class=\"wp-block-themeisle-blocks-slider-item-wrapper glide__slide\" tabindex=\"0\"><figure><img decoding=\"async\" class=\"wp-block-themeisle-blocks-slider-item\" src=\"http:\/\/coelloglobal.com\/wp-content\/uploads\/2023\/10\/foto-24-5.jpg\" alt=\"\" title=\"\" data-id=\"3418\"\/><\/figure><\/div><\/div><div class=\"glide__arrows\" data-glide-el=\"controls\"><button class=\"glide__arrow glide__arrow--left\" data-glide-dir=\"<\"><svg xmlns=\"http:\/\/www.w3.org\/2000\/svg\" width=\"18\" height=\"18\" viewbox=\"0 0 100 100\" role=\"img\" aria-hidden=\"true\" focusable=\"false\"><path d=\"M 10,50 L 60,100 L 70,90 L 30,50  L 70,10 L 60,0 Z\"><\/path><\/svg><\/button><button class=\"glide__arrow glide__arrow--right\" data-glide-dir=\"&gt;\"><svg xmlns=\"http:\/\/www.w3.org\/2000\/svg\" width=\"18\" height=\"18\" viewbox=\"0 0 100 100\" role=\"img\" aria-hidden=\"true\" focusable=\"false\"><path d=\"M 10,50 L 60,100 L 70,90 L 30,50  L 70,10 L 60,0 Z\"><\/path><\/svg><\/button><\/div><div class=\"glide__bullets\" data-glide-el=\"controls[nav]\"><button class=\"glide__bullet\" data-glide-dir=\"=0\"><\/button><button class=\"glide__bullet\" data-glide-dir=\"=1\"><\/button><button class=\"glide__bullet\" data-glide-dir=\"=2\"><\/button><button class=\"glide__bullet\" data-glide-dir=\"=3\"><\/button><button class=\"glide__bullet\" data-glide-dir=\"=4\"><\/button><button class=\"glide__bullet\" data-glide-dir=\"=5\"><\/button><button class=\"glide__bullet\" data-glide-dir=\"=6\"><\/button><button class=\"glide__bullet\" data-glide-dir=\"=7\"><\/button><button class=\"glide__bullet\" data-glide-dir=\"=8\"><\/button><button class=\"glide__bullet\" data-glide-dir=\"=9\"><\/button><button class=\"glide__bullet\" data-glide-dir=\"=10\"><\/button><button class=\"glide__bullet\" data-glide-dir=\"=11\"><\/button><button class=\"glide__bullet\" data-glide-dir=\"=12\"><\/button><button class=\"glide__bullet\" data-glide-dir=\"=13\"><\/button><button class=\"glide__bullet\" data-glide-dir=\"=14\"><\/button><button class=\"glide__bullet\" data-glide-dir=\"=15\"><\/button><button class=\"glide__bullet\" data-glide-dir=\"=16\"><\/button><button class=\"glide__bullet\" data-glide-dir=\"=17\"><\/button><button class=\"glide__bullet\" data-glide-dir=\"=18\"><\/button><button class=\"glide__bullet\" data-glide-dir=\"=19\"><\/button><button class=\"glide__bullet\" data-glide-dir=\"=20\"><\/button><button class=\"glide__bullet\" data-glide-dir=\"=21\"><\/button><button class=\"glide__bullet\" data-glide-dir=\"=22\"><\/button><\/div><\/div><\/div>\n\n\n\n<ul class=\"wp-block-list\"><li><a>Venta Villa Calpe, 5 Piezas, 4 Dormitorios, 409 M\u00b2, <\/a><\/li><li>Precio: <a>1.650.000&nbsp;\u20ac<\/a><\/li><li>Piezas&nbsp;5 piezas<\/li><li>Superficie&nbsp;409 m\u00b2<\/li><\/ul>\n\n\n\n<h3 class=\"wp-block-heading\">Superficies<\/h3>\n\n\n\n<ul class=\"wp-block-list\"><li>4 Dormitorios<\/li><li>1 Cocina<\/li><li>3 Cuartos de ba\u00f1o<\/li><li>1 Terreno&nbsp;<strong>1601 m\u00b2<\/strong><\/li><li>1 Aparcamiento interior<\/li><li>1 Terraza&nbsp;<strong>86 m\u00b2<\/strong><\/li><\/ul>\n\n\n\n<h3 class=\"wp-block-heading\">Cerca de<\/h3>\n\n\n\n<ul class=\"wp-block-list\"><li>Piscina p\u00fablica<\/li><\/ul>\n\n\n\n<h3 class=\"wp-block-heading\">Aviso legal<\/h3>\n\n\n\n<ul class=\"wp-block-list\"><li>Impuesto sobre Bienes Inmuebles&nbsp;<strong>900 \u20ac \/ a\u00f1o<\/strong><\/li><\/ul>\n\n\n\n<h3 class=\"wp-block-heading\">Prestaciones<\/h3>\n\n\n\n<ul class=\"wp-block-list\"><li>Portero autom\u00e1tico<\/li><\/ul>\n\n\n\n<ul class=\"wp-block-list\"><li><a>Sale Villa Calpe, 5 Rooms, 4 Bedrooms, 409 M\u00b2, <\/a><\/li><li>Price: <a>\u20ac1,650,000<\/a><\/li><li>Rooms&nbsp;5 rooms<\/li><li>Area&nbsp;409 m\u00b2<\/li><\/ul>\n\n\n\n<h3 class=\"wp-block-heading\">Areas<\/h3>\n\n\n\n<ul class=\"wp-block-list\"><li>4 Bedrooms<\/li><li>1 Kitchen<\/li><li>3 Bathrooms<\/li><li>1 Land&nbsp;<strong>1601 m\u00b2<\/strong><\/li><li>1 Indoor parking<\/li><li>1 Terrace&nbsp;<strong>86 m\u00b2<\/strong><\/li><\/ul>\n\n\n\n<h3 class=\"wp-block-heading\">Proximities<\/h3>\n\n\n\n<ul class=\"wp-block-list\"><li>Public pool<\/li><\/ul>\n\n\n\n<h3 class=\"wp-block-heading\">Legal notice<\/h3>\n\n\n\n<ul class=\"wp-block-list\"><li>Land value tax&nbsp;<strong>900 \u20ac \/ year<\/strong><\/li><\/ul>\n\n\n\n<h3 class=\"wp-block-heading\">Services<\/h3>\n\n\n\n<ul class=\"wp-block-list\"><li>Intercom<\/li><\/ul>\n\n\n\n<ul class=\"wp-block-list\"><li><a>Vente Villa Calpe, 5 Pi\u00e8ces, 4 Chambres, 409 M\u00b2, <\/a><\/li><li>Prix: <a>1\u202f650\u202f000&nbsp;\u20ac<\/a><\/li><\/ul>\n\n\n\n<p>R\u00e9gion: Costa Blanca<br><br>Superbe Villa Luxueuse T5 avec vue sur la Mer<br><br>Caract\u00e9ristiques : 4 chambres, 3 salles de bain , Cuisine ouverte, Salle \u00e0 manger, Grandes Terrasses de 86 m2, Jardin paysag\u00e9 et arbor\u00e9 &#8230;\u2026<br><br>Terrain de 1601 m2 avec vue Mer.<br><br>Grande piscine priv\u00e9e.<br><br>Plages \u00e0 1,5 km (3 minutes)<br><br>Terrain de Golf \u00e0 15 minutes<br><br>A\u00e9roport d&#8217;Alicante \u00e0 76 km (51 minutes)<br><br>\u00c9l\u00e9gant, merveilleux, charmant et pourtant simple. Une magnifique Villa qui va rendre votre s\u00e9jour \u00e0 Calpe vraiment unique. Situ\u00e9e \u00e0 proximit\u00e9 de la mer, des plages de sable, des meilleurs terrains de golf, d&#8217;un restaurant, d&#8217;un supermarch\u00e9 et de la ville voisine, cette propri\u00e9t\u00e9 est tr\u00e8s bien situ\u00e9e et est construite avec les meilleurs mat\u00e9riaux et le meilleur service par une entreprise qui a 30 ans d&#8217;exp\u00e9rience dans la r\u00e9alisation de r\u00eaves immobiliers et dans la r\u00e9alisation d&#8217;objectifs sp\u00e9cifiques pour ses clients.<br><br>Un m\u00e9lange complexe de verre et de b\u00e9ton dans un cadre exceptionnel qui pr\u00e9sente des lignes et des plans g\u00e9om\u00e9triques, cette villa minimaliste est synonyme de vie luxueuse car aucun co\u00fbt n&#8217;a \u00e9t\u00e9 \u00e9pargn\u00e9 pour assurer votre satisfaction et votre plaisir ultime. Avec un sentiment de d\u00e9tente bien ancr\u00e9 dans la construction, tout a \u00e9t\u00e9 pens\u00e9 pour vous permettre de profiter de la vue imprenable sur les environs et de la vue magique sur la mer et les montagnes.<br><br>Le rez-de-chauss\u00e9e de la maison s&#8217;\u00e9tend en douceur sur un espace ouvert qui donne directement sur la piscine. Sur\u00e9lev\u00e9, il donne \u00e9galement sur la zone voisine \u00e0 perte de vue. Il y a un salon spacieux qui laisse place \u00e0 un joli coin repas juste \u00e0 c\u00f4t\u00e9 de la kitchenette, avec un bar \u00e0 petit-d\u00e9jeuner et un \u00eelot de marbre. Quatre chambres, dont deux avec salle de bain et deux doubles, offrent un h\u00e9bergement plus qu&#8217;ad\u00e9quat pour la famille et les invit\u00e9s, l&#8217;intimit\u00e9 \u00e9tant une priorit\u00e9 dans la conception.<br><br>Vous pourrez vous baigner dans la piscine de la propri\u00e9t\u00e9, qui comporte des espaces ouverts et couverts pour vous d\u00e9tendre et faire la sieste. Il y a \u00e9galement deux aires de stationnement, l&#8217;une au sous-sol et l&#8217;autre au niveau principal.<br><br>Le reste du terrain a \u00e9t\u00e9 magnifiquement am\u00e9nag\u00e9, de la pelouse aux arbres, pour en faire le meilleur terrain de jeu possible pour vos enfants, m\u00eame si vous gardez un \u0153il sur eux.<br>Tout est pens\u00e9 pour profiter des grands espaces, aussi bien \u00e0 l&#8217;int\u00e9rieur qu&#8217;\u00e0 l&#8217;ext\u00e9rieur.<br><br>Neuf direct promoteur Garantie 10 ans + GARANTIE D&#8217;ACHAT S\u00dbR = 20 ans de protection juridique gratuite pour toute r\u00e9clamation contre cette propri\u00e9t\u00e9<br><br>Disponible en d\u00e9cembre 2023<br>Pi\u00e8ces&nbsp;5 pi\u00e8ces<\/p>\n\n\n\n<p>Surface&nbsp;409 m\u00b2<\/p>\n\n\n\n<h2 class=\"wp-block-heading\">Autres visuels<\/h2>\n\n\n\n<p>Pas d&#8217;informations disponibles<\/p>\n\n\n\n<h3 class=\"wp-block-heading\">Surfaces<\/h3>\n\n\n\n<ul class=\"wp-block-list\"><li>4 Chambres<\/li><li>1 Cuisine&nbsp;<strong>Am\u00e9nag\u00e9e et Equip\u00e9e<\/strong><\/li><li>3 Salles de bains<\/li><li>1 Terrain&nbsp;<strong>1601 m\u00b2<\/strong><\/li><li>1 Parking int\u00e9rieur<\/li><li>1 Terrasse&nbsp;<strong>86 m\u00b2<\/strong><\/li><\/ul>\n\n\n\n<h3 class=\"wp-block-heading\">Proximit\u00e9s<\/h3>\n\n\n\n<ul class=\"wp-block-list\"><li>Piscine publique<\/li><\/ul>\n","protected":false},"excerpt":{"rendered":"<p>Venta Villa Calpe, 5 Piezas, 4 Dormitorios, 409 M\u00b2, Precio: 1.650.000&nbsp;\u20ac Piezas&nbsp;5 piezas Superficie&nbsp;409 m\u00b2 Superficies 4 Dormitorios 1 Cocina 3 Cuartos de ba\u00f1o 1 Terreno&nbsp;1601 m\u00b2 1 Aparcamiento interior 1 Terraza&nbsp;86 m\u00b2 Cerca de Piscina p\u00fablica Aviso legal Impuesto sobre Bienes Inmuebles&nbsp;900 \u20ac \/ a\u00f1o Prestaciones Portero autom\u00e1tico Sale Villa Calpe, 5 Rooms, 4 &hellip; <\/p>\n<p class=\"link-more\"><a href=\"https:\/\/coelloglobal.com\/index.php\/villa-calpe-1-650-000-e-ref-cg0049\/\" class=\"more-link\">Continue reading<span class=\"screen-reader-text\"> &#8220;Villa Calpe 1.650.000 \u20ac Ref: CG0049&#8221;<\/span><\/a><\/p>\n","protected":false},"author":1,"featured_media":3410,"parent":0,"menu_order":0,"comment_status":"closed","ping_status":"closed","template":"","meta":{"footnotes":""},"class_list":["post-3395","page","type-page","status-publish","has-post-thumbnail","hentry"],"_links":{"self":[{"href":"https:\/\/coelloglobal.com\/index.php\/wp-json\/wp\/v2\/pages\/3395","targetHints":{"allow":["GET"]}}],"collection":[{"href":"https:\/\/coelloglobal.com\/index.php\/wp-json\/wp\/v2\/pages"}],"about":[{"href":"https:\/\/coelloglobal.com\/index.php\/wp-json\/wp\/v2\/types\/page"}],"author":[{"embeddable":true,"href":"https:\/\/coelloglobal.com\/index.php\/wp-json\/wp\/v2\/users\/1"}],"replies":[{"embeddable":true,"href":"https:\/\/coelloglobal.com\/index.php\/wp-json\/wp\/v2\/comments?post=3395"}],"version-history":[{"count":2,"href":"https:\/\/coelloglobal.com\/index.php\/wp-json\/wp\/v2\/pages\/3395\/revisions"}],"predecessor-version":[{"id":3421,"href":"https:\/\/coelloglobal.com\/index.php\/wp-json\/wp\/v2\/pages\/3395\/revisions\/3421"}],"wp:featuredmedia":[{"embeddable":true,"href":"https:\/\/coelloglobal.com\/index.php\/wp-json\/wp\/v2\/media\/3410"}],"wp:attachment":[{"href":"https:\/\/coelloglobal.com\/index.php\/wp-json\/wp\/v2\/media?parent=3395"}],"curies":[{"name":"wp","href":"https:\/\/api.w.org\/{rel}","templated":true}]}}