{"id":3451,"date":"2023-10-11T18:51:02","date_gmt":"2023-10-11T18:51:02","guid":{"rendered":"http:\/\/coelloglobal.com\/?page_id=3451"},"modified":"2023-10-11T18:52:20","modified_gmt":"2023-10-11T18:52:20","slug":"villa-campo-mijas-1-585-300-e-ref-cg0051","status":"publish","type":"page","link":"https:\/\/coelloglobal.com\/index.php\/villa-campo-mijas-1-585-300-e-ref-cg0051\/","title":{"rendered":"Villa Campo Mijas 1.585.300 \u20ac Ref: CG0051"},"content":{"rendered":"\n<div id=\"wp-block-themeisle-blocks-slider-e5b09cd2\" class=\"wp-block-themeisle-blocks-slider glide\" data-per-view=\"1\" data-gap=\"0\" data-peek=\"0\" data-autoplay=\"true\" data-height=\"400px\"><div class=\"glide__track\" data-glide-el=\"track\"><div class=\"glide__slides\"><div class=\"wp-block-themeisle-blocks-slider-item-wrapper glide__slide\" tabindex=\"0\"><figure><img decoding=\"async\" class=\"wp-block-themeisle-blocks-slider-item\" src=\"http:\/\/coelloglobal.com\/wp-content\/uploads\/2023\/10\/foto-1A-2.jpg\" alt=\"\" title=\"\" data-id=\"3452\"\/><\/figure><\/div><div class=\"wp-block-themeisle-blocks-slider-item-wrapper glide__slide\" tabindex=\"0\"><figure><img decoding=\"async\" class=\"wp-block-themeisle-blocks-slider-item\" src=\"http:\/\/coelloglobal.com\/wp-content\/uploads\/2023\/10\/foto-2-24.jpg\" alt=\"\" title=\"\" data-id=\"3453\"\/><\/figure><\/div><div class=\"wp-block-themeisle-blocks-slider-item-wrapper glide__slide\" tabindex=\"0\"><figure><img decoding=\"async\" class=\"wp-block-themeisle-blocks-slider-item\" src=\"http:\/\/coelloglobal.com\/wp-content\/uploads\/2023\/10\/foto-3-35.jpg\" alt=\"\" title=\"\" data-id=\"3454\"\/><\/figure><\/div><div class=\"wp-block-themeisle-blocks-slider-item-wrapper glide__slide\" tabindex=\"0\"><figure><img decoding=\"async\" class=\"wp-block-themeisle-blocks-slider-item\" src=\"http:\/\/coelloglobal.com\/wp-content\/uploads\/2023\/10\/foto-4-30.jpg\" alt=\"\" title=\"\" data-id=\"3455\"\/><\/figure><\/div><div class=\"wp-block-themeisle-blocks-slider-item-wrapper glide__slide\" tabindex=\"0\"><figure><img decoding=\"async\" class=\"wp-block-themeisle-blocks-slider-item\" src=\"http:\/\/coelloglobal.com\/wp-content\/uploads\/2023\/10\/foto-5-27.jpg\" alt=\"\" title=\"\" data-id=\"3456\"\/><\/figure><\/div><div class=\"wp-block-themeisle-blocks-slider-item-wrapper glide__slide\" tabindex=\"0\"><figure><img decoding=\"async\" class=\"wp-block-themeisle-blocks-slider-item\" src=\"http:\/\/coelloglobal.com\/wp-content\/uploads\/2023\/10\/foto-6-25.jpg\" alt=\"\" title=\"\" data-id=\"3457\"\/><\/figure><\/div><div class=\"wp-block-themeisle-blocks-slider-item-wrapper glide__slide\" tabindex=\"0\"><figure><img decoding=\"async\" class=\"wp-block-themeisle-blocks-slider-item\" src=\"http:\/\/coelloglobal.com\/wp-content\/uploads\/2023\/10\/foto-7-24.jpg\" alt=\"\" title=\"\" data-id=\"3458\"\/><\/figure><\/div><div class=\"wp-block-themeisle-blocks-slider-item-wrapper glide__slide\" tabindex=\"0\"><figure><img decoding=\"async\" class=\"wp-block-themeisle-blocks-slider-item\" src=\"http:\/\/coelloglobal.com\/wp-content\/uploads\/2023\/10\/foto-8-23.jpg\" alt=\"\" title=\"\" data-id=\"3459\"\/><\/figure><\/div><div class=\"wp-block-themeisle-blocks-slider-item-wrapper glide__slide\" tabindex=\"0\"><figure><img decoding=\"async\" class=\"wp-block-themeisle-blocks-slider-item\" src=\"http:\/\/coelloglobal.com\/wp-content\/uploads\/2023\/10\/foto-9-1-4.jpg\" alt=\"\" title=\"\" data-id=\"3460\"\/><\/figure><\/div><div class=\"wp-block-themeisle-blocks-slider-item-wrapper glide__slide\" tabindex=\"0\"><figure><img decoding=\"async\" class=\"wp-block-themeisle-blocks-slider-item\" src=\"http:\/\/coelloglobal.com\/wp-content\/uploads\/2023\/10\/foto-11-23.jpg\" alt=\"\" title=\"\" data-id=\"3461\"\/><\/figure><\/div><div class=\"wp-block-themeisle-blocks-slider-item-wrapper glide__slide\" tabindex=\"0\"><figure><img decoding=\"async\" class=\"wp-block-themeisle-blocks-slider-item\" src=\"http:\/\/coelloglobal.com\/wp-content\/uploads\/2023\/10\/foto-12-21.jpg\" alt=\"\" title=\"\" data-id=\"3462\"\/><\/figure><\/div><div class=\"wp-block-themeisle-blocks-slider-item-wrapper glide__slide\" tabindex=\"0\"><figure><img decoding=\"async\" class=\"wp-block-themeisle-blocks-slider-item\" src=\"http:\/\/coelloglobal.com\/wp-content\/uploads\/2023\/10\/foto-13-19.jpg\" alt=\"\" title=\"\" data-id=\"3463\"\/><\/figure><\/div><div class=\"wp-block-themeisle-blocks-slider-item-wrapper glide__slide\" tabindex=\"0\"><figure><img decoding=\"async\" class=\"wp-block-themeisle-blocks-slider-item\" src=\"http:\/\/coelloglobal.com\/wp-content\/uploads\/2023\/10\/foto-14-15.jpg\" alt=\"\" title=\"\" data-id=\"3464\"\/><\/figure><\/div><div class=\"wp-block-themeisle-blocks-slider-item-wrapper glide__slide\" tabindex=\"0\"><figure><img decoding=\"async\" class=\"wp-block-themeisle-blocks-slider-item\" src=\"http:\/\/coelloglobal.com\/wp-content\/uploads\/2023\/10\/foto-15-15.jpg\" alt=\"\" title=\"\" data-id=\"3465\"\/><\/figure><\/div><div class=\"wp-block-themeisle-blocks-slider-item-wrapper glide__slide\" tabindex=\"0\"><figure><img decoding=\"async\" class=\"wp-block-themeisle-blocks-slider-item\" src=\"http:\/\/coelloglobal.com\/wp-content\/uploads\/2023\/10\/foto-16-15.jpg\" alt=\"\" title=\"\" data-id=\"3466\"\/><\/figure><\/div><\/div><div class=\"glide__arrows\" data-glide-el=\"controls\"><button class=\"glide__arrow glide__arrow--left\" data-glide-dir=\"<\"><svg xmlns=\"http:\/\/www.w3.org\/2000\/svg\" width=\"18\" height=\"18\" viewbox=\"0 0 100 100\" role=\"img\" aria-hidden=\"true\" focusable=\"false\"><path d=\"M 10,50 L 60,100 L 70,90 L 30,50  L 70,10 L 60,0 Z\"><\/path><\/svg><\/button><button class=\"glide__arrow glide__arrow--right\" data-glide-dir=\"&gt;\"><svg xmlns=\"http:\/\/www.w3.org\/2000\/svg\" width=\"18\" height=\"18\" viewbox=\"0 0 100 100\" role=\"img\" aria-hidden=\"true\" focusable=\"false\"><path d=\"M 10,50 L 60,100 L 70,90 L 30,50  L 70,10 L 60,0 Z\"><\/path><\/svg><\/button><\/div><div class=\"glide__bullets\" data-glide-el=\"controls[nav]\"><button class=\"glide__bullet\" data-glide-dir=\"=0\"><\/button><button class=\"glide__bullet\" data-glide-dir=\"=1\"><\/button><button class=\"glide__bullet\" data-glide-dir=\"=2\"><\/button><button class=\"glide__bullet\" data-glide-dir=\"=3\"><\/button><button class=\"glide__bullet\" data-glide-dir=\"=4\"><\/button><button class=\"glide__bullet\" data-glide-dir=\"=5\"><\/button><button class=\"glide__bullet\" data-glide-dir=\"=6\"><\/button><button class=\"glide__bullet\" data-glide-dir=\"=7\"><\/button><button class=\"glide__bullet\" data-glide-dir=\"=8\"><\/button><button class=\"glide__bullet\" data-glide-dir=\"=9\"><\/button><button class=\"glide__bullet\" data-glide-dir=\"=10\"><\/button><button class=\"glide__bullet\" data-glide-dir=\"=11\"><\/button><button class=\"glide__bullet\" data-glide-dir=\"=12\"><\/button><button class=\"glide__bullet\" data-glide-dir=\"=13\"><\/button><button class=\"glide__bullet\" data-glide-dir=\"=14\"><\/button><\/div><\/div><\/div>\n\n\n\n<ul class=\"wp-block-list\"><li><a>Venta Villa Campo Mijas, 7 Piezas, 5 Dormitorios, 357 M\u00b2, <\/a><\/li><li>Precio: <a>1.585.300&nbsp;\u20ac<\/a><\/li><li>Piezas&nbsp;7 piezas<\/li><li>Superficie&nbsp;357 m\u00b2<\/li><li>Vista&nbsp;Panor\u00e1mica Mar<\/li><\/ul>\n\n\n\n<h3 class=\"wp-block-heading\">Superficies<\/h3>\n\n\n\n<ul class=\"wp-block-list\"><li>5 Dormitorios<\/li><li>1 Cocina<\/li><li>5 Cuartos de ba\u00f1o<\/li><li>1 Aseo<\/li><li>2 Aparcamientos interior<\/li><li>2 Terrazas&nbsp;<strong>421 m\u00b2<\/strong><\/li><li>1 Jard\u00edn&nbsp;<strong>1164 m\u00b2<\/strong><\/li><\/ul>\n\n\n\n<h3 class=\"wp-block-heading\">Cerca de<\/h3>\n\n\n\n<ul class=\"wp-block-list\"><li>Piscina p\u00fablica<\/li><\/ul>\n\n\n\n<h3 class=\"wp-block-heading\">Aviso legal<\/h3>\n\n\n\n<p>No information available<\/p>\n\n\n\n<h3 class=\"wp-block-heading\">Prestaciones<\/h3>\n\n\n\n<ul class=\"wp-block-list\"><li>Internet<\/li><li>Portero autom\u00e1tico<\/li><li>Ventilaci\u00f3n de flujo simple<\/li><\/ul>\n\n\n\n<ul class=\"wp-block-list\"><li><a>Sale Villa Campo Mijas, 7 Rooms, 5 Bedrooms, 357 M\u00b2,<\/a><\/li><li>Price:<a> \u20ac1,585,300<\/a><\/li><li>Rooms&nbsp;7 rooms<\/li><li>Area&nbsp;357 m\u00b2<\/li><li>View&nbsp;Panoramic Sea<\/li><li><\/li><\/ul>\n\n\n\n<h3 class=\"wp-block-heading\">Areas<\/h3>\n\n\n\n<ul class=\"wp-block-list\"><li>5 Bedrooms<\/li><li>1 Kitchen<\/li><li>5 Bathrooms<\/li><li>1 Lavatory<\/li><li>2 Indoor parkings<\/li><li>2 Terraces&nbsp;<strong>421 m\u00b2<\/strong><\/li><li>1 Garden&nbsp;<strong>1164 m\u00b2<\/strong><\/li><\/ul>\n\n\n\n<h3 class=\"wp-block-heading\">Proximities<\/h3>\n\n\n\n<ul class=\"wp-block-list\"><li>Public pool<\/li><\/ul>\n\n\n\n<h3 class=\"wp-block-heading\">Legal notice<\/h3>\n\n\n\n<p>No information available<\/p>\n\n\n\n<h3 class=\"wp-block-heading\">Services<\/h3>\n\n\n\n<ul class=\"wp-block-list\"><li>Internet<\/li><li>Intercom<\/li><li>Simple flow ventilation<\/li><\/ul>\n\n\n\n<ul class=\"wp-block-list\"><li><a>Vente Villa Campo Mijas, 7 Pi\u00e8ces, 5 Chambres, 357 M\u00b2, 1\u202f585\u202f300&nbsp;\u20ac<\/a><\/li><\/ul>\n\n\n\n<p>Costa del Sol<br><br>Magnifique Villa Luxueuse Neuve T7 \u00e0 Las Lagunas de Mijas Type B<br><br>Caract\u00e9ristiques: 5 chambres , 5 salles de bain , Cuisine ouverte, Salle \u00e0 manger, grande Terrasse de 421 m2, Terrain de 1164 m2, Grand sous-sol ouvert de 107 m2 &#8230;..<br><br>Surface Construite: 357 m2<br><br>Villas luxueuses avec vue sur la mer et vues panoramiques sur le Golf.<br><br>Chacune des villas est dot\u00e9e de sa propre piscine \u00e0 d\u00e9bordement climatis\u00e9e qui offrira un excellent cadre pour nager, faire de l&#8217;exercice ou se d\u00e9tendre sans avoir \u00e0 quitter l&#8217;intimit\u00e9 de la maison.<br><br><br>Le restaurant La Sierra est facilement accessible depuis chacune des villas et peut fournir un centre pour se retrouver entre amis en soir\u00e9e ou \u00e0 le week-end. Un large \u00e9ventail de divertissements, par des artistes internationaux, est fourni au restaurant. Id\u00e9alement, toutes les commodit\u00e9s sont \u00e0 moins de 500 m\u00e8tres des villas, ce qui signifie qu&#8217;elles ne sont qu&#8217;\u00e0 cinq minutes \u00e0 pied, ou une minute en voiture, loin.<br><br>La perspective d&#8217;une vie luxueuse est quelque chose qui appara\u00eet dans les r\u00eaves de la plupart des gens.<br><br><br>\u00c0 Cerrado Hills, le r\u00eave peut devenir r\u00e9alit\u00e9 pour ceux qui ont la chance d&#8217;acheter une magnifique villa neuve.<br><br>Imaginez avoir une vue spectaculaires tout en \u00e9tant \u00e0 quelques minutes de la mer et de la plage.<br><br>Ajoutez \u00e0 ce concept idyllique la disponibilit\u00e9 de classe mondiale installations de golf juste \u00e0 votre porte.<br><br>C&#8217;est la r\u00e9alit\u00e9 r\u00eav\u00e9e que sont les Cerrado Hills d\u00e9veloppement \u00e0 Cerrado del \u00c1guila en Andalousie.<br><br>Ce nouveau et luxueux d\u00e9veloppement est situ\u00e9 sur la Costa del Sol dans la municipalit\u00e9 de Mijas dans le province de Malaga.<br><br>L&#8217;emplacement de Cerrado Hills pourrait difficilement \u00eatre plus pratique, \u00e0 seulement 20 minutes en voiture de l&#8217;a\u00e9roport international de Malaga.<br><br>Le complexe du Cerrado del \u00c1guila Golf Resort est juste \u00e0 la porte de ces tr\u00e8s d\u00e9sirable villas. Il offre d&#8217;excellentes installations de golf et un club-house, un centre de remise en forme et une premi\u00e8re classe restaurant, le tout ajoutant \u00e0 l&#8217;atmosph\u00e8re d&#8217;un emplacement dans un cadre privil\u00e9gi\u00e9. Seuls quelques chanceux seront capable de poss\u00e9der l&#8217;une des treize seules villas de luxe offert au complexe Cerrado del \u00c1guila.<br><br>La r\u00e9gion de Mijas offre un climat agr\u00e9able toute l&#8217;ann\u00e9e, avec d&#8217;agr\u00e9ables temp\u00e9ratures aussi bien en \u00e9t\u00e9 qu&#8217;en hiver. Du d\u00e9but mai \u00e0 fin septembre, le temps est principalement sec. La \u00ab&nbsp;saison des pluies&nbsp;\u00bb est pendant les mois d&#8217;hiver de novembre et D\u00e9cembre. En moyenne, le mois le plus sec est juillet et le plus humide est novembre.<br><br>Qu&#8217;est-ce qui distingue peut-\u00eatre cette \u00e9volution des autres l&#8217;offre haut de gamme de la r\u00e9gion est l&#8217;excellente combinaison de mat\u00e9riaux et finitions de qualit\u00e9, la proximit\u00e9 des plages et les vues panoramiques sur la magnifique colline qui offrent une parfaite toile de fond de ce cadre magnifique. Le positionnement unique et la qualit\u00e9 de construction de ces villas font qu&#8217;elles sont s\u00fbrs d&#8217;\u00eatre un d\u00e9veloppement tr\u00e8s pris\u00e9 et tr\u00e8s recherch\u00e9. L&#8217;attrait consid\u00e9rable et la commodit\u00e9 d&#8217;avoir un le terrain de golf sur place est encore am\u00e9lior\u00e9 par la forme physique \u00e9tablie centre et restaurants de qualit\u00e9 \u00e0 quelques centaines de m\u00e8tres du propri\u00e9t\u00e9. La combinaison de ces facteurs distingue cet endroit des autres et devrait \u00eatre consid\u00e9r\u00e9 comme un lieu de vie \u00ab hautement souhaitable \u00bb. Il convient de noter que cette agr\u00e9able combinaison d&#8217;installations pas \u00eatre disponible pour tout le monde. Seuls quelques-uns r\u00e9ussiront acqu\u00e9rir l&#8217;une des treize propri\u00e9t\u00e9s de prestige qui composent cette d\u00e9veloppement dans le Cerrado del \u00c1guila Golf Resort. Quelle est la valeur d&#8217;une maison de r\u00eave dans un endroit fabuleux avec un climat parfait et une mode de vie tranquille? La r\u00e9ponse est : \u00ab \u00e7a n&#8217;a pas de prix \u00bb.<br><br>Il convient de rappeler que la plage de Cala de Mijas a \u00e9t\u00e9 d\u00e9crite comme \u00ab la meilleure plage de la Costa del Sol \u00bb, ce qui est vraiment un \u00e9loge. Pour les sorties en famille, le Zoo de Fuengirola n&#8217;est qu&#8217;\u00e0 dix minutes et le parc aquatique sont \u00e0 seulement neuf minutes. Le parc aquatique propose une excellente s\u00e9lection de toboggans et de piscines et est s\u00fbr d&#8217;\u00eatre un grand favori avec les enfants. Le centre commercial Miramar est situ\u00e9 \u00e0 seulement sept minutes en voiture du Cerrado del \u00c1guila. Miramar vous propose une s\u00e9lection de plus de 140 magasins.<br><br>Situation &#8211; Distance de:<br><br>Cerrado del \u00c1guila \u2013 sur place<br>Mijas \u2013 3.1 km<br>Santana \u2013 6.4 km<br>El Chaparral \u2013 7.5 km<br>La Noria \u2013 8.9 km<br>Calanova \u2013 13.1 km<br>Miraflores \u2013 13.7 km<br>La Siesta \u2013 14.2 km<br>Cabopino \u2013 16.2 km<br>Santa Mar\u00eda \u2013 18.4 km<br>Marbella \u2013 23.1 km<br>Santa Clara \u2013 26.4 km<br>Rio Real \u2013 25.6 km<br><br>DOMOTIQUE.<br>Les maisons sont d\u00e9sormais plus intelligentes, plus simples et plus abordables avec VTouch Pro, l&#8217;avenir de la domotique.<br><br>En raison de sa capacit\u00e9 unique \u00e0 remplacer par faciliter les commutateurs \u00e9lectriques, VTouchPRO avec une utilisation innovante de la technologie<br>sans fil, offre tous les avantages d&#8217;une domotique sans avoir besoin d&#8217;un<br>infrastructures co\u00fbteuses, r\u00e9novations ou installations de c\u00e2bles compliqu\u00e9es.<br><br>D&#8217;un simple glissement de doigt, vous pouvez contr\u00f4ler les lumi\u00e8res, les stores, armer votre syst\u00e8me s\u00e9curit\u00e9 ou contr\u00f4lez votre CVC (ventilation, chauffage et climatisation) gr\u00e2ce \u00e0 notre application sur votre appareil mobile.<br><br>Au cas o\u00f9 votre appareil ne fonctionnerait pas correctement, ou simplement<br>Si vous pr\u00e9f\u00e9rez ne pas l&#8217;utiliser, vous pouvez contr\u00f4ler ces fonctions dans votre maison en touchant directement le Boutons poussoirs VTouch Pro.<br><br>Maintenant aussi, vous pouvez mettre \u00e0 jour votre design d&#8217;int\u00e9rieur avec les boutons tactiles \u00e9l\u00e9gants Commutateurs en verre VTouch Pro, qui vous offrent l&#8217;avantage de fonctionner \u00e0 travers un contr\u00f4leur central.<br><br>Neuf direct promoteur Garantie 10 ans<br><br>Disponible 2<\/p>\n\n\n\n<p>Pi\u00e8ces&nbsp;7 pi\u00e8ces<\/p>\n\n\n\n<p>Surface&nbsp;357 m\u00b2<\/p>\n\n\n\n<p>Vue&nbsp;Panoramique Mer<\/p>\n\n\n\n<h2 class=\"wp-block-heading\">Autres visuels<\/h2>\n\n\n\n<p>Pas d&#8217;informations disponibles<\/p>\n\n\n\n<h3 class=\"wp-block-heading\">Surfaces<\/h3>\n\n\n\n<ul class=\"wp-block-list\"><li>5 Chambres<\/li><li>1 Cuisine&nbsp;<strong>Am\u00e9nag\u00e9e Am\u00e9ricaine<\/strong><\/li><li>5 Salles de bains<\/li><li>1 Toilettes<\/li><li>2 Parkings int\u00e9rieurs<\/li><li>2 Terrasses&nbsp;<strong>421 m\u00b2<\/strong><\/li><li>1 Jardin&nbsp;<strong>1164 m\u00b2<\/strong><\/li><\/ul>\n\n\n\n<h3 class=\"wp-block-heading\">Proximit\u00e9s<\/h3>\n\n\n\n<ul class=\"wp-block-list\"><li>Piscine publique<\/li><\/ul>\n\n\n\n<h3 class=\"wp-block-heading\">Prestations<\/h3>\n\n\n\n<ul class=\"wp-block-list\"><li>Internet<\/li><li>Interphone<\/li><li>Ventilation simple flux<\/li><\/ul>\n","protected":false},"excerpt":{"rendered":"<p>Venta Villa Campo Mijas, 7 Piezas, 5 Dormitorios, 357 M\u00b2, Precio: 1.585.300&nbsp;\u20ac Piezas&nbsp;7 piezas Superficie&nbsp;357 m\u00b2 Vista&nbsp;Panor\u00e1mica Mar Superficies 5 Dormitorios 1 Cocina 5 Cuartos de ba\u00f1o 1 Aseo 2 Aparcamientos interior 2 Terrazas&nbsp;421 m\u00b2 1 Jard\u00edn&nbsp;1164 m\u00b2 Cerca de Piscina p\u00fablica Aviso legal No information available Prestaciones Internet Portero autom\u00e1tico Ventilaci\u00f3n de flujo simple &hellip; <\/p>\n<p class=\"link-more\"><a href=\"https:\/\/coelloglobal.com\/index.php\/villa-campo-mijas-1-585-300-e-ref-cg0051\/\" class=\"more-link\">Continue reading<span class=\"screen-reader-text\"> &#8220;Villa Campo Mijas 1.585.300 \u20ac Ref: CG0051&#8221;<\/span><\/a><\/p>\n","protected":false},"author":1,"featured_media":3465,"parent":0,"menu_order":0,"comment_status":"closed","ping_status":"closed","template":"","meta":{"footnotes":""},"class_list":["post-3451","page","type-page","status-publish","has-post-thumbnail","hentry"],"_links":{"self":[{"href":"https:\/\/coelloglobal.com\/index.php\/wp-json\/wp\/v2\/pages\/3451","targetHints":{"allow":["GET"]}}],"collection":[{"href":"https:\/\/coelloglobal.com\/index.php\/wp-json\/wp\/v2\/pages"}],"about":[{"href":"https:\/\/coelloglobal.com\/index.php\/wp-json\/wp\/v2\/types\/page"}],"author":[{"embeddable":true,"href":"https:\/\/coelloglobal.com\/index.php\/wp-json\/wp\/v2\/users\/1"}],"replies":[{"embeddable":true,"href":"https:\/\/coelloglobal.com\/index.php\/wp-json\/wp\/v2\/comments?post=3451"}],"version-history":[{"count":2,"href":"https:\/\/coelloglobal.com\/index.php\/wp-json\/wp\/v2\/pages\/3451\/revisions"}],"predecessor-version":[{"id":3469,"href":"https:\/\/coelloglobal.com\/index.php\/wp-json\/wp\/v2\/pages\/3451\/revisions\/3469"}],"wp:featuredmedia":[{"embeddable":true,"href":"https:\/\/coelloglobal.com\/index.php\/wp-json\/wp\/v2\/media\/3465"}],"wp:attachment":[{"href":"https:\/\/coelloglobal.com\/index.php\/wp-json\/wp\/v2\/media?parent=3451"}],"curies":[{"name":"wp","href":"https:\/\/api.w.org\/{rel}","templated":true}]}}