{"id":3472,"date":"2023-10-11T19:00:22","date_gmt":"2023-10-11T19:00:22","guid":{"rendered":"http:\/\/coelloglobal.com\/?page_id=3472"},"modified":"2023-10-11T19:01:19","modified_gmt":"2023-10-11T19:01:19","slug":"villa-moraira-alicante-1-545-000-e-ref-cg0052","status":"publish","type":"page","link":"https:\/\/coelloglobal.com\/index.php\/villa-moraira-alicante-1-545-000-e-ref-cg0052\/","title":{"rendered":"Villa Moraira Alicante 1.545.000 \u20ac Ref: CG0052"},"content":{"rendered":"\n<div id=\"wp-block-themeisle-blocks-slider-9d5c79f7\" class=\"wp-block-themeisle-blocks-slider glide\" data-per-view=\"1\" data-gap=\"0\" data-peek=\"0\" data-autoplay=\"true\" data-height=\"400px\"><div class=\"glide__track\" data-glide-el=\"track\"><div class=\"glide__slides\"><div class=\"wp-block-themeisle-blocks-slider-item-wrapper glide__slide\" tabindex=\"0\"><figure><img decoding=\"async\" class=\"wp-block-themeisle-blocks-slider-item\" src=\"http:\/\/coelloglobal.com\/wp-content\/uploads\/2023\/10\/foto-1a-4.jpg\" alt=\"\" title=\"\" data-id=\"3473\"\/><\/figure><\/div><div class=\"wp-block-themeisle-blocks-slider-item-wrapper glide__slide\" tabindex=\"0\"><figure><img decoding=\"async\" class=\"wp-block-themeisle-blocks-slider-item\" src=\"http:\/\/coelloglobal.com\/wp-content\/uploads\/2023\/10\/foto-2-25.jpg\" alt=\"\" title=\"\" data-id=\"3474\"\/><\/figure><\/div><div class=\"wp-block-themeisle-blocks-slider-item-wrapper glide__slide\" tabindex=\"0\"><figure><img decoding=\"async\" class=\"wp-block-themeisle-blocks-slider-item\" src=\"http:\/\/coelloglobal.com\/wp-content\/uploads\/2023\/10\/foto-3-36.jpg\" alt=\"\" title=\"\" data-id=\"3475\"\/><\/figure><\/div><div class=\"wp-block-themeisle-blocks-slider-item-wrapper glide__slide\" tabindex=\"0\"><figure><img decoding=\"async\" class=\"wp-block-themeisle-blocks-slider-item\" src=\"http:\/\/coelloglobal.com\/wp-content\/uploads\/2023\/10\/foto-4-31.jpg\" alt=\"\" title=\"\" data-id=\"3476\"\/><\/figure><\/div><div class=\"wp-block-themeisle-blocks-slider-item-wrapper glide__slide\" tabindex=\"0\"><figure><img decoding=\"async\" class=\"wp-block-themeisle-blocks-slider-item\" src=\"http:\/\/coelloglobal.com\/wp-content\/uploads\/2023\/10\/foto-5-28.jpg\" alt=\"\" title=\"\" data-id=\"3477\"\/><\/figure><\/div><div class=\"wp-block-themeisle-blocks-slider-item-wrapper glide__slide\" tabindex=\"0\"><figure><img decoding=\"async\" class=\"wp-block-themeisle-blocks-slider-item\" src=\"http:\/\/coelloglobal.com\/wp-content\/uploads\/2023\/10\/foto-6-26.jpg\" alt=\"\" title=\"\" data-id=\"3478\"\/><\/figure><\/div><div class=\"wp-block-themeisle-blocks-slider-item-wrapper glide__slide\" tabindex=\"0\"><figure><img decoding=\"async\" class=\"wp-block-themeisle-blocks-slider-item\" src=\"http:\/\/coelloglobal.com\/wp-content\/uploads\/2023\/10\/foto-7-25.jpg\" alt=\"\" title=\"\" data-id=\"3479\"\/><\/figure><\/div><div class=\"wp-block-themeisle-blocks-slider-item-wrapper glide__slide\" tabindex=\"0\"><figure><img decoding=\"async\" class=\"wp-block-themeisle-blocks-slider-item\" src=\"http:\/\/coelloglobal.com\/wp-content\/uploads\/2023\/10\/foto-8-1-1.jpg\" alt=\"\" title=\"\" data-id=\"3480\"\/><\/figure><\/div><div class=\"wp-block-themeisle-blocks-slider-item-wrapper glide__slide\" tabindex=\"0\"><figure><img decoding=\"async\" class=\"wp-block-themeisle-blocks-slider-item\" src=\"http:\/\/coelloglobal.com\/wp-content\/uploads\/2023\/10\/foto-9-1-5.jpg\" alt=\"\" title=\"\" data-id=\"3481\"\/><\/figure><\/div><div class=\"wp-block-themeisle-blocks-slider-item-wrapper glide__slide\" tabindex=\"0\"><figure><img decoding=\"async\" class=\"wp-block-themeisle-blocks-slider-item\" src=\"http:\/\/coelloglobal.com\/wp-content\/uploads\/2023\/10\/foto-10-20.jpg\" alt=\"\" title=\"\" data-id=\"3482\"\/><\/figure><\/div><div class=\"wp-block-themeisle-blocks-slider-item-wrapper glide__slide\" tabindex=\"0\"><figure><img decoding=\"async\" class=\"wp-block-themeisle-blocks-slider-item\" src=\"http:\/\/coelloglobal.com\/wp-content\/uploads\/2023\/10\/foto-11-24.jpg\" alt=\"\" title=\"\" data-id=\"3483\"\/><\/figure><\/div><div class=\"wp-block-themeisle-blocks-slider-item-wrapper glide__slide\" tabindex=\"0\"><figure><img decoding=\"async\" class=\"wp-block-themeisle-blocks-slider-item\" src=\"http:\/\/coelloglobal.com\/wp-content\/uploads\/2023\/10\/foto-12-22.jpg\" alt=\"\" title=\"\" data-id=\"3484\"\/><\/figure><\/div><div class=\"wp-block-themeisle-blocks-slider-item-wrapper glide__slide\" tabindex=\"0\"><figure><img decoding=\"async\" class=\"wp-block-themeisle-blocks-slider-item\" src=\"http:\/\/coelloglobal.com\/wp-content\/uploads\/2023\/10\/foto-13-20.jpg\" alt=\"\" title=\"\" data-id=\"3485\"\/><\/figure><\/div><div class=\"wp-block-themeisle-blocks-slider-item-wrapper glide__slide\" tabindex=\"0\"><figure><img decoding=\"async\" class=\"wp-block-themeisle-blocks-slider-item\" src=\"http:\/\/coelloglobal.com\/wp-content\/uploads\/2023\/10\/foto-14-16.jpg\" alt=\"\" title=\"\" data-id=\"3486\"\/><\/figure><\/div><div class=\"wp-block-themeisle-blocks-slider-item-wrapper glide__slide\" tabindex=\"0\"><figure><img decoding=\"async\" class=\"wp-block-themeisle-blocks-slider-item\" src=\"http:\/\/coelloglobal.com\/wp-content\/uploads\/2023\/10\/foto-15-16.jpg\" alt=\"\" title=\"\" data-id=\"3487\"\/><\/figure><\/div><div class=\"wp-block-themeisle-blocks-slider-item-wrapper glide__slide\" tabindex=\"0\"><figure><img decoding=\"async\" class=\"wp-block-themeisle-blocks-slider-item\" src=\"http:\/\/coelloglobal.com\/wp-content\/uploads\/2023\/10\/foto-16-16.jpg\" alt=\"\" title=\"\" data-id=\"3488\"\/><\/figure><\/div><div class=\"wp-block-themeisle-blocks-slider-item-wrapper glide__slide\" tabindex=\"0\"><figure><img decoding=\"async\" class=\"wp-block-themeisle-blocks-slider-item\" src=\"http:\/\/coelloglobal.com\/wp-content\/uploads\/2023\/10\/foto-17-14.jpg\" alt=\"\" title=\"\" data-id=\"3489\"\/><\/figure><\/div><div class=\"wp-block-themeisle-blocks-slider-item-wrapper glide__slide\" tabindex=\"0\"><figure><img decoding=\"async\" class=\"wp-block-themeisle-blocks-slider-item\" src=\"http:\/\/coelloglobal.com\/wp-content\/uploads\/2023\/10\/foto-18-10.jpg\" alt=\"\" title=\"\" data-id=\"3490\"\/><\/figure><\/div><div class=\"wp-block-themeisle-blocks-slider-item-wrapper glide__slide\" tabindex=\"0\"><figure><img decoding=\"async\" class=\"wp-block-themeisle-blocks-slider-item\" src=\"http:\/\/coelloglobal.com\/wp-content\/uploads\/2023\/10\/foto-19-11.jpg\" alt=\"\" title=\"\" data-id=\"3491\"\/><\/figure><\/div><div class=\"wp-block-themeisle-blocks-slider-item-wrapper glide__slide\" tabindex=\"0\"><figure><img decoding=\"async\" class=\"wp-block-themeisle-blocks-slider-item\" src=\"http:\/\/coelloglobal.com\/wp-content\/uploads\/2023\/10\/foto-20-11.jpg\" alt=\"\" title=\"\" data-id=\"3492\"\/><\/figure><\/div><\/div><div class=\"glide__arrows\" data-glide-el=\"controls\"><button class=\"glide__arrow glide__arrow--left\" data-glide-dir=\"<\"><svg xmlns=\"http:\/\/www.w3.org\/2000\/svg\" width=\"18\" height=\"18\" viewbox=\"0 0 100 100\" role=\"img\" aria-hidden=\"true\" focusable=\"false\"><path d=\"M 10,50 L 60,100 L 70,90 L 30,50  L 70,10 L 60,0 Z\"><\/path><\/svg><\/button><button class=\"glide__arrow glide__arrow--right\" data-glide-dir=\"&gt;\"><svg xmlns=\"http:\/\/www.w3.org\/2000\/svg\" width=\"18\" height=\"18\" viewbox=\"0 0 100 100\" role=\"img\" aria-hidden=\"true\" focusable=\"false\"><path d=\"M 10,50 L 60,100 L 70,90 L 30,50  L 70,10 L 60,0 Z\"><\/path><\/svg><\/button><\/div><div class=\"glide__bullets\" data-glide-el=\"controls[nav]\"><button class=\"glide__bullet\" data-glide-dir=\"=0\"><\/button><button class=\"glide__bullet\" data-glide-dir=\"=1\"><\/button><button class=\"glide__bullet\" data-glide-dir=\"=2\"><\/button><button class=\"glide__bullet\" data-glide-dir=\"=3\"><\/button><button class=\"glide__bullet\" data-glide-dir=\"=4\"><\/button><button class=\"glide__bullet\" data-glide-dir=\"=5\"><\/button><button class=\"glide__bullet\" data-glide-dir=\"=6\"><\/button><button class=\"glide__bullet\" data-glide-dir=\"=7\"><\/button><button class=\"glide__bullet\" data-glide-dir=\"=8\"><\/button><button class=\"glide__bullet\" data-glide-dir=\"=9\"><\/button><button class=\"glide__bullet\" data-glide-dir=\"=10\"><\/button><button class=\"glide__bullet\" data-glide-dir=\"=11\"><\/button><button class=\"glide__bullet\" data-glide-dir=\"=12\"><\/button><button class=\"glide__bullet\" data-glide-dir=\"=13\"><\/button><button class=\"glide__bullet\" data-glide-dir=\"=14\"><\/button><button class=\"glide__bullet\" data-glide-dir=\"=15\"><\/button><button class=\"glide__bullet\" data-glide-dir=\"=16\"><\/button><button class=\"glide__bullet\" data-glide-dir=\"=17\"><\/button><button class=\"glide__bullet\" data-glide-dir=\"=18\"><\/button><button class=\"glide__bullet\" data-glide-dir=\"=19\"><\/button><\/div><\/div><\/div>\n\n\n\n<ul class=\"wp-block-list\"><li><a>Venta Villa Moraira, 5 Piezas, 4 Dormitorios, 365 M\u00b2, <\/a><\/li><li>Precio: <a>1.545.000&nbsp;\u20ac<\/a><\/li><li>Piezas&nbsp;5 piezas<\/li><li>Superficie&nbsp;365 m\u00b2<\/li><\/ul>\n\n\n\n<h3 class=\"wp-block-heading\">Superficies<\/h3>\n\n\n\n<ul class=\"wp-block-list\"><li>4 Dormitorios<\/li><li>1 Cocina<\/li><li>4 Cuartos de ba\u00f1o<\/li><li>1 Terreno&nbsp;<strong>967 m\u00b2<\/strong><\/li><li>1 Aparcamiento interior<\/li><li>1 Terraza&nbsp;<strong>86 m\u00b2<\/strong><\/li><\/ul>\n\n\n\n<h3 class=\"wp-block-heading\">Cerca de<\/h3>\n\n\n\n<ul class=\"wp-block-list\"><li>Piscina p\u00fablica<\/li><\/ul>\n\n\n\n<h3 class=\"wp-block-heading\">Aviso legal<\/h3>\n\n\n\n<ul class=\"wp-block-list\"><li>Impuesto sobre Bienes Inmuebles&nbsp;<strong>900 \u20ac \/ a\u00f1o<\/strong><\/li><\/ul>\n\n\n\n<h3 class=\"wp-block-heading\">Prestaciones<\/h3>\n\n\n\n<ul class=\"wp-block-list\"><li>Portero autom\u00e1tico<\/li><\/ul>\n\n\n\n<ul class=\"wp-block-list\"><li><a>Sale Villa Moraira, 5 Rooms, 4 Bedrooms, 365 M\u00b2, <\/a><\/li><li>Price: <a>\u20ac1,545,000<\/a><\/li><li>Rooms&nbsp;5 rooms<\/li><li>Area&nbsp;365 m\u00b2<\/li><\/ul>\n\n\n\n<ul class=\"wp-block-list\"><li>4 Bedrooms<\/li><li>1 Kitchen<\/li><li>4 Bathrooms<\/li><li>1 Land&nbsp;<strong>967 m\u00b2<\/strong><\/li><li>1 Indoor parking<\/li><li>1 Terrace&nbsp;<strong>86 m\u00b2<\/strong><\/li><\/ul>\n\n\n\n<h3 class=\"wp-block-heading\">Proximities<\/h3>\n\n\n\n<ul class=\"wp-block-list\"><li>Public pool<\/li><\/ul>\n\n\n\n<h3 class=\"wp-block-heading\">Legal notice<\/h3>\n\n\n\n<ul class=\"wp-block-list\"><li>Land value tax&nbsp;<strong>900 \u20ac \/ year<\/strong><\/li><\/ul>\n\n\n\n<h3 class=\"wp-block-heading\">Services<\/h3>\n\n\n\n<ul class=\"wp-block-list\"><li>Intercom<\/li><\/ul>\n\n\n\n<ul class=\"wp-block-list\"><li><a>Vente Villa Moraira, 5 Pi\u00e8ces, 4 Chambres, 365 M\u00b2, 1\u202f545\u202f000&nbsp;\u20ac<\/a><\/li><\/ul>\n\n\n\n<p>R\u00e9gion: Costa Blanca<br><br>Superbe Villa Luxueuse T5 avec vue sur la Mer<br><br>Caract\u00e9ristiques : 4 chambres, 4 salles de bain , Cuisine ouverte, Salle \u00e0 manger, Grandes Terrasses, Jardin paysag\u00e9 et arbor\u00e9 &#8230;\u2026<br><br>Terrain de 967 m2 avec vue Mer.<br><br>Grande piscine priv\u00e9e.<br><br>Plages \u00e0 3 km<br><br>Terrain de Golf \u00e0 4,9 minutes<br><br>A\u00e9roport d&#8217;Alicante \u00e0 91,6 km<br><br>Les autres \u00e9quipements inclus sont : Syst\u00e8me d&#8217;alarme \u2013 Double vitrage \u2013 Volets \u00e9lectriques \u2013 Interphone \u2013 Porte Blind\u00e9e \u2013 Cam\u00e9ras de s\u00e9curit\u00e9s \u2013 T\u00e9l\u00e9phone Vid\u00e9o \u2013 Chauffage au Sol \u2013 Parking Priv\u00e9 \u2013 Sous-Sol &#8211; Terrasse Couverte &#8211; Buanderie \u2026..<br><br>Villa neuve et moderne exclusive dans un quartier r\u00e9sidentiel proche de : supermarch\u00e9s, courts de tennis, pharmacie, restaurants, bars et tous commerces.<br><br>La villa est situ\u00e9e dans un quartier tr\u00e8s calme de Moraira avec vue sur la mer qui peut \u00eatre appr\u00e9ci\u00e9e depuis le rez-de-chauss\u00e9e. La maison est r\u00e9partie sur 3 niveaux entre le rez-de-chauss\u00e9e, le premier \u00e9tage et le sous-sol.<br><br>La maison se distingue par une architecture de style moderne avec des lignes qui marquent un fort caract\u00e8re de design avant-gardiste.<br><br>La villa dispose de 3 suites, d&#8217;une chambre, d&#8217;une cuisine ouverte sur le salon, d&#8217;un escalier avec verre double hauteur, d&#8217;une terrasse, d&#8217;un sous-sol diaphane avec espace pour faire une salle de sport ou un cin\u00e9ma, ainsi que d&#8217;un grand garage pour 2 voitures.<br><br>Tout est pens\u00e9 pour profiter des grands espaces, aussi bien \u00e0 l&#8217;int\u00e9rieur qu&#8217;\u00e0 l&#8217;ext\u00e9rieur.<br><br>Neuf direct promoteur Garantie 10 ans + GARANTIE D&#8217;ACHAT S\u00dbR = 20 ans de protection juridique gratuite pour toute r\u00e9clamation contre cette propri\u00e9t\u00e9<br><br>Disponible en d\u00e9cembre 2023<br><\/p>\n\n\n\n<p>Pi\u00e8ces&nbsp;5 pi\u00e8ces<\/p>\n\n\n\n<p>Surface&nbsp;365 m\u00b2<\/p>\n\n\n\n<h2 class=\"wp-block-heading\">Autres visuels<\/h2>\n\n\n\n<p>Pas d&#8217;informations disponibles<\/p>\n\n\n\n<h3 class=\"wp-block-heading\">Surfaces<\/h3>\n\n\n\n<ul class=\"wp-block-list\"><li>4 Chambres<\/li><li>1 Cuisine&nbsp;<strong>Am\u00e9nag\u00e9e et Equip\u00e9e<\/strong><\/li><li>4 Salles de bains<\/li><li>1 Terrain&nbsp;<strong>967 m\u00b2<\/strong><\/li><li>1 Parking int\u00e9rieur<\/li><li>1 Terrasse&nbsp;<strong>86 m\u00b2<\/strong><\/li><\/ul>\n\n\n\n<h3 class=\"wp-block-heading\">Proximit\u00e9s<\/h3>\n\n\n\n<ul class=\"wp-block-list\"><li>Piscine publique<\/li><\/ul>\n\n\n\n<h3 class=\"wp-block-heading\">Mentions l\u00e9gales<\/h3>\n\n\n\n<ul class=\"wp-block-list\"><li>Taxe fonci\u00e8re&nbsp;<strong>900 \u20ac \/ an<\/strong><\/li><\/ul>\n\n\n\n<h3 class=\"wp-block-heading\">Prestations<\/h3>\n\n\n\n<ul class=\"wp-block-list\"><li>Interphone<\/li><\/ul>\n","protected":false},"excerpt":{"rendered":"<p>Venta Villa Moraira, 5 Piezas, 4 Dormitorios, 365 M\u00b2, Precio: 1.545.000&nbsp;\u20ac Piezas&nbsp;5 piezas Superficie&nbsp;365 m\u00b2 Superficies 4 Dormitorios 1 Cocina 4 Cuartos de ba\u00f1o 1 Terreno&nbsp;967 m\u00b2 1 Aparcamiento interior 1 Terraza&nbsp;86 m\u00b2 Cerca de Piscina p\u00fablica Aviso legal Impuesto sobre Bienes Inmuebles&nbsp;900 \u20ac \/ a\u00f1o Prestaciones Portero autom\u00e1tico Sale Villa Moraira, 5 Rooms, 4 &hellip; <\/p>\n<p class=\"link-more\"><a href=\"https:\/\/coelloglobal.com\/index.php\/villa-moraira-alicante-1-545-000-e-ref-cg0052\/\" class=\"more-link\">Continue reading<span class=\"screen-reader-text\"> &#8220;Villa Moraira Alicante 1.545.000 \u20ac Ref: CG0052&#8221;<\/span><\/a><\/p>\n","protected":false},"author":1,"featured_media":3491,"parent":0,"menu_order":0,"comment_status":"closed","ping_status":"closed","template":"","meta":{"footnotes":""},"class_list":["post-3472","page","type-page","status-publish","has-post-thumbnail","hentry"],"_links":{"self":[{"href":"https:\/\/coelloglobal.com\/index.php\/wp-json\/wp\/v2\/pages\/3472","targetHints":{"allow":["GET"]}}],"collection":[{"href":"https:\/\/coelloglobal.com\/index.php\/wp-json\/wp\/v2\/pages"}],"about":[{"href":"https:\/\/coelloglobal.com\/index.php\/wp-json\/wp\/v2\/types\/page"}],"author":[{"embeddable":true,"href":"https:\/\/coelloglobal.com\/index.php\/wp-json\/wp\/v2\/users\/1"}],"replies":[{"embeddable":true,"href":"https:\/\/coelloglobal.com\/index.php\/wp-json\/wp\/v2\/comments?post=3472"}],"version-history":[{"count":2,"href":"https:\/\/coelloglobal.com\/index.php\/wp-json\/wp\/v2\/pages\/3472\/revisions"}],"predecessor-version":[{"id":3495,"href":"https:\/\/coelloglobal.com\/index.php\/wp-json\/wp\/v2\/pages\/3472\/revisions\/3495"}],"wp:featuredmedia":[{"embeddable":true,"href":"https:\/\/coelloglobal.com\/index.php\/wp-json\/wp\/v2\/media\/3491"}],"wp:attachment":[{"href":"https:\/\/coelloglobal.com\/index.php\/wp-json\/wp\/v2\/media?parent=3472"}],"curies":[{"name":"wp","href":"https:\/\/api.w.org\/{rel}","templated":true}]}}