{"id":3499,"date":"2023-10-11T19:11:20","date_gmt":"2023-10-11T19:11:20","guid":{"rendered":"http:\/\/coelloglobal.com\/?page_id=3499"},"modified":"2023-10-11T19:13:49","modified_gmt":"2023-10-11T19:13:49","slug":"casa-roig-murcia-1-485-000-e-ref-cg0053","status":"publish","type":"page","link":"https:\/\/coelloglobal.com\/index.php\/casa-roig-murcia-1-485-000-e-ref-cg0053\/","title":{"rendered":"Casa Roig Murcia 1.485.000 \u20ac Ref: CG0053"},"content":{"rendered":"\n<div id=\"wp-block-themeisle-blocks-slider-70f1ffb4\" class=\"wp-block-themeisle-blocks-slider glide\" data-per-view=\"1\" data-gap=\"0\" data-peek=\"0\" data-autoplay=\"true\" data-height=\"400px\"><div class=\"glide__track\" data-glide-el=\"track\"><div class=\"glide__slides\"><div class=\"wp-block-themeisle-blocks-slider-item-wrapper glide__slide\" tabindex=\"0\"><figure><img decoding=\"async\" class=\"wp-block-themeisle-blocks-slider-item\" src=\"http:\/\/coelloglobal.com\/wp-content\/uploads\/2023\/10\/foto-.jpg\" alt=\"\" title=\"\" data-id=\"3500\"\/><\/figure><\/div><div class=\"wp-block-themeisle-blocks-slider-item-wrapper glide__slide\" tabindex=\"0\"><figure><img decoding=\"async\" class=\"wp-block-themeisle-blocks-slider-item\" src=\"http:\/\/coelloglobal.com\/wp-content\/uploads\/2023\/10\/foto-1-33.jpg\" alt=\"\" title=\"\" data-id=\"3501\"\/><\/figure><\/div><div class=\"wp-block-themeisle-blocks-slider-item-wrapper glide__slide\" tabindex=\"0\"><figure><img decoding=\"async\" class=\"wp-block-themeisle-blocks-slider-item\" src=\"http:\/\/coelloglobal.com\/wp-content\/uploads\/2023\/10\/foto-2-26.jpg\" alt=\"\" title=\"\" data-id=\"3502\"\/><\/figure><\/div><div class=\"wp-block-themeisle-blocks-slider-item-wrapper glide__slide\" tabindex=\"0\"><figure><img decoding=\"async\" class=\"wp-block-themeisle-blocks-slider-item\" src=\"http:\/\/coelloglobal.com\/wp-content\/uploads\/2023\/10\/foto-3-37.jpg\" alt=\"\" title=\"\" data-id=\"3503\"\/><\/figure><\/div><div class=\"wp-block-themeisle-blocks-slider-item-wrapper glide__slide\" tabindex=\"0\"><figure><img decoding=\"async\" class=\"wp-block-themeisle-blocks-slider-item\" src=\"http:\/\/coelloglobal.com\/wp-content\/uploads\/2023\/10\/foto-4-32.jpg\" alt=\"\" title=\"\" data-id=\"3504\"\/><\/figure><\/div><div class=\"wp-block-themeisle-blocks-slider-item-wrapper glide__slide\" tabindex=\"0\"><figure><img decoding=\"async\" class=\"wp-block-themeisle-blocks-slider-item\" src=\"http:\/\/coelloglobal.com\/wp-content\/uploads\/2023\/10\/foto-5-31.jpg\" alt=\"\" title=\"\" data-id=\"3505\"\/><\/figure><\/div><div class=\"wp-block-themeisle-blocks-slider-item-wrapper glide__slide\" tabindex=\"0\"><figure><img decoding=\"async\" class=\"wp-block-themeisle-blocks-slider-item\" src=\"http:\/\/coelloglobal.com\/wp-content\/uploads\/2023\/10\/foto-6-27.jpg\" alt=\"\" title=\"\" data-id=\"3506\"\/><\/figure><\/div><div class=\"wp-block-themeisle-blocks-slider-item-wrapper glide__slide\" tabindex=\"0\"><figure><img decoding=\"async\" class=\"wp-block-themeisle-blocks-slider-item\" src=\"http:\/\/coelloglobal.com\/wp-content\/uploads\/2023\/10\/foto-7-1-1.jpg\" alt=\"\" title=\"\" data-id=\"3507\"\/><\/figure><\/div><\/div><div class=\"glide__arrows\" data-glide-el=\"controls\"><button class=\"glide__arrow glide__arrow--left\" data-glide-dir=\"<\"><svg xmlns=\"http:\/\/www.w3.org\/2000\/svg\" width=\"18\" height=\"18\" viewbox=\"0 0 100 100\" role=\"img\" aria-hidden=\"true\" focusable=\"false\"><path d=\"M 10,50 L 60,100 L 70,90 L 30,50  L 70,10 L 60,0 Z\"><\/path><\/svg><\/button><button class=\"glide__arrow glide__arrow--right\" data-glide-dir=\"&gt;\"><svg xmlns=\"http:\/\/www.w3.org\/2000\/svg\" width=\"18\" height=\"18\" viewbox=\"0 0 100 100\" role=\"img\" aria-hidden=\"true\" focusable=\"false\"><path d=\"M 10,50 L 60,100 L 70,90 L 30,50  L 70,10 L 60,0 Z\"><\/path><\/svg><\/button><\/div><div class=\"glide__bullets\" data-glide-el=\"controls[nav]\"><button class=\"glide__bullet\" data-glide-dir=\"=0\"><\/button><button class=\"glide__bullet\" data-glide-dir=\"=1\"><\/button><button class=\"glide__bullet\" data-glide-dir=\"=2\"><\/button><button class=\"glide__bullet\" data-glide-dir=\"=3\"><\/button><button class=\"glide__bullet\" data-glide-dir=\"=4\"><\/button><button class=\"glide__bullet\" data-glide-dir=\"=5\"><\/button><button class=\"glide__bullet\" data-glide-dir=\"=6\"><\/button><button class=\"glide__bullet\" data-glide-dir=\"=7\"><\/button><\/div><\/div><\/div>\n\n\n\n<ul class=\"wp-block-list\"><li><a>Venta Casa Cabo Roig, 5 Piezas, 3 Dormitorios, 240 M\u00b2, <\/a><\/li><li>Precio: <a>1.485.000&nbsp;\u20ac<\/a><\/li><li>Piezas&nbsp;5 piezas<\/li><li>Superficie&nbsp;240 m\u00b2<\/li><li>Vista&nbsp;Panor\u00e1mica Campo de golf<\/li><\/ul>\n\n\n\n<h3 class=\"wp-block-heading\">Superficies<\/h3>\n\n\n\n<ul class=\"wp-block-list\"><li>3 Dormitorios<\/li><li>1 Cocina<\/li><li>5 Cuartos de ba\u00f1o<\/li><li>3 Cuartos de ba\u00f1o con ducha<\/li><li>1 Aparcamiento interior<\/li><li>1 Aparcamiento exterior<\/li><li>3 Terrazas&nbsp;<strong>109 m\u00b2<\/strong><\/li><li>1 Jard\u00edn&nbsp;<strong>1075 m\u00b2<\/strong><\/li><\/ul>\n\n\n\n<h3 class=\"wp-block-heading\">Cerca de<\/h3>\n\n\n\n<ul class=\"wp-block-list\"><li>Piscina p\u00fablica<\/li><\/ul>\n\n\n\n<h3 class=\"wp-block-heading\">Prestaciones<\/h3>\n\n\n\n<ul class=\"wp-block-list\"><li>Portero autom\u00e1tico<\/li><\/ul>\n\n\n\n<ul class=\"wp-block-list\"><li><a>Sale House Cabo Roig, 5 Rooms, 3 Bedrooms, 240 M\u00b2, <\/a><\/li><li>Precio <a>\u20ac1,485,000<\/a><\/li><li>Rooms&nbsp;5 rooms<\/li><li>Area&nbsp;240 m\u00b2<\/li><li>View&nbsp;Panoramic Golf<\/li><li><\/li><\/ul>\n\n\n\n<h3 class=\"wp-block-heading\">Areas<\/h3>\n\n\n\n<ul class=\"wp-block-list\"><li>3 Bedrooms<\/li><li>1 Kitchen<\/li><li>5 Bathrooms<\/li><li>3 Shower rooms<\/li><li>1 Indoor parking<\/li><li>1 Outdoor parking<\/li><li>3 Terraces&nbsp;<strong>109 m\u00b2<\/strong><\/li><li>1 Garden&nbsp;<strong>1075 m\u00b2<\/strong><\/li><\/ul>\n\n\n\n<h3 class=\"wp-block-heading\">Proximities<\/h3>\n\n\n\n<ul class=\"wp-block-list\"><li>Public pool<\/li><\/ul>\n\n\n\n<h3 class=\"wp-block-heading\">Services<\/h3>\n\n\n\n<ul class=\"wp-block-list\"><li>Intercom<\/li><\/ul>\n\n\n\n<ul class=\"wp-block-list\"><li><a>Vente Maison Cabo Roig, 5 Pi\u00e8ces, 3 Chambres, 240 M\u00b2, 1\u202f485\u202f000&nbsp;\u20ac<\/a><\/li><\/ul>\n\n\n\n<p>R\u00e9gion: Costa Blanca<br><br>Superbe Propri\u00e9t\u00e9 Luxueuse T5 de 240 m2 dans le Golf LAS COLINAS<br><br>Caract\u00e9ristiques: 3 chambres , 3 salles de bain , Cuisine ouverte (la cuisine est compl\u00e9tement \u00e9quip\u00e9e), Salle \u00e0 manger, Salon ouvert, Grande Piscine \u00e0 d\u00e9bordement, Terrasse(s) de 109 m2, Sous-sol de 54 m2, sur un terrain de 1075 m2 &#8230; etc&#8230;<br><br>\u00c0 7 minutes des plages (plage priv\u00e9e)<br>\u00c0 45 minutes de l\u2019a\u00e9roport d\u2019Alicante<br><br>Las Colinas Golf &amp; Country Club est un complexe r\u00e9sidentiel exclusif avec une faible densit\u00e9 de logements et construit autour d\u2019un parcours de golf 18 trous prim\u00e9 en 2015 \u2013 2016 &#8211; 2017 &#8211; 2018 &#8211; 2019 &#8211; 2020 et 2021 (Top 100 Europe).<br>Dans un emplacement privil\u00e9gi\u00e9, Las Colinas se trouve sur une vall\u00e9e entour\u00e9e de collines et d\u2019une r\u00e9serve naturelle de terres prot\u00e9g\u00e9es et bois\u00e9es.<br>Las Colinas Golf &amp; Country Club se distingue par son intimit\u00e9, sa beaut\u00e9 naturelle, son climat exceptionnel, ses excellentes connexions par la route, le train et l\u2019air et la conservation de l\u2019environnement naturel.<br>Ses appartements, ses \u00e9quipements, ses infrastructures et le terrain de golf se fondent parfaitement dans le paysage.<br><br>&nbsp;Neuf direct promoteur Garantie 10 ans<br><br>Disponible 2022<\/p>\n\n\n\n<p>Pi\u00e8ces&nbsp;5 pi\u00e8ces<\/p>\n\n\n\n<p>Surface&nbsp;240 m\u00b2<\/p>\n\n\n\n<p>Vue&nbsp;Panoramique Golf<\/p>\n\n\n\n<h2 class=\"wp-block-heading\">Autres visuels<\/h2>\n\n\n\n<p>Pas d&#8217;informations disponibles<\/p>\n\n\n\n<h3 class=\"wp-block-heading\">Surfaces<\/h3>\n\n\n\n<ul class=\"wp-block-list\"><li>3 Chambres<\/li><li>1 Cuisine&nbsp;<strong>Am\u00e9nag\u00e9e et \u00e9quip\u00e9e Am\u00e9ricaine<\/strong><\/li><li>5 Salles de bains<\/li><li>3 Salles de douche<\/li><li>1 Parking int\u00e9rieur<\/li><li>1 Parking ext\u00e9rieur<\/li><li>3 Terrasses&nbsp;<strong>109 m\u00b2<\/strong><\/li><li>1 Jardin&nbsp;<strong>1075 m\u00b2<\/strong><\/li><\/ul>\n\n\n\n<h3 class=\"wp-block-heading\">Proximit\u00e9s<\/h3>\n\n\n\n<ul class=\"wp-block-list\"><li>Piscine publique<\/li><\/ul>\n\n\n\n<h3 class=\"wp-block-heading\">Mentions l\u00e9gales<\/h3>\n\n\n\n<p>Pas d&#8217;informations disponibles<\/p>\n\n\n\n<h3 class=\"wp-block-heading\">Prestations<\/h3>\n\n\n\n<ul class=\"wp-block-list\"><li>Interphone<\/li><\/ul>\n","protected":false},"excerpt":{"rendered":"<p>Venta Casa Cabo Roig, 5 Piezas, 3 Dormitorios, 240 M\u00b2, Precio: 1.485.000&nbsp;\u20ac Piezas&nbsp;5 piezas Superficie&nbsp;240 m\u00b2 Vista&nbsp;Panor\u00e1mica Campo de golf Superficies 3 Dormitorios 1 Cocina 5 Cuartos de ba\u00f1o 3 Cuartos de ba\u00f1o con ducha 1 Aparcamiento interior 1 Aparcamiento exterior 3 Terrazas&nbsp;109 m\u00b2 1 Jard\u00edn&nbsp;1075 m\u00b2 Cerca de Piscina p\u00fablica Prestaciones Portero autom\u00e1tico Sale &hellip; <\/p>\n<p class=\"link-more\"><a href=\"https:\/\/coelloglobal.com\/index.php\/casa-roig-murcia-1-485-000-e-ref-cg0053\/\" class=\"more-link\">Continue reading<span class=\"screen-reader-text\"> &#8220;Casa Roig Murcia 1.485.000 \u20ac Ref: CG0053&#8221;<\/span><\/a><\/p>\n","protected":false},"author":1,"featured_media":3506,"parent":0,"menu_order":0,"comment_status":"closed","ping_status":"closed","template":"","meta":{"footnotes":""},"class_list":["post-3499","page","type-page","status-publish","has-post-thumbnail","hentry"],"_links":{"self":[{"href":"https:\/\/coelloglobal.com\/index.php\/wp-json\/wp\/v2\/pages\/3499","targetHints":{"allow":["GET"]}}],"collection":[{"href":"https:\/\/coelloglobal.com\/index.php\/wp-json\/wp\/v2\/pages"}],"about":[{"href":"https:\/\/coelloglobal.com\/index.php\/wp-json\/wp\/v2\/types\/page"}],"author":[{"embeddable":true,"href":"https:\/\/coelloglobal.com\/index.php\/wp-json\/wp\/v2\/users\/1"}],"replies":[{"embeddable":true,"href":"https:\/\/coelloglobal.com\/index.php\/wp-json\/wp\/v2\/comments?post=3499"}],"version-history":[{"count":2,"href":"https:\/\/coelloglobal.com\/index.php\/wp-json\/wp\/v2\/pages\/3499\/revisions"}],"predecessor-version":[{"id":3510,"href":"https:\/\/coelloglobal.com\/index.php\/wp-json\/wp\/v2\/pages\/3499\/revisions\/3510"}],"wp:featuredmedia":[{"embeddable":true,"href":"https:\/\/coelloglobal.com\/index.php\/wp-json\/wp\/v2\/media\/3506"}],"wp:attachment":[{"href":"https:\/\/coelloglobal.com\/index.php\/wp-json\/wp\/v2\/media?parent=3499"}],"curies":[{"name":"wp","href":"https:\/\/api.w.org\/{rel}","templated":true}]}}