{"id":3513,"date":"2023-10-11T19:22:44","date_gmt":"2023-10-11T19:22:44","guid":{"rendered":"http:\/\/coelloglobal.com\/?page_id=3513"},"modified":"2023-10-11T19:23:46","modified_gmt":"2023-10-11T19:23:46","slug":"casa-banos-nuestra-senora-de-orito-elche-1-420-000-e-ref-cg0054","status":"publish","type":"page","link":"https:\/\/coelloglobal.com\/index.php\/casa-banos-nuestra-senora-de-orito-elche-1-420-000-e-ref-cg0054\/","title":{"rendered":"Casa Ba\u00f1os Nuestra Se\u00f1ora de Orito- Elche- 1.420.000 \u20ac Ref: CG0054"},"content":{"rendered":"\n<div id=\"wp-block-themeisle-blocks-slider-25ddbfb3\" class=\"wp-block-themeisle-blocks-slider glide\" data-per-view=\"1\" data-gap=\"0\" data-peek=\"0\" data-autoplay=\"true\" data-height=\"400px\"><div class=\"glide__track\" data-glide-el=\"track\"><div class=\"glide__slides\"><div class=\"wp-block-themeisle-blocks-slider-item-wrapper glide__slide\" tabindex=\"0\"><figure><img decoding=\"async\" class=\"wp-block-themeisle-blocks-slider-item\" src=\"http:\/\/coelloglobal.com\/wp-content\/uploads\/2023\/10\/foto-1-36.jpg\" alt=\"\" title=\"\" data-id=\"3527\"\/><\/figure><\/div><div class=\"wp-block-themeisle-blocks-slider-item-wrapper glide__slide\" tabindex=\"0\"><figure><img decoding=\"async\" class=\"wp-block-themeisle-blocks-slider-item\" src=\"http:\/\/coelloglobal.com\/wp-content\/uploads\/2023\/10\/foto-2-28.jpg\" alt=\"\" title=\"\" data-id=\"3528\"\/><\/figure><\/div><div class=\"wp-block-themeisle-blocks-slider-item-wrapper glide__slide\" tabindex=\"0\"><figure><img decoding=\"async\" class=\"wp-block-themeisle-blocks-slider-item\" src=\"http:\/\/coelloglobal.com\/wp-content\/uploads\/2023\/10\/foto-3-39.jpg\" alt=\"\" title=\"\" data-id=\"3529\"\/><\/figure><\/div><div class=\"wp-block-themeisle-blocks-slider-item-wrapper glide__slide\" tabindex=\"0\"><figure><img decoding=\"async\" class=\"wp-block-themeisle-blocks-slider-item\" src=\"http:\/\/coelloglobal.com\/wp-content\/uploads\/2023\/10\/foto-4-34.jpg\" alt=\"\" title=\"\" data-id=\"3530\"\/><\/figure><\/div><div class=\"wp-block-themeisle-blocks-slider-item-wrapper glide__slide\" tabindex=\"0\"><figure><img decoding=\"async\" class=\"wp-block-themeisle-blocks-slider-item\" src=\"http:\/\/coelloglobal.com\/wp-content\/uploads\/2023\/10\/foto-5-33.jpg\" alt=\"\" title=\"\" data-id=\"3531\"\/><\/figure><\/div><div class=\"wp-block-themeisle-blocks-slider-item-wrapper glide__slide\" tabindex=\"0\"><figure><img decoding=\"async\" class=\"wp-block-themeisle-blocks-slider-item\" src=\"http:\/\/coelloglobal.com\/wp-content\/uploads\/2023\/10\/foto-6-29.jpg\" alt=\"\" title=\"\" data-id=\"3532\"\/><\/figure><\/div><div class=\"wp-block-themeisle-blocks-slider-item-wrapper glide__slide\" tabindex=\"0\"><figure><img decoding=\"async\" class=\"wp-block-themeisle-blocks-slider-item\" src=\"http:\/\/coelloglobal.com\/wp-content\/uploads\/2023\/10\/foto-7-27.jpg\" alt=\"\" title=\"\" data-id=\"3533\"\/><\/figure><\/div><div class=\"wp-block-themeisle-blocks-slider-item-wrapper glide__slide\" tabindex=\"0\"><figure><img decoding=\"async\" class=\"wp-block-themeisle-blocks-slider-item\" src=\"http:\/\/coelloglobal.com\/wp-content\/uploads\/2023\/10\/foto-8-25.jpg\" alt=\"\" title=\"\" data-id=\"3534\"\/><\/figure><\/div><div class=\"wp-block-themeisle-blocks-slider-item-wrapper glide__slide\" tabindex=\"0\"><figure><img decoding=\"async\" class=\"wp-block-themeisle-blocks-slider-item\" src=\"http:\/\/coelloglobal.com\/wp-content\/uploads\/2023\/10\/foto-9-21.jpg\" alt=\"\" title=\"\" data-id=\"3535\"\/><\/figure><\/div><div class=\"wp-block-themeisle-blocks-slider-item-wrapper glide__slide\" tabindex=\"0\"><figure><img decoding=\"async\" class=\"wp-block-themeisle-blocks-slider-item\" src=\"http:\/\/coelloglobal.com\/wp-content\/uploads\/2023\/10\/foto-10-1-4.jpg\" alt=\"\" title=\"\" data-id=\"3536\"\/><\/figure><\/div><div class=\"wp-block-themeisle-blocks-slider-item-wrapper glide__slide\" tabindex=\"0\"><figure><img decoding=\"async\" class=\"wp-block-themeisle-blocks-slider-item\" src=\"http:\/\/coelloglobal.com\/wp-content\/uploads\/2023\/10\/foto-11-26.jpg\" alt=\"\" title=\"\" data-id=\"3537\"\/><\/figure><\/div><div class=\"wp-block-themeisle-blocks-slider-item-wrapper glide__slide\" tabindex=\"0\"><figure><img decoding=\"async\" class=\"wp-block-themeisle-blocks-slider-item\" src=\"http:\/\/coelloglobal.com\/wp-content\/uploads\/2023\/10\/foto-13-22.jpg\" alt=\"\" title=\"\" data-id=\"3538\"\/><\/figure><\/div><div class=\"wp-block-themeisle-blocks-slider-item-wrapper glide__slide\" tabindex=\"0\"><figure><img decoding=\"async\" class=\"wp-block-themeisle-blocks-slider-item\" src=\"http:\/\/coelloglobal.com\/wp-content\/uploads\/2023\/10\/foto-14-17.jpg\" alt=\"\" title=\"\" data-id=\"3539\"\/><\/figure><\/div><\/div><div class=\"glide__arrows\" data-glide-el=\"controls\"><button class=\"glide__arrow glide__arrow--left\" data-glide-dir=\"<\"><svg xmlns=\"http:\/\/www.w3.org\/2000\/svg\" width=\"18\" height=\"18\" viewbox=\"0 0 100 100\" role=\"img\" aria-hidden=\"true\" focusable=\"false\"><path d=\"M 10,50 L 60,100 L 70,90 L 30,50  L 70,10 L 60,0 Z\"><\/path><\/svg><\/button><button class=\"glide__arrow glide__arrow--right\" data-glide-dir=\"&gt;\"><svg xmlns=\"http:\/\/www.w3.org\/2000\/svg\" width=\"18\" height=\"18\" viewbox=\"0 0 100 100\" role=\"img\" aria-hidden=\"true\" focusable=\"false\"><path d=\"M 10,50 L 60,100 L 70,90 L 30,50  L 70,10 L 60,0 Z\"><\/path><\/svg><\/button><\/div><div class=\"glide__bullets\" data-glide-el=\"controls[nav]\"><button class=\"glide__bullet\" data-glide-dir=\"=0\"><\/button><button class=\"glide__bullet\" data-glide-dir=\"=1\"><\/button><button class=\"glide__bullet\" data-glide-dir=\"=2\"><\/button><button class=\"glide__bullet\" data-glide-dir=\"=3\"><\/button><button class=\"glide__bullet\" data-glide-dir=\"=4\"><\/button><button class=\"glide__bullet\" data-glide-dir=\"=5\"><\/button><button class=\"glide__bullet\" data-glide-dir=\"=6\"><\/button><button class=\"glide__bullet\" data-glide-dir=\"=7\"><\/button><button class=\"glide__bullet\" data-glide-dir=\"=8\"><\/button><button class=\"glide__bullet\" data-glide-dir=\"=9\"><\/button><button class=\"glide__bullet\" data-glide-dir=\"=10\"><\/button><button class=\"glide__bullet\" data-glide-dir=\"=11\"><\/button><button class=\"glide__bullet\" data-glide-dir=\"=12\"><\/button><\/div><\/div><\/div>\n\n\n\n<ul class=\"wp-block-list\"><li><a>Venta Casa Ba\u00f1os Nuestra Se\u00f1ora De Orito, 5 Piezas, 4 Dormitorios, 209 M\u00b2<\/a><\/li><li>Precio<a>:  1.420.000&nbsp;\u20ac<\/a><\/li><li>Piezas&nbsp;5 piezas<\/li><li>Superficie&nbsp;209 m\u00b2<\/li><li>Vista&nbsp;Panor\u00e1mica Campo de golf<\/li><\/ul>\n\n\n\n<ul class=\"wp-block-list\"><li><\/li><\/ul>\n\n\n\n<h3 class=\"wp-block-heading\">Superficies<\/h3>\n\n\n\n<ul class=\"wp-block-list\"><li>4 Dormitorios<\/li><li>3 Cuartos de ba\u00f1o<\/li><li>1 Terreno&nbsp;<strong>900 m\u00b2<\/strong><\/li><li>1 Aparcamiento interior<\/li><li>1 Sol\u00e1rium&nbsp;<strong>67 m\u00b2<\/strong><\/li><li>2 Terrazas&nbsp;<strong>71 m\u00b2<\/strong><\/li><li>1 Cocina<\/li><\/ul>\n\n\n\n<h3 class=\"wp-block-heading\">Cerca de<\/h3>\n\n\n\n<ul class=\"wp-block-list\"><li>Piscina p\u00fablica<\/li><\/ul>\n\n\n\n<h3 class=\"wp-block-heading\">Aviso legal<\/h3>\n\n\n\n<ul class=\"wp-block-list\"><li>Impuesto sobre Bienes Inmuebles&nbsp;<strong>700 \u20ac \/ a\u00f1o<\/strong><\/li><\/ul>\n\n\n\n<h3 class=\"wp-block-heading\">Prestaciones<\/h3>\n\n\n\n<ul class=\"wp-block-list\"><li>Portero autom\u00e1tico<\/li><\/ul>\n\n\n\n<ul class=\"wp-block-list\"><li><a>Sale House Ba\u00f1os Nuestra Se\u00f1ora De Orito, 5 Rooms, 4 Bedrooms, 209 M\u00b2, <\/a><\/li><li>Precio: <a>\u20ac1,420,000<\/a><\/li><li>Rooms&nbsp;5 rooms<\/li><li>Area&nbsp;209 m\u00b2<\/li><li>View&nbsp;Panoramic Golf<\/li><\/ul>\n\n\n\n<ul class=\"wp-block-list\"><li><\/li><\/ul>\n\n\n\n<h3 class=\"wp-block-heading\">Areas<\/h3>\n\n\n\n<ul class=\"wp-block-list\"><li>4 Bedrooms<\/li><li>3 Bathrooms<\/li><li>1 Land&nbsp;<strong>900 m\u00b2<\/strong><\/li><li>1 Indoor parking<\/li><li>1 Solarium&nbsp;<strong>67 m\u00b2<\/strong><\/li><li>2 Terraces&nbsp;<strong>71 m\u00b2<\/strong><\/li><li>1 Kitchen<\/li><\/ul>\n\n\n\n<h3 class=\"wp-block-heading\">Proximities<\/h3>\n\n\n\n<ul class=\"wp-block-list\"><li>Public pool<\/li><\/ul>\n\n\n\n<h3 class=\"wp-block-heading\">Legal notice<\/h3>\n\n\n\n<ul class=\"wp-block-list\"><li>Land value tax&nbsp;<strong>700 \u20ac \/ year<\/strong><\/li><\/ul>\n\n\n\n<h3 class=\"wp-block-heading\">Services<\/h3>\n\n\n\n<ul class=\"wp-block-list\"><li>Intercom<\/li><\/ul>\n\n\n\n<ul class=\"wp-block-list\"><li><a>Vente Maison Ba\u00f1os Nuestra Se\u00f1ora De Orito, 5 Pi\u00e8ces, 4 Chambres, 209 M\u00b2, 1\u202f420\u202f000&nbsp;\u20ac<\/a><\/li><\/ul>\n\n\n\n<p>R\u00e9gion : Costa Blanca<br><br>Magnifique Villa Individuelle dans le Golf Font del Llop<br><br>Maison type Everest<br><br>Caract\u00e9ristiques : 4 chambres, 3 salles de bain, Cuisine ouverte, Salle \u00e0 manger, Salon ouvert sur la piscine, Grande terrasse de 71 m\u00b2 et Solarium de 67 m\u00b2.<br><br>Grande Piscine Priv\u00e9e<br><br>Terrain de 900 m\u00b2 en premi\u00e8re ligne du Golf<br><br>Distribution:<br><br>3 grandes chambres au rez de chauss\u00e9s de 21,60 m\u00b2, 12,75 m\u00b2 et 12,75 m\u00b2<br><br>1 Grande Chambre Type Studio \u00e0 l\u2019\u00e9tage de 23,65 m\u00b2.<br><br>Cette propri\u00e9t\u00e9 id\u00e9alement situ\u00e9e b\u00e9n\u00e9ficie d\u2019une vue fantastique sur le terrain de golf.<br><br>Toutes disposent de grandes fen\u00eatres prot\u00e9g\u00e9es qui laissent filtrer la lumi\u00e8re, ce qui apporte une lumi\u00e8re douce et naturelle, et garder le plus possible de chaleur en hiver.<br><br>Bel endroit avec beaucoup de plantes propres \u00e0 votre r\u00e9gion qui n\u00e9cessitent moins d\u2019eau, absorbent des \u00e9missions de CO2, purifient l\u2019air et cr\u00e9ent une ventilation transversale.<br><br>Extras en option :<br><br>&#8211; Sous sol int\u00e9gral de 197 m\u00b2 = + 56 000\u20ac<br><br>Dans un Golf<br>Plage \u00e0 10 minutes<br><br>Neuf direct promoteur Garantie 10 ans<br><br>Disponible d\u00e9but 2024<br><\/p>\n\n\n\n<p>Pi\u00e8ces&nbsp;5 pi\u00e8ces<\/p>\n\n\n\n<p>Surface&nbsp;209 m\u00b2 Vue&nbsp;Panoramique Golf<\/p>\n","protected":false},"excerpt":{"rendered":"<p>Venta Casa Ba\u00f1os Nuestra Se\u00f1ora De Orito, 5 Piezas, 4 Dormitorios, 209 M\u00b2 Precio: 1.420.000&nbsp;\u20ac Piezas&nbsp;5 piezas Superficie&nbsp;209 m\u00b2 Vista&nbsp;Panor\u00e1mica Campo de golf Superficies 4 Dormitorios 3 Cuartos de ba\u00f1o 1 Terreno&nbsp;900 m\u00b2 1 Aparcamiento interior 1 Sol\u00e1rium&nbsp;67 m\u00b2 2 Terrazas&nbsp;71 m\u00b2 1 Cocina Cerca de Piscina p\u00fablica Aviso legal Impuesto sobre Bienes Inmuebles&nbsp;700 \u20ac &hellip; <\/p>\n<p class=\"link-more\"><a href=\"https:\/\/coelloglobal.com\/index.php\/casa-banos-nuestra-senora-de-orito-elche-1-420-000-e-ref-cg0054\/\" class=\"more-link\">Continue reading<span class=\"screen-reader-text\"> &#8220;Casa Ba\u00f1os Nuestra Se\u00f1ora de Orito- Elche- 1.420.000 \u20ac Ref: CG0054&#8221;<\/span><\/a><\/p>\n","protected":false},"author":1,"featured_media":3532,"parent":0,"menu_order":0,"comment_status":"closed","ping_status":"closed","template":"","meta":{"footnotes":""},"class_list":["post-3513","page","type-page","status-publish","has-post-thumbnail","hentry"],"_links":{"self":[{"href":"https:\/\/coelloglobal.com\/index.php\/wp-json\/wp\/v2\/pages\/3513","targetHints":{"allow":["GET"]}}],"collection":[{"href":"https:\/\/coelloglobal.com\/index.php\/wp-json\/wp\/v2\/pages"}],"about":[{"href":"https:\/\/coelloglobal.com\/index.php\/wp-json\/wp\/v2\/types\/page"}],"author":[{"embeddable":true,"href":"https:\/\/coelloglobal.com\/index.php\/wp-json\/wp\/v2\/users\/1"}],"replies":[{"embeddable":true,"href":"https:\/\/coelloglobal.com\/index.php\/wp-json\/wp\/v2\/comments?post=3513"}],"version-history":[{"count":2,"href":"https:\/\/coelloglobal.com\/index.php\/wp-json\/wp\/v2\/pages\/3513\/revisions"}],"predecessor-version":[{"id":3542,"href":"https:\/\/coelloglobal.com\/index.php\/wp-json\/wp\/v2\/pages\/3513\/revisions\/3542"}],"wp:featuredmedia":[{"embeddable":true,"href":"https:\/\/coelloglobal.com\/index.php\/wp-json\/wp\/v2\/media\/3532"}],"wp:attachment":[{"href":"https:\/\/coelloglobal.com\/index.php\/wp-json\/wp\/v2\/media?parent=3513"}],"curies":[{"name":"wp","href":"https:\/\/api.w.org\/{rel}","templated":true}]}}