{"id":3575,"date":"2023-10-12T14:45:48","date_gmt":"2023-10-12T14:45:48","guid":{"rendered":"http:\/\/coelloglobal.com\/?page_id=3575"},"modified":"2023-10-12T14:47:59","modified_gmt":"2023-10-12T14:47:59","slug":"casa-denia-1-240-000-e-ref-cg0056","status":"publish","type":"page","link":"https:\/\/coelloglobal.com\/index.php\/casa-denia-1-240-000-e-ref-cg0056\/","title":{"rendered":"Casa Denia 1.240.000 \u20ac Ref: CG0057"},"content":{"rendered":"\n<div id=\"wp-block-themeisle-blocks-slider-f64fd421\" class=\"wp-block-themeisle-blocks-slider glide\" data-per-view=\"1\" data-gap=\"0\" data-peek=\"0\" data-autoplay=\"true\" data-height=\"400px\"><div class=\"glide__track\" data-glide-el=\"track\"><div class=\"glide__slides\"><div class=\"wp-block-themeisle-blocks-slider-item-wrapper glide__slide\" tabindex=\"0\"><figure><img decoding=\"async\" class=\"wp-block-themeisle-blocks-slider-item\" src=\"http:\/\/coelloglobal.com\/wp-content\/uploads\/2023\/10\/foto-1a.png\" alt=\"\" title=\"\" data-id=\"3576\"\/><\/figure><\/div><div class=\"wp-block-themeisle-blocks-slider-item-wrapper glide__slide\" tabindex=\"0\"><figure><img decoding=\"async\" class=\"wp-block-themeisle-blocks-slider-item\" src=\"http:\/\/coelloglobal.com\/wp-content\/uploads\/2023\/10\/foto-2.png\" alt=\"\" title=\"\" data-id=\"3577\"\/><\/figure><\/div><div class=\"wp-block-themeisle-blocks-slider-item-wrapper glide__slide\" tabindex=\"0\"><figure><img decoding=\"async\" class=\"wp-block-themeisle-blocks-slider-item\" src=\"http:\/\/coelloglobal.com\/wp-content\/uploads\/2023\/10\/foto-3.png\" alt=\"\" title=\"\" data-id=\"3578\"\/><\/figure><\/div><div class=\"wp-block-themeisle-blocks-slider-item-wrapper glide__slide\" tabindex=\"0\"><figure><img decoding=\"async\" class=\"wp-block-themeisle-blocks-slider-item\" src=\"http:\/\/coelloglobal.com\/wp-content\/uploads\/2023\/10\/foto-4.png\" alt=\"\" title=\"\" data-id=\"3579\"\/><\/figure><\/div><div class=\"wp-block-themeisle-blocks-slider-item-wrapper glide__slide\" tabindex=\"0\"><figure><img decoding=\"async\" class=\"wp-block-themeisle-blocks-slider-item\" src=\"http:\/\/coelloglobal.com\/wp-content\/uploads\/2023\/10\/foto-5.png\" alt=\"\" title=\"\" data-id=\"3580\"\/><\/figure><\/div><div class=\"wp-block-themeisle-blocks-slider-item-wrapper glide__slide\" tabindex=\"0\"><figure><img decoding=\"async\" class=\"wp-block-themeisle-blocks-slider-item\" src=\"http:\/\/coelloglobal.com\/wp-content\/uploads\/2023\/10\/foto-6.png\" alt=\"\" title=\"\" data-id=\"3581\"\/><\/figure><\/div><div class=\"wp-block-themeisle-blocks-slider-item-wrapper glide__slide\" tabindex=\"0\"><figure><img decoding=\"async\" class=\"wp-block-themeisle-blocks-slider-item\" src=\"http:\/\/coelloglobal.com\/wp-content\/uploads\/2023\/10\/foto-7-.png\" alt=\"\" title=\"\" data-id=\"3582\"\/><\/figure><\/div><div class=\"wp-block-themeisle-blocks-slider-item-wrapper glide__slide\" tabindex=\"0\"><figure><img decoding=\"async\" class=\"wp-block-themeisle-blocks-slider-item\" src=\"http:\/\/coelloglobal.com\/wp-content\/uploads\/2023\/10\/foto-8.png\" alt=\"\" title=\"\" data-id=\"3583\"\/><\/figure><\/div><div class=\"wp-block-themeisle-blocks-slider-item-wrapper glide__slide\" tabindex=\"0\"><figure><img decoding=\"async\" class=\"wp-block-themeisle-blocks-slider-item\" src=\"http:\/\/coelloglobal.com\/wp-content\/uploads\/2023\/10\/foto-9.png\" alt=\"\" title=\"\" data-id=\"3584\"\/><\/figure><\/div><div class=\"wp-block-themeisle-blocks-slider-item-wrapper glide__slide\" tabindex=\"0\"><figure><img decoding=\"async\" class=\"wp-block-themeisle-blocks-slider-item\" src=\"http:\/\/coelloglobal.com\/wp-content\/uploads\/2023\/10\/foto-10-.png\" alt=\"\" title=\"\" data-id=\"3585\"\/><\/figure><\/div><div class=\"wp-block-themeisle-blocks-slider-item-wrapper glide__slide\" tabindex=\"0\"><figure><img decoding=\"async\" class=\"wp-block-themeisle-blocks-slider-item\" src=\"http:\/\/coelloglobal.com\/wp-content\/uploads\/2023\/10\/foto-11.png\" alt=\"\" title=\"\" data-id=\"3586\"\/><\/figure><\/div><div class=\"wp-block-themeisle-blocks-slider-item-wrapper glide__slide\" tabindex=\"0\"><figure><img decoding=\"async\" class=\"wp-block-themeisle-blocks-slider-item\" src=\"http:\/\/coelloglobal.com\/wp-content\/uploads\/2023\/10\/foto-12.png\" alt=\"\" title=\"\" data-id=\"3587\"\/><\/figure><\/div><\/div><div class=\"glide__arrows\" data-glide-el=\"controls\"><button class=\"glide__arrow glide__arrow--left\" data-glide-dir=\"<\"><svg xmlns=\"http:\/\/www.w3.org\/2000\/svg\" width=\"18\" height=\"18\" viewbox=\"0 0 100 100\" role=\"img\" aria-hidden=\"true\" focusable=\"false\"><path d=\"M 10,50 L 60,100 L 70,90 L 30,50  L 70,10 L 60,0 Z\"><\/path><\/svg><\/button><button class=\"glide__arrow glide__arrow--right\" data-glide-dir=\"&gt;\"><svg xmlns=\"http:\/\/www.w3.org\/2000\/svg\" width=\"18\" height=\"18\" viewbox=\"0 0 100 100\" role=\"img\" aria-hidden=\"true\" focusable=\"false\"><path d=\"M 10,50 L 60,100 L 70,90 L 30,50  L 70,10 L 60,0 Z\"><\/path><\/svg><\/button><\/div><div class=\"glide__bullets\" data-glide-el=\"controls[nav]\"><button class=\"glide__bullet\" data-glide-dir=\"=0\"><\/button><button class=\"glide__bullet\" data-glide-dir=\"=1\"><\/button><button class=\"glide__bullet\" data-glide-dir=\"=2\"><\/button><button class=\"glide__bullet\" data-glide-dir=\"=3\"><\/button><button class=\"glide__bullet\" data-glide-dir=\"=4\"><\/button><button class=\"glide__bullet\" data-glide-dir=\"=5\"><\/button><button class=\"glide__bullet\" data-glide-dir=\"=6\"><\/button><button class=\"glide__bullet\" data-glide-dir=\"=7\"><\/button><button class=\"glide__bullet\" data-glide-dir=\"=8\"><\/button><button class=\"glide__bullet\" data-glide-dir=\"=9\"><\/button><button class=\"glide__bullet\" data-glide-dir=\"=10\"><\/button><button class=\"glide__bullet\" data-glide-dir=\"=11\"><\/button><\/div><\/div><\/div>\n\n\n\n<ul class=\"wp-block-list\"><li><a>Venta Casa D\u00e9nia, 6 Piezas, 4 Dormitorios, 289 M\u00b2, <\/a><\/li><li>Precio:<a>1.240.000&nbsp;\u20ac<\/a><\/li><li>Piezas&nbsp;6 piezas<\/li><li>Superficie&nbsp;289 m\u00b2<\/li><li>Vista&nbsp;Panor\u00e1mica<\/li><\/ul>\n\n\n\n<h3 class=\"wp-block-heading\">Superficies<\/h3>\n\n\n\n<ul class=\"wp-block-list\"><li>4 Dormitorios<\/li><li>1 Cocina<\/li><li>4 Cuartos de ba\u00f1o<\/li><li>1 Terreno&nbsp;<strong>801 m\u00b2<\/strong><\/li><li>2 Aparcamientos interior<\/li><li>1 Jard\u00edn&nbsp;<strong>801 m\u00b2<\/strong><\/li><li>3 Terrazas<\/li><\/ul>\n\n\n\n<h3 class=\"wp-block-heading\">Cerca de<\/h3>\n\n\n\n<ul class=\"wp-block-list\"><li>Piscina p\u00fablica<\/li><\/ul>\n\n\n\n<h3 class=\"wp-block-heading\">Prestaciones<\/h3>\n\n\n\n<ul class=\"wp-block-list\"><li>Portero autom\u00e1tico<\/li><\/ul>\n\n\n\n<ul class=\"wp-block-list\"><li><a>Sale House D\u00e9nia, 6 Rooms, 4 Bedrooms, 289 M\u00b2, \u20ac<\/a><\/li><li>Price: <a>1,240,000<\/a><\/li><li>Rooms&nbsp;6 rooms<\/li><li>Area&nbsp;289 m\u00b2<\/li><li>View&nbsp;Panoramic<\/li><li><\/li><\/ul>\n\n\n\n<h3 class=\"wp-block-heading\">Areas<\/h3>\n\n\n\n<ul class=\"wp-block-list\"><li>4 Bedrooms<\/li><li>1 Kitchen<\/li><li>4 Bathrooms<\/li><li>1 Land&nbsp;<strong>801 m\u00b2<\/strong><\/li><li>2 Indoor parkings<\/li><li>1 Garden&nbsp;<strong>801 m\u00b2<\/strong><\/li><li>3 Terraces<\/li><\/ul>\n\n\n\n<h3 class=\"wp-block-heading\">Proximities<\/h3>\n\n\n\n<ul class=\"wp-block-list\"><li>Public pool<\/li><\/ul>\n\n\n\n<h3 class=\"wp-block-heading\">Services<\/h3>\n\n\n\n<ul class=\"wp-block-list\"><li>Intercom<\/li><\/ul>\n\n\n\n<ul class=\"wp-block-list\"><li><a>Vente Maison D\u00e9nia, 6 Pi\u00e8ces, 4 Chambres, 289 M\u00b2, 1\u202f240\u202f000&nbsp;\u20ac<\/a><\/li><\/ul>\n\n\n\n<p>R\u00e9gion: Costa Blanca<br><br>Superbe Villa Luxueuse T6 \u00e0 D\u00e9nia<br><br>Caract\u00e9ristiques : 4 chambres, 4 salles de bain , Cuisine ouverte, Salle \u00e0 manger, Grandes Terrasses, sur un terrain de 801 m2 avec son jardin m\u00e9diterran\u00e9en. &#8230; etc &#8230;<br><br>Terrain de 801 m2<br><br>Grande Piscine \u00e0 d\u00e9bordement.<br><br>Situation privil\u00e9gi\u00e9e \u00e0 deux pas du port et de la ville .<br><br>La plage est \u00e0 1 km<br><br>Terrain de golf \u00e0 10 km (Golf La Sella)<br><br>Plusieurs Supermarch\u00e9 \u00e0 moins de 5 Km<br><br>L&#8217;a\u00e9roport d&#8217;Alicante est \u00e0 108 km.<br><br>L&#8217;a\u00e9roport de Valence est \u00e0 117 km.<br><br>Neuf direct promoteur Garantie 10 ans<br><br>Disponible 2024<\/p>\n\n\n\n<p>Pi\u00e8ces&nbsp;6 pi\u00e8ces<\/p>\n\n\n\n<p>Surface&nbsp;289 m\u00b2<\/p>\n\n\n\n<p>Vue&nbsp;Panoramique<\/p>\n\n\n\n<h3 class=\"wp-block-heading\">Surfaces<\/h3>\n\n\n\n<ul class=\"wp-block-list\"><li>4 Chambres<\/li><li>1 Cuisine&nbsp;<strong>Am\u00e9nag\u00e9e Am\u00e9ricaine<\/strong><\/li><li>4 Salles de bains<\/li><li>1 Terrain&nbsp;<strong>801 m\u00b2<\/strong><\/li><li>2 Parkings int\u00e9rieurs<\/li><li>1 Jardin&nbsp;<strong>801 m\u00b2<\/strong><\/li><li>3 Terrasses<\/li><\/ul>\n\n\n\n<h3 class=\"wp-block-heading\">Proximit\u00e9s<\/h3>\n\n\n\n<ul class=\"wp-block-list\"><li>Piscine publique<\/li><\/ul>\n\n\n\n<h3 class=\"wp-block-heading\">Mentions l\u00e9gales<\/h3>\n\n\n\n<p>Pas d&#8217;informations disponibles<\/p>\n\n\n\n<h3 class=\"wp-block-heading\">Prestations<\/h3>\n\n\n\n<ul class=\"wp-block-list\"><li>Interphone<\/li><\/ul>\n","protected":false},"excerpt":{"rendered":"<p>Venta Casa D\u00e9nia, 6 Piezas, 4 Dormitorios, 289 M\u00b2, Precio:1.240.000&nbsp;\u20ac Piezas&nbsp;6 piezas Superficie&nbsp;289 m\u00b2 Vista&nbsp;Panor\u00e1mica Superficies 4 Dormitorios 1 Cocina 4 Cuartos de ba\u00f1o 1 Terreno&nbsp;801 m\u00b2 2 Aparcamientos interior 1 Jard\u00edn&nbsp;801 m\u00b2 3 Terrazas Cerca de Piscina p\u00fablica Prestaciones Portero autom\u00e1tico Sale House D\u00e9nia, 6 Rooms, 4 Bedrooms, 289 M\u00b2, \u20ac Price: 1,240,000 Rooms&nbsp;6 &hellip; <\/p>\n<p class=\"link-more\"><a href=\"https:\/\/coelloglobal.com\/index.php\/casa-denia-1-240-000-e-ref-cg0056\/\" class=\"more-link\">Continue reading<span class=\"screen-reader-text\"> &#8220;Casa Denia 1.240.000 \u20ac Ref: CG0057&#8221;<\/span><\/a><\/p>\n","protected":false},"author":1,"featured_media":3583,"parent":0,"menu_order":0,"comment_status":"closed","ping_status":"closed","template":"","meta":{"footnotes":""},"class_list":["post-3575","page","type-page","status-publish","has-post-thumbnail","hentry"],"_links":{"self":[{"href":"https:\/\/coelloglobal.com\/index.php\/wp-json\/wp\/v2\/pages\/3575","targetHints":{"allow":["GET"]}}],"collection":[{"href":"https:\/\/coelloglobal.com\/index.php\/wp-json\/wp\/v2\/pages"}],"about":[{"href":"https:\/\/coelloglobal.com\/index.php\/wp-json\/wp\/v2\/types\/page"}],"author":[{"embeddable":true,"href":"https:\/\/coelloglobal.com\/index.php\/wp-json\/wp\/v2\/users\/1"}],"replies":[{"embeddable":true,"href":"https:\/\/coelloglobal.com\/index.php\/wp-json\/wp\/v2\/comments?post=3575"}],"version-history":[{"count":3,"href":"https:\/\/coelloglobal.com\/index.php\/wp-json\/wp\/v2\/pages\/3575\/revisions"}],"predecessor-version":[{"id":3592,"href":"https:\/\/coelloglobal.com\/index.php\/wp-json\/wp\/v2\/pages\/3575\/revisions\/3592"}],"wp:featuredmedia":[{"embeddable":true,"href":"https:\/\/coelloglobal.com\/index.php\/wp-json\/wp\/v2\/media\/3583"}],"wp:attachment":[{"href":"https:\/\/coelloglobal.com\/index.php\/wp-json\/wp\/v2\/media?parent=3575"}],"curies":[{"name":"wp","href":"https:\/\/api.w.org\/{rel}","templated":true}]}}