{"id":3620,"date":"2023-10-12T14:59:27","date_gmt":"2023-10-12T14:59:27","guid":{"rendered":"http:\/\/coelloglobal.com\/?page_id=3620"},"modified":"2023-10-12T15:01:31","modified_gmt":"2023-10-12T15:01:31","slug":"piso-en-marbella-195-000-e-ref-cg0059","status":"publish","type":"page","link":"https:\/\/coelloglobal.com\/index.php\/piso-en-marbella-195-000-e-ref-cg0059\/","title":{"rendered":"Piso en Marbella 1.195.000 \u20ac Ref: CG0059"},"content":{"rendered":"\n<div id=\"wp-block-themeisle-blocks-slider-a2263da7\" class=\"wp-block-themeisle-blocks-slider glide\" data-per-view=\"1\" data-gap=\"0\" data-peek=\"0\" data-autoplay=\"true\" data-height=\"400px\"><div class=\"glide__track\" data-glide-el=\"track\"><div class=\"glide__slides\"><div class=\"wp-block-themeisle-blocks-slider-item-wrapper glide__slide\" tabindex=\"0\"><figure><img decoding=\"async\" class=\"wp-block-themeisle-blocks-slider-item\" src=\"http:\/\/coelloglobal.com\/wp-content\/uploads\/2023\/10\/foto-1-2.png\" alt=\"\" title=\"\" data-id=\"3621\"\/><\/figure><\/div><div class=\"wp-block-themeisle-blocks-slider-item-wrapper glide__slide\" tabindex=\"0\"><figure><img decoding=\"async\" class=\"wp-block-themeisle-blocks-slider-item\" src=\"http:\/\/coelloglobal.com\/wp-content\/uploads\/2023\/10\/foto-2-2.png\" alt=\"\" title=\"\" data-id=\"3622\"\/><\/figure><\/div><div class=\"wp-block-themeisle-blocks-slider-item-wrapper glide__slide\" tabindex=\"0\"><figure><img decoding=\"async\" class=\"wp-block-themeisle-blocks-slider-item\" src=\"http:\/\/coelloglobal.com\/wp-content\/uploads\/2023\/10\/foto-3-2.png\" alt=\"\" title=\"\" data-id=\"3623\"\/><\/figure><\/div><div class=\"wp-block-themeisle-blocks-slider-item-wrapper glide__slide\" tabindex=\"0\"><figure><img decoding=\"async\" class=\"wp-block-themeisle-blocks-slider-item\" src=\"http:\/\/coelloglobal.com\/wp-content\/uploads\/2023\/10\/foto-4-2.png\" alt=\"\" title=\"\" data-id=\"3624\"\/><\/figure><\/div><div class=\"wp-block-themeisle-blocks-slider-item-wrapper glide__slide\" tabindex=\"0\"><figure><img decoding=\"async\" class=\"wp-block-themeisle-blocks-slider-item\" src=\"http:\/\/coelloglobal.com\/wp-content\/uploads\/2023\/10\/foto-5-2.png\" alt=\"\" title=\"\" data-id=\"3625\"\/><\/figure><\/div><div class=\"wp-block-themeisle-blocks-slider-item-wrapper glide__slide\" tabindex=\"0\"><figure><img decoding=\"async\" class=\"wp-block-themeisle-blocks-slider-item\" src=\"http:\/\/coelloglobal.com\/wp-content\/uploads\/2023\/10\/foto-6-2.png\" alt=\"\" title=\"\" data-id=\"3626\"\/><\/figure><\/div><div class=\"wp-block-themeisle-blocks-slider-item-wrapper glide__slide\" tabindex=\"0\"><figure><img decoding=\"async\" class=\"wp-block-themeisle-blocks-slider-item\" src=\"http:\/\/coelloglobal.com\/wp-content\/uploads\/2023\/10\/foto-7-1.png\" alt=\"\" title=\"\" data-id=\"3627\"\/><\/figure><\/div><div class=\"wp-block-themeisle-blocks-slider-item-wrapper glide__slide\" tabindex=\"0\"><figure><img decoding=\"async\" class=\"wp-block-themeisle-blocks-slider-item\" src=\"http:\/\/coelloglobal.com\/wp-content\/uploads\/2023\/10\/foto-8-2.png\" alt=\"\" title=\"\" data-id=\"3628\"\/><\/figure><\/div><div class=\"wp-block-themeisle-blocks-slider-item-wrapper glide__slide\" tabindex=\"0\"><figure><img decoding=\"async\" class=\"wp-block-themeisle-blocks-slider-item\" src=\"http:\/\/coelloglobal.com\/wp-content\/uploads\/2023\/10\/foto-9-2.png\" alt=\"\" title=\"\" data-id=\"3629\"\/><\/figure><\/div><div class=\"wp-block-themeisle-blocks-slider-item-wrapper glide__slide\" tabindex=\"0\"><figure><img decoding=\"async\" class=\"wp-block-themeisle-blocks-slider-item\" src=\"http:\/\/coelloglobal.com\/wp-content\/uploads\/2023\/10\/foto-10-1.png\" alt=\"\" title=\"\" data-id=\"3630\"\/><\/figure><\/div><div class=\"wp-block-themeisle-blocks-slider-item-wrapper glide__slide\" tabindex=\"0\"><figure><img decoding=\"async\" class=\"wp-block-themeisle-blocks-slider-item\" src=\"http:\/\/coelloglobal.com\/wp-content\/uploads\/2023\/10\/foto-11-2.png\" alt=\"\" title=\"\" data-id=\"3631\"\/><\/figure><\/div><div class=\"wp-block-themeisle-blocks-slider-item-wrapper glide__slide\" tabindex=\"0\"><figure><img decoding=\"async\" class=\"wp-block-themeisle-blocks-slider-item\" src=\"http:\/\/coelloglobal.com\/wp-content\/uploads\/2023\/10\/foto-12-2.png\" alt=\"\" title=\"\" data-id=\"3632\"\/><\/figure><\/div><div class=\"wp-block-themeisle-blocks-slider-item-wrapper glide__slide\" tabindex=\"0\"><figure><img decoding=\"async\" class=\"wp-block-themeisle-blocks-slider-item\" src=\"http:\/\/coelloglobal.com\/wp-content\/uploads\/2023\/10\/foto-13-1.png\" alt=\"\" title=\"\" data-id=\"3633\"\/><\/figure><\/div><div class=\"wp-block-themeisle-blocks-slider-item-wrapper glide__slide\" tabindex=\"0\"><figure><img decoding=\"async\" class=\"wp-block-themeisle-blocks-slider-item\" src=\"http:\/\/coelloglobal.com\/wp-content\/uploads\/2023\/10\/foto-14-1.png\" alt=\"\" title=\"\" data-id=\"3634\"\/><\/figure><\/div><div class=\"wp-block-themeisle-blocks-slider-item-wrapper glide__slide\" tabindex=\"0\"><figure><img decoding=\"async\" class=\"wp-block-themeisle-blocks-slider-item\" src=\"http:\/\/coelloglobal.com\/wp-content\/uploads\/2023\/10\/foto-15-1.png\" alt=\"\" title=\"\" data-id=\"3635\"\/><\/figure><\/div><div class=\"wp-block-themeisle-blocks-slider-item-wrapper glide__slide\" tabindex=\"0\"><figure><img decoding=\"async\" class=\"wp-block-themeisle-blocks-slider-item\" src=\"http:\/\/coelloglobal.com\/wp-content\/uploads\/2023\/10\/foto-16-1.png\" alt=\"\" title=\"\" data-id=\"3636\"\/><\/figure><\/div><div class=\"wp-block-themeisle-blocks-slider-item-wrapper glide__slide\" tabindex=\"0\"><figure><img decoding=\"async\" class=\"wp-block-themeisle-blocks-slider-item\" src=\"http:\/\/coelloglobal.com\/wp-content\/uploads\/2023\/10\/foto-17-1.png\" alt=\"\" title=\"\" data-id=\"3637\"\/><\/figure><\/div><div class=\"wp-block-themeisle-blocks-slider-item-wrapper glide__slide\" tabindex=\"0\"><figure><img decoding=\"async\" class=\"wp-block-themeisle-blocks-slider-item\" src=\"http:\/\/coelloglobal.com\/wp-content\/uploads\/2023\/10\/foto-18-1.png\" alt=\"\" title=\"\" data-id=\"3638\"\/><\/figure><\/div><div class=\"wp-block-themeisle-blocks-slider-item-wrapper glide__slide\" tabindex=\"0\"><figure><img decoding=\"async\" class=\"wp-block-themeisle-blocks-slider-item\" src=\"http:\/\/coelloglobal.com\/wp-content\/uploads\/2023\/10\/foto-19-1.png\" alt=\"\" title=\"\" data-id=\"3639\"\/><\/figure><\/div><div class=\"wp-block-themeisle-blocks-slider-item-wrapper glide__slide\" tabindex=\"0\"><figure><img decoding=\"async\" class=\"wp-block-themeisle-blocks-slider-item\" src=\"http:\/\/coelloglobal.com\/wp-content\/uploads\/2023\/10\/foto-20-1.png\" alt=\"\" title=\"\" data-id=\"3640\"\/><\/figure><\/div><\/div><div class=\"glide__arrows\" data-glide-el=\"controls\"><button class=\"glide__arrow glide__arrow--left\" data-glide-dir=\"<\"><svg xmlns=\"http:\/\/www.w3.org\/2000\/svg\" width=\"18\" height=\"18\" viewbox=\"0 0 100 100\" role=\"img\" aria-hidden=\"true\" focusable=\"false\"><path d=\"M 10,50 L 60,100 L 70,90 L 30,50  L 70,10 L 60,0 Z\"><\/path><\/svg><\/button><button class=\"glide__arrow glide__arrow--right\" data-glide-dir=\"&gt;\"><svg xmlns=\"http:\/\/www.w3.org\/2000\/svg\" width=\"18\" height=\"18\" viewbox=\"0 0 100 100\" role=\"img\" aria-hidden=\"true\" focusable=\"false\"><path d=\"M 10,50 L 60,100 L 70,90 L 30,50  L 70,10 L 60,0 Z\"><\/path><\/svg><\/button><\/div><div class=\"glide__bullets\" data-glide-el=\"controls[nav]\"><button class=\"glide__bullet\" data-glide-dir=\"=0\"><\/button><button class=\"glide__bullet\" data-glide-dir=\"=1\"><\/button><button class=\"glide__bullet\" data-glide-dir=\"=2\"><\/button><button class=\"glide__bullet\" data-glide-dir=\"=3\"><\/button><button class=\"glide__bullet\" data-glide-dir=\"=4\"><\/button><button class=\"glide__bullet\" data-glide-dir=\"=5\"><\/button><button class=\"glide__bullet\" data-glide-dir=\"=6\"><\/button><button class=\"glide__bullet\" data-glide-dir=\"=7\"><\/button><button class=\"glide__bullet\" data-glide-dir=\"=8\"><\/button><button class=\"glide__bullet\" data-glide-dir=\"=9\"><\/button><button class=\"glide__bullet\" data-glide-dir=\"=10\"><\/button><button class=\"glide__bullet\" data-glide-dir=\"=11\"><\/button><button class=\"glide__bullet\" data-glide-dir=\"=12\"><\/button><button class=\"glide__bullet\" data-glide-dir=\"=13\"><\/button><button class=\"glide__bullet\" data-glide-dir=\"=14\"><\/button><button class=\"glide__bullet\" data-glide-dir=\"=15\"><\/button><button class=\"glide__bullet\" data-glide-dir=\"=16\"><\/button><button class=\"glide__bullet\" data-glide-dir=\"=17\"><\/button><button class=\"glide__bullet\" data-glide-dir=\"=18\"><\/button><button class=\"glide__bullet\" data-glide-dir=\"=19\"><\/button><\/div><\/div><\/div>\n\n\n\n<ul class=\"wp-block-list\"><li><a>Venta Piso Marbella, <\/a><\/li><li><a>5 Piezas, <\/a><\/li><li><a>4 Dormitorios, <\/a><\/li><li><a>177 M\u00b2, <\/a><\/li><li>Precio: <a>1.195.000&nbsp;\u20ac<\/a><\/li><li>Piezas&nbsp;5 piezas<\/li><li>Superficie&nbsp;177 m\u00b2<\/li><li>Vista&nbsp;Panor\u00e1mica<\/li><li><\/li><\/ul>\n\n\n\n<h3 class=\"wp-block-heading\">Superficies<\/h3>\n\n\n\n<ul class=\"wp-block-list\"><li>4 Dormitorios<\/li><li>1 Cocina<\/li><li>4 Cuartos de ba\u00f1o<\/li><li>1 Aseo<\/li><li>1 Aparcamiento interior<\/li><li>1 Terraza&nbsp;<strong>32 m\u00b2<\/strong><\/li><\/ul>\n\n\n\n<h3 class=\"wp-block-heading\">Cerca de<\/h3>\n\n\n\n<ul class=\"wp-block-list\"><li>Piscina p\u00fablica<\/li><\/ul>\n\n\n\n<h3 class=\"wp-block-heading\">Aviso legal<\/h3>\n\n\n\n<ul class=\"wp-block-list\"><li>Impuesto sobre Bienes Inmuebles&nbsp;<strong>750 \u20ac \/ a\u00f1o<\/strong><\/li><\/ul>\n\n\n\n<h3 class=\"wp-block-heading\">Prestaciones<\/h3>\n\n\n\n<ul class=\"wp-block-list\"><li>Portero autom\u00e1tico<\/li><li>Amueblado<\/li><\/ul>\n\n\n\n<ul class=\"wp-block-list\"><li><a>Sale Apartment Marbella, <\/a><\/li><li><a>5 Rooms, <\/a><\/li><li><a>4 Bedrooms, <\/a><\/li><li><a>177 M\u00b2, <\/a><\/li><li>Price: <a>\u20ac1,195,000<\/a><\/li><li>Rooms&nbsp;5 rooms<\/li><li>Area&nbsp;177 m\u00b2<\/li><li>View&nbsp;Panoramic<\/li><\/ul>\n\n\n\n<p>Areas<\/p>\n\n\n\n<ul class=\"wp-block-list\"><li>4 Bedrooms<\/li><li>1 Kitchen<\/li><li>4 Bathrooms<\/li><li>1 Lavatory<\/li><li>1 Indoor parking<\/li><li>1 Terrace&nbsp;<strong>32 m\u00b2<\/strong><\/li><\/ul>\n\n\n\n<h3 class=\"wp-block-heading\">Proximities<\/h3>\n\n\n\n<ul class=\"wp-block-list\"><li>Public pool<\/li><\/ul>\n\n\n\n<h3 class=\"wp-block-heading\">Legal notice<\/h3>\n\n\n\n<ul class=\"wp-block-list\"><li>Land value tax&nbsp;<strong>750 \u20ac \/ year<\/strong><\/li><\/ul>\n\n\n\n<h3 class=\"wp-block-heading\">Services<\/h3>\n\n\n\n<ul class=\"wp-block-list\"><li>Intercom<\/li><li>Furnished<\/li><\/ul>\n\n\n\n<ul class=\"wp-block-list\"><li><a>Vente Appartement Marbella, <\/a><\/li><li><a>5 Pi\u00e8ces, <\/a><\/li><li><a>4 Chambres, <\/a><\/li><li><a>177 M\u00b2, <\/a><\/li><li>Prix: <a>1\u202f195\u202f000&nbsp;\u20ac<\/a><\/li><\/ul>\n\n\n\n<p>R\u00e9gion: Costa del Sol<br><br>Superbe Appartement situ\u00e9 au rez de chauss\u00e9e<br><br>Caract\u00e9ristiques: 4 chambres, 4 salles de bain avec WC, Cuisine ouverte, Salle \u00e0 manger, Salon ouvert, Terrasses de 32,20 m2 &#8230;..<br><br>Enti\u00e8rement \u00e9quip\u00e9 et meubl\u00e9.<br><br>Piscine Communautaire<br><br>Exceptionnellement situ\u00e9 dans le c\u00e9l\u00e8bre Golden Mile de Marbella, le Complexe de Lomas del Rey est une communaut\u00e9 de b\u00e2timents de luxe avec plus de 25 000 m2 de jardins extraordinaires, belles vues sur la mer, 4 piscines, un club social, 24 heures de s\u00e9curit\u00e9 et un programme d&#8217;entretien \u00e9tendu offrant m\u00eame la blanchisserie, et des services de nettoyage pour les propri\u00e9taires\/locataires.<br><br>VUE PANORAMIQUE SUR MARBELLA<br><br>Situ\u00e9 \u00e0 seulement 900 m\u00e8tres de la plage et \u00e0 3 minutes du c\u00e9l\u00e8bre Puerto Banus et \u00e0 5 minutes du centre de Marbella et \u00e0 moins de 10 minutes de 8 clubs de golf diff\u00e9rents. Le complexe est \u00e9galement \u00e0 quelques minutes d&#8217;un arr\u00eat d&#8217;autobus scolaire, avec des connexions \u00e0 toutes les \u00e9coles et les coll\u00e8ges \u00e0 Marbella et au-del\u00e0. Son acc\u00e8s direct \u00e0 l&#8217;autoroute, quitte Lomas del Rey \u00e0 seulement 40 minutes de l&#8217;a\u00e9roport de Malaga et du reste du monde. Cela fait de Lomas del Rey un emplacement privil\u00e9gi\u00e9 pour vivre, profiter et se d\u00e9tendre.<br><br>Finitions &amp; Qualit\u00e9s<br><br>Porte de s\u00e9curit\u00e9 avec connexion \u00e0 l&#8217;application Armoires, cuisines et portes sur mesure de haute qualit\u00e9 Plancher de bois dans les chambres C\u00e9ramique de haute qualit\u00e9 dans les salles de bain et les planchers de la zone jour Fen\u00eatres et volets ext\u00e9rieurs de haute qualit\u00e9 Unit\u00e9s AC int\u00e9gr\u00e9es<br><br>La terrasse: D\u00e9tendez-vous en plein air avec vue sur les jardins somptueux, La Concha vue et vue sur la mer depuis les \u00e9tages Penthouse Jacuzzi Les meubles:&nbsp; Ameublement sur mesure de haute qualit\u00e9 avec des finitions de luxe T\u00e9l\u00e9viseurs et syst\u00e8me audio Bang &amp; Olufsen \u00e0 la pointe de la technologie<br><br>Neuf direct promoteur Garantie 10 ans<br><br>Disponible 1<\/p>\n\n\n\n<p>Pi\u00e8ces&nbsp;5 pi\u00e8ces<\/p>\n\n\n\n<p>Surface&nbsp;177 m\u00b2<\/p>\n\n\n\n<p>Vue&nbsp;Panoramique<\/p>\n\n\n\n<h2 class=\"wp-block-heading\">Autres visuels<\/h2>\n\n\n\n<p>Pas d&#8217;informations disponibles<\/p>\n\n\n\n<h3 class=\"wp-block-heading\">Surfaces<\/h3>\n\n\n\n<ul class=\"wp-block-list\"><li>4 Chambres<\/li><li>1 Cuisine&nbsp;<strong>Am\u00e9nag\u00e9e et Equip\u00e9e Am\u00e9ricaine<\/strong><\/li><li>4 Salles de bains<\/li><li>1 Toilettes<\/li><li>1 Parking int\u00e9rieur<\/li><li>1 Terrasse&nbsp;<strong>32 m\u00b2<\/strong><\/li><\/ul>\n\n\n\n<h3 class=\"wp-block-heading\">Proximit\u00e9s<\/h3>\n\n\n\n<ul class=\"wp-block-list\"><li>Piscine publique<\/li><\/ul>\n\n\n\n<h3 class=\"wp-block-heading\">Mentions l\u00e9gales<\/h3>\n\n\n\n<ul class=\"wp-block-list\"><li>Taxe fonci\u00e8re&nbsp;<strong>750 \u20ac \/ an<\/strong><\/li><\/ul>\n\n\n\n<h3 class=\"wp-block-heading\">Prestations<\/h3>\n\n\n\n<ul class=\"wp-block-list\"><li>Interphone<\/li><li>Meubl\u00e9<\/li><\/ul>\n","protected":false},"excerpt":{"rendered":"<p>Venta Piso Marbella, 5 Piezas, 4 Dormitorios, 177 M\u00b2, Precio: 1.195.000&nbsp;\u20ac Piezas&nbsp;5 piezas Superficie&nbsp;177 m\u00b2 Vista&nbsp;Panor\u00e1mica Superficies 4 Dormitorios 1 Cocina 4 Cuartos de ba\u00f1o 1 Aseo 1 Aparcamiento interior 1 Terraza&nbsp;32 m\u00b2 Cerca de Piscina p\u00fablica Aviso legal Impuesto sobre Bienes Inmuebles&nbsp;750 \u20ac \/ a\u00f1o Prestaciones Portero autom\u00e1tico Amueblado Sale Apartment Marbella, 5 Rooms, &hellip; <\/p>\n<p class=\"link-more\"><a href=\"https:\/\/coelloglobal.com\/index.php\/piso-en-marbella-195-000-e-ref-cg0059\/\" class=\"more-link\">Continue reading<span class=\"screen-reader-text\"> &#8220;Piso en Marbella 1.195.000 \u20ac Ref: CG0059&#8221;<\/span><\/a><\/p>\n","protected":false},"author":1,"featured_media":3639,"parent":0,"menu_order":0,"comment_status":"closed","ping_status":"closed","template":"","meta":{"footnotes":""},"class_list":["post-3620","page","type-page","status-publish","has-post-thumbnail","hentry"],"_links":{"self":[{"href":"https:\/\/coelloglobal.com\/index.php\/wp-json\/wp\/v2\/pages\/3620","targetHints":{"allow":["GET"]}}],"collection":[{"href":"https:\/\/coelloglobal.com\/index.php\/wp-json\/wp\/v2\/pages"}],"about":[{"href":"https:\/\/coelloglobal.com\/index.php\/wp-json\/wp\/v2\/types\/page"}],"author":[{"embeddable":true,"href":"https:\/\/coelloglobal.com\/index.php\/wp-json\/wp\/v2\/users\/1"}],"replies":[{"embeddable":true,"href":"https:\/\/coelloglobal.com\/index.php\/wp-json\/wp\/v2\/comments?post=3620"}],"version-history":[{"count":2,"href":"https:\/\/coelloglobal.com\/index.php\/wp-json\/wp\/v2\/pages\/3620\/revisions"}],"predecessor-version":[{"id":3643,"href":"https:\/\/coelloglobal.com\/index.php\/wp-json\/wp\/v2\/pages\/3620\/revisions\/3643"}],"wp:featuredmedia":[{"embeddable":true,"href":"https:\/\/coelloglobal.com\/index.php\/wp-json\/wp\/v2\/media\/3639"}],"wp:attachment":[{"href":"https:\/\/coelloglobal.com\/index.php\/wp-json\/wp\/v2\/media?parent=3620"}],"curies":[{"name":"wp","href":"https:\/\/api.w.org\/{rel}","templated":true}]}}