{"id":3646,"date":"2023-10-14T17:23:39","date_gmt":"2023-10-14T17:23:39","guid":{"rendered":"http:\/\/coelloglobal.com\/?page_id=3646"},"modified":"2023-10-14T17:24:55","modified_gmt":"2023-10-14T17:24:55","slug":"piso-en-marbella-1-150-000-e-ref-cg0060","status":"publish","type":"page","link":"https:\/\/coelloglobal.com\/index.php\/piso-en-marbella-1-150-000-e-ref-cg0060\/","title":{"rendered":"Piso en Marbella 1.150.000 \u20ac Ref: CG0060"},"content":{"rendered":"\n<div id=\"wp-block-themeisle-blocks-slider-d00cfe0c\" class=\"wp-block-themeisle-blocks-slider glide\" data-per-view=\"1\" data-gap=\"0\" data-peek=\"0\" data-autoplay=\"true\" data-height=\"400px\"><div class=\"glide__track\" data-glide-el=\"track\"><div class=\"glide__slides\"><div class=\"wp-block-themeisle-blocks-slider-item-wrapper glide__slide\" tabindex=\"0\"><figure><img decoding=\"async\" class=\"wp-block-themeisle-blocks-slider-item\" src=\"http:\/\/coelloglobal.com\/wp-content\/uploads\/2023\/10\/foto-1a-4.png\" alt=\"\" title=\"\" data-id=\"3647\"\/><\/figure><\/div><div class=\"wp-block-themeisle-blocks-slider-item-wrapper glide__slide\" tabindex=\"0\"><figure><img decoding=\"async\" class=\"wp-block-themeisle-blocks-slider-item\" src=\"http:\/\/coelloglobal.com\/wp-content\/uploads\/2023\/10\/foto-2-3.png\" alt=\"\" title=\"\" data-id=\"3648\"\/><\/figure><\/div><div class=\"wp-block-themeisle-blocks-slider-item-wrapper glide__slide\" tabindex=\"0\"><figure><img decoding=\"async\" class=\"wp-block-themeisle-blocks-slider-item\" src=\"http:\/\/coelloglobal.com\/wp-content\/uploads\/2023\/10\/foto-3-3.png\" alt=\"\" title=\"\" data-id=\"3649\"\/><\/figure><\/div><div class=\"wp-block-themeisle-blocks-slider-item-wrapper glide__slide\" tabindex=\"0\"><figure><img decoding=\"async\" class=\"wp-block-themeisle-blocks-slider-item\" src=\"http:\/\/coelloglobal.com\/wp-content\/uploads\/2023\/10\/foto-4-3.png\" alt=\"\" title=\"\" data-id=\"3650\"\/><\/figure><\/div><div class=\"wp-block-themeisle-blocks-slider-item-wrapper glide__slide\" tabindex=\"0\"><figure><img decoding=\"async\" class=\"wp-block-themeisle-blocks-slider-item\" src=\"http:\/\/coelloglobal.com\/wp-content\/uploads\/2023\/10\/foto-5-3.png\" alt=\"\" title=\"\" data-id=\"3651\"\/><\/figure><\/div><div class=\"wp-block-themeisle-blocks-slider-item-wrapper glide__slide\" tabindex=\"0\"><figure><img decoding=\"async\" class=\"wp-block-themeisle-blocks-slider-item\" src=\"http:\/\/coelloglobal.com\/wp-content\/uploads\/2023\/10\/foto-6-3.png\" alt=\"\" title=\"\" data-id=\"3652\"\/><\/figure><\/div><div class=\"wp-block-themeisle-blocks-slider-item-wrapper glide__slide\" tabindex=\"0\"><figure><img decoding=\"async\" class=\"wp-block-themeisle-blocks-slider-item\" src=\"http:\/\/coelloglobal.com\/wp-content\/uploads\/2023\/10\/foto-7-2.png\" alt=\"\" title=\"\" data-id=\"3653\"\/><\/figure><\/div><div class=\"wp-block-themeisle-blocks-slider-item-wrapper glide__slide\" tabindex=\"0\"><figure><img decoding=\"async\" class=\"wp-block-themeisle-blocks-slider-item\" src=\"http:\/\/coelloglobal.com\/wp-content\/uploads\/2023\/10\/foto-8-3.png\" alt=\"\" title=\"\" data-id=\"3654\"\/><\/figure><\/div><div class=\"wp-block-themeisle-blocks-slider-item-wrapper glide__slide\" tabindex=\"0\"><figure><img decoding=\"async\" class=\"wp-block-themeisle-blocks-slider-item\" src=\"http:\/\/coelloglobal.com\/wp-content\/uploads\/2023\/10\/foto-9-3.png\" alt=\"\" title=\"\" data-id=\"3655\"\/><\/figure><\/div><div class=\"wp-block-themeisle-blocks-slider-item-wrapper glide__slide\" tabindex=\"0\"><figure><img decoding=\"async\" class=\"wp-block-themeisle-blocks-slider-item\" src=\"http:\/\/coelloglobal.com\/wp-content\/uploads\/2023\/10\/foto-10-2.png\" alt=\"\" title=\"\" data-id=\"3656\"\/><\/figure><\/div><div class=\"wp-block-themeisle-blocks-slider-item-wrapper glide__slide\" tabindex=\"0\"><figure><img decoding=\"async\" class=\"wp-block-themeisle-blocks-slider-item\" src=\"http:\/\/coelloglobal.com\/wp-content\/uploads\/2023\/10\/foto-11-3.png\" alt=\"\" title=\"\" data-id=\"3657\"\/><\/figure><\/div><div class=\"wp-block-themeisle-blocks-slider-item-wrapper glide__slide\" tabindex=\"0\"><figure><img decoding=\"async\" class=\"wp-block-themeisle-blocks-slider-item\" src=\"http:\/\/coelloglobal.com\/wp-content\/uploads\/2023\/10\/foto-12-3.png\" alt=\"\" title=\"\" data-id=\"3658\"\/><\/figure><\/div><div class=\"wp-block-themeisle-blocks-slider-item-wrapper glide__slide\" tabindex=\"0\"><figure><img decoding=\"async\" class=\"wp-block-themeisle-blocks-slider-item\" src=\"http:\/\/coelloglobal.com\/wp-content\/uploads\/2023\/10\/foto-13-2.png\" alt=\"\" title=\"\" data-id=\"3659\"\/><\/figure><\/div><div class=\"wp-block-themeisle-blocks-slider-item-wrapper glide__slide\" tabindex=\"0\"><figure><img decoding=\"async\" class=\"wp-block-themeisle-blocks-slider-item\" src=\"http:\/\/coelloglobal.com\/wp-content\/uploads\/2023\/10\/foto-14-2.png\" alt=\"\" title=\"\" data-id=\"3660\"\/><\/figure><\/div><div class=\"wp-block-themeisle-blocks-slider-item-wrapper glide__slide\" tabindex=\"0\"><figure><img decoding=\"async\" class=\"wp-block-themeisle-blocks-slider-item\" src=\"http:\/\/coelloglobal.com\/wp-content\/uploads\/2023\/10\/foto-15-2.png\" alt=\"\" title=\"\" data-id=\"3661\"\/><\/figure><\/div><div class=\"wp-block-themeisle-blocks-slider-item-wrapper glide__slide\" tabindex=\"0\"><figure><img decoding=\"async\" class=\"wp-block-themeisle-blocks-slider-item\" src=\"http:\/\/coelloglobal.com\/wp-content\/uploads\/2023\/10\/foto-16-3.png\" alt=\"\" title=\"\" data-id=\"3662\"\/><\/figure><\/div><div class=\"wp-block-themeisle-blocks-slider-item-wrapper glide__slide\" tabindex=\"0\"><figure><img decoding=\"async\" class=\"wp-block-themeisle-blocks-slider-item\" src=\"http:\/\/coelloglobal.com\/wp-content\/uploads\/2023\/10\/foto-17-2.png\" alt=\"\" title=\"\" data-id=\"3663\"\/><\/figure><\/div><\/div><div class=\"glide__arrows\" data-glide-el=\"controls\"><button class=\"glide__arrow glide__arrow--left\" data-glide-dir=\"<\"><svg xmlns=\"http:\/\/www.w3.org\/2000\/svg\" width=\"18\" height=\"18\" viewbox=\"0 0 100 100\" role=\"img\" aria-hidden=\"true\" focusable=\"false\"><path d=\"M 10,50 L 60,100 L 70,90 L 30,50  L 70,10 L 60,0 Z\"><\/path><\/svg><\/button><button class=\"glide__arrow glide__arrow--right\" data-glide-dir=\"&gt;\"><svg xmlns=\"http:\/\/www.w3.org\/2000\/svg\" width=\"18\" height=\"18\" viewbox=\"0 0 100 100\" role=\"img\" aria-hidden=\"true\" focusable=\"false\"><path d=\"M 10,50 L 60,100 L 70,90 L 30,50  L 70,10 L 60,0 Z\"><\/path><\/svg><\/button><\/div><div class=\"glide__bullets\" data-glide-el=\"controls[nav]\"><button class=\"glide__bullet\" data-glide-dir=\"=0\"><\/button><button class=\"glide__bullet\" data-glide-dir=\"=1\"><\/button><button class=\"glide__bullet\" data-glide-dir=\"=2\"><\/button><button class=\"glide__bullet\" data-glide-dir=\"=3\"><\/button><button class=\"glide__bullet\" data-glide-dir=\"=4\"><\/button><button class=\"glide__bullet\" data-glide-dir=\"=5\"><\/button><button class=\"glide__bullet\" data-glide-dir=\"=6\"><\/button><button class=\"glide__bullet\" data-glide-dir=\"=7\"><\/button><button class=\"glide__bullet\" data-glide-dir=\"=8\"><\/button><button class=\"glide__bullet\" data-glide-dir=\"=9\"><\/button><button class=\"glide__bullet\" data-glide-dir=\"=10\"><\/button><button class=\"glide__bullet\" data-glide-dir=\"=11\"><\/button><button class=\"glide__bullet\" data-glide-dir=\"=12\"><\/button><button class=\"glide__bullet\" data-glide-dir=\"=13\"><\/button><button class=\"glide__bullet\" data-glide-dir=\"=14\"><\/button><button class=\"glide__bullet\" data-glide-dir=\"=15\"><\/button><button class=\"glide__bullet\" data-glide-dir=\"=16\"><\/button><\/div><\/div><\/div>\n\n\n\n<ul class=\"wp-block-list\"><li><a>Venta Piso Marbella, <\/a><\/li><li> Precio: <a>1.150.000&nbsp;\u20ac<\/a> <\/li><li><a>4 Piezas, <\/a><\/li><li><a>3 Dormitorios, <\/a><\/li><li>Piezas&nbsp;4 piezas<\/li><li>Superficie&nbsp;164 m\u00b2<\/li><li>Vista&nbsp;Panor\u00e1mica Mar<\/li><\/ul>\n\n\n\n<ul class=\"wp-block-list\"><li>3 Dormitorios<\/li><li>1 Cocina<\/li><li>2 Cuartos de ba\u00f1o<\/li><li>1 Cuarto de ba\u00f1o con ducha<\/li><li>1 Aseo<\/li><li>2 Aparcamientos interior<\/li><li>2 Terrazas&nbsp;<strong>82 m\u00b2<\/strong><\/li><\/ul>\n\n\n\n<h3 class=\"wp-block-heading\">Cerca de<\/h3>\n\n\n\n<ul class=\"wp-block-list\"><li>Piscina p\u00fablica<\/li><\/ul>\n\n\n\n<h3 class=\"wp-block-heading\">Prestaciones<\/h3>\n\n\n\n<ul class=\"wp-block-list\"><li>Internet<\/li><li>Portero autom\u00e1tico<\/li><li>Ventilaci\u00f3n de flujo simple<\/li><\/ul>\n\n\n\n<ul class=\"wp-block-list\"><li><a>Sale Apartment Marbella, <\/a><\/li><li>Price:  <a>\u20ac1,150,000<\/a> <\/li><li><a>4 Rooms, <\/a><\/li><li><a>3 Bedrooms, <\/a><\/li><li>Rooms&nbsp;4 rooms<\/li><li>Area&nbsp;164 m\u00b2<\/li><li>View&nbsp;Panoramic Sea<\/li><\/ul>\n\n\n\n<p>Areas<\/p>\n\n\n\n<ul class=\"wp-block-list\"><li>3 Bedrooms<\/li><li>1 Kitchen<\/li><li>2 Bathrooms<\/li><li>1 Shower room<\/li><li>1 Lavatory<\/li><li>2 Indoor parkings<\/li><li>2 Terraces&nbsp;<strong>82 m\u00b2<\/strong><\/li><\/ul>\n\n\n\n<h3 class=\"wp-block-heading\">Proximities<\/h3>\n\n\n\n<ul class=\"wp-block-list\"><li>Public pool<\/li><\/ul>\n\n\n\n<h3 class=\"wp-block-heading\">Legal notice<\/h3>\n\n\n\n<p>No information available<\/p>\n\n\n\n<h3 class=\"wp-block-heading\">Services<\/h3>\n\n\n\n<ul class=\"wp-block-list\"><li>Internet<\/li><li>Intercom<\/li><li>Simple flow ventilation<\/li><\/ul>\n\n\n\n<ul class=\"wp-block-list\"><li><a>Vente Appartement Marbella, <\/a><\/li><li> Prix: <a>1\u202f15<\/a> <\/li><li><a>4 Pi\u00e8ces, <\/a><\/li><li><a>3 Chambres, <\/a><\/li><li><a>164 M\u00b2, <\/a><\/li><\/ul>\n\n\n\n<p>Costa del Sol<br><br>Magnifique Appartement Neuf T4 \u00e0 Marbella (M\u00e1laga)<br><br>Caract\u00e9ristiques: 3 chambres , 2 salles de bain , 1 WC ind\u00e9pendant,&nbsp; Cuisine ouverte, Salle \u00e0 manger, Grandes Terrasses de 82,30 m2 avec un Petit Jardin &#8230;..<br><br>2 Piscines Communautaires<br><br>Avec 2 places de parking en sous-sol compris et 1 cave compris.<br><br>\u00e0 2 Km de la Plage de Cabopino<br><br>\u00e0 2 km du Port de plaisance de Cabopino<br><br>Golf Cabopino \u00e0 200 m<br><br>Plusieurs supermarch\u00e9s \u00e0 moins de 5 km<br><br>Proches commerces, bars et restaurants&#8230;<br><br>Le quartier Cabopino, \u00e0 Marbella, concentre tout ce que vous pourriez souhaiter. Au nord, des for\u00eats de pins et des terrains de golf comme le golf de Cabopino. Au sud, la zone naturelle prot\u00e9g\u00e9e Dunas de Artola, qui se jette dans la plage de Cabopino, une belle plage isol\u00e9e de sable dor\u00e9 d\u2019environ 1 200 m\u00e8tres de long, \u00e0 c\u00f4t\u00e9 de laquelle se trouve le port de plaisance du m\u00eame nom.<br><br>Sa configuration, avec diff\u00e9rentes hauteurs, est express\u00e9ment con\u00e7ue pour que la lumi\u00e8re de la M\u00e9diterran\u00e9e inonde chacune des habitations. Dans les parties communes, l\u2019eau de ses deux piscines et la v\u00e9g\u00e9tation de ses nombreux espaces verts se fondent dans un m\u00e9lange parfait qui invite \u00e0 la d\u00e9tente et au plaisir.<br><br>Chaque habitation \u00e0 Marbella Sunset est unique, aucune ne se ressemble. Cependant, il y a quelque chose qu\u2019ils ont tous en commun : l\u2019espace est le protagoniste. Pour cette raison, les sols des chambres se confondent avec ceux des terrasses, pour cr\u00e9er une sensation d\u2019ouverture vers la mer et les montagnes. Ses cuisines int\u00e9gr\u00e9es vous invitent \u00e0 partager petits d\u00e9jeuners, d\u00eeners, apr\u00e8s-repas&#8230;<br><br>Tout est pens\u00e9 pour continuer \u00e0 cr\u00e9er des souvenirs.<br><br>Neuf direct promoteur Garantie 10 ans<br><br>Disponible<\/p>\n\n\n\n<p>Pi\u00e8ces&nbsp;4 pi\u00e8ces<\/p>\n\n\n\n<p>Surface&nbsp;164 m\u00b2<\/p>\n\n\n\n<p>Vue&nbsp;Panoramique Mer<\/p>\n\n\n\n<h2 class=\"wp-block-heading\">Autres visuels<\/h2>\n\n\n\n<p>Pas d&#8217;informations disponibles<\/p>\n\n\n\n<h3 class=\"wp-block-heading\">Surfaces<\/h3>\n\n\n\n<ul class=\"wp-block-list\"><li>3 Chambres<\/li><li>1 Cuisine&nbsp;<strong>Am\u00e9nag\u00e9e Am\u00e9ricaine<\/strong><\/li><li>2 Salles de bains<\/li><li>1 Salle de douche<\/li><li>1 Toilettes<\/li><li>2 Parkings int\u00e9rieurs<\/li><li>2 Terrasses&nbsp;<strong>82 m\u00b2<\/strong><\/li><\/ul>\n\n\n\n<h3 class=\"wp-block-heading\">Proximit\u00e9s<\/h3>\n\n\n\n<ul class=\"wp-block-list\"><li>Piscine publique<\/li><\/ul>\n\n\n\n<h3 class=\"wp-block-heading\">Mentions l\u00e9gales<\/h3>\n\n\n\n<p>Pas d&#8217;informations disponibles<\/p>\n\n\n\n<h3 class=\"wp-block-heading\">Prestations<\/h3>\n\n\n\n<ul class=\"wp-block-list\"><li>Internet<\/li><li>Interphone<\/li><li>Ventilation simple flux<\/li><\/ul>\n","protected":false},"excerpt":{"rendered":"<p>Venta Piso Marbella, Precio: 1.150.000&nbsp;\u20ac 4 Piezas, 3 Dormitorios, Piezas&nbsp;4 piezas Superficie&nbsp;164 m\u00b2 Vista&nbsp;Panor\u00e1mica Mar 3 Dormitorios 1 Cocina 2 Cuartos de ba\u00f1o 1 Cuarto de ba\u00f1o con ducha 1 Aseo 2 Aparcamientos interior 2 Terrazas&nbsp;82 m\u00b2 Cerca de Piscina p\u00fablica Prestaciones Internet Portero autom\u00e1tico Ventilaci\u00f3n de flujo simple Sale Apartment Marbella, Price: \u20ac1,150,000 4 &hellip; <\/p>\n<p class=\"link-more\"><a href=\"https:\/\/coelloglobal.com\/index.php\/piso-en-marbella-1-150-000-e-ref-cg0060\/\" class=\"more-link\">Continue reading<span class=\"screen-reader-text\"> &#8220;Piso en Marbella 1.150.000 \u20ac Ref: CG0060&#8221;<\/span><\/a><\/p>\n","protected":false},"author":1,"featured_media":3662,"parent":0,"menu_order":0,"comment_status":"closed","ping_status":"closed","template":"","meta":{"footnotes":""},"class_list":["post-3646","page","type-page","status-publish","has-post-thumbnail","hentry"],"_links":{"self":[{"href":"https:\/\/coelloglobal.com\/index.php\/wp-json\/wp\/v2\/pages\/3646","targetHints":{"allow":["GET"]}}],"collection":[{"href":"https:\/\/coelloglobal.com\/index.php\/wp-json\/wp\/v2\/pages"}],"about":[{"href":"https:\/\/coelloglobal.com\/index.php\/wp-json\/wp\/v2\/types\/page"}],"author":[{"embeddable":true,"href":"https:\/\/coelloglobal.com\/index.php\/wp-json\/wp\/v2\/users\/1"}],"replies":[{"embeddable":true,"href":"https:\/\/coelloglobal.com\/index.php\/wp-json\/wp\/v2\/comments?post=3646"}],"version-history":[{"count":2,"href":"https:\/\/coelloglobal.com\/index.php\/wp-json\/wp\/v2\/pages\/3646\/revisions"}],"predecessor-version":[{"id":3666,"href":"https:\/\/coelloglobal.com\/index.php\/wp-json\/wp\/v2\/pages\/3646\/revisions\/3666"}],"wp:featuredmedia":[{"embeddable":true,"href":"https:\/\/coelloglobal.com\/index.php\/wp-json\/wp\/v2\/media\/3662"}],"wp:attachment":[{"href":"https:\/\/coelloglobal.com\/index.php\/wp-json\/wp\/v2\/media?parent=3646"}],"curies":[{"name":"wp","href":"https:\/\/api.w.org\/{rel}","templated":true}]}}