{"id":3759,"date":"2023-10-14T18:16:50","date_gmt":"2023-10-14T18:16:50","guid":{"rendered":"http:\/\/coelloglobal.com\/?page_id=3759"},"modified":"2023-10-14T18:18:02","modified_gmt":"2023-10-14T18:18:02","slug":"casa-en-cabo-roig-murcia-985-000-e-ref-cg0065","status":"publish","type":"page","link":"https:\/\/coelloglobal.com\/index.php\/casa-en-cabo-roig-murcia-985-000-e-ref-cg0065\/","title":{"rendered":"Casa en Cabo Roig Murcia 985.000 \u20ac Ref: CG0065"},"content":{"rendered":"\n<div id=\"wp-block-themeisle-blocks-slider-58cd659d\" class=\"wp-block-themeisle-blocks-slider glide\" data-per-view=\"1\" data-gap=\"0\" data-peek=\"0\" data-autoplay=\"true\" data-height=\"400px\"><div class=\"glide__track\" data-glide-el=\"track\"><div class=\"glide__slides\"><div class=\"wp-block-themeisle-blocks-slider-item-wrapper glide__slide\" tabindex=\"0\"><figure><img decoding=\"async\" class=\"wp-block-themeisle-blocks-slider-item\" src=\"http:\/\/coelloglobal.com\/wp-content\/uploads\/2023\/10\/foto-1a-10.png\" alt=\"\" title=\"\" data-id=\"3760\"\/><\/figure><\/div><div class=\"wp-block-themeisle-blocks-slider-item-wrapper glide__slide\" tabindex=\"0\"><figure><img decoding=\"async\" class=\"wp-block-themeisle-blocks-slider-item\" src=\"http:\/\/coelloglobal.com\/wp-content\/uploads\/2023\/10\/foto-2-5.png\" alt=\"\" title=\"\" data-id=\"3761\"\/><\/figure><\/div><div class=\"wp-block-themeisle-blocks-slider-item-wrapper glide__slide\" tabindex=\"0\"><figure><img decoding=\"async\" class=\"wp-block-themeisle-blocks-slider-item\" src=\"http:\/\/coelloglobal.com\/wp-content\/uploads\/2023\/10\/foto-3-8.png\" alt=\"\" title=\"\" data-id=\"3762\"\/><\/figure><\/div><div class=\"wp-block-themeisle-blocks-slider-item-wrapper glide__slide\" tabindex=\"0\"><figure><img decoding=\"async\" class=\"wp-block-themeisle-blocks-slider-item\" src=\"http:\/\/coelloglobal.com\/wp-content\/uploads\/2023\/10\/foto-4-7.png\" alt=\"\" title=\"\" data-id=\"3763\"\/><\/figure><\/div><div class=\"wp-block-themeisle-blocks-slider-item-wrapper glide__slide\" tabindex=\"0\"><figure><img decoding=\"async\" class=\"wp-block-themeisle-blocks-slider-item\" src=\"http:\/\/coelloglobal.com\/wp-content\/uploads\/2023\/10\/foto-5-7.png\" alt=\"\" title=\"\" data-id=\"3764\"\/><\/figure><\/div><div class=\"wp-block-themeisle-blocks-slider-item-wrapper glide__slide\" tabindex=\"0\"><figure><img decoding=\"async\" class=\"wp-block-themeisle-blocks-slider-item\" src=\"http:\/\/coelloglobal.com\/wp-content\/uploads\/2023\/10\/foto-6-7.png\" alt=\"\" title=\"\" data-id=\"3765\"\/><\/figure><\/div><div class=\"wp-block-themeisle-blocks-slider-item-wrapper glide__slide\" tabindex=\"0\"><figure><img decoding=\"async\" class=\"wp-block-themeisle-blocks-slider-item\" src=\"http:\/\/coelloglobal.com\/wp-content\/uploads\/2023\/10\/foto-7-6.png\" alt=\"\" title=\"\" data-id=\"3766\"\/><\/figure><\/div><div class=\"wp-block-themeisle-blocks-slider-item-wrapper glide__slide\" tabindex=\"0\"><figure><img decoding=\"async\" class=\"wp-block-themeisle-blocks-slider-item\" src=\"http:\/\/coelloglobal.com\/wp-content\/uploads\/2023\/10\/foto-8-7.png\" alt=\"\" title=\"\" data-id=\"3767\"\/><\/figure><\/div><div class=\"wp-block-themeisle-blocks-slider-item-wrapper glide__slide\" tabindex=\"0\"><figure><img decoding=\"async\" class=\"wp-block-themeisle-blocks-slider-item\" src=\"http:\/\/coelloglobal.com\/wp-content\/uploads\/2023\/10\/foto-9-1-1.png\" alt=\"\" title=\"\" data-id=\"3768\"\/><\/figure><\/div><div class=\"wp-block-themeisle-blocks-slider-item-wrapper glide__slide\" tabindex=\"0\"><figure><img decoding=\"async\" class=\"wp-block-themeisle-blocks-slider-item\" src=\"http:\/\/coelloglobal.com\/wp-content\/uploads\/2023\/10\/foto-10-1-3.png\" alt=\"\" title=\"\" data-id=\"3769\"\/><\/figure><\/div><div class=\"wp-block-themeisle-blocks-slider-item-wrapper glide__slide\" tabindex=\"0\"><figure><img decoding=\"async\" class=\"wp-block-themeisle-blocks-slider-item\" src=\"http:\/\/coelloglobal.com\/wp-content\/uploads\/2023\/10\/foto-11-7.png\" alt=\"\" title=\"\" data-id=\"3770\"\/><\/figure><\/div><div class=\"wp-block-themeisle-blocks-slider-item-wrapper glide__slide\" tabindex=\"0\"><figure><img decoding=\"async\" class=\"wp-block-themeisle-blocks-slider-item\" src=\"http:\/\/coelloglobal.com\/wp-content\/uploads\/2023\/10\/foto-12-6.png\" alt=\"\" title=\"\" data-id=\"3771\"\/><\/figure><\/div><div class=\"wp-block-themeisle-blocks-slider-item-wrapper glide__slide\" tabindex=\"0\"><figure><img decoding=\"async\" class=\"wp-block-themeisle-blocks-slider-item\" src=\"http:\/\/coelloglobal.com\/wp-content\/uploads\/2023\/10\/foto-13-5.png\" alt=\"\" title=\"\" data-id=\"3772\"\/><\/figure><\/div><div class=\"wp-block-themeisle-blocks-slider-item-wrapper glide__slide\" tabindex=\"0\"><figure><img decoding=\"async\" class=\"wp-block-themeisle-blocks-slider-item\" src=\"http:\/\/coelloglobal.com\/wp-content\/uploads\/2023\/10\/foto-14-6.png\" alt=\"\" title=\"\" data-id=\"3773\"\/><\/figure><\/div><div class=\"wp-block-themeisle-blocks-slider-item-wrapper glide__slide\" tabindex=\"0\"><figure><img decoding=\"async\" class=\"wp-block-themeisle-blocks-slider-item\" src=\"http:\/\/coelloglobal.com\/wp-content\/uploads\/2023\/10\/foto-15-6.png\" alt=\"\" title=\"\" data-id=\"3774\"\/><\/figure><\/div><div class=\"wp-block-themeisle-blocks-slider-item-wrapper glide__slide\" tabindex=\"0\"><figure><img decoding=\"async\" class=\"wp-block-themeisle-blocks-slider-item\" src=\"http:\/\/coelloglobal.com\/wp-content\/uploads\/2023\/10\/foto-16-7.png\" alt=\"\" title=\"\" data-id=\"3775\"\/><\/figure><\/div><div class=\"wp-block-themeisle-blocks-slider-item-wrapper glide__slide\" tabindex=\"0\"><figure><img decoding=\"async\" class=\"wp-block-themeisle-blocks-slider-item\" src=\"http:\/\/coelloglobal.com\/wp-content\/uploads\/2023\/10\/foto-17-5.png\" alt=\"\" title=\"\" data-id=\"3776\"\/><\/figure><\/div><div class=\"wp-block-themeisle-blocks-slider-item-wrapper glide__slide\" tabindex=\"0\"><figure><img decoding=\"async\" class=\"wp-block-themeisle-blocks-slider-item\" src=\"http:\/\/coelloglobal.com\/wp-content\/uploads\/2023\/10\/foto-18-4.png\" alt=\"\" title=\"\" data-id=\"3777\"\/><\/figure><\/div><div class=\"wp-block-themeisle-blocks-slider-item-wrapper glide__slide\" tabindex=\"0\"><figure><img decoding=\"async\" class=\"wp-block-themeisle-blocks-slider-item\" src=\"http:\/\/coelloglobal.com\/wp-content\/uploads\/2023\/10\/foto-19-4.png\" alt=\"\" title=\"\" data-id=\"3778\"\/><\/figure><\/div><div class=\"wp-block-themeisle-blocks-slider-item-wrapper glide__slide\" tabindex=\"0\"><figure><img decoding=\"async\" class=\"wp-block-themeisle-blocks-slider-item\" src=\"http:\/\/coelloglobal.com\/wp-content\/uploads\/2023\/10\/foto-20-3.png\" alt=\"\" title=\"\" data-id=\"3779\"\/><\/figure><\/div><div class=\"wp-block-themeisle-blocks-slider-item-wrapper glide__slide\" tabindex=\"0\"><figure><img decoding=\"async\" class=\"wp-block-themeisle-blocks-slider-item\" src=\"http:\/\/coelloglobal.com\/wp-content\/uploads\/2023\/10\/foto-21-1.png\" alt=\"\" title=\"\" data-id=\"3780\"\/><\/figure><\/div><div class=\"wp-block-themeisle-blocks-slider-item-wrapper glide__slide\" tabindex=\"0\"><figure><img decoding=\"async\" class=\"wp-block-themeisle-blocks-slider-item\" src=\"http:\/\/coelloglobal.com\/wp-content\/uploads\/2023\/10\/foto-22-1.png\" alt=\"\" title=\"\" data-id=\"3781\"\/><\/figure><\/div><div class=\"wp-block-themeisle-blocks-slider-item-wrapper glide__slide\" tabindex=\"0\"><figure><img decoding=\"async\" class=\"wp-block-themeisle-blocks-slider-item\" src=\"http:\/\/coelloglobal.com\/wp-content\/uploads\/2023\/10\/foto-23.png\" alt=\"\" title=\"\" data-id=\"3782\"\/><\/figure><\/div><div class=\"wp-block-themeisle-blocks-slider-item-wrapper glide__slide\" tabindex=\"0\"><figure><img decoding=\"async\" class=\"wp-block-themeisle-blocks-slider-item\" src=\"http:\/\/coelloglobal.com\/wp-content\/uploads\/2023\/10\/foto-24-1.png\" alt=\"\" title=\"\" data-id=\"3783\"\/><\/figure><\/div><div class=\"wp-block-themeisle-blocks-slider-item-wrapper glide__slide\" tabindex=\"0\"><figure><img decoding=\"async\" class=\"wp-block-themeisle-blocks-slider-item\" src=\"http:\/\/coelloglobal.com\/wp-content\/uploads\/2023\/10\/foto-25-1.png\" alt=\"\" title=\"\" data-id=\"3784\"\/><\/figure><\/div><div class=\"wp-block-themeisle-blocks-slider-item-wrapper glide__slide\" tabindex=\"0\"><figure><img decoding=\"async\" class=\"wp-block-themeisle-blocks-slider-item\" src=\"http:\/\/coelloglobal.com\/wp-content\/uploads\/2023\/10\/foto-26-1.png\" alt=\"\" title=\"\" data-id=\"3785\"\/><\/figure><\/div><div class=\"wp-block-themeisle-blocks-slider-item-wrapper glide__slide\" tabindex=\"0\"><figure><img decoding=\"async\" class=\"wp-block-themeisle-blocks-slider-item\" src=\"http:\/\/coelloglobal.com\/wp-content\/uploads\/2023\/10\/foto-27-1.png\" alt=\"\" title=\"\" data-id=\"3786\"\/><\/figure><\/div><div class=\"wp-block-themeisle-blocks-slider-item-wrapper glide__slide\" tabindex=\"0\"><figure><img decoding=\"async\" class=\"wp-block-themeisle-blocks-slider-item\" src=\"http:\/\/coelloglobal.com\/wp-content\/uploads\/2023\/10\/foto-28-1.png\" alt=\"\" title=\"\" data-id=\"3787\"\/><\/figure><\/div><\/div><div class=\"glide__arrows\" data-glide-el=\"controls\"><button class=\"glide__arrow glide__arrow--left\" data-glide-dir=\"<\"><svg xmlns=\"http:\/\/www.w3.org\/2000\/svg\" width=\"18\" height=\"18\" viewbox=\"0 0 100 100\" role=\"img\" aria-hidden=\"true\" focusable=\"false\"><path d=\"M 10,50 L 60,100 L 70,90 L 30,50  L 70,10 L 60,0 Z\"><\/path><\/svg><\/button><button class=\"glide__arrow glide__arrow--right\" data-glide-dir=\"&gt;\"><svg xmlns=\"http:\/\/www.w3.org\/2000\/svg\" width=\"18\" height=\"18\" viewbox=\"0 0 100 100\" role=\"img\" aria-hidden=\"true\" focusable=\"false\"><path d=\"M 10,50 L 60,100 L 70,90 L 30,50  L 70,10 L 60,0 Z\"><\/path><\/svg><\/button><\/div><div class=\"glide__bullets\" data-glide-el=\"controls[nav]\"><button class=\"glide__bullet\" data-glide-dir=\"=0\"><\/button><button class=\"glide__bullet\" data-glide-dir=\"=1\"><\/button><button class=\"glide__bullet\" data-glide-dir=\"=2\"><\/button><button class=\"glide__bullet\" data-glide-dir=\"=3\"><\/button><button class=\"glide__bullet\" data-glide-dir=\"=4\"><\/button><button class=\"glide__bullet\" data-glide-dir=\"=5\"><\/button><button class=\"glide__bullet\" data-glide-dir=\"=6\"><\/button><button class=\"glide__bullet\" data-glide-dir=\"=7\"><\/button><button class=\"glide__bullet\" data-glide-dir=\"=8\"><\/button><button class=\"glide__bullet\" data-glide-dir=\"=9\"><\/button><button class=\"glide__bullet\" data-glide-dir=\"=10\"><\/button><button class=\"glide__bullet\" data-glide-dir=\"=11\"><\/button><button class=\"glide__bullet\" data-glide-dir=\"=12\"><\/button><button class=\"glide__bullet\" data-glide-dir=\"=13\"><\/button><button class=\"glide__bullet\" data-glide-dir=\"=14\"><\/button><button class=\"glide__bullet\" data-glide-dir=\"=15\"><\/button><button class=\"glide__bullet\" data-glide-dir=\"=16\"><\/button><button class=\"glide__bullet\" data-glide-dir=\"=17\"><\/button><button class=\"glide__bullet\" data-glide-dir=\"=18\"><\/button><button class=\"glide__bullet\" data-glide-dir=\"=19\"><\/button><button class=\"glide__bullet\" data-glide-dir=\"=20\"><\/button><button class=\"glide__bullet\" data-glide-dir=\"=21\"><\/button><button class=\"glide__bullet\" data-glide-dir=\"=22\"><\/button><button class=\"glide__bullet\" data-glide-dir=\"=23\"><\/button><button class=\"glide__bullet\" data-glide-dir=\"=24\"><\/button><button class=\"glide__bullet\" data-glide-dir=\"=25\"><\/button><button class=\"glide__bullet\" data-glide-dir=\"=26\"><\/button><button class=\"glide__bullet\" data-glide-dir=\"=27\"><\/button><\/div><\/div><\/div>\n\n\n\n<ul class=\"wp-block-list\"><li><a>Venta Casa Cabo Roig, <\/a><\/li><li>Precio:  <a>85.000&nbsp;\u20ac<\/a> <\/li><li><a>4 Piezas, <\/a><\/li><li><a>3 Dormitorios,<\/a><\/li><li>Piezas&nbsp;4 piezas<\/li><li>Superficie&nbsp;170 m\u00b2<\/li><li>Vista&nbsp;Panor\u00e1mica Campo de golf<\/li><\/ul>\n\n\n\n<p> Superficies<\/p>\n\n\n\n<ul class=\"wp-block-list\"><li>3 Dormitorios<\/li><li>1 Cocina<\/li><li>4 Cuartos de ba\u00f1o<\/li><li>1 Aparcamiento interior<\/li><li>1 Aparcamiento exterior<\/li><li>1 Terraza&nbsp;<strong>94 m\u00b2<\/strong><\/li><li>1 Jard\u00edn&nbsp;<strong>813 m\u00b2<\/strong><\/li><\/ul>\n\n\n\n<h3 class=\"wp-block-heading\">Cerca de<\/h3>\n\n\n\n<ul class=\"wp-block-list\"><li>Piscina p\u00fablica<\/li><\/ul>\n\n\n\n<h3 class=\"wp-block-heading\">Aviso legal<\/h3>\n\n\n\n<ul class=\"wp-block-list\"><li>Impuesto sobre Bienes Inmuebles&nbsp;<strong>600 \u20ac \/ a\u00f1o<\/strong><\/li><\/ul>\n\n\n\n<h3 class=\"wp-block-heading\">Prestaciones<\/h3>\n\n\n\n<ul class=\"wp-block-list\"><li>Portero autom\u00e1tico<\/li><\/ul>\n\n\n\n<ul class=\"wp-block-list\"><li><a>Sale House Cabo Roig, <\/a><\/li><li>Price:  <a>985,000<\/a> <\/li><li><a>4 Rooms, <\/a><\/li><li><a>3 Bedrooms, <\/a><\/li><li>Rooms&nbsp;4 rooms<\/li><li>Area&nbsp;170 m\u00b2<\/li><li>View&nbsp;Panoramic Golf<\/li><\/ul>\n\n\n\n<h3 class=\"wp-block-heading\">Areas<\/h3>\n\n\n\n<ul class=\"wp-block-list\"><li>3 Bedrooms<\/li><li>1 Kitchen<\/li><li>4 Bathrooms<\/li><li>1 Indoor parking<\/li><li>1 Outdoor parking<\/li><li>1 Terrace&nbsp;<strong>94 m\u00b2<\/strong><\/li><li>1 Garden&nbsp;<strong>813 m\u00b2<\/strong><\/li><\/ul>\n\n\n\n<h3 class=\"wp-block-heading\">Proximities<\/h3>\n\n\n\n<ul class=\"wp-block-list\"><li>Public pool<\/li><\/ul>\n\n\n\n<h3 class=\"wp-block-heading\">Legal notice<\/h3>\n\n\n\n<ul class=\"wp-block-list\"><li>Land value tax&nbsp;<strong>600 \u20ac \/ year<\/strong><\/li><\/ul>\n\n\n\n<h3 class=\"wp-block-heading\">Services<\/h3>\n\n\n\n<ul class=\"wp-block-list\"><li>Intercom<\/li><\/ul>\n\n\n\n<ul class=\"wp-block-list\"><li><a>Vente Maison Cabo Roig,<\/a><\/li><li>Prix:  <a>85\u202f000&nbsp;\u20ac<\/a> <\/li><li><a> 4 Pi\u00e8ces, <\/a><\/li><li><a>3 Chambres, <\/a><\/li><\/ul>\n\n\n\n<p>R\u00e9gion: Costa Blanca<br>Superbe Villa Luxueuse T4 dans le Golf LAS COLINAS<br>Caract\u00e9ristiques: 3 chambres , 4 salles de bain , Cuisine ouverte (la cuisine est compl\u00e9tement \u00e9quip\u00e9e), Salle \u00e0 manger, Salon ouvert, Grande Piscine , Terrasse(s) de 94 m2, sur un terrain de 813 m2 &#8230; etc.. .<br><br>Magnifique Piscine Priv\u00e9e.<br><br>Cuisine enti\u00e8rement \u00e9quip\u00e9e avec r\u00e9frig\u00e9rateur int\u00e9gr\u00e9, four, four micro-onde, plaque \u00e0 induction, hotte aspirante, lave-vaisselle encastr\u00e9, lave-linge et s\u00e8che-linge .<br><br>\u00c0 7 minutes des plages (plage priv\u00e9e)<br>\u00c0 45 minutes de l\u2019a\u00e9roport d\u2019Alicante<br><br>Las Colinas Golf &amp; Country Club est un complexe r\u00e9sidentiel exclusif avec une faible densit\u00e9 de logements et construit autour d\u2019un parcours de golf 18 trous prim\u00e9 en 2015 \u2013 2016 &#8211; 2017 &#8211; 2018 &#8211; 2019 &#8211; 2020 et 2021 (Top 100 Europe).<br><br>Dans un emplacement privil\u00e9gi\u00e9, Las Colinas se trouve sur une vall\u00e9e entour\u00e9e de collines et d\u2019une r\u00e9serve naturelle de terres prot\u00e9g\u00e9es et bois\u00e9es.<br>Las Colinas Golf &amp; Country Club se distingue par son intimit\u00e9, sa beaut\u00e9 naturelle, son climat exceptionnel, ses excellentes connexions par la route, le train et l\u2019air et la conservation de l\u2019environnement naturel.<br><\/p>\n\n\n\n<p>Neuf direct promoteur Garantie 10 ans<br>Disponible D\u00e9cembre 2024<br><\/p>\n\n\n\n<p>Pi\u00e8ces&nbsp;4 pi\u00e8ces<\/p>\n\n\n\n<p>Surface&nbsp;170 m\u00b2<\/p>\n\n\n\n<p>Vue&nbsp;Panoramique Golf<\/p>\n\n\n\n<h2 class=\"wp-block-heading\">Autres visuels<\/h2>\n\n\n\n<p>Pas d&#8217;informations disponibles<\/p>\n\n\n\n<h3 class=\"wp-block-heading\">Surfaces<\/h3>\n\n\n\n<ul class=\"wp-block-list\"><li>3 Chambres<\/li><li>1 Cuisine&nbsp;<strong>Am\u00e9nag\u00e9e et \u00e9quip\u00e9e Am\u00e9ricaine<\/strong><\/li><li>4 Salles de bains<\/li><li>1 Parking int\u00e9rieur<\/li><li>1 Parking ext\u00e9rieur<\/li><li>1 Terrasse&nbsp;<strong>94 m\u00b2<\/strong><\/li><li>1 Jardin&nbsp;<strong>813 m\u00b2<\/strong><\/li><\/ul>\n\n\n\n<h3 class=\"wp-block-heading\">Proximit\u00e9s<\/h3>\n\n\n\n<ul class=\"wp-block-list\"><li>Piscine publique<\/li><\/ul>\n\n\n\n<h3 class=\"wp-block-heading\">Mentions l\u00e9gales<\/h3>\n\n\n\n<ul class=\"wp-block-list\"><li>Taxe fonci\u00e8re&nbsp;<strong>600 \u20ac \/ an<\/strong><\/li><\/ul>\n\n\n\n<h3 class=\"wp-block-heading\">Prestations<\/h3>\n\n\n\n<ul class=\"wp-block-list\"><li>Interphone<\/li><\/ul>\n","protected":false},"excerpt":{"rendered":"<p>Venta Casa Cabo Roig, Precio: 85.000&nbsp;\u20ac 4 Piezas, 3 Dormitorios, Piezas&nbsp;4 piezas Superficie&nbsp;170 m\u00b2 Vista&nbsp;Panor\u00e1mica Campo de golf Superficies 3 Dormitorios 1 Cocina 4 Cuartos de ba\u00f1o 1 Aparcamiento interior 1 Aparcamiento exterior 1 Terraza&nbsp;94 m\u00b2 1 Jard\u00edn&nbsp;813 m\u00b2 Cerca de Piscina p\u00fablica Aviso legal Impuesto sobre Bienes Inmuebles&nbsp;600 \u20ac \/ a\u00f1o Prestaciones Portero autom\u00e1tico &hellip; <\/p>\n<p class=\"link-more\"><a href=\"https:\/\/coelloglobal.com\/index.php\/casa-en-cabo-roig-murcia-985-000-e-ref-cg0065\/\" class=\"more-link\">Continue reading<span class=\"screen-reader-text\"> &#8220;Casa en Cabo Roig Murcia 985.000 \u20ac Ref: CG0065&#8221;<\/span><\/a><\/p>\n","protected":false},"author":1,"featured_media":3778,"parent":0,"menu_order":0,"comment_status":"closed","ping_status":"closed","template":"","meta":{"footnotes":""},"class_list":["post-3759","page","type-page","status-publish","has-post-thumbnail","hentry"],"_links":{"self":[{"href":"https:\/\/coelloglobal.com\/index.php\/wp-json\/wp\/v2\/pages\/3759","targetHints":{"allow":["GET"]}}],"collection":[{"href":"https:\/\/coelloglobal.com\/index.php\/wp-json\/wp\/v2\/pages"}],"about":[{"href":"https:\/\/coelloglobal.com\/index.php\/wp-json\/wp\/v2\/types\/page"}],"author":[{"embeddable":true,"href":"https:\/\/coelloglobal.com\/index.php\/wp-json\/wp\/v2\/users\/1"}],"replies":[{"embeddable":true,"href":"https:\/\/coelloglobal.com\/index.php\/wp-json\/wp\/v2\/comments?post=3759"}],"version-history":[{"count":2,"href":"https:\/\/coelloglobal.com\/index.php\/wp-json\/wp\/v2\/pages\/3759\/revisions"}],"predecessor-version":[{"id":3790,"href":"https:\/\/coelloglobal.com\/index.php\/wp-json\/wp\/v2\/pages\/3759\/revisions\/3790"}],"wp:featuredmedia":[{"embeddable":true,"href":"https:\/\/coelloglobal.com\/index.php\/wp-json\/wp\/v2\/media\/3778"}],"wp:attachment":[{"href":"https:\/\/coelloglobal.com\/index.php\/wp-json\/wp\/v2\/media?parent=3759"}],"curies":[{"name":"wp","href":"https:\/\/api.w.org\/{rel}","templated":true}]}}