{"id":3794,"date":"2023-10-14T19:23:00","date_gmt":"2023-10-14T19:23:00","guid":{"rendered":"http:\/\/coelloglobal.com\/?page_id=3794"},"modified":"2023-10-14T19:24:00","modified_gmt":"2023-10-14T19:24:00","slug":"piso-en-benidorm-985-000-e-ref-cg0066","status":"publish","type":"page","link":"https:\/\/coelloglobal.com\/index.php\/piso-en-benidorm-985-000-e-ref-cg0066\/","title":{"rendered":"Piso en Benidorm 985.000 \u20ac Ref: CG0066"},"content":{"rendered":"\n<div id=\"wp-block-themeisle-blocks-slider-622384f5\" class=\"wp-block-themeisle-blocks-slider glide\" data-per-view=\"1\" data-gap=\"0\" data-peek=\"0\" data-autoplay=\"true\" data-height=\"400px\"><div class=\"glide__track\" data-glide-el=\"track\"><div class=\"glide__slides\"><div class=\"wp-block-themeisle-blocks-slider-item-wrapper glide__slide\" tabindex=\"0\"><figure><img decoding=\"async\" class=\"wp-block-themeisle-blocks-slider-item\" src=\"http:\/\/coelloglobal.com\/wp-content\/uploads\/2023\/10\/foto-1-5.png\" alt=\"\" title=\"\" data-id=\"3795\"\/><\/figure><\/div><div class=\"wp-block-themeisle-blocks-slider-item-wrapper glide__slide\" tabindex=\"0\"><figure><img decoding=\"async\" class=\"wp-block-themeisle-blocks-slider-item\" src=\"http:\/\/coelloglobal.com\/wp-content\/uploads\/2023\/10\/foto-2-6.png\" alt=\"\" title=\"\" data-id=\"3796\"\/><\/figure><\/div><div class=\"wp-block-themeisle-blocks-slider-item-wrapper glide__slide\" tabindex=\"0\"><figure><img decoding=\"async\" class=\"wp-block-themeisle-blocks-slider-item\" src=\"http:\/\/coelloglobal.com\/wp-content\/uploads\/2023\/10\/foto-3-9.png\" alt=\"\" title=\"\" data-id=\"3797\"\/><\/figure><\/div><div class=\"wp-block-themeisle-blocks-slider-item-wrapper glide__slide\" tabindex=\"0\"><figure><img decoding=\"async\" class=\"wp-block-themeisle-blocks-slider-item\" src=\"http:\/\/coelloglobal.com\/wp-content\/uploads\/2023\/10\/foto-4-8.png\" alt=\"\" title=\"\" data-id=\"3798\"\/><\/figure><\/div><div class=\"wp-block-themeisle-blocks-slider-item-wrapper glide__slide\" tabindex=\"0\"><figure><img decoding=\"async\" class=\"wp-block-themeisle-blocks-slider-item\" src=\"http:\/\/coelloglobal.com\/wp-content\/uploads\/2023\/10\/foto-5-8.png\" alt=\"\" title=\"\" data-id=\"3799\"\/><\/figure><\/div><div class=\"wp-block-themeisle-blocks-slider-item-wrapper glide__slide\" tabindex=\"0\"><figure><img decoding=\"async\" class=\"wp-block-themeisle-blocks-slider-item\" src=\"http:\/\/coelloglobal.com\/wp-content\/uploads\/2023\/10\/foto-6-8.png\" alt=\"\" title=\"\" data-id=\"3800\"\/><\/figure><\/div><\/div><div class=\"glide__arrows\" data-glide-el=\"controls\"><button class=\"glide__arrow glide__arrow--left\" data-glide-dir=\"<\"><svg xmlns=\"http:\/\/www.w3.org\/2000\/svg\" width=\"18\" height=\"18\" viewbox=\"0 0 100 100\" role=\"img\" aria-hidden=\"true\" focusable=\"false\"><path d=\"M 10,50 L 60,100 L 70,90 L 30,50  L 70,10 L 60,0 Z\"><\/path><\/svg><\/button><button class=\"glide__arrow glide__arrow--right\" data-glide-dir=\"&gt;\"><svg xmlns=\"http:\/\/www.w3.org\/2000\/svg\" width=\"18\" height=\"18\" viewbox=\"0 0 100 100\" role=\"img\" aria-hidden=\"true\" focusable=\"false\"><path d=\"M 10,50 L 60,100 L 70,90 L 30,50  L 70,10 L 60,0 Z\"><\/path><\/svg><\/button><\/div><div class=\"glide__bullets\" data-glide-el=\"controls[nav]\"><button class=\"glide__bullet\" data-glide-dir=\"=0\"><\/button><button class=\"glide__bullet\" data-glide-dir=\"=1\"><\/button><button class=\"glide__bullet\" data-glide-dir=\"=2\"><\/button><button class=\"glide__bullet\" data-glide-dir=\"=3\"><\/button><button class=\"glide__bullet\" data-glide-dir=\"=4\"><\/button><button class=\"glide__bullet\" data-glide-dir=\"=5\"><\/button><\/div><\/div><\/div>\n\n\n\n<ul class=\"wp-block-list\"><li><a>Venta Piso Benidorm, <\/a><\/li><li>Precio:  9<a>85.000&nbsp;\u20ac<\/a> <\/li><li><a>5 Piezas, <\/a><\/li><li><a>4 Dormitorios, <\/a><\/li><li>Piezas&nbsp;5 piezas<\/li><li>Superficie&nbsp;172 m\u00b2<\/li><li>Planta&nbsp;10\u00b0 Planta \/ 24<\/li><li>Vista&nbsp;Panor\u00e1mica Mar<\/li><\/ul>\n\n\n\n<h3 class=\"wp-block-heading\">Superficies<\/h3>\n\n\n\n<ul class=\"wp-block-list\"><li>4 Dormitorios<\/li><li>1 Cocina<\/li><li>3 Cuartos de ba\u00f1o<\/li><li>1 Aparcamiento interior<\/li><li>1 Aparcamiento exterior<\/li><li>1 Sol\u00e1rium&nbsp;<strong>56 m\u00b2<\/strong><\/li><li>1 Terraza&nbsp;<strong>36 m\u00b2<\/strong><\/li><\/ul>\n\n\n\n<h3 class=\"wp-block-heading\">Cerca de<\/h3>\n\n\n\n<ul class=\"wp-block-list\"><li>Piscina p\u00fablica<\/li><\/ul>\n\n\n\n<h3 class=\"wp-block-heading\">Aviso legal<\/h3>\n\n\n\n<ul class=\"wp-block-list\"><li>Impuesto sobre Bienes Inmuebles&nbsp;<strong>850 \u20ac \/ a\u00f1o<\/strong><\/li><\/ul>\n\n\n\n<h3 class=\"wp-block-heading\">Prestaciones<\/h3>\n\n\n\n<ul class=\"wp-block-list\"><li>Portero autom\u00e1tico<\/li><\/ul>\n\n\n\n<ul class=\"wp-block-list\"><li><a>Sale Apartment Benidorm, <\/a><\/li><li>Price:  9<a>85,000<\/a> <\/li><li><a>5 Rooms, <\/a><\/li><li><a>4 Bedrooms, <\/a><\/li><li>Rooms&nbsp;5 rooms<\/li><li>Area&nbsp;172 m\u00b2<\/li><li>Floor&nbsp;10th floor \/ 24<\/li><li>View&nbsp;Panoramic Sea<\/li><\/ul>\n\n\n\n<p>Areas<\/p>\n\n\n\n<ul class=\"wp-block-list\"><li>4 Bedrooms<\/li><li>1 Kitchen<\/li><li>3 Bathrooms<\/li><li>1 Indoor parking<\/li><li>1 Outdoor parking<\/li><li>1 Solarium&nbsp;<strong>56 m\u00b2<\/strong><\/li><li>1 Terrace&nbsp;<strong>36 m\u00b2<\/strong><\/li><\/ul>\n\n\n\n<h3 class=\"wp-block-heading\">Proximities<\/h3>\n\n\n\n<ul class=\"wp-block-list\"><li>Public pool<\/li><\/ul>\n\n\n\n<h3 class=\"wp-block-heading\">Legal notice<\/h3>\n\n\n\n<ul class=\"wp-block-list\"><li>Land value tax&nbsp;<strong>850 \u20ac \/ year<\/strong><\/li><\/ul>\n\n\n\n<h3 class=\"wp-block-heading\">Services<\/h3>\n\n\n\n<ul class=\"wp-block-list\"><li>Intercom<\/li><\/ul>\n\n\n\n<ul class=\"wp-block-list\"><li><a>Vente Appartement Benidorm, <\/a><\/li><li>Prix: 985.000 \u20ac<\/li><li><a>5 Pi\u00e8ces, <\/a><\/li><li><a>4 Chambres, <\/a><\/li><li><a>172 M\u00b2, <\/a><\/li><\/ul>\n\n\n\n<p>R\u00e9gion: Costa Blanca<br><br>Magnifique Appartement Neuf T5 avec vue sur la Mer \u00e0 Benidorm \/ Alicante<br><br>Situ\u00e9 au 10\u00e8me \u00e9tage avec une vue sur la Mer.<br><br>Caract\u00e9ristiques: 4 chambres, 3 salle de bains , Cuisine ouverte, Salle \u00e0 manger, Terrasse de 36 m2&#8230; etc &#8230;<br><br>Grande Piscine communautaire + Jacuzzi.<br><br>Plages \u00e0 80 m<br><br>Terrasses: 36 m2<br><br>\u00c9quipements complets: (meubles, luminaires, d\u00e9coration, etc &#8230;)&nbsp; + 26 800\u20ac (en passant par le promoteur, nous avons d&#8217;autres options)<br><br>Son emplacement imbattable permet des vues magnifiques sur la mer. Des vues qui vous permettront de vous r\u00e9veiller chaque matin comme si vous flottiez sur la M\u00e9diterran\u00e9e.<br><br>Sunset Cliffs dispose \u00e9galement de plus de 12\u2009000 m\u00e8tres carr\u00e9s d\u2019espaces communs, r\u00e9partis sur diff\u00e9rentes hauteurs, garantissant des vues sur la mer depuis toutes les maisons.<br><br>Piscine chauff\u00e9e, piscine pour adultes, piscine pour enfants avec zone de jeux, salle de sport panoramique, jacuzzis, espace chill-out int\u00e9gr\u00e9 \u00e0 la piscine, salle Kid\u2019s Club, salle de jeux vid\u00e9o et diff\u00e9rents terrains de sport.<br><br>Une r\u00e9sidence in\u00e9gal\u00e9e, con\u00e7ue pour profiter sans limites de la vie en M\u00e9diterran\u00e9e.<br><br>Les logements de Sunset Cliffs b\u00e9n\u00e9ficient d\u2019un emplacement privil\u00e9gi\u00e9 \u00e0 moins de 80 m de la plage de Poniente et d\u2019une orientation sud exceptionnelle.<br><br>La plage de Poniente de Benidorm, avec son \u00e9tendue de plus de 3 km, est une plage tranquille aux eaux cristallines et au sable dor\u00e9 tr\u00e8s fin. Elle se trouve \u00e0 seulement 80 m du complexe r\u00e9sidentiel. De m\u00eame, dans les environs, il y a des ports de plaisance de premi\u00e8re cat\u00e9gorie, le plus proche se trouve \u00e0 Benidorm m\u00eame. \u00c0 quelques kilom\u00e8tres, les amateurs de nautisme pourront, en outre, profiter des installations de Villajoyosa et Altea.<br><br>La r\u00e9sidence est entour\u00e9e de toutes sortes de services ouverts toute l\u2019ann\u00e9e. La ville comprend diff\u00e9rentes zones commerciales, avec une grande vari\u00e9t\u00e9 d\u2019\u00e9tablissements, restaurants et centres de loisirs -pubs, clubs et discoth\u00e8ques, salles de f\u00eates, etc. Le centre commercial La Marina est \u00e9galement tout proche. Comme l\u2019on peut s\u2019y attendre pour une destination touristique bien \u00e9tablie comme Benidorm, il existe une foule d\u2019attractions touristiques pour tous les publics. Citons notamment : Le parc d\u2019attractions Terra M\u00edtica, le parc th\u00e9matique Terra Natura, le parc aquatique Aqualandia et le parc animalier marin Mundomar.<br><br>Pr\u00e8s de Sunset Cliffs, dans un rayon de 4 km, il y a 4 parcours de golf magnifiques : Las Rejas, Don Cayo \u00e0 Altea Hills, Bonalba \u00e0 Mutxamiel et Golf Ifach \u00e0 Calpe. Le club de golf Las Rejas Open Club Benidorm est \u00e0 seulement 1 kilom\u00e8tre de la promotion immobili\u00e8re, et \u00e0 moins de 10 minutes, vous pouvez pratiquer votre sport favori sur 2 terrains de golf Nicklaus Design 18 trous, tout en admirant la vue splendide sur la baie de Benidorm.<br><br>L\u2019immobilier Neuf sur la Costa-Blanca est un investissement Rentable et peu risqu\u00e9. Vous venez passer vos vacances chez vous dans un endroit de r\u00eave et vous ou nous le louons quand vous n\u2019y \u00eates pas.<br><br>Neuf direct promoteur Garantie 10 ans<br><br>Disponible Novembre 2023<br><\/p>\n\n\n\n<ul class=\"wp-block-list\"><li>R\u00e9f\u00e9rence&nbsp;A0215<\/li><li>Pi\u00e8ces&nbsp;5 pi\u00e8ces<\/li><li>Surface&nbsp;172 m\u00b2<\/li><li>\u00c9tage&nbsp;10\u00e8me \u00e9tage \/ 24<\/li><li>Vue&nbsp;Panoramique Mer<\/li><\/ul>\n\n\n\n<h2 class=\"wp-block-heading\">Autres visuels<\/h2>\n\n\n\n<h3 class=\"wp-block-heading\">Surfaces<\/h3>\n\n\n\n<ul class=\"wp-block-list\"><li>4 Chambres<\/li><li>1 Cuisine&nbsp;<strong>Am\u00e9nag\u00e9e Am\u00e9ricaine<\/strong><\/li><li>3 Salles de bains<\/li><li>1 Parking int\u00e9rieur<\/li><li>1 Parking ext\u00e9rieur<\/li><li>1 Solarium&nbsp;<strong>56 m\u00b2<\/strong><\/li><li>1 Terrasse&nbsp;<strong>36 m\u00b2<\/strong><\/li><\/ul>\n\n\n\n<h3 class=\"wp-block-heading\">Proximit\u00e9s<\/h3>\n\n\n\n<ul class=\"wp-block-list\"><li>Piscine publique<\/li><\/ul>\n","protected":false},"excerpt":{"rendered":"<p>Venta Piso Benidorm, Precio: 985.000&nbsp;\u20ac 5 Piezas, 4 Dormitorios, Piezas&nbsp;5 piezas Superficie&nbsp;172 m\u00b2 Planta&nbsp;10\u00b0 Planta \/ 24 Vista&nbsp;Panor\u00e1mica Mar Superficies 4 Dormitorios 1 Cocina 3 Cuartos de ba\u00f1o 1 Aparcamiento interior 1 Aparcamiento exterior 1 Sol\u00e1rium&nbsp;56 m\u00b2 1 Terraza&nbsp;36 m\u00b2 Cerca de Piscina p\u00fablica Aviso legal Impuesto sobre Bienes Inmuebles&nbsp;850 \u20ac \/ a\u00f1o Prestaciones Portero &hellip; <\/p>\n<p class=\"link-more\"><a href=\"https:\/\/coelloglobal.com\/index.php\/piso-en-benidorm-985-000-e-ref-cg0066\/\" class=\"more-link\">Continue reading<span class=\"screen-reader-text\"> &#8220;Piso en Benidorm 985.000 \u20ac Ref: CG0066&#8221;<\/span><\/a><\/p>\n","protected":false},"author":1,"featured_media":3799,"parent":0,"menu_order":0,"comment_status":"closed","ping_status":"closed","template":"","meta":{"footnotes":""},"class_list":["post-3794","page","type-page","status-publish","has-post-thumbnail","hentry"],"_links":{"self":[{"href":"https:\/\/coelloglobal.com\/index.php\/wp-json\/wp\/v2\/pages\/3794","targetHints":{"allow":["GET"]}}],"collection":[{"href":"https:\/\/coelloglobal.com\/index.php\/wp-json\/wp\/v2\/pages"}],"about":[{"href":"https:\/\/coelloglobal.com\/index.php\/wp-json\/wp\/v2\/types\/page"}],"author":[{"embeddable":true,"href":"https:\/\/coelloglobal.com\/index.php\/wp-json\/wp\/v2\/users\/1"}],"replies":[{"embeddable":true,"href":"https:\/\/coelloglobal.com\/index.php\/wp-json\/wp\/v2\/comments?post=3794"}],"version-history":[{"count":2,"href":"https:\/\/coelloglobal.com\/index.php\/wp-json\/wp\/v2\/pages\/3794\/revisions"}],"predecessor-version":[{"id":3803,"href":"https:\/\/coelloglobal.com\/index.php\/wp-json\/wp\/v2\/pages\/3794\/revisions\/3803"}],"wp:featuredmedia":[{"embeddable":true,"href":"https:\/\/coelloglobal.com\/index.php\/wp-json\/wp\/v2\/media\/3799"}],"wp:attachment":[{"href":"https:\/\/coelloglobal.com\/index.php\/wp-json\/wp\/v2\/media?parent=3794"}],"curies":[{"name":"wp","href":"https:\/\/api.w.org\/{rel}","templated":true}]}}