{"id":3806,"date":"2023-10-16T12:21:38","date_gmt":"2023-10-16T12:21:38","guid":{"rendered":"http:\/\/coelloglobal.com\/?page_id=3806"},"modified":"2023-10-16T12:37:47","modified_gmt":"2023-10-16T12:37:47","slug":"piso-estepona-498-000-e-ref-cg0067","status":"publish","type":"page","link":"https:\/\/coelloglobal.com\/index.php\/piso-estepona-498-000-e-ref-cg0067\/","title":{"rendered":"Piso Estepona 498.000 \u20ac Ref: CG0067"},"content":{"rendered":"\n<div id=\"wp-block-themeisle-blocks-slider-4657ccfe\" class=\"wp-block-themeisle-blocks-slider glide\" data-per-view=\"1\" data-gap=\"0\" data-peek=\"0\" data-autoplay=\"true\" data-height=\"400px\"><div class=\"glide__track\" data-glide-el=\"track\"><div class=\"glide__slides\"><div class=\"wp-block-themeisle-blocks-slider-item-wrapper glide__slide\" tabindex=\"0\"><figure><img decoding=\"async\" class=\"wp-block-themeisle-blocks-slider-item\" src=\"http:\/\/coelloglobal.com\/wp-content\/uploads\/2023\/10\/FOTO-1A-7.jpg\" alt=\"\" title=\"\" data-id=\"3826\"\/><\/figure><\/div><div class=\"wp-block-themeisle-blocks-slider-item-wrapper glide__slide\" tabindex=\"0\"><figure><img decoding=\"async\" class=\"wp-block-themeisle-blocks-slider-item\" src=\"http:\/\/coelloglobal.com\/wp-content\/uploads\/2023\/10\/foto-2-31.jpg\" alt=\"\" title=\"\" data-id=\"3827\"\/><\/figure><\/div><div class=\"wp-block-themeisle-blocks-slider-item-wrapper glide__slide\" tabindex=\"0\"><figure><img decoding=\"async\" class=\"wp-block-themeisle-blocks-slider-item\" src=\"http:\/\/coelloglobal.com\/wp-content\/uploads\/2023\/10\/FOTO-3-43.jpg\" alt=\"\" title=\"\" data-id=\"3828\"\/><\/figure><\/div><div class=\"wp-block-themeisle-blocks-slider-item-wrapper glide__slide\" tabindex=\"0\"><figure><img decoding=\"async\" class=\"wp-block-themeisle-blocks-slider-item\" src=\"http:\/\/coelloglobal.com\/wp-content\/uploads\/2023\/10\/foto-4-37.jpg\" alt=\"\" title=\"\" data-id=\"3829\"\/><\/figure><\/div><div class=\"wp-block-themeisle-blocks-slider-item-wrapper glide__slide\" tabindex=\"0\"><figure><img decoding=\"async\" class=\"wp-block-themeisle-blocks-slider-item\" src=\"http:\/\/coelloglobal.com\/wp-content\/uploads\/2023\/10\/foto-5-36.jpg\" alt=\"\" title=\"\" data-id=\"3830\"\/><\/figure><\/div><div class=\"wp-block-themeisle-blocks-slider-item-wrapper glide__slide\" tabindex=\"0\"><figure><img decoding=\"async\" class=\"wp-block-themeisle-blocks-slider-item\" src=\"http:\/\/coelloglobal.com\/wp-content\/uploads\/2023\/10\/foto-6-32.jpg\" alt=\"\" title=\"\" data-id=\"3831\"\/><\/figure><\/div><div class=\"wp-block-themeisle-blocks-slider-item-wrapper glide__slide\" tabindex=\"0\"><figure><img decoding=\"async\" class=\"wp-block-themeisle-blocks-slider-item\" src=\"http:\/\/coelloglobal.com\/wp-content\/uploads\/2023\/10\/foto-7-29.jpg\" alt=\"\" title=\"\" data-id=\"3832\"\/><\/figure><\/div><div class=\"wp-block-themeisle-blocks-slider-item-wrapper glide__slide\" tabindex=\"0\"><figure><img decoding=\"async\" class=\"wp-block-themeisle-blocks-slider-item\" src=\"http:\/\/coelloglobal.com\/wp-content\/uploads\/2023\/10\/foto-8-28.jpg\" alt=\"\" title=\"\" data-id=\"3833\"\/><\/figure><\/div><div class=\"wp-block-themeisle-blocks-slider-item-wrapper glide__slide\" tabindex=\"0\"><figure><img decoding=\"async\" class=\"wp-block-themeisle-blocks-slider-item\" src=\"http:\/\/coelloglobal.com\/wp-content\/uploads\/2023\/10\/foto-9-24.jpg\" alt=\"\" title=\"\" data-id=\"3834\"\/><\/figure><\/div><div class=\"wp-block-themeisle-blocks-slider-item-wrapper glide__slide\" tabindex=\"0\"><figure><img decoding=\"async\" class=\"wp-block-themeisle-blocks-slider-item\" src=\"http:\/\/coelloglobal.com\/wp-content\/uploads\/2023\/10\/foto-10-22.jpg\" alt=\"\" title=\"\" data-id=\"3835\"\/><\/figure><\/div><div class=\"wp-block-themeisle-blocks-slider-item-wrapper glide__slide\" tabindex=\"0\"><figure><img decoding=\"async\" class=\"wp-block-themeisle-blocks-slider-item\" src=\"http:\/\/coelloglobal.com\/wp-content\/uploads\/2023\/10\/foto-11-30.jpg\" alt=\"\" title=\"\" data-id=\"3836\"\/><\/figure><\/div><div class=\"wp-block-themeisle-blocks-slider-item-wrapper glide__slide\" tabindex=\"0\"><figure><img decoding=\"async\" class=\"wp-block-themeisle-blocks-slider-item\" src=\"http:\/\/coelloglobal.com\/wp-content\/uploads\/2023\/10\/foto-12-26.jpg\" alt=\"\" title=\"\" data-id=\"3837\"\/><\/figure><\/div><div class=\"wp-block-themeisle-blocks-slider-item-wrapper glide__slide\" tabindex=\"0\"><figure><img decoding=\"async\" class=\"wp-block-themeisle-blocks-slider-item\" src=\"http:\/\/coelloglobal.com\/wp-content\/uploads\/2023\/10\/foto-13-25.jpg\" alt=\"\" title=\"\" data-id=\"3838\"\/><\/figure><\/div><div class=\"wp-block-themeisle-blocks-slider-item-wrapper glide__slide\" tabindex=\"0\"><figure><img decoding=\"async\" class=\"wp-block-themeisle-blocks-slider-item\" src=\"http:\/\/coelloglobal.com\/wp-content\/uploads\/2023\/10\/foto-14-20.jpg\" alt=\"\" title=\"\" data-id=\"3839\"\/><\/figure><\/div><div class=\"wp-block-themeisle-blocks-slider-item-wrapper glide__slide\" tabindex=\"0\"><figure><img decoding=\"async\" class=\"wp-block-themeisle-blocks-slider-item\" src=\"http:\/\/coelloglobal.com\/wp-content\/uploads\/2023\/10\/foto-15-19.jpg\" alt=\"\" title=\"\" data-id=\"3840\"\/><\/figure><\/div><div class=\"wp-block-themeisle-blocks-slider-item-wrapper glide__slide\" tabindex=\"0\"><figure><img decoding=\"async\" class=\"wp-block-themeisle-blocks-slider-item\" src=\"http:\/\/coelloglobal.com\/wp-content\/uploads\/2023\/10\/foto-16-19.jpg\" alt=\"\" title=\"\" data-id=\"3841\"\/><\/figure><\/div><div class=\"wp-block-themeisle-blocks-slider-item-wrapper glide__slide\" tabindex=\"0\"><figure><img decoding=\"async\" class=\"wp-block-themeisle-blocks-slider-item\" src=\"http:\/\/coelloglobal.com\/wp-content\/uploads\/2023\/10\/foto-17-16.jpg\" alt=\"\" title=\"\" data-id=\"3842\"\/><\/figure><\/div><div class=\"wp-block-themeisle-blocks-slider-item-wrapper glide__slide\" tabindex=\"0\"><figure><img decoding=\"async\" class=\"wp-block-themeisle-blocks-slider-item\" src=\"http:\/\/coelloglobal.com\/wp-content\/uploads\/2023\/10\/foto-18-12.jpg\" alt=\"\" title=\"\" data-id=\"3843\"\/><\/figure><\/div><\/div><div class=\"glide__arrows\" data-glide-el=\"controls\"><button class=\"glide__arrow glide__arrow--left\" data-glide-dir=\"<\"><svg xmlns=\"http:\/\/www.w3.org\/2000\/svg\" width=\"18\" height=\"18\" viewbox=\"0 0 100 100\" role=\"img\" aria-hidden=\"true\" focusable=\"false\"><path d=\"M 10,50 L 60,100 L 70,90 L 30,50  L 70,10 L 60,0 Z\"><\/path><\/svg><\/button><button class=\"glide__arrow glide__arrow--right\" data-glide-dir=\"&gt;\"><svg xmlns=\"http:\/\/www.w3.org\/2000\/svg\" width=\"18\" height=\"18\" viewbox=\"0 0 100 100\" role=\"img\" aria-hidden=\"true\" focusable=\"false\"><path d=\"M 10,50 L 60,100 L 70,90 L 30,50  L 70,10 L 60,0 Z\"><\/path><\/svg><\/button><\/div><div class=\"glide__bullets\" data-glide-el=\"controls[nav]\"><button class=\"glide__bullet\" data-glide-dir=\"=0\"><\/button><button class=\"glide__bullet\" data-glide-dir=\"=1\"><\/button><button class=\"glide__bullet\" data-glide-dir=\"=2\"><\/button><button class=\"glide__bullet\" data-glide-dir=\"=3\"><\/button><button class=\"glide__bullet\" data-glide-dir=\"=4\"><\/button><button class=\"glide__bullet\" data-glide-dir=\"=5\"><\/button><button class=\"glide__bullet\" data-glide-dir=\"=6\"><\/button><button class=\"glide__bullet\" data-glide-dir=\"=7\"><\/button><button class=\"glide__bullet\" data-glide-dir=\"=8\"><\/button><button class=\"glide__bullet\" data-glide-dir=\"=9\"><\/button><button class=\"glide__bullet\" data-glide-dir=\"=10\"><\/button><button class=\"glide__bullet\" data-glide-dir=\"=11\"><\/button><button class=\"glide__bullet\" data-glide-dir=\"=12\"><\/button><button class=\"glide__bullet\" data-glide-dir=\"=13\"><\/button><button class=\"glide__bullet\" data-glide-dir=\"=14\"><\/button><button class=\"glide__bullet\" data-glide-dir=\"=15\"><\/button><button class=\"glide__bullet\" data-glide-dir=\"=16\"><\/button><button class=\"glide__bullet\" data-glide-dir=\"=17\"><\/button><\/div><\/div><\/div>\n\n\n\n<p><strong>Venta Piso\nEstepona, <\/strong><strong>Calle del fuego 12<\/strong><\/p>\n\n\n\n<p>Venta Piso\nEstepona, 4 Piezas, 3 Dormitorios, 91 M\u00b2, 498.000&nbsp;\u20ac,<\/p>\n\n\n\n<ul class=\"wp-block-list\"><li>Precio 498.000&nbsp;\u20ac<\/li><li>Piezas&nbsp;4 <\/li><li>Superficie&nbsp;91 m\u00b2<\/li><li>3 dormitorios<\/li><li>1 cocina<\/li><li>2 cuartos de ba\u00f1o<\/li><li>1 aparcamiento interior<\/li><li>1 terraza&nbsp;35 m\u00b2<\/li><li>1 jard\u00edn&nbsp;16 m\u00b2<\/li><li>Cerca de: Piscina p\u00fablica<\/li><li>Prestaciones: Internet &#8211; Portero autom\u00e1tico &#8211; Ventilaci\u00f3n de flujo\n     simple<\/li><\/ul>\n\n\n\n<p><strong><em>English\nVersion <\/em><\/strong><\/p>\n\n\n\n<p><strong>Sale Apartment Estepona<\/strong><strong>, <\/strong><strong>Calle del fuego 12<\/strong><\/p>\n\n\n\n<p>Sale Apartment Estepona, 4 Rooms, 3 Bedrooms, 91 M\u00b2,\n\u20ac498,000<\/p>\n\n\n\n<ul class=\"wp-block-list\"><li>\u20ac498,000<\/li><li>4 Rooms<\/li><li>&nbsp;3 Bedrooms, <\/li><li>Area 91 M\u00b2, <\/li><li>1 Kitchen<\/li><li>2 Bathrooms<\/li><li>1 Indoor parking<\/li><li>1 Terrace&nbsp;35 m\u00b2<\/li><li>1 Garden&nbsp;16 m\u00b2<\/li><li>Proximities Public pool<\/li><li>Services:\n     Internet, Intercom, Simple flow ventilation<\/li><\/ul>\n\n\n\n<p><strong><em>Version Fran\u00e7ais<\/em><\/strong><\/p>\n\n\n\n<p><strong>Vente Appartment\nEstepona<\/strong><strong>, <\/strong><strong>Calle del fuego 12<\/strong><\/p>\n\n\n\n<p>Vente Appartement\nEstepona, 4 Pi\u00e8ces, 3 Chambres, 91 M\u00b2, 498\u202f000&nbsp;\u20ac<\/p>\n\n\n\n<ul class=\"wp-block-list\"><li>498\u202f000&nbsp;\u20ac<\/li><li>4 Pi\u00e8ces, <\/li><li>3 Chambres <\/li><li>Surface&nbsp;91 m\u00b2<\/li><li>1 Cuisine&nbsp;Am\u00e9nag\u00e9e Am\u00e9ricaine<\/li><li>2 Salles de bains<\/li><li>1 Parking int\u00e9rieur<\/li><li>1 Terrasse&nbsp;35 m\u00b2<\/li><li>1 Jardin&nbsp;16 m\u00b2<\/li><li>Proximit\u00e9s Piscine publique<\/li><li>Prestations:\n     Internet, Interphone, Ventilation simple flux<\/li><\/ul>\n\n\n\n<p>Superbe Appartement T4 \u00e0 Estepona.<br>\nLa r\u00e9sidence offre un environnement s\u00e9curis\u00e9 et priv\u00e9, la tranquillit\u00e9\net des espaces lumineux, avec des vues imprenables sur la mer M\u00e9diterran\u00e9e\ndepuis ses grandes terrasses et baies vitr\u00e9es. Les appartements sur\u00e9lev\u00e9s du\nrez-de-chauss\u00e9e et du premier \u00e9tage disposent de formidables terrasses, dont on\noffre beaucoup une vue magnifique sur la mer.<br>\n<br>\nLes appartements du premier \u00e9tage, en plus de\nleurs terrasses spacieuses, disposent de solariums spectaculaires o\u00f9 vous\npouvez cr\u00e9er votre propre sanctuaire priv\u00e9.<br>\nLes portes panoramiques relient et int\u00e8grent les\nespaces int\u00e9rieurs \u00e0 l\u2019ext\u00e9rieur de mani\u00e8re transparente et impeccable, cr\u00e9ant\nainsi un autre espace de vie.<br>\nTous les sols sont en carreaux de porcelaine de\nhaute qualit\u00e9. Profitez de couchers de soleil spectaculaires<br>\nDes couchers de soleil spectaculaires depuis votre\nterrasse et des d\u00eeners avec vos amis et votre famille.<br>\n<br>\nUn design contemporain, la commodit\u00e9 et la\nqualit\u00e9, tout cela pour vivre le r\u00eave espagnol. De tr\u00e8s grandes fen\u00eatres\ninvitent la lumi\u00e8re naturelle \u00e0 p\u00e9n\u00e9trer dans le salon et la cuisine ouverts.<br>\nDes portes coulissantes en verre donnent acc\u00e8s \u00e0\nde fabuleuses terrasses dot\u00e9es de balustrades en verre contemporaines. Une\noffre s\u00e9lective de rez-de-chauss\u00e9e avec un jardin priv\u00e9, tous les appartements\nb\u00e9n\u00e9ficient d\u2019une fabuleuse terrasse et les penthouses poss\u00e8dent un superbe\nsolarium priv\u00e9, id\u00e9al pour profiter de la vue.<br>\n<br>\nAu fil des ans, la station a connu un\nd\u00e9veloppement important. Il dispose d\u2019une fantastique s\u00e9lection de boutiques\nhaut de gamme, de maisons de couture, de bars et de restaurants, y compris des\nrestaurants gastronomiques comme le restaurant El Lido, \u00e9toil\u00e9 au Michelin.\nElle abrite \u00e9galement 30 terrains de golf de classe mondiale. Par cons\u00e9quent,\nsi vous \u00eates Si vous recherchez une tranche de luxe, vous ne serez pas d\u00e9\u00e7u.<br>\n<br>\nPourtant, malgr\u00e9 cette croissance, elle a r\u00e9ussi \u00e0\nconserver son charme de \u00ab&nbsp;pueblo blanco&nbsp;\u00bb. Avant tout, Estepona est\ntout simplement un quartier espagnol traditionnel et un lieu de vie tr\u00e8s calme\net tr\u00e8s beau.<br>\n<br>\nLes b\u00e2timents sont blanchis \u00e0 la chaux, la\npromenade est bord\u00e9e de palmiers, on trouve des bars \u00e0 tapas et des chiringuitos\nclassiques le long de la plage. Ces derni\u00e8res ann\u00e9es, la ville s\u2019est m\u00eame\ntransform\u00e9e en \u00ab&nbsp;jardin de la Costa del Sol&nbsp;\u00bb, les avenues et les\nplaces \u00e9tant remplies de fleurs color\u00e9es et de nombreuses rues \u00e9tant devenues\nenti\u00e8rement pi\u00e9tonnes. Le r\u00e9sultat est vraiment \u00e9poustouflant. Prot\u00e9g\u00e9e par une\nhaute cha\u00eene de montagnes, Estepona b\u00e9n\u00e9ficie d\u2019un superbe microclimat &#8211; avec\njusqu\u2019\u00e0 300 jours de soleil par an. Elle offre un \u00e9ventail fantastique\nd\u2019activit\u00e9s de loisirs et de sites culturels, et la station est bien desservie\n&#8211; avec un acc\u00e8s facile \u00e0 l\u2019autoroute c\u00f4ti\u00e8re et aux a\u00e9roports internationaux.<br>\n<br>\nDe plus, le co\u00fbt de la vie est relativement bas.\nC\u2019est pourquoi l\u2019immobilier \u00e0 Estepona est une option tr\u00e8s populaire pour les\nfamilles, les couples et les retrait\u00e9s qui cherchent \u00e0 s\u2019installer en Espagne\nde fa\u00e7on permanente.<br>\n<br>\n\u00c0 9 minutes d\u2019Estepona.<br>\n\u00c0 55 minutes de l\u2019a\u00e9roport de Malaga.<br>\n\u00c0 25 minutes de Marbella<br>\nNeuf direct promoteur Garantie 10 ans<br>\n<br>\nDisponible<\/p>\n","protected":false},"excerpt":{"rendered":"<p>Venta Piso Estepona, Calle del fuego 12 Venta Piso Estepona, 4 Piezas, 3 Dormitorios, 91 M\u00b2, 498.000&nbsp;\u20ac, Precio 498.000&nbsp;\u20ac Piezas&nbsp;4 Superficie&nbsp;91 m\u00b2 3 dormitorios 1 cocina 2 cuartos de ba\u00f1o 1 aparcamiento interior 1 terraza&nbsp;35 m\u00b2 1 jard\u00edn&nbsp;16 m\u00b2 Cerca de: Piscina p\u00fablica Prestaciones: Internet &#8211; Portero autom\u00e1tico &#8211; Ventilaci\u00f3n de flujo simple English Version &hellip; <\/p>\n<p class=\"link-more\"><a href=\"https:\/\/coelloglobal.com\/index.php\/piso-estepona-498-000-e-ref-cg0067\/\" class=\"more-link\">Continue reading<span class=\"screen-reader-text\"> &#8220;Piso Estepona 498.000 \u20ac Ref: CG0067&#8221;<\/span><\/a><\/p>\n","protected":false},"author":1,"featured_media":3846,"parent":0,"menu_order":0,"comment_status":"closed","ping_status":"closed","template":"","meta":{"footnotes":""},"class_list":["post-3806","page","type-page","status-publish","has-post-thumbnail","hentry"],"_links":{"self":[{"href":"https:\/\/coelloglobal.com\/index.php\/wp-json\/wp\/v2\/pages\/3806","targetHints":{"allow":["GET"]}}],"collection":[{"href":"https:\/\/coelloglobal.com\/index.php\/wp-json\/wp\/v2\/pages"}],"about":[{"href":"https:\/\/coelloglobal.com\/index.php\/wp-json\/wp\/v2\/types\/page"}],"author":[{"embeddable":true,"href":"https:\/\/coelloglobal.com\/index.php\/wp-json\/wp\/v2\/users\/1"}],"replies":[{"embeddable":true,"href":"https:\/\/coelloglobal.com\/index.php\/wp-json\/wp\/v2\/comments?post=3806"}],"version-history":[{"count":2,"href":"https:\/\/coelloglobal.com\/index.php\/wp-json\/wp\/v2\/pages\/3806\/revisions"}],"predecessor-version":[{"id":3849,"href":"https:\/\/coelloglobal.com\/index.php\/wp-json\/wp\/v2\/pages\/3806\/revisions\/3849"}],"wp:featuredmedia":[{"embeddable":true,"href":"https:\/\/coelloglobal.com\/index.php\/wp-json\/wp\/v2\/media\/3846"}],"wp:attachment":[{"href":"https:\/\/coelloglobal.com\/index.php\/wp-json\/wp\/v2\/media?parent=3806"}],"curies":[{"name":"wp","href":"https:\/\/api.w.org\/{rel}","templated":true}]}}