{"id":3850,"date":"2023-10-16T14:31:41","date_gmt":"2023-10-16T14:31:41","guid":{"rendered":"http:\/\/coelloglobal.com\/?page_id=3850"},"modified":"2023-10-16T14:32:54","modified_gmt":"2023-10-16T14:32:54","slug":"piso-en-villajoyosa-alicante-962-000-e-ref-cg0067","status":"publish","type":"page","link":"https:\/\/coelloglobal.com\/index.php\/piso-en-villajoyosa-alicante-962-000-e-ref-cg0067\/","title":{"rendered":"Piso en Villajoyosa Alicante 962.000 \u20ac Ref: CG0067"},"content":{"rendered":"\n<div id=\"wp-block-themeisle-blocks-slider-fa5b96e6\" class=\"wp-block-themeisle-blocks-slider glide\" data-per-view=\"1\" data-gap=\"0\" data-peek=\"0\" data-autoplay=\"true\" data-height=\"400px\"><div class=\"glide__track\" data-glide-el=\"track\"><div class=\"glide__slides\"><div class=\"wp-block-themeisle-blocks-slider-item-wrapper glide__slide\" tabindex=\"0\"><figure><img decoding=\"async\" class=\"wp-block-themeisle-blocks-slider-item\" src=\"http:\/\/coelloglobal.com\/wp-content\/uploads\/2023\/10\/foto-1-7.png\" alt=\"\" title=\"\" data-id=\"3851\"\/><\/figure><\/div><div class=\"wp-block-themeisle-blocks-slider-item-wrapper glide__slide\" tabindex=\"0\"><figure><img decoding=\"async\" class=\"wp-block-themeisle-blocks-slider-item\" src=\"http:\/\/coelloglobal.com\/wp-content\/uploads\/2023\/10\/foto-2-7.png\" alt=\"\" title=\"\" data-id=\"3852\"\/><\/figure><\/div><div class=\"wp-block-themeisle-blocks-slider-item-wrapper glide__slide\" tabindex=\"0\"><figure><img decoding=\"async\" class=\"wp-block-themeisle-blocks-slider-item\" src=\"http:\/\/coelloglobal.com\/wp-content\/uploads\/2023\/10\/foto-3-10.png\" alt=\"\" title=\"\" data-id=\"3853\"\/><\/figure><\/div><div class=\"wp-block-themeisle-blocks-slider-item-wrapper glide__slide\" tabindex=\"0\"><figure><img decoding=\"async\" class=\"wp-block-themeisle-blocks-slider-item\" src=\"http:\/\/coelloglobal.com\/wp-content\/uploads\/2023\/10\/foto-4-9.png\" alt=\"\" title=\"\" data-id=\"3854\"\/><\/figure><\/div><div class=\"wp-block-themeisle-blocks-slider-item-wrapper glide__slide\" tabindex=\"0\"><figure><img decoding=\"async\" class=\"wp-block-themeisle-blocks-slider-item\" src=\"http:\/\/coelloglobal.com\/wp-content\/uploads\/2023\/10\/foto-5-9.png\" alt=\"\" title=\"\" data-id=\"3855\"\/><\/figure><\/div><div class=\"wp-block-themeisle-blocks-slider-item-wrapper glide__slide\" tabindex=\"0\"><figure><img decoding=\"async\" class=\"wp-block-themeisle-blocks-slider-item\" src=\"http:\/\/coelloglobal.com\/wp-content\/uploads\/2023\/10\/foto-6-9.png\" alt=\"\" title=\"\" data-id=\"3856\"\/><\/figure><\/div><div class=\"wp-block-themeisle-blocks-slider-item-wrapper glide__slide\" tabindex=\"0\"><figure><img decoding=\"async\" class=\"wp-block-themeisle-blocks-slider-item\" src=\"http:\/\/coelloglobal.com\/wp-content\/uploads\/2023\/10\/foto-7-1-1.png\" alt=\"\" title=\"\" data-id=\"3857\"\/><\/figure><\/div><div class=\"wp-block-themeisle-blocks-slider-item-wrapper glide__slide\" tabindex=\"0\"><figure><img decoding=\"async\" class=\"wp-block-themeisle-blocks-slider-item\" src=\"http:\/\/coelloglobal.com\/wp-content\/uploads\/2023\/10\/foto-8-8.png\" alt=\"\" title=\"\" data-id=\"3858\"\/><\/figure><\/div><div class=\"wp-block-themeisle-blocks-slider-item-wrapper glide__slide\" tabindex=\"0\"><figure><img decoding=\"async\" class=\"wp-block-themeisle-blocks-slider-item\" src=\"http:\/\/coelloglobal.com\/wp-content\/uploads\/2023\/10\/foto-9-1-2.png\" alt=\"\" title=\"\" data-id=\"3859\"\/><\/figure><\/div><div class=\"wp-block-themeisle-blocks-slider-item-wrapper glide__slide\" tabindex=\"0\"><figure><img decoding=\"async\" class=\"wp-block-themeisle-blocks-slider-item\" src=\"http:\/\/coelloglobal.com\/wp-content\/uploads\/2023\/10\/foto-10-1-4.png\" alt=\"\" title=\"\" data-id=\"3860\"\/><\/figure><\/div><div class=\"wp-block-themeisle-blocks-slider-item-wrapper glide__slide\" tabindex=\"0\"><figure><img decoding=\"async\" class=\"wp-block-themeisle-blocks-slider-item\" src=\"http:\/\/coelloglobal.com\/wp-content\/uploads\/2023\/10\/foto-11-8.png\" alt=\"\" title=\"\" data-id=\"3861\"\/><\/figure><\/div><div class=\"wp-block-themeisle-blocks-slider-item-wrapper glide__slide\" tabindex=\"0\"><figure><img decoding=\"async\" class=\"wp-block-themeisle-blocks-slider-item\" src=\"http:\/\/coelloglobal.com\/wp-content\/uploads\/2023\/10\/foto-12-7.png\" alt=\"\" title=\"\" data-id=\"3862\"\/><\/figure><\/div><\/div><div class=\"glide__arrows\" data-glide-el=\"controls\"><button class=\"glide__arrow glide__arrow--left\" data-glide-dir=\"<\"><svg xmlns=\"http:\/\/www.w3.org\/2000\/svg\" width=\"18\" height=\"18\" viewbox=\"0 0 100 100\" role=\"img\" aria-hidden=\"true\" focusable=\"false\"><path d=\"M 10,50 L 60,100 L 70,90 L 30,50  L 70,10 L 60,0 Z\"><\/path><\/svg><\/button><button class=\"glide__arrow glide__arrow--right\" data-glide-dir=\"&gt;\"><svg xmlns=\"http:\/\/www.w3.org\/2000\/svg\" width=\"18\" height=\"18\" viewbox=\"0 0 100 100\" role=\"img\" aria-hidden=\"true\" focusable=\"false\"><path d=\"M 10,50 L 60,100 L 70,90 L 30,50  L 70,10 L 60,0 Z\"><\/path><\/svg><\/button><\/div><div class=\"glide__bullets\" data-glide-el=\"controls[nav]\"><button class=\"glide__bullet\" data-glide-dir=\"=0\"><\/button><button class=\"glide__bullet\" data-glide-dir=\"=1\"><\/button><button class=\"glide__bullet\" data-glide-dir=\"=2\"><\/button><button class=\"glide__bullet\" data-glide-dir=\"=3\"><\/button><button class=\"glide__bullet\" data-glide-dir=\"=4\"><\/button><button class=\"glide__bullet\" data-glide-dir=\"=5\"><\/button><button class=\"glide__bullet\" data-glide-dir=\"=6\"><\/button><button class=\"glide__bullet\" data-glide-dir=\"=7\"><\/button><button class=\"glide__bullet\" data-glide-dir=\"=8\"><\/button><button class=\"glide__bullet\" data-glide-dir=\"=9\"><\/button><button class=\"glide__bullet\" data-glide-dir=\"=10\"><\/button><button class=\"glide__bullet\" data-glide-dir=\"=11\"><\/button><\/div><\/div><\/div>\n\n\n\n<ul class=\"wp-block-list\"><li><a><strong>Venta Piso Villajoyosa, <\/strong><\/a><\/li><li><a>4 Piezas, <\/a><\/li><li><a>3 Dormitorios <\/a><\/li><li>Precio: <a>962.000&nbsp;\u20ac<\/a><\/li><li>Piezas&nbsp;4 piezas<\/li><li>Superficie&nbsp;109 m\u00b2<\/li><li>Planta&nbsp;1\u00b0 Planta \/ 6<\/li><li>Vista&nbsp;Panor\u00e1mica Mar<\/li><\/ul>\n\n\n\n<h3 class=\"wp-block-heading\">Superficies<\/h3>\n\n\n\n<ul class=\"wp-block-list\"><li>3 Dormitorios<\/li><li>1 Cocina<\/li><li>3 Cuartos de ba\u00f1o<\/li><li>1 Aparcamiento interior<\/li><li>2 Terrazas&nbsp;<strong>48 m\u00b2<\/strong><\/li><\/ul>\n\n\n\n<h3 class=\"wp-block-heading\">Aviso legal<\/h3>\n\n\n\n<ul class=\"wp-block-list\"><li>Impuesto sobre Bienes Inmuebles&nbsp;<strong>550 \u20ac \/ a\u00f1o<\/strong><\/li><\/ul>\n\n\n\n<h3 class=\"wp-block-heading\">Prestaciones<\/h3>\n\n\n\n<ul class=\"wp-block-list\"><li>Portero autom\u00e1tico<\/li><\/ul>\n\n\n\n<ul class=\"wp-block-list\"><li><a>Sale Apartment Villajoyosa, <\/a><\/li><li><a>4 Rooms,<\/a><\/li><li><a> 3 Bedrooms, <\/a><\/li><li>Price: <a>\u20ac962,000<\/a><\/li><li>Rooms&nbsp;4 rooms<\/li><li>Area&nbsp;109 m\u00b2<\/li><li>Floor&nbsp;1st floor \/ 6<\/li><li>View&nbsp;Panoramic Sea<\/li><\/ul>\n\n\n\n<h3 class=\"wp-block-heading\">Areas<\/h3>\n\n\n\n<ul class=\"wp-block-list\"><li>3 Bedrooms<\/li><li>1 Kitchen<\/li><li>3 Bathrooms<\/li><li>1 Indoor parking<\/li><li>2 Terraces&nbsp;<strong>48 m\u00b2<\/strong><\/li><\/ul>\n\n\n\n<h3 class=\"wp-block-heading\">Proximities<\/h3>\n\n\n\n<ul class=\"wp-block-list\"><li>Public pool<\/li><\/ul>\n\n\n\n<h3 class=\"wp-block-heading\">Legal notice<\/h3>\n\n\n\n<ul class=\"wp-block-list\"><li>Land value tax&nbsp;<strong>550 \u20ac \/ year<\/strong><\/li><\/ul>\n\n\n\n<h3 class=\"wp-block-heading\">Services<\/h3>\n\n\n\n<ul class=\"wp-block-list\"><li>Intercom<\/li><\/ul>\n\n\n\n<ul class=\"wp-block-list\"><li><a>Vente Appartement Villajoyosa, <\/a><\/li><li>Prix: 962.000 \u20ac<\/li><li><a>4 Pi\u00e8ces, <\/a><\/li><li><a>3 Chambres,<\/a><\/li><\/ul>\n\n\n\n<p>R\u00e9gion: Costa Blanca<br><br>Grandiose Appartement T4 \u00e0 10 m\u00e8tres de la Plage<br>Situ\u00e9 \u00e0 Villajoyosa<br>Appartement au rdc<br><br>Caract\u00e9ristiques: 3 chambres , 3 salles de bain , Cuisine Ouverte, Salle \u00e0 manger, Grandes terrasses de 48,32 m2, dans un cadre magnifique &#8230;.. etc&#8230;<br><br>Grande Piscine Communautaire<br><br>R\u00e9sidence avec des zones de loisirs et de d\u00e9tente avec \u00e9clairage : piscine, spa, jardins, chaises longues et parasols, parking \u00e0 v\u00e9los.<br><br>R\u00e9sidence offrant une s\u00e9curit\u00e9 maximale gr\u00e2ce \u00e0 un syst\u00e8me de s\u00e9curit\u00e9 avec cam\u00e9ras de vid\u00e9osurveillance.<br><br>Dans un endroit mill\u00e9naire et privil\u00e9gi\u00e9 de la Costa Blanca, l\u00e0 o\u00f9 se trouvait l\u2019ancienne ville d\u2019Allan.<br><br>Un environnement naturel et unique o\u00f9 vous pouvez vivre au contact de la mer et du soleil toute l\u2019ann\u00e9e dans une atmosph\u00e8re calme et d\u00e9tendue.<br><br>Il se compose d\u2019une baie avec une mer turquoise et d\u2019une plage aux eaux transparentes.<br><br>Appartement tr\u00e8s lumineux avec une grande terrasse.<br><br>La plage est \u00e0 10 m<br><br>Le port de Villajoyosa est \u00e0 3 km. (avec tous les commerces aux alentours)<br><br>La grande plage de Benidorm est \u00e0 4,9 km (avec tous les commerces aux alentours)<br><br>Jouer au Golf \u00e0 10 minutes<br><br>L\u2019a\u00e9roport Alicante est \u00e0 30 minutes en voiture<br><br>L\u2019H\u00f4pital (Marina Baixa) est \u00e0 2,2 km<br><br>Situ\u00e9 dans une zone unique et exclusive.<br><br>Neuf direct promoteur Garantie 10 ans<br><br>Disponible<br>Pi\u00e8ces&nbsp;4 pi\u00e8ces<\/p>\n\n\n\n<p>Surface&nbsp;109 m\u00b2<\/p>\n\n\n\n<p>\u00c9tage&nbsp;1er \u00e9tage \/ 6<\/p>\n\n\n\n<p>Vue&nbsp;Panoramique Mer<\/p>\n\n\n\n<h2 class=\"wp-block-heading\">Autres visuels<\/h2>\n\n\n\n<h3 class=\"wp-block-heading\">Surfaces<\/h3>\n\n\n\n<ul class=\"wp-block-list\"><li>3 Chambres<\/li><li>1 Cuisine&nbsp;<strong>Am\u00e9nag\u00e9e et Equip\u00e9e Am\u00e9ricaine<\/strong><\/li><li>3 Salles de bains<\/li><li>1 Parking int\u00e9rieur<\/li><li>2 Terrasses&nbsp;<strong>48 m\u00b2<\/strong><\/li><\/ul>\n\n\n\n<h3 class=\"wp-block-heading\">Proximit\u00e9s<\/h3>\n\n\n\n<ul class=\"wp-block-list\"><li>Piscine publique<\/li><\/ul>\n\n\n\n<h3 class=\"wp-block-heading\">Mentions l\u00e9gales<\/h3>\n\n\n\n<ul class=\"wp-block-list\"><li>Taxe fonci\u00e8re&nbsp;<strong>550 \u20ac \/ an<\/strong><\/li><\/ul>\n\n\n\n<h3 class=\"wp-block-heading\">Prestations<\/h3>\n\n\n\n<ul class=\"wp-block-list\"><li>Interphone<\/li><\/ul>\n","protected":false},"excerpt":{"rendered":"<p>Venta Piso Villajoyosa, 4 Piezas, 3 Dormitorios Precio: 962.000&nbsp;\u20ac Piezas&nbsp;4 piezas Superficie&nbsp;109 m\u00b2 Planta&nbsp;1\u00b0 Planta \/ 6 Vista&nbsp;Panor\u00e1mica Mar Superficies 3 Dormitorios 1 Cocina 3 Cuartos de ba\u00f1o 1 Aparcamiento interior 2 Terrazas&nbsp;48 m\u00b2 Aviso legal Impuesto sobre Bienes Inmuebles&nbsp;550 \u20ac \/ a\u00f1o Prestaciones Portero autom\u00e1tico Sale Apartment Villajoyosa, 4 Rooms, 3 Bedrooms, Price: \u20ac962,000 &hellip; <\/p>\n<p class=\"link-more\"><a href=\"https:\/\/coelloglobal.com\/index.php\/piso-en-villajoyosa-alicante-962-000-e-ref-cg0067\/\" class=\"more-link\">Continue reading<span class=\"screen-reader-text\"> &#8220;Piso en Villajoyosa Alicante 962.000 \u20ac Ref: CG0067&#8221;<\/span><\/a><\/p>\n","protected":false},"author":1,"featured_media":3862,"parent":0,"menu_order":0,"comment_status":"closed","ping_status":"closed","template":"","meta":{"footnotes":""},"class_list":["post-3850","page","type-page","status-publish","has-post-thumbnail","hentry"],"_links":{"self":[{"href":"https:\/\/coelloglobal.com\/index.php\/wp-json\/wp\/v2\/pages\/3850","targetHints":{"allow":["GET"]}}],"collection":[{"href":"https:\/\/coelloglobal.com\/index.php\/wp-json\/wp\/v2\/pages"}],"about":[{"href":"https:\/\/coelloglobal.com\/index.php\/wp-json\/wp\/v2\/types\/page"}],"author":[{"embeddable":true,"href":"https:\/\/coelloglobal.com\/index.php\/wp-json\/wp\/v2\/users\/1"}],"replies":[{"embeddable":true,"href":"https:\/\/coelloglobal.com\/index.php\/wp-json\/wp\/v2\/comments?post=3850"}],"version-history":[{"count":2,"href":"https:\/\/coelloglobal.com\/index.php\/wp-json\/wp\/v2\/pages\/3850\/revisions"}],"predecessor-version":[{"id":3865,"href":"https:\/\/coelloglobal.com\/index.php\/wp-json\/wp\/v2\/pages\/3850\/revisions\/3865"}],"wp:featuredmedia":[{"embeddable":true,"href":"https:\/\/coelloglobal.com\/index.php\/wp-json\/wp\/v2\/media\/3862"}],"wp:attachment":[{"href":"https:\/\/coelloglobal.com\/index.php\/wp-json\/wp\/v2\/media?parent=3850"}],"curies":[{"name":"wp","href":"https:\/\/api.w.org\/{rel}","templated":true}]}}