{"id":3868,"date":"2023-10-16T14:41:00","date_gmt":"2023-10-16T14:41:00","guid":{"rendered":"http:\/\/coelloglobal.com\/?page_id=3868"},"modified":"2023-10-16T14:41:47","modified_gmt":"2023-10-16T14:41:47","slug":"casa-cabo-roig-950-000-e-ref-cg0068","status":"publish","type":"page","link":"https:\/\/coelloglobal.com\/index.php\/casa-cabo-roig-950-000-e-ref-cg0068\/","title":{"rendered":"Casa Cabo Roig 950.000 \u20ac Ref: CG0068"},"content":{"rendered":"\n<div id=\"wp-block-themeisle-blocks-slider-448ed72e\" class=\"wp-block-themeisle-blocks-slider glide\" data-per-view=\"1\" data-gap=\"0\" data-peek=\"0\" data-autoplay=\"true\" data-height=\"400px\"><div class=\"glide__track\" data-glide-el=\"track\"><div class=\"glide__slides\"><div class=\"wp-block-themeisle-blocks-slider-item-wrapper glide__slide\" tabindex=\"0\"><figure><img decoding=\"async\" class=\"wp-block-themeisle-blocks-slider-item\" src=\"http:\/\/coelloglobal.com\/wp-content\/uploads\/2023\/10\/foto-1A-12.png\" alt=\"\" title=\"\" data-id=\"3869\"\/><\/figure><\/div><div class=\"wp-block-themeisle-blocks-slider-item-wrapper glide__slide\" tabindex=\"0\"><figure><img decoding=\"async\" class=\"wp-block-themeisle-blocks-slider-item\" src=\"http:\/\/coelloglobal.com\/wp-content\/uploads\/2023\/10\/foto-2-8.png\" alt=\"\" title=\"\" data-id=\"3870\"\/><\/figure><\/div><div class=\"wp-block-themeisle-blocks-slider-item-wrapper glide__slide\" tabindex=\"0\"><figure><img decoding=\"async\" class=\"wp-block-themeisle-blocks-slider-item\" src=\"http:\/\/coelloglobal.com\/wp-content\/uploads\/2023\/10\/foto-3-11.png\" alt=\"\" title=\"\" data-id=\"3871\"\/><\/figure><\/div><div class=\"wp-block-themeisle-blocks-slider-item-wrapper glide__slide\" tabindex=\"0\"><figure><img decoding=\"async\" class=\"wp-block-themeisle-blocks-slider-item\" src=\"http:\/\/coelloglobal.com\/wp-content\/uploads\/2023\/10\/foto-4-10.png\" alt=\"\" title=\"\" data-id=\"3872\"\/><\/figure><\/div><div class=\"wp-block-themeisle-blocks-slider-item-wrapper glide__slide\" tabindex=\"0\"><figure><img decoding=\"async\" class=\"wp-block-themeisle-blocks-slider-item\" src=\"http:\/\/coelloglobal.com\/wp-content\/uploads\/2023\/10\/foto-5-10.png\" alt=\"\" title=\"\" data-id=\"3873\"\/><\/figure><\/div><div class=\"wp-block-themeisle-blocks-slider-item-wrapper glide__slide\" tabindex=\"0\"><figure><img decoding=\"async\" class=\"wp-block-themeisle-blocks-slider-item\" src=\"http:\/\/coelloglobal.com\/wp-content\/uploads\/2023\/10\/foto-6-10.png\" alt=\"\" title=\"\" data-id=\"3874\"\/><\/figure><\/div><div class=\"wp-block-themeisle-blocks-slider-item-wrapper glide__slide\" tabindex=\"0\"><figure><img decoding=\"async\" class=\"wp-block-themeisle-blocks-slider-item\" src=\"http:\/\/coelloglobal.com\/wp-content\/uploads\/2023\/10\/foto-7-7.png\" alt=\"\" title=\"\" data-id=\"3875\"\/><\/figure><\/div><div class=\"wp-block-themeisle-blocks-slider-item-wrapper glide__slide\" tabindex=\"0\"><figure><img decoding=\"async\" class=\"wp-block-themeisle-blocks-slider-item\" src=\"http:\/\/coelloglobal.com\/wp-content\/uploads\/2023\/10\/foto-8-9.png\" alt=\"\" title=\"\" data-id=\"3876\"\/><\/figure><\/div><div class=\"wp-block-themeisle-blocks-slider-item-wrapper glide__slide\" tabindex=\"0\"><figure><img decoding=\"async\" class=\"wp-block-themeisle-blocks-slider-item\" src=\"http:\/\/coelloglobal.com\/wp-content\/uploads\/2023\/10\/foto-9-6.png\" alt=\"\" title=\"\" data-id=\"3877\"\/><\/figure><\/div><div class=\"wp-block-themeisle-blocks-slider-item-wrapper glide__slide\" tabindex=\"0\"><figure><img decoding=\"async\" class=\"wp-block-themeisle-blocks-slider-item\" src=\"http:\/\/coelloglobal.com\/wp-content\/uploads\/2023\/10\/foto-10-1-5.png\" alt=\"\" title=\"\" data-id=\"3878\"\/><\/figure><\/div><div class=\"wp-block-themeisle-blocks-slider-item-wrapper glide__slide\" tabindex=\"0\"><figure><img decoding=\"async\" class=\"wp-block-themeisle-blocks-slider-item\" src=\"http:\/\/coelloglobal.com\/wp-content\/uploads\/2023\/10\/foto-11-9.png\" alt=\"\" title=\"\" data-id=\"3879\"\/><\/figure><\/div><div class=\"wp-block-themeisle-blocks-slider-item-wrapper glide__slide\" tabindex=\"0\"><figure><img decoding=\"async\" class=\"wp-block-themeisle-blocks-slider-item\" src=\"http:\/\/coelloglobal.com\/wp-content\/uploads\/2023\/10\/foto-12-8.png\" alt=\"\" title=\"\" data-id=\"3880\"\/><\/figure><\/div><div class=\"wp-block-themeisle-blocks-slider-item-wrapper glide__slide\" tabindex=\"0\"><figure><img decoding=\"async\" class=\"wp-block-themeisle-blocks-slider-item\" src=\"http:\/\/coelloglobal.com\/wp-content\/uploads\/2023\/10\/foto-13-6.png\" alt=\"\" title=\"\" data-id=\"3881\"\/><\/figure><\/div><div class=\"wp-block-themeisle-blocks-slider-item-wrapper glide__slide\" tabindex=\"0\"><figure><img decoding=\"async\" class=\"wp-block-themeisle-blocks-slider-item\" src=\"http:\/\/coelloglobal.com\/wp-content\/uploads\/2023\/10\/foto-14-7.png\" alt=\"\" title=\"\" data-id=\"3882\"\/><\/figure><\/div><div class=\"wp-block-themeisle-blocks-slider-item-wrapper glide__slide\" tabindex=\"0\"><figure><img decoding=\"async\" class=\"wp-block-themeisle-blocks-slider-item\" src=\"http:\/\/coelloglobal.com\/wp-content\/uploads\/2023\/10\/foto-15-7.png\" alt=\"\" title=\"\" data-id=\"3883\"\/><\/figure><\/div><div class=\"wp-block-themeisle-blocks-slider-item-wrapper glide__slide\" tabindex=\"0\"><figure><img decoding=\"async\" class=\"wp-block-themeisle-blocks-slider-item\" src=\"http:\/\/coelloglobal.com\/wp-content\/uploads\/2023\/10\/foto-16-8.png\" alt=\"\" title=\"\" data-id=\"3884\"\/><\/figure><\/div><div class=\"wp-block-themeisle-blocks-slider-item-wrapper glide__slide\" tabindex=\"0\"><figure><img decoding=\"async\" class=\"wp-block-themeisle-blocks-slider-item\" src=\"http:\/\/coelloglobal.com\/wp-content\/uploads\/2023\/10\/foto-17-6.png\" alt=\"\" title=\"\" data-id=\"3885\"\/><\/figure><\/div><\/div><div class=\"glide__arrows\" data-glide-el=\"controls\"><button class=\"glide__arrow glide__arrow--left\" data-glide-dir=\"<\"><svg xmlns=\"http:\/\/www.w3.org\/2000\/svg\" width=\"18\" height=\"18\" viewbox=\"0 0 100 100\" role=\"img\" aria-hidden=\"true\" focusable=\"false\"><path d=\"M 10,50 L 60,100 L 70,90 L 30,50  L 70,10 L 60,0 Z\"><\/path><\/svg><\/button><button class=\"glide__arrow glide__arrow--right\" data-glide-dir=\"&gt;\"><svg xmlns=\"http:\/\/www.w3.org\/2000\/svg\" width=\"18\" height=\"18\" viewbox=\"0 0 100 100\" role=\"img\" aria-hidden=\"true\" focusable=\"false\"><path d=\"M 10,50 L 60,100 L 70,90 L 30,50  L 70,10 L 60,0 Z\"><\/path><\/svg><\/button><\/div><div class=\"glide__bullets\" data-glide-el=\"controls[nav]\"><button class=\"glide__bullet\" data-glide-dir=\"=0\"><\/button><button class=\"glide__bullet\" data-glide-dir=\"=1\"><\/button><button class=\"glide__bullet\" data-glide-dir=\"=2\"><\/button><button class=\"glide__bullet\" data-glide-dir=\"=3\"><\/button><button class=\"glide__bullet\" data-glide-dir=\"=4\"><\/button><button class=\"glide__bullet\" data-glide-dir=\"=5\"><\/button><button class=\"glide__bullet\" data-glide-dir=\"=6\"><\/button><button class=\"glide__bullet\" data-glide-dir=\"=7\"><\/button><button class=\"glide__bullet\" data-glide-dir=\"=8\"><\/button><button class=\"glide__bullet\" data-glide-dir=\"=9\"><\/button><button class=\"glide__bullet\" data-glide-dir=\"=10\"><\/button><button class=\"glide__bullet\" data-glide-dir=\"=11\"><\/button><button class=\"glide__bullet\" data-glide-dir=\"=12\"><\/button><button class=\"glide__bullet\" data-glide-dir=\"=13\"><\/button><button class=\"glide__bullet\" data-glide-dir=\"=14\"><\/button><button class=\"glide__bullet\" data-glide-dir=\"=15\"><\/button><button class=\"glide__bullet\" data-glide-dir=\"=16\"><\/button><\/div><\/div><\/div>\n\n\n\n<ul class=\"wp-block-list\"><li><a>Venta Casa Cabo Roig,<\/a><\/li><li>Precio: 950.000 \u20ac<\/li><li><a> 4 Piezas, <\/a><\/li><li><a>3 Dormitorios, <\/a><\/li><li><a>164 M\u00b2<\/a><\/li><li>Piezas&nbsp;4 piezas<\/li><li>Superficie&nbsp;164 m\u00b2<\/li><li>Vista&nbsp;Panor\u00e1mica Campo de golf<\/li><\/ul>\n\n\n\n<h3 class=\"wp-block-heading\">Superficies<\/h3>\n\n\n\n<ul class=\"wp-block-list\"><li>3 Dormitorios<\/li><li>1 Cocina<\/li><li>3 Cuartos de ba\u00f1o<\/li><li>2 Aparcamientos interior<\/li><li>1 Terraza&nbsp;<strong>68 m\u00b2<\/strong><\/li><li>1 Jard\u00edn&nbsp;<strong>744 m\u00b2<\/strong><\/li><\/ul>\n\n\n\n<h3 class=\"wp-block-heading\">Cerca de<\/h3>\n\n\n\n<ul class=\"wp-block-list\"><li>Piscina p\u00fablica<\/li><\/ul>\n\n\n\n<h3 class=\"wp-block-heading\">Aviso legal<\/h3>\n\n\n\n<h3 class=\"wp-block-heading\">Prestaciones<\/h3>\n\n\n\n<ul class=\"wp-block-list\"><li><a>Sale House Cabo Roig,<\/a><\/li><li>Price: 950.000 \u20ac<\/li><li><a> 4 Rooms, <\/a><\/li><li><a>3 Bedrooms, <\/a><\/li><li>Rooms&nbsp;4 rooms<\/li><li>Area&nbsp;164 m\u00b2<\/li><li>View&nbsp;Panoramic Golf<\/li><\/ul>\n\n\n\n<p>No information available<\/p>\n\n\n\n<h3 class=\"wp-block-heading\">Areas<\/h3>\n\n\n\n<ul class=\"wp-block-list\"><li>3 Bedrooms<\/li><li>1 Kitchen<\/li><li>3 Bathrooms<\/li><li>2 Indoor parkings<\/li><li>1 Terrace&nbsp;<strong>68 m\u00b2<\/strong><\/li><li>1 Garden&nbsp;<strong>744 m\u00b2<\/strong><\/li><\/ul>\n\n\n\n<h3 class=\"wp-block-heading\">Proximities<\/h3>\n\n\n\n<ul class=\"wp-block-list\"><li>Public pool<\/li><\/ul>\n\n\n\n<h3 class=\"wp-block-heading\">Legal notice<\/h3>\n\n\n\n<h3 class=\"wp-block-heading\">Services<\/h3>\n\n\n\n<ul class=\"wp-block-list\"><li>Intercom<\/li><\/ul>\n\n\n\n<ul class=\"wp-block-list\"><li>Portero autom\u00e1tico<\/li><\/ul>\n\n\n\n<ul class=\"wp-block-list\"><li><a>Vente Maison Cabo Roig, <\/a><\/li><li>Prix: 950.000 \u20ac<\/li><li><a>4 Pi\u00e8ces, <\/a><\/li><li><a>3 Chambres,<\/a><\/li><\/ul>\n\n\n\n<p>R\u00e9gion: Costa Blanca<br><br>Superbe Villa Luxueuse dans le Golf LAS COLINAS<br><br>Caract\u00e9ristiques: 3 chambres , 3 salles de bain , Cuisine ouverte , Salle \u00e0 manger, Salon ouvert, Piscine, Terrasse(s) de 68,80 m2.<br><br>Magnifique Piscine Priv\u00e9e<br><br>Terrain de 744 m2<br><br>Les Villas &#8220;Mimosa&#8221; sont situ\u00e9es pr\u00e8s du club house et offre un acc\u00e8s facile \u00e0 pied \u00e0 tous les services (du club house, du restaurant, du golf et des installations sportives).<br><br>A 7 minutes des plages (plage priv\u00e9)<br>A 45 minutes de l\u2019a\u00e9roport d\u2019Alicante<br><br>Las Colinas Golf &amp; Country Club est un complexe r\u00e9sidentiel exclusif avec une faible densit\u00e9 de logements et construit autour d\u2019un parcours de golf 18 trous prim\u00e9 en 2015 \u2013 2016 &#8211; 2017 &#8211; 2018 &#8211; 2019 &#8211; 2020 et 2021 (Top 100 Europe).<br>Dans un emplacement privil\u00e9gi\u00e9, Las Colinas se trouve sur une vall\u00e9e entour\u00e9e de collines et dune r\u00e9serve naturelle de terres prot\u00e9g\u00e9es et bois\u00e9es.<br>Las Colinas Golf-Country Club se distingue par son intimit\u00e9, sa beaut\u00e9 naturelle, son climat exceptionnel, ses excellentes connexions par la route, le train et l\u2019air et la conservation de l\u2019environnement naturel.<br>Ses villas, ses \u00e9quipements, ses infrastructures et le terrain de golf se fondent parfaitement dans le paysage.<br><br>Neuf direct promoteur Garantie 10 ans<br><br>Disponible<br><\/p>\n\n\n\n<p>Pi\u00e8ces&nbsp;4 pi\u00e8ces<\/p>\n\n\n\n<p>Surface&nbsp;164 m\u00b2<\/p>\n\n\n\n<p>Vue&nbsp;Panoramique Golf<\/p>\n\n\n\n<h2 class=\"wp-block-heading\">Autres visuels<\/h2>\n\n\n\n<p>Pas d&#8217;informations disponibles<\/p>\n\n\n\n<h3 class=\"wp-block-heading\">Surfaces<\/h3>\n\n\n\n<ul class=\"wp-block-list\"><li>3 Chambres<\/li><li>1 Cuisine&nbsp;<strong>Am\u00e9nag\u00e9e et \u00e9quip\u00e9e Am\u00e9ricaine<\/strong><\/li><li>3 Salles de bains<\/li><li>2 Parkings int\u00e9rieurs<\/li><li>1 Terrasse&nbsp;<strong>68 m\u00b2<\/strong><\/li><li>1 Jardin&nbsp;<strong>744 m\u00b2<\/strong><\/li><\/ul>\n\n\n\n<h3 class=\"wp-block-heading\">Proximit\u00e9s<\/h3>\n\n\n\n<ul class=\"wp-block-list\"><li>Piscine publique<\/li><\/ul>\n\n\n\n<h3 class=\"wp-block-heading\">Mentions l\u00e9gales<\/h3>\n\n\n\n<p>Pas d&#8217;informations disponibles<\/p>\n\n\n\n<h3 class=\"wp-block-heading\">Prestations<\/h3>\n\n\n\n<ul class=\"wp-block-list\"><li>Interphone<\/li><\/ul>\n\n\n\n<p><\/p>\n","protected":false},"excerpt":{"rendered":"<p>Venta Casa Cabo Roig, Precio: 950.000 \u20ac 4 Piezas, 3 Dormitorios, 164 M\u00b2 Piezas&nbsp;4 piezas Superficie&nbsp;164 m\u00b2 Vista&nbsp;Panor\u00e1mica Campo de golf Superficies 3 Dormitorios 1 Cocina 3 Cuartos de ba\u00f1o 2 Aparcamientos interior 1 Terraza&nbsp;68 m\u00b2 1 Jard\u00edn&nbsp;744 m\u00b2 Cerca de Piscina p\u00fablica Aviso legal Prestaciones Sale House Cabo Roig, Price: 950.000 \u20ac 4 Rooms, &hellip; <\/p>\n<p class=\"link-more\"><a href=\"https:\/\/coelloglobal.com\/index.php\/casa-cabo-roig-950-000-e-ref-cg0068\/\" class=\"more-link\">Continue reading<span class=\"screen-reader-text\"> &#8220;Casa Cabo Roig 950.000 \u20ac Ref: CG0068&#8221;<\/span><\/a><\/p>\n","protected":false},"author":1,"featured_media":3884,"parent":0,"menu_order":0,"comment_status":"closed","ping_status":"closed","template":"","meta":{"footnotes":""},"class_list":["post-3868","page","type-page","status-publish","has-post-thumbnail","hentry"],"_links":{"self":[{"href":"https:\/\/coelloglobal.com\/index.php\/wp-json\/wp\/v2\/pages\/3868","targetHints":{"allow":["GET"]}}],"collection":[{"href":"https:\/\/coelloglobal.com\/index.php\/wp-json\/wp\/v2\/pages"}],"about":[{"href":"https:\/\/coelloglobal.com\/index.php\/wp-json\/wp\/v2\/types\/page"}],"author":[{"embeddable":true,"href":"https:\/\/coelloglobal.com\/index.php\/wp-json\/wp\/v2\/users\/1"}],"replies":[{"embeddable":true,"href":"https:\/\/coelloglobal.com\/index.php\/wp-json\/wp\/v2\/comments?post=3868"}],"version-history":[{"count":2,"href":"https:\/\/coelloglobal.com\/index.php\/wp-json\/wp\/v2\/pages\/3868\/revisions"}],"predecessor-version":[{"id":3888,"href":"https:\/\/coelloglobal.com\/index.php\/wp-json\/wp\/v2\/pages\/3868\/revisions\/3888"}],"wp:featuredmedia":[{"embeddable":true,"href":"https:\/\/coelloglobal.com\/index.php\/wp-json\/wp\/v2\/media\/3884"}],"wp:attachment":[{"href":"https:\/\/coelloglobal.com\/index.php\/wp-json\/wp\/v2\/media?parent=3868"}],"curies":[{"name":"wp","href":"https:\/\/api.w.org\/{rel}","templated":true}]}}