{"id":3891,"date":"2023-10-16T14:49:38","date_gmt":"2023-10-16T14:49:38","guid":{"rendered":"http:\/\/coelloglobal.com\/?page_id=3891"},"modified":"2023-10-16T14:50:49","modified_gmt":"2023-10-16T14:50:49","slug":"casa-ciudad-quesada-941-000-e-ref-cg0069","status":"publish","type":"page","link":"https:\/\/coelloglobal.com\/index.php\/casa-ciudad-quesada-941-000-e-ref-cg0069\/","title":{"rendered":"Casa Ciudad Quesada 941.000 \u20ac Ref: CG0069"},"content":{"rendered":"\n<div id=\"wp-block-themeisle-blocks-slider-90dbe595\" class=\"wp-block-themeisle-blocks-slider glide\" data-per-view=\"1\" data-gap=\"0\" data-peek=\"0\" data-autoplay=\"true\" data-height=\"400px\"><div class=\"glide__track\" data-glide-el=\"track\"><div class=\"glide__slides\"><div class=\"wp-block-themeisle-blocks-slider-item-wrapper glide__slide\" tabindex=\"0\"><figure><img decoding=\"async\" class=\"wp-block-themeisle-blocks-slider-item\" src=\"http:\/\/coelloglobal.com\/wp-content\/uploads\/2023\/10\/foto-1A-14.png\" alt=\"\" title=\"\" data-id=\"3892\"\/><\/figure><\/div><div class=\"wp-block-themeisle-blocks-slider-item-wrapper glide__slide\" tabindex=\"0\"><figure><img decoding=\"async\" class=\"wp-block-themeisle-blocks-slider-item\" src=\"http:\/\/coelloglobal.com\/wp-content\/uploads\/2023\/10\/foto-2-9.png\" alt=\"\" title=\"\" data-id=\"3893\"\/><\/figure><\/div><div class=\"wp-block-themeisle-blocks-slider-item-wrapper glide__slide\" tabindex=\"0\"><figure><img decoding=\"async\" class=\"wp-block-themeisle-blocks-slider-item\" src=\"http:\/\/coelloglobal.com\/wp-content\/uploads\/2023\/10\/foto-3-12.png\" alt=\"\" title=\"\" data-id=\"3894\"\/><\/figure><\/div><div class=\"wp-block-themeisle-blocks-slider-item-wrapper glide__slide\" tabindex=\"0\"><figure><img decoding=\"async\" class=\"wp-block-themeisle-blocks-slider-item\" src=\"http:\/\/coelloglobal.com\/wp-content\/uploads\/2023\/10\/foto-4-11.png\" alt=\"\" title=\"\" data-id=\"3895\"\/><\/figure><\/div><div class=\"wp-block-themeisle-blocks-slider-item-wrapper glide__slide\" tabindex=\"0\"><figure><img decoding=\"async\" class=\"wp-block-themeisle-blocks-slider-item\" src=\"http:\/\/coelloglobal.com\/wp-content\/uploads\/2023\/10\/foto-5-11.png\" alt=\"\" title=\"\" data-id=\"3896\"\/><\/figure><\/div><div class=\"wp-block-themeisle-blocks-slider-item-wrapper glide__slide\" tabindex=\"0\"><figure><img decoding=\"async\" class=\"wp-block-themeisle-blocks-slider-item\" src=\"http:\/\/coelloglobal.com\/wp-content\/uploads\/2023\/10\/foto-6-11.png\" alt=\"\" title=\"\" data-id=\"3897\"\/><\/figure><\/div><div class=\"wp-block-themeisle-blocks-slider-item-wrapper glide__slide\" tabindex=\"0\"><figure><img decoding=\"async\" class=\"wp-block-themeisle-blocks-slider-item\" src=\"http:\/\/coelloglobal.com\/wp-content\/uploads\/2023\/10\/foto-7-8.png\" alt=\"\" title=\"\" data-id=\"3898\"\/><\/figure><\/div><div class=\"wp-block-themeisle-blocks-slider-item-wrapper glide__slide\" tabindex=\"0\"><figure><img decoding=\"async\" class=\"wp-block-themeisle-blocks-slider-item\" src=\"http:\/\/coelloglobal.com\/wp-content\/uploads\/2023\/10\/foto-8-10.png\" alt=\"\" title=\"\" data-id=\"3899\"\/><\/figure><\/div><div class=\"wp-block-themeisle-blocks-slider-item-wrapper glide__slide\" tabindex=\"0\"><figure><img decoding=\"async\" class=\"wp-block-themeisle-blocks-slider-item\" src=\"http:\/\/coelloglobal.com\/wp-content\/uploads\/2023\/10\/foto-9-1-3.png\" alt=\"\" title=\"\" data-id=\"3900\"\/><\/figure><\/div><div class=\"wp-block-themeisle-blocks-slider-item-wrapper glide__slide\" tabindex=\"0\"><figure><img decoding=\"async\" class=\"wp-block-themeisle-blocks-slider-item\" src=\"http:\/\/coelloglobal.com\/wp-content\/uploads\/2023\/10\/foto-10-4.png\" alt=\"\" title=\"\" data-id=\"3901\"\/><\/figure><\/div><div class=\"wp-block-themeisle-blocks-slider-item-wrapper glide__slide\" tabindex=\"0\"><figure><img decoding=\"async\" class=\"wp-block-themeisle-blocks-slider-item\" src=\"http:\/\/coelloglobal.com\/wp-content\/uploads\/2023\/10\/foto-11-10.png\" alt=\"\" title=\"\" data-id=\"3902\"\/><\/figure><\/div><div class=\"wp-block-themeisle-blocks-slider-item-wrapper glide__slide\" tabindex=\"0\"><figure><img decoding=\"async\" class=\"wp-block-themeisle-blocks-slider-item\" src=\"http:\/\/coelloglobal.com\/wp-content\/uploads\/2023\/10\/foto-12-9.png\" alt=\"\" title=\"\" data-id=\"3903\"\/><\/figure><\/div><div class=\"wp-block-themeisle-blocks-slider-item-wrapper glide__slide\" tabindex=\"0\"><figure><img decoding=\"async\" class=\"wp-block-themeisle-blocks-slider-item\" src=\"http:\/\/coelloglobal.com\/wp-content\/uploads\/2023\/10\/foto-13-7.png\" alt=\"\" title=\"\" data-id=\"3904\"\/><\/figure><\/div><div class=\"wp-block-themeisle-blocks-slider-item-wrapper glide__slide\" tabindex=\"0\"><figure><img decoding=\"async\" class=\"wp-block-themeisle-blocks-slider-item\" src=\"http:\/\/coelloglobal.com\/wp-content\/uploads\/2023\/10\/foto-14-8.png\" alt=\"\" title=\"\" data-id=\"3905\"\/><\/figure><\/div><div class=\"wp-block-themeisle-blocks-slider-item-wrapper glide__slide\" tabindex=\"0\"><figure><img decoding=\"async\" class=\"wp-block-themeisle-blocks-slider-item\" src=\"http:\/\/coelloglobal.com\/wp-content\/uploads\/2023\/10\/foto-15-8.png\" alt=\"\" title=\"\" data-id=\"3906\"\/><\/figure><\/div><\/div><div class=\"glide__arrows\" data-glide-el=\"controls\"><button class=\"glide__arrow glide__arrow--left\" data-glide-dir=\"<\"><svg xmlns=\"http:\/\/www.w3.org\/2000\/svg\" width=\"18\" height=\"18\" viewbox=\"0 0 100 100\" role=\"img\" aria-hidden=\"true\" focusable=\"false\"><path d=\"M 10,50 L 60,100 L 70,90 L 30,50  L 70,10 L 60,0 Z\"><\/path><\/svg><\/button><button class=\"glide__arrow glide__arrow--right\" data-glide-dir=\"&gt;\"><svg xmlns=\"http:\/\/www.w3.org\/2000\/svg\" width=\"18\" height=\"18\" viewbox=\"0 0 100 100\" role=\"img\" aria-hidden=\"true\" focusable=\"false\"><path d=\"M 10,50 L 60,100 L 70,90 L 30,50  L 70,10 L 60,0 Z\"><\/path><\/svg><\/button><\/div><div class=\"glide__bullets\" data-glide-el=\"controls[nav]\"><button class=\"glide__bullet\" data-glide-dir=\"=0\"><\/button><button class=\"glide__bullet\" data-glide-dir=\"=1\"><\/button><button class=\"glide__bullet\" data-glide-dir=\"=2\"><\/button><button class=\"glide__bullet\" data-glide-dir=\"=3\"><\/button><button class=\"glide__bullet\" data-glide-dir=\"=4\"><\/button><button class=\"glide__bullet\" data-glide-dir=\"=5\"><\/button><button class=\"glide__bullet\" data-glide-dir=\"=6\"><\/button><button class=\"glide__bullet\" data-glide-dir=\"=7\"><\/button><button class=\"glide__bullet\" data-glide-dir=\"=8\"><\/button><button class=\"glide__bullet\" data-glide-dir=\"=9\"><\/button><button class=\"glide__bullet\" data-glide-dir=\"=10\"><\/button><button class=\"glide__bullet\" data-glide-dir=\"=11\"><\/button><button class=\"glide__bullet\" data-glide-dir=\"=12\"><\/button><button class=\"glide__bullet\" data-glide-dir=\"=13\"><\/button><button class=\"glide__bullet\" data-glide-dir=\"=14\"><\/button><\/div><\/div><\/div>\n\n\n\n<ul class=\"wp-block-list\"><li><a>Venta Casa Ciudad Quesada, <\/a><\/li><li>Precio: 941.000 \u20ac<\/li><li><a>5 Piezas, <\/a><\/li><li><a>4 Dormitorios, <\/a><\/li><li>Superficie&nbsp;147 m\u00b2<\/li><li>Vista&nbsp;Panor\u00e1mica<\/li><\/ul>\n\n\n\n<h3 class=\"wp-block-heading\">Superficies<\/h3>\n\n\n\n<ul class=\"wp-block-list\"><li>4 Dormitorios<\/li><li>1 Cocina<\/li><li>4 Cuartos de ba\u00f1o<\/li><li>1 Terreno&nbsp;<strong>425 m\u00b2<\/strong><\/li><li>2 Aparcamientos interior<\/li><li>1 Sol\u00e1rium&nbsp;<strong>37 m\u00b2<\/strong><\/li><li>2 Terrazas&nbsp;<strong>135 m\u00b2<\/strong><\/li><li>1 Jard\u00edn&nbsp;<strong>720 m\u00b2<\/strong><\/li><\/ul>\n\n\n\n<h3 class=\"wp-block-heading\">Cerca de<\/h3>\n\n\n\n<ul class=\"wp-block-list\"><li>Piscina p\u00fablica<\/li><\/ul>\n\n\n\n<h3 class=\"wp-block-heading\">Prestaciones<\/h3>\n\n\n\n<ul class=\"wp-block-list\"><li>Portero autom\u00e1tico<\/li><\/ul>\n\n\n\n<ul class=\"wp-block-list\"><li><a>Sale House Ciudad Quesada, <\/a><\/li><li>Price: 941.000 \u20ac<\/li><li><a>5 Rooms, <\/a><\/li><li><a>4 Bedrooms, <\/a><\/li><li>Area&nbsp;147 m\u00b2<\/li><li>View&nbsp;Panoramic<\/li><\/ul>\n\n\n\n<h3 class=\"wp-block-heading\">Areas<\/h3>\n\n\n\n<ul class=\"wp-block-list\"><li>4 Bedrooms<\/li><li>1 Kitchen<\/li><li>4 Bathrooms<\/li><li>1 Land&nbsp;<strong>425 m\u00b2<\/strong><\/li><li>2 Indoor parkings<\/li><li>1 Solarium&nbsp;<strong>37 m\u00b2<\/strong><\/li><li>2 Terraces&nbsp;<strong>135 m\u00b2<\/strong><\/li><li>1 Garden&nbsp;<strong>720 m\u00b2<\/strong><\/li><\/ul>\n\n\n\n<h3 class=\"wp-block-heading\">Proximities<\/h3>\n\n\n\n<ul class=\"wp-block-list\"><li>Public pool<\/li><\/ul>\n\n\n\n<h3 class=\"wp-block-heading\">Legal notice<\/h3>\n\n\n\n<p>No information available<\/p>\n\n\n\n<h3 class=\"wp-block-heading\">Services<\/h3>\n\n\n\n<ul class=\"wp-block-list\"><li>Intercom<\/li><\/ul>\n\n\n\n<ul class=\"wp-block-list\"><li><a>Vente Maison Ciudad Quesada, <\/a><\/li><li>Prix: 941.000 \u20ac<\/li><li><a>5 Pi\u00e8ces, <\/a><\/li><li><a>4 Chmbres, <\/a><\/li><li><a>147 M\u00b2, <\/a><\/li><\/ul>\n\n\n\n<p>R\u00e9gion: Costa Blanca<br><br>Superbe Villa Luxueuse T5 proche de la Mer<br><br>Caract\u00e9ristiques: 4 chambres, 4 salles de bain, Cuisine, Salle \u00e0 manger, Terrasse(s)de 135 m\u00b2, Solarium de 38 m\u00b2 avec vue sur la Mer, Sous-sol de 102,89 m\u00b2, Terrain de 425 m\u00b2 . &#8230;.. etc &#8230;<br><br>Tr\u00e8s belles finitions.<br>4 grandes chambres avec 4 salles de bains<br>Superbe Piscine priv\u00e9e de 8m x 4m<br>Grand Solarium de 38 m\u00b2 avec vue panoramique.<br>Vous pouvez garer la voiture dans le jardin.<br>Chauffage au sol dans les salles de bain.<br><br>Environnement et services<br>Dot\u00e9e de tous les services: centre de sant\u00e9, pharmacie, supermarch\u00e9s, restaurants, magasins, H\u00f4tel &#8230;.etc ..<br>Les Plages de Guardamar sont \u00e0 4 km<br>Zone de Loisirs \u00e0 5 minutes<br>Plusieurs Supermarch\u00e9s \u00e0 moins de 3 km<br>Terrain de Golf \u00e0 5 km<br>Plusieurs Restaurants \u00e0 moins de 2 km<br>A\u00e9roport d&#8217;Alicante est \u00e0 35 minutes<br>Clinique \u00e0 5 minutes<br><br>Cette villa dispose de toutes sortes de services, en plus de sa proximit\u00e9 de la plage, \u00e0 seulement 4 km et son transport facile vers les a\u00e9roports, les grandes villes, etc.<br><br>Neuf direct promoteur Garantie 10 ans<br><br>Disponible en Septembre 2023<\/p>\n\n\n\n<p>Pi\u00e8ces&nbsp;5 pi\u00e8ces<\/p>\n\n\n\n<p>Surface&nbsp;147 m\u00b2<\/p>\n\n\n\n<p>Vue&nbsp;Panoramique<\/p>\n\n\n\n<h2 class=\"wp-block-heading\">Autres visuels<\/h2>\n\n\n\n<p>Pas d&#8217;informations disponibles<\/p>\n\n\n\n<h3 class=\"wp-block-heading\">Surfaces<\/h3>\n\n\n\n<ul class=\"wp-block-list\"><li>4 Chambres<\/li><li>1 Cuisine&nbsp;<strong>Am\u00e9nag\u00e9e Am\u00e9ricaine<\/strong><\/li><li>4 Salles de bains<\/li><li>1 Terrain&nbsp;<strong>425 m\u00b2<\/strong><\/li><li>2 Parkings int\u00e9rieurs<\/li><li>1 Solarium&nbsp;<strong>37 m\u00b2<\/strong><\/li><li>2 Terrasses&nbsp;<strong>135 m\u00b2<\/strong><\/li><li>1 Jardin&nbsp;<strong>720 m\u00b2<\/strong><\/li><\/ul>\n\n\n\n<h3 class=\"wp-block-heading\">Proximit\u00e9s<\/h3>\n\n\n\n<ul class=\"wp-block-list\"><li>Piscine publique<\/li><\/ul>\n\n\n\n<h3 class=\"wp-block-heading\">Prestations<\/h3>\n\n\n\n<ul class=\"wp-block-list\"><li>Interphone<\/li><\/ul>\n\n\n\n<ul class=\"wp-block-list\"><li><\/li><\/ul>\n","protected":false},"excerpt":{"rendered":"<p>Venta Casa Ciudad Quesada, Precio: 941.000 \u20ac 5 Piezas, 4 Dormitorios, Superficie&nbsp;147 m\u00b2 Vista&nbsp;Panor\u00e1mica Superficies 4 Dormitorios 1 Cocina 4 Cuartos de ba\u00f1o 1 Terreno&nbsp;425 m\u00b2 2 Aparcamientos interior 1 Sol\u00e1rium&nbsp;37 m\u00b2 2 Terrazas&nbsp;135 m\u00b2 1 Jard\u00edn&nbsp;720 m\u00b2 Cerca de Piscina p\u00fablica Prestaciones Portero autom\u00e1tico Sale House Ciudad Quesada, Price: 941.000 \u20ac 5 Rooms, 4 &hellip; <\/p>\n<p class=\"link-more\"><a href=\"https:\/\/coelloglobal.com\/index.php\/casa-ciudad-quesada-941-000-e-ref-cg0069\/\" class=\"more-link\">Continue reading<span class=\"screen-reader-text\"> &#8220;Casa Ciudad Quesada 941.000 \u20ac Ref: CG0069&#8221;<\/span><\/a><\/p>\n","protected":false},"author":1,"featured_media":3902,"parent":0,"menu_order":0,"comment_status":"closed","ping_status":"closed","template":"","meta":{"footnotes":""},"class_list":["post-3891","page","type-page","status-publish","has-post-thumbnail","hentry"],"_links":{"self":[{"href":"https:\/\/coelloglobal.com\/index.php\/wp-json\/wp\/v2\/pages\/3891","targetHints":{"allow":["GET"]}}],"collection":[{"href":"https:\/\/coelloglobal.com\/index.php\/wp-json\/wp\/v2\/pages"}],"about":[{"href":"https:\/\/coelloglobal.com\/index.php\/wp-json\/wp\/v2\/types\/page"}],"author":[{"embeddable":true,"href":"https:\/\/coelloglobal.com\/index.php\/wp-json\/wp\/v2\/users\/1"}],"replies":[{"embeddable":true,"href":"https:\/\/coelloglobal.com\/index.php\/wp-json\/wp\/v2\/comments?post=3891"}],"version-history":[{"count":3,"href":"https:\/\/coelloglobal.com\/index.php\/wp-json\/wp\/v2\/pages\/3891\/revisions"}],"predecessor-version":[{"id":3910,"href":"https:\/\/coelloglobal.com\/index.php\/wp-json\/wp\/v2\/pages\/3891\/revisions\/3910"}],"wp:featuredmedia":[{"embeddable":true,"href":"https:\/\/coelloglobal.com\/index.php\/wp-json\/wp\/v2\/media\/3902"}],"wp:attachment":[{"href":"https:\/\/coelloglobal.com\/index.php\/wp-json\/wp\/v2\/media?parent=3891"}],"curies":[{"name":"wp","href":"https:\/\/api.w.org\/{rel}","templated":true}]}}