{"id":39,"date":"2020-03-09T21:54:25","date_gmt":"2020-03-09T21:54:25","guid":{"rendered":"http:\/\/coelloglobal.com\/?page_id=39"},"modified":"2026-01-20T20:37:39","modified_gmt":"2026-01-20T20:37:39","slug":"quines-somos","status":"publish","type":"page","link":"https:\/\/coelloglobal.com\/index.php\/quines-somos\/","title":{"rendered":"Qui\u00e9nes somos"},"content":{"rendered":"\n<p><strong>Coello Global compa\u00f1\u00eda inmobiliaria con un contrastado historial de especializaci\u00f3n en asesor\u00eda en residencial e inversi\u00f3n inmobiliaria. Centramos nuestro prop\u00f3sito en la satisfacci\u00f3n de nuestros clientes a trav\u00e9s de la b\u00fasqueda de soluciones personalizadas.<\/strong><\/p>\n\n\n\n<p><strong>Nuestra misi\u00f3n est\u00e1 orientada &nbsp;en proporcionar asesor\u00eda y acompa\u00f1amiento\nindividualizado a nuestros clientes. <\/strong><\/p>\n\n\n\n<p><strong>Nuestro equipo profesional que\ncomprende arquitectos, abogados, asesores financieros y otras categor\u00edas t\u00e9cnicas\nest\u00e1 a su disposici\u00f3n para acompa\u00f1arle en todo el proceso desde el an\u00e1lisis inicial,\ncompra, inversi\u00f3n y gesti\u00f3n notarial y oficial adem\u00e1s de toda soluci\u00f3n de\narquitectura y\/o rehabilitaci\u00f3n. <\/strong><\/p>\n\n\n\n<figure class=\"wp-block-image size-thumbnail\"><img loading=\"lazy\" decoding=\"async\" width=\"150\" height=\"150\" src=\"http:\/\/coelloglobal.com\/wp-content\/uploads\/2022\/06\/falg-uk-150x150.jpg\" alt=\"\" class=\"wp-image-1667\" srcset=\"https:\/\/coelloglobal.com\/wp-content\/uploads\/2022\/06\/falg-uk-150x150.jpg 150w, https:\/\/coelloglobal.com\/wp-content\/uploads\/2022\/06\/falg-uk-100x100.jpg 100w\" sizes=\"auto, (max-width: 150px) 100vw, 150px\" \/><\/figure>\n\n\n\n<p><strong>Coello Global is a Real Estate Company with a sound record of expertise and lifestyle advice in Realty and property investment. <\/strong><\/p>\n\n\n\n<p><strong>We focus in customer satisfaction and pursuit of excellency and bespoke solutions. <\/strong><\/p>\n\n\n\n<p><strong>Coello Global aim and espirit is driven by providing personal assintance and bespoke advice to customers by our dedicated team of professionals; ranging from Architecs, transaction advisors, lawyers and technicians.<\/strong> <\/p>\n\n\n\n<p><strong>Our people will be pleased in being at customer disposal in the whole process spectrum of the purchase, investment, and state of the art Works. <\/strong><\/p>\n","protected":false},"excerpt":{"rendered":"<p>Coello Global compa\u00f1\u00eda inmobiliaria con un contrastado historial de especializaci\u00f3n en asesor\u00eda en residencial e inversi\u00f3n inmobiliaria. Centramos nuestro prop\u00f3sito en la satisfacci\u00f3n de nuestros clientes a trav\u00e9s de la b\u00fasqueda de soluciones personalizadas. Nuestra misi\u00f3n est\u00e1 orientada &nbsp;en proporcionar asesor\u00eda y acompa\u00f1amiento individualizado a nuestros clientes. Nuestro equipo profesional que comprende arquitectos, abogados, asesores &hellip; <\/p>\n<p class=\"link-more\"><a href=\"https:\/\/coelloglobal.com\/index.php\/quines-somos\/\" class=\"more-link\">Continue reading<span class=\"screen-reader-text\"> &#8220;Qui\u00e9nes somos&#8221;<\/span><\/a><\/p>\n","protected":false},"author":1,"featured_media":4513,"parent":0,"menu_order":0,"comment_status":"closed","ping_status":"closed","template":"","meta":{"footnotes":""},"class_list":["post-39","page","type-page","status-publish","has-post-thumbnail","hentry"],"_links":{"self":[{"href":"https:\/\/coelloglobal.com\/index.php\/wp-json\/wp\/v2\/pages\/39","targetHints":{"allow":["GET"]}}],"collection":[{"href":"https:\/\/coelloglobal.com\/index.php\/wp-json\/wp\/v2\/pages"}],"about":[{"href":"https:\/\/coelloglobal.com\/index.php\/wp-json\/wp\/v2\/types\/page"}],"author":[{"embeddable":true,"href":"https:\/\/coelloglobal.com\/index.php\/wp-json\/wp\/v2\/users\/1"}],"replies":[{"embeddable":true,"href":"https:\/\/coelloglobal.com\/index.php\/wp-json\/wp\/v2\/comments?post=39"}],"version-history":[{"count":14,"href":"https:\/\/coelloglobal.com\/index.php\/wp-json\/wp\/v2\/pages\/39\/revisions"}],"predecessor-version":[{"id":1739,"href":"https:\/\/coelloglobal.com\/index.php\/wp-json\/wp\/v2\/pages\/39\/revisions\/1739"}],"wp:featuredmedia":[{"embeddable":true,"href":"https:\/\/coelloglobal.com\/index.php\/wp-json\/wp\/v2\/media\/4513"}],"wp:attachment":[{"href":"https:\/\/coelloglobal.com\/index.php\/wp-json\/wp\/v2\/media?parent=39"}],"curies":[{"name":"wp","href":"https:\/\/api.w.org\/{rel}","templated":true}]}}