{"id":3913,"date":"2023-10-16T14:58:20","date_gmt":"2023-10-16T14:58:20","guid":{"rendered":"http:\/\/coelloglobal.com\/?page_id=3913"},"modified":"2023-10-16T14:59:16","modified_gmt":"2023-10-16T14:59:16","slug":"casa-denia-940-000-e-ref-cg0070","status":"publish","type":"page","link":"https:\/\/coelloglobal.com\/index.php\/casa-denia-940-000-e-ref-cg0070\/","title":{"rendered":"Casa Denia 940.000 \u20ac Ref: CG0070"},"content":{"rendered":"\n<div id=\"wp-block-themeisle-blocks-slider-6ded0fc7\" class=\"wp-block-themeisle-blocks-slider glide\" data-per-view=\"1\" data-gap=\"0\" data-peek=\"0\" data-autoplay=\"true\" data-height=\"400px\"><div class=\"glide__track\" data-glide-el=\"track\"><div class=\"glide__slides\"><div class=\"wp-block-themeisle-blocks-slider-item-wrapper glide__slide\" tabindex=\"0\"><figure><img decoding=\"async\" class=\"wp-block-themeisle-blocks-slider-item\" src=\"http:\/\/coelloglobal.com\/wp-content\/uploads\/2023\/10\/foto-0.png\" alt=\"\" title=\"\" data-id=\"3914\"\/><\/figure><\/div><div class=\"wp-block-themeisle-blocks-slider-item-wrapper glide__slide\" tabindex=\"0\"><figure><img decoding=\"async\" class=\"wp-block-themeisle-blocks-slider-item\" src=\"http:\/\/coelloglobal.com\/wp-content\/uploads\/2023\/10\/foto-1-8.png\" alt=\"\" title=\"\" data-id=\"3915\"\/><\/figure><\/div><div class=\"wp-block-themeisle-blocks-slider-item-wrapper glide__slide\" tabindex=\"0\"><figure><img decoding=\"async\" class=\"wp-block-themeisle-blocks-slider-item\" src=\"http:\/\/coelloglobal.com\/wp-content\/uploads\/2023\/10\/foto-2-10.png\" alt=\"\" title=\"\" data-id=\"3916\"\/><\/figure><\/div><div class=\"wp-block-themeisle-blocks-slider-item-wrapper glide__slide\" tabindex=\"0\"><figure><img decoding=\"async\" class=\"wp-block-themeisle-blocks-slider-item\" src=\"http:\/\/coelloglobal.com\/wp-content\/uploads\/2023\/10\/foto-4-12.png\" alt=\"\" title=\"\" data-id=\"3917\"\/><\/figure><\/div><div class=\"wp-block-themeisle-blocks-slider-item-wrapper glide__slide\" tabindex=\"0\"><figure><img decoding=\"async\" class=\"wp-block-themeisle-blocks-slider-item\" src=\"http:\/\/coelloglobal.com\/wp-content\/uploads\/2023\/10\/foto-5-12.png\" alt=\"\" title=\"\" data-id=\"3918\"\/><\/figure><\/div><div class=\"wp-block-themeisle-blocks-slider-item-wrapper glide__slide\" tabindex=\"0\"><figure><img decoding=\"async\" class=\"wp-block-themeisle-blocks-slider-item\" src=\"http:\/\/coelloglobal.com\/wp-content\/uploads\/2023\/10\/foto-6-12.png\" alt=\"\" title=\"\" data-id=\"3919\"\/><\/figure><\/div><div class=\"wp-block-themeisle-blocks-slider-item-wrapper glide__slide\" tabindex=\"0\"><figure><img decoding=\"async\" class=\"wp-block-themeisle-blocks-slider-item\" src=\"http:\/\/coelloglobal.com\/wp-content\/uploads\/2023\/10\/foto-7-9.png\" alt=\"\" title=\"\" data-id=\"3920\"\/><\/figure><\/div><div class=\"wp-block-themeisle-blocks-slider-item-wrapper glide__slide\" tabindex=\"0\"><figure><img decoding=\"async\" class=\"wp-block-themeisle-blocks-slider-item\" src=\"http:\/\/coelloglobal.com\/wp-content\/uploads\/2023\/10\/foto-8-11.png\" alt=\"\" title=\"\" data-id=\"3921\"\/><\/figure><\/div><div class=\"wp-block-themeisle-blocks-slider-item-wrapper glide__slide\" tabindex=\"0\"><figure><img decoding=\"async\" class=\"wp-block-themeisle-blocks-slider-item\" src=\"http:\/\/coelloglobal.com\/wp-content\/uploads\/2023\/10\/foto-9-1-4.png\" alt=\"\" title=\"\" data-id=\"3922\"\/><\/figure><\/div><div class=\"wp-block-themeisle-blocks-slider-item-wrapper glide__slide\" tabindex=\"0\"><figure><img decoding=\"async\" class=\"wp-block-themeisle-blocks-slider-item\" src=\"http:\/\/coelloglobal.com\/wp-content\/uploads\/2023\/10\/foto-10-5.png\" alt=\"\" title=\"\" data-id=\"3923\"\/><\/figure><\/div><div class=\"wp-block-themeisle-blocks-slider-item-wrapper glide__slide\" tabindex=\"0\"><figure><img decoding=\"async\" class=\"wp-block-themeisle-blocks-slider-item\" src=\"http:\/\/coelloglobal.com\/wp-content\/uploads\/2023\/10\/foto-11-11.png\" alt=\"\" title=\"\" data-id=\"3924\"\/><\/figure><\/div><div class=\"wp-block-themeisle-blocks-slider-item-wrapper glide__slide\" tabindex=\"0\"><figure><img decoding=\"async\" class=\"wp-block-themeisle-blocks-slider-item\" src=\"http:\/\/coelloglobal.com\/wp-content\/uploads\/2023\/10\/foto-12-10.png\" alt=\"\" title=\"\" data-id=\"3925\"\/><\/figure><\/div><div class=\"wp-block-themeisle-blocks-slider-item-wrapper glide__slide\" tabindex=\"0\"><figure><img decoding=\"async\" class=\"wp-block-themeisle-blocks-slider-item\" src=\"http:\/\/coelloglobal.com\/wp-content\/uploads\/2023\/10\/foto-13-8.png\" alt=\"\" title=\"\" data-id=\"3926\"\/><\/figure><\/div><\/div><div class=\"glide__arrows\" data-glide-el=\"controls\"><button class=\"glide__arrow glide__arrow--left\" data-glide-dir=\"<\"><svg xmlns=\"http:\/\/www.w3.org\/2000\/svg\" width=\"18\" height=\"18\" viewbox=\"0 0 100 100\" role=\"img\" aria-hidden=\"true\" focusable=\"false\"><path d=\"M 10,50 L 60,100 L 70,90 L 30,50  L 70,10 L 60,0 Z\"><\/path><\/svg><\/button><button class=\"glide__arrow glide__arrow--right\" data-glide-dir=\"&gt;\"><svg xmlns=\"http:\/\/www.w3.org\/2000\/svg\" width=\"18\" height=\"18\" viewbox=\"0 0 100 100\" role=\"img\" aria-hidden=\"true\" focusable=\"false\"><path d=\"M 10,50 L 60,100 L 70,90 L 30,50  L 70,10 L 60,0 Z\"><\/path><\/svg><\/button><\/div><div class=\"glide__bullets\" data-glide-el=\"controls[nav]\"><button class=\"glide__bullet\" data-glide-dir=\"=0\"><\/button><button class=\"glide__bullet\" data-glide-dir=\"=1\"><\/button><button class=\"glide__bullet\" data-glide-dir=\"=2\"><\/button><button class=\"glide__bullet\" data-glide-dir=\"=3\"><\/button><button class=\"glide__bullet\" data-glide-dir=\"=4\"><\/button><button class=\"glide__bullet\" data-glide-dir=\"=5\"><\/button><button class=\"glide__bullet\" data-glide-dir=\"=6\"><\/button><button class=\"glide__bullet\" data-glide-dir=\"=7\"><\/button><button class=\"glide__bullet\" data-glide-dir=\"=8\"><\/button><button class=\"glide__bullet\" data-glide-dir=\"=9\"><\/button><button class=\"glide__bullet\" data-glide-dir=\"=10\"><\/button><button class=\"glide__bullet\" data-glide-dir=\"=11\"><\/button><button class=\"glide__bullet\" data-glide-dir=\"=12\"><\/button><\/div><\/div><\/div>\n\n\n\n<ul class=\"wp-block-list\"><li><a>Venta Casa D\u00e9nia, <\/a><\/li><li>Precio: 940.000 \u20ac<\/li><li><a>5 Piezas, <\/a><\/li><li><a>4 Dormitorios, <\/a><\/li><li>Superficie <a>179.31 M\u00b2, <\/a><\/li><li>Vista&nbsp;Panor\u00e1mica<\/li><\/ul>\n\n\n\n<h3 class=\"wp-block-heading\">Superficies<\/h3>\n\n\n\n<ul class=\"wp-block-list\"><li>4 Dormitorios<\/li><li>1 Cocina<\/li><li>4 Cuartos de ba\u00f1o<\/li><li>2 Aparcamientos interior<\/li><li>3 Terrazas&nbsp;<strong>74 m\u00b2<\/strong><\/li><li>1 Jard\u00edn&nbsp;<strong>1200 m\u00b2<\/strong><\/li><\/ul>\n\n\n\n<h3 class=\"wp-block-heading\">Cerca de<\/h3>\n\n\n\n<ul class=\"wp-block-list\"><li>Piscina p\u00fablica<\/li><\/ul>\n\n\n\n<h3 class=\"wp-block-heading\">Aviso legal<\/h3>\n\n\n\n<h3 class=\"wp-block-heading\">Prestaciones<\/h3>\n\n\n\n<ul class=\"wp-block-list\"><li>Portero autom\u00e1tico<\/li><\/ul>\n\n\n\n<ul class=\"wp-block-list\"><li><a>Sale House D\u00e9nia, <\/a><\/li><li>Price: 940.000 \u20ac<\/li><li><a>5 Rooms, <\/a><\/li><li><a>4 Bedrooms, <\/a><\/li><li>Rooms&nbsp;5 rooms<\/li><li>Area&nbsp;179.31 m\u00b2<\/li><li>View&nbsp;Panoramic<\/li><li><\/li><\/ul>\n\n\n\n<h3 class=\"wp-block-heading\">Areas<\/h3>\n\n\n\n<ul class=\"wp-block-list\"><li>4 Bedrooms<\/li><li>1 Kitchen<\/li><li>4 Bathrooms<\/li><li>2 Indoor parkings<\/li><li>3 Terraces&nbsp;<strong>74 m\u00b2<\/strong><\/li><li>1 Garden&nbsp;<strong>1200 m\u00b2<\/strong><\/li><\/ul>\n\n\n\n<h3 class=\"wp-block-heading\">Proximities<\/h3>\n\n\n\n<ul class=\"wp-block-list\"><li>Public pool<\/li><\/ul>\n\n\n\n<h3 class=\"wp-block-heading\">Services<\/h3>\n\n\n\n<ul class=\"wp-block-list\"><li>Intercom<\/li><\/ul>\n\n\n\n<ul class=\"wp-block-list\"><li><a>Vente Maison D\u00e9nia, <\/a><\/li><li>Prix: 940.000 \u20ac<\/li><li><a>5 Pi\u00e8ces, <\/a><\/li><li><a>4 Chambres,<\/a><\/li><li><a> 179.31 M\u00b2, <\/a><\/li><\/ul>\n\n\n\n<p>R\u00e9gion: Costa Blanca<br>Superbe Villa Luxueuse T5 \u00e0 D\u00e9nia<br>Mod\u00e8le : SASHA<br><br>Caract\u00e9ristiques: 4 chambres, 4 salles de bain , Cuisine ouverte, Salle \u00e0 manger, &#8230; etc&#8230;<br><br>Terrain de 1200 m2<br>Grande Piscine \u00e0 d\u00e9bordement.<br><br>Fantastique villa de style moderne et confortable situ\u00e9e \u00e0 quelques m\u00e8tres de la plage Rotes \u00e0 D\u00e9nia.<br><br>Cette fantastique villa de quatre chambres, se trouve sur un terrain de 1200 m2 avec son jardin m\u00e9diterran\u00e9en.<br><br>Neuf direct promoteur Garantie 10 ans<br><br>Disponible en 2024<br><\/p>\n\n\n\n<p>Pi\u00e8ces&nbsp;5 pi\u00e8ces<\/p>\n\n\n\n<p>Surface&nbsp;179.31 m\u00b2<\/p>\n\n\n\n<p>Vue&nbsp;Panoramique<\/p>\n\n\n\n<h2 class=\"wp-block-heading\">Autres visuels<\/h2>\n\n\n\n<p>Pas d&#8217;informations disponibles<\/p>\n\n\n\n<h3 class=\"wp-block-heading\">Surfaces<\/h3>\n\n\n\n<ul class=\"wp-block-list\"><li>4 Chambres<\/li><li>1 Cuisine&nbsp;<strong>Am\u00e9nag\u00e9e Am\u00e9ricaine<\/strong><\/li><li>4 Salles de bains<\/li><li>2 Parkings int\u00e9rieurs<\/li><li>3 Terrasses&nbsp;<strong>74 m\u00b2<\/strong><\/li><li>1 Jardin&nbsp;<strong>1200 m\u00b2<\/strong><\/li><\/ul>\n\n\n\n<h3 class=\"wp-block-heading\">Proximit\u00e9s<\/h3>\n\n\n\n<ul class=\"wp-block-list\"><li>Piscine publique<\/li><\/ul>\n\n\n\n<h3 class=\"wp-block-heading\">Prestations<\/h3>\n\n\n\n<ul class=\"wp-block-list\"><li>Interphone<\/li><\/ul>\n","protected":false},"excerpt":{"rendered":"<p>Venta Casa D\u00e9nia, Precio: 940.000 \u20ac 5 Piezas, 4 Dormitorios, Superficie 179.31 M\u00b2, Vista&nbsp;Panor\u00e1mica Superficies 4 Dormitorios 1 Cocina 4 Cuartos de ba\u00f1o 2 Aparcamientos interior 3 Terrazas&nbsp;74 m\u00b2 1 Jard\u00edn&nbsp;1200 m\u00b2 Cerca de Piscina p\u00fablica Aviso legal Prestaciones Portero autom\u00e1tico Sale House D\u00e9nia, Price: 940.000 \u20ac 5 Rooms, 4 Bedrooms, Rooms&nbsp;5 rooms Area&nbsp;179.31 m\u00b2 &hellip; <\/p>\n<p class=\"link-more\"><a href=\"https:\/\/coelloglobal.com\/index.php\/casa-denia-940-000-e-ref-cg0070\/\" class=\"more-link\">Continue reading<span class=\"screen-reader-text\"> &#8220;Casa Denia 940.000 \u20ac Ref: CG0070&#8221;<\/span><\/a><\/p>\n","protected":false},"author":1,"featured_media":3923,"parent":0,"menu_order":0,"comment_status":"closed","ping_status":"closed","template":"","meta":{"footnotes":""},"class_list":["post-3913","page","type-page","status-publish","has-post-thumbnail","hentry"],"_links":{"self":[{"href":"https:\/\/coelloglobal.com\/index.php\/wp-json\/wp\/v2\/pages\/3913","targetHints":{"allow":["GET"]}}],"collection":[{"href":"https:\/\/coelloglobal.com\/index.php\/wp-json\/wp\/v2\/pages"}],"about":[{"href":"https:\/\/coelloglobal.com\/index.php\/wp-json\/wp\/v2\/types\/page"}],"author":[{"embeddable":true,"href":"https:\/\/coelloglobal.com\/index.php\/wp-json\/wp\/v2\/users\/1"}],"replies":[{"embeddable":true,"href":"https:\/\/coelloglobal.com\/index.php\/wp-json\/wp\/v2\/comments?post=3913"}],"version-history":[{"count":2,"href":"https:\/\/coelloglobal.com\/index.php\/wp-json\/wp\/v2\/pages\/3913\/revisions"}],"predecessor-version":[{"id":3929,"href":"https:\/\/coelloglobal.com\/index.php\/wp-json\/wp\/v2\/pages\/3913\/revisions\/3929"}],"wp:featuredmedia":[{"embeddable":true,"href":"https:\/\/coelloglobal.com\/index.php\/wp-json\/wp\/v2\/media\/3923"}],"wp:attachment":[{"href":"https:\/\/coelloglobal.com\/index.php\/wp-json\/wp\/v2\/media?parent=3913"}],"curies":[{"name":"wp","href":"https:\/\/api.w.org\/{rel}","templated":true}]}}