{"id":4047,"date":"2023-10-16T15:37:43","date_gmt":"2023-10-16T15:37:43","guid":{"rendered":"http:\/\/coelloglobal.com\/?page_id=4047"},"modified":"2023-10-16T15:38:45","modified_gmt":"2023-10-16T15:38:45","slug":"piso-en-villajoyosa-alicante-860-000-e-ref-cg0075","status":"publish","type":"page","link":"https:\/\/coelloglobal.com\/index.php\/piso-en-villajoyosa-alicante-860-000-e-ref-cg0075\/","title":{"rendered":"Piso en Villajoyosa Alicante 860.000 \u20ac Ref: CG0075"},"content":{"rendered":"\n<div id=\"wp-block-themeisle-blocks-slider-ddf5f063\" class=\"wp-block-themeisle-blocks-slider glide\" data-per-view=\"1\" data-gap=\"0\" data-peek=\"0\" data-autoplay=\"true\" data-height=\"400px\"><div class=\"glide__track\" data-glide-el=\"track\"><div class=\"glide__slides\"><div class=\"wp-block-themeisle-blocks-slider-item-wrapper glide__slide\" tabindex=\"0\"><figure><img decoding=\"async\" class=\"wp-block-themeisle-blocks-slider-item\" src=\"http:\/\/coelloglobal.com\/wp-content\/uploads\/2023\/10\/foto-1-14.png\" alt=\"\" title=\"\" data-id=\"4048\"\/><\/figure><\/div><div class=\"wp-block-themeisle-blocks-slider-item-wrapper glide__slide\" tabindex=\"0\"><figure><img decoding=\"async\" class=\"wp-block-themeisle-blocks-slider-item\" src=\"http:\/\/coelloglobal.com\/wp-content\/uploads\/2023\/10\/foto-2-15.png\" alt=\"\" title=\"\" data-id=\"4049\"\/><\/figure><\/div><div class=\"wp-block-themeisle-blocks-slider-item-wrapper glide__slide\" tabindex=\"0\"><figure><img decoding=\"async\" class=\"wp-block-themeisle-blocks-slider-item\" src=\"http:\/\/coelloglobal.com\/wp-content\/uploads\/2023\/10\/foto-3-16.png\" alt=\"\" title=\"\" data-id=\"4050\"\/><\/figure><\/div><div class=\"wp-block-themeisle-blocks-slider-item-wrapper glide__slide\" tabindex=\"0\"><figure><img decoding=\"async\" class=\"wp-block-themeisle-blocks-slider-item\" src=\"http:\/\/coelloglobal.com\/wp-content\/uploads\/2023\/10\/foto-4-18.png\" alt=\"\" title=\"\" data-id=\"4051\"\/><\/figure><\/div><div class=\"wp-block-themeisle-blocks-slider-item-wrapper glide__slide\" tabindex=\"0\"><figure><img decoding=\"async\" class=\"wp-block-themeisle-blocks-slider-item\" src=\"http:\/\/coelloglobal.com\/wp-content\/uploads\/2023\/10\/foto-5-17.png\" alt=\"\" title=\"\" data-id=\"4052\"\/><\/figure><\/div><div class=\"wp-block-themeisle-blocks-slider-item-wrapper glide__slide\" tabindex=\"0\"><figure><img decoding=\"async\" class=\"wp-block-themeisle-blocks-slider-item\" src=\"http:\/\/coelloglobal.com\/wp-content\/uploads\/2023\/10\/foto-6-17.png\" alt=\"\" title=\"\" data-id=\"4053\"\/><\/figure><\/div><\/div><div class=\"glide__arrows\" data-glide-el=\"controls\"><button class=\"glide__arrow glide__arrow--left\" data-glide-dir=\"<\"><svg xmlns=\"http:\/\/www.w3.org\/2000\/svg\" width=\"18\" height=\"18\" viewbox=\"0 0 100 100\" role=\"img\" aria-hidden=\"true\" focusable=\"false\"><path d=\"M 10,50 L 60,100 L 70,90 L 30,50  L 70,10 L 60,0 Z\"><\/path><\/svg><\/button><button class=\"glide__arrow glide__arrow--right\" data-glide-dir=\"&gt;\"><svg xmlns=\"http:\/\/www.w3.org\/2000\/svg\" width=\"18\" height=\"18\" viewbox=\"0 0 100 100\" role=\"img\" aria-hidden=\"true\" focusable=\"false\"><path d=\"M 10,50 L 60,100 L 70,90 L 30,50  L 70,10 L 60,0 Z\"><\/path><\/svg><\/button><\/div><div class=\"glide__bullets\" data-glide-el=\"controls[nav]\"><button class=\"glide__bullet\" data-glide-dir=\"=0\"><\/button><button class=\"glide__bullet\" data-glide-dir=\"=1\"><\/button><button class=\"glide__bullet\" data-glide-dir=\"=2\"><\/button><button class=\"glide__bullet\" data-glide-dir=\"=3\"><\/button><button class=\"glide__bullet\" data-glide-dir=\"=4\"><\/button><button class=\"glide__bullet\" data-glide-dir=\"=5\"><\/button><\/div><\/div><\/div>\n\n\n\n<ul class=\"wp-block-list\"><li><a>Venta Piso Villajoyosa, <\/a><\/li><li>Precio: 860.000 \u20ac<\/li><li><a>4 Piezas, <\/a><\/li><li><a>3 Dormitorios, <\/a><\/li><li><a>144 M\u00b2, <\/a><\/li><li>Piezas&nbsp;4 piezas<\/li><li>Superficie&nbsp;144 m\u00b2<\/li><li>Planta&nbsp;6\u00b0 Planta \/ 6<\/li><li>Vista&nbsp;Panor\u00e1mica Mar<\/li><li><\/li><\/ul>\n\n\n\n<h3 class=\"wp-block-heading\">Superficies<\/h3>\n\n\n\n<ul class=\"wp-block-list\"><li>3 Dormitorios<\/li><li>1 Cocina<\/li><li>3 Cuartos de ba\u00f1o<\/li><li>1 Aparcamiento interior<\/li><li>1 Sol\u00e1rium&nbsp;<strong>62 m\u00b2<\/strong><\/li><li>2 Terrazas&nbsp;<strong>33 m\u00b2<\/strong><\/li><\/ul>\n\n\n\n<h3 class=\"wp-block-heading\">Cerca de<\/h3>\n\n\n\n<ul class=\"wp-block-list\"><li>Piscina p\u00fablica<\/li><\/ul>\n\n\n\n<h3 class=\"wp-block-heading\">Aviso legal<\/h3>\n\n\n\n<ul class=\"wp-block-list\"><li>Impuesto sobre Bienes Inmuebles&nbsp;<strong>600 \u20ac \/ a\u00f1o<\/strong><\/li><\/ul>\n\n\n\n<h3 class=\"wp-block-heading\">Prestaciones<\/h3>\n\n\n\n<ul class=\"wp-block-list\"><li>Portero autom\u00e1tico<\/li><\/ul>\n\n\n\n<ul class=\"wp-block-list\"><li><a>Sale Apartment Villajoyosa, <\/a><\/li><li>Price: 860.000 \u20ac<\/li><li><a>4 Rooms, <\/a><\/li><li><a>3 Bedrooms, <\/a><\/li><li><a>144 M\u00b2, <\/a><\/li><li>Rooms&nbsp;4 rooms<\/li><li>Area&nbsp;144 m\u00b2<\/li><li>Floor&nbsp;6th floor \/ 6<\/li><li>View&nbsp;Panoramic Sea<\/li><li><\/li><\/ul>\n\n\n\n<h3 class=\"wp-block-heading\">Areas<\/h3>\n\n\n\n<ul class=\"wp-block-list\"><li>3 Bedrooms<\/li><li>1 Kitchen<\/li><li>3 Bathrooms<\/li><li>1 Indoor parking<\/li><li>1 Solarium&nbsp;<strong>62 m\u00b2<\/strong><\/li><li>2 Terraces&nbsp;<strong>33 m\u00b2<\/strong><\/li><\/ul>\n\n\n\n<h3 class=\"wp-block-heading\">Proximities<\/h3>\n\n\n\n<ul class=\"wp-block-list\"><li>Public pool<\/li><\/ul>\n\n\n\n<h3 class=\"wp-block-heading\">Legal notice<\/h3>\n\n\n\n<ul class=\"wp-block-list\"><li>Land value tax&nbsp;<strong>600 \u20ac \/ year<\/strong><\/li><\/ul>\n\n\n\n<h3 class=\"wp-block-heading\">Services<\/h3>\n\n\n\n<ul class=\"wp-block-list\"><li>Intercom<\/li><\/ul>\n\n\n\n<ul class=\"wp-block-list\"><li><a>Vente Appartement Villajoyosa, <\/a><\/li><li>Prix: 860.000 \u20ac<\/li><li><a>4 Pi\u00e8ces, <\/a><\/li><li><a>3 Chambres, <\/a><\/li><li><a>144 M\u00b2<\/a><\/li><\/ul>\n\n\n\n<p>R\u00e9gion: Costa Blanca<br><br>Superbe Appartement T4 \u00e0 100 m\u00e8tres de la Plage<br>Situ\u00e9 \u00e0 Villajoyosa<br>Appartement au 6\u00e8me \u00e9tage avec Solarium Priv\u00e9<br><br>Caract\u00e9ristiques: 3 chambres , 3 salles de bain , Cuisine, Salle \u00e0 manger, Grande Terrasse de 33,32 m\u00b2, Solarium priv\u00e9 de 61,94 m\u00b2 dans un cadre magnifique &#8230;.. etc&#8230;<br><br>Grande Piscine Communautaire<br><br>Ascenseur<br><br>R\u00e9sidence avec des zones de loisirs et de d\u00e9tente avec \u00e9clairage : piscine, spa, jardins, aire de jeux pour enfants, gymnase ext\u00e9rieur, chaises longues et parasols, parking \u00e0 v\u00e9los.<br><br>R\u00e9sidence offrant une s\u00e9curit\u00e9 maximale gr\u00e2ce \u00e0 un syst\u00e8me de s\u00e9curit\u00e9 avec cam\u00e9ras de vid\u00e9osurveillance.<br><br>Dans un endroit mill\u00e9naire et privil\u00e9gi\u00e9 de la Costa Blanca, l\u00e0 o\u00f9 se trouvait l\u2019ancienne ville d\u2019Allan.<br><br>Un environnement naturel et unique o\u00f9 vous pouvez vivre au contact de la mer et du soleil toute l\u2019ann\u00e9e dans une atmosph\u00e8re calme et d\u00e9tendue.<br><br>Il se compose d\u2019une baie avec une mer turquoise et d\u2019une plage aux eaux transparentes.<br><br>Appartement tr\u00e8s lumineux avec une grande terrasse.<br><br>Int\u00e9rieurs:<br>Portes laqu\u00e9es blanches Rev\u00eatement de sol stratifi\u00e9 ou en gr\u00e8s c\u00e9rame dans le salon, les chambres et les couloirs<br><br>Sol en gr\u00e8s c\u00e9rame dans les salles de bains, cuisine et terrasse<br>Cuisine \u00e9quip\u00e9e avec plaque vitroc\u00e9ramique, plaque vitroc\u00e9ramique, hotte aspirante, four, micro-ondes, r\u00e9frig\u00e9rateur, lave-vaisselle et lave-linge-s\u00e8che-linge et laveuse-s\u00e9cheuse<br>Salle de bain principale avec sanitaires suspendus, meuble-lavabo, miroir, paroi de douche et pommeau de douche \u00e0 effet pluie<br>Installation compl\u00e8te de climatisation par conduits<br><br>R\u00e9sidence avec des zones de loisirs et de d\u00e9tente avec \u00e9clairage : piscine, spa, jardins, aire de jeux pour enfants, gymnase ext\u00e9rieur, chaises longues et parasols, parking \u00e0 v\u00e9los.<br><br>La plage est \u00e0 100 m<br><br>Le port de Villajoyosa est \u00e0 3 km. (avec tous les commerces aux alentours)<br><br>La grande plage de Benidorm est \u00e0 4,9 km (avec tous les commerces aux alentours)<br><br>Jouer au Golf \u00e0 10 minutes<br><br>L\u2019a\u00e9roport Alicante est \u00e0 30 minutes en voiture<br><br>L\u2019H\u00f4pital (Marina Baixa) est \u00e0 2,2 km<br><br>Situ\u00e9 dans une zone unique et exclusive.<br><br>MENUISERIE EXT\u00c9RIEURE<br>Fen\u00eatres et portes-fen\u00eatres de premi\u00e8re qualit\u00e9 \u00e0 double vitrage dot\u00e9 d\u2019un espace de s\u00e9paration type \u00ab Climalit \u00bb. Sur les terrasses, balustrade en verre incrust\u00e9e dans le parapet.<br><br>Neuf direct promoteur Garantie 10 ans<br><br>Disponible Avril 2023<\/p>\n\n\n\n<p>Pi\u00e8ces&nbsp;4 pi\u00e8ces<\/p>\n\n\n\n<p>Surface&nbsp;144 m\u00b2<\/p>\n\n\n\n<p>\u00c9tage&nbsp;6\u00e8me \u00e9tage \/ 6<\/p>\n\n\n\n<p>Vue&nbsp;Panoramique Mer<\/p>\n\n\n\n<h3 class=\"wp-block-heading\">Surfaces<\/h3>\n\n\n\n<ul class=\"wp-block-list\"><li>3 Chambres<\/li><li>1 Cuisine&nbsp;<strong>Am\u00e9nag\u00e9e et Equip\u00e9e Am\u00e9ricaine<\/strong><\/li><li>3 Salles de bains<\/li><li>1 Parking int\u00e9rieur<\/li><li>1 Solarium&nbsp;<strong>62 m\u00b2<\/strong><\/li><li>2 Terrasses&nbsp;<strong>33 m\u00b2<\/strong><\/li><\/ul>\n\n\n\n<h3 class=\"wp-block-heading\">Proximit\u00e9s<\/h3>\n\n\n\n<ul class=\"wp-block-list\"><li>Piscine publique<\/li><\/ul>\n\n\n\n<h3 class=\"wp-block-heading\">Mentions l\u00e9gales<\/h3>\n\n\n\n<ul class=\"wp-block-list\"><li>Taxe fonci\u00e8re&nbsp;<strong>600 \u20ac \/ an<\/strong><\/li><\/ul>\n\n\n\n<h3 class=\"wp-block-heading\">Prestations<\/h3>\n\n\n\n<ul class=\"wp-block-list\"><li>Interphone<\/li><\/ul>\n","protected":false},"excerpt":{"rendered":"<p>Venta Piso Villajoyosa, Precio: 860.000 \u20ac 4 Piezas, 3 Dormitorios, 144 M\u00b2, Piezas&nbsp;4 piezas Superficie&nbsp;144 m\u00b2 Planta&nbsp;6\u00b0 Planta \/ 6 Vista&nbsp;Panor\u00e1mica Mar Superficies 3 Dormitorios 1 Cocina 3 Cuartos de ba\u00f1o 1 Aparcamiento interior 1 Sol\u00e1rium&nbsp;62 m\u00b2 2 Terrazas&nbsp;33 m\u00b2 Cerca de Piscina p\u00fablica Aviso legal Impuesto sobre Bienes Inmuebles&nbsp;600 \u20ac \/ a\u00f1o Prestaciones Portero &hellip; <\/p>\n<p class=\"link-more\"><a href=\"https:\/\/coelloglobal.com\/index.php\/piso-en-villajoyosa-alicante-860-000-e-ref-cg0075\/\" class=\"more-link\">Continue reading<span class=\"screen-reader-text\"> &#8220;Piso en Villajoyosa Alicante 860.000 \u20ac Ref: CG0075&#8221;<\/span><\/a><\/p>\n","protected":false},"author":1,"featured_media":4052,"parent":0,"menu_order":0,"comment_status":"closed","ping_status":"closed","template":"","meta":{"footnotes":""},"class_list":["post-4047","page","type-page","status-publish","has-post-thumbnail","hentry"],"_links":{"self":[{"href":"https:\/\/coelloglobal.com\/index.php\/wp-json\/wp\/v2\/pages\/4047","targetHints":{"allow":["GET"]}}],"collection":[{"href":"https:\/\/coelloglobal.com\/index.php\/wp-json\/wp\/v2\/pages"}],"about":[{"href":"https:\/\/coelloglobal.com\/index.php\/wp-json\/wp\/v2\/types\/page"}],"author":[{"embeddable":true,"href":"https:\/\/coelloglobal.com\/index.php\/wp-json\/wp\/v2\/users\/1"}],"replies":[{"embeddable":true,"href":"https:\/\/coelloglobal.com\/index.php\/wp-json\/wp\/v2\/comments?post=4047"}],"version-history":[{"count":2,"href":"https:\/\/coelloglobal.com\/index.php\/wp-json\/wp\/v2\/pages\/4047\/revisions"}],"predecessor-version":[{"id":4056,"href":"https:\/\/coelloglobal.com\/index.php\/wp-json\/wp\/v2\/pages\/4047\/revisions\/4056"}],"wp:featuredmedia":[{"embeddable":true,"href":"https:\/\/coelloglobal.com\/index.php\/wp-json\/wp\/v2\/media\/4052"}],"wp:attachment":[{"href":"https:\/\/coelloglobal.com\/index.php\/wp-json\/wp\/v2\/media?parent=4047"}],"curies":[{"name":"wp","href":"https:\/\/api.w.org\/{rel}","templated":true}]}}