{"id":4100,"date":"2023-10-22T10:36:19","date_gmt":"2023-10-22T10:36:19","guid":{"rendered":"http:\/\/coelloglobal.com\/?page_id=4100"},"modified":"2023-10-22T11:12:07","modified_gmt":"2023-10-22T11:12:07","slug":"casa-en-torrevieja-alicante-849-900-e-ref-cgoo76","status":"publish","type":"page","link":"https:\/\/coelloglobal.com\/index.php\/casa-en-torrevieja-alicante-849-900-e-ref-cgoo76\/","title":{"rendered":"Casa en Torrevieja, Alicante &#8211; 849.900 \u20ac Ref: CGOO76"},"content":{"rendered":"\n<div id=\"wp-block-themeisle-blocks-slider-dde5cec3\" class=\"wp-block-themeisle-blocks-slider glide\" data-per-view=\"1\" data-gap=\"0\" data-peek=\"0\" data-autoplay=\"true\" data-height=\"400px\"><div class=\"glide__track\" data-glide-el=\"track\"><div class=\"glide__slides\"><div class=\"wp-block-themeisle-blocks-slider-item-wrapper glide__slide\" tabindex=\"0\"><figure><img decoding=\"async\" class=\"wp-block-themeisle-blocks-slider-item\" src=\"http:\/\/coelloglobal.com\/wp-content\/uploads\/2023\/10\/FOTO-1A-9.jpg\" alt=\"\" title=\"\" data-id=\"4101\"\/><\/figure><\/div><div class=\"wp-block-themeisle-blocks-slider-item-wrapper glide__slide\" tabindex=\"0\"><figure><img decoding=\"async\" class=\"wp-block-themeisle-blocks-slider-item\" src=\"http:\/\/coelloglobal.com\/wp-content\/uploads\/2023\/10\/FOTO-2-32.jpg\" alt=\"\" title=\"\" data-id=\"4102\"\/><\/figure><\/div><div class=\"wp-block-themeisle-blocks-slider-item-wrapper glide__slide\" tabindex=\"0\"><figure><img decoding=\"async\" class=\"wp-block-themeisle-blocks-slider-item\" src=\"http:\/\/coelloglobal.com\/wp-content\/uploads\/2023\/10\/FOTO-3-44.jpg\" alt=\"\" title=\"\" data-id=\"4103\"\/><\/figure><\/div><div class=\"wp-block-themeisle-blocks-slider-item-wrapper glide__slide\" tabindex=\"0\"><figure><img decoding=\"async\" class=\"wp-block-themeisle-blocks-slider-item\" src=\"http:\/\/coelloglobal.com\/wp-content\/uploads\/2023\/10\/FOTO-4-39.jpg\" alt=\"\" title=\"\" data-id=\"4104\"\/><\/figure><\/div><div class=\"wp-block-themeisle-blocks-slider-item-wrapper glide__slide\" tabindex=\"0\"><figure><img decoding=\"async\" class=\"wp-block-themeisle-blocks-slider-item\" src=\"http:\/\/coelloglobal.com\/wp-content\/uploads\/2023\/10\/FOTO-5-37.jpg\" alt=\"\" title=\"\" data-id=\"4105\"\/><\/figure><\/div><div class=\"wp-block-themeisle-blocks-slider-item-wrapper glide__slide\" tabindex=\"0\"><figure><img decoding=\"async\" class=\"wp-block-themeisle-blocks-slider-item\" src=\"http:\/\/coelloglobal.com\/wp-content\/uploads\/2023\/10\/FOTO-6-33.jpg\" alt=\"\" title=\"\" data-id=\"4106\"\/><\/figure><\/div><div class=\"wp-block-themeisle-blocks-slider-item-wrapper glide__slide\" tabindex=\"0\"><figure><img decoding=\"async\" class=\"wp-block-themeisle-blocks-slider-item\" src=\"http:\/\/coelloglobal.com\/wp-content\/uploads\/2023\/10\/FOTO-8-29.jpg\" alt=\"\" title=\"\" data-id=\"4107\"\/><\/figure><\/div><div class=\"wp-block-themeisle-blocks-slider-item-wrapper glide__slide\" tabindex=\"0\"><figure><img decoding=\"async\" class=\"wp-block-themeisle-blocks-slider-item\" src=\"http:\/\/coelloglobal.com\/wp-content\/uploads\/2023\/10\/FOTO-9-25.jpg\" alt=\"\" title=\"\" data-id=\"4108\"\/><\/figure><\/div><div class=\"wp-block-themeisle-blocks-slider-item-wrapper glide__slide\" tabindex=\"0\"><figure><img decoding=\"async\" class=\"wp-block-themeisle-blocks-slider-item\" src=\"http:\/\/coelloglobal.com\/wp-content\/uploads\/2023\/10\/FOTO-10-23.jpg\" alt=\"\" title=\"\" data-id=\"4109\"\/><\/figure><\/div><div class=\"wp-block-themeisle-blocks-slider-item-wrapper glide__slide\" tabindex=\"0\"><figure><img decoding=\"async\" class=\"wp-block-themeisle-blocks-slider-item\" src=\"http:\/\/coelloglobal.com\/wp-content\/uploads\/2023\/10\/FOTO-11-31.jpg\" alt=\"\" title=\"\" data-id=\"4110\"\/><\/figure><\/div><div class=\"wp-block-themeisle-blocks-slider-item-wrapper glide__slide\" tabindex=\"0\"><figure><img decoding=\"async\" class=\"wp-block-themeisle-blocks-slider-item\" src=\"http:\/\/coelloglobal.com\/wp-content\/uploads\/2023\/10\/FOTO-12-27.jpg\" alt=\"\" title=\"\" data-id=\"4111\"\/><\/figure><\/div><div class=\"wp-block-themeisle-blocks-slider-item-wrapper glide__slide\" tabindex=\"0\"><figure><img decoding=\"async\" class=\"wp-block-themeisle-blocks-slider-item\" src=\"http:\/\/coelloglobal.com\/wp-content\/uploads\/2023\/10\/FOTO-13-26.jpg\" alt=\"\" title=\"\" data-id=\"4112\"\/><\/figure><\/div><\/div><div class=\"glide__arrows\" data-glide-el=\"controls\"><button class=\"glide__arrow glide__arrow--left\" data-glide-dir=\"<\"><svg xmlns=\"http:\/\/www.w3.org\/2000\/svg\" width=\"18\" height=\"18\" viewbox=\"0 0 100 100\" role=\"img\" aria-hidden=\"true\" focusable=\"false\"><path d=\"M 10,50 L 60,100 L 70,90 L 30,50  L 70,10 L 60,0 Z\"><\/path><\/svg><\/button><button class=\"glide__arrow glide__arrow--right\" data-glide-dir=\"&gt;\"><svg xmlns=\"http:\/\/www.w3.org\/2000\/svg\" width=\"18\" height=\"18\" viewbox=\"0 0 100 100\" role=\"img\" aria-hidden=\"true\" focusable=\"false\"><path d=\"M 10,50 L 60,100 L 70,90 L 30,50  L 70,10 L 60,0 Z\"><\/path><\/svg><\/button><\/div><div class=\"glide__bullets\" data-glide-el=\"controls[nav]\"><button class=\"glide__bullet\" data-glide-dir=\"=0\"><\/button><button class=\"glide__bullet\" data-glide-dir=\"=1\"><\/button><button class=\"glide__bullet\" data-glide-dir=\"=2\"><\/button><button class=\"glide__bullet\" data-glide-dir=\"=3\"><\/button><button class=\"glide__bullet\" data-glide-dir=\"=4\"><\/button><button class=\"glide__bullet\" data-glide-dir=\"=5\"><\/button><button class=\"glide__bullet\" data-glide-dir=\"=6\"><\/button><button class=\"glide__bullet\" data-glide-dir=\"=7\"><\/button><button class=\"glide__bullet\" data-glide-dir=\"=8\"><\/button><button class=\"glide__bullet\" data-glide-dir=\"=9\"><\/button><button class=\"glide__bullet\" data-glide-dir=\"=10\"><\/button><button class=\"glide__bullet\" data-glide-dir=\"=11\"><\/button><\/div><\/div><\/div>\n\n\n\n<p><\/p>\n\n\n\n<p><strong>Venta\nCasa Torrevieja- Alicante<\/strong><\/p>\n\n\n\n<p><strong>Calle\nIbiza<\/strong><\/p>\n\n\n\n<p>Venta Casa Torrevieja, 5 Piezas, 4 Dormitorios, 187\nM\u00b2, 849.900&nbsp;\u20ac<\/p>\n\n\n\n<ul class=\"wp-block-list\"><li><strong>REF: CG0076<\/strong><\/li><li>849.900&nbsp;\u20ac<\/li><li>Piezas&nbsp;5 piezas<\/li><li>Superficie&nbsp;187 m\u00b2<\/li><li>4 Dormitorios<\/li><li>1 Cocina<\/li><li>3 Cuartos de ba\u00f1o<\/li><li>1 Terreno&nbsp;555 m\u00b2<\/li><li>1 Aparcamiento interior<\/li><li>1 Aparcamiento exterior<\/li><li>1 Sol\u00e1rium&nbsp;73 m\u00b2<\/li><li>1 Jard\u00edn&nbsp;555 m\u00b2<\/li><li>Cerca de Piscina p\u00fablica<\/li><li>Impuesto sobre Bienes\n     Inmuebles&nbsp;650 \u20ac \/ a\u00f1o<\/li><li>Prestaciones: Internet,\n     Portero autom\u00e1tico, Ventilaci\u00f3n de flujo simple.<\/li><\/ul>\n\n\n\n<p>Casa\nde dise\u00f1o contempor\u00e1neo con dos plantas que tienen&nbsp; 5 habitaciones et 3 cuartos de ba\u00f1os en un\nterreno de 555 m2 situado en la regi\u00f3n de Aguas Nuevas en Torrevieja, en un\nsector consolidado y de los m\u00e1s completos en Torrevieja.<br>\nTiene una piscina&nbsp; de 4mx8m en Torrevieja\ncerca del mar.<br>\nLa cocina est\u00e1 amueblada y equipada con todos los electrodom\u00e9sticos.<br>\nOtra casa disponible por 779 900 \u20ac en el mismo barrio.<br>\nLa playa est\u00e1 \u00e0 1 km<br>\n17 Supermercados a menos&nbsp; de 3 km<br>\n6 Terrenos de Golf a menos de 18 km<br>\n5 Restaurantes a menos de&nbsp; 1 km<br>\nEl Aeropuerto de Alicante est\u00e1&nbsp; 39\nminutos (42 km)<br>\nEl Hospital de Torrevieja est\u00e1&nbsp; a 3,6 km<br>\n<br>\nNueva, Garant\u00eda de 10 a\u00f1os. Disponible en el Verano 2023.<\/p>\n\n\n\n<p><strong><em>English Version <\/em><\/strong><\/p>\n\n\n\n<p><a><strong>Sale House Torrevieja\u2013 Alicante<\/strong><\/a><\/p>\n\n\n\n<p><strong>Calle Ibiza<\/strong><\/p>\n\n\n\n<p>Sale House Torrevieja, 5 Rooms, 4 Bedrooms, 187 M\u00b2,\n\u20ac849,900<\/p>\n\n\n\n<ul class=\"wp-block-list\"><li><strong>REF: CG0076<\/strong><\/li><\/ul>\n\n\n\n<ul class=\"wp-block-list\"><li>\u20ac849,900<\/li><li>Rooms&nbsp;5 rooms<\/li><li>Area&nbsp;187 m\u00b2<\/li><li>4 Bedrooms<\/li><li>1 Kitchen<\/li><li>3 Bathrooms<\/li><li>1 Land&nbsp;555 m\u00b2<\/li><li>1 Indoor parking<\/li><li>1 Outdoor parking<\/li><li>1 Solarium&nbsp;73 m\u00b2<\/li><li>1 Garden&nbsp;555 m\u00b2<\/li><li>Proximities: Public pool<\/li><li>Land value tax&nbsp;650 \u20ac \/\n     year<\/li><li>Services: Internet, Intercom, Simple flow ventilation<\/li><\/ul>\n\n\n\n<p>Contemporary design house with\ntwo floors that have 5 bedrooms and 3 bathrooms on a 555 m2 plot of land\nlocated in the Aguas Nuevas region in Torrevieja, in a consolidated sector and\none of the most complete in Torrevieja.<\/p>\n\n\n\n<p>It has a 4mx8m pool in\nTorrevieja near the sea.<\/p>\n\n\n\n<p>The kitchen is furnished and\nequipped with all appliances.<\/p>\n\n\n\n<p>Another house available for\n\u20ac779,900 in the same neighborhood.<\/p>\n\n\n\n<p>The beach is 1 km away<\/p>\n\n\n\n<p>17 Supermarkets within 3 km<\/p>\n\n\n\n<p>6 Golf Lands within 18 km<\/p>\n\n\n\n<p>5 Restaurants within 1 km<\/p>\n\n\n\n<p>Alicante Airport is 39 minutes\n(42 km)<\/p>\n\n\n\n<p>Torrevieja Hospital is 3.6 km\naway<\/p>\n\n\n\n<p>New, 10 year warranty. Available\nin Summer 2023.<\/p>\n\n\n\n<p><strong><em>Version Fran\u00e7ais<\/em><\/strong><\/p>\n\n\n\n<p><strong>Vente\nMaison Torrevieja\u2013 Alicante<\/strong><\/p>\n\n\n\n<p><strong>Calle\nIbiza<\/strong><\/p>\n\n\n\n<p>Vente Maison Torrevieja, 5 Pi\u00e8ces, 4 Chambres, 187 M\u00b2,\n849\u202f900&nbsp;\u20ac<\/p>\n\n\n\n<ul class=\"wp-block-list\"><li><strong>REF: CG0076<\/strong><\/li><\/ul>\n\n\n\n<ul class=\"wp-block-list\"><li>849\u202f900&nbsp;\u20ac<\/li><li>Pi\u00e8ces&nbsp;5 pi\u00e8ces<\/li><li>Surface&nbsp;187 m\u00b2<\/li><li>4 Chambres<\/li><li>1 Cuisine&nbsp;Am\u00e9nag\u00e9e et\n     Equip\u00e9e Am\u00e9ricaine<\/li><li>3 Salles de bains<\/li><li>1 Terrain&nbsp;555 m\u00b2<\/li><li>1 Parking int\u00e9rieur<\/li><li>1 Parking ext\u00e9rieur<\/li><li>1 Solarium&nbsp;73 m\u00b2<\/li><li>1 Jardin&nbsp;555 m\u00b2<\/li><li>Proximitie\u00e9s: Piscine\n     publique<\/li><li>Taxe fonci\u00e8re&nbsp;650 \u20ac \/\n     an<\/li><li>Prestations: Internet, Interphone, Ventilation simple flux<\/li><\/ul>\n\n\n\n<p>Villa de design contemporain sur deux \u00e9tages avec 5\nchambres et 3 salles de bains, sur un terrain de 555 m2 situ\u00e9 dans la r\u00e9gion\nd&#8217;Aguas Nuevas \u00e0 Torrevieja, dans l&#8217;un des secteurs consolid\u00e9s les plus\ncomplets de Torrevieja.<br>\nSuperbe Villa Neuve T6 avec piscine de 4mx8m \u00e0 Torrevieja proche de la Mer.\n\nLa cuisine est am\u00e9nag\u00e9e et \u00e9quip\u00e9e (avec tous l&#8217;\u00e9lectrom\u00e9nager)<br>\nUne autre villa disponible pour 779 900 \u20ac dans le m\u00eame quartier.<br>\nLa plage est \u00e0 1 km<br>\n17 Supermarch\u00e9s \u00e0 moins de 3 km<br>\n6 Terrains de Golf \u00e0 moins de 18 km<br>\n5 Restaurants \u00e0 moins de 1 km<br>\nA\u00e9roport d&#8217;Alicante est \u00e0 39 minutes (42 km)<br>\nH\u00f4pital de Torrevieja est \u00e0 3,6 km<br><br>\nNeuf, Garantie 10 ans. Disponible \u00c9t\u00e9 2023<br><br><\/p>\n","protected":false},"excerpt":{"rendered":"<p>Venta Casa Torrevieja- Alicante Calle Ibiza Venta Casa Torrevieja, 5 Piezas, 4 Dormitorios, 187 M\u00b2, 849.900&nbsp;\u20ac REF: CG0076 849.900&nbsp;\u20ac Piezas&nbsp;5 piezas Superficie&nbsp;187 m\u00b2 4 Dormitorios 1 Cocina 3 Cuartos de ba\u00f1o 1 Terreno&nbsp;555 m\u00b2 1 Aparcamiento interior 1 Aparcamiento exterior 1 Sol\u00e1rium&nbsp;73 m\u00b2 1 Jard\u00edn&nbsp;555 m\u00b2 Cerca de Piscina p\u00fablica Impuesto sobre Bienes Inmuebles&nbsp;650 \u20ac &hellip; <\/p>\n<p class=\"link-more\"><a href=\"https:\/\/coelloglobal.com\/index.php\/casa-en-torrevieja-alicante-849-900-e-ref-cgoo76\/\" class=\"more-link\">Continue reading<span class=\"screen-reader-text\"> &#8220;Casa en Torrevieja, Alicante &#8211; 849.900 \u20ac Ref: CGOO76&#8221;<\/span><\/a><\/p>\n","protected":false},"author":1,"featured_media":4206,"parent":0,"menu_order":0,"comment_status":"closed","ping_status":"closed","template":"","meta":{"footnotes":""},"class_list":["post-4100","page","type-page","status-publish","has-post-thumbnail","hentry"],"_links":{"self":[{"href":"https:\/\/coelloglobal.com\/index.php\/wp-json\/wp\/v2\/pages\/4100","targetHints":{"allow":["GET"]}}],"collection":[{"href":"https:\/\/coelloglobal.com\/index.php\/wp-json\/wp\/v2\/pages"}],"about":[{"href":"https:\/\/coelloglobal.com\/index.php\/wp-json\/wp\/v2\/types\/page"}],"author":[{"embeddable":true,"href":"https:\/\/coelloglobal.com\/index.php\/wp-json\/wp\/v2\/users\/1"}],"replies":[{"embeddable":true,"href":"https:\/\/coelloglobal.com\/index.php\/wp-json\/wp\/v2\/comments?post=4100"}],"version-history":[{"count":1,"href":"https:\/\/coelloglobal.com\/index.php\/wp-json\/wp\/v2\/pages\/4100\/revisions"}],"predecessor-version":[{"id":4113,"href":"https:\/\/coelloglobal.com\/index.php\/wp-json\/wp\/v2\/pages\/4100\/revisions\/4113"}],"wp:featuredmedia":[{"embeddable":true,"href":"https:\/\/coelloglobal.com\/index.php\/wp-json\/wp\/v2\/media\/4206"}],"wp:attachment":[{"href":"https:\/\/coelloglobal.com\/index.php\/wp-json\/wp\/v2\/media?parent=4100"}],"curies":[{"name":"wp","href":"https:\/\/api.w.org\/{rel}","templated":true}]}}