{"id":4117,"date":"2023-10-22T10:45:33","date_gmt":"2023-10-22T10:45:33","guid":{"rendered":"http:\/\/coelloglobal.com\/?page_id=4117"},"modified":"2023-10-22T11:11:41","modified_gmt":"2023-10-22T11:11:41","slug":"piso-estepona-malaga-828-000-e-ref-cg0077","status":"publish","type":"page","link":"https:\/\/coelloglobal.com\/index.php\/piso-estepona-malaga-828-000-e-ref-cg0077\/","title":{"rendered":"Piso Estepona &#8211; M\u00e1laga &#8211; 828.000 \u20ac Ref: CG0077"},"content":{"rendered":"\n<div id=\"wp-block-themeisle-blocks-slider-9b10e1fb\" class=\"wp-block-themeisle-blocks-slider glide\" data-per-view=\"1\" data-gap=\"0\" data-peek=\"0\" data-autoplay=\"true\" data-height=\"400px\"><div class=\"glide__track\" data-glide-el=\"track\"><div class=\"glide__slides\"><div class=\"wp-block-themeisle-blocks-slider-item-wrapper glide__slide\" tabindex=\"0\"><figure><img decoding=\"async\" class=\"wp-block-themeisle-blocks-slider-item\" src=\"http:\/\/coelloglobal.com\/wp-content\/uploads\/2023\/10\/FOTO-1-.jpg\" alt=\"\" title=\"\" data-id=\"4119\"\/><\/figure><\/div><\/div><div class=\"glide__arrows\" data-glide-el=\"controls\"><button class=\"glide__arrow glide__arrow--left\" data-glide-dir=\"<\"><svg xmlns=\"http:\/\/www.w3.org\/2000\/svg\" width=\"18\" height=\"18\" viewbox=\"0 0 100 100\" role=\"img\" aria-hidden=\"true\" focusable=\"false\"><path d=\"M 10,50 L 60,100 L 70,90 L 30,50  L 70,10 L 60,0 Z\"><\/path><\/svg><\/button><button class=\"glide__arrow glide__arrow--right\" data-glide-dir=\"&gt;\"><svg xmlns=\"http:\/\/www.w3.org\/2000\/svg\" width=\"18\" height=\"18\" viewbox=\"0 0 100 100\" role=\"img\" aria-hidden=\"true\" focusable=\"false\"><path d=\"M 10,50 L 60,100 L 70,90 L 30,50  L 70,10 L 60,0 Z\"><\/path><\/svg><\/button><\/div><div class=\"glide__bullets\" data-glide-el=\"controls[nav]\"><button class=\"glide__bullet\" data-glide-dir=\"=0\"><\/button><\/div><\/div><\/div>\n\n\n\n<p><strong>Venta\nPiso Estepona &#8211; M\u00e1laga<\/strong><\/p>\n\n\n\n<p><strong>Calle\nCaserio<\/strong><\/p>\n\n\n\n<p>Venta Piso Estepona, 4 Piezas, 3 Dormitorios, 142 M\u00b2,\n828.000&nbsp;\u20ac<\/p>\n\n\n\n<ul class=\"wp-block-list\"><li><strong>REF: CG0077<\/strong><\/li><\/ul>\n\n\n\n<ul class=\"wp-block-list\"><li>828.000&nbsp;\u20ac<\/li><li>Piezas&nbsp;4 piezas<\/li><li>Superficie&nbsp;142 m\u00b2<\/li><li>Planta&nbsp;2\u00b0 Planta \/ 2<\/li><li>Vista&nbsp;Panor\u00e1mica<\/li><li>3 Dormitorios<\/li><li>1 Cocina<\/li><li>2 Cuartos de ba\u00f1o<\/li><li>1 Terreno&nbsp;65 m\u00b2<\/li><li>1 Aseo<\/li><li>1 Aparcamiento interior<\/li><li>1 Sol\u00e1rium&nbsp;163 m\u00b2<\/li><li>1 Terraza&nbsp;162 m\u00b2<\/li><li>Cerca de Piscina p\u00fablica<\/li><li>Impuesto sobre Bienes\n     Inmuebles&nbsp;550 \u20ac \/ a\u00f1o<\/li><li>Prestaciones: Portero\n     autom\u00e1tico, Amueblado<\/li><\/ul>\n\n\n\n<p>R\u00e9gion:\nCosta del Sol, magnifico Piso situado en la 2\u00aa planta. Completamente equipado y\namueblado.<br>\nCaracter\u00edsticas: 3 habitaciones, 2 cuartos de ba\u00f1o, Cocina abierta, Comedor,\nSalon abierto,Terraza de 162,55 m2 &#8230;..Piscina comunitaria.<br>\nDise\u00f1o contemporaneo y exclusivo, calidad y arquitectura de un dise\u00f1o\ncontemporaneo en un entorno natural&nbsp; con\nuna espectacular belleza, con las monta\u00f1as detras, una situacion privilegiada\njunto a los servicios del CORTIJO DEL GOLF. Pisos al aire libre con mucha luz,\ncon la cocina integrada en el comedor y completamente equipada y\namueblada,&nbsp; aire acondicionado, detector\nde humos etc.<br>\nCada piso tiene su propio garage y trastero.<br>\nSituado en la zona del Campanario, Estepona, junto a Marbella, a 1 km de la\nplaya, rodeado de los terrenos de golf con los servicios mas exclusivos&nbsp; del Club y terrenos de Golf del Campanario.<br>\nEn uno de los mejores barrios de Marbella \/ Estepona a solo:<\/p>\n\n\n\n<p>7\nkm de PUERTO BANUS, <\/p>\n\n\n\n<p>Unos\nminutos de Guadalmina, San Pedro de Alc\u00e1ntara, <\/p>\n\n\n\n<p>17\nkm. de Marbella, <\/p>\n\n\n\n<p>14\nkm de Estepona <\/p>\n\n\n\n<p>74\nkm de la capital Malaga.<br>\nSe puede disfrutar de las instalaciones del&nbsp;\nClub El Campanario, con sus 9 campos de Golf, pistas para padel y tenis\ny del centro comercial Diana con supermercados, tiendas, Farmacias,\nPeluquerias, Bares, Restautantes etc.<br>\nUna de las ventajas del Cortijo del Golf es poder ir andando al piso al Club\nHouse, al Campanario Golf &amp; Country Club, uno de los mejores de la Costa\ndel Sol.<br>\nEl complejo dispone de una piscina exterior de agua caliente, de mas de 20m de\nlongitud, Jacuzzi, hammam, Spa, Gym, 2 pistas de tenis y 2 pistas de padle,\nrestaurante y club social.<br>\nEn el interior de El Campanario Golf &amp; Country House, esta el Club\nInternational de los ni\u00f1os. Este club lo dirigen un equipo de profesionales\nmultilingue que se encargan de desarrollar las competencias de los mas peqeu\u00f1os\na traves de juegos y actividades, en un entorno seguro y divertido.<br>\nConstruido por&nbsp; Manuel Pi\u00f1ero en 2003, el\nGolf esta abierto 365 dias al a\u00f1o. <br>\n<br>\nNuevo, Garantia de 10 a\u00f1os , Disponible<\/p>\n\n\n\n<p><strong><em>English Version <\/em><\/strong><\/p>\n\n\n\n<p><strong>Sale\nApartment Estepona- M\u00e1laga<\/strong><\/p>\n\n\n\n<p><strong>Calle Caserio<\/strong><\/p>\n\n\n\n<p>Sale Apartment Estepona, 4\nRooms, 3 Bedrooms, 142 M\u00b2, \u20ac828,000<\/p>\n\n\n\n<ul class=\"wp-block-list\"><li><strong>REF: CG0077<\/strong><\/li><\/ul>\n\n\n\n<ul class=\"wp-block-list\"><li>\u20ac828,000<\/li><li>Rooms&nbsp;4 rooms<\/li><li>Area&nbsp;142 m\u00b2<\/li><li>Floor&nbsp;2nd floor \/ 2<\/li><li>View&nbsp;Panoramic<\/li><li>3 Bedrooms<\/li><li>1 Kitchen<\/li><li>2 Bathrooms<\/li><li>1 Land&nbsp;65 m\u00b2<\/li><li>1 Lavatory<\/li><li>1 Indoor parking<\/li><li>1 Solarium&nbsp;163 m\u00b2<\/li><li>1 Terrace&nbsp;162 m\u00b2<\/li><li>Proximities: Public pool<\/li><li>Land value tax&nbsp;550 \u20ac \/\n     year<\/li><li>Services: Intercom,\n     Furnished<\/li><\/ul>\n\n\n\n<p>Region: Costa del Sol,\nmagnificent apartment located on the 2nd floor. Completely equipped and\nfurnished.<\/p>\n\n\n\n<p>Features: 3 bedrooms, 2\nbathrooms, Open kitchen, Dining room, Open living room, Terrace of 162.55\nm2&#8230;Community pool.<\/p>\n\n\n\n<p>Contemporary and exclusive\ndesign, quality and architecture of a contemporary design in a natural\nenvironment with spectacular beauty, with the mountains behind, a privileged\nlocation next to the services of CORTIJO DEL GOLF. Outdoor apartments with lots\nof light, with the kitchen integrated into the dining room and fully equipped\nand furnished, air conditioning, smoke detector, etc.<\/p>\n\n\n\n<p>Each apartment has its own\ngarage and storage room.<\/p>\n\n\n\n<p>Located in the Campanario\narea, Estepona, next to Marbella, 1 km from the beach, surrounded by the golf\ngrounds with the most exclusive services of the Campanario Golf Club and\ngrounds.<\/p>\n\n\n\n<p>In one of the best neighborhoods\nin Marbella \/ Estepona just:<\/p>\n\n\n\n<p>7 km from PUERTO BANUS,<\/p>\n\n\n\n<p>A few minutes from Guadalmina,\nSan Pedro de Alc\u00e1ntara,<\/p>\n\n\n\n<p>17 km. from Marbella,<\/p>\n\n\n\n<p>14 km from Estepona<\/p>\n\n\n\n<p>74 km from the capital Malaga.<\/p>\n\n\n\n<p>You can enjoy the facilities\nof the El Campanario Club, with its 9 golf courses, paddle tennis and tennis\ncourts and the Diana shopping center with supermarkets, shops, pharmacies,\nhairdressers, bars, restaurants, etc.<\/p>\n\n\n\n<p>One of the advantages of the\nCortijo del Golf is being able to walk to the Club House, the Campanario Golf\n&amp; Country Club, one of the best on the Costa del Sol.<\/p>\n\n\n\n<p>The complex has an outdoor hot\nwater pool, more than 20m long, Jacuzzi, hammam, Spa, Gym, 2 tennis courts and\n2 paddle tennis courts, restaurant and social club.<\/p>\n\n\n\n<p>Inside El Campanario Golf\n&amp; Country House is the International Children&#8217;s Club. This club is run by a\nteam of multilingual professionals who are responsible for developing the\nskills of the little ones through games and activities, in a safe and fun\nenvironment.<\/p>\n\n\n\n<p>Built by Manuel Pi\u00f1ero in\n2003, the Golf is open 365 days a year.<\/p>\n\n\n\n<p>New, 10 year warranty,\nAvailable<\/p>\n\n\n\n<p><strong><em>Version Fran\u00e7ais<\/em><\/strong><\/p>\n\n\n\n<p><strong>Vente\nAppartement Estepona- M\u00e1laga<\/strong><\/p>\n\n\n\n<p><strong>Calle\nCaserio<\/strong><\/p>\n\n\n\n<p>Vente Appartement Estepona, 4 Pi\u00e8ces, 3 Chambres, 142\nM\u00b2, 828\u202f000&nbsp;\u20ac<\/p>\n\n\n\n<ul class=\"wp-block-list\"><li><strong>REF: CG0077<\/strong><\/li><\/ul>\n\n\n\n<ul class=\"wp-block-list\"><li>828\u202f000&nbsp;\u20ac<\/li><li>Pi\u00e8ces&nbsp;4 pi\u00e8ces<\/li><li>Surface&nbsp;142 m\u00b2<\/li><li>\u00c9tage&nbsp;2\u00e8me \u00e9tage \/ 2<\/li><li>Vue&nbsp;Panoramique<\/li><li>3 Chambres<\/li><li>1 Cuisine&nbsp;Am\u00e9nag\u00e9e et\n     Equip\u00e9e Am\u00e9ricaine<\/li><li>2 Salles de bains<\/li><li>1 Terrain&nbsp;65 m\u00b2<\/li><li>1 Toilettes<\/li><li>1 Parking int\u00e9rieur<\/li><li>1 Solarium&nbsp;163 m\u00b2<\/li><li>1 Terrasse&nbsp;162 m\u00b2<\/li><li>Proximit\u00e9s: Piscine publique<\/li><li>Taxe fonci\u00e8re&nbsp;550 \u20ac \/\n     an<\/li><li>Prestations: Interphone,\n     Meubl\u00e9<\/li><\/ul>\n\n\n\n<p>R\u00e9gion:\nCosta del Sol, Superbe Appartement situ\u00e9 au 2 \u00e8me \u00c9tage Enti\u00e8rement \u00e9quip\u00e9 et\nmeubl\u00e9.<br>\nCaract\u00e9ristiques: 3 chambres, 2 salles de bain avec WC, Cuisine ouverte, Salle\n\u00e0 manger, Salon ouvert, Terrasses de 162,55 m2 &#8230;..Piscine Communautaire<br>\nDesign contemporain soign\u00e9 et exclusif, qualit\u00e9 et architecture au design\nmoderne et contemporain dans un environnement naturel d&#8217;un spectaculaire\nbeaut\u00e9, avec les montagnes derri\u00e8re, une situation privil\u00e9gi\u00e9e et tout un tas\nde services sont quelques-uns des principaux attributs de CORTIJO DEL GOLF.\nAppartements \u00e0 aire ouverte avec beaucoup de lumi\u00e8re, avec la cuisine int\u00e9gr\u00e9\ndans la salle \u00e0 manger et enti\u00e8rement \u00e9quip\u00e9 et meubl\u00e9, air climatis\u00e9,\nd\u00e9tecteur de fum\u00e9e, etc.<br>\nChaque appartement dispose d&#8217;un garage et d&#8217;un d\u00e9barras et chaque bloc a son\npropre acc\u00e8s ind\u00e9pendant au garages.<br>\nSitu\u00e9 dans la zone d&#8217;El Campanario, Estepona, mais adjacent \u00e0 Marbella, \u00e0 1 km\nde la plage, entour\u00e9 de terrains de golf et avec les plus exclusifs services\nimaginables : Acc\u00e8s au spectaculaire Club House et terrain de golf d&#8217;El\nCampanario, Propri\u00e9t\u00e9 Services de gestion et de gestion de complexes h\u00f4teliers.<br>\nDans l&#8217;un des meilleurs quartiers de Marbella \/ Estepona \u00e0 seulement <\/p>\n\n\n\n<p>7\nkm de PUERTO BANUS, <\/p>\n\n\n\n<p>quelques\nminutes de Guadalmina, San Pedro de Alc\u00e1ntara, <\/p>\n\n\n\n<p>17\nkm. de Marbella, <\/p>\n\n\n\n<p>14\nkm. \u00e0 partir de Estepona \n\n74 km de la capitale Malaga.<br>\nEt en marchant, vous pouvez profiter de la installations de son Club El\nCampanario, avec ses spectaculaires Club House, le Golf 9 trous, ses courts de\ntennis et paddle-tennis ou dans le prochain centre commercial Diana, vous\ntrouverez tout ce dont vous pourriez avoir besoin, supermarch\u00e9, magasins,\npharmacie, coiffeur, bars, restaurants, etc.<br>\nVotre CLUB HOUSE \u00e0 quelques pas de GOLF CORTIJO. L&#8217;une des grandes attractions\nde Cortijo del Golf est de pouvoir aller \u00e0 pied de votre appartement \u00e0 votre\nClub House, au Campanario Golf &amp; Country Club, sans aucun doute, l&#8217;un des\nle meilleur de toute la Costa del Sol et profitez en tant que membre de Cortijo\ndel Golf de tous les magnifiques installations.<br>\nParmi les installations, le\ncomplexe dispose d&#8217;une piscine ext\u00e9rieure chauff\u00e9e de plus de 20 m\u00e8tres\nlongueur avec Jacuzzi, hammam et transats, Spa, Gym, 2 courts de tennis et 2\ncourts de paddle-tennis, restaurant et club social.<br>\n\u00c0 l&#8217;int\u00e9rieur du complexe El Campanario Golf &amp; Country House, est le Club\nInternational des Enfants. est club est g\u00e9r\u00e9 par une \u00e9quipe professionnelle\nd&#8217;instructeurs multilingue, qui sont charg\u00e9s de d\u00e9velopper le comp\u00e9tences des\nplus petits, \u00e0 travers des jeux et activit\u00e9s dans un environnement s\u00e9curitaire\net amusant.<br>\nCon\u00e7u par Manuel Pi\u00f1ero en 2003, le golf est ouvert au public 365 jours par an.\nConditions pour nos propri\u00e9taires : Les propri\u00e9taires de CORTIJO DEL GOLF pourront\nprofiter d&#8217;un prix sp\u00e9cial dans les tarifs officiels d&#8217;abonnement Les membres\nde la famille du Club, avec qui ils auront acc\u00e8s \u00e0 leur magnifiques\ninstallations.<br><br>\nNeuf, Garantie 10 ans , Disponible<br><br><\/p>\n","protected":false},"excerpt":{"rendered":"<p>Venta Piso Estepona &#8211; M\u00e1laga Calle Caserio Venta Piso Estepona, 4 Piezas, 3 Dormitorios, 142 M\u00b2, 828.000&nbsp;\u20ac REF: CG0077 828.000&nbsp;\u20ac Piezas&nbsp;4 piezas Superficie&nbsp;142 m\u00b2 Planta&nbsp;2\u00b0 Planta \/ 2 Vista&nbsp;Panor\u00e1mica 3 Dormitorios 1 Cocina 2 Cuartos de ba\u00f1o 1 Terreno&nbsp;65 m\u00b2 1 Aseo 1 Aparcamiento interior 1 Sol\u00e1rium&nbsp;163 m\u00b2 1 Terraza&nbsp;162 m\u00b2 Cerca de Piscina p\u00fablica &hellip; <\/p>\n<p class=\"link-more\"><a href=\"https:\/\/coelloglobal.com\/index.php\/piso-estepona-malaga-828-000-e-ref-cg0077\/\" class=\"more-link\">Continue reading<span class=\"screen-reader-text\"> &#8220;Piso Estepona &#8211; M\u00e1laga &#8211; 828.000 \u20ac Ref: CG0077&#8221;<\/span><\/a><\/p>\n","protected":false},"author":1,"featured_media":4205,"parent":0,"menu_order":0,"comment_status":"closed","ping_status":"closed","template":"","meta":{"footnotes":""},"class_list":["post-4117","page","type-page","status-publish","has-post-thumbnail","hentry"],"_links":{"self":[{"href":"https:\/\/coelloglobal.com\/index.php\/wp-json\/wp\/v2\/pages\/4117","targetHints":{"allow":["GET"]}}],"collection":[{"href":"https:\/\/coelloglobal.com\/index.php\/wp-json\/wp\/v2\/pages"}],"about":[{"href":"https:\/\/coelloglobal.com\/index.php\/wp-json\/wp\/v2\/types\/page"}],"author":[{"embeddable":true,"href":"https:\/\/coelloglobal.com\/index.php\/wp-json\/wp\/v2\/users\/1"}],"replies":[{"embeddable":true,"href":"https:\/\/coelloglobal.com\/index.php\/wp-json\/wp\/v2\/comments?post=4117"}],"version-history":[{"count":1,"href":"https:\/\/coelloglobal.com\/index.php\/wp-json\/wp\/v2\/pages\/4117\/revisions"}],"predecessor-version":[{"id":4120,"href":"https:\/\/coelloglobal.com\/index.php\/wp-json\/wp\/v2\/pages\/4117\/revisions\/4120"}],"wp:featuredmedia":[{"embeddable":true,"href":"https:\/\/coelloglobal.com\/index.php\/wp-json\/wp\/v2\/media\/4205"}],"wp:attachment":[{"href":"https:\/\/coelloglobal.com\/index.php\/wp-json\/wp\/v2\/media?parent=4117"}],"curies":[{"name":"wp","href":"https:\/\/api.w.org\/{rel}","templated":true}]}}