{"id":4124,"date":"2023-10-22T10:50:23","date_gmt":"2023-10-22T10:50:23","guid":{"rendered":"http:\/\/coelloglobal.com\/?page_id=4124"},"modified":"2023-10-22T11:11:07","modified_gmt":"2023-10-22T11:11:07","slug":"casa-finestrat-benidorm-alicante-810-000-e-ref-cg0078","status":"publish","type":"page","link":"https:\/\/coelloglobal.com\/index.php\/casa-finestrat-benidorm-alicante-810-000-e-ref-cg0078\/","title":{"rendered":"Casa Finestrat \u2013 Benidorm, Alicante- 810.000 \u20ac Ref: CG0078"},"content":{"rendered":"\n<div id=\"wp-block-themeisle-blocks-slider-8d16186b\" class=\"wp-block-themeisle-blocks-slider glide\" data-per-view=\"1\" data-gap=\"0\" data-peek=\"0\" data-autoplay=\"true\" data-height=\"400px\"><div class=\"glide__track\" data-glide-el=\"track\"><div class=\"glide__slides\"><div class=\"wp-block-themeisle-blocks-slider-item-wrapper glide__slide\" tabindex=\"0\"><figure><img decoding=\"async\" class=\"wp-block-themeisle-blocks-slider-item\" src=\"http:\/\/coelloglobal.com\/wp-content\/uploads\/2023\/10\/FOTO-0.jpg\" alt=\"\" title=\"\" data-id=\"4125\"\/><\/figure><\/div><div class=\"wp-block-themeisle-blocks-slider-item-wrapper glide__slide\" tabindex=\"0\"><figure><img decoding=\"async\" class=\"wp-block-themeisle-blocks-slider-item\" src=\"http:\/\/coelloglobal.com\/wp-content\/uploads\/2023\/10\/FOTO-1-38.jpg\" alt=\"\" title=\"\" data-id=\"4126\"\/><\/figure><\/div><div class=\"wp-block-themeisle-blocks-slider-item-wrapper glide__slide\" tabindex=\"0\"><figure><img decoding=\"async\" class=\"wp-block-themeisle-blocks-slider-item\" src=\"http:\/\/coelloglobal.com\/wp-content\/uploads\/2023\/10\/FOTO-2-33.jpg\" alt=\"\" title=\"\" data-id=\"4127\"\/><\/figure><\/div><div class=\"wp-block-themeisle-blocks-slider-item-wrapper glide__slide\" tabindex=\"0\"><figure><img decoding=\"async\" class=\"wp-block-themeisle-blocks-slider-item\" src=\"http:\/\/coelloglobal.com\/wp-content\/uploads\/2023\/10\/FOTO-3-45.jpg\" alt=\"\" title=\"\" data-id=\"4128\"\/><\/figure><\/div><div class=\"wp-block-themeisle-blocks-slider-item-wrapper glide__slide\" tabindex=\"0\"><figure><img decoding=\"async\" class=\"wp-block-themeisle-blocks-slider-item\" src=\"http:\/\/coelloglobal.com\/wp-content\/uploads\/2023\/10\/FOTO-4-40.jpg\" alt=\"\" title=\"\" data-id=\"4129\"\/><\/figure><\/div><div class=\"wp-block-themeisle-blocks-slider-item-wrapper glide__slide\" tabindex=\"0\"><figure><img decoding=\"async\" class=\"wp-block-themeisle-blocks-slider-item\" src=\"http:\/\/coelloglobal.com\/wp-content\/uploads\/2023\/10\/FOTO-5-38.jpg\" alt=\"\" title=\"\" data-id=\"4130\"\/><\/figure><\/div><div class=\"wp-block-themeisle-blocks-slider-item-wrapper glide__slide\" tabindex=\"0\"><figure><img decoding=\"async\" class=\"wp-block-themeisle-blocks-slider-item\" src=\"http:\/\/coelloglobal.com\/wp-content\/uploads\/2023\/10\/FOTO-6-34.jpg\" alt=\"\" title=\"\" data-id=\"4131\"\/><\/figure><\/div><div class=\"wp-block-themeisle-blocks-slider-item-wrapper glide__slide\" tabindex=\"0\"><figure><img decoding=\"async\" class=\"wp-block-themeisle-blocks-slider-item\" src=\"http:\/\/coelloglobal.com\/wp-content\/uploads\/2023\/10\/FOTO-7-30.jpg\" alt=\"\" title=\"\" data-id=\"4132\"\/><\/figure><\/div><div class=\"wp-block-themeisle-blocks-slider-item-wrapper glide__slide\" tabindex=\"0\"><figure><img decoding=\"async\" class=\"wp-block-themeisle-blocks-slider-item\" src=\"http:\/\/coelloglobal.com\/wp-content\/uploads\/2023\/10\/FOTO-8-30.jpg\" alt=\"\" title=\"\" data-id=\"4133\"\/><\/figure><\/div><div class=\"wp-block-themeisle-blocks-slider-item-wrapper glide__slide\" tabindex=\"0\"><figure><img decoding=\"async\" class=\"wp-block-themeisle-blocks-slider-item\" src=\"http:\/\/coelloglobal.com\/wp-content\/uploads\/2023\/10\/FOTO-9-26.jpg\" alt=\"\" title=\"\" data-id=\"4134\"\/><\/figure><\/div><div class=\"wp-block-themeisle-blocks-slider-item-wrapper glide__slide\" tabindex=\"0\"><figure><img decoding=\"async\" class=\"wp-block-themeisle-blocks-slider-item\" src=\"http:\/\/coelloglobal.com\/wp-content\/uploads\/2023\/10\/FOTO-10-24.jpg\" alt=\"\" title=\"\" data-id=\"4135\"\/><\/figure><\/div><div class=\"wp-block-themeisle-blocks-slider-item-wrapper glide__slide\" tabindex=\"0\"><figure><img decoding=\"async\" class=\"wp-block-themeisle-blocks-slider-item\" src=\"http:\/\/coelloglobal.com\/wp-content\/uploads\/2023\/10\/FOTO-11-32.jpg\" alt=\"\" title=\"\" data-id=\"4136\"\/><\/figure><\/div><div class=\"wp-block-themeisle-blocks-slider-item-wrapper glide__slide\" tabindex=\"0\"><figure><img decoding=\"async\" class=\"wp-block-themeisle-blocks-slider-item\" src=\"http:\/\/coelloglobal.com\/wp-content\/uploads\/2023\/10\/FOTO-12-28.jpg\" alt=\"\" title=\"\" data-id=\"4137\"\/><\/figure><\/div><div class=\"wp-block-themeisle-blocks-slider-item-wrapper glide__slide\" tabindex=\"0\"><figure><img decoding=\"async\" class=\"wp-block-themeisle-blocks-slider-item\" src=\"http:\/\/coelloglobal.com\/wp-content\/uploads\/2023\/10\/FOTO-13-27.jpg\" alt=\"\" title=\"\" data-id=\"4138\"\/><\/figure><\/div><div class=\"wp-block-themeisle-blocks-slider-item-wrapper glide__slide\" tabindex=\"0\"><figure><img decoding=\"async\" class=\"wp-block-themeisle-blocks-slider-item\" src=\"http:\/\/coelloglobal.com\/wp-content\/uploads\/2023\/10\/FOTO-14-21.jpg\" alt=\"\" title=\"\" data-id=\"4139\"\/><\/figure><\/div><div class=\"wp-block-themeisle-blocks-slider-item-wrapper glide__slide\" tabindex=\"0\"><figure><img decoding=\"async\" class=\"wp-block-themeisle-blocks-slider-item\" src=\"http:\/\/coelloglobal.com\/wp-content\/uploads\/2023\/10\/FOTO-15-20.jpg\" alt=\"\" title=\"\" data-id=\"4140\"\/><\/figure><\/div><div class=\"wp-block-themeisle-blocks-slider-item-wrapper glide__slide\" tabindex=\"0\"><figure><img decoding=\"async\" class=\"wp-block-themeisle-blocks-slider-item\" src=\"http:\/\/coelloglobal.com\/wp-content\/uploads\/2023\/10\/FOTO-16-20.jpg\" alt=\"\" title=\"\" data-id=\"4141\"\/><\/figure><\/div><div class=\"wp-block-themeisle-blocks-slider-item-wrapper glide__slide\" tabindex=\"0\"><figure><img decoding=\"async\" class=\"wp-block-themeisle-blocks-slider-item\" src=\"http:\/\/coelloglobal.com\/wp-content\/uploads\/2023\/10\/FOTO-17-17.jpg\" alt=\"\" title=\"\" data-id=\"4142\"\/><\/figure><\/div><div class=\"wp-block-themeisle-blocks-slider-item-wrapper glide__slide\" tabindex=\"0\"><figure><img decoding=\"async\" class=\"wp-block-themeisle-blocks-slider-item\" src=\"http:\/\/coelloglobal.com\/wp-content\/uploads\/2023\/10\/FOTO-18-13.jpg\" alt=\"\" title=\"\" data-id=\"4143\"\/><\/figure><\/div><div class=\"wp-block-themeisle-blocks-slider-item-wrapper glide__slide\" tabindex=\"0\"><figure><img decoding=\"async\" class=\"wp-block-themeisle-blocks-slider-item\" src=\"http:\/\/coelloglobal.com\/wp-content\/uploads\/2023\/10\/FOTO-19-12.jpg\" alt=\"\" title=\"\" data-id=\"4144\"\/><\/figure><\/div><div class=\"wp-block-themeisle-blocks-slider-item-wrapper glide__slide\" tabindex=\"0\"><figure><img decoding=\"async\" class=\"wp-block-themeisle-blocks-slider-item\" src=\"http:\/\/coelloglobal.com\/wp-content\/uploads\/2023\/10\/FOTO-20-12.jpg\" alt=\"\" title=\"\" data-id=\"4145\"\/><\/figure><\/div><div class=\"wp-block-themeisle-blocks-slider-item-wrapper glide__slide\" tabindex=\"0\"><figure><img decoding=\"async\" class=\"wp-block-themeisle-blocks-slider-item\" src=\"http:\/\/coelloglobal.com\/wp-content\/uploads\/2023\/10\/FOTO-21-8.jpg\" alt=\"\" title=\"\" data-id=\"4146\"\/><\/figure><\/div><div class=\"wp-block-themeisle-blocks-slider-item-wrapper glide__slide\" tabindex=\"0\"><figure><img decoding=\"async\" class=\"wp-block-themeisle-blocks-slider-item\" src=\"http:\/\/coelloglobal.com\/wp-content\/uploads\/2023\/10\/FOTO-22-6.jpg\" alt=\"\" title=\"\" data-id=\"4147\"\/><\/figure><\/div><div class=\"wp-block-themeisle-blocks-slider-item-wrapper glide__slide\" tabindex=\"0\"><figure><img decoding=\"async\" class=\"wp-block-themeisle-blocks-slider-item\" src=\"http:\/\/coelloglobal.com\/wp-content\/uploads\/2023\/10\/FOTO-23-5.jpg\" alt=\"\" title=\"\" data-id=\"4148\"\/><\/figure><\/div><div class=\"wp-block-themeisle-blocks-slider-item-wrapper glide__slide\" tabindex=\"0\"><figure><img decoding=\"async\" class=\"wp-block-themeisle-blocks-slider-item\" src=\"http:\/\/coelloglobal.com\/wp-content\/uploads\/2023\/10\/FOTO-24-6.jpg\" alt=\"\" title=\"\" data-id=\"4149\"\/><\/figure><\/div><div class=\"wp-block-themeisle-blocks-slider-item-wrapper glide__slide\" tabindex=\"0\"><figure><img decoding=\"async\" class=\"wp-block-themeisle-blocks-slider-item\" src=\"http:\/\/coelloglobal.com\/wp-content\/uploads\/2023\/10\/FOTO-25-5.jpg\" alt=\"\" title=\"\" data-id=\"4150\"\/><\/figure><\/div><div class=\"wp-block-themeisle-blocks-slider-item-wrapper glide__slide\" tabindex=\"0\"><figure><img decoding=\"async\" class=\"wp-block-themeisle-blocks-slider-item\" src=\"http:\/\/coelloglobal.com\/wp-content\/uploads\/2023\/10\/FOTO-26-5.jpg\" alt=\"\" title=\"\" data-id=\"4151\"\/><\/figure><\/div><div class=\"wp-block-themeisle-blocks-slider-item-wrapper glide__slide\" tabindex=\"0\"><figure><img decoding=\"async\" class=\"wp-block-themeisle-blocks-slider-item\" src=\"http:\/\/coelloglobal.com\/wp-content\/uploads\/2023\/10\/FOTO-27-4.jpg\" alt=\"\" title=\"\" data-id=\"4152\"\/><\/figure><\/div><div class=\"wp-block-themeisle-blocks-slider-item-wrapper glide__slide\" tabindex=\"0\"><figure><img decoding=\"async\" class=\"wp-block-themeisle-blocks-slider-item\" src=\"http:\/\/coelloglobal.com\/wp-content\/uploads\/2023\/10\/FOTO-28-5.jpg\" alt=\"\" title=\"\" data-id=\"4153\"\/><\/figure><\/div><div class=\"wp-block-themeisle-blocks-slider-item-wrapper glide__slide\" tabindex=\"0\"><figure><img decoding=\"async\" class=\"wp-block-themeisle-blocks-slider-item\" src=\"http:\/\/coelloglobal.com\/wp-content\/uploads\/2023\/10\/FOTO-29-5.jpg\" alt=\"\" title=\"\" data-id=\"4154\"\/><\/figure><\/div><div class=\"wp-block-themeisle-blocks-slider-item-wrapper glide__slide\" tabindex=\"0\"><figure><img decoding=\"async\" class=\"wp-block-themeisle-blocks-slider-item\" src=\"http:\/\/coelloglobal.com\/wp-content\/uploads\/2023\/10\/FOTO-30-4.jpg\" alt=\"\" title=\"\" data-id=\"4155\"\/><\/figure><\/div><div class=\"wp-block-themeisle-blocks-slider-item-wrapper glide__slide\" tabindex=\"0\"><figure><img decoding=\"async\" class=\"wp-block-themeisle-blocks-slider-item\" src=\"http:\/\/coelloglobal.com\/wp-content\/uploads\/2023\/10\/FOTO-31-4.jpg\" alt=\"\" title=\"\" data-id=\"4156\"\/><\/figure><\/div><div class=\"wp-block-themeisle-blocks-slider-item-wrapper glide__slide\" tabindex=\"0\"><figure><img decoding=\"async\" class=\"wp-block-themeisle-blocks-slider-item\" src=\"http:\/\/coelloglobal.com\/wp-content\/uploads\/2023\/10\/FOTO-32-4.jpg\" alt=\"\" title=\"\" data-id=\"4157\"\/><\/figure><\/div><div class=\"wp-block-themeisle-blocks-slider-item-wrapper glide__slide\" tabindex=\"0\"><figure><img decoding=\"async\" class=\"wp-block-themeisle-blocks-slider-item\" src=\"http:\/\/coelloglobal.com\/wp-content\/uploads\/2023\/10\/FOTO-33-4.jpg\" alt=\"\" title=\"\" data-id=\"4158\"\/><\/figure><\/div><div class=\"wp-block-themeisle-blocks-slider-item-wrapper glide__slide\" tabindex=\"0\"><figure><img decoding=\"async\" class=\"wp-block-themeisle-blocks-slider-item\" src=\"http:\/\/coelloglobal.com\/wp-content\/uploads\/2023\/10\/FOTO-34-4.jpg\" alt=\"\" title=\"\" data-id=\"4159\"\/><\/figure><\/div><div class=\"wp-block-themeisle-blocks-slider-item-wrapper glide__slide\" tabindex=\"0\"><figure><img decoding=\"async\" class=\"wp-block-themeisle-blocks-slider-item\" src=\"http:\/\/coelloglobal.com\/wp-content\/uploads\/2023\/10\/FOTO-35-4.jpg\" alt=\"\" title=\"\" data-id=\"4160\"\/><\/figure><\/div><div class=\"wp-block-themeisle-blocks-slider-item-wrapper glide__slide\" tabindex=\"0\"><figure><img decoding=\"async\" class=\"wp-block-themeisle-blocks-slider-item\" src=\"http:\/\/coelloglobal.com\/wp-content\/uploads\/2023\/10\/FOTO-36-4.jpg\" alt=\"\" title=\"\" data-id=\"4161\"\/><\/figure><\/div><div class=\"wp-block-themeisle-blocks-slider-item-wrapper glide__slide\" tabindex=\"0\"><figure><img decoding=\"async\" class=\"wp-block-themeisle-blocks-slider-item\" src=\"http:\/\/coelloglobal.com\/wp-content\/uploads\/2023\/10\/FOTO-37-3.jpg\" alt=\"\" title=\"\" data-id=\"4162\"\/><\/figure><\/div><div class=\"wp-block-themeisle-blocks-slider-item-wrapper glide__slide\" tabindex=\"0\"><figure><img decoding=\"async\" class=\"wp-block-themeisle-blocks-slider-item\" src=\"http:\/\/coelloglobal.com\/wp-content\/uploads\/2023\/10\/FOTO-38-4.jpg\" alt=\"\" title=\"\" data-id=\"4163\"\/><\/figure><\/div><\/div><div class=\"glide__arrows\" data-glide-el=\"controls\"><button class=\"glide__arrow glide__arrow--left\" data-glide-dir=\"<\"><svg xmlns=\"http:\/\/www.w3.org\/2000\/svg\" width=\"18\" height=\"18\" viewbox=\"0 0 100 100\" role=\"img\" aria-hidden=\"true\" focusable=\"false\"><path d=\"M 10,50 L 60,100 L 70,90 L 30,50  L 70,10 L 60,0 Z\"><\/path><\/svg><\/button><button class=\"glide__arrow glide__arrow--right\" data-glide-dir=\"&gt;\"><svg xmlns=\"http:\/\/www.w3.org\/2000\/svg\" width=\"18\" height=\"18\" viewbox=\"0 0 100 100\" role=\"img\" aria-hidden=\"true\" focusable=\"false\"><path d=\"M 10,50 L 60,100 L 70,90 L 30,50  L 70,10 L 60,0 Z\"><\/path><\/svg><\/button><\/div><div class=\"glide__bullets\" data-glide-el=\"controls[nav]\"><button class=\"glide__bullet\" data-glide-dir=\"=0\"><\/button><button class=\"glide__bullet\" data-glide-dir=\"=1\"><\/button><button class=\"glide__bullet\" data-glide-dir=\"=2\"><\/button><button class=\"glide__bullet\" data-glide-dir=\"=3\"><\/button><button class=\"glide__bullet\" data-glide-dir=\"=4\"><\/button><button class=\"glide__bullet\" data-glide-dir=\"=5\"><\/button><button class=\"glide__bullet\" data-glide-dir=\"=6\"><\/button><button class=\"glide__bullet\" data-glide-dir=\"=7\"><\/button><button class=\"glide__bullet\" data-glide-dir=\"=8\"><\/button><button class=\"glide__bullet\" data-glide-dir=\"=9\"><\/button><button class=\"glide__bullet\" data-glide-dir=\"=10\"><\/button><button class=\"glide__bullet\" data-glide-dir=\"=11\"><\/button><button class=\"glide__bullet\" data-glide-dir=\"=12\"><\/button><button class=\"glide__bullet\" data-glide-dir=\"=13\"><\/button><button class=\"glide__bullet\" data-glide-dir=\"=14\"><\/button><button class=\"glide__bullet\" data-glide-dir=\"=15\"><\/button><button class=\"glide__bullet\" data-glide-dir=\"=16\"><\/button><button class=\"glide__bullet\" data-glide-dir=\"=17\"><\/button><button class=\"glide__bullet\" data-glide-dir=\"=18\"><\/button><button class=\"glide__bullet\" data-glide-dir=\"=19\"><\/button><button class=\"glide__bullet\" data-glide-dir=\"=20\"><\/button><button class=\"glide__bullet\" data-glide-dir=\"=21\"><\/button><button class=\"glide__bullet\" data-glide-dir=\"=22\"><\/button><button class=\"glide__bullet\" data-glide-dir=\"=23\"><\/button><button class=\"glide__bullet\" data-glide-dir=\"=24\"><\/button><button class=\"glide__bullet\" data-glide-dir=\"=25\"><\/button><button class=\"glide__bullet\" data-glide-dir=\"=26\"><\/button><button class=\"glide__bullet\" data-glide-dir=\"=27\"><\/button><button class=\"glide__bullet\" data-glide-dir=\"=28\"><\/button><button class=\"glide__bullet\" data-glide-dir=\"=29\"><\/button><button class=\"glide__bullet\" data-glide-dir=\"=30\"><\/button><button class=\"glide__bullet\" data-glide-dir=\"=31\"><\/button><button class=\"glide__bullet\" data-glide-dir=\"=32\"><\/button><button class=\"glide__bullet\" data-glide-dir=\"=33\"><\/button><button class=\"glide__bullet\" data-glide-dir=\"=34\"><\/button><button class=\"glide__bullet\" data-glide-dir=\"=35\"><\/button><button class=\"glide__bullet\" data-glide-dir=\"=36\"><\/button><button class=\"glide__bullet\" data-glide-dir=\"=37\"><\/button><button class=\"glide__bullet\" data-glide-dir=\"=38\"><\/button><\/div><\/div><\/div>\n\n\n\n<p><\/p>\n\n\n\n<p><strong>Venta\nCasa Finestrat \u2013 Benidorm, Alicante<\/strong><\/p>\n\n\n\n<p><strong>Carrer\nParis<\/strong><\/p>\n\n\n\n<p>Venta Casa Finestrat, 4 Piezas, 3 Dormitorios, 159 M\u00b2,\n810.000&nbsp;\u20ac<\/p>\n\n\n\n<ul class=\"wp-block-list\"><li><strong>REF: CG0078<\/strong><\/li><li>810.000&nbsp;\u20ac<\/li><li>Piezas&nbsp;4 piezas<\/li><li>Superficie&nbsp;159 m\u00b2<\/li><li>3 Dormitorios<\/li><li>1 Cocina<\/li><li>3 Cuartos de ba\u00f1o<\/li><li>1 Terreno&nbsp;416 m\u00b2<\/li><li>1 Aparcamiento interior<\/li><li>1 Sol\u00e1rium&nbsp;97 m\u00b2<\/li><li>1 Terraza&nbsp;46 m\u00b2<\/li><li>1 Jard\u00edn&nbsp;446 m\u00b2<\/li><li>Cerca de Piscina p\u00fablica<\/li><li>Prestaciones: Portero\n     autom\u00e1tico<\/li><\/ul>\n\n\n\n<p>Disfrutad\nde un entorno verde, tranquilo en nuestras casas&nbsp; de Coral Village en Finestrat, donde el\ndise\u00f1o minimalista encuentra su esplendor con la naturaleza. Esta casa ofrece\nelegancia y confort para una estancia inolvidable. <br>\nCasa situada en Finestrat a la altura de Benidorm.<br>\nCaracter\u00edsticas: 3 habitaciones, 3 cuartos de ba\u00f1o, Cocina abierta, Comedor,\nSalon abierto, Terraza de 46,85 m\u00b2 , Magnifica piscina privada, en el barrio\nresidencial de Finestrat &#8230;..<br>\nPiscina privada grande&nbsp; 24,50 m2.<br>\nTerreno de&nbsp; 446 m2.<br>\nPuerta de acceso a la casa blindada<\/p>\n\n\n\n<p>Puertas\ninteriores laqueadas en blanco<br>\nMuebles de cocina<br>\nSistema de Osmosis<br>\nMuebles sala de ba\u00f1o<br>\nWC de la marca LAUFEN<br>\nSuelos y baldosas de la marca AZTECA<br>\nArmarios empotrados<\/p>\n\n\n\n<p>Tomas\nde Tv, redes, USB en el salon y las habitaciones.<br>\nJardin et piscina privadaAire acondicionado<br>\nPlaya a&nbsp; 10 minutos<br>\nCentro comercial a 5 minutos<\/p>\n\n\n\n<p>4\nColegios internacionales a 15 min<br>\nCentro comercial La Marine<br>\nHotel&nbsp; 5* : Asia Gardens y&nbsp; Meli\u00e1 Villa Aitana<br>\nReserva natural&nbsp; de Serra Gelada<br>\nEnrique Mendoza Productor<br>\nCampos de golf<br>\n<br>\nNuevo, Garantia de 10 a\u00f1os, Disponible<br>\n<br>\n<\/p>\n\n\n\n<p><strong><em>English Version <\/em><\/strong><\/p>\n\n\n\n<p><strong>Sale House Finestrat \u2013 Benidorm, Alicante<\/strong><\/p>\n\n\n\n<p><strong>Carrer Paris<\/strong><\/p>\n\n\n\n<p>Sale House Finestrat, 4 Rooms,\n3 Bedrooms, 159 M\u00b2, <a>\u20ac810,000<\/a><\/p>\n\n\n\n<ul class=\"wp-block-list\"><li><strong>REF: CG0078<\/strong><\/li><li>\u20ac810,000<\/li><\/ul>\n\n\n\n<ul class=\"wp-block-list\"><li>Rooms&nbsp;4 rooms<\/li><li>Area&nbsp;159 m\u00b2<\/li><li>3 Bedrooms<\/li><li>1 Kitchen<\/li><li>3 Bathrooms<\/li><li>1 Land&nbsp;416 m\u00b2<\/li><li>1 Indoor parking<\/li><li>1 Solarium&nbsp;97 m\u00b2<\/li><li>1 Terrace&nbsp;46 m\u00b2<\/li><li>1 Garden&nbsp;446 m\u00b2<\/li><li>Proximities: Public pool<\/li><li>Services: Intercom<\/li><\/ul>\n\n\n\n<p>Enjoy a green, quiet environment in our Coral Village\nhouses in Finestrat, where minimalist design finds its splendor with nature.\nThis house offers elegance and comfort for an unforgettable stay.<\/p>\n\n\n\n<p>House located in Finestrat near Benidorm.<\/p>\n\n\n\n<p>Features: 3 bedrooms, 3 bathrooms, Open kitchen,\nDining room, Open living room, 46.85 m\u00b2 terrace, Magnificent private pool, in\nthe residential neighborhood of Finestrat&#8230;..<\/p>\n\n\n\n<p>Large private pool 24.50 m2.<\/p>\n\n\n\n<p>446 m2 land.<\/p>\n\n\n\n<p>Access door to the armored house<\/p>\n\n\n\n<p>White lacquered interior doors<\/p>\n\n\n\n<p>Kitchen furniture<\/p>\n\n\n\n<p>Osmosis System<\/p>\n\n\n\n<p>Bathroom furniture<\/p>\n\n\n\n<p>LAUFEN brand toilet<\/p>\n\n\n\n<p>AZTECA brand floors and tiles<\/p>\n\n\n\n<p>Built-in wardrobes<\/p>\n\n\n\n<p>TV sockets, networks, USB in the living room and\nbedrooms.<\/p>\n\n\n\n<p>Garden and private poolAir conditioning<\/p>\n\n\n\n<p>Beach 10 minutes away<\/p>\n\n\n\n<p>Shopping center 5 minutes away<\/p>\n\n\n\n<p>4 international schools 15 min away<\/p>\n\n\n\n<p>La Marine shopping center<\/p>\n\n\n\n<p>5* Hotel: Asia Gardens and Meli\u00e1 Villa Aitana<\/p>\n\n\n\n<p>Serra\nGelada Nature Reserve<\/p>\n\n\n\n<p>Enrique\nMendoza Producer<\/p>\n\n\n\n<p>golf courses<\/p>\n\n\n\n<p>New, 10 year warranty, Available<\/p>\n\n\n\n<p><strong><em>Version Fran\u00e7ais<\/em><\/strong><\/p>\n\n\n\n<p><strong>Vente Maison Finestrat \u2013 Benidorm, Alicante<\/strong><\/p>\n\n\n\n<p><strong>Carrer Paris<\/strong><\/p>\n\n\n\n<p>Vente Maison Finestrat, 4 Pi\u00e8ces, 3 Chambres, 159 M\u00b2,\n810\u202f000&nbsp;\u20ac<\/p>\n\n\n\n<ul class=\"wp-block-list\"><li><strong>REF: CG0078<\/strong><\/li><\/ul>\n\n\n\n<ul class=\"wp-block-list\"><li>810\u202f000&nbsp;\u20ac<\/li><li>Pi\u00e8ces&nbsp;4 pi\u00e8ces<\/li><li>Surface&nbsp;159 m\u00b2<\/li><li>3 Chambres<\/li><li>1 Cuisine&nbsp;Am\u00e9nag\u00e9e\n     Am\u00e9ricaine<\/li><li>3 Salles de bains<\/li><li>1 Terrain&nbsp;416 m\u00b2<\/li><li>1 Parking int\u00e9rieur<\/li><li>1 Solarium&nbsp;97 m\u00b2<\/li><li>1 Terrasse&nbsp;46 m\u00b2<\/li><li>1 Jardin&nbsp;446 m\u00b2<\/li><li>Proximit\u00e9s: Piscine publique<\/li><li>Prestations: Interphone<\/li><\/ul>\n\n\n\n<p>Profitez\nd&#8217;un cadre verdoyant et apaisant dans nos villas du Coral Village \u00e0 Finestrat,\no\u00f9 le design minimaliste met en valeur la splendeur de la nature. Ces villas\nvous offrent \u00e0 la fois \u00e9l\u00e9gance et confort, pour un s\u00e9jour inoubliable.<br>\nVilla situ\u00e9e \u00e0 Finestrat sur les hauteurs de Benidorm<br>\nCaract\u00e9ristiques: 3 chambres, 3 salles de bain, Cuisine ouverte, Salle \u00e0\nmanger, Salon ouvert, Terrasse(s) de 46,85 m\u00b2 , Superbe Piscine priv\u00e9e, dans le\nquartier r\u00e9sidentiel de Finestrat &#8230;..<br>\nGrande piscine priv\u00e9e de 24,50 m2.<br>\nTerrain de 446 m2.<br>\nPorte d&#8217;acc\u00e8s blind\u00e9e \u00e0 la maison<br>\nPortes int\u00e9rieures laqu\u00e9es blanches<br>\nMeubles de cuisine<br>\nSyst\u00e8me d&#8217;osmose<br>\nMeubles de salle de bain<br>\nWC de marque LAUFEN<br>\nSols et carrelages de marque AZTECA<br>\nArmoires encastr\u00e9es avec portes coulissantes et blocs \u00e0 tiroirs\n\nPrises TV, R\u00e9seau, USB et data dans le salon et les\nchambres<br>\nJardin enti\u00e8rement fini et piscine priv\u00e9e Aire de stationnement<br><br>\nPlage \u00e0 10 minutes<br>\nCentre commercial \u00e0 5 \u200b\u200bminutes<br>\nEt tous ces services et loisirs \u00e0 une courte distance en voiture :<br>\n&#8211; 4 \u00e9coles internationales dans les 15 minutes.<br>\n&#8211; le centre commercial La Marina<br>\n&#8211; H\u00f4tels 5* : Asia Gardens et Meli\u00e1 Villa Aitana<br>\n&#8211; R\u00e9serve naturelle de Serra Gelada<br>\n&#8211; Enrique Mendoza Producteur<br>\n&#8211; Cours de golf<br><br>\nNeuf, Garantie 10 ans, Disponible<br><br><\/p>\n","protected":false},"excerpt":{"rendered":"<p>Venta Casa Finestrat \u2013 Benidorm, Alicante Carrer Paris Venta Casa Finestrat, 4 Piezas, 3 Dormitorios, 159 M\u00b2, 810.000&nbsp;\u20ac REF: CG0078 810.000&nbsp;\u20ac Piezas&nbsp;4 piezas Superficie&nbsp;159 m\u00b2 3 Dormitorios 1 Cocina 3 Cuartos de ba\u00f1o 1 Terreno&nbsp;416 m\u00b2 1 Aparcamiento interior 1 Sol\u00e1rium&nbsp;97 m\u00b2 1 Terraza&nbsp;46 m\u00b2 1 Jard\u00edn&nbsp;446 m\u00b2 Cerca de Piscina p\u00fablica Prestaciones: Portero autom\u00e1tico &hellip; <\/p>\n<p class=\"link-more\"><a href=\"https:\/\/coelloglobal.com\/index.php\/casa-finestrat-benidorm-alicante-810-000-e-ref-cg0078\/\" class=\"more-link\">Continue reading<span class=\"screen-reader-text\"> &#8220;Casa Finestrat \u2013 Benidorm, Alicante- 810.000 \u20ac Ref: CG0078&#8221;<\/span><\/a><\/p>\n","protected":false},"author":1,"featured_media":4204,"parent":0,"menu_order":0,"comment_status":"closed","ping_status":"closed","template":"","meta":{"footnotes":""},"class_list":["post-4124","page","type-page","status-publish","has-post-thumbnail","hentry"],"_links":{"self":[{"href":"https:\/\/coelloglobal.com\/index.php\/wp-json\/wp\/v2\/pages\/4124","targetHints":{"allow":["GET"]}}],"collection":[{"href":"https:\/\/coelloglobal.com\/index.php\/wp-json\/wp\/v2\/pages"}],"about":[{"href":"https:\/\/coelloglobal.com\/index.php\/wp-json\/wp\/v2\/types\/page"}],"author":[{"embeddable":true,"href":"https:\/\/coelloglobal.com\/index.php\/wp-json\/wp\/v2\/users\/1"}],"replies":[{"embeddable":true,"href":"https:\/\/coelloglobal.com\/index.php\/wp-json\/wp\/v2\/comments?post=4124"}],"version-history":[{"count":1,"href":"https:\/\/coelloglobal.com\/index.php\/wp-json\/wp\/v2\/pages\/4124\/revisions"}],"predecessor-version":[{"id":4164,"href":"https:\/\/coelloglobal.com\/index.php\/wp-json\/wp\/v2\/pages\/4124\/revisions\/4164"}],"wp:featuredmedia":[{"embeddable":true,"href":"https:\/\/coelloglobal.com\/index.php\/wp-json\/wp\/v2\/media\/4204"}],"wp:attachment":[{"href":"https:\/\/coelloglobal.com\/index.php\/wp-json\/wp\/v2\/media?parent=4124"}],"curies":[{"name":"wp","href":"https:\/\/api.w.org\/{rel}","templated":true}]}}