{"id":4187,"date":"2023-10-22T11:07:17","date_gmt":"2023-10-22T11:07:17","guid":{"rendered":"http:\/\/coelloglobal.com\/?page_id=4187"},"modified":"2023-10-22T11:08:54","modified_gmt":"2023-10-22T11:08:54","slug":"venta-casa-ciudad-quesada-alicante-800-332-e-ref-cg0081","status":"publish","type":"page","link":"https:\/\/coelloglobal.com\/index.php\/venta-casa-ciudad-quesada-alicante-800-332-e-ref-cg0081\/","title":{"rendered":"Venta Casa Ciudad Quesada\u2013 Alicante &#8211; 800.332 \u20ac Ref: CG0081"},"content":{"rendered":"\n<div id=\"wp-block-themeisle-blocks-slider-8bd26c23\" class=\"wp-block-themeisle-blocks-slider glide\" data-per-view=\"1\" data-gap=\"0\" data-peek=\"0\" data-autoplay=\"true\" data-height=\"400px\"><div class=\"glide__track\" data-glide-el=\"track\"><div class=\"glide__slides\"><div class=\"wp-block-themeisle-blocks-slider-item-wrapper glide__slide\" tabindex=\"0\"><figure><img decoding=\"async\" class=\"wp-block-themeisle-blocks-slider-item\" src=\"http:\/\/coelloglobal.com\/wp-content\/uploads\/2023\/10\/FOTO-0-2.jpg\" alt=\"\" title=\"\" data-id=\"4188\"\/><\/figure><\/div><div class=\"wp-block-themeisle-blocks-slider-item-wrapper glide__slide\" tabindex=\"0\"><figure><img decoding=\"async\" class=\"wp-block-themeisle-blocks-slider-item\" src=\"http:\/\/coelloglobal.com\/wp-content\/uploads\/2023\/10\/FOTO-1-41.jpg\" alt=\"\" title=\"\" data-id=\"4189\"\/><\/figure><\/div><div class=\"wp-block-themeisle-blocks-slider-item-wrapper glide__slide\" tabindex=\"0\"><figure><img decoding=\"async\" class=\"wp-block-themeisle-blocks-slider-item\" src=\"http:\/\/coelloglobal.com\/wp-content\/uploads\/2023\/10\/FOTO-2-35.jpg\" alt=\"\" title=\"\" data-id=\"4190\"\/><\/figure><\/div><div class=\"wp-block-themeisle-blocks-slider-item-wrapper glide__slide\" tabindex=\"0\"><figure><img decoding=\"async\" class=\"wp-block-themeisle-blocks-slider-item\" src=\"http:\/\/coelloglobal.com\/wp-content\/uploads\/2023\/10\/FOTO-4-42.jpg\" alt=\"\" title=\"\" data-id=\"4191\"\/><\/figure><\/div><div class=\"wp-block-themeisle-blocks-slider-item-wrapper glide__slide\" tabindex=\"0\"><figure><img decoding=\"async\" class=\"wp-block-themeisle-blocks-slider-item\" src=\"http:\/\/coelloglobal.com\/wp-content\/uploads\/2023\/10\/FOTO-5-40.jpg\" alt=\"\" title=\"\" data-id=\"4192\"\/><\/figure><\/div><div class=\"wp-block-themeisle-blocks-slider-item-wrapper glide__slide\" tabindex=\"0\"><figure><img decoding=\"async\" class=\"wp-block-themeisle-blocks-slider-item\" src=\"http:\/\/coelloglobal.com\/wp-content\/uploads\/2023\/10\/FOTO-6-36.jpg\" alt=\"\" title=\"\" data-id=\"4193\"\/><\/figure><\/div><div class=\"wp-block-themeisle-blocks-slider-item-wrapper glide__slide\" tabindex=\"0\"><figure><img decoding=\"async\" class=\"wp-block-themeisle-blocks-slider-item\" src=\"http:\/\/coelloglobal.com\/wp-content\/uploads\/2023\/10\/FOTO-7-1-2.jpg\" alt=\"\" title=\"\" data-id=\"4194\"\/><\/figure><\/div><div class=\"wp-block-themeisle-blocks-slider-item-wrapper glide__slide\" tabindex=\"0\"><figure><img decoding=\"async\" class=\"wp-block-themeisle-blocks-slider-item\" src=\"http:\/\/coelloglobal.com\/wp-content\/uploads\/2023\/10\/FOTO-8-31.jpg\" alt=\"\" title=\"\" data-id=\"4195\"\/><\/figure><\/div><div class=\"wp-block-themeisle-blocks-slider-item-wrapper glide__slide\" tabindex=\"0\"><figure><img decoding=\"async\" class=\"wp-block-themeisle-blocks-slider-item\" src=\"http:\/\/coelloglobal.com\/wp-content\/uploads\/2023\/10\/FOTO-9-27.jpg\" alt=\"\" title=\"\" data-id=\"4196\"\/><\/figure><\/div><div class=\"wp-block-themeisle-blocks-slider-item-wrapper glide__slide\" tabindex=\"0\"><figure><img decoding=\"async\" class=\"wp-block-themeisle-blocks-slider-item\" src=\"http:\/\/coelloglobal.com\/wp-content\/uploads\/2023\/10\/FOTO-10-25.jpg\" alt=\"\" title=\"\" data-id=\"4197\"\/><\/figure><\/div><div class=\"wp-block-themeisle-blocks-slider-item-wrapper glide__slide\" tabindex=\"0\"><figure><img decoding=\"async\" class=\"wp-block-themeisle-blocks-slider-item\" src=\"http:\/\/coelloglobal.com\/wp-content\/uploads\/2023\/10\/FOTO-11-33.jpg\" alt=\"\" title=\"\" data-id=\"4198\"\/><\/figure><\/div><div class=\"wp-block-themeisle-blocks-slider-item-wrapper glide__slide\" tabindex=\"0\"><figure><img decoding=\"async\" class=\"wp-block-themeisle-blocks-slider-item\" src=\"http:\/\/coelloglobal.com\/wp-content\/uploads\/2023\/10\/FOTO-12-29.jpg\" alt=\"\" title=\"\" data-id=\"4199\"\/><\/figure><\/div><\/div><div class=\"glide__arrows\" data-glide-el=\"controls\"><button class=\"glide__arrow glide__arrow--left\" data-glide-dir=\"<\"><svg xmlns=\"http:\/\/www.w3.org\/2000\/svg\" width=\"18\" height=\"18\" viewbox=\"0 0 100 100\" role=\"img\" aria-hidden=\"true\" focusable=\"false\"><path d=\"M 10,50 L 60,100 L 70,90 L 30,50  L 70,10 L 60,0 Z\"><\/path><\/svg><\/button><button class=\"glide__arrow glide__arrow--right\" data-glide-dir=\"&gt;\"><svg xmlns=\"http:\/\/www.w3.org\/2000\/svg\" width=\"18\" height=\"18\" viewbox=\"0 0 100 100\" role=\"img\" aria-hidden=\"true\" focusable=\"false\"><path d=\"M 10,50 L 60,100 L 70,90 L 30,50  L 70,10 L 60,0 Z\"><\/path><\/svg><\/button><\/div><div class=\"glide__bullets\" data-glide-el=\"controls[nav]\"><button class=\"glide__bullet\" data-glide-dir=\"=0\"><\/button><button class=\"glide__bullet\" data-glide-dir=\"=1\"><\/button><button class=\"glide__bullet\" data-glide-dir=\"=2\"><\/button><button class=\"glide__bullet\" data-glide-dir=\"=3\"><\/button><button class=\"glide__bullet\" data-glide-dir=\"=4\"><\/button><button class=\"glide__bullet\" data-glide-dir=\"=5\"><\/button><button class=\"glide__bullet\" data-glide-dir=\"=6\"><\/button><button class=\"glide__bullet\" data-glide-dir=\"=7\"><\/button><button class=\"glide__bullet\" data-glide-dir=\"=8\"><\/button><button class=\"glide__bullet\" data-glide-dir=\"=9\"><\/button><button class=\"glide__bullet\" data-glide-dir=\"=10\"><\/button><button class=\"glide__bullet\" data-glide-dir=\"=11\"><\/button><\/div><\/div><\/div>\n\n\n\n<p><strong>Venta\nCasa Ciudad Quesada\u2013 Alicante<\/strong><\/p>\n\n\n\n<p><strong>Calle\nTarragona<\/strong><\/p>\n\n\n\n<p>Venta Casa Ciudad Quesada, 4 Piezas, 3 Dormitorios,\n111 M\u00b2, 800.000&nbsp;\u20ac<\/p>\n\n\n\n<ul class=\"wp-block-list\"><li><a><strong>REF:\n     CG0081<\/strong><\/a><\/li><\/ul>\n\n\n\n<ul class=\"wp-block-list\"><li>800.000&nbsp;\u20ac<\/li><li>Piezas&nbsp;4 piezas<\/li><li>Superficie&nbsp;111 m\u00b2<\/li><li>Vista&nbsp;Panor\u00e1mica<\/li><li>3 Dormitorios<\/li><li>1 Cocina<\/li><li>2 Cuartos de ba\u00f1o<\/li><li>1 Terreno&nbsp;621 m\u00b2<\/li><li>2 Aparcamientos interior<\/li><li>1 Sol\u00e1rium&nbsp;111 m\u00b2<\/li><li>2 Terrazas&nbsp;93 m\u00b2<\/li><li>1 Jard\u00edn&nbsp;621 m\u00b2<\/li><li>Cerca de Piscina p\u00fablica<\/li><li>Prestaciones: Portero\n     autom\u00e1tico<\/li><\/ul>\n\n\n\n<p>Regi\u00f3n: Costa Blanca<\/p>\n\n\n\n<p>Magn\u00edfica villa de lujo cerca del mar<\/p>\n\n\n\n<p>Caracter\u00edsticas: 3 dormitorios, 3 ba\u00f1os, Cocina,\nComedor, Terrazas de 93,56 m2, Solarium de 111 m2, Terreno de 621 m2. &#8230;..\netc&#8230;<\/p>\n\n\n\n<p>Muy bonitos acabados.<\/p>\n\n\n\n<p>3 amplios dormitorios con 3 ba\u00f1os<\/p>\n\n\n\n<p>Magn\u00edfica piscina privada de 8m x 4m (32 m2)<\/p>\n\n\n\n<p>Amplio Solarium de 111 m\u00b2 con vista panor\u00e1mica.<\/p>\n\n\n\n<p>Puedes aparcar el coche en el jard\u00edn.<\/p>\n\n\n\n<p>Calefacci\u00f3n por suelo radiante en los ba\u00f1os.<\/p>\n\n\n\n<p>Entorno dotado de todos los servicios: centro de\nsalud, farmacia, supermercados, restaurantes, tiendas, Hotel&#8230;etc.<\/p>\n\n\n\n<p>Las Playas de Guardamar est\u00e1n a 8 km <\/p>\n\n\n\n<p>Zona de ocio a 5 minutos <\/p>\n\n\n\n<p>Varios supermercados a 3 km <\/p>\n\n\n\n<p>Campo de golf a 5 km <\/p>\n\n\n\n<p>Varios restaurantes a 2 km<\/p>\n\n\n\n<p>Aeropuerto de Alicante est\u00e1 a 40 minutos <\/p>\n\n\n\n<p>Cl\u00ednica a 5 minutos<\/p>\n\n\n\n<p>Es una casa amplia, tiene 3 dormitorios y 3 ba\u00f1os y un\ngran sal\u00f3n.<\/p>\n\n\n\n<p>Dise\u00f1o de vivienda especial ya que se quiso mezclar el\nestilo moderno con el estilo mediterr\u00e1neo t\u00edpico de nuestra regi\u00f3n y esto es lo\nque la caracteriza.<\/p>\n\n\n\n<p>Esta villa cuenta con todo tipo de servicios, adem\u00e1s\nde su cercan\u00eda a la playa, a tan s\u00f3lo 8 km y su f\u00e1cil transporte a aeropuertos,\nprincipales ciudades, etc.<\/p>\n\n\n\n<p>10 a\u00f1os de garant\u00eda. Disponible en diciembre de 2023<\/p>\n\n\n\n<p><strong><em>English\nVersion <\/em><\/strong><\/p>\n\n\n\n<p><strong>Sale\nHouse Ciudad Quesada \u2013 Alicante<\/strong><\/p>\n\n\n\n<p><strong>Calle\nTarragona<\/strong><\/p>\n\n\n\n<p>Sale House Ciudad Quesada, 4 Rooms, 3 Bedrooms, 111\nM\u00b2, \u20ac800,000<\/p>\n\n\n\n<ul class=\"wp-block-list\"><li><strong>REF: CG0081<\/strong><\/li><\/ul>\n\n\n\n<ul class=\"wp-block-list\"><li>\u20ac800,000<\/li><li>Rooms&nbsp;4 rooms<\/li><li>Area&nbsp;111 m\u00b2<\/li><li>View&nbsp;Panoramic<\/li><li>3 Bedrooms<\/li><li>1 Kitchen<\/li><li>2 Bathrooms<\/li><li>1 Land&nbsp;621 m\u00b2<\/li><li>2 Indoor parkings<\/li><li>1 Solarium&nbsp;111 m\u00b2<\/li><li>2 Terraces&nbsp;93 m\u00b2<\/li><li>1 Garden&nbsp;621 m\u00b2<\/li><li>Proximities: Public pool<\/li><li>Services: Intercom<\/li><\/ul>\n\n\n\n<p>Region: Costa Blanca<\/p>\n\n\n\n<p>Superb Luxurious Villa&nbsp; close to the\nSea<\/p>\n\n\n\n<p>Characteristics: 3 bedrooms, 3\nbathrooms, Kitchen, Dining room, Terraces of 93.56 m2, Solarium of 111 m2, Land\nof 621 m2. &#8230;.. etc&#8230;<\/p>\n\n\n\n<p>Very nice finishes.<\/p>\n\n\n\n<p>3 large bedrooms with 3 bathrooms<\/p>\n\n\n\n<p>Superb private swimming pool of 8m x 4m (32 m2)<\/p>\n\n\n\n<p>Large Solarium of 111 m\u00b2 with panoramic view.<\/p>\n\n\n\n<p>You can park the car in the garden.<\/p>\n\n\n\n<p>Underfloor heating in the bathrooms.<\/p>\n\n\n\n<p>Environment and services\nEquipped with all services: health center, pharmacy, supermarkets, restaurants,\nshops, Hotel&#8230; etc.<\/p>\n\n\n\n<p>The Beaches of Guardamar are 8\nkm away <\/p>\n\n\n\n<p>Leisure area 5 minutes away <\/p>\n\n\n\n<p>Several supermarkets within 3\nkm <\/p>\n\n\n\n<p>Golf course 5 km away <\/p>\n\n\n\n<p>Several restaurants within 2\nkm<\/p>\n\n\n\n<p>Alicante Airport is 40 minutes\n<\/p>\n\n\n\n<p>Clinic 5 minutes<\/p>\n\n\n\n<p>It is a spacious house, it has 3 bedrooms and 3\nbathrooms and a large living room.<\/p>\n\n\n\n<p>Special housing design since he wanted to mix modern\nstyle with the typical Mediterranean style of our region and this is what\ncharacterizes it.<\/p>\n\n\n\n<p>This villa has all kinds of services, in addition to\nits proximity to the beach, just 8 km away and its easy transportation to\nairports, major cities, etc.<\/p>\n\n\n\n<p>10 year warranty, Available in\nDecember 2023<\/p>\n\n\n\n<p><strong><em>Version Fran\u00e7ais<\/em><\/strong><\/p>\n\n\n\n<p><strong>Vente\nMaison Ciudad Quesada \u2013 Alicante<\/strong><\/p>\n\n\n\n<p><strong>Calle\nTarragona<\/strong><\/p>\n\n\n\n<p>Vente Maison Ciudad Quesada, 4 Pi\u00e8ces, 3 Chambres, 111\nM\u00b2, 800.000&nbsp;\u20ac<\/p>\n\n\n\n<ul class=\"wp-block-list\"><li><strong>REF: CG0081<\/strong><\/li><\/ul>\n\n\n\n<ul class=\"wp-block-list\"><li>800.000&nbsp;\u20ac<\/li><li>Pi\u00e8ces&nbsp;4 pi\u00e8ces<\/li><li>Surface&nbsp;111 m\u00b2<\/li><li>Vue&nbsp;Panoramique<\/li><li>3 Chambres<\/li><li>1 Cuisine&nbsp;Am\u00e9nag\u00e9e\n     Am\u00e9ricaine<\/li><li>2 Salles de bains<\/li><li>1 Terrain&nbsp;621 m\u00b2<\/li><li>2 Parkings int\u00e9rieurs<\/li><li>1 Solarium&nbsp;111 m\u00b2<\/li><li>2 Terrasses&nbsp;93 m\u00b2<\/li><li>1 Jardin&nbsp;621 m\u00b2<\/li><li>Proximit\u00e9s: Piscine publique<\/li><li>Prestations: Interphone<\/li><\/ul>\n\n\n\n<p>R\u00e9gion: Costa Blanca<br>\nSuperbe Villa Luxueuse proche de la Mer<br>\nCaract\u00e9ristiques : 3 chambres, 3 salles de bain, Cuisine, Salle \u00e0 manger,\nTerrasses de 93,56 m2, Solarium de 111 m2, Terrain de 621 m2 . &#8230;.. etc&#8230;<br>\n<br>\nTr\u00e8s belles finitions.<\/p>\n\n\n\n<p>3 grandes chambres avec 3 salles de bains<br>\nSuperbe Piscine priv\u00e9e de 8m x 4m (32 m2)<br>\nGrand Solarium de 111 m\u00b2 avec vue panoramique.<br>\nVous\npouvez garer la voiture dans le jardin.<br>\nChauffage au sol dans les salles de bain.<br>\n<br>\nEnvironnement et services Dot\u00e9e de tous les services:\ncentre de sant\u00e9, pharmacie, supermarch\u00e9s, restaurants, magasins, H\u00f4tel &#8230;.\netc..<br>\nLes\nPlages de Guardamar sont \u00e0 8 km <\/p>\n\n\n\n<p>Zone de Loisirs \u00e0 5 minutes <\/p>\n\n\n\n<p>Plusieurs Supermarch\u00e9s \u00e0 moins\nde 3 km <\/p>\n\n\n\n<p>Terrain de Golf \u00e0 5 km \n\nPlusieurs Restaurants \u00e0 moins de 2 km<br>\nA\u00e9roport d\u2019Alicante est \u00e0 40 minutes Clinique \u00e0 5 minutes<br><br>\nC\u2019est une maison spacieuse, elle comprend 3 chambres et 3 salles de bains et un\ngrand salon.<br>\nDesign de logement sp\u00e9cial puisqu\u2019il a voulu m\u00e9langer le style moderne avec le\nstyle typiquement m\u00e9diterran\u00e9en de notre r\u00e9gion et c\u2019est ce qui le caract\u00e9rise.<br><br>\nCette villa dispose de toutes sortes de services, en plus sa proximit\u00e9 de la\nplage, \u00e0 seulement 8 km et son transport facile vers les a\u00e9roports, les grandes\nvilles, etc.<br><br>\nGarantie 10 ans. Disponible&nbsp; en D\u00e9cembre 2023<br><br><\/p>\n","protected":false},"excerpt":{"rendered":"<p>Venta Casa Ciudad Quesada\u2013 Alicante Calle Tarragona Venta Casa Ciudad Quesada, 4 Piezas, 3 Dormitorios, 111 M\u00b2, 800.000&nbsp;\u20ac REF: CG0081 800.000&nbsp;\u20ac Piezas&nbsp;4 piezas Superficie&nbsp;111 m\u00b2 Vista&nbsp;Panor\u00e1mica 3 Dormitorios 1 Cocina 2 Cuartos de ba\u00f1o 1 Terreno&nbsp;621 m\u00b2 2 Aparcamientos interior 1 Sol\u00e1rium&nbsp;111 m\u00b2 2 Terrazas&nbsp;93 m\u00b2 1 Jard\u00edn&nbsp;621 m\u00b2 Cerca de Piscina p\u00fablica Prestaciones: Portero &hellip; <\/p>\n<p class=\"link-more\"><a href=\"https:\/\/coelloglobal.com\/index.php\/venta-casa-ciudad-quesada-alicante-800-332-e-ref-cg0081\/\" class=\"more-link\">Continue reading<span class=\"screen-reader-text\"> &#8220;Venta Casa Ciudad Quesada\u2013 Alicante &#8211; 800.332 \u20ac Ref: CG0081&#8221;<\/span><\/a><\/p>\n","protected":false},"author":1,"featured_media":4201,"parent":0,"menu_order":0,"comment_status":"closed","ping_status":"closed","template":"","meta":{"footnotes":""},"class_list":["post-4187","page","type-page","status-publish","has-post-thumbnail","hentry"],"_links":{"self":[{"href":"https:\/\/coelloglobal.com\/index.php\/wp-json\/wp\/v2\/pages\/4187","targetHints":{"allow":["GET"]}}],"collection":[{"href":"https:\/\/coelloglobal.com\/index.php\/wp-json\/wp\/v2\/pages"}],"about":[{"href":"https:\/\/coelloglobal.com\/index.php\/wp-json\/wp\/v2\/types\/page"}],"author":[{"embeddable":true,"href":"https:\/\/coelloglobal.com\/index.php\/wp-json\/wp\/v2\/users\/1"}],"replies":[{"embeddable":true,"href":"https:\/\/coelloglobal.com\/index.php\/wp-json\/wp\/v2\/comments?post=4187"}],"version-history":[{"count":1,"href":"https:\/\/coelloglobal.com\/index.php\/wp-json\/wp\/v2\/pages\/4187\/revisions"}],"predecessor-version":[{"id":4200,"href":"https:\/\/coelloglobal.com\/index.php\/wp-json\/wp\/v2\/pages\/4187\/revisions\/4200"}],"wp:featuredmedia":[{"embeddable":true,"href":"https:\/\/coelloglobal.com\/index.php\/wp-json\/wp\/v2\/media\/4201"}],"wp:attachment":[{"href":"https:\/\/coelloglobal.com\/index.php\/wp-json\/wp\/v2\/media?parent=4187"}],"curies":[{"name":"wp","href":"https:\/\/api.w.org\/{rel}","templated":true}]}}