{"id":4207,"date":"2023-10-22T11:14:25","date_gmt":"2023-10-22T11:14:25","guid":{"rendered":"http:\/\/coelloglobal.com\/?page_id=4207"},"modified":"2023-10-22T11:14:57","modified_gmt":"2023-10-22T11:14:57","slug":"venta-casa-ciudad-quesada-alicante-787-042-e-ref-cg0082","status":"publish","type":"page","link":"https:\/\/coelloglobal.com\/index.php\/venta-casa-ciudad-quesada-alicante-787-042-e-ref-cg0082\/","title":{"rendered":"Venta Casa Ciudad Quesada\u2013 Alicante- 787.042  \u20ac Ref: CG0082"},"content":{"rendered":"\n<div id=\"wp-block-themeisle-blocks-slider-8116d152\" class=\"wp-block-themeisle-blocks-slider glide\" data-per-view=\"1\" data-gap=\"0\" data-peek=\"0\" data-autoplay=\"true\" data-height=\"400px\"><div class=\"glide__track\" data-glide-el=\"track\"><div class=\"glide__slides\"><div class=\"wp-block-themeisle-blocks-slider-item-wrapper glide__slide\" tabindex=\"0\"><figure><img decoding=\"async\" class=\"wp-block-themeisle-blocks-slider-item\" src=\"http:\/\/coelloglobal.com\/wp-content\/uploads\/2023\/10\/FOTO-1-42.jpg\" alt=\"\" title=\"\" data-id=\"4208\"\/><\/figure><\/div><\/div><div class=\"glide__arrows\" data-glide-el=\"controls\"><button class=\"glide__arrow glide__arrow--left\" data-glide-dir=\"<\"><svg xmlns=\"http:\/\/www.w3.org\/2000\/svg\" width=\"18\" height=\"18\" viewbox=\"0 0 100 100\" role=\"img\" aria-hidden=\"true\" focusable=\"false\"><path d=\"M 10,50 L 60,100 L 70,90 L 30,50  L 70,10 L 60,0 Z\"><\/path><\/svg><\/button><button class=\"glide__arrow glide__arrow--right\" data-glide-dir=\"&gt;\"><svg xmlns=\"http:\/\/www.w3.org\/2000\/svg\" width=\"18\" height=\"18\" viewbox=\"0 0 100 100\" role=\"img\" aria-hidden=\"true\" focusable=\"false\"><path d=\"M 10,50 L 60,100 L 70,90 L 30,50  L 70,10 L 60,0 Z\"><\/path><\/svg><\/button><\/div><div class=\"glide__bullets\" data-glide-el=\"controls[nav]\"><button class=\"glide__bullet\" data-glide-dir=\"=0\"><\/button><\/div><\/div><\/div>\n\n\n\n<p><strong>Venta\nCasa Ciudad Quesada\u2013 Alicante<\/strong><\/p>\n\n\n\n<p><strong>Calle\nMallorca<\/strong><\/p>\n\n\n\n<p>Venta Casa Ciudad Quesada, 4 Piezas, 3 Dormitorios,\n129 M\u00b2, 787.042&nbsp;\u20ac<\/p>\n\n\n\n<ul class=\"wp-block-list\"><li><a><strong>REF:\n     CG0082<\/strong><\/a><\/li><\/ul>\n\n\n\n<ul class=\"wp-block-list\"><li>787.042&nbsp;\u20ac<\/li><li>Piezas&nbsp;4 piezas<\/li><li>Superficie&nbsp;129 m\u00b2<\/li><li>Vista&nbsp;Panor\u00e1mica<\/li><li>3 Dormitorios<\/li><li>1 Cocina<\/li><li>2 Cuartos de ba\u00f1o<\/li><li>1 Terreno&nbsp;720 m\u00b2<\/li><li>2 Aparcamientos interior<\/li><li>1 Sol\u00e1rium&nbsp;90 m\u00b2<\/li><li>2 Terrazas&nbsp;27 m\u00b2<\/li><li>1 Jard\u00edn&nbsp;720 m\u00b2<\/li><li>Cerca de Piscina p\u00fablica<\/li><li>Prestaciones: Portero\n     autom\u00e1tico<\/li><\/ul>\n\n\n\n<p>Regi\u00f3n: Costa Blanca<\/p>\n\n\n\n<p>Magn\u00edfica villa de\nlujo cerca del mar<\/p>\n\n\n\n<p>Caracter\u00edsticas:\n3 dormitorios, 2 ba\u00f1os, Cocina, Comedor, Terrazas de 27,80 m\u00b2, Solarium de <\/p>\n\n\n\n<p>90\nm\u00b2 con vista al mar, Terreno de 720 m\u00b2. &#8230;.. etc&#8230;<\/p>\n\n\n\n<p>Muy\nbonitos acabados.<\/p>\n\n\n\n<p>3\namplios dormitorios con 2 ba\u00f1os<\/p>\n\n\n\n<p>Magn\u00edfica\npiscina privada de 6,5m x 3m<\/p>\n\n\n\n<p>Amplio\nSolarium de 90 m\u00b2 con vista panor\u00e1mica.<\/p>\n\n\n\n<p>Puedes\naparcar el coche en el jard\u00edn.<\/p>\n\n\n\n<p>Calefacci\u00f3n\npor suelo radiante en los ba\u00f1os.<\/p>\n\n\n\n<p>Entorno\ny servicios Dotado de todos los servicios: centro de salud, farmacia,\nsupermercados, restaurantes, tiendas, Hotel&#8230;.etc.<\/p>\n\n\n\n<p>Las\nplayas de Guardamar est\u00e1n a 4 km.<\/p>\n\n\n\n<p>Zona\nde ocio a 5 minutos<\/p>\n\n\n\n<p>Varios\nsupermercados a 3 km.<\/p>\n\n\n\n<p>Campo\nde golf a 5 km <\/p>\n\n\n\n<p>Varios\nRestaurantes a 2 km<\/p>\n\n\n\n<p>Aeropuerto\nde Alicante a 35 minutos Cl\u00ednica a 5 minutos<\/p>\n\n\n\n<p>Las\nvillas nuevas, con una gran parcela y un jard\u00edn privado que incluye piscina y\nzona de aparcamiento. Estas villas son ideales si buscas comodidad y calidad de\nvida, ya que todas las habitaciones est\u00e1n en una sola planta. 3 dormitorios, 2\nba\u00f1os, sal\u00f3n-comedor con cocina abierta, y en la zona exterior, adem\u00e1s del\njard\u00edn, podr\u00e1s disfrutar de un amplio sol\u00e1rium privado con p\u00e9rgola que le\naporta ese c\u00e1lido toque mediterr\u00e1neo.<\/p>\n\n\n\n<p>Materiales\ny acabados de excelente calidad. Puerta blindada y ventanas Climalit, entre\notros, son los detalles que hacen de este chalet un \u201cchalet espectacular\u201d.\nSituado en Ciudad Quesada, rodeado de tranquilas zonas residenciales y amplias\navenidas y cerca de todos los servicios necesarios: supermercados,\nrestaurantes, centro de salud, farmacias, campo de golf, parques para perros, y\nzonas naturales como las Lagunas de Torrevieja&#8230; Y justo A 10 minutos podr\u00e1s\ndisfrutar de las mejores playas de Guardamar y Torrevieja. Ciudades como\nAlicante y su aeropuerto se encuentran a unos 35 minutos en coche.<\/p>\n\n\n\n<p>Esta\nvilla cuenta con todo tipo de servicios, adem\u00e1s de su cercan\u00eda a la playa, a\ntan solo 4 km y su f\u00e1cil transporte a aeropuertos, principales ciudades, etc.<\/p>\n\n\n\n<p>Nuevo,\n10 a\u00f1os de garant\u00eda. Disponible en enero de 2023<\/p>\n\n\n\n<p><strong><em>English\nVersion <\/em><\/strong><\/p>\n\n\n\n<p><strong>Sale\nHouse Ciudad Quesada \u2013 Alicante<\/strong><\/p>\n\n\n\n<p><strong>Calle\nMallorca<\/strong><\/p>\n\n\n\n<p>Sale House Ciudad Quesada, 4\nRooms, 3 Bedrooms, 129 M\u00b2, \u20ac787,042<\/p>\n\n\n\n<ul class=\"wp-block-list\"><li><strong>REF: CG0082<\/strong><\/li><\/ul>\n\n\n\n<ul class=\"wp-block-list\"><li>Rooms&nbsp;4 rooms<\/li><li>Area&nbsp;129 m\u00b2<\/li><li>View&nbsp;Panoramic<\/li><li>3 Bedrooms<\/li><li>1 Kitchen<\/li><li>2 Bathrooms<\/li><li>1 Land&nbsp;720 m\u00b2<\/li><li>2 Indoor parkings<\/li><li>1 Solarium&nbsp;90 m\u00b2<\/li><li>2 Terraces&nbsp;27 m\u00b2<\/li><li>1 Garden&nbsp;720 m\u00b2<\/li><li>Proximities: Public pool<\/li><li>Services: Intercom<\/li><\/ul>\n\n\n\n<p>Region:\nCosta Blanca<\/p>\n\n\n\n<p>Superb\nLuxurious Villa close to the Sea<\/p>\n\n\n\n<p>Characteristics: 3 bedrooms, 2\nbathrooms, Kitchen, Dining room, Terraces of 27.80 m\u00b2, Solarium of 90 m\u00b2 with\nsea view, Land of 720 m\u00b2. &#8230;.. etc&#8230;<\/p>\n\n\n\n<p>Very\nnice finishes.<\/p>\n\n\n\n<p>3\nlarge bedrooms with 2 bathrooms<\/p>\n\n\n\n<p>Superb\nprivate swimming pool of 6.5m x 3m<\/p>\n\n\n\n<p>Large\n90 m\u00b2 Solarium with panoramic view.<\/p>\n\n\n\n<p>You\ncan park the car in the garden.<\/p>\n\n\n\n<p>Underfloor\nheating in the bathrooms.<\/p>\n\n\n\n<p>Environment\nand services Equipped with all services: health center, pharmacy, supermarkets,\nrestaurants, shops, Hotel&#8230;. etc.<\/p>\n\n\n\n<p>The\nbeaches of Guardamar are 4 km away<\/p>\n\n\n\n<p>Leisure\narea 5 minutes away<\/p>\n\n\n\n<p>Several\nsupermarkets within 3 km<\/p>\n\n\n\n<p>Golf\ncourse 5 km away Several<\/p>\n\n\n\n<p>Restaurants\nwithin 2 km<\/p>\n\n\n\n<p>Alicante\nAirport is 35 minutes away Clinic 5 minutes away<\/p>\n\n\n\n<p>The\nnew villas, with a large plot and a private garden which includes a swimming\npool and a parking area. These villas are ideal if you are looking for comfort\nand quality of life, as all the rooms are on one floor. 3 bedrooms, 2\nbathrooms, living-dining room with open kitchen, and in the outdoor area, apart\nfrom the garden, you can enjoy a spacious private solarium with a pergola\nbringing that warm Mediterranean touch.<\/p>\n\n\n\n<p>Excellent\nquality materials and finishes. Armored door and Climalit windows, among\nothers, are the details that make this villa a \u201cspectacular villa\u201d. Located in\nCiudad Quesada, surrounded by quiet residential areas and wide avenues and\nclose to all the necessary services: supermarkets, restaurants, health center,\npharmacies, golf course, dog parks, and natural areas such as the Lagunas de\nTorrevieja&#8230; And just 10 minutes away you can enjoy the best beaches of\nGuardamar and Torrevieja. Cities such as Alicante and its airport can be\nreached in around 35 minutes by car.<\/p>\n\n\n\n<p>This\nvilla has all kinds of services, in addition to its proximity to the beach,\njust 4 km away and its easy transportation to airports, major cities, etc.<\/p>\n\n\n\n<p>&nbsp;10 year warranty. Available in January 2023<\/p>\n\n\n\n<p><strong><em>Version Fran\u00e7ais<\/em><\/strong><\/p>\n\n\n\n<p><strong>Vente\nMaison Ciudad Quesada \u2013 Alicante<\/strong><\/p>\n\n\n\n<p><strong>Calle\nMallorca<\/strong><\/p>\n\n\n\n<p>Vente\nMaison Ciudad Quesada, 4 Pi\u00e8ces, 3 Chambres, 129 M\u00b2, 787\u202f042&nbsp;\u20ac<\/p>\n\n\n\n<ul class=\"wp-block-list\"><li><strong>REF: CG0082<\/strong><\/li><\/ul>\n\n\n\n<ul class=\"wp-block-list\"><li>787\u202f042&nbsp;\u20ac<\/li><li>Pi\u00e8ces&nbsp;4 pi\u00e8ces<\/li><li>Surface&nbsp;129 m\u00b2<\/li><li>Vue&nbsp;Panoramique<\/li><li>3 Chambres<\/li><li>1 Cuisine&nbsp;Am\u00e9nag\u00e9e\n     Am\u00e9ricaine<\/li><li>2 Salles de bains<\/li><li>1 Terrain&nbsp;720 m\u00b2<\/li><li>2 Parkings int\u00e9rieurs<\/li><li>1 Solarium&nbsp;90 m\u00b2<\/li><li>2 Terrasses&nbsp;27 m\u00b2<\/li><li>1 Jardin&nbsp;720 m\u00b2<\/li><li>Proximit\u00e9s: Piscine publique<\/li><li>Prestations: Interphone<\/li><\/ul>\n\n\n\n<p>R\u00e9gion:\nCosta Blanca<br>\nSuperbe Villa Luxueuse&nbsp; proche de la Mer<br>\nCaract\u00e9ristiques: 3 chambres, 2 salles de bain, Cuisine, Salle \u00e0 manger, Terrasses\nde 27,80 m\u00b2, Solarium de 90 m\u00b2 avec vue sur la Mer, Terrain de 720 m\u00b2 . &#8230;..\netc&#8230;<br>\n<br>\nTr\u00e8s belles finitions.<br>\n3 grandes chambres avec 2 salles de bains<br>\nSuperbe Piscine priv\u00e9e de 6,5m x 3m<br>\nGrand Solarium de 90 m\u00b2 avec vue panoramique.<br>\nVous pouvez garer la voiture dans le jardin.<br>\nChauffage au sol dans les salles de bain.<br>\n<br>\nEnvironnement et services Dot\u00e9e de tous les services: centre de sant\u00e9,\npharmacie, supermarch\u00e9s, restaurants, magasins, H\u00f4tel &#8230;. etc..<br>\nLes Plages de Guardamar sont \u00e0 4 km <\/p>\n\n\n\n<p>Zone\nde Loisirs \u00e0 5 minutes <\/p>\n\n\n\n<p>Plusieurs\nSupermarch\u00e9s \u00e0 moins de 3 km <\/p>\n\n\n\n<p>Terrain\nde Golf \u00e0 5 km Plusieurs <\/p>\n\n\n\n<p>Restaurants \u00e0 moins\nde 2 km<br>\nA\u00e9roport d\u2019Alicante est \u00e0 35 minutes , Clinique \u00e0 5 minutes<br>\n<br>\nLes nouvelles villas, avec un grand terrain et un jardin priv\u00e9 qui comprend une\npiscine et une aire de stationnement. Ces villas sont id\u00e9ales si vous\nrecherchez le confort et la qualit\u00e9 de vie, car toutes les pi\u00e8ces sont sur un\nseul \u00e9tage. 3 chambres \u00e0 coucher, 2 salles de bains, salon-salle \u00e0 manger avec\ncuisine ouverte, et dans la zone ext\u00e9rieure, en dehors du jardin, vous pouvez\nprofiter d\u2019un spacieux solarium priv\u00e9 avec une pergola apportant cette touche\nm\u00e9diterran\u00e9enne chaleureuse.<br>\n<br>\nMat\u00e9riaux et finitions d\u2019excellente qualit\u00e9. Porte blind\u00e9e et fen\u00eatres\nClimalit, entre autres, sont les d\u00e9tails qui font de cette villa une\n\u00ab&nbsp;villa spectaculaire&nbsp;\u00bb. Situ\u00e9e \u00e0 Ciudad Quesada, entour\u00e9e de zones\nr\u00e9sidentielles tranquilles et de larges avenues et \u00e0 proximit\u00e9 de tous les\nservices n\u00e9cessaires : supermarch\u00e9s, restaurants, centre de sant\u00e9, pharmacies,\nterrain de golf, parcs pour chiens, et des zones naturelles telles que les\nLagunas de Torrevieja&#8230; Et \u00e0 seulement 10 minutes, vous pouvez profiter des\nmeilleures plages de Guardamar et Torrevieja. Des villes telles qu\u2019Alicante et\nson a\u00e9roport sont accessibles en 35 minutes environ en voiture.<br>\n<br>\nCette villa dispose de toutes sortes de services, en plus sa proximit\u00e9 de la\nplage, \u00e0 seulement 4 km et son transport facile vers les a\u00e9roports, les grandes\nvilles, etc.<br>\n<br>\n&nbsp;Neuf, Garantie 10 ans. Disponible en Janvier 2023<\/p>\n","protected":false},"excerpt":{"rendered":"<p>Venta Casa Ciudad Quesada\u2013 Alicante Calle Mallorca Venta Casa Ciudad Quesada, 4 Piezas, 3 Dormitorios, 129 M\u00b2, 787.042&nbsp;\u20ac REF: CG0082 787.042&nbsp;\u20ac Piezas&nbsp;4 piezas Superficie&nbsp;129 m\u00b2 Vista&nbsp;Panor\u00e1mica 3 Dormitorios 1 Cocina 2 Cuartos de ba\u00f1o 1 Terreno&nbsp;720 m\u00b2 2 Aparcamientos interior 1 Sol\u00e1rium&nbsp;90 m\u00b2 2 Terrazas&nbsp;27 m\u00b2 1 Jard\u00edn&nbsp;720 m\u00b2 Cerca de Piscina p\u00fablica Prestaciones: Portero &hellip; <\/p>\n<p class=\"link-more\"><a href=\"https:\/\/coelloglobal.com\/index.php\/venta-casa-ciudad-quesada-alicante-787-042-e-ref-cg0082\/\" class=\"more-link\">Continue reading<span class=\"screen-reader-text\"> &#8220;Venta Casa Ciudad Quesada\u2013 Alicante- 787.042  \u20ac Ref: CG0082&#8221;<\/span><\/a><\/p>\n","protected":false},"author":1,"featured_media":4208,"parent":0,"menu_order":0,"comment_status":"closed","ping_status":"closed","template":"","meta":{"footnotes":""},"class_list":["post-4207","page","type-page","status-publish","has-post-thumbnail","hentry"],"_links":{"self":[{"href":"https:\/\/coelloglobal.com\/index.php\/wp-json\/wp\/v2\/pages\/4207","targetHints":{"allow":["GET"]}}],"collection":[{"href":"https:\/\/coelloglobal.com\/index.php\/wp-json\/wp\/v2\/pages"}],"about":[{"href":"https:\/\/coelloglobal.com\/index.php\/wp-json\/wp\/v2\/types\/page"}],"author":[{"embeddable":true,"href":"https:\/\/coelloglobal.com\/index.php\/wp-json\/wp\/v2\/users\/1"}],"replies":[{"embeddable":true,"href":"https:\/\/coelloglobal.com\/index.php\/wp-json\/wp\/v2\/comments?post=4207"}],"version-history":[{"count":1,"href":"https:\/\/coelloglobal.com\/index.php\/wp-json\/wp\/v2\/pages\/4207\/revisions"}],"predecessor-version":[{"id":4209,"href":"https:\/\/coelloglobal.com\/index.php\/wp-json\/wp\/v2\/pages\/4207\/revisions\/4209"}],"wp:featuredmedia":[{"embeddable":true,"href":"https:\/\/coelloglobal.com\/index.php\/wp-json\/wp\/v2\/media\/4208"}],"wp:attachment":[{"href":"https:\/\/coelloglobal.com\/index.php\/wp-json\/wp\/v2\/media?parent=4207"}],"curies":[{"name":"wp","href":"https:\/\/api.w.org\/{rel}","templated":true}]}}