{"id":4215,"date":"2023-10-22T11:21:15","date_gmt":"2023-10-22T11:21:15","guid":{"rendered":"http:\/\/coelloglobal.com\/?page_id=4215"},"modified":"2023-10-22T15:37:10","modified_gmt":"2023-10-22T15:37:10","slug":"piso-calpe-alicante-780-000-e-ref-cg0083","status":"publish","type":"page","link":"https:\/\/coelloglobal.com\/index.php\/piso-calpe-alicante-780-000-e-ref-cg0083\/","title":{"rendered":"Piso, Calpe\u2013 Alicante- 780.000 \u20ac Ref: CG0083"},"content":{"rendered":"\n<div id=\"wp-block-themeisle-blocks-slider-ab9321c4\" class=\"wp-block-themeisle-blocks-slider glide\" data-per-view=\"1\" data-gap=\"0\" data-peek=\"0\" data-autoplay=\"true\" data-height=\"400px\"><div class=\"glide__track\" data-glide-el=\"track\"><div class=\"glide__slides\"><div class=\"wp-block-themeisle-blocks-slider-item-wrapper glide__slide\" tabindex=\"0\"><figure><img decoding=\"async\" class=\"wp-block-themeisle-blocks-slider-item\" src=\"http:\/\/coelloglobal.com\/wp-content\/uploads\/2023\/10\/FOTO-0-4.jpg\" alt=\"\" title=\"\" data-id=\"4216\"\/><\/figure><\/div><div class=\"wp-block-themeisle-blocks-slider-item-wrapper glide__slide\" tabindex=\"0\"><figure><img decoding=\"async\" class=\"wp-block-themeisle-blocks-slider-item\" src=\"http:\/\/coelloglobal.com\/wp-content\/uploads\/2023\/10\/FOTO-1-44.jpg\" alt=\"\" title=\"\" data-id=\"4217\"\/><\/figure><\/div><div class=\"wp-block-themeisle-blocks-slider-item-wrapper glide__slide\" tabindex=\"0\"><figure><img decoding=\"async\" class=\"wp-block-themeisle-blocks-slider-item\" src=\"http:\/\/coelloglobal.com\/wp-content\/uploads\/2023\/10\/FOTO-2-36.jpg\" alt=\"\" title=\"\" data-id=\"4218\"\/><\/figure><\/div><\/div><div class=\"glide__arrows\" data-glide-el=\"controls\"><button class=\"glide__arrow glide__arrow--left\" data-glide-dir=\"<\"><svg xmlns=\"http:\/\/www.w3.org\/2000\/svg\" width=\"18\" height=\"18\" viewbox=\"0 0 100 100\" role=\"img\" aria-hidden=\"true\" focusable=\"false\"><path d=\"M 10,50 L 60,100 L 70,90 L 30,50  L 70,10 L 60,0 Z\"><\/path><\/svg><\/button><button class=\"glide__arrow glide__arrow--right\" data-glide-dir=\"&gt;\"><svg xmlns=\"http:\/\/www.w3.org\/2000\/svg\" width=\"18\" height=\"18\" viewbox=\"0 0 100 100\" role=\"img\" aria-hidden=\"true\" focusable=\"false\"><path d=\"M 10,50 L 60,100 L 70,90 L 30,50  L 70,10 L 60,0 Z\"><\/path><\/svg><\/button><\/div><div class=\"glide__bullets\" data-glide-el=\"controls[nav]\"><button class=\"glide__bullet\" data-glide-dir=\"=0\"><\/button><button class=\"glide__bullet\" data-glide-dir=\"=1\"><\/button><button class=\"glide__bullet\" data-glide-dir=\"=2\"><\/button><\/div><\/div><\/div>\n\n\n\n<p><strong>Venta\nPiso, Calpe\u2013 Alicante<\/strong><\/p>\n\n\n\n<p><strong>Avenida\nEuropa<\/strong><\/p>\n\n\n\n<p>Venta Piso Calpe, 4 Piezas, 3 Dormitorios, 122 M\u00b2,\n780.000&nbsp;\u20ac<\/p>\n\n\n\n<ul class=\"wp-block-list\"><li><strong>REF: CG008<\/strong>3<\/li><\/ul>\n\n\n\n<ul class=\"wp-block-list\"><li>780.000&nbsp;\u20ac<\/li><li>Piezas&nbsp;4 piezas<\/li><li>Superficie&nbsp;122 m\u00b2<\/li><li>Planta&nbsp;16\u00b0 Planta \/ 18<\/li><li>Vista&nbsp;Panor\u00e1mica<\/li><li>3 Dormitorios<\/li><li>1 Cocina<\/li><li>2 Cuartos de ba\u00f1o<\/li><li>1 Aparcamiento interior<\/li><li>1 Terraza&nbsp;31 m\u00b2<\/li><li>Cerca de Piscina p\u00fablica<\/li><li>Impuesto sobre Bienes\n     Inmuebles&nbsp;550 \u20ac \/ a\u00f1o<\/li><li>Prestaciones: Portero\n     autom\u00e1tico<\/li><\/ul>\n\n\n\n<p>Regi\u00f3n: Costa Blanca<\/p>\n\n\n\n<p>Magn\u00edfico apartamento\na 50 metros de la playa.<\/p>\n\n\n\n<p>Situado en Calpe<\/p>\n\n\n\n<p>Apartamento en el\noctavo piso.<\/p>\n\n\n\n<p>Caracter\u00edsticas: 3\nhabitaciones, 2 ba\u00f1os, Cocina, Comedor, Amplia Terraza de 31,40 m2, en un\nmagn\u00edfico entorno&#8230;..etc&#8230;<\/p>\n\n\n\n<p>Gran piscina comunitaria<\/p>\n\n\n\n<p>Gimnasio, jacuzzi,\nsauna&#8230;<\/p>\n\n\n\n<p>Ascensor<\/p>\n\n\n\n<p>COCINA<\/p>\n\n\n\n<p>Mobiliario de cocina\nequipada, compuesta por muebles bajos y muebles altos. Puertas en laminado alta\npresi\u00f3n con acabado brillo. Puertas de apertura con tirador de aluminio\nintegrado en muebles bajos y cajones autoblocantes.<\/p>\n\n\n\n<p>Encimera de cuarzo\ncompacta.<\/p>\n\n\n\n<p>Las cocinas est\u00e1n\nequipadas con los siguientes electrodom\u00e9sticos:<\/p>\n\n\n\n<p>&#8211; Placa de inducci\u00f3n<\/p>\n\n\n\n<p>&#8211; Campana extractora<\/p>\n\n\n\n<p>&#8211; Horno<\/p>\n\n\n\n<p>&#8211; Horno microondas<\/p>\n\n\n\n<p>Preinstalaci\u00f3n para\nlavadora y secadora.<\/p>\n\n\n\n<p>LA CLIMATIZACI\u00d3N<\/p>\n\n\n\n<p>Instalaci\u00f3n completa\nde aire acondicionado por conductos, con bomba de fr\u00edo y calor, mediante\naerotermia.<\/p>\n\n\n\n<p>CON GARAJE Y BODEGA\nINCLUIDOS<\/p>\n\n\n\n<p>Puerta autom\u00e1tica\npara entrada y salida de veh\u00edculos. Equipado con sistemas de detecci\u00f3n,\nextracci\u00f3n y extinci\u00f3n de CO. Preinstalaci\u00f3n para carga de veh\u00edculos el\u00e9ctricos\nseg\u00fan normativa.<\/p>\n\n\n\n<p>PIEZAS COMUNES<\/p>\n\n\n\n<p>Con zonas ajardinadas\nde ocio y relax con iluminaci\u00f3n, piscina exterior con carril de nado, pista de\np\u00e1del, petanca, ping-pong, putting green, cenador y zona de juegos infantil.<\/p>\n\n\n\n<p>En el piso 11 de la\ntorre 1: piscina infinita, sauna, gimnasio y zona de relajaci\u00f3n.<\/p>\n\n\n\n<p>La playa est\u00e1 a 50 m.<\/p>\n\n\n\n<p>El Puerto de Calpe\nest\u00e1 a 500 m.<\/p>\n\n\n\n<p>Juega al golf a 10,9\nkm<\/p>\n\n\n\n<p>Tiendas, bares y\nrestaurantes a 50 m<\/p>\n\n\n\n<p>El aeropuerto de\nAlicante est\u00e1 a 79,5 km.<\/p>\n\n\n\n<p>El aeropuerto de\nValencia est\u00e1 a 130 km.<\/p>\n\n\n\n<p>El hospital est\u00e1 a\n5,4 km.<\/p>\n\n\n\n<p>Ubicado en una zona\n\u00fanica y exclusiva.<\/p>\n\n\n\n<p>CARPINTER\u00cdA EXTERIOR<\/p>\n\n\n\n<p>Ventanas y puertas\nexteriores de climalit de primera calidad con espacio de separaci\u00f3n tipo\n\u201cClimalit\u201d. En las terrazas, balaustrada de cristal incrustada en el antepecho.<\/p>\n\n\n\n<p>Nuevo. Garant\u00eda de 10\na\u00f1os. Disponible en 2023<\/p>\n\n\n\n<p><strong><em>English Version <\/em><\/strong><\/p>\n\n\n\n<p><strong>Sale Apartment, Calpe \u2013 Alicante<\/strong><\/p>\n\n\n\n<p><strong>Avenida Europa<\/strong><\/p>\n\n\n\n<p>Sale Apartment Calpe, 4 Rooms,\n3 Bedrooms, 122 M\u00b2, \u20ac780,000<\/p>\n\n\n\n<ul class=\"wp-block-list\"><li><strong>REF: CG008<\/strong>3<\/li><\/ul>\n\n\n\n<ul class=\"wp-block-list\"><li>\u20ac780,000<\/li><li>Rooms&nbsp;4 rooms<\/li><li>Area&nbsp;122 m\u00b2<\/li><li>Floor&nbsp;16th floor \/ 18<\/li><li>View&nbsp;Panoramic<\/li><li>3 Bedrooms<\/li><li>1 Kitchen<\/li><li>2 Bathrooms<\/li><li>1 Indoor parking<\/li><li>1 Terrace&nbsp;31 m\u00b2<\/li><li>Proximities: Public pool<\/li><li>Land value tax&nbsp;550 \u20ac \/\n     year<\/li><li>Services: Intercom<\/li><\/ul>\n\n\n\n<p>Region: Costa Blanca<\/p>\n\n\n\n<p>Superb&nbsp;\nApartment 50 meters from the Beach<\/p>\n\n\n\n<p>Located in Calpe<\/p>\n\n\n\n<p>Apartment on the 8th\nfloor<\/p>\n\n\n\n<p>Characteristics: 3 bedrooms,\n2 bathrooms, Kitchen, Dining room, Large Terrace of 31.40 m2, in a magnificent\nsetting&#8230;.. etc&#8230;<\/p>\n\n\n\n<p>Large Community Pool<\/p>\n\n\n\n<p>Fitness, jacuzzi,\nsauna&#8230;<\/p>\n\n\n\n<p>Elevator<\/p>\n\n\n\n<p>KITCHEN<\/p>\n\n\n\n<p>Equipped kitchen\nfurniture, composed of base units and wall units. High pressure laminate doors\nwith glossy finish. Opening doors with integrated aluminum handle on base units\nand self-locking drawers.<\/p>\n\n\n\n<p>Compact quartz\nworktop.<\/p>\n\n\n\n<p>The kitchens are\nequipped with the following appliances:<\/p>\n\n\n\n<p>&#8211; Induction hob<\/p>\n\n\n\n<p>&#8211; Extractor hood<\/p>\n\n\n\n<p>&#8211; Electric oven<\/p>\n\n\n\n<p>&#8211; Microwave oven<\/p>\n\n\n\n<p>Pre-installation for\nwashing machine and dryer.<\/p>\n\n\n\n<p>THE AIR CONDITIONING<\/p>\n\n\n\n<p>Complete installation\nof air conditioning by ducts, with hot and cold pump, using aerothermal energy.<\/p>\n\n\n\n<p>WITH GARAGE AND\nCELLAR INCLUDED<\/p>\n\n\n\n<p>Automatic door for\nentry and exit of vehicles. Equipped with CO detection, extraction and\nextinguishing systems. Pre-installation for charging electric vehicles in\naccordance with regulations.<\/p>\n\n\n\n<p>COMMON PARTS<\/p>\n\n\n\n<p>With landscaped\nleisure and relaxation areas with lighting, outdoor swimming pool with swimming\nlane, paddle tennis court, p\u00e9tanque, ping-pong, putting green, gazebo and\nchildren&#8217;s play area.<\/p>\n\n\n\n<p>On the 11th floor of\ntower 1: infinity pool, sauna, gym and relaxation area.<\/p>\n\n\n\n<p>The beach is 50 m\naway<\/p>\n\n\n\n<p>The Port of Calpe is\n500 m away<\/p>\n\n\n\n<p>Play Golf 10.9 km\naway<\/p>\n\n\n\n<p>Shops, bars and\nrestaurants 50 m away<\/p>\n\n\n\n<p>Alicante Airport is\n79.5 km away<\/p>\n\n\n\n<p>Valencia Airport is\n130 km away<\/p>\n\n\n\n<p>The Hospital is 5.4\nkm away<\/p>\n\n\n\n<p>Located in a unique\nand exclusive area.<\/p>\n\n\n\n<p>EXTERIOR CARPENTRY<\/p>\n\n\n\n<p>Premium quality\ndouble-glazed windows and patio doors with a \u201cClimalit\u201d type separation space.\nOn the terraces, glass balustrade inlaid in the parapet.<\/p>\n\n\n\n<p>New. 10 year warranty. Available in 2023<\/p>\n\n\n\n<p><strong><em>Version Fran\u00e7ais<\/em><\/strong><\/p>\n\n\n\n<p><strong>Vente\nAppartement Calpe \u2013 Alicante<\/strong><\/p>\n\n\n\n<p><strong>Avenida\nEuropa<\/strong><\/p>\n\n\n\n<p>Vente Appartement Calpe, 4 Pi\u00e8ces, 3 Chambres, 122 M\u00b2,\n780\u202f000&nbsp;\u20ac<\/p>\n\n\n\n<ul class=\"wp-block-list\"><li><strong>REF: CG008<\/strong>3<\/li><\/ul>\n\n\n\n<ul class=\"wp-block-list\"><li>780\u202f000&nbsp;\u20ac<\/li><li>Pi\u00e8ces&nbsp;4 pi\u00e8ces<\/li><li>Surface&nbsp;122 m\u00b2<\/li><li>\u00c9tage&nbsp;16\u00e8me \u00e9tage \/ 18<\/li><li>Vue&nbsp;Panoramique<\/li><li>3 Chambres<\/li><li>1 Cuisine&nbsp;Am\u00e9nag\u00e9e et\n     Equip\u00e9e Am\u00e9ricaine<\/li><li>2 Salles de bains<\/li><li>1 Parking int\u00e9rieur<\/li><li>1 Terrasse&nbsp;31 m\u00b2<\/li><li>Proximit\u00e9s: Piscine publique<\/li><li>Taxe fonci\u00e8re&nbsp;550 \u20ac \/\n     an<\/li><li>Prestations: Interphone<\/li><\/ul>\n\n\n\n<p>R\u00e9gion: Costa Blanca<br>\nSuperbe Appartement \u00e0 50 m\u00e8tres de la Plage<br>\nSitu\u00e9 \u00e0 Calpe<br>\nAppartement au 8\u00e8me \u00e9tage<br>\nCaract\u00e9ristiques: 3 chambres , 2 salles de bain , Cuisine, Salle \u00e0 manger,\nGrande Terrasse de 31,40 m2, dans un cadre magnifique &#8230;.. etc&#8230;<br>\n<br>\nGrande Piscine Communautaire<br>\nFitness, jacuzzi, sauna&#8230;<br>\nAscenseur<br>\n<br>\nCUISINE<br>\nMeubles de cuisine \u00e9quip\u00e9s, compos\u00e9s d\u2019\u00e9l\u00e9ments bas et d\u2019\u00e9l\u00e9ments hauts. Portes\nen stratifi\u00e9 haute pression avec finition brillante. Portes ouvrantes avec\npoign\u00e9e en aluminium int\u00e9gr\u00e9e sur les meubles bas et tiroirs auto-frein\u00e9s.<br>\nPlan de travail compact en quartz.<br>\nLes cuisines sont \u00e9quip\u00e9es des appareils suivants :<br>\n&#8211; Plaque \u00e0 induction<br>\n&#8211; Hotte aspirante<br>\n&#8211; Four \u00e9lectrique<br>\n&#8211; Four \u00e0 micro-ondes<br>\nPr\u00e9-installation pour lave linge et s\u00e8che linge.<br>\n<br>\nLA CLIMATISATION<br>\nInstallation compl\u00e8te de climatisation par conduits, avec pompe chaude et\nfroide, utilisant l\u2019a\u00e9rothermie.<br>\n<br>\nAVEC GARAGE ET CAVE COMPRIS<br>\nPorte automatique pour l\u2019entr\u00e9e et la sortie des v\u00e9hicules. \u00c9quip\u00e9 de syst\u00e8mes de\nd\u00e9tection, d\u2019extraction et d\u2019extinction du CO. Pr\u00e9-installation\npour la recharge des v\u00e9hicules \u00e9lectriques conform\u00e9ment \u00e0 la r\u00e9glementation.<br>\n<br>\nPARTIES COMMUNES<br>\nAvec zones de loisirs et de d\u00e9tente paysag\u00e9es avec \u00e9clairage, piscine ext\u00e9rieure\navec couloir de nage, terrain de paddle tennis, p\u00e9tanque, ping-pong, putting\ngreen, gazebo et aire de jeux pour enfants.<br>\nAu 11e \u00e9tage de la tour 1 : piscine \u00e0 d\u00e9bordement, sauna, salle de sport et\nespace de d\u00e9tente.<br>\n<br>\nLa plage est \u00e0 50 m<br>\nLe Port de Calpe est \u00e0 500 m<br>\nJouer au Golf \u00e0 10,9 km<br>\nBoutiques, bars et restaurants \u00e0 50 m<br>\nL\u2019a\u00e9roport Alicante est \u00e0 79,5 km<br>\nL\u2019A\u00e9roport de Valence est \u00e0 130 km<br>\nL\u2019H\u00f4pital est \u00e0 5,4 km<br>\nSitu\u00e9 dans une zone unique et exclusive.<br>\n<br>\nMENUISERIE EXT\u00c9RIEURE<br>\nFen\u00eatres et portes-fen\u00eatres de premi\u00e8re qualit\u00e9 \u00e0 double vitrage dot\u00e9 d\u2019un\nespace de s\u00e9paration type \u00ab Climalit \u00bb. Sur les terrasses, balustrade en verre\nincrust\u00e9e dans le parapet.<br>\n<br>\nNeuf. Garantie 10 ans. Disponible en 2023<\/p>\n","protected":false},"excerpt":{"rendered":"<p>Venta Piso, Calpe\u2013 Alicante Avenida Europa Venta Piso Calpe, 4 Piezas, 3 Dormitorios, 122 M\u00b2, 780.000&nbsp;\u20ac REF: CG0083 780.000&nbsp;\u20ac Piezas&nbsp;4 piezas Superficie&nbsp;122 m\u00b2 Planta&nbsp;16\u00b0 Planta \/ 18 Vista&nbsp;Panor\u00e1mica 3 Dormitorios 1 Cocina 2 Cuartos de ba\u00f1o 1 Aparcamiento interior 1 Terraza&nbsp;31 m\u00b2 Cerca de Piscina p\u00fablica Impuesto sobre Bienes Inmuebles&nbsp;550 \u20ac \/ a\u00f1o Prestaciones: Portero &hellip; <\/p>\n<p class=\"link-more\"><a href=\"https:\/\/coelloglobal.com\/index.php\/piso-calpe-alicante-780-000-e-ref-cg0083\/\" class=\"more-link\">Continue reading<span class=\"screen-reader-text\"> &#8220;Piso, Calpe\u2013 Alicante- 780.000 \u20ac Ref: CG0083&#8221;<\/span><\/a><\/p>\n","protected":false},"author":1,"featured_media":4227,"parent":0,"menu_order":0,"comment_status":"closed","ping_status":"closed","template":"","meta":{"footnotes":""},"class_list":["post-4215","page","type-page","status-publish","has-post-thumbnail","hentry"],"_links":{"self":[{"href":"https:\/\/coelloglobal.com\/index.php\/wp-json\/wp\/v2\/pages\/4215","targetHints":{"allow":["GET"]}}],"collection":[{"href":"https:\/\/coelloglobal.com\/index.php\/wp-json\/wp\/v2\/pages"}],"about":[{"href":"https:\/\/coelloglobal.com\/index.php\/wp-json\/wp\/v2\/types\/page"}],"author":[{"embeddable":true,"href":"https:\/\/coelloglobal.com\/index.php\/wp-json\/wp\/v2\/users\/1"}],"replies":[{"embeddable":true,"href":"https:\/\/coelloglobal.com\/index.php\/wp-json\/wp\/v2\/comments?post=4215"}],"version-history":[{"count":2,"href":"https:\/\/coelloglobal.com\/index.php\/wp-json\/wp\/v2\/pages\/4215\/revisions"}],"predecessor-version":[{"id":4266,"href":"https:\/\/coelloglobal.com\/index.php\/wp-json\/wp\/v2\/pages\/4215\/revisions\/4266"}],"wp:featuredmedia":[{"embeddable":true,"href":"https:\/\/coelloglobal.com\/index.php\/wp-json\/wp\/v2\/media\/4227"}],"wp:attachment":[{"href":"https:\/\/coelloglobal.com\/index.php\/wp-json\/wp\/v2\/media?parent=4215"}],"curies":[{"name":"wp","href":"https:\/\/api.w.org\/{rel}","templated":true}]}}