{"id":4289,"date":"2023-11-01T21:57:07","date_gmt":"2023-11-01T21:57:07","guid":{"rendered":"http:\/\/coelloglobal.com\/?page_id=4289"},"modified":"2023-11-01T22:17:25","modified_gmt":"2023-11-01T22:17:25","slug":"venta-casa-ciudad-quesada-725-000-e-ref-cg0086","status":"publish","type":"page","link":"https:\/\/coelloglobal.com\/index.php\/venta-casa-ciudad-quesada-725-000-e-ref-cg0086\/","title":{"rendered":"Venta Casa Ciudad Quesada 725.000 \u20ac Ref: CG0086"},"content":{"rendered":"\n<div id=\"wp-block-themeisle-blocks-slider-fe3a9e15\" class=\"wp-block-themeisle-blocks-slider glide\" data-per-view=\"1\" data-gap=\"0\" data-peek=\"0\" data-autoplay=\"true\" data-height=\"400px\"><div class=\"glide__track\" data-glide-el=\"track\"><div class=\"glide__slides\"><div class=\"wp-block-themeisle-blocks-slider-item-wrapper glide__slide\" tabindex=\"0\"><figure><img decoding=\"async\" class=\"wp-block-themeisle-blocks-slider-item\" src=\"http:\/\/coelloglobal.com\/wp-content\/uploads\/2023\/11\/FOTO-1.jpg\" alt=\"\" title=\"\" data-id=\"4290\"\/><\/figure><\/div><div class=\"wp-block-themeisle-blocks-slider-item-wrapper glide__slide\" tabindex=\"0\"><figure><img decoding=\"async\" class=\"wp-block-themeisle-blocks-slider-item\" src=\"http:\/\/coelloglobal.com\/wp-content\/uploads\/2023\/11\/FOTO-2.jpg\" alt=\"\" title=\"\" data-id=\"4291\"\/><\/figure><\/div><div class=\"wp-block-themeisle-blocks-slider-item-wrapper glide__slide\" tabindex=\"0\"><figure><img decoding=\"async\" class=\"wp-block-themeisle-blocks-slider-item\" src=\"http:\/\/coelloglobal.com\/wp-content\/uploads\/2023\/11\/FOTO-3.jpg\" alt=\"\" title=\"\" data-id=\"4292\"\/><\/figure><\/div><div class=\"wp-block-themeisle-blocks-slider-item-wrapper glide__slide\" tabindex=\"0\"><figure><img decoding=\"async\" class=\"wp-block-themeisle-blocks-slider-item\" src=\"http:\/\/coelloglobal.com\/wp-content\/uploads\/2023\/11\/FOTO-4.jpg\" alt=\"\" title=\"\" data-id=\"4293\"\/><\/figure><\/div><div class=\"wp-block-themeisle-blocks-slider-item-wrapper glide__slide\" tabindex=\"0\"><figure><img decoding=\"async\" class=\"wp-block-themeisle-blocks-slider-item\" src=\"http:\/\/coelloglobal.com\/wp-content\/uploads\/2023\/11\/FOTO-5.jpg\" alt=\"\" title=\"\" data-id=\"4294\"\/><\/figure><\/div><div class=\"wp-block-themeisle-blocks-slider-item-wrapper glide__slide\" tabindex=\"0\"><figure><img decoding=\"async\" class=\"wp-block-themeisle-blocks-slider-item\" src=\"http:\/\/coelloglobal.com\/wp-content\/uploads\/2023\/11\/FOTO-6.jpg\" alt=\"\" title=\"\" data-id=\"4295\"\/><\/figure><\/div><div class=\"wp-block-themeisle-blocks-slider-item-wrapper glide__slide\" tabindex=\"0\"><figure><img decoding=\"async\" class=\"wp-block-themeisle-blocks-slider-item\" src=\"http:\/\/coelloglobal.com\/wp-content\/uploads\/2023\/11\/FOTO-7.jpg\" alt=\"\" title=\"\" data-id=\"4296\"\/><\/figure><\/div><div class=\"wp-block-themeisle-blocks-slider-item-wrapper glide__slide\" tabindex=\"0\"><figure><img decoding=\"async\" class=\"wp-block-themeisle-blocks-slider-item\" src=\"http:\/\/coelloglobal.com\/wp-content\/uploads\/2023\/11\/FOTO-8.jpg\" alt=\"\" title=\"\" data-id=\"4297\"\/><\/figure><\/div><div class=\"wp-block-themeisle-blocks-slider-item-wrapper glide__slide\" tabindex=\"0\"><figure><img decoding=\"async\" class=\"wp-block-themeisle-blocks-slider-item\" src=\"http:\/\/coelloglobal.com\/wp-content\/uploads\/2023\/11\/FOTO-9.jpg\" alt=\"\" title=\"\" data-id=\"4298\"\/><\/figure><\/div><div class=\"wp-block-themeisle-blocks-slider-item-wrapper glide__slide\" tabindex=\"0\"><figure><img decoding=\"async\" class=\"wp-block-themeisle-blocks-slider-item\" src=\"http:\/\/coelloglobal.com\/wp-content\/uploads\/2023\/11\/FOTO-10.jpg\" alt=\"\" title=\"\" data-id=\"4299\"\/><\/figure><\/div><div class=\"wp-block-themeisle-blocks-slider-item-wrapper glide__slide\" tabindex=\"0\"><figure><img decoding=\"async\" class=\"wp-block-themeisle-blocks-slider-item\" src=\"http:\/\/coelloglobal.com\/wp-content\/uploads\/2023\/11\/FOTO-11.jpg\" alt=\"\" title=\"\" data-id=\"4300\"\/><\/figure><\/div><div class=\"wp-block-themeisle-blocks-slider-item-wrapper glide__slide\" tabindex=\"0\"><figure><img decoding=\"async\" class=\"wp-block-themeisle-blocks-slider-item\" src=\"http:\/\/coelloglobal.com\/wp-content\/uploads\/2023\/11\/FOTO-12.jpg\" alt=\"\" title=\"\" data-id=\"4301\"\/><\/figure><\/div><div class=\"wp-block-themeisle-blocks-slider-item-wrapper glide__slide\" tabindex=\"0\"><figure><img decoding=\"async\" class=\"wp-block-themeisle-blocks-slider-item\" src=\"http:\/\/coelloglobal.com\/wp-content\/uploads\/2023\/11\/FOTO-13.jpg\" alt=\"\" title=\"\" data-id=\"4302\"\/><\/figure><\/div><div class=\"wp-block-themeisle-blocks-slider-item-wrapper glide__slide\" tabindex=\"0\"><figure><img decoding=\"async\" class=\"wp-block-themeisle-blocks-slider-item\" src=\"http:\/\/coelloglobal.com\/wp-content\/uploads\/2023\/11\/FOTO-14.jpg\" alt=\"\" title=\"\" data-id=\"4303\"\/><\/figure><\/div><div class=\"wp-block-themeisle-blocks-slider-item-wrapper glide__slide\" tabindex=\"0\"><figure><img decoding=\"async\" class=\"wp-block-themeisle-blocks-slider-item\" src=\"http:\/\/coelloglobal.com\/wp-content\/uploads\/2023\/11\/FOTO-15.jpg\" alt=\"\" title=\"\" data-id=\"4304\"\/><\/figure><\/div><div class=\"wp-block-themeisle-blocks-slider-item-wrapper glide__slide\" tabindex=\"0\"><figure><img decoding=\"async\" class=\"wp-block-themeisle-blocks-slider-item\" src=\"http:\/\/coelloglobal.com\/wp-content\/uploads\/2023\/11\/FOTO-16.jpg\" alt=\"\" title=\"\" data-id=\"4305\"\/><\/figure><\/div><\/div><div class=\"glide__arrows\" data-glide-el=\"controls\"><button class=\"glide__arrow glide__arrow--left\" data-glide-dir=\"<\"><svg xmlns=\"http:\/\/www.w3.org\/2000\/svg\" width=\"18\" height=\"18\" viewbox=\"0 0 100 100\" role=\"img\" aria-hidden=\"true\" focusable=\"false\"><path d=\"M 10,50 L 60,100 L 70,90 L 30,50  L 70,10 L 60,0 Z\"><\/path><\/svg><\/button><button class=\"glide__arrow glide__arrow--right\" data-glide-dir=\"&gt;\"><svg xmlns=\"http:\/\/www.w3.org\/2000\/svg\" width=\"18\" height=\"18\" viewbox=\"0 0 100 100\" role=\"img\" aria-hidden=\"true\" focusable=\"false\"><path d=\"M 10,50 L 60,100 L 70,90 L 30,50  L 70,10 L 60,0 Z\"><\/path><\/svg><\/button><\/div><div class=\"glide__bullets\" data-glide-el=\"controls[nav]\"><button class=\"glide__bullet\" data-glide-dir=\"=0\"><\/button><button class=\"glide__bullet\" data-glide-dir=\"=1\"><\/button><button class=\"glide__bullet\" data-glide-dir=\"=2\"><\/button><button class=\"glide__bullet\" data-glide-dir=\"=3\"><\/button><button class=\"glide__bullet\" data-glide-dir=\"=4\"><\/button><button class=\"glide__bullet\" data-glide-dir=\"=5\"><\/button><button class=\"glide__bullet\" data-glide-dir=\"=6\"><\/button><button class=\"glide__bullet\" data-glide-dir=\"=7\"><\/button><button class=\"glide__bullet\" data-glide-dir=\"=8\"><\/button><button class=\"glide__bullet\" data-glide-dir=\"=9\"><\/button><button class=\"glide__bullet\" data-glide-dir=\"=10\"><\/button><button class=\"glide__bullet\" data-glide-dir=\"=11\"><\/button><button class=\"glide__bullet\" data-glide-dir=\"=12\"><\/button><button class=\"glide__bullet\" data-glide-dir=\"=13\"><\/button><button class=\"glide__bullet\" data-glide-dir=\"=14\"><\/button><button class=\"glide__bullet\" data-glide-dir=\"=15\"><\/button><\/div><\/div><\/div>\n\n\n\n<p><a><strong>Venta Casa Ciudad Quesada&nbsp; &#8211; Alicante<\/strong><\/a><\/p>\n\n\n\n<p><strong>Calle Mallorca<\/strong><\/p>\n\n\n\n<p>Venta Casa Ciudad Quesada, 4 Piezas, 3 Dormitorios,\n195 M\u00b2, 725.000&nbsp;\u20ac<\/p>\n\n\n\n<ul class=\"wp-block-list\"><li><a><strong>REF:\n     CG0086<\/strong><\/a><\/li><\/ul>\n\n\n\n<ul class=\"wp-block-list\"><li>725.000&nbsp;\u20ac<\/li><li>Piezas&nbsp;4 piezas<\/li><li>Superficie&nbsp;195 m\u00b2<\/li><li>Vista&nbsp;Panor\u00e1mica<\/li><li>3 Dormitorios<\/li><li>1 Cocina<\/li><li>3 Cuartos de ba\u00f1o<\/li><li>2 Aparcamientos interior<\/li><li>1 Sol\u00e1rium&nbsp;110 m\u00b2<\/li><li>2 Terrazas&nbsp;78 m\u00b2<\/li><li>1 Jard\u00edn&nbsp;586 m\u00b2<\/li><li>Cerca de Piscina p\u00fablica<\/li><li>Prestaciones: Portero\n     autom\u00e1tico<\/li><\/ul>\n\n\n\n<p>Regi\u00f3n: Costa Blanca<\/p>\n\n\n\n<p>Magn\u00edfica villa de lujo cerca del mar<\/p>\n\n\n\n<p>Caracter\u00edsticas: 3 habitaciones, 3 ba\u00f1os, Cocina,\nComedor, Terrazas de 78,65 m2, Solarium de 110 m2 con vista al mar, Terreno de\n586 m2. &#8230;.. etc &#8230;<\/p>\n\n\n\n<p>Muy lindos acabados.<\/p>\n\n\n\n<p>3 amplios dormitorios con 3 ba\u00f1os<\/p>\n\n\n\n<p>Magn\u00edfica piscina privada de 8m x 4m<\/p>\n\n\n\n<p>Amplio Solarium de 110 m2 con vista panor\u00e1mica.<\/p>\n\n\n\n<p>Puedes aparcar el coche en el jard\u00edn.<\/p>\n\n\n\n<p>Calefacci\u00f3n por suelo radiante en los ba\u00f1os.<\/p>\n\n\n\n<p>Medio ambiente y servicios<\/p>\n\n\n\n<p>Dotado de todos los servicios: centro de salud,\nfarmacia, supermercados, restaurantes, tiendas, Hotel&#8230;.etc..<\/p>\n\n\n\n<p>Las playas de Guardamar est\u00e1n a 4 km.<\/p>\n\n\n\n<p>Zona de ocio a 5 minutos<\/p>\n\n\n\n<p>Varios supermercados a 3 km.<\/p>\n\n\n\n<p>Campo de golf a 5 km<\/p>\n\n\n\n<p>Varios restaurantes a 2 km.<\/p>\n\n\n\n<p>El aeropuerto de Alicante est\u00e1 a 40 minutos.<\/p>\n\n\n\n<p>Cl\u00ednica a 5 minutos<\/p>\n\n\n\n<p>Es una casa amplia, tiene 3 dormitorios y 3 ba\u00f1os\ny un gran sal\u00f3n.<\/p>\n\n\n\n<p>Dise\u00f1o de vivienda especial ya que se quiso\nmezclar el estilo moderno con el estilo mediterr\u00e1neo t\u00edpico de nuestra regi\u00f3n y\nesto es lo que la caracteriza.<\/p>\n\n\n\n<p>Esta villa cuenta con todo tipo de servicios,\nadem\u00e1s de su cercan\u00eda a la playa, a tan solo 4 km y su f\u00e1cil transporte a\naeropuertos, principales ciudades, etc.<\/p>\n\n\n\n<p>Nuevo. Garant\u00eda de 10 a\u00f1os. Disponible en\ndiciembre de 2022<\/p>\n\n\n\n<p><a><strong><em>English Version <\/em><\/strong><\/a><\/p>\n\n\n\n<p><strong>For\nSale House Ciudad Quesada&nbsp; &#8211; Alicante<\/strong><\/p>\n\n\n\n<p><strong>Calle\nMallorca<\/strong><\/p>\n\n\n\n<p>For Sale House Ciudad Quesada,\n4 Rooms, 3 Bedrooms, 195 M\u00b2, \u20ac725,000<\/p>\n\n\n\n<ul class=\"wp-block-list\"><li><strong>REF: CG0086<\/strong><\/li><li>\u20ac725,000<\/li><\/ul>\n\n\n\n<ul class=\"wp-block-list\"><li>Rooms&nbsp;4 rooms<\/li><li>Area&nbsp;195 m\u00b2<\/li><li>View&nbsp;Panoramic<\/li><\/ul>\n\n\n\n<ul class=\"wp-block-list\"><li>3 Bedrooms<\/li><li>1 Kitchen<\/li><li>3 Bathrooms<\/li><li>2 Indoor parkings<\/li><li>1 Solarium\u00a0110 m\u00b2<\/li><li>2 Terraces\u00a078 m\u00b2<\/li><li>1 Garden\u00a0586 m\u00b2<\/li><li>Proximities: Public pool<\/li><li>Intercom<\/li><\/ul>\n\n\n\n<pre class=\"wp-block-preformatted\"><\/pre>\n\n\n\n<p><strong><em>Version\nFran\u00e7ais<\/em><\/strong><\/p>\n\n\n\n<p><strong>\u00c0\nvendre Maison Ciudad Quesada&nbsp; &#8211; Alicante<\/strong><\/p>\n\n\n\n<p><strong>Calle\nMallorca<\/strong><\/p>\n\n\n\n<p>\u00c0 vendre Maison Ciudad Quesada, 4 Pi\u00e8ces, 3 Chambres,\n195 M\u00b2, 725\u202f000&nbsp;\u20ac<\/p>\n\n\n\n<ul class=\"wp-block-list\"><li><strong>REF: CG0086<\/strong><\/li><li>725\u202f000&nbsp;\u20ac<\/li><\/ul>\n\n\n\n<ul class=\"wp-block-list\"><li>Pi\u00e8ces&nbsp;4 pi\u00e8ces<\/li><li>Surface&nbsp;195 m\u00b2<\/li><li>Vue&nbsp;Panoramique<\/li><li>3 Chambres<\/li><li>1 Cuisine&nbsp;Am\u00e9nag\u00e9e\n     Am\u00e9ricaine<\/li><li>3 Salles de bains<\/li><li>2 Parkings int\u00e9rieurs<\/li><li>1 Solarium&nbsp;110 m\u00b2<\/li><li>2 Terrasses&nbsp;78 m\u00b2<\/li><li>1 Jardin&nbsp;586 m\u00b2<\/li><li>Piscine publique<\/li><li>Prestations: Interphone<\/li><\/ul>\n\n\n\n<p>R\u00e9gion: Costa\nBlanca<br>\n<br>\nSuperbe Villa Luxueuse proche de la Mer<br>\n<br>\nCaract\u00e9ristiques: 3 chambres , 3 salles de bain , Cuisine, Salle \u00e0 manger,\nTerrasses de 78,65 m2,&nbsp; Solarium de 110 m2 avec vue sur la Mer, Terrain de\n586 m2 . &#8230;.. etc &#8230;<br>\n<br>\nTr\u00e8s belles finitions.<br>\n3 grandes chambres avec 3 salles de bains<br>\nSuperbe Piscine priv\u00e9 de 8m x 4m<br>\nGrand Solarium de 110 m2 avec vue panoramique.<br>\nVous pouvez garer la voiture dans le jardin.<br>\nChauffage au sol dans les salles de bain.<br>\n<br>\nEnvironnement et services<br>\nDot\u00e9e de tous les services: centre de sant\u00e9, pharmacie, supermarch\u00e9s,\nrestaurants, magasins, H\u00f4tel &#8230;.etc ..<br>\nLes Plages de Guardamar sont \u00e0 4 km<br>\nZone de Loisirs \u00e0 5 minutes<br>\nPlusieurs Supermarch\u00e9s \u00e0 moins de 3 km<br>\nTerrain de Golf \u00e0 5 km<br>\nPlusieurs Restaurants \u00e0 moins de 2 km<br>\nA\u00e9roport d&#8217;Alicante est \u00e0 40 minutes<br>\nClinique \u00e0 5 minutes<br>\n<br>\nC&#8217;est une maison spacieuse, elle comprend 3 chambres et 3 salles de bains et un\ngrand salon.<br>\nDesign de logement sp\u00e9cial puisqu&#8217;il a voulu m\u00e9langer le style moderne avec le\nstyle typiquement m\u00e9diterran\u00e9en de notre r\u00e9gion et c&#8217;est ce qui le caract\u00e9rise.<br>\n<br>\nCette villa dispose de toutes sortes de services, en plus sa proximit\u00e9 de la\nplage, \u00e0 seulement 4 km et son transport facile vers les a\u00e9roports, les grandes\nvilles, etc.<br>\n<br>\nNeuf. Garantie 10 ans. Disponible en D\u00e9cembre 2022<\/p>\n\n\n\n<p><\/p>\n\n\n\n<div class=\"wp-block-themeisle-blocks-advanced-columns has-3-columns has-desktop-oneOneTwo-layout has-tablet-equal-layout has-mobile-collapsedRows-layout has-default-gap has-vertical-unset\" id=\"wp-block-themeisle-blocks-advanced-columns-d945f46a\"><div class=\"wp-block-themeisle-blocks-advanced-columns-overlay\"><\/div><div class=\"innerblocks-wrap\">\n<div class=\"wp-block-themeisle-blocks-advanced-column\" id=\"wp-block-themeisle-blocks-advanced-column-befabb55\"><\/div>\n\n\n\n<div class=\"wp-block-themeisle-blocks-advanced-column\" id=\"wp-block-themeisle-blocks-advanced-column-2b7ada23\"><\/div>\n\n\n\n<div class=\"wp-block-themeisle-blocks-advanced-column\" id=\"wp-block-themeisle-blocks-advanced-column-aed2c5c7\"><\/div>\n<\/div><\/div>\n","protected":false},"excerpt":{"rendered":"<p>Venta Casa Ciudad Quesada&nbsp; &#8211; Alicante Calle Mallorca Venta Casa Ciudad Quesada, 4 Piezas, 3 Dormitorios, 195 M\u00b2, 725.000&nbsp;\u20ac REF: CG0086 725.000&nbsp;\u20ac Piezas&nbsp;4 piezas Superficie&nbsp;195 m\u00b2 Vista&nbsp;Panor\u00e1mica 3 Dormitorios 1 Cocina 3 Cuartos de ba\u00f1o 2 Aparcamientos interior 1 Sol\u00e1rium&nbsp;110 m\u00b2 2 Terrazas&nbsp;78 m\u00b2 1 Jard\u00edn&nbsp;586 m\u00b2 Cerca de Piscina p\u00fablica Prestaciones: Portero autom\u00e1tico Regi\u00f3n: &hellip; <\/p>\n<p class=\"link-more\"><a href=\"https:\/\/coelloglobal.com\/index.php\/venta-casa-ciudad-quesada-725-000-e-ref-cg0086\/\" class=\"more-link\">Continue reading<span class=\"screen-reader-text\"> &#8220;Venta Casa Ciudad Quesada 725.000 \u20ac Ref: CG0086&#8221;<\/span><\/a><\/p>\n","protected":false},"author":1,"featured_media":0,"parent":0,"menu_order":0,"comment_status":"closed","ping_status":"closed","template":"","meta":{"footnotes":""},"class_list":["post-4289","page","type-page","status-publish","hentry"],"_links":{"self":[{"href":"https:\/\/coelloglobal.com\/index.php\/wp-json\/wp\/v2\/pages\/4289","targetHints":{"allow":["GET"]}}],"collection":[{"href":"https:\/\/coelloglobal.com\/index.php\/wp-json\/wp\/v2\/pages"}],"about":[{"href":"https:\/\/coelloglobal.com\/index.php\/wp-json\/wp\/v2\/types\/page"}],"author":[{"embeddable":true,"href":"https:\/\/coelloglobal.com\/index.php\/wp-json\/wp\/v2\/users\/1"}],"replies":[{"embeddable":true,"href":"https:\/\/coelloglobal.com\/index.php\/wp-json\/wp\/v2\/comments?post=4289"}],"version-history":[{"count":2,"href":"https:\/\/coelloglobal.com\/index.php\/wp-json\/wp\/v2\/pages\/4289\/revisions"}],"predecessor-version":[{"id":4311,"href":"https:\/\/coelloglobal.com\/index.php\/wp-json\/wp\/v2\/pages\/4289\/revisions\/4311"}],"wp:attachment":[{"href":"https:\/\/coelloglobal.com\/index.php\/wp-json\/wp\/v2\/media?parent=4289"}],"curies":[{"name":"wp","href":"https:\/\/api.w.org\/{rel}","templated":true}]}}