{"id":4349,"date":"2023-11-15T21:32:12","date_gmt":"2023-11-15T21:32:12","guid":{"rendered":"http:\/\/coelloglobal.com\/?page_id=4349"},"modified":"2023-11-15T21:36:49","modified_gmt":"2023-11-15T21:36:49","slug":"venta-piso-andorra-705-000-e-ref-cg0088","status":"publish","type":"page","link":"https:\/\/coelloglobal.com\/index.php\/venta-piso-andorra-705-000-e-ref-cg0088\/","title":{"rendered":"Venta Piso Andorra 705.000 \u20ac -REF: CG0088"},"content":{"rendered":"\n<div id=\"wp-block-themeisle-blocks-slider-10dc80e4\" class=\"wp-block-themeisle-blocks-slider glide\" data-per-view=\"1\" data-gap=\"0\" data-peek=\"0\" data-autoplay=\"true\" data-height=\"400px\"><div class=\"glide__track\" data-glide-el=\"track\"><div class=\"glide__slides\"><div class=\"wp-block-themeisle-blocks-slider-item-wrapper glide__slide\" tabindex=\"0\"><figure><img decoding=\"async\" class=\"wp-block-themeisle-blocks-slider-item\" src=\"http:\/\/coelloglobal.com\/wp-content\/uploads\/2023\/11\/FOTO-1-3.jpg\" alt=\"\" title=\"\" data-id=\"4350\"\/><\/figure><\/div><div class=\"wp-block-themeisle-blocks-slider-item-wrapper glide__slide\" tabindex=\"0\"><figure><img decoding=\"async\" class=\"wp-block-themeisle-blocks-slider-item\" src=\"http:\/\/coelloglobal.com\/wp-content\/uploads\/2023\/11\/FOTO-2-3.jpg\" alt=\"\" title=\"\" data-id=\"4351\"\/><\/figure><\/div><div class=\"wp-block-themeisle-blocks-slider-item-wrapper glide__slide\" tabindex=\"0\"><figure><img decoding=\"async\" class=\"wp-block-themeisle-blocks-slider-item\" src=\"http:\/\/coelloglobal.com\/wp-content\/uploads\/2023\/11\/FOTO-3-4.jpg\" alt=\"\" title=\"\" data-id=\"4352\"\/><\/figure><\/div><div class=\"wp-block-themeisle-blocks-slider-item-wrapper glide__slide\" tabindex=\"0\"><figure><img decoding=\"async\" class=\"wp-block-themeisle-blocks-slider-item\" src=\"http:\/\/coelloglobal.com\/wp-content\/uploads\/2023\/11\/FOTO-4-3.jpg\" alt=\"\" title=\"\" data-id=\"4353\"\/><\/figure><\/div><div class=\"wp-block-themeisle-blocks-slider-item-wrapper glide__slide\" tabindex=\"0\"><figure><img decoding=\"async\" class=\"wp-block-themeisle-blocks-slider-item\" src=\"http:\/\/coelloglobal.com\/wp-content\/uploads\/2023\/11\/FOTO-5-3.jpg\" alt=\"\" title=\"\" data-id=\"4354\"\/><\/figure><\/div><div class=\"wp-block-themeisle-blocks-slider-item-wrapper glide__slide\" tabindex=\"0\"><figure><img decoding=\"async\" class=\"wp-block-themeisle-blocks-slider-item\" src=\"http:\/\/coelloglobal.com\/wp-content\/uploads\/2023\/11\/FOTO-6-3.jpg\" alt=\"\" title=\"\" data-id=\"4355\"\/><\/figure><\/div><div class=\"wp-block-themeisle-blocks-slider-item-wrapper glide__slide\" tabindex=\"0\"><figure><img decoding=\"async\" class=\"wp-block-themeisle-blocks-slider-item\" src=\"http:\/\/coelloglobal.com\/wp-content\/uploads\/2023\/11\/FOTO-7-3.jpg\" alt=\"\" title=\"\" data-id=\"4356\"\/><\/figure><\/div><div class=\"wp-block-themeisle-blocks-slider-item-wrapper glide__slide\" tabindex=\"0\"><figure><img decoding=\"async\" class=\"wp-block-themeisle-blocks-slider-item\" src=\"http:\/\/coelloglobal.com\/wp-content\/uploads\/2023\/11\/FOTO-8-3.jpg\" alt=\"\" title=\"\" data-id=\"4357\"\/><\/figure><\/div><div class=\"wp-block-themeisle-blocks-slider-item-wrapper glide__slide\" tabindex=\"0\"><figure><img decoding=\"async\" class=\"wp-block-themeisle-blocks-slider-item\" src=\"http:\/\/coelloglobal.com\/wp-content\/uploads\/2023\/11\/FOTO-9-4.jpg\" alt=\"\" title=\"\" data-id=\"4358\"\/><\/figure><\/div><\/div><div class=\"glide__arrows\" data-glide-el=\"controls\"><button class=\"glide__arrow glide__arrow--left\" data-glide-dir=\"<\"><svg xmlns=\"http:\/\/www.w3.org\/2000\/svg\" width=\"18\" height=\"18\" viewbox=\"0 0 100 100\" role=\"img\" aria-hidden=\"true\" focusable=\"false\"><path d=\"M 10,50 L 60,100 L 70,90 L 30,50  L 70,10 L 60,0 Z\"><\/path><\/svg><\/button><button class=\"glide__arrow glide__arrow--right\" data-glide-dir=\"&gt;\"><svg xmlns=\"http:\/\/www.w3.org\/2000\/svg\" width=\"18\" height=\"18\" viewbox=\"0 0 100 100\" role=\"img\" aria-hidden=\"true\" focusable=\"false\"><path d=\"M 10,50 L 60,100 L 70,90 L 30,50  L 70,10 L 60,0 Z\"><\/path><\/svg><\/button><\/div><div class=\"glide__bullets\" data-glide-el=\"controls[nav]\"><button class=\"glide__bullet\" data-glide-dir=\"=0\"><\/button><button class=\"glide__bullet\" data-glide-dir=\"=1\"><\/button><button class=\"glide__bullet\" data-glide-dir=\"=2\"><\/button><button class=\"glide__bullet\" data-glide-dir=\"=3\"><\/button><button class=\"glide__bullet\" data-glide-dir=\"=4\"><\/button><button class=\"glide__bullet\" data-glide-dir=\"=5\"><\/button><button class=\"glide__bullet\" data-glide-dir=\"=6\"><\/button><button class=\"glide__bullet\" data-glide-dir=\"=7\"><\/button><button class=\"glide__bullet\" data-glide-dir=\"=8\"><\/button><\/div><\/div><\/div>\n\n\n\n<p><strong>Venta\nPiso Andorra la Vella<\/strong><\/p>\n\n\n\n<p><strong>Avinguda\nde Tarragona<\/strong><\/p>\n\n\n\n<p>Venta Piso , 4 Piezas, 3 Dormitorios, 121 M\u00b2,\n705.000&nbsp;\u20ac<\/p>\n\n\n\n<ul class=\"wp-block-list\"><li><strong>REF: CG0088<\/strong><\/li><li>705.000&nbsp;\u20ac<\/li><\/ul>\n\n\n\n<ul class=\"wp-block-list\"><li>Piezas&nbsp;4 piezas<\/li><li>Superficie&nbsp;121 m\u00b2<\/li><li>Planta&nbsp;2\u00b0 Planta \/ 5<\/li><li>Vista&nbsp;Panor\u00e1mica Ciudad\n     Monta\u00f1as<\/li><li>3 Dormitorios<\/li><li>1 Cocina<\/li><li>2 Cuartos de ba\u00f1o<\/li><li>1 Aparcamiento interior<\/li><li>1 Sol\u00e1rium<\/li><li>1 Terraza&nbsp;13 m\u00b2<\/li><li>1 Balc\u00f3n<\/li><li>Cerca de Piscina p\u00fablica<\/li><li>Prestaciones: Internet,\n     Portero autom\u00e1tico, Ventilaci\u00f3n de flujo simple<\/li><\/ul>\n\n\n\n<p><strong><em>English Version <\/em><\/strong><\/p>\n\n\n\n<p><strong>For Sale Apartment Andorra la Vella<\/strong><\/p>\n\n\n\n<p><strong>Avinguda de Tarragona<\/strong><\/p>\n\n\n\n<p>For Sale Apartment , 4 Rooms,\n3 Bedrooms, 121 M\u00b2, \u20ac705,000<\/p>\n\n\n\n<ul class=\"wp-block-list\"><li><strong>REF: CG0088<\/strong><\/li><li>\u20ac705,000<\/li><\/ul>\n\n\n\n<ul class=\"wp-block-list\"><li>Rooms&nbsp;4 rooms<\/li><li>Area&nbsp;121 m\u00b2<\/li><li>Floor&nbsp;2nd floor \/ 5<\/li><li>View&nbsp;Panoramic City\n     Mountains<\/li><li>3 Bedrooms<\/li><li>1 Kitchen<\/li><li>2 Bathrooms<\/li><li>1 Indoor parking<\/li><li>1 Solarium<\/li><li>1 Terrace&nbsp;13 m\u00b2<\/li><li>1 Balcony<\/li><li>Proximities: Public pool<\/li><li>Services: Internet, Intercom, Simple flow ventilation<\/li><\/ul>\n\n\n\n<p><strong><em>Version\nFran\u00e7ais<\/em><\/strong><\/p>\n\n\n\n<p><strong>\u00c1\nvendre Appartement Andorra la Vella<\/strong><\/p>\n\n\n\n<p><strong>Avinguda\nde Tarragona<\/strong><\/p>\n\n\n\n<p>\u00c1\nvendre Appartement , 4 Pi\u00e8ces, 3 Chambres, 121 M\u00b2, 705\u202f000&nbsp;\u20ac<\/p>\n\n\n\n<ul class=\"wp-block-list\"><li><strong>REF: CG0088<\/strong><\/li><\/ul>\n\n\n\n<ul class=\"wp-block-list\"><li>705\u202f000&nbsp;\u20ac<\/li><li>Pi\u00e8ces&nbsp;4 pi\u00e8ces<\/li><li>Surface&nbsp;121 m\u00b2<\/li><li>\u00c9tage&nbsp;2\u00e8me \u00e9tage \/ 5<\/li><li>Vue&nbsp;Panoramique Ville\n     Montagnes<\/li><li>3 Chambres<\/li><li>1 Cuisine&nbsp;Am\u00e9nag\u00e9e<\/li><li>2 Salles de bains<\/li><li>1 Parking int\u00e9rieur<\/li><li>1 Solarium<\/li><li>1 Terrasse&nbsp;13 m\u00b2<\/li><li>1 Balcon<\/li><li>Proximit\u00e9s Piscine publique<\/li><li>Prestations: Internet, Interphone, Ventilation simple flux<\/li><\/ul>\n","protected":false},"excerpt":{"rendered":"<p>Venta Piso Andorra la Vella Avinguda de Tarragona Venta Piso , 4 Piezas, 3 Dormitorios, 121 M\u00b2, 705.000&nbsp;\u20ac REF: CG0088 705.000&nbsp;\u20ac Piezas&nbsp;4 piezas Superficie&nbsp;121 m\u00b2 Planta&nbsp;2\u00b0 Planta \/ 5 Vista&nbsp;Panor\u00e1mica Ciudad Monta\u00f1as 3 Dormitorios 1 Cocina 2 Cuartos de ba\u00f1o 1 Aparcamiento interior 1 Sol\u00e1rium 1 Terraza&nbsp;13 m\u00b2 1 Balc\u00f3n Cerca de Piscina p\u00fablica Prestaciones: &hellip; <\/p>\n<p class=\"link-more\"><a href=\"https:\/\/coelloglobal.com\/index.php\/venta-piso-andorra-705-000-e-ref-cg0088\/\" class=\"more-link\">Continue reading<span class=\"screen-reader-text\"> &#8220;Venta Piso Andorra 705.000 \u20ac -REF: CG0088&#8221;<\/span><\/a><\/p>\n","protected":false},"author":1,"featured_media":4358,"parent":0,"menu_order":0,"comment_status":"closed","ping_status":"closed","template":"","meta":{"footnotes":""},"class_list":["post-4349","page","type-page","status-publish","has-post-thumbnail","hentry"],"_links":{"self":[{"href":"https:\/\/coelloglobal.com\/index.php\/wp-json\/wp\/v2\/pages\/4349","targetHints":{"allow":["GET"]}}],"collection":[{"href":"https:\/\/coelloglobal.com\/index.php\/wp-json\/wp\/v2\/pages"}],"about":[{"href":"https:\/\/coelloglobal.com\/index.php\/wp-json\/wp\/v2\/types\/page"}],"author":[{"embeddable":true,"href":"https:\/\/coelloglobal.com\/index.php\/wp-json\/wp\/v2\/users\/1"}],"replies":[{"embeddable":true,"href":"https:\/\/coelloglobal.com\/index.php\/wp-json\/wp\/v2\/comments?post=4349"}],"version-history":[{"count":3,"href":"https:\/\/coelloglobal.com\/index.php\/wp-json\/wp\/v2\/pages\/4349\/revisions"}],"predecessor-version":[{"id":4363,"href":"https:\/\/coelloglobal.com\/index.php\/wp-json\/wp\/v2\/pages\/4349\/revisions\/4363"}],"wp:featuredmedia":[{"embeddable":true,"href":"https:\/\/coelloglobal.com\/index.php\/wp-json\/wp\/v2\/media\/4358"}],"wp:attachment":[{"href":"https:\/\/coelloglobal.com\/index.php\/wp-json\/wp\/v2\/media?parent=4349"}],"curies":[{"name":"wp","href":"https:\/\/api.w.org\/{rel}","templated":true}]}}