{"id":4366,"date":"2023-11-15T21:44:33","date_gmt":"2023-11-15T21:44:33","guid":{"rendered":"http:\/\/coelloglobal.com\/?page_id=4366"},"modified":"2023-11-15T21:47:56","modified_gmt":"2023-11-15T21:47:56","slug":"venta-casa-ciudad-quesada-alicante-701-844-e-ref-cg0089","status":"publish","type":"page","link":"https:\/\/coelloglobal.com\/index.php\/venta-casa-ciudad-quesada-alicante-701-844-e-ref-cg0089\/","title":{"rendered":"Venta Casa Ciudad Quesada- Alicante-701.845 \u20ac \tREF: CG0089"},"content":{"rendered":"\n<div id=\"wp-block-themeisle-blocks-slider-8cd1c15f\" class=\"wp-block-themeisle-blocks-slider glide\" data-per-view=\"1\" data-gap=\"0\" data-peek=\"0\" data-autoplay=\"true\" data-height=\"400px\"><div class=\"glide__track\" data-glide-el=\"track\"><div class=\"glide__slides\"><div class=\"wp-block-themeisle-blocks-slider-item-wrapper glide__slide\" tabindex=\"0\"><figure><img decoding=\"async\" class=\"wp-block-themeisle-blocks-slider-item\" src=\"http:\/\/coelloglobal.com\/wp-content\/uploads\/2023\/11\/FOTO-3-5.jpg\" alt=\"\" title=\"\" data-id=\"4367\"\/><\/figure><\/div><div class=\"wp-block-themeisle-blocks-slider-item-wrapper glide__slide\" tabindex=\"0\"><figure><img decoding=\"async\" class=\"wp-block-themeisle-blocks-slider-item\" src=\"http:\/\/coelloglobal.com\/wp-content\/uploads\/2023\/11\/FOTO-4-4.jpg\" alt=\"\" title=\"\" data-id=\"4368\"\/><\/figure><\/div><div class=\"wp-block-themeisle-blocks-slider-item-wrapper glide__slide\" tabindex=\"0\"><figure><img decoding=\"async\" class=\"wp-block-themeisle-blocks-slider-item\" src=\"http:\/\/coelloglobal.com\/wp-content\/uploads\/2023\/11\/FOTO-5-4.jpg\" alt=\"\" title=\"\" data-id=\"4369\"\/><\/figure><\/div><div class=\"wp-block-themeisle-blocks-slider-item-wrapper glide__slide\" tabindex=\"0\"><figure><img decoding=\"async\" class=\"wp-block-themeisle-blocks-slider-item\" src=\"http:\/\/coelloglobal.com\/wp-content\/uploads\/2023\/11\/FOTO-6-4.jpg\" alt=\"\" title=\"\" data-id=\"4370\"\/><\/figure><\/div><div class=\"wp-block-themeisle-blocks-slider-item-wrapper glide__slide\" tabindex=\"0\"><figure><img decoding=\"async\" class=\"wp-block-themeisle-blocks-slider-item\" src=\"http:\/\/coelloglobal.com\/wp-content\/uploads\/2023\/11\/FOTO-7-4.jpg\" alt=\"\" title=\"\" data-id=\"4371\"\/><\/figure><\/div><div class=\"wp-block-themeisle-blocks-slider-item-wrapper glide__slide\" tabindex=\"0\"><figure><img decoding=\"async\" class=\"wp-block-themeisle-blocks-slider-item\" src=\"http:\/\/coelloglobal.com\/wp-content\/uploads\/2023\/11\/FOTO-8-4.jpg\" alt=\"\" title=\"\" data-id=\"4372\"\/><\/figure><\/div><div class=\"wp-block-themeisle-blocks-slider-item-wrapper glide__slide\" tabindex=\"0\"><figure><img decoding=\"async\" class=\"wp-block-themeisle-blocks-slider-item\" src=\"http:\/\/coelloglobal.com\/wp-content\/uploads\/2023\/11\/FOTO-9-5.jpg\" alt=\"\" title=\"\" data-id=\"4373\"\/><\/figure><\/div><div class=\"wp-block-themeisle-blocks-slider-item-wrapper glide__slide\" tabindex=\"0\"><figure><img decoding=\"async\" class=\"wp-block-themeisle-blocks-slider-item\" src=\"http:\/\/coelloglobal.com\/wp-content\/uploads\/2023\/11\/FOTO-10-3.jpg\" alt=\"\" title=\"\" data-id=\"4374\"\/><\/figure><\/div><div class=\"wp-block-themeisle-blocks-slider-item-wrapper glide__slide\" tabindex=\"0\"><figure><img decoding=\"async\" class=\"wp-block-themeisle-blocks-slider-item\" src=\"http:\/\/coelloglobal.com\/wp-content\/uploads\/2023\/11\/FOTO-11-3.jpg\" alt=\"\" title=\"\" data-id=\"4375\"\/><\/figure><\/div><div class=\"wp-block-themeisle-blocks-slider-item-wrapper glide__slide\" tabindex=\"0\"><figure><img decoding=\"async\" class=\"wp-block-themeisle-blocks-slider-item\" src=\"http:\/\/coelloglobal.com\/wp-content\/uploads\/2023\/11\/FOTO-21.jpg\" alt=\"\" title=\"\" data-id=\"4376\"\/><\/figure><\/div><\/div><div class=\"glide__arrows\" data-glide-el=\"controls\"><button class=\"glide__arrow glide__arrow--left\" data-glide-dir=\"<\"><svg xmlns=\"http:\/\/www.w3.org\/2000\/svg\" width=\"18\" height=\"18\" viewbox=\"0 0 100 100\" role=\"img\" aria-hidden=\"true\" focusable=\"false\"><path d=\"M 10,50 L 60,100 L 70,90 L 30,50  L 70,10 L 60,0 Z\"><\/path><\/svg><\/button><button class=\"glide__arrow glide__arrow--right\" data-glide-dir=\"&gt;\"><svg xmlns=\"http:\/\/www.w3.org\/2000\/svg\" width=\"18\" height=\"18\" viewbox=\"0 0 100 100\" role=\"img\" aria-hidden=\"true\" focusable=\"false\"><path d=\"M 10,50 L 60,100 L 70,90 L 30,50  L 70,10 L 60,0 Z\"><\/path><\/svg><\/button><\/div><div class=\"glide__bullets\" data-glide-el=\"controls[nav]\"><button class=\"glide__bullet\" data-glide-dir=\"=0\"><\/button><button class=\"glide__bullet\" data-glide-dir=\"=1\"><\/button><button class=\"glide__bullet\" data-glide-dir=\"=2\"><\/button><button class=\"glide__bullet\" data-glide-dir=\"=3\"><\/button><button class=\"glide__bullet\" data-glide-dir=\"=4\"><\/button><button class=\"glide__bullet\" data-glide-dir=\"=5\"><\/button><button class=\"glide__bullet\" data-glide-dir=\"=6\"><\/button><button class=\"glide__bullet\" data-glide-dir=\"=7\"><\/button><button class=\"glide__bullet\" data-glide-dir=\"=8\"><\/button><button class=\"glide__bullet\" data-glide-dir=\"=9\"><\/button><\/div><\/div><\/div>\n\n\n\n<p><strong>Venta\nCasa Ciudad Quesada- Alicante<\/strong><\/p>\n\n\n\n<p><strong>Avenida\nZamora<\/strong><\/p>\n\n\n\n<p>Venta Casa Ciudad Quesada, 4 Piezas, 3 Dormitorios, 225 M\u00b2, 701.845\u00a0\u20ac<\/p>\n\n\n\n<ul class=\"wp-block-list\"><li><strong>REF: CG0089<\/strong><\/li><\/ul>\n\n\n\n<ul class=\"wp-block-list\"><li>701.845\u00a0\u20ac<\/li><li>Piezas\u00a04 piezas<\/li><li>Superficie\u00a0225 m\u00b2<\/li><li>Vista\u00a0Panor\u00e1mica<\/li><li>3 Dormitorios<\/li><li>1 Cocina<\/li><li>3 Cuartos de ba\u00f1o<\/li><li>2 Aparcamientos interior<\/li><li>1 Sol\u00e1rium\u00a0110 m\u00b2<\/li><li>2 Terrazas\u00a073 m\u00b2<\/li><li>1 Jard\u00edn\u00a0415 m\u00b2<\/li><li>Cerca de Piscina p\u00fablica<\/li><li>Prestaciones: Portero      autom\u00e1tico<\/li><\/ul>\n\n\n\n<p><strong><em>English\nVersion<\/em><\/strong><\/p>\n\n\n\n<p><strong>For\nSale House Ciudad Quesada- Alicante<\/strong><\/p>\n\n\n\n<p><strong>Avenida\nZamora<\/strong><strong><em> <\/em><\/strong><\/p>\n\n\n\n<p>For Sale House Ciudad Quesada, 4 Rooms, 3 Bedrooms, 225 M\u00b2, \u20ac701,845<\/p>\n\n\n\n<ul class=\"wp-block-list\"><li><strong>REF: CG0089<\/strong><\/li><\/ul>\n\n\n\n<ul class=\"wp-block-list\"><li>\u20ac701,845<\/li><li>Rooms\u00a04 rooms<\/li><li>Area\u00a0225 m\u00b2<\/li><li>View\u00a0Panoramic<\/li><li>3 Bedrooms<\/li><li>1 Kitchen<\/li><li>3 Bathrooms<\/li><li>2 Indoor parkings<\/li><li>1 Solarium\u00a0110 m\u00b2<\/li><li>2 Terraces\u00a073 m\u00b2<\/li><li>1 Garden\u00a0415 m\u00b2<\/li><li>Proximities: Public pool<\/li><li>Services: Intercom<\/li><\/ul>\n\n\n\n<p><strong><em>Version\nFran\u00e7ais<\/em><\/strong><\/p>\n\n\n\n<p><strong>\u00c1\nvendre Maison Ciudad Quesada- Alicante<\/strong><\/p>\n\n\n\n<p><strong>Avenida\nZamora<\/strong><strong><em> <\/em><\/strong><\/p>\n\n\n\n<p>\u00c1 vendre Maison Ciudad Quesada, 4 Pi\u00e8ces, 3 Chambres, 225 M\u00b2, 701\u202f8445\u00a0\u20ac<\/p>\n\n\n\n<ul class=\"wp-block-list\"><li><strong>REF: CG0089<\/strong><\/li><li>701\u202f845\u00a0\u20ac<\/li><\/ul>\n\n\n\n<ul class=\"wp-block-list\"><li>Pi\u00e8ces&nbsp;4 pi\u00e8ces<\/li><li>Surface&nbsp;225 m\u00b2<\/li><li>Vue&nbsp;Panoramique<\/li><li>3 Chambres<\/li><li>1 Cuisine&nbsp;Am\u00e9nag\u00e9e\n     Am\u00e9ricaine<\/li><li>3 Salles de bains<\/li><li>2 Parkings int\u00e9rieurs<\/li><li>1 Solarium&nbsp;110 m\u00b2<\/li><li>2 Terrasses&nbsp;73 m\u00b2<\/li><li>1 Jardin&nbsp;415 m\u00b2<\/li><li>Proximities: Piscine\n     publique<\/li><li>Prestations: Interphone<\/li><\/ul>\n","protected":false},"excerpt":{"rendered":"<p>Venta Casa Ciudad Quesada- Alicante Avenida Zamora Venta Casa Ciudad Quesada, 4 Piezas, 3 Dormitorios, 225 M\u00b2, 701.845\u00a0\u20ac REF: CG0089 701.845\u00a0\u20ac Piezas\u00a04 piezas Superficie\u00a0225 m\u00b2 Vista\u00a0Panor\u00e1mica 3 Dormitorios 1 Cocina 3 Cuartos de ba\u00f1o 2 Aparcamientos interior 1 Sol\u00e1rium\u00a0110 m\u00b2 2 Terrazas\u00a073 m\u00b2 1 Jard\u00edn\u00a0415 m\u00b2 Cerca de Piscina p\u00fablica Prestaciones: Portero autom\u00e1tico English Version &hellip; <\/p>\n<p class=\"link-more\"><a href=\"https:\/\/coelloglobal.com\/index.php\/venta-casa-ciudad-quesada-alicante-701-844-e-ref-cg0089\/\" class=\"more-link\">Continue reading<span class=\"screen-reader-text\"> &#8220;Venta Casa Ciudad Quesada- Alicante-701.845 \u20ac \tREF: CG0089&#8221;<\/span><\/a><\/p>\n","protected":false},"author":1,"featured_media":0,"parent":0,"menu_order":0,"comment_status":"closed","ping_status":"closed","template":"","meta":{"footnotes":""},"class_list":["post-4366","page","type-page","status-publish","hentry"],"_links":{"self":[{"href":"https:\/\/coelloglobal.com\/index.php\/wp-json\/wp\/v2\/pages\/4366","targetHints":{"allow":["GET"]}}],"collection":[{"href":"https:\/\/coelloglobal.com\/index.php\/wp-json\/wp\/v2\/pages"}],"about":[{"href":"https:\/\/coelloglobal.com\/index.php\/wp-json\/wp\/v2\/types\/page"}],"author":[{"embeddable":true,"href":"https:\/\/coelloglobal.com\/index.php\/wp-json\/wp\/v2\/users\/1"}],"replies":[{"embeddable":true,"href":"https:\/\/coelloglobal.com\/index.php\/wp-json\/wp\/v2\/comments?post=4366"}],"version-history":[{"count":2,"href":"https:\/\/coelloglobal.com\/index.php\/wp-json\/wp\/v2\/pages\/4366\/revisions"}],"predecessor-version":[{"id":4381,"href":"https:\/\/coelloglobal.com\/index.php\/wp-json\/wp\/v2\/pages\/4366\/revisions\/4381"}],"wp:attachment":[{"href":"https:\/\/coelloglobal.com\/index.php\/wp-json\/wp\/v2\/media?parent=4366"}],"curies":[{"name":"wp","href":"https:\/\/api.w.org\/{rel}","templated":true}]}}