{"id":4382,"date":"2023-11-15T21:52:02","date_gmt":"2023-11-15T21:52:02","guid":{"rendered":"http:\/\/coelloglobal.com\/?page_id=4382"},"modified":"2023-11-15T21:52:22","modified_gmt":"2023-11-15T21:52:22","slug":"venta-villa-ciudad-quesada-alicante-679-900-e-ref-cg0090","status":"publish","type":"page","link":"https:\/\/coelloglobal.com\/index.php\/venta-villa-ciudad-quesada-alicante-679-900-e-ref-cg0090\/","title":{"rendered":"Venta Villa Ciudad Quesada- Alicante -679.900 \u20ac \tREF: CG0090"},"content":{"rendered":"\n<div id=\"wp-block-themeisle-blocks-slider-fbdb842f\" class=\"wp-block-themeisle-blocks-slider glide\" data-per-view=\"1\" data-gap=\"0\" data-peek=\"0\" data-autoplay=\"true\" data-height=\"400px\"><div class=\"glide__track\" data-glide-el=\"track\"><div class=\"glide__slides\"><div class=\"wp-block-themeisle-blocks-slider-item-wrapper glide__slide\" tabindex=\"0\"><figure><img decoding=\"async\" class=\"wp-block-themeisle-blocks-slider-item\" src=\"http:\/\/coelloglobal.com\/wp-content\/uploads\/2023\/11\/FOTO-3-7.jpg\" alt=\"\" title=\"\" data-id=\"4384\"\/><\/figure><\/div><div class=\"wp-block-themeisle-blocks-slider-item-wrapper glide__slide\" tabindex=\"0\"><figure><img decoding=\"async\" class=\"wp-block-themeisle-blocks-slider-item\" src=\"http:\/\/coelloglobal.com\/wp-content\/uploads\/2023\/11\/FOTO-4-5.jpg\" alt=\"\" title=\"\" data-id=\"4385\"\/><\/figure><\/div><div class=\"wp-block-themeisle-blocks-slider-item-wrapper glide__slide\" tabindex=\"0\"><figure><img decoding=\"async\" class=\"wp-block-themeisle-blocks-slider-item\" src=\"http:\/\/coelloglobal.com\/wp-content\/uploads\/2023\/11\/FOTO-5-5.jpg\" alt=\"\" title=\"\" data-id=\"4386\"\/><\/figure><\/div><div class=\"wp-block-themeisle-blocks-slider-item-wrapper glide__slide\" tabindex=\"0\"><figure><img decoding=\"async\" class=\"wp-block-themeisle-blocks-slider-item\" src=\"http:\/\/coelloglobal.com\/wp-content\/uploads\/2023\/11\/FOTO-6-5.jpg\" alt=\"\" title=\"\" data-id=\"4387\"\/><\/figure><\/div><div class=\"wp-block-themeisle-blocks-slider-item-wrapper glide__slide\" tabindex=\"0\"><figure><img decoding=\"async\" class=\"wp-block-themeisle-blocks-slider-item\" src=\"http:\/\/coelloglobal.com\/wp-content\/uploads\/2023\/11\/FOTO-7-5.jpg\" alt=\"\" title=\"\" data-id=\"4388\"\/><\/figure><\/div><div class=\"wp-block-themeisle-blocks-slider-item-wrapper glide__slide\" tabindex=\"0\"><figure><img decoding=\"async\" class=\"wp-block-themeisle-blocks-slider-item\" src=\"http:\/\/coelloglobal.com\/wp-content\/uploads\/2023\/11\/FOTO-8-5.jpg\" alt=\"\" title=\"\" data-id=\"4389\"\/><\/figure><\/div><div class=\"wp-block-themeisle-blocks-slider-item-wrapper glide__slide\" tabindex=\"0\"><figure><img decoding=\"async\" class=\"wp-block-themeisle-blocks-slider-item\" src=\"http:\/\/coelloglobal.com\/wp-content\/uploads\/2023\/11\/FOTO-9-6.jpg\" alt=\"\" title=\"\" data-id=\"4390\"\/><\/figure><\/div><div class=\"wp-block-themeisle-blocks-slider-item-wrapper glide__slide\" tabindex=\"0\"><figure><img decoding=\"async\" class=\"wp-block-themeisle-blocks-slider-item\" src=\"http:\/\/coelloglobal.com\/wp-content\/uploads\/2023\/11\/FOTO-10-4.jpg\" alt=\"\" title=\"\" data-id=\"4391\"\/><\/figure><\/div><div class=\"wp-block-themeisle-blocks-slider-item-wrapper glide__slide\" tabindex=\"0\"><figure><img decoding=\"async\" class=\"wp-block-themeisle-blocks-slider-item\" src=\"http:\/\/coelloglobal.com\/wp-content\/uploads\/2023\/11\/FOTO-11-4.jpg\" alt=\"\" title=\"\" data-id=\"4392\"\/><\/figure><\/div><div class=\"wp-block-themeisle-blocks-slider-item-wrapper glide__slide\" tabindex=\"0\"><figure><img decoding=\"async\" class=\"wp-block-themeisle-blocks-slider-item\" src=\"http:\/\/coelloglobal.com\/wp-content\/uploads\/2023\/11\/FOTO-12-1.jpg\" alt=\"\" title=\"\" data-id=\"4393\"\/><\/figure><\/div><div class=\"wp-block-themeisle-blocks-slider-item-wrapper glide__slide\" tabindex=\"0\"><figure><img decoding=\"async\" class=\"wp-block-themeisle-blocks-slider-item\" src=\"http:\/\/coelloglobal.com\/wp-content\/uploads\/2023\/11\/FOTO-13-1.jpg\" alt=\"\" title=\"\" data-id=\"4394\"\/><\/figure><\/div><div class=\"wp-block-themeisle-blocks-slider-item-wrapper glide__slide\" tabindex=\"0\"><figure><img decoding=\"async\" class=\"wp-block-themeisle-blocks-slider-item\" src=\"http:\/\/coelloglobal.com\/wp-content\/uploads\/2023\/11\/FOTO-14-1.jpg\" alt=\"\" title=\"\" data-id=\"4395\"\/><\/figure><\/div><div class=\"wp-block-themeisle-blocks-slider-item-wrapper glide__slide\" tabindex=\"0\"><figure><img decoding=\"async\" class=\"wp-block-themeisle-blocks-slider-item\" src=\"http:\/\/coelloglobal.com\/wp-content\/uploads\/2023\/11\/FOTO-15-1.jpg\" alt=\"\" title=\"\" data-id=\"4396\"\/><\/figure><\/div><div class=\"wp-block-themeisle-blocks-slider-item-wrapper glide__slide\" tabindex=\"0\"><figure><img decoding=\"async\" class=\"wp-block-themeisle-blocks-slider-item\" src=\"http:\/\/coelloglobal.com\/wp-content\/uploads\/2023\/11\/FOTO-16-1.jpg\" alt=\"\" title=\"\" data-id=\"4397\"\/><\/figure><\/div><div class=\"wp-block-themeisle-blocks-slider-item-wrapper glide__slide\" tabindex=\"0\"><figure><img decoding=\"async\" class=\"wp-block-themeisle-blocks-slider-item\" src=\"http:\/\/coelloglobal.com\/wp-content\/uploads\/2023\/11\/FOTO-17.jpg\" alt=\"\" title=\"\" data-id=\"4398\"\/><\/figure><\/div><div class=\"wp-block-themeisle-blocks-slider-item-wrapper glide__slide\" tabindex=\"0\"><figure><img decoding=\"async\" class=\"wp-block-themeisle-blocks-slider-item\" src=\"http:\/\/coelloglobal.com\/wp-content\/uploads\/2023\/11\/FOTO-18.jpg\" alt=\"\" title=\"\" data-id=\"4399\"\/><\/figure><\/div><div class=\"wp-block-themeisle-blocks-slider-item-wrapper glide__slide\" tabindex=\"0\"><figure><img decoding=\"async\" class=\"wp-block-themeisle-blocks-slider-item\" src=\"http:\/\/coelloglobal.com\/wp-content\/uploads\/2023\/11\/FOTO-19.jpg\" alt=\"\" title=\"\" data-id=\"4400\"\/><\/figure><\/div><div class=\"wp-block-themeisle-blocks-slider-item-wrapper glide__slide\" tabindex=\"0\"><figure><img decoding=\"async\" class=\"wp-block-themeisle-blocks-slider-item\" src=\"http:\/\/coelloglobal.com\/wp-content\/uploads\/2023\/11\/FOTO-20.jpg\" alt=\"\" title=\"\" data-id=\"4401\"\/><\/figure><\/div><\/div><div class=\"glide__arrows\" data-glide-el=\"controls\"><button class=\"glide__arrow glide__arrow--left\" data-glide-dir=\"<\"><svg xmlns=\"http:\/\/www.w3.org\/2000\/svg\" width=\"18\" height=\"18\" viewbox=\"0 0 100 100\" role=\"img\" aria-hidden=\"true\" focusable=\"false\"><path d=\"M 10,50 L 60,100 L 70,90 L 30,50  L 70,10 L 60,0 Z\"><\/path><\/svg><\/button><button class=\"glide__arrow glide__arrow--right\" data-glide-dir=\"&gt;\"><svg xmlns=\"http:\/\/www.w3.org\/2000\/svg\" width=\"18\" height=\"18\" viewbox=\"0 0 100 100\" role=\"img\" aria-hidden=\"true\" focusable=\"false\"><path d=\"M 10,50 L 60,100 L 70,90 L 30,50  L 70,10 L 60,0 Z\"><\/path><\/svg><\/button><\/div><div class=\"glide__bullets\" data-glide-el=\"controls[nav]\"><button class=\"glide__bullet\" data-glide-dir=\"=0\"><\/button><button class=\"glide__bullet\" data-glide-dir=\"=1\"><\/button><button class=\"glide__bullet\" data-glide-dir=\"=2\"><\/button><button class=\"glide__bullet\" data-glide-dir=\"=3\"><\/button><button class=\"glide__bullet\" data-glide-dir=\"=4\"><\/button><button class=\"glide__bullet\" data-glide-dir=\"=5\"><\/button><button class=\"glide__bullet\" data-glide-dir=\"=6\"><\/button><button class=\"glide__bullet\" data-glide-dir=\"=7\"><\/button><button class=\"glide__bullet\" data-glide-dir=\"=8\"><\/button><button class=\"glide__bullet\" data-glide-dir=\"=9\"><\/button><button class=\"glide__bullet\" data-glide-dir=\"=10\"><\/button><button class=\"glide__bullet\" data-glide-dir=\"=11\"><\/button><button class=\"glide__bullet\" data-glide-dir=\"=12\"><\/button><button class=\"glide__bullet\" data-glide-dir=\"=13\"><\/button><button class=\"glide__bullet\" data-glide-dir=\"=14\"><\/button><button class=\"glide__bullet\" data-glide-dir=\"=15\"><\/button><button class=\"glide__bullet\" data-glide-dir=\"=16\"><\/button><button class=\"glide__bullet\" data-glide-dir=\"=17\"><\/button><\/div><\/div><\/div>\n\n\n\n<p><strong>Venta\nVilla Ciudad Quesada- Alicante<\/strong><\/p>\n\n\n\n<p><strong>Calle\nSorolla<\/strong><\/p>\n\n\n\n<p>Venta Villa Ciudad Quesada, 4 Piezas, 3 Dormitorios,\n146 M\u00b2, 679.900&nbsp;\u20ac<\/p>\n\n\n\n<ul class=\"wp-block-list\"><li><strong>REF: CG0090<\/strong><\/li><\/ul>\n\n\n\n<ul class=\"wp-block-list\"><li>679.900&nbsp;\u20ac<\/li><li>Piezas&nbsp;4 piezas<\/li><li>Superficie&nbsp;146 m\u00b2<\/li><li>Vista&nbsp;Panor\u00e1mica<\/li><li>3 Dormitorios<\/li><li>1 Cocina<\/li><li>3 Cuartos de ba\u00f1o<\/li><li>1 Terreno&nbsp;530 m\u00b2<\/li><li>1 Aparcamiento interior<\/li><li>1 Aparcamiento exterior<\/li><li>1 Terraza&nbsp;19 m\u00b2<\/li><li>1 Jard\u00edn&nbsp;530 m\u00b2<\/li><li>Cerca de Piscina p\u00fablica<\/li><li>Impuesto sobre Bienes\n     Inmuebles&nbsp;450 \u20ac \/ a\u00f1o<\/li><li>Prestaciones: Internet,\n     Portero autom\u00e1tico, Ventilaci\u00f3n de flujo simple<\/li><\/ul>\n\n\n\n<p><strong><em>Version\nFran\u00e7ais<\/em><\/strong><\/p>\n\n\n\n<p><strong>\u00c1\nvendre Villa Ciudad Quesada- Alicante<\/strong><\/p>\n\n\n\n<p><strong>Calle\nSorolla<\/strong><\/p>\n\n\n\n<p>\u00c1 vendre Villa Ciudad Quesada, 4 Pi\u00e8ces, 3 Chambres,\n146 M\u00b2, 679\u202f900&nbsp;\u20ac<\/p>\n\n\n\n<ul class=\"wp-block-list\"><li><strong>REF: CG0090<\/strong><\/li><li>679\u202f900&nbsp;\u20ac<\/li><\/ul>\n\n\n\n<ul class=\"wp-block-list\"><li>Pi\u00e8ces&nbsp;4 pi\u00e8ces<\/li><li>Surface&nbsp;146 m\u00b2<\/li><li>Vue&nbsp;Panoramique<\/li><li>3 Chambres<\/li><li>1 Cuisine&nbsp;Am\u00e9nag\u00e9e Am\u00e9ricaine<\/li><li>3 Salles de bains<\/li><li>1 Terrain&nbsp;530 m\u00b2<\/li><li>1 Parking int\u00e9rieur<\/li><li>1 Parking ext\u00e9rieur<\/li><li>1 Terrasse&nbsp;19 m\u00b2<\/li><li>1 Jardin&nbsp;530 m\u00b2<\/li><li>Proximit\u00e9s: Piscine publique<\/li><li>Taxe fonci\u00e8re&nbsp;450 \u20ac \/\n     an<\/li><li>Prestations: Internet, Interphone, Ventilation simple flux<\/li><\/ul>\n\n\n\n<p><strong><em>English\nVersion<\/em><\/strong><\/p>\n\n\n\n<p><strong>For\nSale Villa Ciudad Quesada- Alicante<\/strong><\/p>\n\n\n\n<p><strong>Calle\nSorolla<\/strong><\/p>\n\n\n\n<p>For Sale Villa Ciudad Quesada, 4 Rooms, 3 Bedrooms,\n146 M\u00b2, \u20ac679,900<\/p>\n\n\n\n<ul class=\"wp-block-list\"><li><strong>REF: CG0090<\/strong><\/li><\/ul>\n\n\n\n<ul class=\"wp-block-list\"><li>\u20ac679,900<\/li><li>Rooms&nbsp;4 rooms<\/li><li>Area&nbsp;146 m\u00b2<\/li><li>View&nbsp;Panoramic<\/li><li>3 Bedrooms<\/li><li>1 Kitchen<\/li><li>3 Bathrooms<\/li><li>1 Land&nbsp;530 m\u00b2<\/li><li>1 Indoor parking<\/li><li>1 Outdoor parking<\/li><li>1 Terrace&nbsp;19 m\u00b2<\/li><li>1 Garden&nbsp;530 m\u00b2<\/li><li>Proximities: Public pool<\/li><li>Land value tax&nbsp;450 \u20ac \/\n     year<\/li><li>Services: Internet, Intercom, Simple flow ventilation<\/li><\/ul>\n","protected":false},"excerpt":{"rendered":"<p>Venta Villa Ciudad Quesada- Alicante Calle Sorolla Venta Villa Ciudad Quesada, 4 Piezas, 3 Dormitorios, 146 M\u00b2, 679.900&nbsp;\u20ac REF: CG0090 679.900&nbsp;\u20ac Piezas&nbsp;4 piezas Superficie&nbsp;146 m\u00b2 Vista&nbsp;Panor\u00e1mica 3 Dormitorios 1 Cocina 3 Cuartos de ba\u00f1o 1 Terreno&nbsp;530 m\u00b2 1 Aparcamiento interior 1 Aparcamiento exterior 1 Terraza&nbsp;19 m\u00b2 1 Jard\u00edn&nbsp;530 m\u00b2 Cerca de Piscina p\u00fablica Impuesto sobre &hellip; <\/p>\n<p class=\"link-more\"><a href=\"https:\/\/coelloglobal.com\/index.php\/venta-villa-ciudad-quesada-alicante-679-900-e-ref-cg0090\/\" class=\"more-link\">Continue reading<span class=\"screen-reader-text\"> &#8220;Venta Villa Ciudad Quesada- Alicante -679.900 \u20ac \tREF: CG0090&#8221;<\/span><\/a><\/p>\n","protected":false},"author":1,"featured_media":4395,"parent":0,"menu_order":0,"comment_status":"closed","ping_status":"closed","template":"","meta":{"footnotes":""},"class_list":["post-4382","page","type-page","status-publish","has-post-thumbnail","hentry"],"_links":{"self":[{"href":"https:\/\/coelloglobal.com\/index.php\/wp-json\/wp\/v2\/pages\/4382","targetHints":{"allow":["GET"]}}],"collection":[{"href":"https:\/\/coelloglobal.com\/index.php\/wp-json\/wp\/v2\/pages"}],"about":[{"href":"https:\/\/coelloglobal.com\/index.php\/wp-json\/wp\/v2\/types\/page"}],"author":[{"embeddable":true,"href":"https:\/\/coelloglobal.com\/index.php\/wp-json\/wp\/v2\/users\/1"}],"replies":[{"embeddable":true,"href":"https:\/\/coelloglobal.com\/index.php\/wp-json\/wp\/v2\/comments?post=4382"}],"version-history":[{"count":2,"href":"https:\/\/coelloglobal.com\/index.php\/wp-json\/wp\/v2\/pages\/4382\/revisions"}],"predecessor-version":[{"id":4403,"href":"https:\/\/coelloglobal.com\/index.php\/wp-json\/wp\/v2\/pages\/4382\/revisions\/4403"}],"wp:featuredmedia":[{"embeddable":true,"href":"https:\/\/coelloglobal.com\/index.php\/wp-json\/wp\/v2\/media\/4395"}],"wp:attachment":[{"href":"https:\/\/coelloglobal.com\/index.php\/wp-json\/wp\/v2\/media?parent=4382"}],"curies":[{"name":"wp","href":"https:\/\/api.w.org\/{rel}","templated":true}]}}