{"id":444,"date":"2020-06-18T20:53:00","date_gmt":"2020-06-18T20:53:00","guid":{"rendered":"http:\/\/coelloglobal.com\/?page_id=444"},"modified":"2026-03-02T14:35:39","modified_gmt":"2026-03-02T14:35:39","slug":"piso-en-venta-poble-sec-319-500-e","status":"publish","type":"page","link":"https:\/\/coelloglobal.com\/index.php\/piso-en-venta-poble-sec-319-500-e\/","title":{"rendered":"Piso en Venta Poble Sec &#8211; 319.500 \u20ac Ref: CG006"},"content":{"rendered":"\n<div id=\"wp-block-themeisle-blocks-slider-dd61d0a3\" class=\"wp-block-themeisle-blocks-slider glide\" data-per-view=\"1\" data-gap=\"0\" data-peek=\"0\" data-autoplay=\"true\" data-height=\"400px\"><div class=\"glide__track\" data-glide-el=\"track\"><div class=\"glide__slides\"><div class=\"wp-block-themeisle-blocks-slider-item-wrapper glide__slide\" tabindex=\"0\"><figure><img decoding=\"async\" class=\"wp-block-themeisle-blocks-slider-item\" src=\"http:\/\/coelloglobal.com\/wp-content\/uploads\/2020\/06\/ba\u00f1o-5.jpeg\" alt=\"\" title=\"\" data-id=\"445\"\/><\/figure><\/div><div class=\"wp-block-themeisle-blocks-slider-item-wrapper glide__slide\" tabindex=\"0\"><figure><img decoding=\"async\" class=\"wp-block-themeisle-blocks-slider-item\" src=\"http:\/\/coelloglobal.com\/wp-content\/uploads\/2020\/06\/ba\u00f1o1-1.jpeg\" alt=\"\" title=\"\" data-id=\"446\"\/><\/figure><\/div><div class=\"wp-block-themeisle-blocks-slider-item-wrapper glide__slide\" tabindex=\"0\"><figure><img decoding=\"async\" class=\"wp-block-themeisle-blocks-slider-item\" src=\"http:\/\/coelloglobal.com\/wp-content\/uploads\/2020\/06\/ba\u00f1o2-1.jpeg\" alt=\"\" title=\"\" data-id=\"447\"\/><\/figure><\/div><div class=\"wp-block-themeisle-blocks-slider-item-wrapper glide__slide\" tabindex=\"0\"><figure><img decoding=\"async\" class=\"wp-block-themeisle-blocks-slider-item\" src=\"http:\/\/coelloglobal.com\/wp-content\/uploads\/2020\/06\/ba\u00f1o3-1.jpeg\" alt=\"\" title=\"\" data-id=\"448\"\/><\/figure><\/div><div class=\"wp-block-themeisle-blocks-slider-item-wrapper glide__slide\" tabindex=\"0\"><figure><img decoding=\"async\" class=\"wp-block-themeisle-blocks-slider-item\" src=\"http:\/\/coelloglobal.com\/wp-content\/uploads\/2020\/06\/ba\u00f1o4-1.jpeg\" alt=\"\" title=\"\" data-id=\"449\"\/><\/figure><\/div><div class=\"wp-block-themeisle-blocks-slider-item-wrapper glide__slide\" tabindex=\"0\"><figure><img decoding=\"async\" class=\"wp-block-themeisle-blocks-slider-item\" src=\"http:\/\/coelloglobal.com\/wp-content\/uploads\/2020\/06\/cocina-2-2.jpeg\" alt=\"\" title=\"\" data-id=\"450\"\/><\/figure><\/div><div class=\"wp-block-themeisle-blocks-slider-item-wrapper glide__slide\" tabindex=\"0\"><figure><img decoding=\"async\" class=\"wp-block-themeisle-blocks-slider-item\" src=\"http:\/\/coelloglobal.com\/wp-content\/uploads\/2020\/06\/cocina-6.jpeg\" alt=\"\" title=\"\" data-id=\"451\"\/><\/figure><\/div><div class=\"wp-block-themeisle-blocks-slider-item-wrapper glide__slide\" tabindex=\"0\"><figure><img decoding=\"async\" class=\"wp-block-themeisle-blocks-slider-item\" src=\"http:\/\/coelloglobal.com\/wp-content\/uploads\/2020\/06\/cocina1-2.jpeg\" alt=\"\" title=\"\" data-id=\"452\"\/><\/figure><\/div><div class=\"wp-block-themeisle-blocks-slider-item-wrapper glide__slide\" tabindex=\"0\"><figure><img decoding=\"async\" class=\"wp-block-themeisle-blocks-slider-item\" src=\"http:\/\/coelloglobal.com\/wp-content\/uploads\/2020\/06\/comedor-2.jpeg\" alt=\"\" title=\"\" data-id=\"453\"\/><\/figure><\/div><div class=\"wp-block-themeisle-blocks-slider-item-wrapper glide__slide\" tabindex=\"0\"><figure><img decoding=\"async\" class=\"wp-block-themeisle-blocks-slider-item\" src=\"http:\/\/coelloglobal.com\/wp-content\/uploads\/2020\/06\/dormitorio-3-1.jpeg\" alt=\"\" title=\"\" data-id=\"454\"\/><\/figure><\/div><div class=\"wp-block-themeisle-blocks-slider-item-wrapper glide__slide\" tabindex=\"0\"><figure><img decoding=\"async\" class=\"wp-block-themeisle-blocks-slider-item\" src=\"http:\/\/coelloglobal.com\/wp-content\/uploads\/2020\/06\/dormitorio1-1.jpeg\" alt=\"\" title=\"\" data-id=\"455\"\/><\/figure><\/div><div class=\"wp-block-themeisle-blocks-slider-item-wrapper glide__slide\" tabindex=\"0\"><figure><img decoding=\"async\" class=\"wp-block-themeisle-blocks-slider-item\" src=\"http:\/\/coelloglobal.com\/wp-content\/uploads\/2020\/06\/dormitorio2-1.jpeg\" alt=\"\" title=\"\" data-id=\"456\"\/><\/figure><\/div><div class=\"wp-block-themeisle-blocks-slider-item-wrapper glide__slide\" tabindex=\"0\"><figure><img decoding=\"async\" class=\"wp-block-themeisle-blocks-slider-item\" src=\"http:\/\/coelloglobal.com\/wp-content\/uploads\/2020\/06\/dormitorio4-1.jpeg\" alt=\"\" title=\"\" data-id=\"457\"\/><\/figure><\/div><div class=\"wp-block-themeisle-blocks-slider-item-wrapper glide__slide\" tabindex=\"0\"><figure><img decoding=\"async\" class=\"wp-block-themeisle-blocks-slider-item\" src=\"http:\/\/coelloglobal.com\/wp-content\/uploads\/2020\/06\/dormitorio11.jpeg\" alt=\"\" title=\"\" data-id=\"458\"\/><\/figure><\/div><div class=\"wp-block-themeisle-blocks-slider-item-wrapper glide__slide\" tabindex=\"0\"><figure><img decoding=\"async\" class=\"wp-block-themeisle-blocks-slider-item\" src=\"http:\/\/coelloglobal.com\/wp-content\/uploads\/2020\/06\/ducha-1.jpeg\" alt=\"\" title=\"\" data-id=\"459\"\/><\/figure><\/div><div class=\"wp-block-themeisle-blocks-slider-item-wrapper glide__slide\" tabindex=\"0\"><figure><img decoding=\"async\" class=\"wp-block-themeisle-blocks-slider-item\" src=\"http:\/\/coelloglobal.com\/wp-content\/uploads\/2020\/06\/galeria.jpeg\" alt=\"\" title=\"\" data-id=\"460\"\/><\/figure><\/div><div class=\"wp-block-themeisle-blocks-slider-item-wrapper glide__slide\" tabindex=\"0\"><figure><img decoding=\"async\" class=\"wp-block-themeisle-blocks-slider-item\" src=\"http:\/\/coelloglobal.com\/wp-content\/uploads\/2020\/06\/galeria1.jpeg\" alt=\"\" title=\"\" data-id=\"461\"\/><\/figure><\/div><div class=\"wp-block-themeisle-blocks-slider-item-wrapper glide__slide\" tabindex=\"0\"><figure><img decoding=\"async\" class=\"wp-block-themeisle-blocks-slider-item\" src=\"http:\/\/coelloglobal.com\/wp-content\/uploads\/2020\/06\/pasillo-2.jpeg\" alt=\"\" title=\"\" data-id=\"462\"\/><\/figure><\/div><div class=\"wp-block-themeisle-blocks-slider-item-wrapper glide__slide\" tabindex=\"0\"><figure><img decoding=\"async\" class=\"wp-block-themeisle-blocks-slider-item\" src=\"http:\/\/coelloglobal.com\/wp-content\/uploads\/2020\/06\/pasillo2.jpeg\" alt=\"\" title=\"\" data-id=\"463\"\/><\/figure><\/div><div class=\"wp-block-themeisle-blocks-slider-item-wrapper glide__slide\" tabindex=\"0\"><figure><img decoding=\"async\" class=\"wp-block-themeisle-blocks-slider-item\" src=\"http:\/\/coelloglobal.com\/wp-content\/uploads\/2020\/06\/pasillo3.jpeg\" alt=\"\" title=\"\" data-id=\"464\"\/><\/figure><\/div><div class=\"wp-block-themeisle-blocks-slider-item-wrapper glide__slide\" tabindex=\"0\"><figure><img decoding=\"async\" class=\"wp-block-themeisle-blocks-slider-item\" src=\"http:\/\/coelloglobal.com\/wp-content\/uploads\/2020\/06\/patio.jpeg\" alt=\"\" title=\"\" data-id=\"465\"\/><\/figure><\/div><div class=\"wp-block-themeisle-blocks-slider-item-wrapper glide__slide\" tabindex=\"0\"><figure><img decoding=\"async\" class=\"wp-block-themeisle-blocks-slider-item\" src=\"http:\/\/coelloglobal.com\/wp-content\/uploads\/2020\/06\/planta-1.jpeg\" alt=\"\" title=\"\" data-id=\"466\"\/><\/figure><\/div><div class=\"wp-block-themeisle-blocks-slider-item-wrapper glide__slide\" tabindex=\"0\"><figure><img decoding=\"async\" class=\"wp-block-themeisle-blocks-slider-item\" src=\"http:\/\/coelloglobal.com\/wp-content\/uploads\/2020\/06\/planta.jpeg\" alt=\"\" title=\"\" data-id=\"467\"\/><\/figure><\/div><div class=\"wp-block-themeisle-blocks-slider-item-wrapper glide__slide\" tabindex=\"0\"><figure><img decoding=\"async\" class=\"wp-block-themeisle-blocks-slider-item\" src=\"http:\/\/coelloglobal.com\/wp-content\/uploads\/2020\/06\/salon-1.jpeg\" alt=\"\" title=\"\" data-id=\"468\"\/><\/figure><\/div><div class=\"wp-block-themeisle-blocks-slider-item-wrapper glide__slide\" tabindex=\"0\"><figure><img decoding=\"async\" class=\"wp-block-themeisle-blocks-slider-item\" src=\"http:\/\/coelloglobal.com\/wp-content\/uploads\/2020\/06\/salon1-1.jpeg\" alt=\"\" title=\"\" data-id=\"469\"\/><\/figure><\/div><div class=\"wp-block-themeisle-blocks-slider-item-wrapper glide__slide\" tabindex=\"0\"><figure><img decoding=\"async\" class=\"wp-block-themeisle-blocks-slider-item\" src=\"http:\/\/coelloglobal.com\/wp-content\/uploads\/2020\/06\/salon2.jpeg\" alt=\"\" title=\"\" data-id=\"470\"\/><\/figure><\/div><div class=\"wp-block-themeisle-blocks-slider-item-wrapper glide__slide\" tabindex=\"0\"><figure><img decoding=\"async\" class=\"wp-block-themeisle-blocks-slider-item\" src=\"http:\/\/coelloglobal.com\/wp-content\/uploads\/2020\/06\/salon3.jpeg\" alt=\"\" title=\"\" data-id=\"471\"\/><\/figure><\/div><div class=\"wp-block-themeisle-blocks-slider-item-wrapper glide__slide\" tabindex=\"0\"><figure><img decoding=\"async\" class=\"wp-block-themeisle-blocks-slider-item\" src=\"http:\/\/coelloglobal.com\/wp-content\/uploads\/2020\/06\/salon4.jpeg\" alt=\"\" title=\"\" data-id=\"472\"\/><\/figure><\/div><div class=\"wp-block-themeisle-blocks-slider-item-wrapper glide__slide\" tabindex=\"0\"><figure><img decoding=\"async\" class=\"wp-block-themeisle-blocks-slider-item\" src=\"http:\/\/coelloglobal.com\/wp-content\/uploads\/2020\/06\/salon5-1.jpeg\" alt=\"\" title=\"\" data-id=\"473\"\/><\/figure><\/div><div class=\"wp-block-themeisle-blocks-slider-item-wrapper glide__slide\" tabindex=\"0\"><figure><img decoding=\"async\" class=\"wp-block-themeisle-blocks-slider-item\" src=\"http:\/\/coelloglobal.com\/wp-content\/uploads\/2020\/06\/terraza.jpeg\" alt=\"\" title=\"\" data-id=\"474\"\/><\/figure><\/div><\/div><div class=\"glide__arrows\" data-glide-el=\"controls\"><button class=\"glide__arrow glide__arrow--left\" data-glide-dir=\"<\"><svg xmlns=\"http:\/\/www.w3.org\/2000\/svg\" width=\"18\" height=\"18\" viewbox=\"0 0 100 100\" role=\"img\" aria-hidden=\"true\" focusable=\"false\"><path d=\"M 10,50 L 60,100 L 70,90 L 30,50  L 70,10 L 60,0 Z\"><\/path><\/svg><\/button><button class=\"glide__arrow glide__arrow--right\" data-glide-dir=\"&gt;\"><svg xmlns=\"http:\/\/www.w3.org\/2000\/svg\" width=\"18\" height=\"18\" viewbox=\"0 0 100 100\" role=\"img\" aria-hidden=\"true\" focusable=\"false\"><path d=\"M 10,50 L 60,100 L 70,90 L 30,50  L 70,10 L 60,0 Z\"><\/path><\/svg><\/button><\/div><div class=\"glide__bullets\" data-glide-el=\"controls[nav]\"><button class=\"glide__bullet\" data-glide-dir=\"=0\"><\/button><button class=\"glide__bullet\" data-glide-dir=\"=1\"><\/button><button class=\"glide__bullet\" data-glide-dir=\"=2\"><\/button><button class=\"glide__bullet\" data-glide-dir=\"=3\"><\/button><button class=\"glide__bullet\" data-glide-dir=\"=4\"><\/button><button class=\"glide__bullet\" data-glide-dir=\"=5\"><\/button><button class=\"glide__bullet\" data-glide-dir=\"=6\"><\/button><button class=\"glide__bullet\" data-glide-dir=\"=7\"><\/button><button class=\"glide__bullet\" data-glide-dir=\"=8\"><\/button><button class=\"glide__bullet\" data-glide-dir=\"=9\"><\/button><button class=\"glide__bullet\" data-glide-dir=\"=10\"><\/button><button class=\"glide__bullet\" data-glide-dir=\"=11\"><\/button><button class=\"glide__bullet\" data-glide-dir=\"=12\"><\/button><button class=\"glide__bullet\" data-glide-dir=\"=13\"><\/button><button class=\"glide__bullet\" data-glide-dir=\"=14\"><\/button><button class=\"glide__bullet\" data-glide-dir=\"=15\"><\/button><button class=\"glide__bullet\" data-glide-dir=\"=16\"><\/button><button class=\"glide__bullet\" data-glide-dir=\"=17\"><\/button><button class=\"glide__bullet\" data-glide-dir=\"=18\"><\/button><button class=\"glide__bullet\" data-glide-dir=\"=19\"><\/button><button class=\"glide__bullet\" data-glide-dir=\"=20\"><\/button><button class=\"glide__bullet\" data-glide-dir=\"=21\"><\/button><button class=\"glide__bullet\" data-glide-dir=\"=22\"><\/button><button class=\"glide__bullet\" data-glide-dir=\"=23\"><\/button><button class=\"glide__bullet\" data-glide-dir=\"=24\"><\/button><button class=\"glide__bullet\" data-glide-dir=\"=25\"><\/button><button class=\"glide__bullet\" data-glide-dir=\"=26\"><\/button><button class=\"glide__bullet\" data-glide-dir=\"=27\"><\/button><button class=\"glide__bullet\" data-glide-dir=\"=28\"><\/button><button class=\"glide__bullet\" data-glide-dir=\"=29\"><\/button><\/div><\/div><\/div>\n\n\n\n<p>140 m2 &#8211; 3 Hab- Patio de 26 m2 &#8211; Cerca Metro Poble sec<\/p>\n\n\n\n<p>Piso en Venta de 140 m2 construidos y 114 m2 \u00fatiles, Es un piso bajos con un gran patio \/ Terraza muy soleada de 26 m2. El piso consta de 3 habitaciones, una de ellas doble con un vestidor y estudio\/despacho, comedor, sal\u00f3n con salida al patio\/ Terrza de 26 m2, cocina equipada con salida a una galer\u00eda, un gran ba\u00f1o con una \u00e1rea de ba\u00f1era muy amplia, una alacena. El piso tiene suelos de parquet, ventanas de aluminio doble cristal, puertas de madera blanca, calefacci\u00f3n, aire acondicionado.  El piso esta a 2 minutos de la parada de metro Poble Sec, cerca de la av. Paralel, cerca de Plaza Espa\u00f1a, cerca de parada de buses, supermercados, y muchos comercios. <\/p>\n\n\n\n<p><strong>CARACTER\u00cdSTICAS B\u00c1SICAS DEL INMUEBLE<\/strong><\/p>\n\n\n\n<ul class=\"wp-block-list\"><li>140 m\u00b2 &#8211; 115 m2 \u00fatiles <\/li><li>\u00b73 habitaciones ( una de ellas doble) <\/li><li>Cocina con salida a Galer\u00eda<\/li><li>Comedor<\/li><li>Sal\u00f3n con salida a un patio Terraza de 26 m2<\/li><li>Ba\u00f1o muy amplio<\/li><li>Alacena<\/li><li>Galer\u00eda<\/li><li>Patio Terraza de 26 m2<\/li><li>Planta baja <\/li><li>Orientaci\u00f3n sur <\/li><li>Finca con ascensor<\/li><li>Aire acondicionado<\/li><li>Calefacci\u00f3n <\/li><li>Parquet<\/li><li>Ventanas de aluminio <\/li><li>Puertas de madera blanca<\/li><li>Finca del a\u00f1o 1900 <\/li><li>Piso para entrar a vivir<\/li><\/ul>\n\n\n\n<p>Coello Global Financiamiento: Te proporcionamos asesoramiento financiero y te ayudamos a conseguir financiamiento para la adquisici\u00f3n de tu inmueble, para m\u00e1s informaci\u00f3n cont\u00e1ctanos.<\/p>\n","protected":false},"excerpt":{"rendered":"<p>140 m2 &#8211; 3 Hab- Patio de 26 m2 &#8211; Cerca Metro Poble sec Piso en Venta de 140 m2 construidos y 114 m2 \u00fatiles, Es un piso bajos con un gran patio \/ Terraza muy soleada de 26 m2. El piso consta de 3 habitaciones, una de ellas doble con un vestidor y estudio\/despacho, &hellip; <\/p>\n<p class=\"link-more\"><a href=\"https:\/\/coelloglobal.com\/index.php\/piso-en-venta-poble-sec-319-500-e\/\" class=\"more-link\">Continue reading<span class=\"screen-reader-text\"> &#8220;Piso en Venta Poble Sec &#8211; 319.500 \u20ac Ref: CG006&#8221;<\/span><\/a><\/p>\n","protected":false},"author":1,"featured_media":469,"parent":0,"menu_order":0,"comment_status":"closed","ping_status":"closed","template":"","meta":{"footnotes":""},"class_list":["post-444","page","type-page","status-publish","has-post-thumbnail","hentry"],"_links":{"self":[{"href":"https:\/\/coelloglobal.com\/index.php\/wp-json\/wp\/v2\/pages\/444","targetHints":{"allow":["GET"]}}],"collection":[{"href":"https:\/\/coelloglobal.com\/index.php\/wp-json\/wp\/v2\/pages"}],"about":[{"href":"https:\/\/coelloglobal.com\/index.php\/wp-json\/wp\/v2\/types\/page"}],"author":[{"embeddable":true,"href":"https:\/\/coelloglobal.com\/index.php\/wp-json\/wp\/v2\/users\/1"}],"replies":[{"embeddable":true,"href":"https:\/\/coelloglobal.com\/index.php\/wp-json\/wp\/v2\/comments?post=444"}],"version-history":[{"count":4,"href":"https:\/\/coelloglobal.com\/index.php\/wp-json\/wp\/v2\/pages\/444\/revisions"}],"predecessor-version":[{"id":3122,"href":"https:\/\/coelloglobal.com\/index.php\/wp-json\/wp\/v2\/pages\/444\/revisions\/3122"}],"wp:featuredmedia":[{"embeddable":true,"href":"https:\/\/coelloglobal.com\/index.php\/wp-json\/wp\/v2\/media\/469"}],"wp:attachment":[{"href":"https:\/\/coelloglobal.com\/index.php\/wp-json\/wp\/v2\/media?parent=444"}],"curies":[{"name":"wp","href":"https:\/\/api.w.org\/{rel}","templated":true}]}}