{"id":4478,"date":"2023-11-22T23:59:41","date_gmt":"2023-11-22T23:59:41","guid":{"rendered":"http:\/\/coelloglobal.com\/?page_id=4478"},"modified":"2023-11-23T00:13:15","modified_gmt":"2023-11-23T00:13:15","slug":"venta-piso-campo-mijas-malaga-668-000-e-ref-cg0093","status":"publish","type":"page","link":"https:\/\/coelloglobal.com\/index.php\/venta-piso-campo-mijas-malaga-668-000-e-ref-cg0093\/","title":{"rendered":"Venta Piso Campo Mijas- M\u00e1laga -668.000 \u20ac &#8211;\tREF: CG0093"},"content":{"rendered":"\n<div id=\"wp-block-themeisle-blocks-slider-b76923cc\" class=\"wp-block-themeisle-blocks-slider glide\" data-per-view=\"1\" data-gap=\"0\" data-peek=\"0\" data-autoplay=\"true\" data-height=\"400px\"><div class=\"glide__track\" data-glide-el=\"track\"><div class=\"glide__slides\"><div class=\"wp-block-themeisle-blocks-slider-item-wrapper glide__slide\" tabindex=\"0\"><figure><img decoding=\"async\" class=\"wp-block-themeisle-blocks-slider-item\" src=\"http:\/\/coelloglobal.com\/wp-content\/uploads\/2023\/11\/FOTO-1-4.jpg\" alt=\"\" title=\"\" data-id=\"4479\"\/><\/figure><\/div><div class=\"wp-block-themeisle-blocks-slider-item-wrapper glide__slide\" tabindex=\"0\"><figure><img decoding=\"async\" class=\"wp-block-themeisle-blocks-slider-item\" src=\"http:\/\/coelloglobal.com\/wp-content\/uploads\/2023\/11\/FOTO-2-10.jpg\" alt=\"\" title=\"\" data-id=\"4480\"\/><\/figure><\/div><div class=\"wp-block-themeisle-blocks-slider-item-wrapper glide__slide\" tabindex=\"0\"><figure><img decoding=\"async\" class=\"wp-block-themeisle-blocks-slider-item\" src=\"http:\/\/coelloglobal.com\/wp-content\/uploads\/2023\/11\/FOTO-3-13.jpg\" alt=\"\" title=\"\" data-id=\"4481\"\/><\/figure><\/div><div class=\"wp-block-themeisle-blocks-slider-item-wrapper glide__slide\" tabindex=\"0\"><figure><img decoding=\"async\" class=\"wp-block-themeisle-blocks-slider-item\" src=\"http:\/\/coelloglobal.com\/wp-content\/uploads\/2023\/11\/FOTO-4-10.jpg\" alt=\"\" title=\"\" data-id=\"4482\"\/><\/figure><\/div><div class=\"wp-block-themeisle-blocks-slider-item-wrapper glide__slide\" tabindex=\"0\"><figure><img decoding=\"async\" class=\"wp-block-themeisle-blocks-slider-item\" src=\"http:\/\/coelloglobal.com\/wp-content\/uploads\/2023\/11\/FOTO-5-10.jpg\" alt=\"\" title=\"\" data-id=\"4483\"\/><\/figure><\/div><div class=\"wp-block-themeisle-blocks-slider-item-wrapper glide__slide\" tabindex=\"0\"><figure><img decoding=\"async\" class=\"wp-block-themeisle-blocks-slider-item\" src=\"http:\/\/coelloglobal.com\/wp-content\/uploads\/2023\/11\/FOTO-6-10.jpg\" alt=\"\" title=\"\" data-id=\"4484\"\/><\/figure><\/div><\/div><div class=\"glide__arrows\" data-glide-el=\"controls\"><button class=\"glide__arrow glide__arrow--left\" data-glide-dir=\"<\"><svg xmlns=\"http:\/\/www.w3.org\/2000\/svg\" width=\"18\" height=\"18\" viewbox=\"0 0 100 100\" role=\"img\" aria-hidden=\"true\" focusable=\"false\"><path d=\"M 10,50 L 60,100 L 70,90 L 30,50  L 70,10 L 60,0 Z\"><\/path><\/svg><\/button><button class=\"glide__arrow glide__arrow--right\" data-glide-dir=\"&gt;\"><svg xmlns=\"http:\/\/www.w3.org\/2000\/svg\" width=\"18\" height=\"18\" viewbox=\"0 0 100 100\" role=\"img\" aria-hidden=\"true\" focusable=\"false\"><path d=\"M 10,50 L 60,100 L 70,90 L 30,50  L 70,10 L 60,0 Z\"><\/path><\/svg><\/button><\/div><div class=\"glide__bullets\" data-glide-el=\"controls[nav]\"><button class=\"glide__bullet\" data-glide-dir=\"=0\"><\/button><button class=\"glide__bullet\" data-glide-dir=\"=1\"><\/button><button class=\"glide__bullet\" data-glide-dir=\"=2\"><\/button><button class=\"glide__bullet\" data-glide-dir=\"=3\"><\/button><button class=\"glide__bullet\" data-glide-dir=\"=4\"><\/button><button class=\"glide__bullet\" data-glide-dir=\"=5\"><\/button><\/div><\/div><\/div>\n\n\n\n<p><strong>Venta\nPiso Campo Mijas- M\u00e1laga<\/strong><\/p>\n\n\n\n<p><strong>Residencia\nFairways La Cala Golf<\/strong><\/p>\n\n\n\n<p>Venta Piso Campo Mijas, 4 Piezas, 3 Dormitorios, 121\nM\u00b2, 668.000&nbsp;\u20ac<\/p>\n\n\n\n<ul class=\"wp-block-list\"><li><strong>REF: CG0093<\/strong><\/li><\/ul>\n\n\n\n<ul class=\"wp-block-list\"><li>668.000&nbsp;\u20ac<\/li><li>Piezas&nbsp;4 piezas<\/li><li>Superficie&nbsp;121 m\u00b2<\/li><li>Planta&nbsp;2\u00b0 Planta \/ 2<\/li><li>Vista&nbsp;Panor\u00e1mica Mar      Campo de golf<\/li><li>3 Dormitorios<\/li><li>1 Cocina<\/li><li>2 Cuartos de ba\u00f1o<\/li><li>1 Aseo<\/li><li>1 Aparcamiento interior<\/li><li>2 Terrazas&nbsp;65 m\u00b2<\/li><li>Cerca de Piscina p\u00fablica<\/li><li>Impuesto sobre Bienes      Inmuebles&nbsp;750 \u20ac \/ a\u00f1o<\/li><li>Prestaciones: Portero      autom\u00e1tico, Amueblado<\/li><\/ul>\n\n\n\n<p><strong><em>English\nVersion<\/em><\/strong><\/p>\n\n\n\n<p><strong>For Sale Apartment Campo Mijas- M\u00e1laga<\/strong><\/p>\n\n\n\n<p><strong>Residencia Fairways La Cala Golf<\/strong><\/p>\n\n\n\n<p>For Sale Apartment Campo\nMijas, 4 Rooms, 3 Bedrooms, 121 M\u00b2, \u20ac668,000<\/p>\n\n\n\n<ul class=\"wp-block-list\"><li><strong>REF: CG0093<\/strong><\/li><li>\u20ac668,000<\/li><\/ul>\n\n\n\n<ul class=\"wp-block-list\"><li>Rooms&nbsp;4 rooms<\/li><li>Area&nbsp;121 m\u00b2<\/li><li>Floor&nbsp;2nd floor \/ 2<\/li><li>View&nbsp;Panoramic Sea Golf<\/li><li>3 Bedrooms<\/li><li>1 Kitchen<\/li><li>2 Bathrooms<\/li><li>1 Lavatory<\/li><li>1 Indoor parking<\/li><li>2 Terraces&nbsp;65 m\u00b2<\/li><li>Proximities: Public pool<\/li><li>Land value tax&nbsp;750 \u20ac \/\n     year<\/li><li>Services: Intercom,\n     Furnished<\/li><\/ul>\n\n\n\n<p><strong><em>Version Fran\u00e7ais<\/em><\/strong><\/p>\n\n\n\n<p><strong>\u00c1\nvendre Appartement Campo Mijas- M\u00e1laga<\/strong><\/p>\n\n\n\n<p><strong>Residencia\nFairways La Cala Golf<\/strong><\/p>\n\n\n\n<p>\u00c1 vendre Appartement Campo Mijas, 4 Pi\u00e8ces, 3\nChambres, 121 M\u00b2, 668\u202f000&nbsp;\u20ac<\/p>\n\n\n\n<ul class=\"wp-block-list\"><li><strong>REF: CG0093<\/strong><\/li><\/ul>\n\n\n\n<ul class=\"wp-block-list\"><li>668\u202f000&nbsp;\u20ac<\/li><li>Pi\u00e8ces&nbsp;4 pi\u00e8ces<\/li><li>Surface&nbsp;121 m\u00b2<\/li><li>\u00c9tage&nbsp;2\u00e8me \u00e9tage \/ 2<\/li><li>Vue&nbsp;Panoramique Mer\n     Golf<\/li><li>3 Chambres<\/li><li>1 Cuisine&nbsp;Am\u00e9nag\u00e9e\n     Am\u00e9ricaine<\/li><li>2 Salles de bains<\/li><li>1 Toilettes<\/li><li>1 Parking int\u00e9rieur<\/li><li>2 Terrasses&nbsp;65 m\u00b2<\/li><li>Proximit\u00e9s: Piscine publique<\/li><li>Taxe fonci\u00e8re&nbsp;750 \u20ac \/\n     an<\/li><li>Prestations: Interphone,\n     Meubl\u00e9<\/li><\/ul>\n\n\n\n<div class=\"wp-block-themeisle-blocks-advanced-columns has-undefined-columns has-desktop-undefined-layout has-tablet-equal-layout has-mobile-equal-layout has-default-gap has-vertical-unset\" id=\"wp-block-themeisle-blocks-advanced-columns-bf618adf\"><div class=\"wp-block-themeisle-blocks-advanced-columns-overlay\"><\/div><div class=\"innerblocks-wrap\"><\/div><\/div>\n","protected":false},"excerpt":{"rendered":"<p>Venta Piso Campo Mijas- M\u00e1laga Residencia Fairways La Cala Golf Venta Piso Campo Mijas, 4 Piezas, 3 Dormitorios, 121 M\u00b2, 668.000&nbsp;\u20ac REF: CG0093 668.000&nbsp;\u20ac Piezas&nbsp;4 piezas Superficie&nbsp;121 m\u00b2 Planta&nbsp;2\u00b0 Planta \/ 2 Vista&nbsp;Panor\u00e1mica Mar Campo de golf 3 Dormitorios 1 Cocina 2 Cuartos de ba\u00f1o 1 Aseo 1 Aparcamiento interior 2 Terrazas&nbsp;65 m\u00b2 Cerca de &hellip; <\/p>\n<p class=\"link-more\"><a href=\"https:\/\/coelloglobal.com\/index.php\/venta-piso-campo-mijas-malaga-668-000-e-ref-cg0093\/\" class=\"more-link\">Continue reading<span class=\"screen-reader-text\"> &#8220;Venta Piso Campo Mijas- M\u00e1laga -668.000 \u20ac &#8211;\tREF: CG0093&#8221;<\/span><\/a><\/p>\n","protected":false},"author":1,"featured_media":4483,"parent":0,"menu_order":0,"comment_status":"closed","ping_status":"closed","template":"","meta":{"footnotes":""},"class_list":["post-4478","page","type-page","status-publish","has-post-thumbnail","hentry"],"_links":{"self":[{"href":"https:\/\/coelloglobal.com\/index.php\/wp-json\/wp\/v2\/pages\/4478","targetHints":{"allow":["GET"]}}],"collection":[{"href":"https:\/\/coelloglobal.com\/index.php\/wp-json\/wp\/v2\/pages"}],"about":[{"href":"https:\/\/coelloglobal.com\/index.php\/wp-json\/wp\/v2\/types\/page"}],"author":[{"embeddable":true,"href":"https:\/\/coelloglobal.com\/index.php\/wp-json\/wp\/v2\/users\/1"}],"replies":[{"embeddable":true,"href":"https:\/\/coelloglobal.com\/index.php\/wp-json\/wp\/v2\/comments?post=4478"}],"version-history":[{"count":2,"href":"https:\/\/coelloglobal.com\/index.php\/wp-json\/wp\/v2\/pages\/4478\/revisions"}],"predecessor-version":[{"id":4491,"href":"https:\/\/coelloglobal.com\/index.php\/wp-json\/wp\/v2\/pages\/4478\/revisions\/4491"}],"wp:featuredmedia":[{"embeddable":true,"href":"https:\/\/coelloglobal.com\/index.php\/wp-json\/wp\/v2\/media\/4483"}],"wp:attachment":[{"href":"https:\/\/coelloglobal.com\/index.php\/wp-json\/wp\/v2\/media?parent=4478"}],"curies":[{"name":"wp","href":"https:\/\/api.w.org\/{rel}","templated":true}]}}